{"id":5096,"date":"2025-03-12T03:31:27","date_gmt":"2025-03-12T03:31:27","guid":{"rendered":"https:\/\/vapingnet.de\/?post_type=product&#038;p=5096"},"modified":"2025-06-19T03:42:03","modified_gmt":"2025-06-19T03:42:03","slug":"bang-king-digital-15000-puffs-triple-fruit-ein-traum-fuer-alle-fruchtfans","status":"publish","type":"product","link":"https:\/\/vapingnet.de\/sk\/vape\/bang-king-digital-15000-puffs-triple-fruit-ein-traum-fuer-alle-fruchtfans\/","title":{"rendered":"Bang King Digital 15000 Pufov Trojzrnkov\u00e1 Fant\u00e1zia pre v\u0161etk\u00fdch milovn\u00edkov ovocia"},"content":{"rendered":"<h2 data-start=\"0\" data-end=\"110\">Bang King Digital 15000 Puffs: Najlep\u0161\u00ed jednorazov\u00fd vapingov\u00fd z\u00e1\u017eitok, ktor\u00fd prekon\u00e1 va\u0161e o\u010dak\u00e1vania<\/h2>\n<p data-start=\"112\" data-end=\"492\">Ak h\u013ead\u00e1te model e-cigarety, ktor\u00fd pon\u00faka nielen dlh\u00fa dobu pou\u017e\u00edvania, ale aj bohat\u00fa chu\u0165 a jedine\u010dn\u00fd dizajn, potom je <a href=\"https:\/\/vapingnet.de\/sk\/bang-king-digital-15000-puffs\/\" target=\"_blank\" rel=\"noopener\"><strong>Bang King Digit\u00e1lny 15000 Pufov<\/strong><\/a> ide\u00e1lnou vo\u013ebou pre v\u00e1s! S jeho pokro\u010dilou technol\u00f3giou a atrakt\u00edvnymi funkciami spln\u00ed v\u0161etky va\u0161e po\u017eiadavky na kvalitn\u00fa e-cigaretu.<\/p>\n<h4 data-start=\"494\" data-end=\"534\">Preh\u013ead hlavn\u00fdch v\u00fdhod:<\/h4>\n<ul data-start=\"536\" data-end=\"1865\">\n<li data-start=\"536\" data-end=\"762\">\n<p data-start=\"538\" data-end=\"762\">Extr\u00e9mne dlh\u00e1 doba pou\u017e\u00edvania: 15 000 \u0165ahov, spojen\u00fdch s 25 ml e-liquidu a dob\u00edjate\u013enou bat\u00e9riou 650 mAh, v\u00e1m umo\u017en\u00ed zabudn\u00fa\u0165 na neust\u00e1lu v\u00fdmenu a nab\u00edjanie \u2013 pre dlhodob\u00fd z\u00e1\u017eitok.<\/p>\n<\/li>\n<li data-start=\"764\" data-end=\"1026\">\n<p data-start=\"766\" data-end=\"1026\">Rozmanit\u00fd v\u00fdber chut\u00ed: Triple Fruit chu\u0165 kombinuje \u010derstv\u00e9 ovocn\u00e9 ar\u00f3my a prirodzen\u00fa sladkos\u0165 dokonale a pri ka\u017edom \u0165ahu pon\u00faka \u017eiv\u00fd, viacrozmern\u00fd chu\u0165ov\u00fd z\u00e1\u017eitok, ktor\u00fd je ide\u00e1lny pre t\u00fdch, ktor\u00ed h\u013eadaj\u00fa rozmanitos\u0165.<\/p>\n<\/li>\n<li data-start=\"1028\" data-end=\"1276\">\n<p data-start=\"1030\" data-end=\"1276\">RGB sveteln\u00e9 efekty: Pri ka\u017edom \u0165ahu sa rozsvieti RGB svetlo, ktor\u00e9 nielen\u017ee p\u00f4sob\u00ed vizu\u00e1lne p\u00f4sobivo, ale aj zd\u00f4raz\u0148uje va\u0161u osobnos\u0165. Prid\u00e1va v\u00e1\u0161mu vapingov\u00e9mu z\u00e1\u017eitku modern\u00fd a \u0161t\u00fdlov\u00fd n\u00e1dych, ktor\u00fd sa hod\u00ed na ka\u017ed\u00fa pr\u00edle\u017eitos\u0165.<\/p>\n<\/li>\n<li data-start=\"1278\" data-end=\"1463\">\n<p data-start=\"1280\" data-end=\"1463\">R\u00fdchlonab\u00edjac\u00ed konektor Type-C: Nab\u00edjanie pomocou konektora Type-C je r\u00fdchle a efekt\u00edvne, tak\u017ee m\u00f4\u017eete kedyko\u013evek a kdeko\u013evek pokra\u010dova\u0165 vo svojom vapingovom z\u00e1\u017eitku.<\/p>\n<\/li>\n<li data-start=\"1465\" data-end=\"1686\">\n<p data-start=\"1467\" data-end=\"1686\">R\u00f4zne \u00farovne nikot\u00ednu: Vyberte si medzi 0%, 2%, 3% alebo 5% nikot\u00ednom, aby ste vyhoveli svojim potreb\u00e1m. Obzvl\u00e1\u0161\u0165 varianty 0% a 3% je mo\u017en\u00e9 objedna\u0165 pri ve\u013ek\u00fdch objedn\u00e1vkach.<\/p>\n<\/li>\n<li data-start=\"1688\" data-end=\"1865\">\n<p data-start=\"1690\" data-end=\"1865\">\u017diadne clo: Bez oh\u013eadu na to, kde sa nach\u00e1dzate, n\u00e1kup tejto e-cigarety je \u00faplne <a href=\"https:\/\/vapingnet.de\/sk\/k\/f\/\" target=\"_blank\" rel=\"noopener\"><strong>bez cla<\/strong><\/a>, tak\u017ee si m\u00f4\u017eete vychutna\u0165 v\u0161etky v\u00fdhody bezprobl\u00e9mov\u00e9ho n\u00e1kupu.<\/p>\n<\/li>\n<\/ul>\n<h3 data-start=\"1872\" data-end=\"1917\">Pre koho je tento produkt vhodn\u00fd?<\/h3>\n<ul data-start=\"1919\" data-end=\"2714\">\n<li data-start=\"1919\" data-end=\"2128\">\n<p data-start=\"1921\" data-end=\"2128\">Dlhodob\u00ed pou\u017e\u00edvatelia: Ak nem\u00e1te radi \u010dast\u00fa v\u00fdmenu alebo dop\u013a\u0148anie, Bang King Digital 15000 Puffs s jeho <a href=\"https:\/\/vapingnet.de\/sk\/k\/vape-15000-zuege\/\" target=\"_blank\" rel=\"noopener\"><strong>15 000 \u0165ahmi <\/strong><\/a>pon\u00faka trv\u00e1cne rie\u0161enie pre va\u0161e ka\u017edodenn\u00e9 potreby.<\/p>\n<\/li>\n<li data-start=\"2132\" data-end=\"2328\">\n<p data-start=\"2134\" data-end=\"2328\">H\u013eada\u010di chuti: Ak kladiete vysok\u00e9 n\u00e1roky na chu\u0165 a chcete za\u017ei\u0165 \u010derstv\u00fa, sladk\u00fa ovocn\u00fa zmes, Triple Fruit chu\u0165 va\u0161e o\u010dak\u00e1vania prekon\u00e1.<\/p>\n<\/li>\n<li data-start=\"2330\" data-end=\"2523\">\n<p data-start=\"2332\" data-end=\"2523\">M\u00f3dne uvedomel\u00ed vaperi: RGB sveteln\u00e9 efekty robia e-cigaretu nielen praktick\u00fdm zariaden\u00edm, ale aj m\u00f3dnym vyhl\u00e1sen\u00edm. V ka\u017edej situ\u00e1cii budete stredobodom pozornosti.<\/p>\n<\/li>\n<li data-start=\"2525\" data-end=\"2714\">\n<p data-start=\"2527\" data-end=\"2714\">Flexibiln\u00e1 vo\u013eba nikot\u00ednu: \u010ci u\u017e sa \u00faplne vzd\u00e1te nikot\u00ednu alebo uprednost\u0148ujete stredn\u00fa a\u017e vysok\u00fa nikot\u00ednov\u00fa silu, Bang King Digital v\u00e1m pon\u00faka dokonal\u00fa vo\u013ebu.<\/p>\n<\/li>\n<\/ul>\n<h3 data-start=\"2721\" data-end=\"2751\">Pre\u010do nakupova\u0165 u n\u00e1s?<\/h3>\n<ul data-start=\"2753\" data-end=\"3279\">\n<li data-start=\"2936\" data-end=\"3071\">\n<p data-start=\"2938\" data-end=\"3071\">\u017diadne clo: Pon\u00fakame ti bezcoln\u00fd n\u00e1kupn\u00fd z\u00e1\u017eitok, tak\u017ee sa nemus\u00ed\u0161 stara\u0165 o \u010fal\u0161ie n\u00e1klady.<\/p>\n<\/li>\n<li data-start=\"3073\" data-end=\"3279\">\n<p data-start=\"3075\" data-end=\"3279\">Spo\u013eahliv\u00e1 kvalita zna\u010dky: Ako jedna z popredn\u00fdch zna\u010diek na trhu si Bang King vybudoval vynikaj\u00facu poves\u0165, ktor\u00e1 predstavuje inovat\u00edvny dizajn a prvotriednu kvalitu.<\/p>\n<\/li>\n<\/ul>\n<p>Vyu\u017ei\u0165 teraz!<\/p>\n<p data-start=\"3313\" data-end=\"3622\" data-is-last-node=\"\" data-is-only-node=\"\">Nav\u0161t\u00edvte e\u0161te dnes webov\u00fa str\u00e1nku vapingnet.de, aby ste si objednali ohromuj\u00faci Bang King Digital 15000 Puffs! Bezcoln\u00e9, r\u00fdchle doru\u010denie a dlh\u00e1 \u017eivotnos\u0165 \u2013 t\u00e1to e-cigareta posunie va\u0161e vapingov\u00e9 z\u00e1\u017eitky na nov\u00fa \u00farove\u0148. Objednajte teraz a za\u010dnite svoje nov\u00e9 dobrodru\u017estvo!<\/p>","protected":false},"excerpt":{"rendered":"<p>Bang King Digital 15000 Puffs: Das ultimative Einweg-Vaping-Erlebnis, das deine Erwartungen \u00fcbertrifft Wenn du auf der Suche nach einem E-Zigaretten-Modell bist, das nicht nur lange&#8230;<\/p>","protected":false},"featured_media":5097,"template":"","meta":[],"etheme_brands":[],"product_brand":[101],"product_cat":[53,49,61],"product_tag":[],"class_list":{"0":"post-5096","1":"product","2":"type-product","3":"status-publish","4":"has-post-thumbnail","6":"product_brand-bang-king-vape","7":"product_cat-vape-15000-zuege","8":"product_cat-einweg-e-zigarette","9":"product_cat-f","11":"first","12":"instock","13":"shipping-taxable","14":"purchasable","15":"product-type-simple"},"yoast_head":"<!-- This site is optimized with the Yoast SEO plugin v26.5 - https:\/\/yoast.com\/wordpress\/plugins\/seo\/ -->\n<title>Bang King Digital 15000 Puffs Triple Fruit Ein Traum f\u00fcr alle Fruchtfans | Vapingnet.de<\/title>\n<meta name=\"description\" content=\"Entdecke Bang King Digital 15000 Puffs Triple Fruit Ein Traum f\u00fcr alle Fruchtfans bei vapingnet.de, \u25ba Gro\u00dfe Auswahl an Geschmacksrichtungen &amp; super g\u00fcnstig!\" \/>\n<meta name=\"robots\" content=\"index, follow, max-snippet:-1, max-image-preview:large, max-video-preview:-1\" \/>\n<link rel=\"canonical\" href=\"https:\/\/vapingnet.de\/sk\/vape\/bang-king-digital-15000-puffs-triple-fruit-ein-traum-fuer-alle-fruchtfans\/\" \/>\n<meta property=\"og:locale\" content=\"sk_SK\" \/>\n<meta property=\"og:type\" content=\"article\" \/>\n<meta property=\"og:title\" content=\"Bang King Digital 15000 Puffs Triple Fruit Ein Traum f\u00fcr alle Fruchtfans | Vapingnet.de\" \/>\n<meta property=\"og:description\" content=\"Entdecke Bang King Digital 15000 Puffs Triple Fruit Ein Traum f\u00fcr alle Fruchtfans bei vapingnet.de, \u25ba Gro\u00dfe Auswahl an Geschmacksrichtungen &amp; super g\u00fcnstig!\" \/>\n<meta property=\"og:url\" content=\"https:\/\/vapingnet.de\/sk\/vape\/bang-king-digital-15000-puffs-triple-fruit-ein-traum-fuer-alle-fruchtfans\/\" \/>\n<meta property=\"og:site_name\" content=\"Vapingnet.de\" \/>\n<meta property=\"article:publisher\" content=\"https:\/\/www.facebook.com\/vapingnetde\/\" \/>\n<meta property=\"article:modified_time\" content=\"2025-06-19T03:42:03+00:00\" \/>\n<meta property=\"og:image\" content=\"https:\/\/vapingnet.de\/wp-content\/uploads\/2025\/03\/Triple-FAUIT.png\" \/>\n\t<meta property=\"og:image:width\" content=\"900\" \/>\n\t<meta property=\"og:image:height\" content=\"600\" \/>\n\t<meta property=\"og:image:type\" content=\"image\/png\" \/>\n<meta name=\"twitter:card\" content=\"summary_large_image\" \/>\n<meta name=\"twitter:label1\" content=\"Est. reading time\" \/>\n\t<meta name=\"twitter:data1\" content=\"3 minutes\" \/>\n<script type=\"application\/ld+json\" class=\"yoast-schema-graph\">{\"@context\":\"https:\/\/schema.org\",\"@graph\":[{\"@type\":\"WebPage\",\"@id\":\"https:\/\/vapingnet.de\/vape\/bang-king-digital-15000-puffs-triple-fruit-ein-traum-fuer-alle-fruchtfans\/\",\"url\":\"https:\/\/vapingnet.de\/vape\/bang-king-digital-15000-puffs-triple-fruit-ein-traum-fuer-alle-fruchtfans\/\",\"name\":\"Bang King Digital 15000 Puffs Triple Fruit Ein Traum f\u00fcr alle Fruchtfans | Vapingnet.de\",\"isPartOf\":{\"@id\":\"https:\/\/vapingnet.de\/#website\"},\"primaryImageOfPage\":{\"@id\":\"https:\/\/vapingnet.de\/vape\/bang-king-digital-15000-puffs-triple-fruit-ein-traum-fuer-alle-fruchtfans\/#primaryimage\"},\"image\":{\"@id\":\"https:\/\/vapingnet.de\/vape\/bang-king-digital-15000-puffs-triple-fruit-ein-traum-fuer-alle-fruchtfans\/#primaryimage\"},\"thumbnailUrl\":\"https:\/\/vapingnet.de\/wp-content\/uploads\/2025\/03\/Triple-FAUIT.png\",\"datePublished\":\"2025-03-12T03:31:27+00:00\",\"dateModified\":\"2025-06-19T03:42:03+00:00\",\"description\":\"Entdecke Bang King Digital 15000 Puffs Triple Fruit Ein Traum f\u00fcr alle Fruchtfans bei vapingnet.de, \u25ba Gro\u00dfe Auswahl an Geschmacksrichtungen & super g\u00fcnstig!\",\"breadcrumb\":{\"@id\":\"https:\/\/vapingnet.de\/vape\/bang-king-digital-15000-puffs-triple-fruit-ein-traum-fuer-alle-fruchtfans\/#breadcrumb\"},\"inLanguage\":\"sk-SK\",\"potentialAction\":[{\"@type\":\"ReadAction\",\"target\":[\"https:\/\/vapingnet.de\/vape\/bang-king-digital-15000-puffs-triple-fruit-ein-traum-fuer-alle-fruchtfans\/\"]}]},{\"@type\":\"ImageObject\",\"inLanguage\":\"sk-SK\",\"@id\":\"https:\/\/vapingnet.de\/vape\/bang-king-digital-15000-puffs-triple-fruit-ein-traum-fuer-alle-fruchtfans\/#primaryimage\",\"url\":\"https:\/\/vapingnet.de\/wp-content\/uploads\/2025\/03\/Triple-FAUIT.png\",\"contentUrl\":\"https:\/\/vapingnet.de\/wp-content\/uploads\/2025\/03\/Triple-FAUIT.png\",\"width\":900,\"height\":600,\"caption\":\"Triple FAUIT\"},{\"@type\":\"BreadcrumbList\",\"@id\":\"https:\/\/vapingnet.de\/vape\/bang-king-digital-15000-puffs-triple-fruit-ein-traum-fuer-alle-fruchtfans\/#breadcrumb\",\"itemListElement\":[{\"@type\":\"ListItem\",\"position\":1,\"name\":\"Home\",\"item\":\"https:\/\/vapingnet.de\/\"},{\"@type\":\"ListItem\",\"position\":2,\"name\":\"Shop\",\"item\":\"https:\/\/vapingnet.de\/vape\/\"},{\"@type\":\"ListItem\",\"position\":3,\"name\":\"Bang King Digital 15000 Puffs Triple Fruit Ein Traum f\u00fcr alle Fruchtfans\"}]},{\"@type\":\"WebSite\",\"@id\":\"https:\/\/vapingnet.de\/#website\",\"url\":\"https:\/\/vapingnet.de\/\",\"name\":\"Vapingnet.de\",\"description\":\"\",\"publisher\":{\"@id\":\"https:\/\/vapingnet.de\/#organization\"},\"potentialAction\":[{\"@type\":\"SearchAction\",\"target\":{\"@type\":\"EntryPoint\",\"urlTemplate\":\"https:\/\/vapingnet.de\/?s={search_term_string}\"},\"query-input\":{\"@type\":\"PropertyValueSpecification\",\"valueRequired\":true,\"valueName\":\"search_term_string\"}}],\"inLanguage\":\"sk-SK\"},{\"@type\":\"Organization\",\"@id\":\"https:\/\/vapingnet.de\/#organization\",\"name\":\"Vapingnet.de\",\"url\":\"https:\/\/vapingnet.de\/\",\"logo\":{\"@type\":\"ImageObject\",\"inLanguage\":\"sk-SK\",\"@id\":\"https:\/\/vapingnet.de\/#\/schema\/logo\/image\/\",\"url\":\"https:\/\/vapingnet.de\/wp-content\/uploads\/2025\/03\/cropped-vapingnet.de_.jpg\",\"contentUrl\":\"https:\/\/vapingnet.de\/wp-content\/uploads\/2025\/03\/cropped-vapingnet.de_.jpg\",\"width\":512,\"height\":512,\"caption\":\"Vapingnet.de\"},\"image\":{\"@id\":\"https:\/\/vapingnet.de\/#\/schema\/logo\/image\/\"},\"sameAs\":[\"https:\/\/www.facebook.com\/vapingnetde\/\"]}]}<\/script>\n<!-- \/ Yoast SEO plugin. -->","yoast_head_json":{"title":"Bang King Digital 15000 Puffs Triple Fruit Ein Traum f\u00fcr alle Fruchtfans | Vapingnet.de","description":"Entdecke Bang King Digital 15000 Puffs Triple Fruit Ein Traum f\u00fcr alle Fruchtfans bei vapingnet.de, \u25ba Gro\u00dfe Auswahl an Geschmacksrichtungen & super g\u00fcnstig!","robots":{"index":"index","follow":"follow","max-snippet":"max-snippet:-1","max-image-preview":"max-image-preview:large","max-video-preview":"max-video-preview:-1"},"canonical":"https:\/\/vapingnet.de\/sk\/vape\/bang-king-digital-15000-puffs-triple-fruit-ein-traum-fuer-alle-fruchtfans\/","og_locale":"sk_SK","og_type":"article","og_title":"Bang King Digital 15000 Puffs Triple Fruit Ein Traum f\u00fcr alle Fruchtfans | Vapingnet.de","og_description":"Entdecke Bang King Digital 15000 Puffs Triple Fruit Ein Traum f\u00fcr alle Fruchtfans bei vapingnet.de, \u25ba Gro\u00dfe Auswahl an Geschmacksrichtungen & super g\u00fcnstig!","og_url":"https:\/\/vapingnet.de\/sk\/vape\/bang-king-digital-15000-puffs-triple-fruit-ein-traum-fuer-alle-fruchtfans\/","og_site_name":"Vapingnet.de","article_publisher":"https:\/\/www.facebook.com\/vapingnetde\/","article_modified_time":"2025-06-19T03:42:03+00:00","og_image":[{"width":900,"height":600,"url":"https:\/\/vapingnet.de\/wp-content\/uploads\/2025\/03\/Triple-FAUIT.png","type":"image\/png"}],"twitter_card":"summary_large_image","twitter_misc":{"Est. reading time":"3 minutes"},"schema":{"@context":"https:\/\/schema.org","@graph":[{"@type":"WebPage","@id":"https:\/\/vapingnet.de\/vape\/bang-king-digital-15000-puffs-triple-fruit-ein-traum-fuer-alle-fruchtfans\/","url":"https:\/\/vapingnet.de\/vape\/bang-king-digital-15000-puffs-triple-fruit-ein-traum-fuer-alle-fruchtfans\/","name":"Bang King Digital 15000 Puffs Triple Fruit Ein Traum f\u00fcr alle Fruchtfans | Vapingnet.de","isPartOf":{"@id":"https:\/\/vapingnet.de\/#website"},"primaryImageOfPage":{"@id":"https:\/\/vapingnet.de\/vape\/bang-king-digital-15000-puffs-triple-fruit-ein-traum-fuer-alle-fruchtfans\/#primaryimage"},"image":{"@id":"https:\/\/vapingnet.de\/vape\/bang-king-digital-15000-puffs-triple-fruit-ein-traum-fuer-alle-fruchtfans\/#primaryimage"},"thumbnailUrl":"https:\/\/vapingnet.de\/wp-content\/uploads\/2025\/03\/Triple-FAUIT.png","datePublished":"2025-03-12T03:31:27+00:00","dateModified":"2025-06-19T03:42:03+00:00","description":"Entdecke Bang King Digital 15000 Puffs Triple Fruit Ein Traum f\u00fcr alle Fruchtfans bei vapingnet.de, \u25ba Gro\u00dfe Auswahl an Geschmacksrichtungen & super g\u00fcnstig!","breadcrumb":{"@id":"https:\/\/vapingnet.de\/vape\/bang-king-digital-15000-puffs-triple-fruit-ein-traum-fuer-alle-fruchtfans\/#breadcrumb"},"inLanguage":"sk-SK","potentialAction":[{"@type":"ReadAction","target":["https:\/\/vapingnet.de\/vape\/bang-king-digital-15000-puffs-triple-fruit-ein-traum-fuer-alle-fruchtfans\/"]}]},{"@type":"ImageObject","inLanguage":"sk-SK","@id":"https:\/\/vapingnet.de\/vape\/bang-king-digital-15000-puffs-triple-fruit-ein-traum-fuer-alle-fruchtfans\/#primaryimage","url":"https:\/\/vapingnet.de\/wp-content\/uploads\/2025\/03\/Triple-FAUIT.png","contentUrl":"https:\/\/vapingnet.de\/wp-content\/uploads\/2025\/03\/Triple-FAUIT.png","width":900,"height":600,"caption":"Triple FAUIT"},{"@type":"BreadcrumbList","@id":"https:\/\/vapingnet.de\/vape\/bang-king-digital-15000-puffs-triple-fruit-ein-traum-fuer-alle-fruchtfans\/#breadcrumb","itemListElement":[{"@type":"ListItem","position":1,"name":"Home","item":"https:\/\/vapingnet.de\/"},{"@type":"ListItem","position":2,"name":"Shop","item":"https:\/\/vapingnet.de\/vape\/"},{"@type":"ListItem","position":3,"name":"Bang King Digital 15000 Puffs Triple Fruit Ein Traum f\u00fcr alle Fruchtfans"}]},{"@type":"WebSite","@id":"https:\/\/vapingnet.de\/#website","url":"https:\/\/vapingnet.de\/","name":"Vapingnet.de","description":"","publisher":{"@id":"https:\/\/vapingnet.de\/#organization"},"potentialAction":[{"@type":"SearchAction","target":{"@type":"EntryPoint","urlTemplate":"https:\/\/vapingnet.de\/?s={search_term_string}"},"query-input":{"@type":"PropertyValueSpecification","valueRequired":true,"valueName":"search_term_string"}}],"inLanguage":"sk-SK"},{"@type":"Organization","@id":"https:\/\/vapingnet.de\/#organization","name":"Vapingnet.de","url":"https:\/\/vapingnet.de\/","logo":{"@type":"ImageObject","inLanguage":"sk-SK","@id":"https:\/\/vapingnet.de\/#\/schema\/logo\/image\/","url":"https:\/\/vapingnet.de\/wp-content\/uploads\/2025\/03\/cropped-vapingnet.de_.jpg","contentUrl":"https:\/\/vapingnet.de\/wp-content\/uploads\/2025\/03\/cropped-vapingnet.de_.jpg","width":512,"height":512,"caption":"Vapingnet.de"},"image":{"@id":"https:\/\/vapingnet.de\/#\/schema\/logo\/image\/"},"sameAs":["https:\/\/www.facebook.com\/vapingnetde\/"]}]}},"tiered_pricing_type":"fixed","tiered_pricing_fixed_rules":{"10":"6.83","60":"6.15","110":"5.46","200":"4.78"},"tiered_pricing_product_settings":{"layout":"default","base_unit_name":{"singular":null,"plural":null},"default_variation":null},"tiered_pricing_minimum_quantity":null,"tiered_pricing_roles_data":[],"tiered_pricing_percentage_rules":[],"_links":{"self":[{"href":"https:\/\/vapingnet.de\/sk\/wp-json\/wp\/v2\/product\/5096","targetHints":{"allow":["GET"]}}],"collection":[{"href":"https:\/\/vapingnet.de\/sk\/wp-json\/wp\/v2\/product"}],"about":[{"href":"https:\/\/vapingnet.de\/sk\/wp-json\/wp\/v2\/types\/product"}],"version-history":[{"count":3,"href":"https:\/\/vapingnet.de\/sk\/wp-json\/wp\/v2\/product\/5096\/revisions"}],"predecessor-version":[{"id":6312,"href":"https:\/\/vapingnet.de\/sk\/wp-json\/wp\/v2\/product\/5096\/revisions\/6312"}],"wp:featuredmedia":[{"embeddable":true,"href":"https:\/\/vapingnet.de\/sk\/wp-json\/wp\/v2\/media\/5097"}],"wp:attachment":[{"href":"https:\/\/vapingnet.de\/sk\/wp-json\/wp\/v2\/media?parent=5096"}],"wp:term":[{"taxonomy":"brand","embeddable":true,"href":"https:\/\/vapingnet.de\/sk\/wp-json\/wp\/v2\/etheme_brands?post=5096"},{"taxonomy":"product_brand","embeddable":true,"href":"https:\/\/vapingnet.de\/sk\/wp-json\/wp\/v2\/product_brand?post=5096"},{"taxonomy":"product_cat","embeddable":true,"href":"https:\/\/vapingnet.de\/sk\/wp-json\/wp\/v2\/product_cat?post=5096"},{"taxonomy":"product_tag","embeddable":true,"href":"https:\/\/vapingnet.de\/sk\/wp-json\/wp\/v2\/product_tag?post=5096"}],"curies":[{"name":"wp","href":"https:\/\/api.w.org\/{rel}","templated":true}]}}