{"id":5099,"date":"2025-03-12T03:41:54","date_gmt":"2025-03-12T03:41:54","guid":{"rendered":"https:\/\/vapingnet.de\/?post_type=product&#038;p=5099"},"modified":"2026-03-12T08:36:19","modified_gmt":"2026-03-12T08:36:19","slug":"entdecken-sie-bang-king-digital-15000-puffs-schnell-geliefert-zu-top-grosshandelspreisen","status":"publish","type":"product","link":"https:\/\/vapingnet.de\/sk\/vape\/entdecken-sie-bang-king-digital-15000-puffs-schnell-geliefert-zu-top-grosshandelspreisen\/","title":{"rendered":"Objavte Bang King Digital 15000 Puffs R\u00fdchle doru\u010denie za najlep\u0161ie ve\u013ekoobchodn\u00e9 ceny"},"content":{"rendered":"<table style=\"height: 619px;\" width=\"1737\" data-start=\"690\" data-end=\"1977\">\n<thead data-start=\"690\" data-end=\"781\">\n<tr data-start=\"690\" data-end=\"781\">\n<th data-start=\"690\" data-end=\"716\">Vlastnos\u0165<\/th>\n<th data-start=\"716\" data-end=\"781\">Detaily<\/th>\n<\/tr>\n<\/thead>\n<tbody data-start=\"873\" data-end=\"1977\">\n<tr data-start=\"873\" data-end=\"1008\">\n<td>\u017divotnos\u0165<\/td>\n<td>15000 cigariet s 25ml tekutiny, ide\u00e1lne na dlhodob\u00e9 pou\u017e\u00edvanie a menej \u010dast\u00e9 dopl\u0148anie.<\/td>\n<\/tr>\n<tr data-start=\"1009\" data-end=\"1165\">\n<td>V\u00fdber pr\u00edchut\u00ed<\/td>\n<td>Jahoda Kiwi, Dvojit\u00e1 jablko, Brosky\u0148a Mango, Ru\u017eov\u00e1 limon\u00e1da, Troj ovocie \u2013 pre ka\u017ed\u00fd vkus nie\u010do.<\/td>\n<\/tr>\n<tr data-start=\"1166\" data-end=\"1299\">\n<td>Nikotinov\u00fd koncentr\u00e1t<\/td>\n<td>V\u00fdber: 0%, 2%, 3%, 5% (pre 0% a 3% je potrebn\u00e1 hromadn\u00e1 objedn\u00e1vka).<\/td>\n<\/tr>\n<tr data-start=\"1300\" data-end=\"1429\">\n<td>Efekty svetla<\/td>\n<td>Vstavan\u00e9 RGB sveteln\u00e9 efekty, ktor\u00e9 pri ka\u017edom \u0165ahu zabezpe\u010duj\u00fa spektakul\u00e1rny vizu\u00e1lny z\u00e1\u017eitok.<\/td>\n<\/tr>\n<tr data-start=\"1430\" data-end=\"1564\">\n<td>Typ cievky<\/td>\n<td>0,8 Ohm Mesh-Coil, umo\u017e\u0148uje efekt\u00edvne odparovanie pre intenz\u00edvny dym a \u010dist\u00fa chu\u0165.<\/td>\n<\/tr>\n<tr data-start=\"1565\" data-end=\"1681\">\n<td>Bat\u00e9ria a nab\u00edjanie<\/td>\n<td>650mAh bat\u00e9ria s Type-C nab\u00edjac\u00edm portom pre r\u00fdchle nab\u00edjanie a dlh\u00e9 pou\u017e\u00edvanie.<\/td>\n<\/tr>\n<tr data-start=\"1682\" data-end=\"1769\">\n<td>Hmotnos\u0165<\/td>\n<td>\u013dahk\u00fd a kompaktn\u00fd s v\u00e1hou len 90g, ide\u00e1lny na cestovanie.<\/td>\n<\/tr>\n<tr data-start=\"1770\" data-end=\"1872\">\n<td>Colne zdarma<\/td>\n<td>Priamy odoslanie z Deutschland, bez cla, bez \u010fal\u0161\u00edch poplatkov.<\/td>\n<\/tr>\n<tr data-start=\"1873\" data-end=\"1977\">\n<td>Doba dodania<\/td>\n<td>R\u00fdchle doru\u010denie za 2-4 dni, aby ste svoj produkt dostali v\u010das.<\/td>\n<\/tr>\n<\/tbody>\n<\/table>\n<h2 data-start=\"0\" data-end=\"120\">Bang King Digital 15000 Pufov: Nasleduj\u00faca gener\u00e1cia jednorazov\u00fdch e-cigariet pre v\u00fdnimo\u010dn\u00fd z\u00e1\u017eitok<\/h2>\n<p data-start=\"122\" data-end=\"658\">Bang King Digital 15000 Pufov je e-cigareta novej gener\u00e1cie, ktor\u00e1 sp\u00e1ja najmodernej\u0161iu technol\u00f3giu a v\u00fdrazn\u00fd dizajn. Bola \u0161peci\u00e1lne navrhnut\u00e1 pre vapery, ktor\u00ed h\u013eadaj\u00fa prvotriedny z\u00e1\u017eitok. \u010ci ste za\u010diato\u010dn\u00edk alebo sk\u00fasen\u00fd vap\u00e9r, t\u00e1to e-cigareta spln\u00ed v\u0161etky va\u0161e po\u017eiadavky na chu\u0165, \u017eivotnos\u0165 a individualitu. Jej inovat\u00edvny dizajn, \u0161irok\u00fd v\u00fdber pr\u00edchut\u00ed a mimoriadne dlh\u00e1 doba pou\u017eitia zmen\u00ed v\u00e1\u0161 vapovac\u00ed z\u00e1\u017eitok.<\/p>\n<p>&nbsp;<\/p>\n<h3 data-start=\"1984\" data-end=\"2053\">Bang King Digital 15000 Pufov \u2013 Dokonal\u00fd vapovac\u00ed z\u00e1\u017eitok<\/h3>\n<ol data-start=\"2055\" data-end=\"3801\">\n<li data-start=\"2055\" data-end=\"2281\">\n<p data-start=\"2058\" data-end=\"2281\">\u017divotnos\u0165: S 15000 \u0165ahmi a 25ml tekutiny pon\u00faka t\u00e1to e-cigareta dlh\u00fa dobu pou\u017e\u00edvania. Nemus\u00edte sa ob\u00e1va\u0165 \u010dast\u00e9ho dop\u013a\u0148ania a m\u00f4\u017eete sa plne s\u00fastredi\u0165 na vychutn\u00e1vanie.<\/p>\n<\/li>\n<li data-start=\"2283\" data-end=\"2605\">\n<p data-start=\"2286\" data-end=\"2605\">V\u0161estrann\u00e9 pr\u00edchute: \u010ci u\u017e preferujete svie\u017eu chu\u0165 Jahoda Kiwi alebo klasick\u00e9 Dvojit\u00e9 jablko \u2013 Bang King Digital m\u00e1 pre ka\u017ed\u00e9ho vapera ide\u00e1lnu pr\u00edchu\u0165. Ka\u017ed\u00e1 pr\u00edchu\u0165 je starostlivo doladen\u00e1, aby v\u00e1m poskytla \u010dist\u00fd a autentick\u00fd chu\u0165ov\u00fd z\u00e1\u017eitok.<\/p>\n<\/li>\n<li data-start=\"2607\" data-end=\"2923\">\n<p data-start=\"2610\" data-end=\"2923\">RGB sveteln\u00e9 efekty: Bang King Digital nie je len funk\u010dn\u00fd produkt, ale aj skuto\u010dn\u00fd p\u00fata\u010d poh\u013eadov. S p\u00f4sobiv\u00fdmi RGB sveteln\u00fdmi efektmi ka\u017ed\u00fd \u0165ah zabezpe\u010duje vzru\u0161uj\u00faci vizu\u00e1lny z\u00e1\u017eitok. \u010ci u\u017e na p\u00e1rty alebo pri stretnut\u00ed s priate\u013emi, v\u017edy pritiahne v\u0161etky poh\u013eady.<\/p>\n<\/li>\n<li data-start=\"2925\" data-end=\"3173\">\n<p data-start=\"2928\" data-end=\"3173\">Stupne nikot\u00ednu pod\u013ea v\u00fdberu: M\u00f4\u017eete si vybra\u0165 medzi 0%, 2%, 3% a 5% nikot\u00ednom. Obzvl\u00e1\u0161\u0165 0% a 3% nikot\u00edn s\u00fa dostupn\u00e9 prostredn\u00edctvom hromadnej objedn\u00e1vky, tak\u017ee si m\u00f4\u017eete n\u00e1js\u0165 ide\u00e1lne mno\u017estvo nikot\u00ednu pre va\u0161e potreby.<\/p>\n<\/li>\n<li data-start=\"3175\" data-end=\"3472\">\n<p data-start=\"3178\" data-end=\"3472\">R\u00fdchle nab\u00edjanie a dlh\u0161ia prev\u00e1dzka: Bat\u00e9ria s kapacitou 650mAh zabezpe\u010duje, \u017ee si m\u00f4\u017eete u\u017e\u00edva\u0165 e-cigaretu dlh\u0161ie bez ob\u00e1v z nab\u00edjania. S nab\u00edjac\u00edm portom Type-C je nab\u00edjanie r\u00fdchle a efekt\u00edvne, tak\u017ee m\u00f4\u017eete op\u00e4\u0165 r\u00fdchlo faj\u010di\u0165 parou.<\/p>\n<\/li>\n<li data-start=\"3474\" data-end=\"3801\">\n<p data-start=\"3477\" data-end=\"3801\">Bezcoln\u00fd odoslanie z Deutschland: Bang King Digital 15000 Puffs je odoslan\u00fd priamo z n\u00e1\u0161ho skladu v Deutschland, a \u010do je najlep\u0161ie: neplat\u00edte \u017eiadne dodato\u010dn\u00e9 coln\u00e9 poplatky. Odoslanie je bezcoln\u00e9 a s dodacou dobou len 2-4 dni dostanete svoj produkt r\u00fdchlo a bez probl\u00e9mov.<\/p>\n<\/li>\n<\/ol>\n<h3 data-start=\"3808\" data-end=\"3886\">Pre\u010do si vybra\u0165 Bang King Digital 15000 Puffs?<\/h3>\n<p data-start=\"3888\" data-end=\"4297\">Bang King Digital 15000 Puffs je viac ne\u017e len e-cigareta \u2013 je to kompletn\u00e9 vylep\u0161enie v\u00e1\u0161ho z\u00e1\u017eitku s vapovan\u00edm. S dlhou \u017eivotnos\u0165ou, mno\u017estvom pr\u00edchut\u00ed, nastavite\u013enou silou nikot\u00ednu a cool sveteln\u00fdmi efektmi tento model spln\u00ed v\u0161etky \u017eelania vapera. Pon\u00faka nielen vynikaj\u00faci v\u00fdkon, ale aj \u0161t\u00fdlov\u00fd dizajn, ktor\u00fd sa hod\u00ed k v\u00e1\u0161mu osobn\u00e9mu \u017eivotn\u00e9mu \u0161t\u00fdlu.<\/p>\n<p data-start=\"4299\" data-end=\"4507\">\u010ci u\u017e pr\u00e1ve za\u010d\u00ednate s vapovan\u00edm alebo ste sk\u00fasen\u00fd vap\u00e9r \u2013 Bang King Digital 15000 Puffs prekon\u00e1 va\u0161e o\u010dak\u00e1vania a poskytne v\u00e1m nezabudnute\u013en\u00fd z\u00e1\u017eitok z vapovania.<\/p>\n<h4>Objednajte teraz a u\u017eite si najlep\u0161\u00ed z\u00e1\u017eitok z vapovania!<\/h4>\n<p data-start=\"4578\" data-end=\"4901\">Nav\u0161t\u00edvte teraz vapingnet.de, aby ste si k\u00fapili Bang King Digital 15000 Puffs a spravili z tejto pr\u00e9miovej e-cigarety s\u00fa\u010das\u0165 v\u00e1\u0161ho ka\u017edodenn\u00e9ho \u017eivota. \u010ci h\u013ead\u00e1te spo\u013eahliv\u00fa e-cigaretu na ka\u017edodenn\u00e9 pou\u017eitie alebo \u0161t\u00fdlov\u00fd doplnok pre svojich priate\u013eov \u2013 Bang King Digital v\u00e1m pon\u00faka dokonal\u00e9 rie\u0161enie.<\/p>\n<p data-start=\"4903\" data-end=\"5078\" data-is-last-node=\"\" data-is-only-node=\"\">R\u00fdchle objednanie, bezcoln\u00e9 doru\u010denie a vychutnajte si 15000 potiahnut\u00ed z najvy\u0161\u0161ieho p\u00f4\u017eitku \u2013 za\u010dnite svoju cestu s Bang King Digital 15000 Puffs e\u0161te dnes!<\/p>","protected":false},"excerpt":{"rendered":"<p>Vysoko kvalitn\u00e9 elektronick\u00e9 cigarety\ud83d\udd25, odoslan\u00e9 priamo zo skladu v Br\u00e9mach, doru\u010denie do 2-4 dn\u00ed!<\/p>","protected":false},"featured_media":5100,"template":"","meta":[],"etheme_brands":[],"product_brand":[101],"product_cat":[53,60,59,49,61],"product_tag":[],"class_list":{"0":"post-5099","1":"product","2":"type-product","3":"status-publish","4":"has-post-thumbnail","6":"product_brand-bang-king-vape","7":"product_cat-vape-15000-zuege","8":"product_cat-c","9":"product_cat-de","10":"product_cat-einweg-e-zigarette","11":"product_cat-f","13":"first","14":"instock","15":"shipping-taxable","16":"purchasable","17":"product-type-variable"},"yoast_head":"<!-- This site is optimized with the Yoast SEO plugin v26.5 - https:\/\/yoast.com\/wordpress\/plugins\/seo\/ -->\n<title>Entdecken Sie Bang King Digital 15000 Puffs Schnell geliefert zu Top-Gro\u00dfhandelspreisen | Vapingnet.de<\/title>\n<meta name=\"description\" content=\"Entdecke Entdecken Sie Bang King Digital 15000 Puffs Schnell geliefert zu Top-Gro\u00dfhandelspreisen bei vapingnet.de, \u25ba Gro\u00dfe Auswahl an Geschmacksrichtungen &amp; super g\u00fcnstig!\" \/>\n<meta name=\"robots\" content=\"index, follow, max-snippet:-1, max-image-preview:large, max-video-preview:-1\" \/>\n<link rel=\"canonical\" href=\"https:\/\/vapingnet.de\/sk\/vape\/entdecken-sie-bang-king-digital-15000-puffs-schnell-geliefert-zu-top-grosshandelspreisen\/\" \/>\n<meta property=\"og:locale\" content=\"sk_SK\" \/>\n<meta property=\"og:type\" content=\"article\" \/>\n<meta property=\"og:title\" content=\"Entdecken Sie Bang King Digital 15000 Puffs Schnell geliefert zu Top-Gro\u00dfhandelspreisen | Vapingnet.de\" \/>\n<meta property=\"og:description\" content=\"Entdecke Entdecken Sie Bang King Digital 15000 Puffs Schnell geliefert zu Top-Gro\u00dfhandelspreisen bei vapingnet.de, \u25ba Gro\u00dfe Auswahl an Geschmacksrichtungen &amp; super g\u00fcnstig!\" \/>\n<meta property=\"og:url\" content=\"https:\/\/vapingnet.de\/sk\/vape\/entdecken-sie-bang-king-digital-15000-puffs-schnell-geliefert-zu-top-grosshandelspreisen\/\" \/>\n<meta property=\"og:site_name\" content=\"Vapingnet.de\" \/>\n<meta property=\"article:publisher\" content=\"https:\/\/www.facebook.com\/vapingnetde\/\" \/>\n<meta property=\"article:modified_time\" content=\"2026-03-12T08:36:19+00:00\" \/>\n<meta property=\"og:image\" content=\"https:\/\/vapingnet.de\/wp-content\/uploads\/2025\/03\/1.png\" \/>\n\t<meta property=\"og:image:width\" content=\"900\" \/>\n\t<meta property=\"og:image:height\" content=\"600\" \/>\n\t<meta property=\"og:image:type\" content=\"image\/png\" \/>\n<meta name=\"twitter:card\" content=\"summary_large_image\" \/>\n<meta name=\"twitter:label1\" content=\"Est. reading time\" \/>\n\t<meta name=\"twitter:data1\" content=\"4 minutes\" \/>\n<script type=\"application\/ld+json\" class=\"yoast-schema-graph\">{\"@context\":\"https:\/\/schema.org\",\"@graph\":[{\"@type\":\"WebPage\",\"@id\":\"https:\/\/vapingnet.de\/vape\/entdecken-sie-bang-king-digital-15000-puffs-schnell-geliefert-zu-top-grosshandelspreisen\/\",\"url\":\"https:\/\/vapingnet.de\/vape\/entdecken-sie-bang-king-digital-15000-puffs-schnell-geliefert-zu-top-grosshandelspreisen\/\",\"name\":\"Entdecken Sie Bang King Digital 15000 Puffs Schnell geliefert zu Top-Gro\u00dfhandelspreisen | Vapingnet.de\",\"isPartOf\":{\"@id\":\"https:\/\/vapingnet.de\/#website\"},\"primaryImageOfPage\":{\"@id\":\"https:\/\/vapingnet.de\/vape\/entdecken-sie-bang-king-digital-15000-puffs-schnell-geliefert-zu-top-grosshandelspreisen\/#primaryimage\"},\"image\":{\"@id\":\"https:\/\/vapingnet.de\/vape\/entdecken-sie-bang-king-digital-15000-puffs-schnell-geliefert-zu-top-grosshandelspreisen\/#primaryimage\"},\"thumbnailUrl\":\"https:\/\/vapingnet.de\/wp-content\/uploads\/2025\/03\/1.png\",\"datePublished\":\"2025-03-12T03:41:54+00:00\",\"dateModified\":\"2026-03-12T08:36:19+00:00\",\"description\":\"Entdecke Entdecken Sie Bang King Digital 15000 Puffs Schnell geliefert zu Top-Gro\u00dfhandelspreisen bei vapingnet.de, \u25ba Gro\u00dfe Auswahl an Geschmacksrichtungen & super g\u00fcnstig!\",\"breadcrumb\":{\"@id\":\"https:\/\/vapingnet.de\/vape\/entdecken-sie-bang-king-digital-15000-puffs-schnell-geliefert-zu-top-grosshandelspreisen\/#breadcrumb\"},\"inLanguage\":\"sk-SK\",\"potentialAction\":[{\"@type\":\"ReadAction\",\"target\":[\"https:\/\/vapingnet.de\/vape\/entdecken-sie-bang-king-digital-15000-puffs-schnell-geliefert-zu-top-grosshandelspreisen\/\"]}]},{\"@type\":\"ImageObject\",\"inLanguage\":\"sk-SK\",\"@id\":\"https:\/\/vapingnet.de\/vape\/entdecken-sie-bang-king-digital-15000-puffs-schnell-geliefert-zu-top-grosshandelspreisen\/#primaryimage\",\"url\":\"https:\/\/vapingnet.de\/wp-content\/uploads\/2025\/03\/1.png\",\"contentUrl\":\"https:\/\/vapingnet.de\/wp-content\/uploads\/2025\/03\/1.png\",\"width\":900,\"height\":600},{\"@type\":\"BreadcrumbList\",\"@id\":\"https:\/\/vapingnet.de\/vape\/entdecken-sie-bang-king-digital-15000-puffs-schnell-geliefert-zu-top-grosshandelspreisen\/#breadcrumb\",\"itemListElement\":[{\"@type\":\"ListItem\",\"position\":1,\"name\":\"Home\",\"item\":\"https:\/\/vapingnet.de\/\"},{\"@type\":\"ListItem\",\"position\":2,\"name\":\"Shop\",\"item\":\"https:\/\/vapingnet.de\/vape\/\"},{\"@type\":\"ListItem\",\"position\":3,\"name\":\"Entdecken Sie Bang King Digital 15000 Puffs Schnell geliefert zu Top-Gro\u00dfhandelspreisen\"}]},{\"@type\":\"WebSite\",\"@id\":\"https:\/\/vapingnet.de\/#website\",\"url\":\"https:\/\/vapingnet.de\/\",\"name\":\"Vapingnet.de\",\"description\":\"\",\"publisher\":{\"@id\":\"https:\/\/vapingnet.de\/#organization\"},\"potentialAction\":[{\"@type\":\"SearchAction\",\"target\":{\"@type\":\"EntryPoint\",\"urlTemplate\":\"https:\/\/vapingnet.de\/?s={search_term_string}\"},\"query-input\":{\"@type\":\"PropertyValueSpecification\",\"valueRequired\":true,\"valueName\":\"search_term_string\"}}],\"inLanguage\":\"sk-SK\"},{\"@type\":\"Organization\",\"@id\":\"https:\/\/vapingnet.de\/#organization\",\"name\":\"Vapingnet.de\",\"url\":\"https:\/\/vapingnet.de\/\",\"logo\":{\"@type\":\"ImageObject\",\"inLanguage\":\"sk-SK\",\"@id\":\"https:\/\/vapingnet.de\/#\/schema\/logo\/image\/\",\"url\":\"https:\/\/vapingnet.de\/wp-content\/uploads\/2025\/03\/cropped-vapingnet.de_.jpg\",\"contentUrl\":\"https:\/\/vapingnet.de\/wp-content\/uploads\/2025\/03\/cropped-vapingnet.de_.jpg\",\"width\":512,\"height\":512,\"caption\":\"Vapingnet.de\"},\"image\":{\"@id\":\"https:\/\/vapingnet.de\/#\/schema\/logo\/image\/\"},\"sameAs\":[\"https:\/\/www.facebook.com\/vapingnetde\/\"]}]}<\/script>\n<!-- \/ Yoast SEO plugin. -->","yoast_head_json":{"title":"Entdecken Sie Bang King Digital 15000 Puffs Schnell geliefert zu Top-Gro\u00dfhandelspreisen | Vapingnet.de","description":"Entdecke Entdecken Sie Bang King Digital 15000 Puffs Schnell geliefert zu Top-Gro\u00dfhandelspreisen bei vapingnet.de, \u25ba Gro\u00dfe Auswahl an Geschmacksrichtungen & super g\u00fcnstig!","robots":{"index":"index","follow":"follow","max-snippet":"max-snippet:-1","max-image-preview":"max-image-preview:large","max-video-preview":"max-video-preview:-1"},"canonical":"https:\/\/vapingnet.de\/sk\/vape\/entdecken-sie-bang-king-digital-15000-puffs-schnell-geliefert-zu-top-grosshandelspreisen\/","og_locale":"sk_SK","og_type":"article","og_title":"Entdecken Sie Bang King Digital 15000 Puffs Schnell geliefert zu Top-Gro\u00dfhandelspreisen | Vapingnet.de","og_description":"Entdecke Entdecken Sie Bang King Digital 15000 Puffs Schnell geliefert zu Top-Gro\u00dfhandelspreisen bei vapingnet.de, \u25ba Gro\u00dfe Auswahl an Geschmacksrichtungen & super g\u00fcnstig!","og_url":"https:\/\/vapingnet.de\/sk\/vape\/entdecken-sie-bang-king-digital-15000-puffs-schnell-geliefert-zu-top-grosshandelspreisen\/","og_site_name":"Vapingnet.de","article_publisher":"https:\/\/www.facebook.com\/vapingnetde\/","article_modified_time":"2026-03-12T08:36:19+00:00","og_image":[{"width":900,"height":600,"url":"https:\/\/vapingnet.de\/wp-content\/uploads\/2025\/03\/1.png","type":"image\/png"}],"twitter_card":"summary_large_image","twitter_misc":{"Est. reading time":"4 minutes"},"schema":{"@context":"https:\/\/schema.org","@graph":[{"@type":"WebPage","@id":"https:\/\/vapingnet.de\/vape\/entdecken-sie-bang-king-digital-15000-puffs-schnell-geliefert-zu-top-grosshandelspreisen\/","url":"https:\/\/vapingnet.de\/vape\/entdecken-sie-bang-king-digital-15000-puffs-schnell-geliefert-zu-top-grosshandelspreisen\/","name":"Entdecken Sie Bang King Digital 15000 Puffs Schnell geliefert zu Top-Gro\u00dfhandelspreisen | Vapingnet.de","isPartOf":{"@id":"https:\/\/vapingnet.de\/#website"},"primaryImageOfPage":{"@id":"https:\/\/vapingnet.de\/vape\/entdecken-sie-bang-king-digital-15000-puffs-schnell-geliefert-zu-top-grosshandelspreisen\/#primaryimage"},"image":{"@id":"https:\/\/vapingnet.de\/vape\/entdecken-sie-bang-king-digital-15000-puffs-schnell-geliefert-zu-top-grosshandelspreisen\/#primaryimage"},"thumbnailUrl":"https:\/\/vapingnet.de\/wp-content\/uploads\/2025\/03\/1.png","datePublished":"2025-03-12T03:41:54+00:00","dateModified":"2026-03-12T08:36:19+00:00","description":"Entdecke Entdecken Sie Bang King Digital 15000 Puffs Schnell geliefert zu Top-Gro\u00dfhandelspreisen bei vapingnet.de, \u25ba Gro\u00dfe Auswahl an Geschmacksrichtungen & super g\u00fcnstig!","breadcrumb":{"@id":"https:\/\/vapingnet.de\/vape\/entdecken-sie-bang-king-digital-15000-puffs-schnell-geliefert-zu-top-grosshandelspreisen\/#breadcrumb"},"inLanguage":"sk-SK","potentialAction":[{"@type":"ReadAction","target":["https:\/\/vapingnet.de\/vape\/entdecken-sie-bang-king-digital-15000-puffs-schnell-geliefert-zu-top-grosshandelspreisen\/"]}]},{"@type":"ImageObject","inLanguage":"sk-SK","@id":"https:\/\/vapingnet.de\/vape\/entdecken-sie-bang-king-digital-15000-puffs-schnell-geliefert-zu-top-grosshandelspreisen\/#primaryimage","url":"https:\/\/vapingnet.de\/wp-content\/uploads\/2025\/03\/1.png","contentUrl":"https:\/\/vapingnet.de\/wp-content\/uploads\/2025\/03\/1.png","width":900,"height":600},{"@type":"BreadcrumbList","@id":"https:\/\/vapingnet.de\/vape\/entdecken-sie-bang-king-digital-15000-puffs-schnell-geliefert-zu-top-grosshandelspreisen\/#breadcrumb","itemListElement":[{"@type":"ListItem","position":1,"name":"Home","item":"https:\/\/vapingnet.de\/"},{"@type":"ListItem","position":2,"name":"Shop","item":"https:\/\/vapingnet.de\/vape\/"},{"@type":"ListItem","position":3,"name":"Entdecken Sie Bang King Digital 15000 Puffs Schnell geliefert zu Top-Gro\u00dfhandelspreisen"}]},{"@type":"WebSite","@id":"https:\/\/vapingnet.de\/#website","url":"https:\/\/vapingnet.de\/","name":"Vapingnet.de","description":"","publisher":{"@id":"https:\/\/vapingnet.de\/#organization"},"potentialAction":[{"@type":"SearchAction","target":{"@type":"EntryPoint","urlTemplate":"https:\/\/vapingnet.de\/?s={search_term_string}"},"query-input":{"@type":"PropertyValueSpecification","valueRequired":true,"valueName":"search_term_string"}}],"inLanguage":"sk-SK"},{"@type":"Organization","@id":"https:\/\/vapingnet.de\/#organization","name":"Vapingnet.de","url":"https:\/\/vapingnet.de\/","logo":{"@type":"ImageObject","inLanguage":"sk-SK","@id":"https:\/\/vapingnet.de\/#\/schema\/logo\/image\/","url":"https:\/\/vapingnet.de\/wp-content\/uploads\/2025\/03\/cropped-vapingnet.de_.jpg","contentUrl":"https:\/\/vapingnet.de\/wp-content\/uploads\/2025\/03\/cropped-vapingnet.de_.jpg","width":512,"height":512,"caption":"Vapingnet.de"},"image":{"@id":"https:\/\/vapingnet.de\/#\/schema\/logo\/image\/"},"sameAs":["https:\/\/www.facebook.com\/vapingnetde\/"]}]}},"tiered_pricing_type":"fixed","tiered_pricing_fixed_rules":{"10":"6.83","60":"6.15","110":"5.46","200":"4.78"},"tiered_pricing_product_settings":{"layout":"default","base_unit_name":{"singular":null,"plural":null},"default_variation":null},"tiered_pricing_minimum_quantity":null,"tiered_pricing_roles_data":[],"tiered_pricing_percentage_rules":[],"_links":{"self":[{"href":"https:\/\/vapingnet.de\/sk\/wp-json\/wp\/v2\/product\/5099","targetHints":{"allow":["GET"]}}],"collection":[{"href":"https:\/\/vapingnet.de\/sk\/wp-json\/wp\/v2\/product"}],"about":[{"href":"https:\/\/vapingnet.de\/sk\/wp-json\/wp\/v2\/types\/product"}],"version-history":[{"count":2,"href":"https:\/\/vapingnet.de\/sk\/wp-json\/wp\/v2\/product\/5099\/revisions"}],"predecessor-version":[{"id":6219,"href":"https:\/\/vapingnet.de\/sk\/wp-json\/wp\/v2\/product\/5099\/revisions\/6219"}],"wp:featuredmedia":[{"embeddable":true,"href":"https:\/\/vapingnet.de\/sk\/wp-json\/wp\/v2\/media\/5100"}],"wp:attachment":[{"href":"https:\/\/vapingnet.de\/sk\/wp-json\/wp\/v2\/media?parent=5099"}],"wp:term":[{"taxonomy":"brand","embeddable":true,"href":"https:\/\/vapingnet.de\/sk\/wp-json\/wp\/v2\/etheme_brands?post=5099"},{"taxonomy":"product_brand","embeddable":true,"href":"https:\/\/vapingnet.de\/sk\/wp-json\/wp\/v2\/product_brand?post=5099"},{"taxonomy":"product_cat","embeddable":true,"href":"https:\/\/vapingnet.de\/sk\/wp-json\/wp\/v2\/product_cat?post=5099"},{"taxonomy":"product_tag","embeddable":true,"href":"https:\/\/vapingnet.de\/sk\/wp-json\/wp\/v2\/product_tag?post=5099"}],"curies":[{"name":"wp","href":"https:\/\/api.w.org\/{rel}","templated":true}]}}