{"id":5131,"date":"2025-12-13T07:41:03","date_gmt":"2025-12-13T07:41:03","guid":{"rendered":"https:\/\/vapingnet.de\/?post_type=product&#038;p=5131"},"modified":"2026-01-28T08:37:03","modified_gmt":"2026-01-28T08:37:03","slug":"erlebe-20000-zuege-mit-bang-blaze-mango-peach-watermelon","status":"publish","type":"product","link":"https:\/\/vapingnet.de\/sk\/vape\/erlebe-20000-zuege-mit-bang-blaze-mango-peach-watermelon\/","title":{"rendered":"Za\u017eite 20000 \u0165ahov s Bang Blaze Mango Peach Watermelon"},"content":{"rendered":"<h2 data-start=\"0\" data-end=\"129\">Bang Blaze 20000 Puffs \u2013 Dokonal\u00fd z\u00e1\u017eitok z chuti manga, broskyne a vodn\u00e9ho mel\u00f3nu pre dlhodob\u00fd z\u00e1\u017eitok z vapovania!<\/h2>\n<p data-start=\"131\" data-end=\"567\">Na trhu s e-cigaretami sa Bang Blaze 20000 Puffs etabloval ako vynikaj\u00faci produkt. Pon\u00faka nielen v\u00fdnimo\u010dn\u00fd v\u00fdkon, ale aj jedine\u010dn\u00fd z\u00e1\u017eitok z chuti, ktor\u00fd zost\u00e1va \u010derstv\u00fd pri ka\u017edom \u0165ahu. \u010ci ste za\u010diato\u010dn\u00edk alebo sk\u00fasen\u00fd vap\u00e9r, <a href=\"https:\/\/vapingnet.de\/fr\/Brands\/bang-king-vape\/\" target=\"_blank\" rel=\"noopener\"><strong>Bum<\/strong> <\/a>napln\u00ed va\u0161e vysok\u00e9 o\u010dak\u00e1vania v oblasti chuti a v\u00fdkonu. Po\u010fme spolo\u010dne objavi\u0165 hlavn\u00e9 vlastnosti tejto e-cigarety!<\/p>\n<h4 data-start=\"569\" data-end=\"591\">Hlavn\u00e9 v\u00fdhody:<\/h4>\n<ol data-start=\"593\" data-end=\"2277\">\n<li data-start=\"593\" data-end=\"921\">\n<p data-start=\"596\" data-end=\"630\">Dlh\u00e1 doba vapovania \u2013 20 000 \u0165ahov<\/p>\n<ul data-start=\"634\" data-end=\"921\">\n<li data-start=\"634\" data-end=\"921\">Bang Blaze 20000 Puffs pon\u00faka neuverite\u013en\u00fa dobu vapovania a\u017e do 20 000 \u0165ahov, tak\u017ee nemus\u00edte neust\u00e1le meni\u0165 zariadenie. \u010ci ho pou\u017e\u00edvate na denn\u00e9 pou\u017eitie alebo na dlh\u0161ie vapovacie z\u00e1\u017eitky, toto zariadenie v\u00e1m poskytne dlhodob\u00e9 pou\u017e\u00edvanie.<\/li>\n<\/ul>\n<\/li>\n<li data-start=\"923\" data-end=\"1260\">\n<p data-start=\"926\" data-end=\"994\">Dul Mesh Coil \u2013 Efekt\u00edvne zahrievanie pre jemn\u00fa chu\u0165<\/p>\n<ul data-start=\"998\" data-end=\"1260\">\n<li data-start=\"998\" data-end=\"1260\">S pokro\u010dil\u00fdm Dul Mesh Coil (1.0\u03a9) zabezpe\u010duje Bang Blaze rovnomern\u00e9 a r\u00fdchle zahrievanie, ktor\u00e9 zabezpe\u010duje jemn\u00fd a pln\u00fd parn\u00fd z\u00e1\u017eitok. Ka\u017ed\u00fd \u0165ah zost\u00e1va stabiln\u00fd a hladk\u00fd, \u010do v\u00e1m poskytuje konzistentn\u00fd a pr\u00edjemn\u00fd z\u00e1\u017eitok z vapovania.<\/li>\n<\/ul>\n<\/li>\n<li data-start=\"1262\" data-end=\"1606\">\n<p data-start=\"1265\" data-end=\"1334\">Mango, brosky\u0148a, vodn\u00fd mel\u00f3n \u2013 Dokonal\u00e1 letn\u00e1 ovocn\u00e1 zmes<\/p>\n<ul data-start=\"1338\" data-end=\"1606\">\n<li data-start=\"1338\" data-end=\"1606\">Kombin\u00e1cia manga, broskyne a vodn\u00e9ho mel\u00f3nu prin\u00e1\u0161a osvie\u017euj\u00faci, sladk\u00fd a ovocn\u00fd chu\u0165ov\u00fd z\u00e1\u017eitok. Ka\u017ed\u00fd \u0165ah sa c\u00edti ako st\u00e1\u0165 v ovocnej z\u00e1hrade, zatia\u013e \u010do va\u0161e chu\u0165ov\u00e9 poh\u00e1riky s\u00fa nad\u0161en\u00e9 intenz\u00edvnou ovocnou chu\u0165ou.<\/li>\n<\/ul>\n<\/li>\n<li data-start=\"1608\" data-end=\"1996\">\n<p data-start=\"1611\" data-end=\"1682\">R\u00f4zne nikot\u00ednov\u00e9 koncentr\u00e1cie \u2013 Pre ka\u017ed\u00fd vkus spr\u00e1vna vo\u013eba<\/p>\n<ul data-start=\"1686\" data-end=\"1996\">\n<li data-start=\"1686\" data-end=\"1996\">Bang Blaze 20000 Puffs pon\u00faka r\u00f4zne nikot\u00ednov\u00e9 koncentr\u00e1cie na v\u00fdber: 0%, 2%, 3% a 5%. \u010ci preferujete jemnej\u0161iu alebo silnej\u0161iu chu\u0165, n\u00e1jdete t\u00fa spr\u00e1vnu silu pre v\u00e1s. Obzvl\u00e1\u0161\u0165 nikot\u00ednov\u00e9 koncentr\u00e1cie 0% a 3% je mo\u017en\u00e9 objedna\u0165 vo v\u00e4\u010d\u0161\u00edch mno\u017estv\u00e1ch, \u010do zvy\u0161uje pohodlie.<\/li>\n<\/ul>\n<\/li>\n<li data-start=\"1998\" data-end=\"2277\">\n<p data-start=\"2001\" data-end=\"2055\">Typ-C konektor \u2013 R\u00fdchle nab\u00edjanie, v\u017edy pripraven\u00fd na vapovanie<\/p>\n<ul data-start=\"2059\" data-end=\"2277\">\n<li data-start=\"2059\" data-end=\"2277\">Typ-C konektor umo\u017e\u0148uje r\u00fdchle nab\u00edjanie, tak\u017ee m\u00f4\u017eete op\u00e4\u0165 vapova\u0165 v kr\u00e1tkom \u010dase. \u010ci ste na cest\u00e1ch alebo doma, Bang Blaze je v\u017edy pripraven\u00fd poskytn\u00fa\u0165 v\u00e1m skvel\u00fd z\u00e1\u017eitok z vapovania.<\/li>\n<\/ul>\n<\/li>\n<\/ol>\n<h4 data-start=\"2279\" data-end=\"2332\">R\u00fdchle doru\u010denie a bezstarostn\u00fd n\u00e1kup<\/h4>\n<ul data-start=\"2334\" data-end=\"2932\">\n<li data-start=\"2334\" data-end=\"2619\">\n<p data-start=\"2336\" data-end=\"2384\">Priamy odoslanie z Bratislavy, bez coln\u00fdch poplatkov<\/p>\n<ul data-start=\"2388\" data-end=\"2619\">\n<li data-start=\"2388\" data-end=\"2619\">Bang Blaze 20000 Puffs je odosielan\u00fd priamo z n\u00e1\u0161ho skladu v Br\u00e9mach, tak\u017ee sa nemus\u00edte ob\u00e1va\u0165 coln\u00fdch poplatkov. Doru\u010denie trv\u00e1 2-4 dni \u2013 zaru\u010den\u00e1 plynul\u00e1 n\u00e1kupn\u00e1 sk\u00fasenos\u0165.<\/li>\n<\/ul>\n<\/li>\n<li data-start=\"2621\" data-end=\"2932\">\n<p data-start=\"2623\" data-end=\"2666\">Kompaktn\u00fd a prenosn\u00fd, v\u017edy pripraven\u00fd na pou\u017eitie<\/p>\n<ul data-start=\"2670\" data-end=\"2932\">\n<li data-start=\"2670\" data-end=\"2932\">Napriek ve\u013ekej kapacite zariadenia v\u00e1\u017ei Bang Blaze len 85 g, je \u013eahk\u00fd a prenosn\u00fd. M\u00f4\u017eete ho \u013eahko vlo\u017ei\u0165 do ta\u0161ky alebo batohu a kedyko\u013evek si ho vychutna\u0165 \u2013 \u010di u\u017e na cest\u00e1ch, v pr\u00e1ci alebo pri stretnut\u00ed s priate\u013emi.<\/li>\n<\/ul>\n<\/li>\n<\/ul>\n<p>Pre\u010do si vybra\u0165 Bang Blaze 20000 Puffs?<\/p>\n<ul data-start=\"2996\" data-end=\"3440\">\n<li data-start=\"2996\" data-end=\"3070\">Dlh\u00e1 doba vapovania:<a href=\"https:\/\/vapingnet.de\/sk\/k\/vape-20000-zuege\/\" target=\"_blank\" rel=\"noopener\"><strong> 20 000 \u0165ahov<\/strong><\/a> pre dlhodob\u00fd z\u00e1\u017eitok z vapovania.<\/li>\n<li data-start=\"3071\" data-end=\"3190\">Vynikaj\u00faca chu\u0165: Mango, brosky\u0148a a vodn\u00fd mel\u00f3n pon\u00fakaj\u00fa jedine\u010dn\u00fa, osvie\u017euj\u00facu ovocn\u00fa zmes.<\/li>\n<li data-start=\"3191\" data-end=\"3284\">R\u00fdchle nab\u00edjanie: Typ-C konektor pre r\u00fdchle nab\u00edjanie a okam\u017eit\u00fa dostupnos\u0165.<\/li>\n<li data-start=\"3285\" data-end=\"3369\">Priamy odoslanie z Br\u00e9m: Doru\u010denie do 2-4 dn\u00ed bez coln\u00fdch poplatkov.<\/li>\n<li data-start=\"3370\" data-end=\"3440\">\u013dahk\u00e9 a prenosn\u00e9: S hmotnos\u0165ou iba 85g \u013eahk\u00e9 a pohodln\u00e9 na cestovanie.<\/li>\n<\/ul>\n<h4 data-start=\"3442\" data-end=\"3505\">K\u00fapte teraz a vychutnajte si ultim\u00e1tny z\u00e1\u017eitok s vapovan\u00edm!<\/h4>\n<p data-start=\"3507\" data-end=\"3923\" data-is-last-node=\"\" data-is-only-node=\"\">Ak h\u013ead\u00e1te v\u00fdkonn\u00fa, jedine\u010dn\u00fa chu\u0165ovo a prenosn\u00fa elektronick\u00fa cigaretu, Bang Blaze 20000 Puffs je dokonalou vo\u013ebou. Nav\u0161t\u00edvte teraz <a href=\"https:\/\/vapingnet.de\/sk\/\" target=\"_new\" rel=\"noopener\" data-start=\"3670\" data-end=\"3706\">vapingnet.de<\/a> a objednajte priamo na na\u0161ej webovej str\u00e1nke. Vychutnajte si r\u00fdchle doru\u010denie a v\u00fdnimo\u010dn\u00fd z\u00e1\u017eitok s vapovan\u00edm, ktor\u00fd v\u00e1m pon\u00faka Bang Blaze 20000 Puffs! Objednajte teraz a za\u017eite \u0161pi\u010dkov\u00fd v\u00fdkon tejto elektronickej cigarety!<\/p>","protected":false},"excerpt":{"rendered":"<p>Bang Blaze 20000 Puffs \u2013 Dokonal\u00fd z\u00e1\u017eitok z manga, broskyne a vodn\u00e9ho mel\u00f3nu pre dlhodob\u00e9 vapovanie! Na trhu s e-cigaretami sa Bang Blaze 20000 Puffs stal vynikaj\u00facim...<\/p>","protected":false},"featured_media":6844,"template":"","meta":[],"etheme_brands":[],"product_brand":[101],"product_cat":[54,49,61],"product_tag":[],"class_list":{"0":"post-5131","1":"product","2":"type-product","3":"status-publish","4":"has-post-thumbnail","6":"product_brand-bang-king-vape","7":"product_cat-vape-20000-zuege","8":"product_cat-einweg-e-zigarette","9":"product_cat-f","11":"first","12":"instock","13":"shipping-taxable","14":"purchasable","15":"product-type-simple"},"yoast_head":"<!-- This site is optimized with the Yoast SEO plugin v26.5 - https:\/\/yoast.com\/wordpress\/plugins\/seo\/ -->\n<title>Erlebe 20000 Z\u00fcge mit Bang Blaze Mango Peach Watermelon | Vapingnet.de<\/title>\n<meta name=\"description\" content=\"Entdecke Erlebe 20000 Z\u00fcge mit Bang Blaze Mango Peach Watermelon bei vapingnet.de, \u25ba Gro\u00dfe Auswahl an Geschmacksrichtungen &amp; super g\u00fcnstig!\" \/>\n<meta name=\"robots\" content=\"index, follow, max-snippet:-1, max-image-preview:large, max-video-preview:-1\" \/>\n<link rel=\"canonical\" href=\"https:\/\/vapingnet.de\/sk\/vape\/erlebe-20000-zuege-mit-bang-blaze-mango-peach-watermelon\/\" \/>\n<meta property=\"og:locale\" content=\"sk_SK\" \/>\n<meta property=\"og:type\" content=\"article\" \/>\n<meta property=\"og:title\" content=\"Erlebe 20000 Z\u00fcge mit Bang Blaze Mango Peach Watermelon | Vapingnet.de\" \/>\n<meta property=\"og:description\" content=\"Entdecke Erlebe 20000 Z\u00fcge mit Bang Blaze Mango Peach Watermelon bei vapingnet.de, \u25ba Gro\u00dfe Auswahl an Geschmacksrichtungen &amp; super g\u00fcnstig!\" \/>\n<meta property=\"og:url\" content=\"https:\/\/vapingnet.de\/sk\/vape\/erlebe-20000-zuege-mit-bang-blaze-mango-peach-watermelon\/\" \/>\n<meta property=\"og:site_name\" content=\"Vapingnet.de\" \/>\n<meta property=\"article:publisher\" content=\"https:\/\/www.facebook.com\/vapingnetde\/\" \/>\n<meta property=\"article:modified_time\" content=\"2026-01-28T08:37:03+00:00\" \/>\n<meta property=\"og:image\" content=\"https:\/\/vapingnet.de\/wp-content\/uploads\/2025\/03\/bang-blaze.jpg\" \/>\n\t<meta property=\"og:image:width\" content=\"1000\" \/>\n\t<meta property=\"og:image:height\" content=\"1000\" \/>\n\t<meta property=\"og:image:type\" content=\"image\/jpeg\" \/>\n<meta name=\"twitter:card\" content=\"summary_large_image\" \/>\n<meta name=\"twitter:label1\" content=\"Est. reading time\" \/>\n\t<meta name=\"twitter:data1\" content=\"4 minutes\" \/>\n<script type=\"application\/ld+json\" class=\"yoast-schema-graph\">{\"@context\":\"https:\/\/schema.org\",\"@graph\":[{\"@type\":\"WebPage\",\"@id\":\"https:\/\/vapingnet.de\/vape\/erlebe-20000-zuege-mit-bang-blaze-mango-peach-watermelon\/\",\"url\":\"https:\/\/vapingnet.de\/vape\/erlebe-20000-zuege-mit-bang-blaze-mango-peach-watermelon\/\",\"name\":\"Erlebe 20000 Z\u00fcge mit Bang Blaze Mango Peach Watermelon | Vapingnet.de\",\"isPartOf\":{\"@id\":\"https:\/\/vapingnet.de\/#website\"},\"primaryImageOfPage\":{\"@id\":\"https:\/\/vapingnet.de\/vape\/erlebe-20000-zuege-mit-bang-blaze-mango-peach-watermelon\/#primaryimage\"},\"image\":{\"@id\":\"https:\/\/vapingnet.de\/vape\/erlebe-20000-zuege-mit-bang-blaze-mango-peach-watermelon\/#primaryimage\"},\"thumbnailUrl\":\"https:\/\/vapingnet.de\/wp-content\/uploads\/2025\/03\/bang-blaze.jpg\",\"datePublished\":\"2025-12-13T07:41:03+00:00\",\"dateModified\":\"2026-01-28T08:37:03+00:00\",\"description\":\"Entdecke Erlebe 20000 Z\u00fcge mit Bang Blaze Mango Peach Watermelon bei vapingnet.de, \u25ba Gro\u00dfe Auswahl an Geschmacksrichtungen & super g\u00fcnstig!\",\"breadcrumb\":{\"@id\":\"https:\/\/vapingnet.de\/vape\/erlebe-20000-zuege-mit-bang-blaze-mango-peach-watermelon\/#breadcrumb\"},\"inLanguage\":\"sk-SK\",\"potentialAction\":[{\"@type\":\"ReadAction\",\"target\":[\"https:\/\/vapingnet.de\/vape\/erlebe-20000-zuege-mit-bang-blaze-mango-peach-watermelon\/\"]}]},{\"@type\":\"ImageObject\",\"inLanguage\":\"sk-SK\",\"@id\":\"https:\/\/vapingnet.de\/vape\/erlebe-20000-zuege-mit-bang-blaze-mango-peach-watermelon\/#primaryimage\",\"url\":\"https:\/\/vapingnet.de\/wp-content\/uploads\/2025\/03\/bang-blaze.jpg\",\"contentUrl\":\"https:\/\/vapingnet.de\/wp-content\/uploads\/2025\/03\/bang-blaze.jpg\",\"width\":1000,\"height\":1000},{\"@type\":\"BreadcrumbList\",\"@id\":\"https:\/\/vapingnet.de\/vape\/erlebe-20000-zuege-mit-bang-blaze-mango-peach-watermelon\/#breadcrumb\",\"itemListElement\":[{\"@type\":\"ListItem\",\"position\":1,\"name\":\"Home\",\"item\":\"https:\/\/vapingnet.de\/\"},{\"@type\":\"ListItem\",\"position\":2,\"name\":\"Shop\",\"item\":\"https:\/\/vapingnet.de\/vape\/\"},{\"@type\":\"ListItem\",\"position\":3,\"name\":\"Erlebe 20000 Z\u00fcge mit Bang Blaze Mango Peach Watermelon\"}]},{\"@type\":\"WebSite\",\"@id\":\"https:\/\/vapingnet.de\/#website\",\"url\":\"https:\/\/vapingnet.de\/\",\"name\":\"Vapingnet.de\",\"description\":\"\",\"publisher\":{\"@id\":\"https:\/\/vapingnet.de\/#organization\"},\"potentialAction\":[{\"@type\":\"SearchAction\",\"target\":{\"@type\":\"EntryPoint\",\"urlTemplate\":\"https:\/\/vapingnet.de\/?s={search_term_string}\"},\"query-input\":{\"@type\":\"PropertyValueSpecification\",\"valueRequired\":true,\"valueName\":\"search_term_string\"}}],\"inLanguage\":\"sk-SK\"},{\"@type\":\"Organization\",\"@id\":\"https:\/\/vapingnet.de\/#organization\",\"name\":\"Vapingnet.de\",\"url\":\"https:\/\/vapingnet.de\/\",\"logo\":{\"@type\":\"ImageObject\",\"inLanguage\":\"sk-SK\",\"@id\":\"https:\/\/vapingnet.de\/#\/schema\/logo\/image\/\",\"url\":\"https:\/\/vapingnet.de\/wp-content\/uploads\/2025\/03\/cropped-vapingnet.de_.jpg\",\"contentUrl\":\"https:\/\/vapingnet.de\/wp-content\/uploads\/2025\/03\/cropped-vapingnet.de_.jpg\",\"width\":512,\"height\":512,\"caption\":\"Vapingnet.de\"},\"image\":{\"@id\":\"https:\/\/vapingnet.de\/#\/schema\/logo\/image\/\"},\"sameAs\":[\"https:\/\/www.facebook.com\/vapingnetde\/\"]}]}<\/script>\n<!-- \/ Yoast SEO plugin. -->","yoast_head_json":{"title":"Erlebe 20000 Z\u00fcge mit Bang Blaze Mango Peach Watermelon | Vapingnet.de","description":"Entdecke Erlebe 20000 Z\u00fcge mit Bang Blaze Mango Peach Watermelon bei vapingnet.de, \u25ba Gro\u00dfe Auswahl an Geschmacksrichtungen & super g\u00fcnstig!","robots":{"index":"index","follow":"follow","max-snippet":"max-snippet:-1","max-image-preview":"max-image-preview:large","max-video-preview":"max-video-preview:-1"},"canonical":"https:\/\/vapingnet.de\/sk\/vape\/erlebe-20000-zuege-mit-bang-blaze-mango-peach-watermelon\/","og_locale":"sk_SK","og_type":"article","og_title":"Erlebe 20000 Z\u00fcge mit Bang Blaze Mango Peach Watermelon | Vapingnet.de","og_description":"Entdecke Erlebe 20000 Z\u00fcge mit Bang Blaze Mango Peach Watermelon bei vapingnet.de, \u25ba Gro\u00dfe Auswahl an Geschmacksrichtungen & super g\u00fcnstig!","og_url":"https:\/\/vapingnet.de\/sk\/vape\/erlebe-20000-zuege-mit-bang-blaze-mango-peach-watermelon\/","og_site_name":"Vapingnet.de","article_publisher":"https:\/\/www.facebook.com\/vapingnetde\/","article_modified_time":"2026-01-28T08:37:03+00:00","og_image":[{"width":1000,"height":1000,"url":"https:\/\/vapingnet.de\/wp-content\/uploads\/2025\/03\/bang-blaze.jpg","type":"image\/jpeg"}],"twitter_card":"summary_large_image","twitter_misc":{"Est. reading time":"4 minutes"},"schema":{"@context":"https:\/\/schema.org","@graph":[{"@type":"WebPage","@id":"https:\/\/vapingnet.de\/vape\/erlebe-20000-zuege-mit-bang-blaze-mango-peach-watermelon\/","url":"https:\/\/vapingnet.de\/vape\/erlebe-20000-zuege-mit-bang-blaze-mango-peach-watermelon\/","name":"Erlebe 20000 Z\u00fcge mit Bang Blaze Mango Peach Watermelon | Vapingnet.de","isPartOf":{"@id":"https:\/\/vapingnet.de\/#website"},"primaryImageOfPage":{"@id":"https:\/\/vapingnet.de\/vape\/erlebe-20000-zuege-mit-bang-blaze-mango-peach-watermelon\/#primaryimage"},"image":{"@id":"https:\/\/vapingnet.de\/vape\/erlebe-20000-zuege-mit-bang-blaze-mango-peach-watermelon\/#primaryimage"},"thumbnailUrl":"https:\/\/vapingnet.de\/wp-content\/uploads\/2025\/03\/bang-blaze.jpg","datePublished":"2025-12-13T07:41:03+00:00","dateModified":"2026-01-28T08:37:03+00:00","description":"Entdecke Erlebe 20000 Z\u00fcge mit Bang Blaze Mango Peach Watermelon bei vapingnet.de, \u25ba Gro\u00dfe Auswahl an Geschmacksrichtungen & super g\u00fcnstig!","breadcrumb":{"@id":"https:\/\/vapingnet.de\/vape\/erlebe-20000-zuege-mit-bang-blaze-mango-peach-watermelon\/#breadcrumb"},"inLanguage":"sk-SK","potentialAction":[{"@type":"ReadAction","target":["https:\/\/vapingnet.de\/vape\/erlebe-20000-zuege-mit-bang-blaze-mango-peach-watermelon\/"]}]},{"@type":"ImageObject","inLanguage":"sk-SK","@id":"https:\/\/vapingnet.de\/vape\/erlebe-20000-zuege-mit-bang-blaze-mango-peach-watermelon\/#primaryimage","url":"https:\/\/vapingnet.de\/wp-content\/uploads\/2025\/03\/bang-blaze.jpg","contentUrl":"https:\/\/vapingnet.de\/wp-content\/uploads\/2025\/03\/bang-blaze.jpg","width":1000,"height":1000},{"@type":"BreadcrumbList","@id":"https:\/\/vapingnet.de\/vape\/erlebe-20000-zuege-mit-bang-blaze-mango-peach-watermelon\/#breadcrumb","itemListElement":[{"@type":"ListItem","position":1,"name":"Home","item":"https:\/\/vapingnet.de\/"},{"@type":"ListItem","position":2,"name":"Shop","item":"https:\/\/vapingnet.de\/vape\/"},{"@type":"ListItem","position":3,"name":"Erlebe 20000 Z\u00fcge mit Bang Blaze Mango Peach Watermelon"}]},{"@type":"WebSite","@id":"https:\/\/vapingnet.de\/#website","url":"https:\/\/vapingnet.de\/","name":"Vapingnet.de","description":"","publisher":{"@id":"https:\/\/vapingnet.de\/#organization"},"potentialAction":[{"@type":"SearchAction","target":{"@type":"EntryPoint","urlTemplate":"https:\/\/vapingnet.de\/?s={search_term_string}"},"query-input":{"@type":"PropertyValueSpecification","valueRequired":true,"valueName":"search_term_string"}}],"inLanguage":"sk-SK"},{"@type":"Organization","@id":"https:\/\/vapingnet.de\/#organization","name":"Vapingnet.de","url":"https:\/\/vapingnet.de\/","logo":{"@type":"ImageObject","inLanguage":"sk-SK","@id":"https:\/\/vapingnet.de\/#\/schema\/logo\/image\/","url":"https:\/\/vapingnet.de\/wp-content\/uploads\/2025\/03\/cropped-vapingnet.de_.jpg","contentUrl":"https:\/\/vapingnet.de\/wp-content\/uploads\/2025\/03\/cropped-vapingnet.de_.jpg","width":512,"height":512,"caption":"Vapingnet.de"},"image":{"@id":"https:\/\/vapingnet.de\/#\/schema\/logo\/image\/"},"sameAs":["https:\/\/www.facebook.com\/vapingnetde\/"]}]}},"tiered_pricing_type":"fixed","tiered_pricing_fixed_rules":{"10":"7.59","60":"6.83","110":"6.07","200":"5.31"},"tiered_pricing_product_settings":{"layout":"default","base_unit_name":{"singular":null,"plural":null},"default_variation":null},"tiered_pricing_minimum_quantity":null,"tiered_pricing_roles_data":[],"tiered_pricing_percentage_rules":[],"_links":{"self":[{"href":"https:\/\/vapingnet.de\/sk\/wp-json\/wp\/v2\/product\/5131","targetHints":{"allow":["GET"]}}],"collection":[{"href":"https:\/\/vapingnet.de\/sk\/wp-json\/wp\/v2\/product"}],"about":[{"href":"https:\/\/vapingnet.de\/sk\/wp-json\/wp\/v2\/types\/product"}],"version-history":[{"count":4,"href":"https:\/\/vapingnet.de\/sk\/wp-json\/wp\/v2\/product\/5131\/revisions"}],"predecessor-version":[{"id":7304,"href":"https:\/\/vapingnet.de\/sk\/wp-json\/wp\/v2\/product\/5131\/revisions\/7304"}],"wp:featuredmedia":[{"embeddable":true,"href":"https:\/\/vapingnet.de\/sk\/wp-json\/wp\/v2\/media\/6844"}],"wp:attachment":[{"href":"https:\/\/vapingnet.de\/sk\/wp-json\/wp\/v2\/media?parent=5131"}],"wp:term":[{"taxonomy":"brand","embeddable":true,"href":"https:\/\/vapingnet.de\/sk\/wp-json\/wp\/v2\/etheme_brands?post=5131"},{"taxonomy":"product_brand","embeddable":true,"href":"https:\/\/vapingnet.de\/sk\/wp-json\/wp\/v2\/product_brand?post=5131"},{"taxonomy":"product_cat","embeddable":true,"href":"https:\/\/vapingnet.de\/sk\/wp-json\/wp\/v2\/product_cat?post=5131"},{"taxonomy":"product_tag","embeddable":true,"href":"https:\/\/vapingnet.de\/sk\/wp-json\/wp\/v2\/product_tag?post=5131"}],"curies":[{"name":"wp","href":"https:\/\/api.w.org\/{rel}","templated":true}]}}