{"id":5134,"date":"2025-03-12T07:47:16","date_gmt":"2025-03-12T07:47:16","guid":{"rendered":"https:\/\/vapingnet.de\/?post_type=product&#038;p=5134"},"modified":"2025-06-19T03:42:01","modified_gmt":"2025-06-19T03:42:01","slug":"20-000-zuege-voller-aroma-bang-blaze-watermelon-bubblegum","status":"publish","type":"product","link":"https:\/\/vapingnet.de\/sk\/vape\/20-000-zuege-voller-aroma-bang-blaze-watermelon-bubblegum\/","title":{"rendered":"20 000 potiahnut\u00ed pln\u00e9 ar\u00f3my Bang Blaze Watermelon Bubblegum"},"content":{"rendered":"<h2 data-start=\"0\" data-end=\"112\" data-immersive-translate-paragraph=\"1\" data-immersive-translate-walked=\"1e0d7aa3-5882-432b-89e3-9db3fb44fb98\">Bang Blaze 20000 Puffs \u2013 Za\u017eite chu\u0165 vodn\u00e9ho mel\u00f3nu a \u017euva\u010dky pre dlhotrvaj\u00faci parn\u00fd p\u00f4\u017eitok!<\/h2>\n<p data-start=\"114\" data-end=\"587\" data-immersive-translate-walked=\"1e0d7aa3-5882-432b-89e3-9db3fb44fb98\" data-immersive-translate-paragraph=\"1\">Ak ste milovn\u00edkom kvalitn\u00fdch e-cigariet, potom je Bang Blaze 20000 Puffs ur\u010dite vo\u013ebou, ktor\u00fa by ste nemali preme\u0161ka\u0165. Ako <a href=\"https:\/\/vapingnet.de\/sk\/k\/einweg-e-zigarette\/\" target=\"_blank\" rel=\"noopener\"><strong>Jednorazov\u00e1 elektronick\u00e1 cigareta<\/strong><\/a> nepon\u00faka nielen mimoriadne dlh\u00fa dobu parenia, ale aj dokonale sp\u00e1ja chu\u0165 vodn\u00e9ho mel\u00f3nu a \u017euva\u010dky, \u010do v\u00e1m poskytne chu\u0165ov\u00fd z\u00e1\u017eitok pln\u00fd sladk\u00fdch spomienok. Po\u010fme teraz objavi\u0165 hlavn\u00e9 vlastnosti tohto produktu a zisti\u0165, \u010do ho rob\u00ed tak v\u00fdnimo\u010dn\u00fdm!<\/p>\n<h4 data-start=\"589\" data-end=\"616\" data-immersive-translate-walked=\"1e0d7aa3-5882-432b-89e3-9db3fb44fb98\">Hlavn\u00e9 vlastnosti produktu:<\/h4>\n<p data-start=\"618\" data-end=\"660\" data-immersive-translate-walked=\"1e0d7aa3-5882-432b-89e3-9db3fb44fb98\" data-immersive-translate-paragraph=\"1\">1. Dlh\u00e1 doba parenia \u2013 20 000 \u0165ahov<\/p>\n<p data-start=\"662\" data-end=\"956\" data-immersive-translate-walked=\"1e0d7aa3-5882-432b-89e3-9db3fb44fb98\" data-immersive-translate-paragraph=\"1\">Bang Blaze 20000 Puffs v\u00e1m pon\u00faka neuverite\u013en\u00fa dobu parenia a\u017e do 20 000 \u0165ahov, tak\u017ee sa nemus\u00edte ob\u00e1va\u0165 \u010dastej v\u00fdmeny zariadenia. Ka\u017ed\u00fd \u0165ah zost\u00e1va rovnomern\u00fd a chu\u0165ovo konzistentn\u00fd, \u010do ho rob\u00ed ide\u00e1lnym na ka\u017edodenn\u00e9 pou\u017eitie alebo dlh\u00e9 parn\u00e9 seansy.<\/p>\n<p data-start=\"958\" data-end=\"1029\" data-immersive-translate-walked=\"1e0d7aa3-5882-432b-89e3-9db3fb44fb98\" data-immersive-translate-paragraph=\"1\">2. Dul Mesh Coil \u2013 Stabiln\u00fd vykurovac\u00ed syst\u00e9m pre rovnomern\u00e9 parenie<\/p>\n<p data-start=\"1031\" data-end=\"1342\" data-immersive-translate-walked=\"1e0d7aa3-5882-432b-89e3-9db3fb44fb98\" data-immersive-translate-paragraph=\"1\">Bang Blaze je vybaven\u00fd Dul Mesh Coil (1.0\u03a9), ktor\u00fd zabezpe\u010duje rovnomern\u00e9 a efekt\u00edvne zahrievanie. M\u00f4\u017eete si by\u0165 ist\u00ed, \u017ee ka\u017ed\u00fd \u0165ah bude jemn\u00fd a chu\u0165ovo bohat\u00fd. T\u00e1to pokro\u010dil\u00e1 technol\u00f3gia zabezpe\u010duje, \u017ee para je v\u017edy rovnomern\u00e1 a pln\u00e1 chuti.<\/p>\n<p data-start=\"1344\" data-end=\"1426\" data-immersive-translate-walked=\"1e0d7aa3-5882-432b-89e3-9db3fb44fb98\" data-immersive-translate-paragraph=\"1\">3. Chu\u0165 vodn\u00e9ho mel\u00f3nu a \u017euva\u010dky \u2013 osvie\u017euj\u00faca a sladk\u00e1 z\u00e1rove\u0148<\/p>\n<p data-start=\"1428\" data-end=\"1801\" data-immersive-translate-walked=\"1e0d7aa3-5882-432b-89e3-9db3fb44fb98\">Chu\u0165 vodn\u00e9ho mel\u00f3nu a \u017euva\u010dky v Bang Blaze 20000 Puffs je dokonalou kombin\u00e1ciou osvie\u017euj\u00facej svie\u017eosti a sladkej nostalgie. Ka\u017ed\u00fd \u0165ah je ako prech\u00e1dzka v lete, zatia\u013e \u010do ste obklopen\u00ed ovocnou \u0161\u0165avnatos\u0165ou vodn\u00e9ho mel\u00f3nu a sladkos\u0165ou \u017euva\u010dky. Skuto\u010dn\u00fd chu\u0165ov\u00fd z\u00e1\u017eitok pre v\u0161etk\u00fdch milovn\u00edkov ovocn\u00fdch a sladk\u00fdch ar\u00f3m!<\/p>\n<p data-start=\"1803\" data-end=\"1880\" data-immersive-translate-walked=\"1e0d7aa3-5882-432b-89e3-9db3fb44fb98\">4. R\u00f4zne \u00farovne nikot\u00ednu \u2013 pre prisp\u00f4soben\u00fd z\u00e1\u017eitok<\/p>\n<p data-start=\"1882\" data-end=\"2191\">Bang Blaze 20000 Puffs pon\u00faka r\u00f4zne \u00farovne nikot\u00ednu: 0%, 2%, 3% a 5%. M\u00f4\u017eete si vybra\u0165 \u00farove\u0148 nikot\u00ednu, ktor\u00e1 v\u00e1m najviac vyhovuje, \u010di u\u017e preferujete jemnej\u0161\u00ed alebo silnej\u0161\u00ed parn\u00fd z\u00e1\u017eitok. Obzvl\u00e1\u0161\u0165 varianty 0% a 3% je mo\u017en\u00e9 objedna\u0165 vo v\u00e4\u010d\u0161\u00edch mno\u017estv\u00e1ch, ide\u00e1lne pre ve\u013ek\u00e9 objedn\u00e1vky.<\/p>\n<p data-start=\"2193\" data-end=\"2260\">5. R\u00fdchle nab\u00edjanie \u2013 Typ-C konektor pre okam\u017eit\u00fd p\u00f4\u017eitok<\/p>\n<p data-start=\"2262\" data-end=\"2515\">Typ-C konektor umo\u017e\u0148uje r\u00fdchle nab\u00edjanie, tak\u017ee ste v\u017edy r\u00fdchlo pripraven\u00ed na \u010fal\u0161\u00ed z\u00e1\u017eitok. \u010ci u\u017e ste na cest\u00e1ch alebo doma, s r\u00fdchlym nab\u00edja\u010dom je Bang Blaze v\u017edy pripraven\u00fd v\u00e1m poskytn\u00fa\u0165 nezabudnute\u013en\u00fd parn\u00fd z\u00e1\u017eitok.<\/p>\n<h4 data-start=\"2517\" data-end=\"2599\">Bezprobl\u00e9mov\u00e9 nakupovanie \u2013 Priamy odoslanie z Deutschland, bez coln\u00fdch poplatkov<\/h4>\n<ul data-start=\"2601\" data-end=\"3211\">\n<li data-start=\"2601\" data-end=\"2895\">\n<p data-start=\"2603\" data-end=\"2895\">Priamy odoslanie z Bratislavy, bez coln\u00fdch poplatkov<br data-start=\"2651\" data-end=\"2654\" \/>V\u0161etky objedn\u00e1vky s\u00fa odosielan\u00e9 priamo z n\u00e1\u0161ho skladu v Bratislave, tak\u017ee sa nemus\u00edte ob\u00e1va\u0165 <a href=\"https:\/\/vapingnet.de\/sk\/k\/f\/\" target=\"_blank\" rel=\"noopener\"><strong>coln\u00fdch poplatkov<\/strong><\/a> alebo skryt\u00fdch n\u00e1kladov. S dodacou dobou 2-4 dni obdr\u017e\u00edte svoju objedn\u00e1vku r\u00fdchlo a spo\u013eahlivo.<\/p>\n<\/li>\n<li data-start=\"2897\" data-end=\"3211\">\n<p data-start=\"2899\" data-end=\"3211\">Kompaktn\u00e9 a prenosn\u00e9 \u2013 V\u017edy a v\u0161ade si vychutnajte<br data-start=\"2951\" data-end=\"2954\" \/>Napriek ve\u013ekej kapacite v\u00e1\u017ei Bang Blaze iba 85 g a je mimoriadne \u013eahk\u00fd a kompaktn\u00fd. M\u00f4\u017eete ho bez probl\u00e9mov ulo\u017ei\u0165 do ta\u0161ky alebo batohu a kedyko\u013evek si ho vychutna\u0165 \u2013 \u010di u\u017e na cest\u00e1ch, v pr\u00e1ci alebo pri stretnut\u00ed s priate\u013emi.<\/p>\n<\/li>\n<\/ul>\n<h3>Pre\u010do si vybra\u0165 Bang Blaze 20000 Puffs?<\/h3>\n<ul data-start=\"3289\" data-end=\"3754\">\n<li data-start=\"3289\" data-end=\"3364\">Dlh\u00e1 doba parenia: A\u017e 20 000 \u0165ahov pre dlhodob\u00fd z\u00e1\u017eitok z parenia.<\/li>\n<li data-start=\"3365\" data-end=\"3499\">Jedine\u010dn\u00e1 chu\u0165: Perfektn\u00e1 zmes vodn\u00e9ho mel\u00f3nu a \u017euva\u010dky pre osvie\u017euj\u00faci a sladk\u00fd z\u00e1\u017eitok z chuti.<\/li>\n<li data-start=\"3500\" data-end=\"3590\">R\u00fdchle nab\u00edjanie: Typ-C konektor pre r\u00fdchle nab\u00edjanie a okam\u017eit\u00e9 u\u017e\u00edvanie.<\/li>\n<li data-start=\"3591\" data-end=\"3678\">Priamy odoslanie z Deutschland: Odoslanie do 2-4 dn\u00ed bez coln\u00fdch poplatkov.<\/li>\n<li data-start=\"3679\" data-end=\"3754\">\u013dahk\u00fd a prenosn\u00fd: S v\u00e1hou iba 85 g \u013eahko prenosn\u00fd a skladn\u00fd.<\/li>\n<\/ul>\n<h4 data-start=\"3756\" data-end=\"3844\">K\u00fapte teraz a vychutnajte si v\u00fdnimo\u010dn\u00fa chu\u0165 vodn\u00e9ho mel\u00f3nu s \u017euva\u010dkou!<\/h4>\n<p data-start=\"3846\" data-end=\"4224\" data-is-last-node=\"\" data-is-only-node=\"\">Ak h\u013ead\u00e1te v\u00fdkonn\u00fa a jedine\u010dn\u00fa elektronick\u00fa cigaretu, Bang Blaze 20000 Puffs je pre v\u00e1s ide\u00e1lnou vo\u013ebou. Nav\u0161t\u00edvte na\u0161u webov\u00fa str\u00e1nku teraz <a href=\"https:\/\/vapingnet.de\/sk\/\" target=\"_new\" rel=\"noopener\" data-start=\"4034\" data-end=\"4070\">vapingnet.de<\/a>, objednajte priamo a za\u017eite r\u00fdchle doru\u010denie a nezabudnute\u013en\u00fd z\u00e1\u017eitok z parenia. Objednajte teraz a vychutnajte si \u0161pi\u010dkov\u00fd v\u00fdkon tejto elektronickej cigarety!<\/p>","protected":false},"excerpt":{"rendered":"<p>Bang Blaze 20000 Puffs \u2013 Za\u017eite chu\u0165 vodn\u00e9ho mel\u00f3nu a \u017euva\u010dky pre dlhodob\u00fd parn\u00fd p\u00f4\u017eitok! Ak ste milovn\u00edkom kvalitn\u00fdch e-cigariet, potom je...<\/p>","protected":false},"featured_media":6844,"template":"","meta":[],"etheme_brands":[],"product_brand":[101],"product_cat":[54,49,61],"product_tag":[],"class_list":{"0":"post-5134","1":"product","2":"type-product","3":"status-publish","4":"has-post-thumbnail","6":"product_brand-bang-king-vape","7":"product_cat-vape-20000-zuege","8":"product_cat-einweg-e-zigarette","9":"product_cat-f","11":"first","12":"instock","13":"shipping-taxable","14":"purchasable","15":"product-type-simple"},"yoast_head":"<!-- This site is optimized with the Yoast SEO plugin v26.5 - https:\/\/yoast.com\/wordpress\/plugins\/seo\/ -->\n<title>20.000 Z\u00fcge voller Aroma Bang Blaze Watermelon Bubblegum | Vapingnet.de<\/title>\n<meta name=\"description\" content=\"Entdecke 20.000 Z\u00fcge voller Aroma Bang Blaze Watermelon Bubblegum bei vapingnet.de, \u25ba Gro\u00dfe Auswahl an Geschmacksrichtungen &amp; super g\u00fcnstig!\" \/>\n<meta name=\"robots\" content=\"index, follow, max-snippet:-1, max-image-preview:large, max-video-preview:-1\" \/>\n<link rel=\"canonical\" href=\"https:\/\/vapingnet.de\/sk\/vape\/20-000-zuege-voller-aroma-bang-blaze-watermelon-bubblegum\/\" \/>\n<meta property=\"og:locale\" content=\"sk_SK\" \/>\n<meta property=\"og:type\" content=\"article\" \/>\n<meta property=\"og:title\" content=\"20.000 Z\u00fcge voller Aroma Bang Blaze Watermelon Bubblegum | Vapingnet.de\" \/>\n<meta property=\"og:description\" content=\"Entdecke 20.000 Z\u00fcge voller Aroma Bang Blaze Watermelon Bubblegum bei vapingnet.de, \u25ba Gro\u00dfe Auswahl an Geschmacksrichtungen &amp; super g\u00fcnstig!\" \/>\n<meta property=\"og:url\" content=\"https:\/\/vapingnet.de\/sk\/vape\/20-000-zuege-voller-aroma-bang-blaze-watermelon-bubblegum\/\" \/>\n<meta property=\"og:site_name\" content=\"Vapingnet.de\" \/>\n<meta property=\"article:publisher\" content=\"https:\/\/www.facebook.com\/vapingnetde\/\" \/>\n<meta property=\"article:modified_time\" content=\"2025-06-19T03:42:01+00:00\" \/>\n<meta property=\"og:image\" content=\"https:\/\/vapingnet.de\/wp-content\/uploads\/2025\/03\/bang-blaze.jpg\" \/>\n\t<meta property=\"og:image:width\" content=\"1000\" \/>\n\t<meta property=\"og:image:height\" content=\"1000\" \/>\n\t<meta property=\"og:image:type\" content=\"image\/jpeg\" \/>\n<meta name=\"twitter:card\" content=\"summary_large_image\" \/>\n<meta name=\"twitter:label1\" content=\"Est. reading time\" \/>\n\t<meta name=\"twitter:data1\" content=\"4 minutes\" \/>\n<script type=\"application\/ld+json\" class=\"yoast-schema-graph\">{\"@context\":\"https:\/\/schema.org\",\"@graph\":[{\"@type\":\"WebPage\",\"@id\":\"https:\/\/vapingnet.de\/vape\/20-000-zuege-voller-aroma-bang-blaze-watermelon-bubblegum\/\",\"url\":\"https:\/\/vapingnet.de\/vape\/20-000-zuege-voller-aroma-bang-blaze-watermelon-bubblegum\/\",\"name\":\"20.000 Z\u00fcge voller Aroma Bang Blaze Watermelon Bubblegum | Vapingnet.de\",\"isPartOf\":{\"@id\":\"https:\/\/vapingnet.de\/#website\"},\"primaryImageOfPage\":{\"@id\":\"https:\/\/vapingnet.de\/vape\/20-000-zuege-voller-aroma-bang-blaze-watermelon-bubblegum\/#primaryimage\"},\"image\":{\"@id\":\"https:\/\/vapingnet.de\/vape\/20-000-zuege-voller-aroma-bang-blaze-watermelon-bubblegum\/#primaryimage\"},\"thumbnailUrl\":\"https:\/\/vapingnet.de\/wp-content\/uploads\/2025\/03\/bang-blaze.jpg\",\"datePublished\":\"2025-03-12T07:47:16+00:00\",\"dateModified\":\"2025-06-19T03:42:01+00:00\",\"description\":\"Entdecke 20.000 Z\u00fcge voller Aroma Bang Blaze Watermelon Bubblegum bei vapingnet.de, \u25ba Gro\u00dfe Auswahl an Geschmacksrichtungen & super g\u00fcnstig!\",\"breadcrumb\":{\"@id\":\"https:\/\/vapingnet.de\/vape\/20-000-zuege-voller-aroma-bang-blaze-watermelon-bubblegum\/#breadcrumb\"},\"inLanguage\":\"sk-SK\",\"potentialAction\":[{\"@type\":\"ReadAction\",\"target\":[\"https:\/\/vapingnet.de\/vape\/20-000-zuege-voller-aroma-bang-blaze-watermelon-bubblegum\/\"]}]},{\"@type\":\"ImageObject\",\"inLanguage\":\"sk-SK\",\"@id\":\"https:\/\/vapingnet.de\/vape\/20-000-zuege-voller-aroma-bang-blaze-watermelon-bubblegum\/#primaryimage\",\"url\":\"https:\/\/vapingnet.de\/wp-content\/uploads\/2025\/03\/bang-blaze.jpg\",\"contentUrl\":\"https:\/\/vapingnet.de\/wp-content\/uploads\/2025\/03\/bang-blaze.jpg\",\"width\":1000,\"height\":1000},{\"@type\":\"BreadcrumbList\",\"@id\":\"https:\/\/vapingnet.de\/vape\/20-000-zuege-voller-aroma-bang-blaze-watermelon-bubblegum\/#breadcrumb\",\"itemListElement\":[{\"@type\":\"ListItem\",\"position\":1,\"name\":\"Home\",\"item\":\"https:\/\/vapingnet.de\/\"},{\"@type\":\"ListItem\",\"position\":2,\"name\":\"Shop\",\"item\":\"https:\/\/vapingnet.de\/vape\/\"},{\"@type\":\"ListItem\",\"position\":3,\"name\":\"20.000 Z\u00fcge voller Aroma Bang Blaze Watermelon Bubblegum\"}]},{\"@type\":\"WebSite\",\"@id\":\"https:\/\/vapingnet.de\/#website\",\"url\":\"https:\/\/vapingnet.de\/\",\"name\":\"Vapingnet.de\",\"description\":\"\",\"publisher\":{\"@id\":\"https:\/\/vapingnet.de\/#organization\"},\"potentialAction\":[{\"@type\":\"SearchAction\",\"target\":{\"@type\":\"EntryPoint\",\"urlTemplate\":\"https:\/\/vapingnet.de\/?s={search_term_string}\"},\"query-input\":{\"@type\":\"PropertyValueSpecification\",\"valueRequired\":true,\"valueName\":\"search_term_string\"}}],\"inLanguage\":\"sk-SK\"},{\"@type\":\"Organization\",\"@id\":\"https:\/\/vapingnet.de\/#organization\",\"name\":\"Vapingnet.de\",\"url\":\"https:\/\/vapingnet.de\/\",\"logo\":{\"@type\":\"ImageObject\",\"inLanguage\":\"sk-SK\",\"@id\":\"https:\/\/vapingnet.de\/#\/schema\/logo\/image\/\",\"url\":\"https:\/\/vapingnet.de\/wp-content\/uploads\/2025\/03\/cropped-vapingnet.de_.jpg\",\"contentUrl\":\"https:\/\/vapingnet.de\/wp-content\/uploads\/2025\/03\/cropped-vapingnet.de_.jpg\",\"width\":512,\"height\":512,\"caption\":\"Vapingnet.de\"},\"image\":{\"@id\":\"https:\/\/vapingnet.de\/#\/schema\/logo\/image\/\"},\"sameAs\":[\"https:\/\/www.facebook.com\/vapingnetde\/\"]}]}<\/script>\n<!-- \/ Yoast SEO plugin. -->","yoast_head_json":{"title":"20.000 Z\u00fcge voller Aroma Bang Blaze Watermelon Bubblegum | Vapingnet.de","description":"Entdecke 20.000 Z\u00fcge voller Aroma Bang Blaze Watermelon Bubblegum bei vapingnet.de, \u25ba Gro\u00dfe Auswahl an Geschmacksrichtungen & super g\u00fcnstig!","robots":{"index":"index","follow":"follow","max-snippet":"max-snippet:-1","max-image-preview":"max-image-preview:large","max-video-preview":"max-video-preview:-1"},"canonical":"https:\/\/vapingnet.de\/sk\/vape\/20-000-zuege-voller-aroma-bang-blaze-watermelon-bubblegum\/","og_locale":"sk_SK","og_type":"article","og_title":"20.000 Z\u00fcge voller Aroma Bang Blaze Watermelon Bubblegum | Vapingnet.de","og_description":"Entdecke 20.000 Z\u00fcge voller Aroma Bang Blaze Watermelon Bubblegum bei vapingnet.de, \u25ba Gro\u00dfe Auswahl an Geschmacksrichtungen & super g\u00fcnstig!","og_url":"https:\/\/vapingnet.de\/sk\/vape\/20-000-zuege-voller-aroma-bang-blaze-watermelon-bubblegum\/","og_site_name":"Vapingnet.de","article_publisher":"https:\/\/www.facebook.com\/vapingnetde\/","article_modified_time":"2025-06-19T03:42:01+00:00","og_image":[{"width":1000,"height":1000,"url":"https:\/\/vapingnet.de\/wp-content\/uploads\/2025\/03\/bang-blaze.jpg","type":"image\/jpeg"}],"twitter_card":"summary_large_image","twitter_misc":{"Est. reading time":"4 minutes"},"schema":{"@context":"https:\/\/schema.org","@graph":[{"@type":"WebPage","@id":"https:\/\/vapingnet.de\/vape\/20-000-zuege-voller-aroma-bang-blaze-watermelon-bubblegum\/","url":"https:\/\/vapingnet.de\/vape\/20-000-zuege-voller-aroma-bang-blaze-watermelon-bubblegum\/","name":"20.000 Z\u00fcge voller Aroma Bang Blaze Watermelon Bubblegum | Vapingnet.de","isPartOf":{"@id":"https:\/\/vapingnet.de\/#website"},"primaryImageOfPage":{"@id":"https:\/\/vapingnet.de\/vape\/20-000-zuege-voller-aroma-bang-blaze-watermelon-bubblegum\/#primaryimage"},"image":{"@id":"https:\/\/vapingnet.de\/vape\/20-000-zuege-voller-aroma-bang-blaze-watermelon-bubblegum\/#primaryimage"},"thumbnailUrl":"https:\/\/vapingnet.de\/wp-content\/uploads\/2025\/03\/bang-blaze.jpg","datePublished":"2025-03-12T07:47:16+00:00","dateModified":"2025-06-19T03:42:01+00:00","description":"Entdecke 20.000 Z\u00fcge voller Aroma Bang Blaze Watermelon Bubblegum bei vapingnet.de, \u25ba Gro\u00dfe Auswahl an Geschmacksrichtungen & super g\u00fcnstig!","breadcrumb":{"@id":"https:\/\/vapingnet.de\/vape\/20-000-zuege-voller-aroma-bang-blaze-watermelon-bubblegum\/#breadcrumb"},"inLanguage":"sk-SK","potentialAction":[{"@type":"ReadAction","target":["https:\/\/vapingnet.de\/vape\/20-000-zuege-voller-aroma-bang-blaze-watermelon-bubblegum\/"]}]},{"@type":"ImageObject","inLanguage":"sk-SK","@id":"https:\/\/vapingnet.de\/vape\/20-000-zuege-voller-aroma-bang-blaze-watermelon-bubblegum\/#primaryimage","url":"https:\/\/vapingnet.de\/wp-content\/uploads\/2025\/03\/bang-blaze.jpg","contentUrl":"https:\/\/vapingnet.de\/wp-content\/uploads\/2025\/03\/bang-blaze.jpg","width":1000,"height":1000},{"@type":"BreadcrumbList","@id":"https:\/\/vapingnet.de\/vape\/20-000-zuege-voller-aroma-bang-blaze-watermelon-bubblegum\/#breadcrumb","itemListElement":[{"@type":"ListItem","position":1,"name":"Home","item":"https:\/\/vapingnet.de\/"},{"@type":"ListItem","position":2,"name":"Shop","item":"https:\/\/vapingnet.de\/vape\/"},{"@type":"ListItem","position":3,"name":"20.000 Z\u00fcge voller Aroma Bang Blaze Watermelon Bubblegum"}]},{"@type":"WebSite","@id":"https:\/\/vapingnet.de\/#website","url":"https:\/\/vapingnet.de\/","name":"Vapingnet.de","description":"","publisher":{"@id":"https:\/\/vapingnet.de\/#organization"},"potentialAction":[{"@type":"SearchAction","target":{"@type":"EntryPoint","urlTemplate":"https:\/\/vapingnet.de\/?s={search_term_string}"},"query-input":{"@type":"PropertyValueSpecification","valueRequired":true,"valueName":"search_term_string"}}],"inLanguage":"sk-SK"},{"@type":"Organization","@id":"https:\/\/vapingnet.de\/#organization","name":"Vapingnet.de","url":"https:\/\/vapingnet.de\/","logo":{"@type":"ImageObject","inLanguage":"sk-SK","@id":"https:\/\/vapingnet.de\/#\/schema\/logo\/image\/","url":"https:\/\/vapingnet.de\/wp-content\/uploads\/2025\/03\/cropped-vapingnet.de_.jpg","contentUrl":"https:\/\/vapingnet.de\/wp-content\/uploads\/2025\/03\/cropped-vapingnet.de_.jpg","width":512,"height":512,"caption":"Vapingnet.de"},"image":{"@id":"https:\/\/vapingnet.de\/#\/schema\/logo\/image\/"},"sameAs":["https:\/\/www.facebook.com\/vapingnetde\/"]}]}},"tiered_pricing_type":"fixed","tiered_pricing_fixed_rules":{"10":"7.59","60":"6.83","110":"6.07","200":"5.31"},"tiered_pricing_product_settings":{"layout":"default","base_unit_name":{"singular":null,"plural":null},"default_variation":null},"tiered_pricing_minimum_quantity":null,"tiered_pricing_roles_data":[],"tiered_pricing_percentage_rules":[],"_links":{"self":[{"href":"https:\/\/vapingnet.de\/sk\/wp-json\/wp\/v2\/product\/5134","targetHints":{"allow":["GET"]}}],"collection":[{"href":"https:\/\/vapingnet.de\/sk\/wp-json\/wp\/v2\/product"}],"about":[{"href":"https:\/\/vapingnet.de\/sk\/wp-json\/wp\/v2\/types\/product"}],"version-history":[{"count":4,"href":"https:\/\/vapingnet.de\/sk\/wp-json\/wp\/v2\/product\/5134\/revisions"}],"predecessor-version":[{"id":5137,"href":"https:\/\/vapingnet.de\/sk\/wp-json\/wp\/v2\/product\/5134\/revisions\/5137"}],"wp:featuredmedia":[{"embeddable":true,"href":"https:\/\/vapingnet.de\/sk\/wp-json\/wp\/v2\/media\/6844"}],"wp:attachment":[{"href":"https:\/\/vapingnet.de\/sk\/wp-json\/wp\/v2\/media?parent=5134"}],"wp:term":[{"taxonomy":"brand","embeddable":true,"href":"https:\/\/vapingnet.de\/sk\/wp-json\/wp\/v2\/etheme_brands?post=5134"},{"taxonomy":"product_brand","embeddable":true,"href":"https:\/\/vapingnet.de\/sk\/wp-json\/wp\/v2\/product_brand?post=5134"},{"taxonomy":"product_cat","embeddable":true,"href":"https:\/\/vapingnet.de\/sk\/wp-json\/wp\/v2\/product_cat?post=5134"},{"taxonomy":"product_tag","embeddable":true,"href":"https:\/\/vapingnet.de\/sk\/wp-json\/wp\/v2\/product_tag?post=5134"}],"curies":[{"name":"wp","href":"https:\/\/api.w.org\/{rel}","templated":true}]}}