{"id":5139,"date":"2025-03-12T07:54:34","date_gmt":"2025-03-12T07:54:34","guid":{"rendered":"https:\/\/vapingnet.de\/?post_type=product&#038;p=5139"},"modified":"2025-06-19T03:42:00","modified_gmt":"2025-06-19T03:42:00","slug":"bang-blaze-kiwi-passion-fruit-pomegranate-20000-puffs-voller-genuss","status":"publish","type":"product","link":"https:\/\/vapingnet.de\/sk\/vape\/bang-blaze-kiwi-passion-fruit-pomegranate-20000-puffs-voller-genuss\/","title":{"rendered":"Bang Blaze Kiwi Passion Fruit Pomegranate 20000 potiahnut\u00ed pln\u00e9 p\u00f4\u017eitku"},"content":{"rendered":"<h2 data-start=\"0\" data-end=\"145\" data-immersive-translate-paragraph=\"1\" data-immersive-translate-walked=\"0bbf4045-d285-4f7d-b72e-79fd8096a181\">Bang Blaze 20000 Puffs \u2013 Vychutnajte si dokonal\u00fa ovocn\u00fa zmes z Kiwi Passion Fruit Pomegranate pre dlhodob\u00fd z\u00e1\u017eitok z vapovania!<\/h2>\n<p data-start=\"147\" data-end=\"646\" data-immersive-translate-walked=\"0bbf4045-d285-4f7d-b72e-79fd8096a181\" data-immersive-translate-paragraph=\"1\">Bang Blaze 20000 Puffs je skuto\u010dn\u00e9 majstrovsk\u00e9 dielo na trhu elektronick\u00fdch cigariet. So svojou jedine\u010dnou ovocnou chu\u0165ou a mimoriadne dlh\u00fdm pou\u017e\u00edvate\u013esk\u00fdm z\u00e1\u017eitkom si tento jednorazov\u00fd vape r\u00fdchlo z\u00edskal pozornos\u0165 mnoh\u00fdch vapera. Pon\u00faka nielen jedine\u010dn\u00fa chu\u0165 Kiwi Passion Fruit Pomegranate, ale aj p\u00f4sobiv\u00fa v\u00fddr\u017e a pou\u017e\u00edvate\u013esk\u00fa priate\u013eskos\u0165. Objavme, pre\u010do je tento vape absol\u00fatnou nevyhnutnos\u0165ou pre v\u0161etk\u00fdch vapera!<\/p>\n<h4 data-start=\"648\" data-end=\"672\" data-immersive-translate-walked=\"0bbf4045-d285-4f7d-b72e-79fd8096a181\">Vlastnosti produktu:<\/h4>\n<p data-start=\"674\" data-end=\"716\" data-immersive-translate-walked=\"0bbf4045-d285-4f7d-b72e-79fd8096a181\" data-immersive-translate-paragraph=\"1\">1. Dlh\u00e1 doba vapovania \u2013 20 000 \u0165ahov<\/p>\n<p data-start=\"717\" data-end=\"1068\" data-immersive-translate-walked=\"0bbf4045-d285-4f7d-b72e-79fd8096a181\" data-immersive-translate-paragraph=\"1\">Bang Blaze 20000 Puffs pon\u00faka neuverite\u013en\u00fa dobu vapovania a\u017e do <a href=\"https:\/\/vapingnet.de\/sk\/k\/vape-20000-zuege\/\" target=\"_blank\" rel=\"noopener\"><strong>20 000 \u0165ahov<\/strong><\/a>. \u010c\u00edm sa v\u00fdrazne odli\u0161uje od be\u017en\u00fdch zariaden\u00ed, ktor\u00e9 maj\u00fa zvy\u010dajne ove\u013ea krat\u0161iu \u017eivotnos\u0165. \u010ci u\u017e na denn\u00e9 pou\u017eitie alebo dlh\u00e9 vapovacie seansy na p\u00e1rty alebo na cest\u00e1ch \u2013 tento vape poskytuje kon\u0161tantn\u00fd a dlhotrvaj\u00faci z\u00e1\u017eitok z parenia.<\/p>\n<p data-start=\"1070\" data-end=\"1166\" data-immersive-translate-walked=\"0bbf4045-d285-4f7d-b72e-79fd8096a181\" data-immersive-translate-paragraph=\"1\">2. Dul Mesh Coil technol\u00f3gia \u2013 Rovnomern\u00e9 zahrievanie pre hladk\u00fa chu\u0165<\/p>\n<p data-start=\"1167\" data-end=\"1473\" data-immersive-translate-walked=\"0bbf4045-d285-4f7d-b72e-79fd8096a181\">Vybaven\u00fd pokro\u010dilou Dul Mesh Coil (1.0\u03a9), Bang Blaze 20000 Puffs zabezpe\u010duje rovnomern\u00e9 a r\u00fdchle zahrievanie e-liquidu, \u010do vedie k st\u00e1le jemnej a intenz\u00edvnej chuti. Ka\u017ed\u00fd \u0165ah zaru\u010duje rovnomern\u00fd v\u00fdvoj pary a lahodn\u00fd z\u00e1\u017eitok.<\/p>\n<p data-start=\"1475\" data-end=\"1561\" data-immersive-translate-walked=\"0bbf4045-d285-4f7d-b72e-79fd8096a181\">3. Chu\u0165 Kiwi Passion Fruit Pomegranate \u2013 Ovocn\u00fd p\u00f4\u017eitok<\/p>\n<p data-start=\"1562\" data-end=\"1967\" data-immersive-translate-walked=\"0bbf4045-d285-4f7d-b72e-79fd8096a181\">Ten <a href=\"https:\/\/vapingnet.de\/sk\/bang-blaze-20000-puffs\/\" target=\"_blank\" rel=\"noopener\"><strong>Bang Blaze 20000 Pufov<\/strong> <\/a>pon\u00faka v\u00fdnimo\u010dn\u00fa ovocn\u00fa zmes z Kiwi Passion Fruit Pomegranate. \u010cerstv\u00e1 chu\u0165 kiwi, sladkos\u0165 marakuje a h\u013abka gran\u00e1tov\u00e9ho jablka sa sp\u00e1jaj\u00fa do jedine\u010dn\u00e9ho chu\u0165ov\u00e9ho z\u00e1\u017eitku. Ka\u017ed\u00fd \u0165ah je ako by ste sa ponorili do tropickej z\u00e1hrady plnej \u0161\u0165avnat\u00e9ho ovocia \u2013 osvie\u017euj\u00face, sladk\u00e9 a pln\u00e9 ovocn\u00fdch ar\u00f3m.<\/p>\n<p data-start=\"1969\" data-end=\"2054\">4. R\u00f4zne nikot\u00ednov\u00e9 koncentr\u00e1cie \u2013 Pre ka\u017ed\u00fd po\u017eiadavok spr\u00e1vna intenzita<\/p>\n<p data-start=\"2055\" data-end=\"2340\">Bang Blaze 20000 Puffs je dostupn\u00fd v nikot\u00ednov\u00fdch koncentr\u00e1ci\u00e1ch 0%, 2%, 3% a 5%. Pod\u013ea potreby a preferenci\u00ed si m\u00f4\u017eete vybra\u0165 t\u00fa najvhodnej\u0161iu. Obzvl\u00e1\u0161\u0165 varianty 0% a 3% je mo\u017en\u00e9 objedna\u0165 vo v\u00e4\u010d\u0161\u00edch mno\u017estv\u00e1ch, \u010do ich rob\u00ed ide\u00e1lnymi pre ve\u013ek\u00e9 objedn\u00e1vky.<\/p>\n<p data-start=\"2342\" data-end=\"2412\">5. R\u00fdchle nab\u00edjanie \u2013 Typ-C konektor pre okam\u017eit\u00fd p\u00f4\u017eitok<\/p>\n<p data-start=\"2413\" data-end=\"2685\">V\u010faka Typ-C konektoru je nab\u00edjanie Bang Blaze 20000 Puffs mimoriadne r\u00fdchle. Nemus\u00edte sa ob\u00e1va\u0165 dlh\u00e9ho nab\u00edjania \u2013 vape je v\u017edy pripraven\u00fd na pou\u017eitie v kr\u00e1tkom \u010dase a umo\u017e\u0148uje v\u00e1m vapova\u0165 kedyko\u013evek bez obmedzen\u00ed.<\/p>\n<h4 data-start=\"2687\" data-end=\"2781\">Pohodln\u00fd n\u00e1kup \u2013 Bez cla, priama dod\u00e1vka z Deutschland, dodacia lehota 2-4 dni<\/h4>\n<ul data-start=\"2783\" data-end=\"3397\">\n<li data-start=\"2783\" data-end=\"3077\">\n<p data-start=\"2785\" data-end=\"3077\">\u017diadne clo, priama dod\u00e1vka z Bremen<br data-start=\"2828\" data-end=\"2831\" \/>V\u0161etky objedn\u00e1vky s\u00fa odosielan\u00e9 priamo z n\u00e1\u0161ho skladu v Bremene, tak\u017ee sa nemus\u00edte ob\u00e1va\u0165 coln\u00fdch poplatkov alebo dodato\u010dn\u00fdch n\u00e1kladov. S dodacou lehotou len 2-4 dni dostanete svoj vape r\u00fdchlo a spo\u013eahlivo.<\/p>\n<\/li>\n<li data-start=\"3079\" data-end=\"3397\">\n<p data-start=\"3081\" data-end=\"3397\">Kompaktn\u00e1 a prenosn\u00e1 ve\u013ekos\u0165<br data-start=\"3112\" data-end=\"3115\" \/>Bang Blaze 20000 Puffs je napriek ve\u013ek\u00e9mu objemu n\u00e1dr\u017ee a v\u00fdkonn\u00e9mu bat\u00e9rii s hmotnos\u0165ou len 85 g mimoriadne \u013eahk\u00fd a kompaktn\u00fd. M\u00f4\u017eete ho pohodlne nosi\u0165 v ta\u0161ke alebo batohu a vychutn\u00e1va\u0165 si ho kedyko\u013evek, \u010di u\u017e na cest\u00e1ch, v pr\u00e1ci alebo s priate\u013emi.<\/p>\n<\/li>\n<\/ul>\n<p>Pre\u010do si vybra\u0165 Bang Blaze 20000 Puffs:<\/p>\n<ul data-start=\"3461\" data-end=\"4037\">\n<li data-start=\"3461\" data-end=\"3542\">Dlh\u00e1 doba vapovania: A\u017e 20 000 \u0165ahov pre dlhodob\u00fd z\u00e1\u017eitok z vapovania.<\/li>\n<li data-start=\"3543\" data-end=\"3680\">Ovocn\u00e1 chu\u0165: Jedine\u010dn\u00e1 zmes kiwi, passion fruit a gran\u00e1tov\u00e9ho jablka pre osvie\u017euj\u00faci a sladk\u00fd p\u00f4\u017eitok.<\/li>\n<li data-start=\"3681\" data-end=\"3798\">R\u00fdchle nab\u00edjanie: Pripojenie Typ-C zabezpe\u010duje r\u00fdchle nab\u00edjanie, aby ste mohli v\u017edy r\u00fdchlo op\u00e4\u0165 faj\u010di\u0165 parou.<\/li>\n<li data-start=\"3799\" data-end=\"3920\">\u017diadne clo, r\u00fdchle doru\u010denie: Priame doru\u010denie z Deutschland do 2-4 dn\u00ed bez \u010fal\u0161\u00edch poplatkov.<\/li>\n<li data-start=\"3921\" data-end=\"4037\">\u013dahk\u00fd a prenosn\u00fd: S hmotnos\u0165ou iba 85 g je vaporiz\u00e9r obzvl\u00e1\u0161\u0165 \u013eahk\u00fd a \u013eahko ho m\u00f4\u017eete vzia\u0165 kamko\u013evek.<\/li>\n<\/ul>\n<h4 data-start=\"4039\" data-end=\"4142\">K\u00fapte teraz a vychutnajte si jedine\u010dn\u00fa chu\u0165 kiwi, passion fruit a gran\u00e1tov\u00e9ho jablka!<\/h4>\n<p data-start=\"4144\" data-end=\"4537\" data-is-last-node=\"\" data-is-only-node=\"\">Ak h\u013ead\u00e1te kvalitn\u00fa elektronick\u00fa cigaretu s vynikaj\u00facou chu\u0165ou a dlhodobou sk\u00fasenos\u0165ou, Bang Blaze 20000 Puffs je ide\u00e1lnou vo\u013ebou. Nav\u0161t\u00edvte e\u0161te dnes na\u0161u webov\u00fa str\u00e1nku <a href=\"https:\/\/vapingnet.de\/sk\/\" target=\"_new\" rel=\"noopener\" data-start=\"4353\" data-end=\"4389\">vapingnet.de<\/a>, objednajte priamo a u\u017e\u00edvajte si r\u00fdchle doru\u010denie a prvotriedny z\u00e1\u017eitok z vapovania. Ne\u010dakajte dlh\u0161ie a za\u017eite ultim\u00e1tny p\u00f4\u017eitok z pary!<\/p>","protected":false},"excerpt":{"rendered":"<p>Bang Blaze 20000 Puffs \u2013 Vychutnajte si dokonal\u00fa zmes ovocia z kiwi, passion fruit a gran\u00e1tov\u00e9ho jablka pre dlhodob\u00fd parn\u00fd z\u00e1\u017eitok! Bang Blaze 20000 Puffs je...<\/p>","protected":false},"featured_media":6844,"template":"","meta":[],"etheme_brands":[],"product_brand":[101],"product_cat":[54,49,61],"product_tag":[],"class_list":{"0":"post-5139","1":"product","2":"type-product","3":"status-publish","4":"has-post-thumbnail","6":"product_brand-bang-king-vape","7":"product_cat-vape-20000-zuege","8":"product_cat-einweg-e-zigarette","9":"product_cat-f","11":"first","12":"instock","13":"shipping-taxable","14":"purchasable","15":"product-type-simple"},"yoast_head":"<!-- This site is optimized with the Yoast SEO plugin v26.5 - https:\/\/yoast.com\/wordpress\/plugins\/seo\/ -->\n<title>Bang Blaze Kiwi Passion Fruit Pomegranate 20000 Puffs voller Genuss | Vapingnet.de<\/title>\n<meta name=\"description\" content=\"Entdecke Bang Blaze Kiwi Passion Fruit Pomegranate 20000 Puffs voller Genuss bei vapingnet.de, \u25ba Gro\u00dfe Auswahl an Geschmacksrichtungen &amp; super g\u00fcnstig!\" \/>\n<meta name=\"robots\" content=\"index, follow, max-snippet:-1, max-image-preview:large, max-video-preview:-1\" \/>\n<link rel=\"canonical\" href=\"https:\/\/vapingnet.de\/sk\/vape\/bang-blaze-kiwi-passion-fruit-pomegranate-20000-puffs-voller-genuss\/\" \/>\n<meta property=\"og:locale\" content=\"sk_SK\" \/>\n<meta property=\"og:type\" content=\"article\" \/>\n<meta property=\"og:title\" content=\"Bang Blaze Kiwi Passion Fruit Pomegranate 20000 Puffs voller Genuss | Vapingnet.de\" \/>\n<meta property=\"og:description\" content=\"Entdecke Bang Blaze Kiwi Passion Fruit Pomegranate 20000 Puffs voller Genuss bei vapingnet.de, \u25ba Gro\u00dfe Auswahl an Geschmacksrichtungen &amp; super g\u00fcnstig!\" \/>\n<meta property=\"og:url\" content=\"https:\/\/vapingnet.de\/sk\/vape\/bang-blaze-kiwi-passion-fruit-pomegranate-20000-puffs-voller-genuss\/\" \/>\n<meta property=\"og:site_name\" content=\"Vapingnet.de\" \/>\n<meta property=\"article:publisher\" content=\"https:\/\/www.facebook.com\/vapingnetde\/\" \/>\n<meta property=\"article:modified_time\" content=\"2025-06-19T03:42:00+00:00\" \/>\n<meta property=\"og:image\" content=\"https:\/\/vapingnet.de\/wp-content\/uploads\/2025\/03\/bang-blaze.jpg\" \/>\n\t<meta property=\"og:image:width\" content=\"1000\" \/>\n\t<meta property=\"og:image:height\" content=\"1000\" \/>\n\t<meta property=\"og:image:type\" content=\"image\/jpeg\" \/>\n<meta name=\"twitter:card\" content=\"summary_large_image\" \/>\n<meta name=\"twitter:label1\" content=\"Est. reading time\" \/>\n\t<meta name=\"twitter:data1\" content=\"4 minutes\" \/>\n<script type=\"application\/ld+json\" class=\"yoast-schema-graph\">{\"@context\":\"https:\/\/schema.org\",\"@graph\":[{\"@type\":\"WebPage\",\"@id\":\"https:\/\/vapingnet.de\/vape\/bang-blaze-kiwi-passion-fruit-pomegranate-20000-puffs-voller-genuss\/\",\"url\":\"https:\/\/vapingnet.de\/vape\/bang-blaze-kiwi-passion-fruit-pomegranate-20000-puffs-voller-genuss\/\",\"name\":\"Bang Blaze Kiwi Passion Fruit Pomegranate 20000 Puffs voller Genuss | Vapingnet.de\",\"isPartOf\":{\"@id\":\"https:\/\/vapingnet.de\/#website\"},\"primaryImageOfPage\":{\"@id\":\"https:\/\/vapingnet.de\/vape\/bang-blaze-kiwi-passion-fruit-pomegranate-20000-puffs-voller-genuss\/#primaryimage\"},\"image\":{\"@id\":\"https:\/\/vapingnet.de\/vape\/bang-blaze-kiwi-passion-fruit-pomegranate-20000-puffs-voller-genuss\/#primaryimage\"},\"thumbnailUrl\":\"https:\/\/vapingnet.de\/wp-content\/uploads\/2025\/03\/bang-blaze.jpg\",\"datePublished\":\"2025-03-12T07:54:34+00:00\",\"dateModified\":\"2025-06-19T03:42:00+00:00\",\"description\":\"Entdecke Bang Blaze Kiwi Passion Fruit Pomegranate 20000 Puffs voller Genuss bei vapingnet.de, \u25ba Gro\u00dfe Auswahl an Geschmacksrichtungen & super g\u00fcnstig!\",\"breadcrumb\":{\"@id\":\"https:\/\/vapingnet.de\/vape\/bang-blaze-kiwi-passion-fruit-pomegranate-20000-puffs-voller-genuss\/#breadcrumb\"},\"inLanguage\":\"sk-SK\",\"potentialAction\":[{\"@type\":\"ReadAction\",\"target\":[\"https:\/\/vapingnet.de\/vape\/bang-blaze-kiwi-passion-fruit-pomegranate-20000-puffs-voller-genuss\/\"]}]},{\"@type\":\"ImageObject\",\"inLanguage\":\"sk-SK\",\"@id\":\"https:\/\/vapingnet.de\/vape\/bang-blaze-kiwi-passion-fruit-pomegranate-20000-puffs-voller-genuss\/#primaryimage\",\"url\":\"https:\/\/vapingnet.de\/wp-content\/uploads\/2025\/03\/bang-blaze.jpg\",\"contentUrl\":\"https:\/\/vapingnet.de\/wp-content\/uploads\/2025\/03\/bang-blaze.jpg\",\"width\":1000,\"height\":1000},{\"@type\":\"BreadcrumbList\",\"@id\":\"https:\/\/vapingnet.de\/vape\/bang-blaze-kiwi-passion-fruit-pomegranate-20000-puffs-voller-genuss\/#breadcrumb\",\"itemListElement\":[{\"@type\":\"ListItem\",\"position\":1,\"name\":\"Home\",\"item\":\"https:\/\/vapingnet.de\/\"},{\"@type\":\"ListItem\",\"position\":2,\"name\":\"Shop\",\"item\":\"https:\/\/vapingnet.de\/vape\/\"},{\"@type\":\"ListItem\",\"position\":3,\"name\":\"Bang Blaze Kiwi Passion Fruit Pomegranate 20000 Puffs voller Genuss\"}]},{\"@type\":\"WebSite\",\"@id\":\"https:\/\/vapingnet.de\/#website\",\"url\":\"https:\/\/vapingnet.de\/\",\"name\":\"Vapingnet.de\",\"description\":\"\",\"publisher\":{\"@id\":\"https:\/\/vapingnet.de\/#organization\"},\"potentialAction\":[{\"@type\":\"SearchAction\",\"target\":{\"@type\":\"EntryPoint\",\"urlTemplate\":\"https:\/\/vapingnet.de\/?s={search_term_string}\"},\"query-input\":{\"@type\":\"PropertyValueSpecification\",\"valueRequired\":true,\"valueName\":\"search_term_string\"}}],\"inLanguage\":\"sk-SK\"},{\"@type\":\"Organization\",\"@id\":\"https:\/\/vapingnet.de\/#organization\",\"name\":\"Vapingnet.de\",\"url\":\"https:\/\/vapingnet.de\/\",\"logo\":{\"@type\":\"ImageObject\",\"inLanguage\":\"sk-SK\",\"@id\":\"https:\/\/vapingnet.de\/#\/schema\/logo\/image\/\",\"url\":\"https:\/\/vapingnet.de\/wp-content\/uploads\/2025\/03\/cropped-vapingnet.de_.jpg\",\"contentUrl\":\"https:\/\/vapingnet.de\/wp-content\/uploads\/2025\/03\/cropped-vapingnet.de_.jpg\",\"width\":512,\"height\":512,\"caption\":\"Vapingnet.de\"},\"image\":{\"@id\":\"https:\/\/vapingnet.de\/#\/schema\/logo\/image\/\"},\"sameAs\":[\"https:\/\/www.facebook.com\/vapingnetde\/\"]}]}<\/script>\n<!-- \/ Yoast SEO plugin. -->","yoast_head_json":{"title":"Bang Blaze Kiwi Passion Fruit Pomegranate 20000 Puffs voller Genuss | Vapingnet.de","description":"Entdecke Bang Blaze Kiwi Passion Fruit Pomegranate 20000 Puffs voller Genuss bei vapingnet.de, \u25ba Gro\u00dfe Auswahl an Geschmacksrichtungen & super g\u00fcnstig!","robots":{"index":"index","follow":"follow","max-snippet":"max-snippet:-1","max-image-preview":"max-image-preview:large","max-video-preview":"max-video-preview:-1"},"canonical":"https:\/\/vapingnet.de\/sk\/vape\/bang-blaze-kiwi-passion-fruit-pomegranate-20000-puffs-voller-genuss\/","og_locale":"sk_SK","og_type":"article","og_title":"Bang Blaze Kiwi Passion Fruit Pomegranate 20000 Puffs voller Genuss | Vapingnet.de","og_description":"Entdecke Bang Blaze Kiwi Passion Fruit Pomegranate 20000 Puffs voller Genuss bei vapingnet.de, \u25ba Gro\u00dfe Auswahl an Geschmacksrichtungen & super g\u00fcnstig!","og_url":"https:\/\/vapingnet.de\/sk\/vape\/bang-blaze-kiwi-passion-fruit-pomegranate-20000-puffs-voller-genuss\/","og_site_name":"Vapingnet.de","article_publisher":"https:\/\/www.facebook.com\/vapingnetde\/","article_modified_time":"2025-06-19T03:42:00+00:00","og_image":[{"width":1000,"height":1000,"url":"https:\/\/vapingnet.de\/wp-content\/uploads\/2025\/03\/bang-blaze.jpg","type":"image\/jpeg"}],"twitter_card":"summary_large_image","twitter_misc":{"Est. reading time":"4 minutes"},"schema":{"@context":"https:\/\/schema.org","@graph":[{"@type":"WebPage","@id":"https:\/\/vapingnet.de\/vape\/bang-blaze-kiwi-passion-fruit-pomegranate-20000-puffs-voller-genuss\/","url":"https:\/\/vapingnet.de\/vape\/bang-blaze-kiwi-passion-fruit-pomegranate-20000-puffs-voller-genuss\/","name":"Bang Blaze Kiwi Passion Fruit Pomegranate 20000 Puffs voller Genuss | Vapingnet.de","isPartOf":{"@id":"https:\/\/vapingnet.de\/#website"},"primaryImageOfPage":{"@id":"https:\/\/vapingnet.de\/vape\/bang-blaze-kiwi-passion-fruit-pomegranate-20000-puffs-voller-genuss\/#primaryimage"},"image":{"@id":"https:\/\/vapingnet.de\/vape\/bang-blaze-kiwi-passion-fruit-pomegranate-20000-puffs-voller-genuss\/#primaryimage"},"thumbnailUrl":"https:\/\/vapingnet.de\/wp-content\/uploads\/2025\/03\/bang-blaze.jpg","datePublished":"2025-03-12T07:54:34+00:00","dateModified":"2025-06-19T03:42:00+00:00","description":"Entdecke Bang Blaze Kiwi Passion Fruit Pomegranate 20000 Puffs voller Genuss bei vapingnet.de, \u25ba Gro\u00dfe Auswahl an Geschmacksrichtungen & super g\u00fcnstig!","breadcrumb":{"@id":"https:\/\/vapingnet.de\/vape\/bang-blaze-kiwi-passion-fruit-pomegranate-20000-puffs-voller-genuss\/#breadcrumb"},"inLanguage":"sk-SK","potentialAction":[{"@type":"ReadAction","target":["https:\/\/vapingnet.de\/vape\/bang-blaze-kiwi-passion-fruit-pomegranate-20000-puffs-voller-genuss\/"]}]},{"@type":"ImageObject","inLanguage":"sk-SK","@id":"https:\/\/vapingnet.de\/vape\/bang-blaze-kiwi-passion-fruit-pomegranate-20000-puffs-voller-genuss\/#primaryimage","url":"https:\/\/vapingnet.de\/wp-content\/uploads\/2025\/03\/bang-blaze.jpg","contentUrl":"https:\/\/vapingnet.de\/wp-content\/uploads\/2025\/03\/bang-blaze.jpg","width":1000,"height":1000},{"@type":"BreadcrumbList","@id":"https:\/\/vapingnet.de\/vape\/bang-blaze-kiwi-passion-fruit-pomegranate-20000-puffs-voller-genuss\/#breadcrumb","itemListElement":[{"@type":"ListItem","position":1,"name":"Home","item":"https:\/\/vapingnet.de\/"},{"@type":"ListItem","position":2,"name":"Shop","item":"https:\/\/vapingnet.de\/vape\/"},{"@type":"ListItem","position":3,"name":"Bang Blaze Kiwi Passion Fruit Pomegranate 20000 Puffs voller Genuss"}]},{"@type":"WebSite","@id":"https:\/\/vapingnet.de\/#website","url":"https:\/\/vapingnet.de\/","name":"Vapingnet.de","description":"","publisher":{"@id":"https:\/\/vapingnet.de\/#organization"},"potentialAction":[{"@type":"SearchAction","target":{"@type":"EntryPoint","urlTemplate":"https:\/\/vapingnet.de\/?s={search_term_string}"},"query-input":{"@type":"PropertyValueSpecification","valueRequired":true,"valueName":"search_term_string"}}],"inLanguage":"sk-SK"},{"@type":"Organization","@id":"https:\/\/vapingnet.de\/#organization","name":"Vapingnet.de","url":"https:\/\/vapingnet.de\/","logo":{"@type":"ImageObject","inLanguage":"sk-SK","@id":"https:\/\/vapingnet.de\/#\/schema\/logo\/image\/","url":"https:\/\/vapingnet.de\/wp-content\/uploads\/2025\/03\/cropped-vapingnet.de_.jpg","contentUrl":"https:\/\/vapingnet.de\/wp-content\/uploads\/2025\/03\/cropped-vapingnet.de_.jpg","width":512,"height":512,"caption":"Vapingnet.de"},"image":{"@id":"https:\/\/vapingnet.de\/#\/schema\/logo\/image\/"},"sameAs":["https:\/\/www.facebook.com\/vapingnetde\/"]}]}},"tiered_pricing_type":"fixed","tiered_pricing_fixed_rules":{"10":"7.59","60":"6.83","110":"6.07","200":"5.31"},"tiered_pricing_product_settings":{"layout":"default","base_unit_name":{"singular":null,"plural":null},"default_variation":null},"tiered_pricing_minimum_quantity":null,"tiered_pricing_roles_data":[],"tiered_pricing_percentage_rules":[],"_links":{"self":[{"href":"https:\/\/vapingnet.de\/sk\/wp-json\/wp\/v2\/product\/5139","targetHints":{"allow":["GET"]}}],"collection":[{"href":"https:\/\/vapingnet.de\/sk\/wp-json\/wp\/v2\/product"}],"about":[{"href":"https:\/\/vapingnet.de\/sk\/wp-json\/wp\/v2\/types\/product"}],"version-history":[{"count":2,"href":"https:\/\/vapingnet.de\/sk\/wp-json\/wp\/v2\/product\/5139\/revisions"}],"predecessor-version":[{"id":6214,"href":"https:\/\/vapingnet.de\/sk\/wp-json\/wp\/v2\/product\/5139\/revisions\/6214"}],"wp:featuredmedia":[{"embeddable":true,"href":"https:\/\/vapingnet.de\/sk\/wp-json\/wp\/v2\/media\/6844"}],"wp:attachment":[{"href":"https:\/\/vapingnet.de\/sk\/wp-json\/wp\/v2\/media?parent=5139"}],"wp:term":[{"taxonomy":"brand","embeddable":true,"href":"https:\/\/vapingnet.de\/sk\/wp-json\/wp\/v2\/etheme_brands?post=5139"},{"taxonomy":"product_brand","embeddable":true,"href":"https:\/\/vapingnet.de\/sk\/wp-json\/wp\/v2\/product_brand?post=5139"},{"taxonomy":"product_cat","embeddable":true,"href":"https:\/\/vapingnet.de\/sk\/wp-json\/wp\/v2\/product_cat?post=5139"},{"taxonomy":"product_tag","embeddable":true,"href":"https:\/\/vapingnet.de\/sk\/wp-json\/wp\/v2\/product_tag?post=5139"}],"curies":[{"name":"wp","href":"https:\/\/api.w.org\/{rel}","templated":true}]}}