{"id":5142,"date":"2025-03-12T08:02:38","date_gmt":"2025-03-12T08:02:38","guid":{"rendered":"https:\/\/vapingnet.de\/?post_type=product&#038;p=5142"},"modified":"2025-06-19T03:41:35","modified_gmt":"2025-06-19T03:41:35","slug":"fast-delivery-bang-blaze-20000-puffs-for-fruity-pleasure","status":"publish","type":"product","link":"https:\/\/vapingnet.de\/sk\/vape\/fast-delivery-bang-blaze-20000-puffs-for-fruity-pleasure\/","title":{"rendered":"R\u00fdchle doru\u010denie Bang Blaze 20000 pufov pre ovocn\u00fa rozko\u0161"},"content":{"rendered":"<h2 data-start=\"0\" data-end=\"121\">Bang Blaze 20000 Pufov \u2013 Ultim\u00e1tna jednorazov\u00e1 vape s dlhotrvaj\u00facim p\u00f4\u017eitkom a rozli\u010dn\u00fdmi pr\u00edchu\u0165ami!<\/h2>\n<p data-start=\"123\" data-end=\"665\">Ak h\u013ead\u00e1\u0161 e-cigaretu, ktor\u00e1 pon\u00faka mimoriadne dlh\u00fa dobu pou\u017e\u00edvania, rozmanit\u00e9 pr\u00edchute a pohodln\u00e9 nab\u00edjanie, potom je <a href=\"https:\/\/vapingnet.de\/sk\/bang-blaze-20000-puffs\/\" target=\"_blank\" rel=\"noopener\"><strong>Bang Blaze 20000 Pufov<\/strong> <\/a>presne to, \u010do h\u013ead\u00e1\u0161! T\u00e1to e-cigareta kombinuje pokro\u010dil\u00fa technol\u00f3giu s mno\u017estvom chutn\u00fdch ar\u00f3m a je \u0161peci\u00e1lne navrhnut\u00e1 pre vapery, ktor\u00ed h\u013eadaj\u00fa kvalitn\u00fd a odoln\u00fd z\u00e1\u017eitok z vapovania. Pozrime sa na vlastnosti, ktor\u00e9 robia tento produkt nevyhnutnos\u0165ou pre v\u0161etk\u00fdch vapery.<\/p>\n<h4 data-start=\"667\" data-end=\"691\">Preh\u013ead produktu<\/h4>\n<table data-start=\"693\" data-end=\"2349\">\n<thead data-start=\"693\" data-end=\"829\">\n<tr data-start=\"693\" data-end=\"829\">\n<th data-start=\"693\" data-end=\"721\">Vlastnos\u0165<\/th>\n<th data-start=\"721\" data-end=\"829\">Popis<\/th>\n<\/tr>\n<\/thead>\n<tbody data-start=\"967\" data-end=\"2349\">\n<tr data-start=\"967\" data-end=\"1103\">\n<td>Model<\/td>\n<td>Bang Blaze 20000 Pufov<\/td>\n<\/tr>\n<tr data-start=\"1104\" data-end=\"1240\">\n<td>Cievka<\/td>\n<td>Dul Mesh Coil 1.0\u03a9<\/td>\n<\/tr>\n<tr data-start=\"1241\" data-end=\"1378\">\n<td>Bat\u00e9ria<\/td>\n<td>1000mAh (opakovane nab\u00edjate\u013en\u00e1)<\/td>\n<\/tr>\n<tr data-start=\"1379\" data-end=\"1516\">\n<td>Pripojenie<\/td>\n<td>Typ-C port pre r\u00fdchle nab\u00edjanie<\/td>\n<\/tr>\n<tr data-start=\"1517\" data-end=\"1654\">\n<td>Z\u00e1\u017eitky<\/td>\n<td>20 000 \u0165ahov<\/td>\n<\/tr>\n<tr data-start=\"1655\" data-end=\"1799\">\n<td>Pr\u00edchute<\/td>\n<td>Zmie\u0161an\u00e9 bobule, \u010cu\u010doriedka R\u00edbez\u013ea, Mango Brosky Mel\u00f3n, Mel\u00f3n \u017duva\u010dka, Kiwi Passion Fruit Gran\u00e1tov\u00e9 jablko<\/td>\n<\/tr>\n<tr data-start=\"1800\" data-end=\"1936\">\n<td>E-liquid<\/td>\n<td>26ml<\/td>\n<\/tr>\n<tr data-start=\"1937\" data-end=\"2074\">\n<td>Obsah nikot\u00ednu<\/td>\n<td>0%, 2%, 3%, 5% (0% a 3% je potrebn\u00e9 objedna\u0165 vo ve\u013ek\u00fdch mno\u017estv\u00e1ch)<\/td>\n<\/tr>\n<tr data-start=\"2075\" data-end=\"2211\">\n<td>Hmotnos\u0165<\/td>\n<td>85g<\/td>\n<\/tr>\n<tr data-start=\"2212\" data-end=\"2349\">\n<td>Colne zdarma<\/td>\n<td>Bez cla, priame odoslanie zo Slovenska, dodanie do 2-4 dn\u00ed<\/td>\n<\/tr>\n<\/tbody>\n<\/table>\n<h4 data-start=\"2351\" data-end=\"2401\">Dlh\u00e1 doba pou\u017e\u00edvania a efekt\u00edvny dizajn<\/h4>\n<p data-start=\"2403\" data-end=\"2704\">Bang Blaze 20000 Pufov pon\u00faka p\u00f4sobiv\u00e9 <a href=\"https:\/\/vapingnet.de\/sk\/k\/vape-20000-zuege\/\" target=\"_blank\" rel=\"noopener\"><strong>20 000 \u0165ahov<\/strong><\/a>, \u010do znamen\u00e1, \u017ee m\u00f4\u017ee\u0161 vapova\u0165 dlho a bez prest\u00e1vok, bez toho, aby si musel meni\u0165 zariadenie. \u010ci u\u017e na denn\u00e9 pou\u017eitie alebo na dlh\u00e9 seansy na p\u00e1rty alebo na cest\u00e1ch \u2013 tento vape poskytuje dlhotrvaj\u00faci z\u00e1\u017eitok z vapovania.<\/p>\n<h4 data-start=\"2706\" data-end=\"2755\">Rozmanit\u00e9 pr\u00edchute \u2013 Ka\u017ed\u00fd \u0165ah je p\u00f4\u017eitok<\/h4>\n<p data-start=\"2757\" data-end=\"2897\">Bang Blaze pon\u00faka \u0161irok\u00fd v\u00fdber chutn\u00fdch pr\u00edchut\u00ed, ktor\u00e9 pote\u0161ia ka\u017ed\u00e9ho vapera. Tu je nieko\u013eko najob\u013e\u00fabenej\u0161\u00edch pr\u00edchut\u00ed:<\/p>\n<ul data-start=\"2899\" data-end=\"3554\">\n<li data-start=\"2899\" data-end=\"3023\">Zmie\u0161an\u00e9 bobu\u013eov\u00e9 ovocie: Zmes r\u00f4znych bob\u00fa\u013e, ktor\u00e1 zais\u0165uje osvie\u017euj\u00facu a sladk\u00fa chu\u0165ov\u00fa kombin\u00e1ciu.<\/li>\n<li data-start=\"3024\" data-end=\"3126\">\u010cu\u010doriedka Malina: \u010cu\u010doriedka a malina pre harmonick\u00fa, ovocn\u00fa chu\u0165ov\u00fa expl\u00f3ziu.<\/li>\n<li data-start=\"3127\" data-end=\"3257\">Mango Brosky\u0148a Vodn\u00fd mel\u00f3n: Tropick\u00e1 kombin\u00e1cia manga, broskyne a vodn\u00e9ho mel\u00f3nu, ktor\u00e1 prin\u00e1\u0161a leto do ka\u017ed\u00e9ho \u0165ahu.<\/li>\n<li data-start=\"3258\" data-end=\"3405\">Vodn\u00fd mel\u00f3n Bubblegum: Perfektn\u00e1 zmes osvie\u017euj\u00faceho vodn\u00e9ho mel\u00f3nu a sladkej chuti \u017euva\u010dky \u2013 nostalgick\u00e1 cesta do detstva.<\/li>\n<li data-start=\"3406\" data-end=\"3554\">Kiwi Marakuja Gran\u00e1tov\u00e9 jablko: Exotick\u00e1 zmes kiwi, marakuje a gran\u00e1tov\u00e9ho jablka pre intenz\u00edvnu a komplexn\u00fa chu\u0165.<\/li>\n<\/ul>\n<h4 data-start=\"3556\" data-end=\"3615\">Flexibiln\u00fd nikot\u00edn \u2013 Pre ka\u017ed\u00e9ho ten spr\u00e1vny z\u00e1\u017eitok<\/h4>\n<p data-start=\"3617\" data-end=\"3912\">Bang Blaze 20000 Puffs je k dispoz\u00edcii v r\u00f4znych sil\u00e1ch nikot\u00ednu: 0%, 2%, 3% a 5%. Vyberte si silu nikot\u00ednu, ktor\u00e1 vyhovuje va\u0161im potreb\u00e1m \u2013 pre jemnej\u0161\u00ed alebo intenz\u00edvnej\u0161\u00ed z\u00e1\u017eitok z vapovania. Upozor\u0148ujeme, \u017ee varianty 0% a 3% je potrebn\u00e9 objedna\u0165 vo v\u00e4\u010d\u0161\u00edch mno\u017estv\u00e1ch.<\/p>\n<h4 data-start=\"3914\" data-end=\"3960\">Typ-C pripojenie a r\u00fdchle nab\u00edjanie<\/h4>\n<p data-start=\"3962\" data-end=\"4196\">V\u010faka Typ-C pripojeniu m\u00f4\u017eete svoj Bang Blaze r\u00fdchlo nabi\u0165, tak\u017ee je v\u017edy v kr\u00e1tkom \u010dase op\u00e4\u0165 pripraven\u00fd na pou\u017eitie. To znamen\u00e1, \u017ee nikdy nemus\u00edte dlho \u010daka\u0165 na svoj vape \u2013 jednoducho nabite a pokra\u010dujte.<\/p>\n<h4 data-start=\"4198\" data-end=\"4263\">Bez cla a r\u00fdchle doru\u010denie \u2013 \u017diadny stres, len p\u00f4\u017eitok<\/h4>\n<ul data-start=\"4265\" data-end=\"4514\">\n<li data-start=\"4265\" data-end=\"4406\">Bez cla: V\u0161etky objedn\u00e1vky s\u00fa odosielan\u00e9 priamo z n\u00e1\u0161ho <a href=\"https:\/\/vapingnet.de\/sk\/k\/de\/\" target=\"_blank\" rel=\"noopener\"><strong>skladu v Br\u00e9mach<\/strong><\/a> bez dodato\u010dn\u00fdch coln\u00fdch poplatkov alebo skryt\u00fdch n\u00e1kladov.<\/li>\n<li data-start=\"4407\" data-end=\"4514\">R\u00fdchle doru\u010denie: V\u00e1\u0161 Bang Blaze 20000 Puffs v\u00e1m bude doru\u010den\u00fd priamo domov do 2-4 dn\u00ed.<\/li>\n<\/ul>\n<h4 data-start=\"4516\" data-end=\"4564\">Kompaktn\u00fd a prenosn\u00fd \u2013 Vychutnajte si kedyko\u013evek<\/h4>\n<p data-start=\"4566\" data-end=\"4836\">S hmotnos\u0165ou iba 85 g je Bang Blaze 20000 Puffs obzvl\u00e1\u0161\u0165 \u013eahk\u00fd a \u013eahko sa pren\u00e1\u0161a. M\u00f4\u017eete ho bez probl\u00e9mov ulo\u017ei\u0165 do ta\u0161ky alebo batohu a vychutna\u0165 si ho kedyko\u013evek \u2013 \u010di u\u017e na cest\u00e1ch, na cest\u00e1ch alebo pri stretnut\u00ed s priate\u013emi.<\/p>\n<h3>Pre\u010do si vybra\u0165 Bang Blaze 20000 Puffs?<\/h3>\n<ol data-start=\"4884\" data-end=\"5437\">\n<li data-start=\"4884\" data-end=\"4956\">Dlh\u00e1 doba vapovania: A\u017e 20 000 \u0165ahov pre dlhotrvaj\u00face vapovanie.<\/li>\n<li data-start=\"4957\" data-end=\"5054\">Mno\u017estvo pr\u00edchut\u00ed: \u0160irok\u00fd v\u00fdber lahodn\u00fdch pr\u00edchut\u00ed pre ka\u017ed\u00fd chu\u0165ov\u00fd z\u00e1\u017eitok.<\/li>\n<li data-start=\"5055\" data-end=\"5149\">Flexibiln\u00fd nikot\u00edn: 0%, 2%, 3% a 5% nikot\u00edn, aby vyhovoval va\u0161im potreb\u00e1m.<\/li>\n<li data-start=\"5150\" data-end=\"5215\">Typ-C r\u00fdchle nab\u00edjanie: R\u00fdchle nabitie a okam\u017eit\u00e1 pripravenos\u0165.<\/li>\n<li data-start=\"5216\" data-end=\"5334\">Bezcoln\u00e1, r\u00fdchle doru\u010denie: Priamy odoslanie z Deutschland s doru\u010den\u00edm do 2-4 dn\u00ed bez \u010fal\u0161\u00edch n\u00e1kladov.<\/li>\n<li data-start=\"5335\" data-end=\"5437\">\u013dahk\u00e9 a prenosn\u00e9: Kompaktn\u00e1 ve\u013ekos\u0165 pre jednoduch\u00e9 nosenie a vapovanie kedyko\u013evek budete chcie\u0165.<\/li>\n<\/ol>\n<p data-start=\"5439\" data-end=\"5528\">K\u00fapte teraz a vychutnajte si chu\u0165 kiwi, marakuje a gran\u00e1tov\u00e9ho jablka!<\/p>\n<p data-start=\"5530\" data-end=\"5901\" data-is-last-node=\"\" data-is-only-node=\"\">Ak h\u013ead\u00e1te kvalitn\u00fa elektronick\u00fa cigaretu s dlhotrvaj\u00facou v\u00fddr\u017eou a chutn\u00fdmi ar\u00f3mami, Bang Blaze 20000 Puffs je dokonalou vo\u013ebou. Nav\u0161t\u00edvte e\u0161te dnes na\u0161u webov\u00fa str\u00e1nku <a href=\"https:\/\/vapingnet.de\/sk\/\" target=\"_new\" rel=\"noopener\" data-start=\"5732\" data-end=\"5768\">vapingnet.de<\/a>, objednajte teraz a vyu\u017eite r\u00fdchle doru\u010denie a prvotriedny z\u00e1\u017eitok z vapovania. Za\u010dnite e\u0161te dnes svoje vapovacie dobrodru\u017estvo!<\/p>","protected":false},"excerpt":{"rendered":"<p>Vysoko kvalitn\u00e9 elektronick\u00e9 cigarety\ud83d\udd25, odoslan\u00e9 priamo zo skladu v Br\u00e9mach, doru\u010denie do 2-4 dn\u00ed!<\/p>","protected":false},"featured_media":5150,"template":"","meta":[],"etheme_brands":[],"product_brand":[101],"product_cat":[54,60,59,49,61],"product_tag":[],"class_list":{"0":"post-5142","1":"product","2":"type-product","3":"status-publish","4":"has-post-thumbnail","6":"product_brand-bang-king-vape","7":"product_cat-vape-20000-zuege","8":"product_cat-c","9":"product_cat-de","10":"product_cat-einweg-e-zigarette","11":"product_cat-f","13":"first","14":"instock","15":"shipping-taxable","16":"purchasable","17":"product-type-variable"},"yoast_head":"<!-- This site is optimized with the Yoast SEO plugin v26.5 - https:\/\/yoast.com\/wordpress\/plugins\/seo\/ -->\n<title>Fast delivery Bang Blaze 20000 puffs for fruity pleasure | Vapingnet.de<\/title>\n<meta name=\"description\" content=\"Entdecke Fast delivery Bang Blaze 20000 puffs for fruity pleasure bei vapingnet.de, \u25ba Gro\u00dfe Auswahl an Geschmacksrichtungen &amp; super g\u00fcnstig!\" \/>\n<meta name=\"robots\" content=\"index, follow, max-snippet:-1, max-image-preview:large, max-video-preview:-1\" \/>\n<link rel=\"canonical\" href=\"https:\/\/vapingnet.de\/sk\/vape\/fast-delivery-bang-blaze-20000-puffs-for-fruity-pleasure\/\" \/>\n<meta property=\"og:locale\" content=\"sk_SK\" \/>\n<meta property=\"og:type\" content=\"article\" \/>\n<meta property=\"og:title\" content=\"Fast delivery Bang Blaze 20000 puffs for fruity pleasure | Vapingnet.de\" \/>\n<meta property=\"og:description\" content=\"Entdecke Fast delivery Bang Blaze 20000 puffs for fruity pleasure bei vapingnet.de, \u25ba Gro\u00dfe Auswahl an Geschmacksrichtungen &amp; super g\u00fcnstig!\" \/>\n<meta property=\"og:url\" content=\"https:\/\/vapingnet.de\/sk\/vape\/fast-delivery-bang-blaze-20000-puffs-for-fruity-pleasure\/\" \/>\n<meta property=\"og:site_name\" content=\"Vapingnet.de\" \/>\n<meta property=\"article:publisher\" content=\"https:\/\/www.facebook.com\/vapingnetde\/\" \/>\n<meta property=\"article:modified_time\" content=\"2025-06-19T03:41:35+00:00\" \/>\n<meta property=\"og:image\" content=\"https:\/\/vapingnet.de\/wp-content\/uploads\/2025\/03\/bangking.png\" \/>\n\t<meta property=\"og:image:width\" content=\"900\" \/>\n\t<meta property=\"og:image:height\" content=\"600\" \/>\n\t<meta property=\"og:image:type\" content=\"image\/png\" \/>\n<meta name=\"twitter:card\" content=\"summary_large_image\" \/>\n<meta name=\"twitter:label1\" content=\"Est. reading time\" \/>\n\t<meta name=\"twitter:data1\" content=\"4 minutes\" \/>\n<script type=\"application\/ld+json\" class=\"yoast-schema-graph\">{\"@context\":\"https:\/\/schema.org\",\"@graph\":[{\"@type\":\"WebPage\",\"@id\":\"https:\/\/vapingnet.de\/vape\/fast-delivery-bang-blaze-20000-puffs-for-fruity-pleasure\/\",\"url\":\"https:\/\/vapingnet.de\/vape\/fast-delivery-bang-blaze-20000-puffs-for-fruity-pleasure\/\",\"name\":\"Fast delivery Bang Blaze 20000 puffs for fruity pleasure | Vapingnet.de\",\"isPartOf\":{\"@id\":\"https:\/\/vapingnet.de\/#website\"},\"primaryImageOfPage\":{\"@id\":\"https:\/\/vapingnet.de\/vape\/fast-delivery-bang-blaze-20000-puffs-for-fruity-pleasure\/#primaryimage\"},\"image\":{\"@id\":\"https:\/\/vapingnet.de\/vape\/fast-delivery-bang-blaze-20000-puffs-for-fruity-pleasure\/#primaryimage\"},\"thumbnailUrl\":\"https:\/\/vapingnet.de\/wp-content\/uploads\/2025\/03\/bangking.png\",\"datePublished\":\"2025-03-12T08:02:38+00:00\",\"dateModified\":\"2025-06-19T03:41:35+00:00\",\"description\":\"Entdecke Fast delivery Bang Blaze 20000 puffs for fruity pleasure bei vapingnet.de, \u25ba Gro\u00dfe Auswahl an Geschmacksrichtungen & super g\u00fcnstig!\",\"breadcrumb\":{\"@id\":\"https:\/\/vapingnet.de\/vape\/fast-delivery-bang-blaze-20000-puffs-for-fruity-pleasure\/#breadcrumb\"},\"inLanguage\":\"sk-SK\",\"potentialAction\":[{\"@type\":\"ReadAction\",\"target\":[\"https:\/\/vapingnet.de\/vape\/fast-delivery-bang-blaze-20000-puffs-for-fruity-pleasure\/\"]}]},{\"@type\":\"ImageObject\",\"inLanguage\":\"sk-SK\",\"@id\":\"https:\/\/vapingnet.de\/vape\/fast-delivery-bang-blaze-20000-puffs-for-fruity-pleasure\/#primaryimage\",\"url\":\"https:\/\/vapingnet.de\/wp-content\/uploads\/2025\/03\/bangking.png\",\"contentUrl\":\"https:\/\/vapingnet.de\/wp-content\/uploads\/2025\/03\/bangking.png\",\"width\":900,\"height\":600,\"caption\":\"bangking\"},{\"@type\":\"BreadcrumbList\",\"@id\":\"https:\/\/vapingnet.de\/vape\/fast-delivery-bang-blaze-20000-puffs-for-fruity-pleasure\/#breadcrumb\",\"itemListElement\":[{\"@type\":\"ListItem\",\"position\":1,\"name\":\"Home\",\"item\":\"https:\/\/vapingnet.de\/\"},{\"@type\":\"ListItem\",\"position\":2,\"name\":\"Shop\",\"item\":\"https:\/\/vapingnet.de\/vape\/\"},{\"@type\":\"ListItem\",\"position\":3,\"name\":\"Fast delivery Bang Blaze 20000 puffs for fruity pleasure\"}]},{\"@type\":\"WebSite\",\"@id\":\"https:\/\/vapingnet.de\/#website\",\"url\":\"https:\/\/vapingnet.de\/\",\"name\":\"Vapingnet.de\",\"description\":\"\",\"publisher\":{\"@id\":\"https:\/\/vapingnet.de\/#organization\"},\"potentialAction\":[{\"@type\":\"SearchAction\",\"target\":{\"@type\":\"EntryPoint\",\"urlTemplate\":\"https:\/\/vapingnet.de\/?s={search_term_string}\"},\"query-input\":{\"@type\":\"PropertyValueSpecification\",\"valueRequired\":true,\"valueName\":\"search_term_string\"}}],\"inLanguage\":\"sk-SK\"},{\"@type\":\"Organization\",\"@id\":\"https:\/\/vapingnet.de\/#organization\",\"name\":\"Vapingnet.de\",\"url\":\"https:\/\/vapingnet.de\/\",\"logo\":{\"@type\":\"ImageObject\",\"inLanguage\":\"sk-SK\",\"@id\":\"https:\/\/vapingnet.de\/#\/schema\/logo\/image\/\",\"url\":\"https:\/\/vapingnet.de\/wp-content\/uploads\/2025\/03\/cropped-vapingnet.de_.jpg\",\"contentUrl\":\"https:\/\/vapingnet.de\/wp-content\/uploads\/2025\/03\/cropped-vapingnet.de_.jpg\",\"width\":512,\"height\":512,\"caption\":\"Vapingnet.de\"},\"image\":{\"@id\":\"https:\/\/vapingnet.de\/#\/schema\/logo\/image\/\"},\"sameAs\":[\"https:\/\/www.facebook.com\/vapingnetde\/\"]}]}<\/script>\n<!-- \/ Yoast SEO plugin. -->","yoast_head_json":{"title":"Fast delivery Bang Blaze 20000 puffs for fruity pleasure | Vapingnet.de","description":"Entdecke Fast delivery Bang Blaze 20000 puffs for fruity pleasure bei vapingnet.de, \u25ba Gro\u00dfe Auswahl an Geschmacksrichtungen & super g\u00fcnstig!","robots":{"index":"index","follow":"follow","max-snippet":"max-snippet:-1","max-image-preview":"max-image-preview:large","max-video-preview":"max-video-preview:-1"},"canonical":"https:\/\/vapingnet.de\/sk\/vape\/fast-delivery-bang-blaze-20000-puffs-for-fruity-pleasure\/","og_locale":"sk_SK","og_type":"article","og_title":"Fast delivery Bang Blaze 20000 puffs for fruity pleasure | Vapingnet.de","og_description":"Entdecke Fast delivery Bang Blaze 20000 puffs for fruity pleasure bei vapingnet.de, \u25ba Gro\u00dfe Auswahl an Geschmacksrichtungen & super g\u00fcnstig!","og_url":"https:\/\/vapingnet.de\/sk\/vape\/fast-delivery-bang-blaze-20000-puffs-for-fruity-pleasure\/","og_site_name":"Vapingnet.de","article_publisher":"https:\/\/www.facebook.com\/vapingnetde\/","article_modified_time":"2025-06-19T03:41:35+00:00","og_image":[{"width":900,"height":600,"url":"https:\/\/vapingnet.de\/wp-content\/uploads\/2025\/03\/bangking.png","type":"image\/png"}],"twitter_card":"summary_large_image","twitter_misc":{"Est. reading time":"4 minutes"},"schema":{"@context":"https:\/\/schema.org","@graph":[{"@type":"WebPage","@id":"https:\/\/vapingnet.de\/vape\/fast-delivery-bang-blaze-20000-puffs-for-fruity-pleasure\/","url":"https:\/\/vapingnet.de\/vape\/fast-delivery-bang-blaze-20000-puffs-for-fruity-pleasure\/","name":"Fast delivery Bang Blaze 20000 puffs for fruity pleasure | Vapingnet.de","isPartOf":{"@id":"https:\/\/vapingnet.de\/#website"},"primaryImageOfPage":{"@id":"https:\/\/vapingnet.de\/vape\/fast-delivery-bang-blaze-20000-puffs-for-fruity-pleasure\/#primaryimage"},"image":{"@id":"https:\/\/vapingnet.de\/vape\/fast-delivery-bang-blaze-20000-puffs-for-fruity-pleasure\/#primaryimage"},"thumbnailUrl":"https:\/\/vapingnet.de\/wp-content\/uploads\/2025\/03\/bangking.png","datePublished":"2025-03-12T08:02:38+00:00","dateModified":"2025-06-19T03:41:35+00:00","description":"Entdecke Fast delivery Bang Blaze 20000 puffs for fruity pleasure bei vapingnet.de, \u25ba Gro\u00dfe Auswahl an Geschmacksrichtungen & super g\u00fcnstig!","breadcrumb":{"@id":"https:\/\/vapingnet.de\/vape\/fast-delivery-bang-blaze-20000-puffs-for-fruity-pleasure\/#breadcrumb"},"inLanguage":"sk-SK","potentialAction":[{"@type":"ReadAction","target":["https:\/\/vapingnet.de\/vape\/fast-delivery-bang-blaze-20000-puffs-for-fruity-pleasure\/"]}]},{"@type":"ImageObject","inLanguage":"sk-SK","@id":"https:\/\/vapingnet.de\/vape\/fast-delivery-bang-blaze-20000-puffs-for-fruity-pleasure\/#primaryimage","url":"https:\/\/vapingnet.de\/wp-content\/uploads\/2025\/03\/bangking.png","contentUrl":"https:\/\/vapingnet.de\/wp-content\/uploads\/2025\/03\/bangking.png","width":900,"height":600,"caption":"bangking"},{"@type":"BreadcrumbList","@id":"https:\/\/vapingnet.de\/vape\/fast-delivery-bang-blaze-20000-puffs-for-fruity-pleasure\/#breadcrumb","itemListElement":[{"@type":"ListItem","position":1,"name":"Home","item":"https:\/\/vapingnet.de\/"},{"@type":"ListItem","position":2,"name":"Shop","item":"https:\/\/vapingnet.de\/vape\/"},{"@type":"ListItem","position":3,"name":"Fast delivery Bang Blaze 20000 puffs for fruity pleasure"}]},{"@type":"WebSite","@id":"https:\/\/vapingnet.de\/#website","url":"https:\/\/vapingnet.de\/","name":"Vapingnet.de","description":"","publisher":{"@id":"https:\/\/vapingnet.de\/#organization"},"potentialAction":[{"@type":"SearchAction","target":{"@type":"EntryPoint","urlTemplate":"https:\/\/vapingnet.de\/?s={search_term_string}"},"query-input":{"@type":"PropertyValueSpecification","valueRequired":true,"valueName":"search_term_string"}}],"inLanguage":"sk-SK"},{"@type":"Organization","@id":"https:\/\/vapingnet.de\/#organization","name":"Vapingnet.de","url":"https:\/\/vapingnet.de\/","logo":{"@type":"ImageObject","inLanguage":"sk-SK","@id":"https:\/\/vapingnet.de\/#\/schema\/logo\/image\/","url":"https:\/\/vapingnet.de\/wp-content\/uploads\/2025\/03\/cropped-vapingnet.de_.jpg","contentUrl":"https:\/\/vapingnet.de\/wp-content\/uploads\/2025\/03\/cropped-vapingnet.de_.jpg","width":512,"height":512,"caption":"Vapingnet.de"},"image":{"@id":"https:\/\/vapingnet.de\/#\/schema\/logo\/image\/"},"sameAs":["https:\/\/www.facebook.com\/vapingnetde\/"]}]}},"tiered_pricing_type":"fixed","tiered_pricing_fixed_rules":{"10":"7.59","60":"6.83","110":"6.07","200":"5.31"},"tiered_pricing_product_settings":{"layout":"default","base_unit_name":{"singular":null,"plural":null},"default_variation":null},"tiered_pricing_minimum_quantity":null,"tiered_pricing_roles_data":[],"tiered_pricing_percentage_rules":[],"_links":{"self":[{"href":"https:\/\/vapingnet.de\/sk\/wp-json\/wp\/v2\/product\/5142","targetHints":{"allow":["GET"]}}],"collection":[{"href":"https:\/\/vapingnet.de\/sk\/wp-json\/wp\/v2\/product"}],"about":[{"href":"https:\/\/vapingnet.de\/sk\/wp-json\/wp\/v2\/types\/product"}],"version-history":[{"count":2,"href":"https:\/\/vapingnet.de\/sk\/wp-json\/wp\/v2\/product\/5142\/revisions"}],"predecessor-version":[{"id":7726,"href":"https:\/\/vapingnet.de\/sk\/wp-json\/wp\/v2\/product\/5142\/revisions\/7726"}],"wp:featuredmedia":[{"embeddable":true,"href":"https:\/\/vapingnet.de\/sk\/wp-json\/wp\/v2\/media\/5150"}],"wp:attachment":[{"href":"https:\/\/vapingnet.de\/sk\/wp-json\/wp\/v2\/media?parent=5142"}],"wp:term":[{"taxonomy":"brand","embeddable":true,"href":"https:\/\/vapingnet.de\/sk\/wp-json\/wp\/v2\/etheme_brands?post=5142"},{"taxonomy":"product_brand","embeddable":true,"href":"https:\/\/vapingnet.de\/sk\/wp-json\/wp\/v2\/product_brand?post=5142"},{"taxonomy":"product_cat","embeddable":true,"href":"https:\/\/vapingnet.de\/sk\/wp-json\/wp\/v2\/product_cat?post=5142"},{"taxonomy":"product_tag","embeddable":true,"href":"https:\/\/vapingnet.de\/sk\/wp-json\/wp\/v2\/product_tag?post=5142"}],"curies":[{"name":"wp","href":"https:\/\/api.w.org\/{rel}","templated":true}]}}