{"id":5164,"date":"2025-03-12T09:13:18","date_gmt":"2025-03-12T09:13:18","guid":{"rendered":"https:\/\/vapingnet.de\/?post_type=product&#038;p=5164"},"modified":"2025-06-19T03:41:34","modified_gmt":"2025-06-19T03:41:34","slug":"geniessen-sie-die-unvergleichliche-frische-von-bang-15000-puffs-im-cool-mint-geschmack","status":"publish","type":"product","link":"https:\/\/vapingnet.de\/sk\/vape\/geniessen-sie-die-unvergleichliche-frische-von-bang-15000-puffs-im-cool-mint-geschmack\/","title":{"rendered":"U\u017eite si neopakovate\u013en\u00fa \u010derstvos\u0165 Bang 15000 Pufov v chuti Cool Mint"},"content":{"rendered":"<h2 data-start=\"0\" data-end=\"84\">Bang15000 Puffs Nab\u00edjate\u013en\u00fd Jednorazov\u00fd Pod \u2013 Revol\u00facia v paren\u00ed!<\/h2>\n<p data-start=\"86\" data-end=\"584\">Trh s e-cigaretami sa r\u00fdchlo vyv\u00edja a po\u017eiadavky spotrebite\u013eov rast\u00fa. U\u017e neh\u013eadaj\u00fa len nikot\u00edn, ale aj intenz\u00edvnej\u0161ie chu\u0165ov\u00e9 z\u00e1\u017eitky, dlh\u0161iu dobu pou\u017e\u00edvania a maxim\u00e1lnu pou\u017e\u00edvate\u013esk\u00fa priate\u013eskos\u0165. Presne tu prich\u00e1dza na rad Bang15000 Puffs Nab\u00edjate\u013en\u00fd Jednorazov\u00fd Pod \u2013 s inovat\u00edvnou technol\u00f3giou, v\u00fdnimo\u010dn\u00fdm v\u00fdkonom a svie\u017eou m\u00e4tovou pr\u00edchu\u0165ou. Pozrime sa bli\u017e\u0161ie na tento prelomov\u00fd model!<\/p>\n<h4 data-start=\"593\" data-end=\"668\">Jednorazov\u00e9 vapovanie redefinovan\u00e9: Dlh\u00e1 \u017eivotnos\u0165 a maxim\u00e1lny v\u00fdkon<\/h4>\n<p data-start=\"669\" data-end=\"954\">U\u017e v\u00e1s unavuje neust\u00e1le meni\u0165 va\u0161e <a href=\"https:\/\/vapingnet.de\/sk\/k\/einweg-e-zigarette\/\" target=\"_blank\" rel=\"noopener\"><strong>Jednorazov\u00e9 vaporiz\u00e9ry<\/strong><\/a> st\u00e1le? Vad\u00ed v\u00e1m, \u017ee bat\u00e9ria sa pr\u00edli\u0161 r\u00fdchlo vyb\u00edja? Potom je Bang15000 Puffs presne pre v\u00e1s! S a\u017e 15 000 potiahnutiami tento model nastavuje nov\u00e9 \u0161tandardy a v\u00fdrazne prevy\u0161uje be\u017en\u00e9 jednorazov\u00e9 zariadenia.<\/p>\n<h4 data-start=\"961\" data-end=\"1039\">Technol\u00f3gia, ktor\u00e1 nadchne \u2013 pre neporovnate\u013en\u00fd z\u00e1\u017eitok z parenia<\/h4>\n<p data-start=\"1041\" data-end=\"1114\">\u2705 Dul Mesh 1.1\u03a9 cievka \u2013 Intenz\u00edvnej\u0161ia chu\u0165 a hustej\u0161ie oblaky<\/p>\n<p data-start=\"1115\" data-end=\"1331\">Nov\u00e1 technol\u00f3gia Dul Mesh cievky zabezpe\u010duje rovnomern\u00e9 odparovanie tekutiny, \u010d\u00edm sa zv\u00fd\u0161i intenzita ar\u00f3my a dym bude obzvl\u00e1\u0161\u0165 jemn\u00fd. Perfektn\u00fd z\u00e1\u017eitok z parenia pre za\u010diato\u010dn\u00edkov aj profesion\u00e1lov!<\/p>\n<p data-start=\"1333\" data-end=\"1409\">\ud83d\udd0b 650mAh bat\u00e9ria a r\u00fdchle nab\u00edjanie Typ-C \u2013 Maxim\u00e1lna v\u00fddr\u017e a pohodlie<\/p>\n<p data-start=\"1410\" data-end=\"1701\">V\u010faka v\u00fdkonn\u00e9mu 650mAh bat\u00e9rii m\u00f4\u017eete zariadenie pou\u017e\u00edva\u0165 dlh\u0161\u00ed \u010das bez ob\u00e1v o v\u00fddr\u017e bat\u00e9rie. S r\u00fdchlym nab\u00edjan\u00edm Typ-C je v\u00e1\u0161 vaporiz\u00e9r op\u00e4\u0165 pripraven\u00fd na pou\u017eitie v kr\u00e1tkom \u010dase \u2013 pre plynul\u00fd z\u00e1\u017eitok z parenia bez preru\u0161en\u00ed.<\/p>\n<p data-start=\"1703\" data-end=\"1763\">\ud83d\udd25 15 000 potiahnut\u00ed \u2013 Ohromuj\u00faca dlh\u00e1 doba pou\u017e\u00edvania<\/p>\n<p data-start=\"1764\" data-end=\"1989\">Bang15000 Puffs pon\u00faka neuverite\u013en\u00fdch 15 000 potiahnut\u00ed, \u010do je mnohon\u00e1sobok be\u017en\u00fdch jednorazov\u00fdch vaporiz\u00e9rov. U\u017e \u017eiadne \u010dast\u00e9 n\u00e1kupy \u2013 tento e-cigaretka v\u00e1s bude sprev\u00e1dza\u0165 dlh\u00fd \u010das.<\/p>\n<p data-start=\"1991\" data-end=\"2048\">\ud83d\udca6 Kapacita tekutiny 23 ml \u2013 U\u017e nikdy dop\u013a\u0148a\u0165<\/p>\n<p data-start=\"2049\" data-end=\"2190\">S predplnenou tekutinou 23 ml vydr\u017e\u00ed t\u00e1to e-cigaretka ve\u013emi dlho. \u017diadne otravn\u00e9 dop\u013a\u0148anie, \u017eiadne kompromisy \u2013 len si vychutnajte!<\/p>\n<h4 data-start=\"2197\" data-end=\"2234\"><img fetchpriority=\"high\" decoding=\"async\" class=\"size-full wp-image-6907 aligncenter\" src=\"https:\/\/vapingnet.de\/wp-content\/uploads\/2025\/03\/VAPE-2.jpg\" alt=\"\" width=\"1166\" height=\"1080\" srcset=\"https:\/\/vapingnet.de\/wp-content\/uploads\/2025\/03\/VAPE-2.jpg 1166w, https:\/\/vapingnet.de\/wp-content\/uploads\/2025\/03\/VAPE-2-300x278.jpg 300w, https:\/\/vapingnet.de\/wp-content\/uploads\/2025\/03\/VAPE-2-1024x948.jpg 1024w, https:\/\/vapingnet.de\/wp-content\/uploads\/2025\/03\/VAPE-2-768x711.jpg 768w, https:\/\/vapingnet.de\/wp-content\/uploads\/2025\/03\/VAPE-2-600x556.jpg 600w, https:\/\/vapingnet.de\/wp-content\/uploads\/2025\/03\/VAPE-2-1x1.jpg 1w, https:\/\/vapingnet.de\/wp-content\/uploads\/2025\/03\/VAPE-2-10x10.jpg 10w\" sizes=\"(max-width: 1166px) 100vw, 1166px\" \/><\/h4>\n<h4 data-start=\"2197\" data-end=\"2234\">Cool Mint \u2013 \u010cist\u00e1 osvie\u017eenie!<\/h4>\n<p data-start=\"2235\" data-end=\"2531\">Medzi absol\u00fatne vrcholy patr\u00ed pr\u00edchu\u0165 Cool Mint \u2013 dokonal\u00e1 zmes chladnej m\u00e4ty a osvie\u017euj\u00facej \u013eahkosti. Ka\u017ed\u00e9 potiahnutie poskytuje pr\u00edjemn\u00fd, \u013eadov\u00fd pocit a zabezpe\u010duje jasn\u00fa, povzbudzuj\u00facu chu\u0165. Ide\u00e1lne na hor\u00face letn\u00e9 dni alebo ako denn\u00fd osvie\u017euj\u00faci doplnok!<\/p>\n<h4>R\u00f4zne \u00farovne nikot\u00ednu \u2013 Perfektne pre ka\u017ed\u00e9ho vapera<\/h4>\n<p data-start=\"2603\" data-end=\"2681\">Bang15000 Puffs je dostupn\u00fd v \u0161tyroch r\u00f4znych \u00farovniach nikot\u00ednu:<\/p>\n<p data-start=\"2683\" data-end=\"2888\">\ud83d\udd39 0% &amp; 3% (dostupn\u00e9 len pre ve\u013ekoobjemov\u00e9 objedn\u00e1vky) \u2013 Pre vapery, ktor\u00ed sa chc\u00fa vyhn\u00fa\u0165 nikot\u00ednu alebo zn\u00ed\u017ei\u0165 jeho konzum\u00e1ciu.<br data-start=\"2814\" data-end=\"2817\" \/>\ud83d\udd39 2% &amp; 5% \u2013 Pre v\u0161etk\u00fdch, ktor\u00ed h\u013eadaj\u00fa intenz\u00edvnej\u0161\u00ed z\u00e1\u017eitok z vapovania.<\/p>\n<p data-start=\"2890\" data-end=\"2992\">\u010ci ste za\u010diato\u010dn\u00edk alebo sk\u00fasen\u00fd vap\u00e9r \u2013 tu ur\u010dite n\u00e1jdete vhodn\u00fa nikot\u00ednov\u00fa silu!<\/p>\n<h3 data-start=\"2999\" data-end=\"3030\">Pre\u010do Bang15000 Puffs?<\/h3>\n<p data-start=\"3031\" data-end=\"3524\">\u2705 Extr\u00e9mne dlh\u00e1 \u017eivotnos\u0165 \u2013 <a href=\"https:\/\/vapingnet.de\/sk\/k\/vape-15000-zuege\/\" target=\"_blank\" rel=\"noopener\"><strong>15 000  \u0165ahov<\/strong><\/a>, zariadenie na mnoho t\u00fd\u017ed\u0148ov.<br data-start=\"3104\" data-end=\"3107\" \/>\u2705 Opakovane nab\u00edjate\u013en\u00e1 bat\u00e9ria \u2013 kapacita 650mAh s r\u00fdchlym nab\u00edjan\u00edm Typ-C.<br data-start=\"3179\" data-end=\"3182\" \/>\u2705 Ve\u013ek\u00e1 n\u00e1dr\u017e na tekutinu \u2013 23mL tekutiny pre maxim\u00e1lnu dobu pou\u017e\u00edvania.<br data-start=\"3247\" data-end=\"3250\" \/>\u2705 Intenz\u00edvny chu\u0165ov\u00fd z\u00e1\u017eitok \u2013 Dul Mesh-Coil pre jemn\u00fd, aromatick\u00fd dym.<br data-start=\"3334\" data-end=\"3337\" \/>\u2705 \u0160tyri \u00farovne nikot\u00ednu \u2013 pre individu\u00e1lne potreby.<br data-start=\"3394\" data-end=\"3397\" \/>\u2705 Chladiv\u00e1 m\u00e4tov\u00e1 chu\u0165 \u2013 osvie\u017euj\u00faca a povzbudzuj\u00faca.<br data-start=\"3450\" data-end=\"3453\" \/>\u2705 Kompaktn\u00e9 a \u0161t\u00fdlov\u00e9 \u2013 pasuje do ka\u017edej ta\u0161ky, ide\u00e1lne na cestovanie.<\/p>\n<h4 data-start=\"3531\" data-end=\"3594\">Vysk\u00fa\u0161ajte teraz a za\u017eite bud\u00facnos\u0165 vapovania!<\/h4>\n<p data-start=\"3595\" data-end=\"3775\">Bang15000 Puffs Rechargeable Disposable Pod pon\u00faka kombin\u00e1ciu dlhodobej v\u00fddr\u017ee, najmodernej\u0161ej technol\u00f3gie a intenz\u00edvneho chuti \u2013 e-cigareta, ktor\u00e1 nastavuje \u0161tandardy!<\/p>\n<p data-start=\"3777\" data-end=\"3893\" data-is-last-node=\"\" data-is-only-node=\"\">\ud83d\udd25 Objednajte teraz na <a href=\"https:\/\/vapingnet.de\/sk\/\" target=\"_new\" rel=\"noopener\" data-start=\"3792\" data-end=\"3828\">vapingnet.de<\/a> objednajte si a u\u017eite si ultim\u00e1tny chladiv\u00fd m\u00e4tov\u00fd z\u00e1\u017eitok z vapovania!<\/p>","protected":false},"excerpt":{"rendered":"<p>Bang15000 Puffs Rechargeable Disposable Pod \u2013 Die Revolution des Dampfens! Der Markt f\u00fcr E-Zigaretten entwickelt sich rasant weiter, und die Anspr\u00fcche der Konsumenten steigen. Sie&#8230;<\/p>","protected":false},"featured_media":5165,"template":"","meta":[],"etheme_brands":[],"product_brand":[101],"product_cat":[53,49,61],"product_tag":[],"class_list":{"0":"post-5164","1":"product","2":"type-product","3":"status-publish","4":"has-post-thumbnail","6":"product_brand-bang-king-vape","7":"product_cat-vape-15000-zuege","8":"product_cat-einweg-e-zigarette","9":"product_cat-f","11":"first","12":"instock","13":"shipping-taxable","14":"purchasable","15":"product-type-simple"},"yoast_head":"<!-- This site is optimized with the Yoast SEO plugin v26.5 - https:\/\/yoast.com\/wordpress\/plugins\/seo\/ -->\n<title>Genie\u00dfen Sie die unvergleichliche Frische von Bang 15000 Puffs im Cool Mint Geschmack | Vapingnet.de<\/title>\n<meta name=\"description\" content=\"Entdecke Genie\u00dfen Sie die unvergleichliche Frische von Bang 15000 Puffs im Cool Mint Geschmack bei vapingnet.de, \u25ba Gro\u00dfe Auswahl an Geschmacksrichtungen &amp; super g\u00fcnstig!\" \/>\n<meta name=\"robots\" content=\"index, follow, max-snippet:-1, max-image-preview:large, max-video-preview:-1\" \/>\n<link rel=\"canonical\" href=\"https:\/\/vapingnet.de\/sk\/vape\/geniessen-sie-die-unvergleichliche-frische-von-bang-15000-puffs-im-cool-mint-geschmack\/\" \/>\n<meta property=\"og:locale\" content=\"sk_SK\" \/>\n<meta property=\"og:type\" content=\"article\" \/>\n<meta property=\"og:title\" content=\"Genie\u00dfen Sie die unvergleichliche Frische von Bang 15000 Puffs im Cool Mint Geschmack | Vapingnet.de\" \/>\n<meta property=\"og:description\" content=\"Entdecke Genie\u00dfen Sie die unvergleichliche Frische von Bang 15000 Puffs im Cool Mint Geschmack bei vapingnet.de, \u25ba Gro\u00dfe Auswahl an Geschmacksrichtungen &amp; super g\u00fcnstig!\" \/>\n<meta property=\"og:url\" content=\"https:\/\/vapingnet.de\/sk\/vape\/geniessen-sie-die-unvergleichliche-frische-von-bang-15000-puffs-im-cool-mint-geschmack\/\" \/>\n<meta property=\"og:site_name\" content=\"Vapingnet.de\" \/>\n<meta property=\"article:publisher\" content=\"https:\/\/www.facebook.com\/vapingnetde\/\" \/>\n<meta property=\"article:modified_time\" content=\"2025-06-19T03:41:34+00:00\" \/>\n<meta property=\"og:image\" content=\"https:\/\/vapingnet.de\/wp-content\/uploads\/2025\/03\/Cool-Mint.png\" \/>\n\t<meta property=\"og:image:width\" content=\"900\" \/>\n\t<meta property=\"og:image:height\" content=\"600\" \/>\n\t<meta property=\"og:image:type\" content=\"image\/png\" \/>\n<meta name=\"twitter:card\" content=\"summary_large_image\" \/>\n<meta name=\"twitter:label1\" content=\"Est. reading time\" \/>\n\t<meta name=\"twitter:data1\" content=\"3 minutes\" \/>\n<script type=\"application\/ld+json\" class=\"yoast-schema-graph\">{\"@context\":\"https:\/\/schema.org\",\"@graph\":[{\"@type\":\"WebPage\",\"@id\":\"https:\/\/vapingnet.de\/vape\/geniessen-sie-die-unvergleichliche-frische-von-bang-15000-puffs-im-cool-mint-geschmack\/\",\"url\":\"https:\/\/vapingnet.de\/vape\/geniessen-sie-die-unvergleichliche-frische-von-bang-15000-puffs-im-cool-mint-geschmack\/\",\"name\":\"Genie\u00dfen Sie die unvergleichliche Frische von Bang 15000 Puffs im Cool Mint Geschmack | Vapingnet.de\",\"isPartOf\":{\"@id\":\"https:\/\/vapingnet.de\/#website\"},\"primaryImageOfPage\":{\"@id\":\"https:\/\/vapingnet.de\/vape\/geniessen-sie-die-unvergleichliche-frische-von-bang-15000-puffs-im-cool-mint-geschmack\/#primaryimage\"},\"image\":{\"@id\":\"https:\/\/vapingnet.de\/vape\/geniessen-sie-die-unvergleichliche-frische-von-bang-15000-puffs-im-cool-mint-geschmack\/#primaryimage\"},\"thumbnailUrl\":\"https:\/\/vapingnet.de\/wp-content\/uploads\/2025\/03\/Cool-Mint.png\",\"datePublished\":\"2025-03-12T09:13:18+00:00\",\"dateModified\":\"2025-06-19T03:41:34+00:00\",\"description\":\"Entdecke Genie\u00dfen Sie die unvergleichliche Frische von Bang 15000 Puffs im Cool Mint Geschmack bei vapingnet.de, \u25ba Gro\u00dfe Auswahl an Geschmacksrichtungen & super g\u00fcnstig!\",\"breadcrumb\":{\"@id\":\"https:\/\/vapingnet.de\/vape\/geniessen-sie-die-unvergleichliche-frische-von-bang-15000-puffs-im-cool-mint-geschmack\/#breadcrumb\"},\"inLanguage\":\"sk-SK\",\"potentialAction\":[{\"@type\":\"ReadAction\",\"target\":[\"https:\/\/vapingnet.de\/vape\/geniessen-sie-die-unvergleichliche-frische-von-bang-15000-puffs-im-cool-mint-geschmack\/\"]}]},{\"@type\":\"ImageObject\",\"inLanguage\":\"sk-SK\",\"@id\":\"https:\/\/vapingnet.de\/vape\/geniessen-sie-die-unvergleichliche-frische-von-bang-15000-puffs-im-cool-mint-geschmack\/#primaryimage\",\"url\":\"https:\/\/vapingnet.de\/wp-content\/uploads\/2025\/03\/Cool-Mint.png\",\"contentUrl\":\"https:\/\/vapingnet.de\/wp-content\/uploads\/2025\/03\/Cool-Mint.png\",\"width\":900,\"height\":600,\"caption\":\"Cool Mint\"},{\"@type\":\"BreadcrumbList\",\"@id\":\"https:\/\/vapingnet.de\/vape\/geniessen-sie-die-unvergleichliche-frische-von-bang-15000-puffs-im-cool-mint-geschmack\/#breadcrumb\",\"itemListElement\":[{\"@type\":\"ListItem\",\"position\":1,\"name\":\"Home\",\"item\":\"https:\/\/vapingnet.de\/\"},{\"@type\":\"ListItem\",\"position\":2,\"name\":\"Shop\",\"item\":\"https:\/\/vapingnet.de\/vape\/\"},{\"@type\":\"ListItem\",\"position\":3,\"name\":\"Genie\u00dfen Sie die unvergleichliche Frische von Bang 15000 Puffs im Cool Mint Geschmack\"}]},{\"@type\":\"WebSite\",\"@id\":\"https:\/\/vapingnet.de\/#website\",\"url\":\"https:\/\/vapingnet.de\/\",\"name\":\"Vapingnet.de\",\"description\":\"\",\"publisher\":{\"@id\":\"https:\/\/vapingnet.de\/#organization\"},\"potentialAction\":[{\"@type\":\"SearchAction\",\"target\":{\"@type\":\"EntryPoint\",\"urlTemplate\":\"https:\/\/vapingnet.de\/?s={search_term_string}\"},\"query-input\":{\"@type\":\"PropertyValueSpecification\",\"valueRequired\":true,\"valueName\":\"search_term_string\"}}],\"inLanguage\":\"sk-SK\"},{\"@type\":\"Organization\",\"@id\":\"https:\/\/vapingnet.de\/#organization\",\"name\":\"Vapingnet.de\",\"url\":\"https:\/\/vapingnet.de\/\",\"logo\":{\"@type\":\"ImageObject\",\"inLanguage\":\"sk-SK\",\"@id\":\"https:\/\/vapingnet.de\/#\/schema\/logo\/image\/\",\"url\":\"https:\/\/vapingnet.de\/wp-content\/uploads\/2025\/03\/cropped-vapingnet.de_.jpg\",\"contentUrl\":\"https:\/\/vapingnet.de\/wp-content\/uploads\/2025\/03\/cropped-vapingnet.de_.jpg\",\"width\":512,\"height\":512,\"caption\":\"Vapingnet.de\"},\"image\":{\"@id\":\"https:\/\/vapingnet.de\/#\/schema\/logo\/image\/\"},\"sameAs\":[\"https:\/\/www.facebook.com\/vapingnetde\/\"]}]}<\/script>\n<!-- \/ Yoast SEO plugin. -->","yoast_head_json":{"title":"Genie\u00dfen Sie die unvergleichliche Frische von Bang 15000 Puffs im Cool Mint Geschmack | Vapingnet.de","description":"Entdecke Genie\u00dfen Sie die unvergleichliche Frische von Bang 15000 Puffs im Cool Mint Geschmack bei vapingnet.de, \u25ba Gro\u00dfe Auswahl an Geschmacksrichtungen & super g\u00fcnstig!","robots":{"index":"index","follow":"follow","max-snippet":"max-snippet:-1","max-image-preview":"max-image-preview:large","max-video-preview":"max-video-preview:-1"},"canonical":"https:\/\/vapingnet.de\/sk\/vape\/geniessen-sie-die-unvergleichliche-frische-von-bang-15000-puffs-im-cool-mint-geschmack\/","og_locale":"sk_SK","og_type":"article","og_title":"Genie\u00dfen Sie die unvergleichliche Frische von Bang 15000 Puffs im Cool Mint Geschmack | Vapingnet.de","og_description":"Entdecke Genie\u00dfen Sie die unvergleichliche Frische von Bang 15000 Puffs im Cool Mint Geschmack bei vapingnet.de, \u25ba Gro\u00dfe Auswahl an Geschmacksrichtungen & super g\u00fcnstig!","og_url":"https:\/\/vapingnet.de\/sk\/vape\/geniessen-sie-die-unvergleichliche-frische-von-bang-15000-puffs-im-cool-mint-geschmack\/","og_site_name":"Vapingnet.de","article_publisher":"https:\/\/www.facebook.com\/vapingnetde\/","article_modified_time":"2025-06-19T03:41:34+00:00","og_image":[{"width":900,"height":600,"url":"https:\/\/vapingnet.de\/wp-content\/uploads\/2025\/03\/Cool-Mint.png","type":"image\/png"}],"twitter_card":"summary_large_image","twitter_misc":{"Est. reading time":"3 minutes"},"schema":{"@context":"https:\/\/schema.org","@graph":[{"@type":"WebPage","@id":"https:\/\/vapingnet.de\/vape\/geniessen-sie-die-unvergleichliche-frische-von-bang-15000-puffs-im-cool-mint-geschmack\/","url":"https:\/\/vapingnet.de\/vape\/geniessen-sie-die-unvergleichliche-frische-von-bang-15000-puffs-im-cool-mint-geschmack\/","name":"Genie\u00dfen Sie die unvergleichliche Frische von Bang 15000 Puffs im Cool Mint Geschmack | Vapingnet.de","isPartOf":{"@id":"https:\/\/vapingnet.de\/#website"},"primaryImageOfPage":{"@id":"https:\/\/vapingnet.de\/vape\/geniessen-sie-die-unvergleichliche-frische-von-bang-15000-puffs-im-cool-mint-geschmack\/#primaryimage"},"image":{"@id":"https:\/\/vapingnet.de\/vape\/geniessen-sie-die-unvergleichliche-frische-von-bang-15000-puffs-im-cool-mint-geschmack\/#primaryimage"},"thumbnailUrl":"https:\/\/vapingnet.de\/wp-content\/uploads\/2025\/03\/Cool-Mint.png","datePublished":"2025-03-12T09:13:18+00:00","dateModified":"2025-06-19T03:41:34+00:00","description":"Entdecke Genie\u00dfen Sie die unvergleichliche Frische von Bang 15000 Puffs im Cool Mint Geschmack bei vapingnet.de, \u25ba Gro\u00dfe Auswahl an Geschmacksrichtungen & super g\u00fcnstig!","breadcrumb":{"@id":"https:\/\/vapingnet.de\/vape\/geniessen-sie-die-unvergleichliche-frische-von-bang-15000-puffs-im-cool-mint-geschmack\/#breadcrumb"},"inLanguage":"sk-SK","potentialAction":[{"@type":"ReadAction","target":["https:\/\/vapingnet.de\/vape\/geniessen-sie-die-unvergleichliche-frische-von-bang-15000-puffs-im-cool-mint-geschmack\/"]}]},{"@type":"ImageObject","inLanguage":"sk-SK","@id":"https:\/\/vapingnet.de\/vape\/geniessen-sie-die-unvergleichliche-frische-von-bang-15000-puffs-im-cool-mint-geschmack\/#primaryimage","url":"https:\/\/vapingnet.de\/wp-content\/uploads\/2025\/03\/Cool-Mint.png","contentUrl":"https:\/\/vapingnet.de\/wp-content\/uploads\/2025\/03\/Cool-Mint.png","width":900,"height":600,"caption":"Cool Mint"},{"@type":"BreadcrumbList","@id":"https:\/\/vapingnet.de\/vape\/geniessen-sie-die-unvergleichliche-frische-von-bang-15000-puffs-im-cool-mint-geschmack\/#breadcrumb","itemListElement":[{"@type":"ListItem","position":1,"name":"Home","item":"https:\/\/vapingnet.de\/"},{"@type":"ListItem","position":2,"name":"Shop","item":"https:\/\/vapingnet.de\/vape\/"},{"@type":"ListItem","position":3,"name":"Genie\u00dfen Sie die unvergleichliche Frische von Bang 15000 Puffs im Cool Mint Geschmack"}]},{"@type":"WebSite","@id":"https:\/\/vapingnet.de\/#website","url":"https:\/\/vapingnet.de\/","name":"Vapingnet.de","description":"","publisher":{"@id":"https:\/\/vapingnet.de\/#organization"},"potentialAction":[{"@type":"SearchAction","target":{"@type":"EntryPoint","urlTemplate":"https:\/\/vapingnet.de\/?s={search_term_string}"},"query-input":{"@type":"PropertyValueSpecification","valueRequired":true,"valueName":"search_term_string"}}],"inLanguage":"sk-SK"},{"@type":"Organization","@id":"https:\/\/vapingnet.de\/#organization","name":"Vapingnet.de","url":"https:\/\/vapingnet.de\/","logo":{"@type":"ImageObject","inLanguage":"sk-SK","@id":"https:\/\/vapingnet.de\/#\/schema\/logo\/image\/","url":"https:\/\/vapingnet.de\/wp-content\/uploads\/2025\/03\/cropped-vapingnet.de_.jpg","contentUrl":"https:\/\/vapingnet.de\/wp-content\/uploads\/2025\/03\/cropped-vapingnet.de_.jpg","width":512,"height":512,"caption":"Vapingnet.de"},"image":{"@id":"https:\/\/vapingnet.de\/#\/schema\/logo\/image\/"},"sameAs":["https:\/\/www.facebook.com\/vapingnetde\/"]}]}},"tiered_pricing_type":"fixed","tiered_pricing_fixed_rules":{"10":"7.31","60":"6.58","110":"5.85","200":"5.12"},"tiered_pricing_product_settings":{"layout":"default","base_unit_name":{"singular":null,"plural":null},"default_variation":null},"tiered_pricing_minimum_quantity":null,"tiered_pricing_roles_data":[],"tiered_pricing_percentage_rules":[],"_links":{"self":[{"href":"https:\/\/vapingnet.de\/sk\/wp-json\/wp\/v2\/product\/5164","targetHints":{"allow":["GET"]}}],"collection":[{"href":"https:\/\/vapingnet.de\/sk\/wp-json\/wp\/v2\/product"}],"about":[{"href":"https:\/\/vapingnet.de\/sk\/wp-json\/wp\/v2\/types\/product"}],"version-history":[{"count":2,"href":"https:\/\/vapingnet.de\/sk\/wp-json\/wp\/v2\/product\/5164\/revisions"}],"predecessor-version":[{"id":6918,"href":"https:\/\/vapingnet.de\/sk\/wp-json\/wp\/v2\/product\/5164\/revisions\/6918"}],"wp:featuredmedia":[{"embeddable":true,"href":"https:\/\/vapingnet.de\/sk\/wp-json\/wp\/v2\/media\/5165"}],"wp:attachment":[{"href":"https:\/\/vapingnet.de\/sk\/wp-json\/wp\/v2\/media?parent=5164"}],"wp:term":[{"taxonomy":"brand","embeddable":true,"href":"https:\/\/vapingnet.de\/sk\/wp-json\/wp\/v2\/etheme_brands?post=5164"},{"taxonomy":"product_brand","embeddable":true,"href":"https:\/\/vapingnet.de\/sk\/wp-json\/wp\/v2\/product_brand?post=5164"},{"taxonomy":"product_cat","embeddable":true,"href":"https:\/\/vapingnet.de\/sk\/wp-json\/wp\/v2\/product_cat?post=5164"},{"taxonomy":"product_tag","embeddable":true,"href":"https:\/\/vapingnet.de\/sk\/wp-json\/wp\/v2\/product_tag?post=5164"}],"curies":[{"name":"wp","href":"https:\/\/api.w.org\/{rel}","templated":true}]}}