{"id":5171,"date":"2025-03-12T09:24:31","date_gmt":"2025-03-12T09:24:31","guid":{"rendered":"https:\/\/vapingnet.de\/?post_type=product&#038;p=5171"},"modified":"2025-06-19T03:41:33","modified_gmt":"2025-06-19T03:41:33","slug":"geniessen-sie-die-langanhaltende-freude-und-den-intensiven-love-66-geschmack-der-bang-15000-puffs","status":"publish","type":"product","link":"https:\/\/vapingnet.de\/sk\/vape\/geniessen-sie-die-langanhaltende-freude-und-den-intensiven-love-66-geschmack-der-bang-15000-puffs\/","title":{"rendered":"U\u017eite si dlhotrvaj\u00facu rados\u0165 a intenz\u00edvnu chu\u0165 Love 66 s Bang 15000 Puffs"},"content":{"rendered":"<h2 data-pm-slice=\"1 1 []\">Bang15000 Puffs Nab\u00edjate\u013en\u00fd Jednorazov\u00fd Pod \u2013 Maxim\u00e1lny z\u00e1\u017eitok z vapovania pri ka\u017edom \u0165ahu!<\/h2>\n<p>Na trhu s e-cigaretami nie je jednoduch\u00e9 n\u00e1js\u0165 produkt, ktor\u00fd sp\u00e1ja vysok\u00fa kapacitu, dlh\u00fa v\u00fddr\u017e a jemn\u00fa chu\u0165. No ten <a href=\"https:\/\/vapingnet.de\/sk\/bang-15000-puffs\/\" target=\"_blank\" rel=\"noopener\"><strong>Bang15000 Puffs Nab\u00edjate\u013en\u00fd Jednorazov\u00fd Pod<\/strong><\/a> pon\u00faka presne to \u2013 prvotriedny z\u00e1\u017eitok s vynikaj\u00facim v\u00fdkonom, ktor\u00fd ka\u017ed\u00fd \u0165ah rob\u00ed p\u00f4\u017eitkom.<\/p>\n<h3>Pre\u010do si vybra\u0165 Bang15000?<\/h3>\n<p>\ud83d\udd39 Extr\u00e9mne dlh\u00e1 \u017eivotnos\u0165 \u2013 <a href=\"https:\/\/vapingnet.de\/sk\/k\/vape-15000-zuege\/\" target=\"_blank\" rel=\"noopener\"><strong>15000 potiahnut\u00ed<\/strong><\/a> V\u00e4\u010d\u0161ina jednorazov\u00fdch e-cigariet pon\u00faka medzi 5000 a 10000 \u0165ahmi. Bang15000 nastavuje nov\u00e9 \u0161tandardy s neuverite\u013en\u00fdmi 15000 \u0165ahmi! \u010ci u\u017e na denn\u00e9 pou\u017eitie alebo dlh\u00e9 v\u00fdlety \u2013 jedna jednotka \u0165a sprev\u00e1dza ove\u013ea dlh\u0161ie.<\/p>\n<p>\ud83d\udd39 Opakovane nab\u00edjate\u013en\u00fd dizajn pre kontinu\u00e1lny p\u00f4\u017eitok S 650mAh nab\u00edjate\u013enou bat\u00e9riou a praktick\u00fdm konektorom Type-C m\u00f4\u017ee\u0161 kedyko\u013evek dob\u00edja\u0165 a zabezpe\u010di\u0165, aby tvoja vapovacia sk\u00fasenos\u0165 zostala rovnomern\u00e1 a intenz\u00edvna \u2013 \u017eiadne nevyu\u017eit\u00e9 liquidy kv\u00f4li vybit\u00fdm bat\u00e9ri\u00e1m.<\/p>\n<p>\ud83d\udd39 Dul Mesh Cievka (1,1\u03a9) pre intenz\u00edvnu chu\u0165 V\u010faka technol\u00f3gii Dul Mesh dvojit\u00fdch cievok sa liquid rovnomerne odparuje, \u010do zabezpe\u010duje jemn\u00fd a pln\u00fd z\u00e1\u017eitok z vapovania. Ka\u017ed\u00fd \u0165ah dod\u00e1va hust\u00fd, sametov\u00fd dym.<\/p>\n<p>\ud83d\udd39 Ve\u013ek\u00e1 kapacita liquidu pre dlhodob\u00fd p\u00f4\u017eitok S 23ml liquidu nemus\u00ed\u0161 ma\u0165 obavy z \u010dast\u00e9ho v\u00fdmeny \u2013 jednoducho si u\u017e\u00edvaj a relaxuj.<\/p>\n<p>\ud83d\udd39 R\u00f4zne nikot\u00ednov\u00e9 koncentr\u00e1cie na v\u00fdber Vyber si t\u00fa, ktor\u00e1 ti najviac vyhovuje: 0%, 2%, 3%, 5%. (0% a 3% s\u00fa dostupn\u00e9 len pri ve\u013ek\u00fdch objedn\u00e1vkach.)<\/p>\n<p>\ud83d\udd39 Exkluz\u00edvna ar\u00f3ma \u2013 Love 66 Love 66 je jednou z najob\u013e\u00fabenej\u0161\u00edch pr\u00edchut\u00ed s osvie\u017euj\u00facou kombin\u00e1ciou \u0161\u0165avnatej vodnej mel\u00f3nu, sladkej medovej mel\u00f3nu a chladnej m\u00e4ty. Ka\u017ed\u00fd \u0165ah je skuto\u010dnou expl\u00f3ziou chut\u00ed!<\/p>\n<h3>Pre koho je ide\u00e1lny Bang15000?<\/h3>\n<p>\u2705 Pre v\u0161etk\u00fdch, ktor\u00ed h\u013eadaj\u00fa dlhodob\u00fa e-cigaretu \u2013 S 15000 \u0165ahmi nemus\u00ed\u0161 ma\u0165 obavy z \u010dast\u00e9ho v\u00fdmeny.<br \/>\n\u2705 Pre fan\u00fa\u0161ikov hust\u00e9ho dymu a intenz\u00edvnej chuti \u2013 V\u010faka technol\u00f3gii Mesh Cievky je to skuto\u010dn\u00fd hit.<br \/>\n\u2705 Pre cenovo uvedomel\u00fdch kupuj\u00facich \u2013 Jednorazov\u00e1 e-cigareta s nab\u00edjate\u013enou bat\u00e9riou pre dlh\u0161ie pou\u017e\u00edvanie.<br \/>\n\u2705 Pre ve\u013ekoobchodn\u00edkov a predajcov \u2013 0% a 3% nikot\u00ednov\u00e9 koncentr\u00e1cie s\u00fa dostupn\u00e9 len pri ve\u013ek\u00fdch objedn\u00e1vkach, ide\u00e1lne pre obchodn\u00e9 vyu\u017eitie.<\/p>\n<h4>Objednajte teraz!<\/h4>\n<p>Bang15000 Puffs Nab\u00edjate\u013en\u00fd Jednorazov\u00fd Pod je teraz dostupn\u00fd na <a href=\"https:\/\/vapingnet.de\/sk\/\">vapingnet.de<\/a> \u2013 zabezpe\u010d si svoj model a za\u017ei dokonal\u00fa kombin\u00e1ciu dlhej \u017eivotnosti a intenz\u00edvnej chuti!<\/p>","protected":false},"excerpt":{"rendered":"<p>Bang15000 Puffs Rechargeable Disposable Pod \u2013 Maximales Dampferlebnis bei jedem Zug! Auf dem Markt f\u00fcr E-Zigaretten ist es nicht einfach, ein Produkt zu finden, das&#8230;<\/p>","protected":false},"featured_media":5172,"template":"","meta":[],"etheme_brands":[],"product_brand":[101],"product_cat":[53,49,61],"product_tag":[],"class_list":{"0":"post-5171","1":"product","2":"type-product","3":"status-publish","4":"has-post-thumbnail","6":"product_brand-bang-king-vape","7":"product_cat-vape-15000-zuege","8":"product_cat-einweg-e-zigarette","9":"product_cat-f","11":"first","12":"instock","13":"shipping-taxable","14":"purchasable","15":"product-type-simple"},"yoast_head":"<!-- This site is optimized with the Yoast SEO plugin v26.5 - https:\/\/yoast.com\/wordpress\/plugins\/seo\/ -->\n<title>Genie\u00dfen Sie die langanhaltende Freude und den intensiven Love 66 Geschmack der Bang 15000 Puffs | Vapingnet.de<\/title>\n<meta name=\"description\" content=\"Entdecke Genie\u00dfen Sie die langanhaltende Freude und den intensiven Love 66 Geschmack der Bang 15000 Puffs bei vapingnet.de, \u25ba Gro\u00dfe Auswahl an Geschmacksrichtungen &amp; super g\u00fcnstig!\" \/>\n<meta name=\"robots\" content=\"index, follow, max-snippet:-1, max-image-preview:large, max-video-preview:-1\" \/>\n<link rel=\"canonical\" href=\"https:\/\/vapingnet.de\/sk\/vape\/geniessen-sie-die-langanhaltende-freude-und-den-intensiven-love-66-geschmack-der-bang-15000-puffs\/\" \/>\n<meta property=\"og:locale\" content=\"sk_SK\" \/>\n<meta property=\"og:type\" content=\"article\" \/>\n<meta property=\"og:title\" content=\"Genie\u00dfen Sie die langanhaltende Freude und den intensiven Love 66 Geschmack der Bang 15000 Puffs | Vapingnet.de\" \/>\n<meta property=\"og:description\" content=\"Entdecke Genie\u00dfen Sie die langanhaltende Freude und den intensiven Love 66 Geschmack der Bang 15000 Puffs bei vapingnet.de, \u25ba Gro\u00dfe Auswahl an Geschmacksrichtungen &amp; super g\u00fcnstig!\" \/>\n<meta property=\"og:url\" content=\"https:\/\/vapingnet.de\/sk\/vape\/geniessen-sie-die-langanhaltende-freude-und-den-intensiven-love-66-geschmack-der-bang-15000-puffs\/\" \/>\n<meta property=\"og:site_name\" content=\"Vapingnet.de\" \/>\n<meta property=\"article:publisher\" content=\"https:\/\/www.facebook.com\/vapingnetde\/\" \/>\n<meta property=\"article:modified_time\" content=\"2025-06-19T03:41:33+00:00\" \/>\n<meta property=\"og:image\" content=\"https:\/\/vapingnet.de\/wp-content\/uploads\/2025\/03\/Love-66.png\" \/>\n\t<meta property=\"og:image:width\" content=\"900\" \/>\n\t<meta property=\"og:image:height\" content=\"600\" \/>\n\t<meta property=\"og:image:type\" content=\"image\/png\" \/>\n<meta name=\"twitter:card\" content=\"summary_large_image\" \/>\n<meta name=\"twitter:label1\" content=\"Est. reading time\" \/>\n\t<meta name=\"twitter:data1\" content=\"3 minutes\" \/>\n<script type=\"application\/ld+json\" class=\"yoast-schema-graph\">{\"@context\":\"https:\/\/schema.org\",\"@graph\":[{\"@type\":\"WebPage\",\"@id\":\"https:\/\/vapingnet.de\/vape\/geniessen-sie-die-langanhaltende-freude-und-den-intensiven-love-66-geschmack-der-bang-15000-puffs\/\",\"url\":\"https:\/\/vapingnet.de\/vape\/geniessen-sie-die-langanhaltende-freude-und-den-intensiven-love-66-geschmack-der-bang-15000-puffs\/\",\"name\":\"Genie\u00dfen Sie die langanhaltende Freude und den intensiven Love 66 Geschmack der Bang 15000 Puffs | Vapingnet.de\",\"isPartOf\":{\"@id\":\"https:\/\/vapingnet.de\/#website\"},\"primaryImageOfPage\":{\"@id\":\"https:\/\/vapingnet.de\/vape\/geniessen-sie-die-langanhaltende-freude-und-den-intensiven-love-66-geschmack-der-bang-15000-puffs\/#primaryimage\"},\"image\":{\"@id\":\"https:\/\/vapingnet.de\/vape\/geniessen-sie-die-langanhaltende-freude-und-den-intensiven-love-66-geschmack-der-bang-15000-puffs\/#primaryimage\"},\"thumbnailUrl\":\"https:\/\/vapingnet.de\/wp-content\/uploads\/2025\/03\/Love-66.png\",\"datePublished\":\"2025-03-12T09:24:31+00:00\",\"dateModified\":\"2025-06-19T03:41:33+00:00\",\"description\":\"Entdecke Genie\u00dfen Sie die langanhaltende Freude und den intensiven Love 66 Geschmack der Bang 15000 Puffs bei vapingnet.de, \u25ba Gro\u00dfe Auswahl an Geschmacksrichtungen & super g\u00fcnstig!\",\"breadcrumb\":{\"@id\":\"https:\/\/vapingnet.de\/vape\/geniessen-sie-die-langanhaltende-freude-und-den-intensiven-love-66-geschmack-der-bang-15000-puffs\/#breadcrumb\"},\"inLanguage\":\"sk-SK\",\"potentialAction\":[{\"@type\":\"ReadAction\",\"target\":[\"https:\/\/vapingnet.de\/vape\/geniessen-sie-die-langanhaltende-freude-und-den-intensiven-love-66-geschmack-der-bang-15000-puffs\/\"]}]},{\"@type\":\"ImageObject\",\"inLanguage\":\"sk-SK\",\"@id\":\"https:\/\/vapingnet.de\/vape\/geniessen-sie-die-langanhaltende-freude-und-den-intensiven-love-66-geschmack-der-bang-15000-puffs\/#primaryimage\",\"url\":\"https:\/\/vapingnet.de\/wp-content\/uploads\/2025\/03\/Love-66.png\",\"contentUrl\":\"https:\/\/vapingnet.de\/wp-content\/uploads\/2025\/03\/Love-66.png\",\"width\":900,\"height\":600,\"caption\":\"Love 66\"},{\"@type\":\"BreadcrumbList\",\"@id\":\"https:\/\/vapingnet.de\/vape\/geniessen-sie-die-langanhaltende-freude-und-den-intensiven-love-66-geschmack-der-bang-15000-puffs\/#breadcrumb\",\"itemListElement\":[{\"@type\":\"ListItem\",\"position\":1,\"name\":\"Home\",\"item\":\"https:\/\/vapingnet.de\/\"},{\"@type\":\"ListItem\",\"position\":2,\"name\":\"Shop\",\"item\":\"https:\/\/vapingnet.de\/vape\/\"},{\"@type\":\"ListItem\",\"position\":3,\"name\":\"Genie\u00dfen Sie die langanhaltende Freude und den intensiven Love 66 Geschmack der Bang 15000 Puffs\"}]},{\"@type\":\"WebSite\",\"@id\":\"https:\/\/vapingnet.de\/#website\",\"url\":\"https:\/\/vapingnet.de\/\",\"name\":\"Vapingnet.de\",\"description\":\"\",\"publisher\":{\"@id\":\"https:\/\/vapingnet.de\/#organization\"},\"potentialAction\":[{\"@type\":\"SearchAction\",\"target\":{\"@type\":\"EntryPoint\",\"urlTemplate\":\"https:\/\/vapingnet.de\/?s={search_term_string}\"},\"query-input\":{\"@type\":\"PropertyValueSpecification\",\"valueRequired\":true,\"valueName\":\"search_term_string\"}}],\"inLanguage\":\"sk-SK\"},{\"@type\":\"Organization\",\"@id\":\"https:\/\/vapingnet.de\/#organization\",\"name\":\"Vapingnet.de\",\"url\":\"https:\/\/vapingnet.de\/\",\"logo\":{\"@type\":\"ImageObject\",\"inLanguage\":\"sk-SK\",\"@id\":\"https:\/\/vapingnet.de\/#\/schema\/logo\/image\/\",\"url\":\"https:\/\/vapingnet.de\/wp-content\/uploads\/2025\/03\/cropped-vapingnet.de_.jpg\",\"contentUrl\":\"https:\/\/vapingnet.de\/wp-content\/uploads\/2025\/03\/cropped-vapingnet.de_.jpg\",\"width\":512,\"height\":512,\"caption\":\"Vapingnet.de\"},\"image\":{\"@id\":\"https:\/\/vapingnet.de\/#\/schema\/logo\/image\/\"},\"sameAs\":[\"https:\/\/www.facebook.com\/vapingnetde\/\"]}]}<\/script>\n<!-- \/ Yoast SEO plugin. -->","yoast_head_json":{"title":"Genie\u00dfen Sie die langanhaltende Freude und den intensiven Love 66 Geschmack der Bang 15000 Puffs | Vapingnet.de","description":"Entdecke Genie\u00dfen Sie die langanhaltende Freude und den intensiven Love 66 Geschmack der Bang 15000 Puffs bei vapingnet.de, \u25ba Gro\u00dfe Auswahl an Geschmacksrichtungen & super g\u00fcnstig!","robots":{"index":"index","follow":"follow","max-snippet":"max-snippet:-1","max-image-preview":"max-image-preview:large","max-video-preview":"max-video-preview:-1"},"canonical":"https:\/\/vapingnet.de\/sk\/vape\/geniessen-sie-die-langanhaltende-freude-und-den-intensiven-love-66-geschmack-der-bang-15000-puffs\/","og_locale":"sk_SK","og_type":"article","og_title":"Genie\u00dfen Sie die langanhaltende Freude und den intensiven Love 66 Geschmack der Bang 15000 Puffs | Vapingnet.de","og_description":"Entdecke Genie\u00dfen Sie die langanhaltende Freude und den intensiven Love 66 Geschmack der Bang 15000 Puffs bei vapingnet.de, \u25ba Gro\u00dfe Auswahl an Geschmacksrichtungen & super g\u00fcnstig!","og_url":"https:\/\/vapingnet.de\/sk\/vape\/geniessen-sie-die-langanhaltende-freude-und-den-intensiven-love-66-geschmack-der-bang-15000-puffs\/","og_site_name":"Vapingnet.de","article_publisher":"https:\/\/www.facebook.com\/vapingnetde\/","article_modified_time":"2025-06-19T03:41:33+00:00","og_image":[{"width":900,"height":600,"url":"https:\/\/vapingnet.de\/wp-content\/uploads\/2025\/03\/Love-66.png","type":"image\/png"}],"twitter_card":"summary_large_image","twitter_misc":{"Est. reading time":"3 minutes"},"schema":{"@context":"https:\/\/schema.org","@graph":[{"@type":"WebPage","@id":"https:\/\/vapingnet.de\/vape\/geniessen-sie-die-langanhaltende-freude-und-den-intensiven-love-66-geschmack-der-bang-15000-puffs\/","url":"https:\/\/vapingnet.de\/vape\/geniessen-sie-die-langanhaltende-freude-und-den-intensiven-love-66-geschmack-der-bang-15000-puffs\/","name":"Genie\u00dfen Sie die langanhaltende Freude und den intensiven Love 66 Geschmack der Bang 15000 Puffs | Vapingnet.de","isPartOf":{"@id":"https:\/\/vapingnet.de\/#website"},"primaryImageOfPage":{"@id":"https:\/\/vapingnet.de\/vape\/geniessen-sie-die-langanhaltende-freude-und-den-intensiven-love-66-geschmack-der-bang-15000-puffs\/#primaryimage"},"image":{"@id":"https:\/\/vapingnet.de\/vape\/geniessen-sie-die-langanhaltende-freude-und-den-intensiven-love-66-geschmack-der-bang-15000-puffs\/#primaryimage"},"thumbnailUrl":"https:\/\/vapingnet.de\/wp-content\/uploads\/2025\/03\/Love-66.png","datePublished":"2025-03-12T09:24:31+00:00","dateModified":"2025-06-19T03:41:33+00:00","description":"Entdecke Genie\u00dfen Sie die langanhaltende Freude und den intensiven Love 66 Geschmack der Bang 15000 Puffs bei vapingnet.de, \u25ba Gro\u00dfe Auswahl an Geschmacksrichtungen & super g\u00fcnstig!","breadcrumb":{"@id":"https:\/\/vapingnet.de\/vape\/geniessen-sie-die-langanhaltende-freude-und-den-intensiven-love-66-geschmack-der-bang-15000-puffs\/#breadcrumb"},"inLanguage":"sk-SK","potentialAction":[{"@type":"ReadAction","target":["https:\/\/vapingnet.de\/vape\/geniessen-sie-die-langanhaltende-freude-und-den-intensiven-love-66-geschmack-der-bang-15000-puffs\/"]}]},{"@type":"ImageObject","inLanguage":"sk-SK","@id":"https:\/\/vapingnet.de\/vape\/geniessen-sie-die-langanhaltende-freude-und-den-intensiven-love-66-geschmack-der-bang-15000-puffs\/#primaryimage","url":"https:\/\/vapingnet.de\/wp-content\/uploads\/2025\/03\/Love-66.png","contentUrl":"https:\/\/vapingnet.de\/wp-content\/uploads\/2025\/03\/Love-66.png","width":900,"height":600,"caption":"Love 66"},{"@type":"BreadcrumbList","@id":"https:\/\/vapingnet.de\/vape\/geniessen-sie-die-langanhaltende-freude-und-den-intensiven-love-66-geschmack-der-bang-15000-puffs\/#breadcrumb","itemListElement":[{"@type":"ListItem","position":1,"name":"Home","item":"https:\/\/vapingnet.de\/"},{"@type":"ListItem","position":2,"name":"Shop","item":"https:\/\/vapingnet.de\/vape\/"},{"@type":"ListItem","position":3,"name":"Genie\u00dfen Sie die langanhaltende Freude und den intensiven Love 66 Geschmack der Bang 15000 Puffs"}]},{"@type":"WebSite","@id":"https:\/\/vapingnet.de\/#website","url":"https:\/\/vapingnet.de\/","name":"Vapingnet.de","description":"","publisher":{"@id":"https:\/\/vapingnet.de\/#organization"},"potentialAction":[{"@type":"SearchAction","target":{"@type":"EntryPoint","urlTemplate":"https:\/\/vapingnet.de\/?s={search_term_string}"},"query-input":{"@type":"PropertyValueSpecification","valueRequired":true,"valueName":"search_term_string"}}],"inLanguage":"sk-SK"},{"@type":"Organization","@id":"https:\/\/vapingnet.de\/#organization","name":"Vapingnet.de","url":"https:\/\/vapingnet.de\/","logo":{"@type":"ImageObject","inLanguage":"sk-SK","@id":"https:\/\/vapingnet.de\/#\/schema\/logo\/image\/","url":"https:\/\/vapingnet.de\/wp-content\/uploads\/2025\/03\/cropped-vapingnet.de_.jpg","contentUrl":"https:\/\/vapingnet.de\/wp-content\/uploads\/2025\/03\/cropped-vapingnet.de_.jpg","width":512,"height":512,"caption":"Vapingnet.de"},"image":{"@id":"https:\/\/vapingnet.de\/#\/schema\/logo\/image\/"},"sameAs":["https:\/\/www.facebook.com\/vapingnetde\/"]}]}},"tiered_pricing_type":"fixed","tiered_pricing_fixed_rules":{"10":"7.31","60":"6.58","110":"5.85","200":"5.12"},"tiered_pricing_product_settings":{"layout":"default","base_unit_name":{"singular":null,"plural":null},"default_variation":null},"tiered_pricing_minimum_quantity":null,"tiered_pricing_roles_data":[],"tiered_pricing_percentage_rules":[],"_links":{"self":[{"href":"https:\/\/vapingnet.de\/sk\/wp-json\/wp\/v2\/product\/5171","targetHints":{"allow":["GET"]}}],"collection":[{"href":"https:\/\/vapingnet.de\/sk\/wp-json\/wp\/v2\/product"}],"about":[{"href":"https:\/\/vapingnet.de\/sk\/wp-json\/wp\/v2\/types\/product"}],"version-history":[{"count":1,"href":"https:\/\/vapingnet.de\/sk\/wp-json\/wp\/v2\/product\/5171\/revisions"}],"predecessor-version":[{"id":5173,"href":"https:\/\/vapingnet.de\/sk\/wp-json\/wp\/v2\/product\/5171\/revisions\/5173"}],"wp:featuredmedia":[{"embeddable":true,"href":"https:\/\/vapingnet.de\/sk\/wp-json\/wp\/v2\/media\/5172"}],"wp:attachment":[{"href":"https:\/\/vapingnet.de\/sk\/wp-json\/wp\/v2\/media?parent=5171"}],"wp:term":[{"taxonomy":"brand","embeddable":true,"href":"https:\/\/vapingnet.de\/sk\/wp-json\/wp\/v2\/etheme_brands?post=5171"},{"taxonomy":"product_brand","embeddable":true,"href":"https:\/\/vapingnet.de\/sk\/wp-json\/wp\/v2\/product_brand?post=5171"},{"taxonomy":"product_cat","embeddable":true,"href":"https:\/\/vapingnet.de\/sk\/wp-json\/wp\/v2\/product_cat?post=5171"},{"taxonomy":"product_tag","embeddable":true,"href":"https:\/\/vapingnet.de\/sk\/wp-json\/wp\/v2\/product_tag?post=5171"}],"curies":[{"name":"wp","href":"https:\/\/api.w.org\/{rel}","templated":true}]}}