{"id":5174,"date":"2025-03-12T09:29:26","date_gmt":"2025-03-12T09:29:26","guid":{"rendered":"https:\/\/vapingnet.de\/?post_type=product&#038;p=5174"},"modified":"2025-06-25T06:03:41","modified_gmt":"2025-06-25T06:03:41","slug":"bang15000-puffs-im-koestlichen-melon-blue-ein-vape-trend-den-sie-nicht-verpassen-sollten","status":"publish","type":"product","link":"https:\/\/vapingnet.de\/sk\/vape\/bang15000-puffs-im-koestlichen-melon-blue-ein-vape-trend-den-sie-nicht-verpassen-sollten\/","title":{"rendered":"Bang 15000 potiahnut\u00ed v lahodnej Melon Blue \u2013 Trend v oblasti vapingu, ktor\u00fd nesmiete preme\u0161ka\u0165"},"content":{"rendered":"<h1>Bang15000 Puffs: V\u00e1\u0161 pr\u00edstup k pr\u00e9miov\u00e9mu pareniu s Melon Blue<\/h1>\n<p>Vo svete elektronick\u00fdch cigariet nastavuje Bang15000 Puffs Rechargeable Disposable Pod nov\u00e9 \u0161tandardy. Tento pr\u00edstroj nie je len <a href=\"https:\/\/vapingnet.de\/sk\/k\/einweg-e-zigarette\/\" target=\"_blank\" rel=\"noopener\"><strong>Jednorazov\u00e1 elektronick\u00e1 cigareta<\/strong><\/a>; je to vyhl\u00e1senie \u0161t\u00fdlu, v\u00fdkonu a vynikaj\u00facej kvality. Navrhnut\u00fd tak, aby splnil v\u0161etky va\u0161e potreby v paren\u00ed, Bang15000 zaru\u010duje pri ka\u017edom \u0165ahu neporovnate\u013en\u00fd p\u00f4\u017eitok.<\/p>\n<h3>Vlastnosti, ktor\u00e9 presved\u010dia<\/h3>\n<ul>\n<li>Maxim\u00e1lna v\u00fddr\u017e: 15 000 \u0165ahov p\u00f4\u017eitku<br \/>\nZabudnite na neust\u00e1lu v\u00fdmenu va\u0161ej elektronickej cigarety. Bang15000 pon\u00faka p\u00f4sobiv\u00fa kapacitu 15 000 \u0165ahov. To znamen\u00e1 dlhodob\u00fd p\u00f4\u017eitok z parenia a maxim\u00e1lnu pohodlnos\u0165, najm\u00e4 pre \u010dast\u00fdch pou\u017e\u00edvate\u013eov.<\/li>\n<li>R\u00fdchle nab\u00edjanie: 650mAh bat\u00e9ria s Typ-C<br \/>\nVybaven\u00e1 odolnou 650-mAh bat\u00e9riou a modern\u00fdm Typ-C konektorom, je va\u0161a Bang15000 r\u00fdchlo op\u00e4\u0165 pripraven\u00e1 na pou\u017eitie. Tak\u017ee va\u0161e p\u00f4\u017eitky z parenia s\u00fa v\u017edy zabezpe\u010den\u00e9.<\/li>\n<li>Rozmanitos\u0165 pr\u00edchut\u00ed: Neodolate\u013en\u00e1 chu\u0165 Melon Blue<br \/>\nChu\u0165 je srdcom parenia. Bang15000 v\u00e1s zv\u00e1dza lahodnou ar\u00f3mou Melon Blue. Jeden \u0165ah a ste obklopen\u00ed svie\u017eou, sladkou mel\u00f3novou oblakou \u2013 skuto\u010dn\u00fd z\u00e1\u017eitok z chuti, ktor\u00fd pripom\u00edna slne\u010dn\u00fd ovocn\u00fd sad. Jemn\u00e1, pln\u00e1 a intenz\u00edvna, rob\u00ed ka\u017ed\u00fd \u0165ah nezabudnute\u013en\u00fdm z\u00e1\u017eitkom.<\/li>\n<li>Prisp\u00f4sobite\u013en\u00e9 nikot\u00ednov\u00e9 koncentr\u00e1cie: 0% a\u017e 5%<br \/>\nBang15000 je dostupn\u00e1 v \u0161tyroch r\u00f4znych nikot\u00ednov\u00fdch koncentr\u00e1ci\u00e1ch: 0 %, 2 %, 3 % a 5 %. To v\u00e1m umo\u017e\u0148uje presne prisp\u00f4sobi\u0165 va\u0161e z\u00e1\u017eitky z parenia pod\u013ea va\u0161ich preferenci\u00ed. \u010ci h\u013ead\u00e1te osvie\u017euj\u00faci, nikot\u00edn zadarmo pocit alebo intenz\u00edvnej\u0161iu paru, Bang15000 m\u00e1 spr\u00e1vnu silu pre v\u00e1s. (Upozor\u0148ujeme, \u017ee 0 % a 3 % je potrebn\u00e9 objedna\u0165 vo v\u00e4\u010d\u0161\u00edch mno\u017estv\u00e1ch.)<\/li>\n<li>Perfektn\u00e9 vapovanie: Dul Mesh Coil technol\u00f3gia<br \/>\nPokro\u010dil\u00e1 technol\u00f3gia Dul Mesh Coil (1.1\u03a9) v Bang15000 zabezpe\u010duje rovnomern\u00fd a intenz\u00edvny z\u00e1\u017eitok z parenia. Ka\u017ed\u00fd \u0165ah je konzistentn\u00fd a pln\u00fd chuti, \u010do rob\u00ed t\u00fato elektronick\u00fa cigaretu ide\u00e1lnou pre za\u010diato\u010dn\u00edkov aj sk\u00fasen\u00fdch vapistov.<\/li>\n<\/ul>\n<h3>Dizajn a dostupnos\u0165<\/h3>\n<p>Bang15000 vynik\u00e1 nielen v\u00fdkonom, ale aj modern\u00fdm a minimalistick\u00fdm dizajnom. Kompaktn\u00e1 a \u013eahk\u00e1, je ide\u00e1lnym spolo\u010dn\u00edkom na cesty a hladko sa za\u010dlen\u00ed do ak\u00e9hoko\u013evek \u017eivotn\u00e9ho \u0161t\u00fdlu.<\/p>\n<p>V\u00e1\u0161 nov\u00fd z\u00e1\u017eitok z parenia je len nieko\u013eko kliknut\u00ed vzdialen\u00fd. Sta\u010d\u00ed nav\u0161t\u00edvi\u0165 vapingnet.de, vybra\u0165 si svoju Bang15000 a vyu\u017ei\u0165 n\u00e1\u0161 r\u00fdchly a spo\u013eahliv\u00fd odosielac\u00ed servis. \u017diadny zlo\u017eit\u00fd proces, len \u010dist\u00fd p\u00f4\u017eitok!<\/p>\n<h4>V\u00e1\u0161 pr\u00e9miov\u00fd paren\u00fd z\u00e1\u017eitok \u010dak\u00e1<\/h4>\n<p>Ak h\u013ead\u00e1te kvalitn\u00fa, spo\u013eahliv\u00fa a chutn\u00fa elektronick\u00fa cigaretu, je to <a href=\"https:\/\/vapingnet.de\/sk\/bang-15000-puffs\/\" target=\"_blank\" rel=\"noopener\"><strong>Bang15000 Puffs Nab\u00edjate\u013en\u00fd Jednorazov\u00fd Pod<\/strong><\/a> ide\u00e1lna vo\u013eba. Prekon\u00e1va o\u010dak\u00e1vania v oblasti chuti, produkcie pary a komfortu.<\/p>\n<p>Ste pripraven\u00ed na neporovnate\u013en\u00fd z\u00e1\u017eitok s parn\u00fdm zariaden\u00edm? Nav\u0161t\u00edvte teraz vapingnet.de a za\u010dnite e\u0161te dnes!<\/p>","protected":false},"excerpt":{"rendered":"<p>Bang15000 Puffs: Ihr Zugang zu Premium-Dampf mit Melon Blue In der Welt der E-Zigaretten setzt die Bang15000 Puffs Rechargeable Disposable Pod neue Ma\u00dfst\u00e4be. Dieses Ger\u00e4t&#8230;<\/p>","protected":false},"featured_media":5175,"template":"","meta":[],"etheme_brands":[],"product_brand":[101],"product_cat":[53,49,61],"product_tag":[],"class_list":{"0":"post-5174","1":"product","2":"type-product","3":"status-publish","4":"has-post-thumbnail","6":"product_brand-bang-king-vape","7":"product_cat-vape-15000-zuege","8":"product_cat-einweg-e-zigarette","9":"product_cat-f","11":"first","12":"instock","13":"shipping-taxable","14":"purchasable","15":"product-type-simple"},"yoast_head":"<!-- This site is optimized with the Yoast SEO plugin v26.5 - https:\/\/yoast.com\/wordpress\/plugins\/seo\/ -->\n<title>Bang15000 Puffs | Melon Blue Einweg E-Zigarette \u2013 Vapingnet.de<\/title>\n<meta name=\"description\" content=\"Erleben Sie 15.000 Z\u00fcge Genuss mit der Bang15000 Puffs. Wiederaufladbare Einweg E-Zigarette mit frischem Melon Blue Aroma &amp; versch. Nikotinst\u00e4rken.\" \/>\n<meta name=\"robots\" content=\"index, follow, max-snippet:-1, max-image-preview:large, max-video-preview:-1\" \/>\n<link rel=\"canonical\" href=\"https:\/\/vapingnet.de\/sk\/vape\/bang15000-puffs-im-koestlichen-melon-blue-ein-vape-trend-den-sie-nicht-verpassen-sollten\/\" \/>\n<meta property=\"og:locale\" content=\"sk_SK\" \/>\n<meta property=\"og:type\" content=\"article\" \/>\n<meta property=\"og:title\" content=\"Bang15000 Puffs | Melon Blue Einweg E-Zigarette \u2013 Vapingnet.de\" \/>\n<meta property=\"og:description\" content=\"Erleben Sie 15.000 Z\u00fcge Genuss mit der Bang15000 Puffs. Wiederaufladbare Einweg E-Zigarette mit frischem Melon Blue Aroma &amp; versch. Nikotinst\u00e4rken.\" \/>\n<meta property=\"og:url\" content=\"https:\/\/vapingnet.de\/sk\/vape\/bang15000-puffs-im-koestlichen-melon-blue-ein-vape-trend-den-sie-nicht-verpassen-sollten\/\" \/>\n<meta property=\"og:site_name\" content=\"Vapingnet.de\" \/>\n<meta property=\"article:publisher\" content=\"https:\/\/www.facebook.com\/vapingnetde\/\" \/>\n<meta property=\"article:modified_time\" content=\"2025-06-25T06:03:41+00:00\" \/>\n<meta property=\"og:image\" content=\"https:\/\/vapingnet.de\/wp-content\/uploads\/2025\/03\/Melon-Blue.png\" \/>\n\t<meta property=\"og:image:width\" content=\"900\" \/>\n\t<meta property=\"og:image:height\" content=\"600\" \/>\n\t<meta property=\"og:image:type\" content=\"image\/png\" \/>\n<meta name=\"twitter:card\" content=\"summary_large_image\" \/>\n<meta name=\"twitter:label1\" content=\"Est. reading time\" \/>\n\t<meta name=\"twitter:data1\" content=\"3 minutes\" \/>\n<script type=\"application\/ld+json\" class=\"yoast-schema-graph\">{\"@context\":\"https:\/\/schema.org\",\"@graph\":[{\"@type\":\"WebPage\",\"@id\":\"https:\/\/vapingnet.de\/vape\/bang15000-puffs-im-koestlichen-melon-blue-ein-vape-trend-den-sie-nicht-verpassen-sollten\/\",\"url\":\"https:\/\/vapingnet.de\/vape\/bang15000-puffs-im-koestlichen-melon-blue-ein-vape-trend-den-sie-nicht-verpassen-sollten\/\",\"name\":\"Bang15000 Puffs | Melon Blue Einweg E-Zigarette \u2013 Vapingnet.de\",\"isPartOf\":{\"@id\":\"https:\/\/vapingnet.de\/#website\"},\"primaryImageOfPage\":{\"@id\":\"https:\/\/vapingnet.de\/vape\/bang15000-puffs-im-koestlichen-melon-blue-ein-vape-trend-den-sie-nicht-verpassen-sollten\/#primaryimage\"},\"image\":{\"@id\":\"https:\/\/vapingnet.de\/vape\/bang15000-puffs-im-koestlichen-melon-blue-ein-vape-trend-den-sie-nicht-verpassen-sollten\/#primaryimage\"},\"thumbnailUrl\":\"https:\/\/vapingnet.de\/wp-content\/uploads\/2025\/03\/Melon-Blue.png\",\"datePublished\":\"2025-03-12T09:29:26+00:00\",\"dateModified\":\"2025-06-25T06:03:41+00:00\",\"description\":\"Erleben Sie 15.000 Z\u00fcge Genuss mit der Bang15000 Puffs. Wiederaufladbare Einweg E-Zigarette mit frischem Melon Blue Aroma & versch. Nikotinst\u00e4rken.\",\"breadcrumb\":{\"@id\":\"https:\/\/vapingnet.de\/vape\/bang15000-puffs-im-koestlichen-melon-blue-ein-vape-trend-den-sie-nicht-verpassen-sollten\/#breadcrumb\"},\"inLanguage\":\"sk-SK\",\"potentialAction\":[{\"@type\":\"ReadAction\",\"target\":[\"https:\/\/vapingnet.de\/vape\/bang15000-puffs-im-koestlichen-melon-blue-ein-vape-trend-den-sie-nicht-verpassen-sollten\/\"]}]},{\"@type\":\"ImageObject\",\"inLanguage\":\"sk-SK\",\"@id\":\"https:\/\/vapingnet.de\/vape\/bang15000-puffs-im-koestlichen-melon-blue-ein-vape-trend-den-sie-nicht-verpassen-sollten\/#primaryimage\",\"url\":\"https:\/\/vapingnet.de\/wp-content\/uploads\/2025\/03\/Melon-Blue.png\",\"contentUrl\":\"https:\/\/vapingnet.de\/wp-content\/uploads\/2025\/03\/Melon-Blue.png\",\"width\":900,\"height\":600,\"caption\":\"Melon Blue\"},{\"@type\":\"BreadcrumbList\",\"@id\":\"https:\/\/vapingnet.de\/vape\/bang15000-puffs-im-koestlichen-melon-blue-ein-vape-trend-den-sie-nicht-verpassen-sollten\/#breadcrumb\",\"itemListElement\":[{\"@type\":\"ListItem\",\"position\":1,\"name\":\"Home\",\"item\":\"https:\/\/vapingnet.de\/\"},{\"@type\":\"ListItem\",\"position\":2,\"name\":\"Shop\",\"item\":\"https:\/\/vapingnet.de\/vape\/\"},{\"@type\":\"ListItem\",\"position\":3,\"name\":\"Bang15000 Puffs im k\u00f6stlichen Melon Blue Ein Vape-Trend den Sie nicht verpassen sollten\"}]},{\"@type\":\"WebSite\",\"@id\":\"https:\/\/vapingnet.de\/#website\",\"url\":\"https:\/\/vapingnet.de\/\",\"name\":\"Vapingnet.de\",\"description\":\"\",\"publisher\":{\"@id\":\"https:\/\/vapingnet.de\/#organization\"},\"potentialAction\":[{\"@type\":\"SearchAction\",\"target\":{\"@type\":\"EntryPoint\",\"urlTemplate\":\"https:\/\/vapingnet.de\/?s={search_term_string}\"},\"query-input\":{\"@type\":\"PropertyValueSpecification\",\"valueRequired\":true,\"valueName\":\"search_term_string\"}}],\"inLanguage\":\"sk-SK\"},{\"@type\":\"Organization\",\"@id\":\"https:\/\/vapingnet.de\/#organization\",\"name\":\"Vapingnet.de\",\"url\":\"https:\/\/vapingnet.de\/\",\"logo\":{\"@type\":\"ImageObject\",\"inLanguage\":\"sk-SK\",\"@id\":\"https:\/\/vapingnet.de\/#\/schema\/logo\/image\/\",\"url\":\"https:\/\/vapingnet.de\/wp-content\/uploads\/2025\/03\/cropped-vapingnet.de_.jpg\",\"contentUrl\":\"https:\/\/vapingnet.de\/wp-content\/uploads\/2025\/03\/cropped-vapingnet.de_.jpg\",\"width\":512,\"height\":512,\"caption\":\"Vapingnet.de\"},\"image\":{\"@id\":\"https:\/\/vapingnet.de\/#\/schema\/logo\/image\/\"},\"sameAs\":[\"https:\/\/www.facebook.com\/vapingnetde\/\"]}]}<\/script>\n<!-- \/ Yoast SEO plugin. -->","yoast_head_json":{"title":"Bang15000 Puffs | Melon Blue Einweg E-Zigarette \u2013 Vapingnet.de","description":"Erleben Sie 15.000 Z\u00fcge Genuss mit der Bang15000 Puffs. Wiederaufladbare Einweg E-Zigarette mit frischem Melon Blue Aroma & versch. Nikotinst\u00e4rken.","robots":{"index":"index","follow":"follow","max-snippet":"max-snippet:-1","max-image-preview":"max-image-preview:large","max-video-preview":"max-video-preview:-1"},"canonical":"https:\/\/vapingnet.de\/sk\/vape\/bang15000-puffs-im-koestlichen-melon-blue-ein-vape-trend-den-sie-nicht-verpassen-sollten\/","og_locale":"sk_SK","og_type":"article","og_title":"Bang15000 Puffs | Melon Blue Einweg E-Zigarette \u2013 Vapingnet.de","og_description":"Erleben Sie 15.000 Z\u00fcge Genuss mit der Bang15000 Puffs. Wiederaufladbare Einweg E-Zigarette mit frischem Melon Blue Aroma & versch. Nikotinst\u00e4rken.","og_url":"https:\/\/vapingnet.de\/sk\/vape\/bang15000-puffs-im-koestlichen-melon-blue-ein-vape-trend-den-sie-nicht-verpassen-sollten\/","og_site_name":"Vapingnet.de","article_publisher":"https:\/\/www.facebook.com\/vapingnetde\/","article_modified_time":"2025-06-25T06:03:41+00:00","og_image":[{"width":900,"height":600,"url":"https:\/\/vapingnet.de\/wp-content\/uploads\/2025\/03\/Melon-Blue.png","type":"image\/png"}],"twitter_card":"summary_large_image","twitter_misc":{"Est. reading time":"3 minutes"},"schema":{"@context":"https:\/\/schema.org","@graph":[{"@type":"WebPage","@id":"https:\/\/vapingnet.de\/vape\/bang15000-puffs-im-koestlichen-melon-blue-ein-vape-trend-den-sie-nicht-verpassen-sollten\/","url":"https:\/\/vapingnet.de\/vape\/bang15000-puffs-im-koestlichen-melon-blue-ein-vape-trend-den-sie-nicht-verpassen-sollten\/","name":"Bang15000 Puffs | Melon Blue Einweg E-Zigarette \u2013 Vapingnet.de","isPartOf":{"@id":"https:\/\/vapingnet.de\/#website"},"primaryImageOfPage":{"@id":"https:\/\/vapingnet.de\/vape\/bang15000-puffs-im-koestlichen-melon-blue-ein-vape-trend-den-sie-nicht-verpassen-sollten\/#primaryimage"},"image":{"@id":"https:\/\/vapingnet.de\/vape\/bang15000-puffs-im-koestlichen-melon-blue-ein-vape-trend-den-sie-nicht-verpassen-sollten\/#primaryimage"},"thumbnailUrl":"https:\/\/vapingnet.de\/wp-content\/uploads\/2025\/03\/Melon-Blue.png","datePublished":"2025-03-12T09:29:26+00:00","dateModified":"2025-06-25T06:03:41+00:00","description":"Erleben Sie 15.000 Z\u00fcge Genuss mit der Bang15000 Puffs. Wiederaufladbare Einweg E-Zigarette mit frischem Melon Blue Aroma & versch. Nikotinst\u00e4rken.","breadcrumb":{"@id":"https:\/\/vapingnet.de\/vape\/bang15000-puffs-im-koestlichen-melon-blue-ein-vape-trend-den-sie-nicht-verpassen-sollten\/#breadcrumb"},"inLanguage":"sk-SK","potentialAction":[{"@type":"ReadAction","target":["https:\/\/vapingnet.de\/vape\/bang15000-puffs-im-koestlichen-melon-blue-ein-vape-trend-den-sie-nicht-verpassen-sollten\/"]}]},{"@type":"ImageObject","inLanguage":"sk-SK","@id":"https:\/\/vapingnet.de\/vape\/bang15000-puffs-im-koestlichen-melon-blue-ein-vape-trend-den-sie-nicht-verpassen-sollten\/#primaryimage","url":"https:\/\/vapingnet.de\/wp-content\/uploads\/2025\/03\/Melon-Blue.png","contentUrl":"https:\/\/vapingnet.de\/wp-content\/uploads\/2025\/03\/Melon-Blue.png","width":900,"height":600,"caption":"Melon Blue"},{"@type":"BreadcrumbList","@id":"https:\/\/vapingnet.de\/vape\/bang15000-puffs-im-koestlichen-melon-blue-ein-vape-trend-den-sie-nicht-verpassen-sollten\/#breadcrumb","itemListElement":[{"@type":"ListItem","position":1,"name":"Home","item":"https:\/\/vapingnet.de\/"},{"@type":"ListItem","position":2,"name":"Shop","item":"https:\/\/vapingnet.de\/vape\/"},{"@type":"ListItem","position":3,"name":"Bang15000 Puffs im k\u00f6stlichen Melon Blue Ein Vape-Trend den Sie nicht verpassen sollten"}]},{"@type":"WebSite","@id":"https:\/\/vapingnet.de\/#website","url":"https:\/\/vapingnet.de\/","name":"Vapingnet.de","description":"","publisher":{"@id":"https:\/\/vapingnet.de\/#organization"},"potentialAction":[{"@type":"SearchAction","target":{"@type":"EntryPoint","urlTemplate":"https:\/\/vapingnet.de\/?s={search_term_string}"},"query-input":{"@type":"PropertyValueSpecification","valueRequired":true,"valueName":"search_term_string"}}],"inLanguage":"sk-SK"},{"@type":"Organization","@id":"https:\/\/vapingnet.de\/#organization","name":"Vapingnet.de","url":"https:\/\/vapingnet.de\/","logo":{"@type":"ImageObject","inLanguage":"sk-SK","@id":"https:\/\/vapingnet.de\/#\/schema\/logo\/image\/","url":"https:\/\/vapingnet.de\/wp-content\/uploads\/2025\/03\/cropped-vapingnet.de_.jpg","contentUrl":"https:\/\/vapingnet.de\/wp-content\/uploads\/2025\/03\/cropped-vapingnet.de_.jpg","width":512,"height":512,"caption":"Vapingnet.de"},"image":{"@id":"https:\/\/vapingnet.de\/#\/schema\/logo\/image\/"},"sameAs":["https:\/\/www.facebook.com\/vapingnetde\/"]}]}},"tiered_pricing_type":"fixed","tiered_pricing_fixed_rules":{"10":"7.31","60":"6.58","110":"5.85","200":"5.12"},"tiered_pricing_product_settings":{"layout":"default","base_unit_name":{"singular":null,"plural":null},"default_variation":null},"tiered_pricing_minimum_quantity":null,"tiered_pricing_roles_data":[],"tiered_pricing_percentage_rules":[],"_links":{"self":[{"href":"https:\/\/vapingnet.de\/sk\/wp-json\/wp\/v2\/product\/5174","targetHints":{"allow":["GET"]}}],"collection":[{"href":"https:\/\/vapingnet.de\/sk\/wp-json\/wp\/v2\/product"}],"about":[{"href":"https:\/\/vapingnet.de\/sk\/wp-json\/wp\/v2\/types\/product"}],"version-history":[{"count":3,"href":"https:\/\/vapingnet.de\/sk\/wp-json\/wp\/v2\/product\/5174\/revisions"}],"predecessor-version":[{"id":7233,"href":"https:\/\/vapingnet.de\/sk\/wp-json\/wp\/v2\/product\/5174\/revisions\/7233"}],"wp:featuredmedia":[{"embeddable":true,"href":"https:\/\/vapingnet.de\/sk\/wp-json\/wp\/v2\/media\/5175"}],"wp:attachment":[{"href":"https:\/\/vapingnet.de\/sk\/wp-json\/wp\/v2\/media?parent=5174"}],"wp:term":[{"taxonomy":"brand","embeddable":true,"href":"https:\/\/vapingnet.de\/sk\/wp-json\/wp\/v2\/etheme_brands?post=5174"},{"taxonomy":"product_brand","embeddable":true,"href":"https:\/\/vapingnet.de\/sk\/wp-json\/wp\/v2\/product_brand?post=5174"},{"taxonomy":"product_cat","embeddable":true,"href":"https:\/\/vapingnet.de\/sk\/wp-json\/wp\/v2\/product_cat?post=5174"},{"taxonomy":"product_tag","embeddable":true,"href":"https:\/\/vapingnet.de\/sk\/wp-json\/wp\/v2\/product_tag?post=5174"}],"curies":[{"name":"wp","href":"https:\/\/api.w.org\/{rel}","templated":true}]}}