{"id":5177,"date":"2025-03-12T09:37:08","date_gmt":"2025-03-12T09:37:08","guid":{"rendered":"https:\/\/vapingnet.de\/?post_type=product&#038;p=5177"},"modified":"2025-06-25T06:21:22","modified_gmt":"2025-06-25T06:21:22","slug":"entzueckender-geschmack-bang-15000-puffs-mit-melon-mint-ein-muss-fuer-alle-vape-liebhaber","status":"publish","type":"product","link":"https:\/\/vapingnet.de\/sk\/vape\/entzueckender-geschmack-bang-15000-puffs-mit-melon-mint-ein-muss-fuer-alle-vape-liebhaber\/","title":{"rendered":"Rozko\u0161n\u00e1 chu\u0165 Bang 15000 Puffs s Mel\u00f3n Mint Nevyhnutnos\u0165 pre v\u0161etk\u00fdch milovn\u00edkov vapovania"},"content":{"rendered":"<h2 dir=\"auto\">Bang15000 Puffs Nab\u00edjate\u013en\u00fd Jednorazov\u00fd Pod Dlh\u00e1 v\u00fddr\u017e a intenz\u00edvna chu\u0165<\/h2>\n<p dir=\"auto\">H\u013eadanie e-cigarety, ktor\u00e1 pon\u00faka nielen dlh\u00fa dobu pou\u017e\u00edvania, ale aj vynikaj\u00facu chu\u0165, m\u00f4\u017ee by\u0165 n\u00e1ro\u010dn\u00e9. S Bang15000 Puffs Nab\u00edjate\u013en\u00fd Jednorazov\u00fd Pod predstavujeme inovat\u00edvny produkt, ktor\u00fd tieto po\u017eiadavky \u013eahko spln\u00ed. T\u00e1to opakovane nab\u00edjate\u013en\u00e1 jednorazov\u00e1 e-cigareta kombinuje najmodernej\u0161iu technol\u00f3giu s osvie\u017euj\u00facim z\u00e1\u017eitkom z chuti a je ide\u00e1lnou vo\u013ebou pre n\u00e1ro\u010dn\u00fdch vapera.<\/p>\n<h3 dir=\"auto\">Pre\u010do si vybra\u0165 Bang15000 Puffs Nab\u00edjate\u013en\u00fd Jednorazov\u00fd Pod?<\/h3>\n<p dir=\"auto\">Bang15000 Puffs Nab\u00edjate\u013en\u00fd Jednorazov\u00fd Pod sa od konkurencie odli\u0161uje svojimi p\u00f4sobiv\u00fdmi vlastnos\u0165ami. \u010ci u\u017e na ka\u017edodenn\u00e9 pou\u017eitie alebo na cest\u00e1ch \u2013 toto zariadenie pon\u00faka komfort, kvalitu a v\u0161estrannos\u0165.<\/p>\n<p dir=\"auto\">1. P\u00f4sobiv\u00e1 doba pou\u017e\u00edvania s 15 000 potiahnutiami<\/p>\n<p dir=\"auto\">S kapacitou <a href=\"https:\/\/vapingnet.de\/sk\/k\/vape-15000-zuege\/\" target=\"_blank\" rel=\"noopener\"><strong>15 000 \u0165ahmi<\/strong><\/a> prekon\u00e1va Bang15000 Puffs be\u017en\u00e9 jednorazov\u00e9 e-cigarety na trhu. T\u00e1to v\u00fddr\u017e znamen\u00e1, \u017ee budete musie\u0165 zariadenie menej \u010dasto meni\u0165, \u010do je praktick\u00e9 aj ekonomick\u00e9. \u010ci ste pr\u00edle\u017eitostn\u00fd vapera alebo \u010dast\u00fd pou\u017e\u00edvate\u013e, toto zariadenie v\u00e1s spo\u013eahlivo sprev\u00e1dza ka\u017ed\u00fd de\u0148.<\/p>\n<p dir=\"auto\">2. V\u00fdkonn\u00e1 a opakovane nab\u00edjate\u013en\u00e1 bat\u00e9ria<\/p>\n<p dir=\"auto\">Vybaven\u00e9 650mAh bat\u00e9riou a modern\u00fdm USB-C portom, Bang15000 Puffs umo\u017e\u0148uje r\u00fdchle a efekt\u00edvne nab\u00edjanie. Za kr\u00e1tky \u010das je zariadenie op\u00e4\u0165 pripraven\u00e9 na pou\u017eitie, tak\u017ee si m\u00f4\u017eete vychutna\u0165 neru\u0161en\u00fd z\u00e1\u017eitok z vapovania kedyko\u013evek. USB-C port rob\u00ed nab\u00edjanie nielen r\u00fdchlej\u0161\u00edm, ale aj univerz\u00e1lne kompatibiln\u00fdm.<\/p>\n<p dir=\"auto\">3. Pokro\u010dil\u00e1 Mesh-Coil technol\u00f3gia pre intenz\u00edvnu chu\u0165<\/p>\n<p dir=\"auto\">Bang15000 Puffs vyu\u017e\u00edva inovat\u00edvnu technol\u00f3giu Dual Mesh Coil (1.1\u03a9), ktor\u00e1 zabezpe\u010duje rovnomern\u00e9 parenie a intenz\u00edvnej\u0161ie pod\u00e1vanie chuti. Ka\u017ed\u00e9 potiahnutie pon\u00faka hladk\u00fd a luxusn\u00fd z\u00e1\u017eitok, ktor\u00fd ocenia aj n\u00e1ro\u010dn\u00ed vapera.<\/p>\n<p dir=\"auto\">4. Osvie\u017euj\u00faca chu\u0165 Mel\u00f3n M\u00e4t<\/p>\n<p dir=\"auto\">Chu\u0165ov\u00e1 varianta Mel\u00f3n M\u00e4t kombinuje sladk\u00fa svie\u017eos\u0165 mel\u00f3nu s n\u00e1dychom m\u00e4ty. T\u00e1to harmonick\u00e1 zmes zabezpe\u010duje osvie\u017euj\u00faci a povzbudzuj\u00faci z\u00e1\u017eitok z vapovania, ktor\u00fd presved\u010d\u00ed pri ka\u017edom potiahnut\u00ed.<\/p>\n<p dir=\"auto\">5. Flexibiln\u00e9 nikot\u00ednov\u00e9 koncentr\u00e1cie pre individu\u00e1lne potreby<\/p>\n<p dir=\"auto\">Bang15000 Puffs Nab\u00edjate\u013en\u00fd Jednorazov\u00fd Pod je dostupn\u00fd v r\u00f4znych nikot\u00ednov\u00fdch koncentr\u00e1ci\u00e1ch: 0%, 2%, 3% a 5%. Tak si m\u00f4\u017eete vybra\u0165 t\u00fa spr\u00e1vnu mo\u017enos\u0165 pre v\u00e1s, \u010di u\u017e chcete vapova\u0165 bez nikot\u00ednu alebo preferujete intenz\u00edvnej\u0161\u00ed z\u00e1\u017eitok. Pre ve\u013ek\u00e9 objedn\u00e1vky pon\u00fakame aj na mieru upraven\u00e9 mo\u017enosti s nikot\u00ednom 0% a 3%.<\/p>\n<h3 dir=\"auto\">V\u00fdhody Bang15000 Puffs Nab\u00edjate\u013en\u00fd Jednorazov\u00fd Pod<\/h3>\n<p dir=\"auto\">Bang15000 Puffs je viac ne\u017e len e-cigareta \u2013 je to vyhl\u00e1senie o kvalite a pou\u017e\u00edvate\u013eskej pr\u00edvetivosti. Tu s\u00fa hlavn\u00e9 v\u00fdhody v skratke:<\/p>\n<ul dir=\"auto\">\n<li>Dlhodob\u00e9 pou\u017e\u00edvanie: A\u017e 15 000 potiahnut\u00ed na zariadenie v\u00fdrazne zni\u017euje potrebu v\u00fdmeny.<\/li>\n<li>R\u00fdchle nab\u00edjanie: USB-C port umo\u017e\u0148uje efekt\u00edvne nab\u00edjanie pre neru\u0161en\u00fd p\u00f4\u017eitok.<\/li>\n<li>Intenz\u00edvna chu\u0165: Mesh-Coil technol\u00f3gia zabezpe\u010duje jedine\u010dn\u00fd z\u00e1\u017eitok z chuti.<\/li>\n<li>V\u0161estrannos\u0165: R\u00f4zne \u00farovne nikot\u00ednu a osvie\u017euj\u00faca chu\u0165 sa prisp\u00f4sobia va\u0161im preferenci\u00e1m.<\/li>\n<li>Prenosnos\u0165: Kompaktn\u00e9 a \u013eahk\u00e9, ide\u00e1lne na ka\u017edodenn\u00e9 pou\u017eitie alebo na cestovanie.<\/li>\n<\/ul>\n<h4 dir=\"auto\">Ako si k\u00fapi\u0165 Bang15000 Puffs dob\u00edjate\u013en\u00fd jednorazov\u00fd pod?<\/h4>\n<p dir=\"auto\">Objednanie Bang15000 Puffs dob\u00edjate\u013en\u00e9ho jednorazov\u00e9ho podu je ve\u013emi jednoduch\u00e9. Nav\u0161t\u00edvte na\u0161u webov\u00fa str\u00e1nku na vapingnet.de a vyberte si svoju preferovan\u00fa \u00farove\u0148 nikot\u00ednu a pr\u00edchu\u0165. Pon\u00fakame r\u00fdchle doru\u010denie pre jednotliv\u00e9 aj ve\u013ekoobchodn\u00e9 objedn\u00e1vky, tak\u017ee svoj produkt budete ma\u0165 v ruk\u00e1ch v kr\u00e1tkom \u010dase.<\/p>\n<h4 dir=\"auto\">Bang15000 Puffs \u2013 bud\u00facnos\u0165 vapovania<\/h4>\n<p dir=\"auto\">Bang15000 Puffs dob\u00edjate\u013en\u00fd jednorazov\u00fd pod je ide\u00e1lnou vo\u013ebou pre t\u00fdch, ktor\u00ed klad\u00fa d\u00f4raz na dlh\u00fa \u017eivotnos\u0165, intenz\u00edvnu chu\u0165 a jednoduch\u00e9 pou\u017e\u00edvanie. S pokro\u010dilou technol\u00f3giou, osvie\u017euj\u00facou pr\u00edchu\u0165ou Mel\u00f3n Mint a flexibilnou \u00farov\u0148ou nikot\u00ednu pon\u00faka vapovacie z\u00e1\u017eitky, ktor\u00e9 nesklam\u00fa. Objednajte e\u0161te dnes na vapingnet.de a objavte nov\u00fa dimenziu vapovania!<\/p>","protected":false},"excerpt":{"rendered":"<p>Bang15000 Puffs Rechargeable Disposable Pod Langlebigkeit und intensiver Geschmack Die Suche nach einer E-Zigarette, die sowohl eine lange Nutzungsdauer als auch einen herausragenden Geschmack bietet,&#8230;<\/p>","protected":false},"featured_media":5178,"template":"","meta":[],"etheme_brands":[],"product_brand":[101],"product_cat":[53,49,61],"product_tag":[],"class_list":{"0":"post-5177","1":"product","2":"type-product","3":"status-publish","4":"has-post-thumbnail","6":"product_brand-bang-king-vape","7":"product_cat-vape-15000-zuege","8":"product_cat-einweg-e-zigarette","9":"product_cat-f","11":"first","12":"instock","13":"shipping-taxable","14":"purchasable","15":"product-type-simple"},"yoast_head":"<!-- This site is optimized with the Yoast SEO plugin v26.5 - https:\/\/yoast.com\/wordpress\/plugins\/seo\/ -->\n<title>Bang15000 Puffs E-Zigarette: Melon Mint &amp; 15.000 Z\u00fcge<\/title>\n<meta name=\"description\" content=\"Bang15000 Puffs Rechargeable Pod: 15.000 Z\u00fcge, 650mAh-Akku, Mesh-Coil f\u00fcr intensiven Melon Mint Geschmack. Jetzt auf vapingnet.de kaufen!\" \/>\n<meta name=\"robots\" content=\"index, follow, max-snippet:-1, max-image-preview:large, max-video-preview:-1\" \/>\n<link rel=\"canonical\" href=\"https:\/\/vapingnet.de\/sk\/vape\/entzueckender-geschmack-bang-15000-puffs-mit-melon-mint-ein-muss-fuer-alle-vape-liebhaber\/\" \/>\n<meta property=\"og:locale\" content=\"sk_SK\" \/>\n<meta property=\"og:type\" content=\"article\" \/>\n<meta property=\"og:title\" content=\"Bang15000 Puffs E-Zigarette: Melon Mint &amp; 15.000 Z\u00fcge\" \/>\n<meta property=\"og:description\" content=\"Bang15000 Puffs Rechargeable Pod: 15.000 Z\u00fcge, 650mAh-Akku, Mesh-Coil f\u00fcr intensiven Melon Mint Geschmack. Jetzt auf vapingnet.de kaufen!\" \/>\n<meta property=\"og:url\" content=\"https:\/\/vapingnet.de\/sk\/vape\/entzueckender-geschmack-bang-15000-puffs-mit-melon-mint-ein-muss-fuer-alle-vape-liebhaber\/\" \/>\n<meta property=\"og:site_name\" content=\"Vapingnet.de\" \/>\n<meta property=\"article:publisher\" content=\"https:\/\/www.facebook.com\/vapingnetde\/\" \/>\n<meta property=\"article:modified_time\" content=\"2025-06-25T06:21:22+00:00\" \/>\n<meta property=\"og:image\" content=\"https:\/\/vapingnet.de\/wp-content\/uploads\/2025\/03\/Melon-Mint.png\" \/>\n\t<meta property=\"og:image:width\" content=\"900\" \/>\n\t<meta property=\"og:image:height\" content=\"600\" \/>\n\t<meta property=\"og:image:type\" content=\"image\/png\" \/>\n<meta name=\"twitter:card\" content=\"summary_large_image\" \/>\n<meta name=\"twitter:label1\" content=\"Est. reading time\" \/>\n\t<meta name=\"twitter:data1\" content=\"4 minutes\" \/>\n<script type=\"application\/ld+json\" class=\"yoast-schema-graph\">{\"@context\":\"https:\/\/schema.org\",\"@graph\":[{\"@type\":\"WebPage\",\"@id\":\"https:\/\/vapingnet.de\/vape\/entzueckender-geschmack-bang-15000-puffs-mit-melon-mint-ein-muss-fuer-alle-vape-liebhaber\/\",\"url\":\"https:\/\/vapingnet.de\/vape\/entzueckender-geschmack-bang-15000-puffs-mit-melon-mint-ein-muss-fuer-alle-vape-liebhaber\/\",\"name\":\"Bang15000 Puffs E-Zigarette: Melon Mint & 15.000 Z\u00fcge\",\"isPartOf\":{\"@id\":\"https:\/\/vapingnet.de\/#website\"},\"primaryImageOfPage\":{\"@id\":\"https:\/\/vapingnet.de\/vape\/entzueckender-geschmack-bang-15000-puffs-mit-melon-mint-ein-muss-fuer-alle-vape-liebhaber\/#primaryimage\"},\"image\":{\"@id\":\"https:\/\/vapingnet.de\/vape\/entzueckender-geschmack-bang-15000-puffs-mit-melon-mint-ein-muss-fuer-alle-vape-liebhaber\/#primaryimage\"},\"thumbnailUrl\":\"https:\/\/vapingnet.de\/wp-content\/uploads\/2025\/03\/Melon-Mint.png\",\"datePublished\":\"2025-03-12T09:37:08+00:00\",\"dateModified\":\"2025-06-25T06:21:22+00:00\",\"description\":\"Bang15000 Puffs Rechargeable Pod: 15.000 Z\u00fcge, 650mAh-Akku, Mesh-Coil f\u00fcr intensiven Melon Mint Geschmack. Jetzt auf vapingnet.de kaufen!\",\"breadcrumb\":{\"@id\":\"https:\/\/vapingnet.de\/vape\/entzueckender-geschmack-bang-15000-puffs-mit-melon-mint-ein-muss-fuer-alle-vape-liebhaber\/#breadcrumb\"},\"inLanguage\":\"sk-SK\",\"potentialAction\":[{\"@type\":\"ReadAction\",\"target\":[\"https:\/\/vapingnet.de\/vape\/entzueckender-geschmack-bang-15000-puffs-mit-melon-mint-ein-muss-fuer-alle-vape-liebhaber\/\"]}]},{\"@type\":\"ImageObject\",\"inLanguage\":\"sk-SK\",\"@id\":\"https:\/\/vapingnet.de\/vape\/entzueckender-geschmack-bang-15000-puffs-mit-melon-mint-ein-muss-fuer-alle-vape-liebhaber\/#primaryimage\",\"url\":\"https:\/\/vapingnet.de\/wp-content\/uploads\/2025\/03\/Melon-Mint.png\",\"contentUrl\":\"https:\/\/vapingnet.de\/wp-content\/uploads\/2025\/03\/Melon-Mint.png\",\"width\":900,\"height\":600,\"caption\":\"Melon Mint\"},{\"@type\":\"BreadcrumbList\",\"@id\":\"https:\/\/vapingnet.de\/vape\/entzueckender-geschmack-bang-15000-puffs-mit-melon-mint-ein-muss-fuer-alle-vape-liebhaber\/#breadcrumb\",\"itemListElement\":[{\"@type\":\"ListItem\",\"position\":1,\"name\":\"Home\",\"item\":\"https:\/\/vapingnet.de\/\"},{\"@type\":\"ListItem\",\"position\":2,\"name\":\"Shop\",\"item\":\"https:\/\/vapingnet.de\/vape\/\"},{\"@type\":\"ListItem\",\"position\":3,\"name\":\"Entz\u00fcckender Geschmack Bang 15000 Puffs mit Melon Mint Ein Muss f\u00fcr alle Vape Liebhaber\"}]},{\"@type\":\"WebSite\",\"@id\":\"https:\/\/vapingnet.de\/#website\",\"url\":\"https:\/\/vapingnet.de\/\",\"name\":\"Vapingnet.de\",\"description\":\"\",\"publisher\":{\"@id\":\"https:\/\/vapingnet.de\/#organization\"},\"potentialAction\":[{\"@type\":\"SearchAction\",\"target\":{\"@type\":\"EntryPoint\",\"urlTemplate\":\"https:\/\/vapingnet.de\/?s={search_term_string}\"},\"query-input\":{\"@type\":\"PropertyValueSpecification\",\"valueRequired\":true,\"valueName\":\"search_term_string\"}}],\"inLanguage\":\"sk-SK\"},{\"@type\":\"Organization\",\"@id\":\"https:\/\/vapingnet.de\/#organization\",\"name\":\"Vapingnet.de\",\"url\":\"https:\/\/vapingnet.de\/\",\"logo\":{\"@type\":\"ImageObject\",\"inLanguage\":\"sk-SK\",\"@id\":\"https:\/\/vapingnet.de\/#\/schema\/logo\/image\/\",\"url\":\"https:\/\/vapingnet.de\/wp-content\/uploads\/2025\/03\/cropped-vapingnet.de_.jpg\",\"contentUrl\":\"https:\/\/vapingnet.de\/wp-content\/uploads\/2025\/03\/cropped-vapingnet.de_.jpg\",\"width\":512,\"height\":512,\"caption\":\"Vapingnet.de\"},\"image\":{\"@id\":\"https:\/\/vapingnet.de\/#\/schema\/logo\/image\/\"},\"sameAs\":[\"https:\/\/www.facebook.com\/vapingnetde\/\"]}]}<\/script>\n<!-- \/ Yoast SEO plugin. -->","yoast_head_json":{"title":"Bang15000 Puffs E-Zigarette: Melon Mint & 15.000 Z\u00fcge","description":"Bang15000 Puffs Rechargeable Pod: 15.000 Z\u00fcge, 650mAh-Akku, Mesh-Coil f\u00fcr intensiven Melon Mint Geschmack. Jetzt auf vapingnet.de kaufen!","robots":{"index":"index","follow":"follow","max-snippet":"max-snippet:-1","max-image-preview":"max-image-preview:large","max-video-preview":"max-video-preview:-1"},"canonical":"https:\/\/vapingnet.de\/sk\/vape\/entzueckender-geschmack-bang-15000-puffs-mit-melon-mint-ein-muss-fuer-alle-vape-liebhaber\/","og_locale":"sk_SK","og_type":"article","og_title":"Bang15000 Puffs E-Zigarette: Melon Mint & 15.000 Z\u00fcge","og_description":"Bang15000 Puffs Rechargeable Pod: 15.000 Z\u00fcge, 650mAh-Akku, Mesh-Coil f\u00fcr intensiven Melon Mint Geschmack. Jetzt auf vapingnet.de kaufen!","og_url":"https:\/\/vapingnet.de\/sk\/vape\/entzueckender-geschmack-bang-15000-puffs-mit-melon-mint-ein-muss-fuer-alle-vape-liebhaber\/","og_site_name":"Vapingnet.de","article_publisher":"https:\/\/www.facebook.com\/vapingnetde\/","article_modified_time":"2025-06-25T06:21:22+00:00","og_image":[{"width":900,"height":600,"url":"https:\/\/vapingnet.de\/wp-content\/uploads\/2025\/03\/Melon-Mint.png","type":"image\/png"}],"twitter_card":"summary_large_image","twitter_misc":{"Est. reading time":"4 minutes"},"schema":{"@context":"https:\/\/schema.org","@graph":[{"@type":"WebPage","@id":"https:\/\/vapingnet.de\/vape\/entzueckender-geschmack-bang-15000-puffs-mit-melon-mint-ein-muss-fuer-alle-vape-liebhaber\/","url":"https:\/\/vapingnet.de\/vape\/entzueckender-geschmack-bang-15000-puffs-mit-melon-mint-ein-muss-fuer-alle-vape-liebhaber\/","name":"Bang15000 Puffs E-Zigarette: Melon Mint & 15.000 Z\u00fcge","isPartOf":{"@id":"https:\/\/vapingnet.de\/#website"},"primaryImageOfPage":{"@id":"https:\/\/vapingnet.de\/vape\/entzueckender-geschmack-bang-15000-puffs-mit-melon-mint-ein-muss-fuer-alle-vape-liebhaber\/#primaryimage"},"image":{"@id":"https:\/\/vapingnet.de\/vape\/entzueckender-geschmack-bang-15000-puffs-mit-melon-mint-ein-muss-fuer-alle-vape-liebhaber\/#primaryimage"},"thumbnailUrl":"https:\/\/vapingnet.de\/wp-content\/uploads\/2025\/03\/Melon-Mint.png","datePublished":"2025-03-12T09:37:08+00:00","dateModified":"2025-06-25T06:21:22+00:00","description":"Bang15000 Puffs Rechargeable Pod: 15.000 Z\u00fcge, 650mAh-Akku, Mesh-Coil f\u00fcr intensiven Melon Mint Geschmack. Jetzt auf vapingnet.de kaufen!","breadcrumb":{"@id":"https:\/\/vapingnet.de\/vape\/entzueckender-geschmack-bang-15000-puffs-mit-melon-mint-ein-muss-fuer-alle-vape-liebhaber\/#breadcrumb"},"inLanguage":"sk-SK","potentialAction":[{"@type":"ReadAction","target":["https:\/\/vapingnet.de\/vape\/entzueckender-geschmack-bang-15000-puffs-mit-melon-mint-ein-muss-fuer-alle-vape-liebhaber\/"]}]},{"@type":"ImageObject","inLanguage":"sk-SK","@id":"https:\/\/vapingnet.de\/vape\/entzueckender-geschmack-bang-15000-puffs-mit-melon-mint-ein-muss-fuer-alle-vape-liebhaber\/#primaryimage","url":"https:\/\/vapingnet.de\/wp-content\/uploads\/2025\/03\/Melon-Mint.png","contentUrl":"https:\/\/vapingnet.de\/wp-content\/uploads\/2025\/03\/Melon-Mint.png","width":900,"height":600,"caption":"Melon Mint"},{"@type":"BreadcrumbList","@id":"https:\/\/vapingnet.de\/vape\/entzueckender-geschmack-bang-15000-puffs-mit-melon-mint-ein-muss-fuer-alle-vape-liebhaber\/#breadcrumb","itemListElement":[{"@type":"ListItem","position":1,"name":"Home","item":"https:\/\/vapingnet.de\/"},{"@type":"ListItem","position":2,"name":"Shop","item":"https:\/\/vapingnet.de\/vape\/"},{"@type":"ListItem","position":3,"name":"Entz\u00fcckender Geschmack Bang 15000 Puffs mit Melon Mint Ein Muss f\u00fcr alle Vape Liebhaber"}]},{"@type":"WebSite","@id":"https:\/\/vapingnet.de\/#website","url":"https:\/\/vapingnet.de\/","name":"Vapingnet.de","description":"","publisher":{"@id":"https:\/\/vapingnet.de\/#organization"},"potentialAction":[{"@type":"SearchAction","target":{"@type":"EntryPoint","urlTemplate":"https:\/\/vapingnet.de\/?s={search_term_string}"},"query-input":{"@type":"PropertyValueSpecification","valueRequired":true,"valueName":"search_term_string"}}],"inLanguage":"sk-SK"},{"@type":"Organization","@id":"https:\/\/vapingnet.de\/#organization","name":"Vapingnet.de","url":"https:\/\/vapingnet.de\/","logo":{"@type":"ImageObject","inLanguage":"sk-SK","@id":"https:\/\/vapingnet.de\/#\/schema\/logo\/image\/","url":"https:\/\/vapingnet.de\/wp-content\/uploads\/2025\/03\/cropped-vapingnet.de_.jpg","contentUrl":"https:\/\/vapingnet.de\/wp-content\/uploads\/2025\/03\/cropped-vapingnet.de_.jpg","width":512,"height":512,"caption":"Vapingnet.de"},"image":{"@id":"https:\/\/vapingnet.de\/#\/schema\/logo\/image\/"},"sameAs":["https:\/\/www.facebook.com\/vapingnetde\/"]}]}},"tiered_pricing_type":"fixed","tiered_pricing_fixed_rules":{"10":"7.31","60":"6.58","110":"5.85","200":"5.12"},"tiered_pricing_product_settings":{"layout":"default","base_unit_name":{"singular":null,"plural":null},"default_variation":null},"tiered_pricing_minimum_quantity":null,"tiered_pricing_roles_data":[],"tiered_pricing_percentage_rules":[],"_links":{"self":[{"href":"https:\/\/vapingnet.de\/sk\/wp-json\/wp\/v2\/product\/5177","targetHints":{"allow":["GET"]}}],"collection":[{"href":"https:\/\/vapingnet.de\/sk\/wp-json\/wp\/v2\/product"}],"about":[{"href":"https:\/\/vapingnet.de\/sk\/wp-json\/wp\/v2\/types\/product"}],"version-history":[{"count":3,"href":"https:\/\/vapingnet.de\/sk\/wp-json\/wp\/v2\/product\/5177\/revisions"}],"predecessor-version":[{"id":7235,"href":"https:\/\/vapingnet.de\/sk\/wp-json\/wp\/v2\/product\/5177\/revisions\/7235"}],"wp:featuredmedia":[{"embeddable":true,"href":"https:\/\/vapingnet.de\/sk\/wp-json\/wp\/v2\/media\/5178"}],"wp:attachment":[{"href":"https:\/\/vapingnet.de\/sk\/wp-json\/wp\/v2\/media?parent=5177"}],"wp:term":[{"taxonomy":"brand","embeddable":true,"href":"https:\/\/vapingnet.de\/sk\/wp-json\/wp\/v2\/etheme_brands?post=5177"},{"taxonomy":"product_brand","embeddable":true,"href":"https:\/\/vapingnet.de\/sk\/wp-json\/wp\/v2\/product_brand?post=5177"},{"taxonomy":"product_cat","embeddable":true,"href":"https:\/\/vapingnet.de\/sk\/wp-json\/wp\/v2\/product_cat?post=5177"},{"taxonomy":"product_tag","embeddable":true,"href":"https:\/\/vapingnet.de\/sk\/wp-json\/wp\/v2\/product_tag?post=5177"}],"curies":[{"name":"wp","href":"https:\/\/api.w.org\/{rel}","templated":true}]}}