{"id":5180,"date":"2025-03-12T09:44:18","date_gmt":"2025-03-12T09:44:18","guid":{"rendered":"https:\/\/vapingnet.de\/?post_type=product&#038;p=5180"},"modified":"2025-06-19T03:41:32","modified_gmt":"2025-06-19T03:41:32","slug":"bang15000-puffs-in-exotischem-passion-kiss-erleben-sie-die-ultimative-vape-freude","status":"publish","type":"product","link":"https:\/\/vapingnet.de\/sk\/vape\/bang15000-puffs-in-exotischem-passion-kiss-erleben-sie-die-ultimative-vape-freude\/","title":{"rendered":"Bang15000 Puffs v exotickom Passion Kiss Za\u017eite ultim\u00e1tnu vapov\u00fa rados\u0165"},"content":{"rendered":"<h2 data-start=\"0\" data-end=\"105\">Bang15000 Puffs Nab\u00edjate\u013en\u00fd Jednorazov\u00fd Pod \u2013 Dokonal\u00e1 vo\u013eba pre nezabudnute\u013en\u00fd z\u00e1\u017eitok z vapovania<\/h2>\n<p data-start=\"107\" data-end=\"611\">Trh s e-cigaretami sa neust\u00e1le vyv\u00edja a h\u013eadanie produktu, ktor\u00fd sp\u00e1ja vynikaj\u00faci v\u00fdkon, vynikaj\u00facu chu\u0165 a pou\u017e\u00edvate\u013esk\u00fa priate\u013eskos\u0165, m\u00f4\u017ee by\u0165 v\u00fdzvou. Dnes v\u00e1m predstavujeme nov\u00fd Bang15000 Puffs Nab\u00edjate\u013en\u00fd Jednorazov\u00fd Pod. T\u00e1to e-cigareta kombinuje pokro\u010dil\u00fa technol\u00f3giu s v\u00fdnimo\u010dnou pou\u017e\u00edvate\u013eskou sk\u00fasenos\u0165ou a zabezpe\u010duje, \u017ee si nielen vychutn\u00e1te ka\u017ed\u00fd okamih, ale aj budete ma\u0165 dlh\u00fa rados\u0165 zo svojho zariadenia.<\/p>\n<h4 data-start=\"613\" data-end=\"655\">Pozoruhodn\u00fd v\u00fdkon a dizajn<\/h4>\n<ul data-start=\"657\" data-end=\"1456\">\n<li data-start=\"657\" data-end=\"1001\">\n<p data-start=\"659\" data-end=\"1001\">Odolnos\u0165: Ka\u017ed\u00fd Bang15000 Puffs Nab\u00edjate\u013en\u00fd Jednorazov\u00fd Pod je vybaven\u00fd 650mAh dob\u00edjate\u013enou bat\u00e9riou a pon\u00faka dobu pou\u017e\u00edvania a\u017e <a href=\"https:\/\/vapingnet.de\/sk\/k\/vape-15000-zuege\/\" target=\"_blank\" rel=\"noopener\"><strong>15000 potiahnutiami<\/strong><\/a>. To znamen\u00e1, \u017ee si m\u00f4\u017eete t\u00fato e-cigaretu v\u00fdrazne dlh\u0161ie vychutn\u00e1va\u0165 bez nutnosti \u010dast\u00e9ho v\u00fdmeny. Ide\u00e1lne na ka\u017edodenn\u00e9 pou\u017eitie alebo na cestovanie.<\/p>\n<\/li>\n<li data-start=\"1003\" data-end=\"1225\">\n<p data-start=\"1005\" data-end=\"1225\">R\u00fdchle nab\u00edjanie: V\u010faka konektoru Type-C je nab\u00edjanie v\u00fdrazne zr\u00fdchlen\u00e9. Za nieko\u013eko min\u00fat je va\u0161e zariadenie op\u00e4\u0165 nabit\u00e9 a pripraven\u00e9 na \u010fal\u0161ie pou\u017eitie. \u017diadne dlh\u00e9 \u010dakanie!<\/p>\n<\/li>\n<li data-start=\"1227\" data-end=\"1456\">\n<p data-start=\"1229\" data-end=\"1456\">Mesh-Coil technol\u00f3gia: Dul Mesh-Coil (1.1\u03a9) zabezpe\u010duje rovnomern\u00e9 odparovanie a jemn\u00fa, pln\u00fa chu\u0165. Ka\u017ed\u00fd \u0165ah sa st\u00e1va luxusn\u00fdm z\u00e1\u017eitkom, ktor\u00fd dokonale zv\u00fdraz\u0148uje ar\u00f3my tekutiny.<\/p>\n<\/li>\n<\/ul>\n<h4 data-start=\"1458\" data-end=\"1520\">Jedine\u010dn\u00e1 chu\u0165 pre osvie\u017euj\u00faci z\u00e1\u017eitok<\/h4>\n<p data-start=\"1522\" data-end=\"1943\">Chu\u0165 Passion Kiss (Passion ovocie &amp; M\u00e4ta) je absol\u00fatnym vrcholom Bang15000 Puffs Nab\u00edjate\u013en\u00e9ho Jednorazov\u00e9ho Podu. Dokonal\u00e1 kombin\u00e1cia tropick\u00e9ho passion ovocia a osvie\u017euj\u00facej m\u00e4ty, ktor\u00e1 pri ka\u017edom \u0165ahu zabezpe\u010duje vzru\u0161uj\u00faci chu\u0165ov\u00fd z\u00e1\u017eitok. \u010ci u\u017e r\u00e1no alebo po\u010das obednej prest\u00e1vky \u2013 Passion Kiss pohlad\u00ed va\u0161e chu\u0165ov\u00e9 poh\u00e1riky a poskytne v\u00e1m pr\u00edjemn\u00e9 osvie\u017eenie.<\/p>\n<h4 data-start=\"1945\" data-end=\"2013\">Flexibilita v nikot\u00ednovej sile \u2013 va\u0161a vo\u013eba, v\u00e1\u0161 z\u00e1\u017eitok<\/h4>\n<p data-start=\"2015\" data-end=\"2511\">Aby sme vyhoveli r\u00f4znym potreb\u00e1m na\u0161ich z\u00e1kazn\u00edkov, pon\u00faka Bang15000 Puffs r\u00f4zne nikot\u00ednov\u00e9 sily: 0%, 2%, 3% a 5%. T\u00ed, ktor\u00ed preferuj\u00fa beznikot\u00ednov\u00fa sk\u00fasenos\u0165, si m\u00f4\u017eu vybra\u0165 variant 0%, zatia\u013e \u010do silnej\u0161ie ar\u00f3my mo\u017eno dosiahnu\u0165 pomocou nikot\u00ednov\u00fdch s\u00edl 3% a 5%. Pre ve\u013ekoobjemov\u00e9 objedn\u00e1vky tie\u017e pon\u00fakame mo\u017enos\u0165 objedna\u0165 nikot\u00edn 0% a 3%, aby sme vyhoveli va\u0161im \u0161peci\u00e1lnym po\u017eiadavk\u00e1m.<\/p>\n<h3 data-start=\"2513\" data-end=\"2567\">Praktick\u00fd jednorazov\u00fd dizajn \u2013 ide\u00e1lny na cestovanie<\/h3>\n<p data-start=\"2569\" data-end=\"2970\">Bang15000 Puffs presved\u010d\u00ed svoj\u00edm jedine\u010dn\u00fdm dizajnom a z\u00e1rove\u0148 umo\u017e\u0148uje opakovate\u013en\u00e9 nab\u00edjanie, tak\u017ee sa nemus\u00edte ob\u00e1va\u0165 o bat\u00e9riu. Jednoducho nabijte a vychutnajte si 15000 \u0165ahov \u2013 tak jednoduch\u00e9 je vapovanie! Okrem toho je zariadenie kompaktn\u00e9 a \u013eahk\u00e9, tak\u017ee ho m\u00f4\u017eete bez probl\u00e9mov vlo\u017ei\u0165 do ta\u0161ky a pou\u017e\u00edva\u0165 ho kdeko\u013evek a kedyko\u013evek.<\/p>\n<h4 data-start=\"2972\" data-end=\"3009\">Takto \u013eahko m\u00f4\u017eete nakupova\u0165:<\/h4>\n<p data-start=\"3011\" data-end=\"3399\">Za\u017eite Bang15000 Puffs Nab\u00edjate\u013en\u00fd Jednorazov\u00fd Pod sami t\u00fdm, \u017ee nav\u0161t\u00edvite na\u0161u webov\u00fa str\u00e1nku <a href=\"https:\/\/vapingnet.de\/sk\/\" target=\"_new\" rel=\"noopener\" data-start=\"3114\" data-end=\"3150\">vapingnet.de<\/a> a zad\u00e1te svoju objedn\u00e1vku. \u010ci u\u017e potrebujete produkt na osobn\u00e9 pou\u017eitie alebo ve\u013ekoobchod, pon\u00fakame v\u00e1m r\u00fdchle a spo\u013eahliv\u00e9 doru\u010denie, aby ste svoju objedn\u00e1vku dostali \u010do najsk\u00f4r.<\/p>\n<p data-start=\"3417\" data-end=\"3811\" data-is-last-node=\"\" data-is-only-node=\"\">Bang15000 Puffs Nab\u00edjate\u013en\u00fd Jednorazov\u00fd Pod pon\u00faka v\u0161etko, \u010do si m\u00f4\u017eete pria\u0165 od e-cigarety: dlh\u00fa dobu pou\u017e\u00edvania, pokro\u010dil\u00fa mesh-coil technol\u00f3giu, \u010derstv\u00fa chu\u0165 a pohodln\u00e9 nab\u00edjanie. T\u00e1to e-cigareta posunie v\u00e1\u0161 z\u00e1\u017eitok z vapovania na nov\u00fa \u00farove\u0148. Nev\u00e1hajte \u2013 objednajte e\u0161te dnes a vychutnajte si v\u00fdnimo\u010dn\u00e9 vapovanie!<\/p>","protected":false},"excerpt":{"rendered":"<p>Bang15000 Puffs Rechargeable Disposable Pod \u2013 Die perfekte Wahl f\u00fcr ein unvergessliches Dampferlebnis Der E-Zigaretten-Markt entwickelt sich st\u00e4ndig weiter, und die Suche nach einem Produkt,&#8230;<\/p>","protected":false},"featured_media":5181,"template":"","meta":[],"etheme_brands":[],"product_brand":[101],"product_cat":[53,49,61],"product_tag":[],"class_list":{"0":"post-5180","1":"product","2":"type-product","3":"status-publish","4":"has-post-thumbnail","6":"product_brand-bang-king-vape","7":"product_cat-vape-15000-zuege","8":"product_cat-einweg-e-zigarette","9":"product_cat-f","11":"first","12":"instock","13":"shipping-taxable","14":"purchasable","15":"product-type-simple"},"yoast_head":"<!-- This site is optimized with the Yoast SEO plugin v26.5 - https:\/\/yoast.com\/wordpress\/plugins\/seo\/ -->\n<title>Bang15000 Puffs in exotischem Passion Kiss Erleben Sie die ultimative Vape Freude | Vapingnet.de<\/title>\n<meta name=\"description\" content=\"Entdecke Bang15000 Puffs in exotischem Passion Kiss Erleben Sie die ultimative Vape Freude bei vapingnet.de, \u25ba Gro\u00dfe Auswahl an Geschmacksrichtungen &amp; super g\u00fcnstig!\" \/>\n<meta name=\"robots\" content=\"index, follow, max-snippet:-1, max-image-preview:large, max-video-preview:-1\" \/>\n<link rel=\"canonical\" href=\"https:\/\/vapingnet.de\/sk\/vape\/bang15000-puffs-in-exotischem-passion-kiss-erleben-sie-die-ultimative-vape-freude\/\" \/>\n<meta property=\"og:locale\" content=\"sk_SK\" \/>\n<meta property=\"og:type\" content=\"article\" \/>\n<meta property=\"og:title\" content=\"Bang15000 Puffs in exotischem Passion Kiss Erleben Sie die ultimative Vape Freude | Vapingnet.de\" \/>\n<meta property=\"og:description\" content=\"Entdecke Bang15000 Puffs in exotischem Passion Kiss Erleben Sie die ultimative Vape Freude bei vapingnet.de, \u25ba Gro\u00dfe Auswahl an Geschmacksrichtungen &amp; super g\u00fcnstig!\" \/>\n<meta property=\"og:url\" content=\"https:\/\/vapingnet.de\/sk\/vape\/bang15000-puffs-in-exotischem-passion-kiss-erleben-sie-die-ultimative-vape-freude\/\" \/>\n<meta property=\"og:site_name\" content=\"Vapingnet.de\" \/>\n<meta property=\"article:publisher\" content=\"https:\/\/www.facebook.com\/vapingnetde\/\" \/>\n<meta property=\"article:modified_time\" content=\"2025-06-19T03:41:32+00:00\" \/>\n<meta property=\"og:image\" content=\"https:\/\/vapingnet.de\/wp-content\/uploads\/2025\/03\/Passion-Kiss.png\" \/>\n\t<meta property=\"og:image:width\" content=\"900\" \/>\n\t<meta property=\"og:image:height\" content=\"600\" \/>\n\t<meta property=\"og:image:type\" content=\"image\/png\" \/>\n<meta name=\"twitter:card\" content=\"summary_large_image\" \/>\n<meta name=\"twitter:label1\" content=\"Est. reading time\" \/>\n\t<meta name=\"twitter:data1\" content=\"3 minutes\" \/>\n<script type=\"application\/ld+json\" class=\"yoast-schema-graph\">{\"@context\":\"https:\/\/schema.org\",\"@graph\":[{\"@type\":\"WebPage\",\"@id\":\"https:\/\/vapingnet.de\/vape\/bang15000-puffs-in-exotischem-passion-kiss-erleben-sie-die-ultimative-vape-freude\/\",\"url\":\"https:\/\/vapingnet.de\/vape\/bang15000-puffs-in-exotischem-passion-kiss-erleben-sie-die-ultimative-vape-freude\/\",\"name\":\"Bang15000 Puffs in exotischem Passion Kiss Erleben Sie die ultimative Vape Freude | Vapingnet.de\",\"isPartOf\":{\"@id\":\"https:\/\/vapingnet.de\/#website\"},\"primaryImageOfPage\":{\"@id\":\"https:\/\/vapingnet.de\/vape\/bang15000-puffs-in-exotischem-passion-kiss-erleben-sie-die-ultimative-vape-freude\/#primaryimage\"},\"image\":{\"@id\":\"https:\/\/vapingnet.de\/vape\/bang15000-puffs-in-exotischem-passion-kiss-erleben-sie-die-ultimative-vape-freude\/#primaryimage\"},\"thumbnailUrl\":\"https:\/\/vapingnet.de\/wp-content\/uploads\/2025\/03\/Passion-Kiss.png\",\"datePublished\":\"2025-03-12T09:44:18+00:00\",\"dateModified\":\"2025-06-19T03:41:32+00:00\",\"description\":\"Entdecke Bang15000 Puffs in exotischem Passion Kiss Erleben Sie die ultimative Vape Freude bei vapingnet.de, \u25ba Gro\u00dfe Auswahl an Geschmacksrichtungen & super g\u00fcnstig!\",\"breadcrumb\":{\"@id\":\"https:\/\/vapingnet.de\/vape\/bang15000-puffs-in-exotischem-passion-kiss-erleben-sie-die-ultimative-vape-freude\/#breadcrumb\"},\"inLanguage\":\"sk-SK\",\"potentialAction\":[{\"@type\":\"ReadAction\",\"target\":[\"https:\/\/vapingnet.de\/vape\/bang15000-puffs-in-exotischem-passion-kiss-erleben-sie-die-ultimative-vape-freude\/\"]}]},{\"@type\":\"ImageObject\",\"inLanguage\":\"sk-SK\",\"@id\":\"https:\/\/vapingnet.de\/vape\/bang15000-puffs-in-exotischem-passion-kiss-erleben-sie-die-ultimative-vape-freude\/#primaryimage\",\"url\":\"https:\/\/vapingnet.de\/wp-content\/uploads\/2025\/03\/Passion-Kiss.png\",\"contentUrl\":\"https:\/\/vapingnet.de\/wp-content\/uploads\/2025\/03\/Passion-Kiss.png\",\"width\":900,\"height\":600,\"caption\":\"Passion Kiss\"},{\"@type\":\"BreadcrumbList\",\"@id\":\"https:\/\/vapingnet.de\/vape\/bang15000-puffs-in-exotischem-passion-kiss-erleben-sie-die-ultimative-vape-freude\/#breadcrumb\",\"itemListElement\":[{\"@type\":\"ListItem\",\"position\":1,\"name\":\"Home\",\"item\":\"https:\/\/vapingnet.de\/\"},{\"@type\":\"ListItem\",\"position\":2,\"name\":\"Shop\",\"item\":\"https:\/\/vapingnet.de\/vape\/\"},{\"@type\":\"ListItem\",\"position\":3,\"name\":\"Bang15000 Puffs in exotischem Passion Kiss Erleben Sie die ultimative Vape Freude\"}]},{\"@type\":\"WebSite\",\"@id\":\"https:\/\/vapingnet.de\/#website\",\"url\":\"https:\/\/vapingnet.de\/\",\"name\":\"Vapingnet.de\",\"description\":\"\",\"publisher\":{\"@id\":\"https:\/\/vapingnet.de\/#organization\"},\"potentialAction\":[{\"@type\":\"SearchAction\",\"target\":{\"@type\":\"EntryPoint\",\"urlTemplate\":\"https:\/\/vapingnet.de\/?s={search_term_string}\"},\"query-input\":{\"@type\":\"PropertyValueSpecification\",\"valueRequired\":true,\"valueName\":\"search_term_string\"}}],\"inLanguage\":\"sk-SK\"},{\"@type\":\"Organization\",\"@id\":\"https:\/\/vapingnet.de\/#organization\",\"name\":\"Vapingnet.de\",\"url\":\"https:\/\/vapingnet.de\/\",\"logo\":{\"@type\":\"ImageObject\",\"inLanguage\":\"sk-SK\",\"@id\":\"https:\/\/vapingnet.de\/#\/schema\/logo\/image\/\",\"url\":\"https:\/\/vapingnet.de\/wp-content\/uploads\/2025\/03\/cropped-vapingnet.de_.jpg\",\"contentUrl\":\"https:\/\/vapingnet.de\/wp-content\/uploads\/2025\/03\/cropped-vapingnet.de_.jpg\",\"width\":512,\"height\":512,\"caption\":\"Vapingnet.de\"},\"image\":{\"@id\":\"https:\/\/vapingnet.de\/#\/schema\/logo\/image\/\"},\"sameAs\":[\"https:\/\/www.facebook.com\/vapingnetde\/\"]}]}<\/script>\n<!-- \/ Yoast SEO plugin. -->","yoast_head_json":{"title":"Bang15000 Puffs in exotischem Passion Kiss Erleben Sie die ultimative Vape Freude | Vapingnet.de","description":"Entdecke Bang15000 Puffs in exotischem Passion Kiss Erleben Sie die ultimative Vape Freude bei vapingnet.de, \u25ba Gro\u00dfe Auswahl an Geschmacksrichtungen & super g\u00fcnstig!","robots":{"index":"index","follow":"follow","max-snippet":"max-snippet:-1","max-image-preview":"max-image-preview:large","max-video-preview":"max-video-preview:-1"},"canonical":"https:\/\/vapingnet.de\/sk\/vape\/bang15000-puffs-in-exotischem-passion-kiss-erleben-sie-die-ultimative-vape-freude\/","og_locale":"sk_SK","og_type":"article","og_title":"Bang15000 Puffs in exotischem Passion Kiss Erleben Sie die ultimative Vape Freude | Vapingnet.de","og_description":"Entdecke Bang15000 Puffs in exotischem Passion Kiss Erleben Sie die ultimative Vape Freude bei vapingnet.de, \u25ba Gro\u00dfe Auswahl an Geschmacksrichtungen & super g\u00fcnstig!","og_url":"https:\/\/vapingnet.de\/sk\/vape\/bang15000-puffs-in-exotischem-passion-kiss-erleben-sie-die-ultimative-vape-freude\/","og_site_name":"Vapingnet.de","article_publisher":"https:\/\/www.facebook.com\/vapingnetde\/","article_modified_time":"2025-06-19T03:41:32+00:00","og_image":[{"width":900,"height":600,"url":"https:\/\/vapingnet.de\/wp-content\/uploads\/2025\/03\/Passion-Kiss.png","type":"image\/png"}],"twitter_card":"summary_large_image","twitter_misc":{"Est. reading time":"3 minutes"},"schema":{"@context":"https:\/\/schema.org","@graph":[{"@type":"WebPage","@id":"https:\/\/vapingnet.de\/vape\/bang15000-puffs-in-exotischem-passion-kiss-erleben-sie-die-ultimative-vape-freude\/","url":"https:\/\/vapingnet.de\/vape\/bang15000-puffs-in-exotischem-passion-kiss-erleben-sie-die-ultimative-vape-freude\/","name":"Bang15000 Puffs in exotischem Passion Kiss Erleben Sie die ultimative Vape Freude | Vapingnet.de","isPartOf":{"@id":"https:\/\/vapingnet.de\/#website"},"primaryImageOfPage":{"@id":"https:\/\/vapingnet.de\/vape\/bang15000-puffs-in-exotischem-passion-kiss-erleben-sie-die-ultimative-vape-freude\/#primaryimage"},"image":{"@id":"https:\/\/vapingnet.de\/vape\/bang15000-puffs-in-exotischem-passion-kiss-erleben-sie-die-ultimative-vape-freude\/#primaryimage"},"thumbnailUrl":"https:\/\/vapingnet.de\/wp-content\/uploads\/2025\/03\/Passion-Kiss.png","datePublished":"2025-03-12T09:44:18+00:00","dateModified":"2025-06-19T03:41:32+00:00","description":"Entdecke Bang15000 Puffs in exotischem Passion Kiss Erleben Sie die ultimative Vape Freude bei vapingnet.de, \u25ba Gro\u00dfe Auswahl an Geschmacksrichtungen & super g\u00fcnstig!","breadcrumb":{"@id":"https:\/\/vapingnet.de\/vape\/bang15000-puffs-in-exotischem-passion-kiss-erleben-sie-die-ultimative-vape-freude\/#breadcrumb"},"inLanguage":"sk-SK","potentialAction":[{"@type":"ReadAction","target":["https:\/\/vapingnet.de\/vape\/bang15000-puffs-in-exotischem-passion-kiss-erleben-sie-die-ultimative-vape-freude\/"]}]},{"@type":"ImageObject","inLanguage":"sk-SK","@id":"https:\/\/vapingnet.de\/vape\/bang15000-puffs-in-exotischem-passion-kiss-erleben-sie-die-ultimative-vape-freude\/#primaryimage","url":"https:\/\/vapingnet.de\/wp-content\/uploads\/2025\/03\/Passion-Kiss.png","contentUrl":"https:\/\/vapingnet.de\/wp-content\/uploads\/2025\/03\/Passion-Kiss.png","width":900,"height":600,"caption":"Passion Kiss"},{"@type":"BreadcrumbList","@id":"https:\/\/vapingnet.de\/vape\/bang15000-puffs-in-exotischem-passion-kiss-erleben-sie-die-ultimative-vape-freude\/#breadcrumb","itemListElement":[{"@type":"ListItem","position":1,"name":"Home","item":"https:\/\/vapingnet.de\/"},{"@type":"ListItem","position":2,"name":"Shop","item":"https:\/\/vapingnet.de\/vape\/"},{"@type":"ListItem","position":3,"name":"Bang15000 Puffs in exotischem Passion Kiss Erleben Sie die ultimative Vape Freude"}]},{"@type":"WebSite","@id":"https:\/\/vapingnet.de\/#website","url":"https:\/\/vapingnet.de\/","name":"Vapingnet.de","description":"","publisher":{"@id":"https:\/\/vapingnet.de\/#organization"},"potentialAction":[{"@type":"SearchAction","target":{"@type":"EntryPoint","urlTemplate":"https:\/\/vapingnet.de\/?s={search_term_string}"},"query-input":{"@type":"PropertyValueSpecification","valueRequired":true,"valueName":"search_term_string"}}],"inLanguage":"sk-SK"},{"@type":"Organization","@id":"https:\/\/vapingnet.de\/#organization","name":"Vapingnet.de","url":"https:\/\/vapingnet.de\/","logo":{"@type":"ImageObject","inLanguage":"sk-SK","@id":"https:\/\/vapingnet.de\/#\/schema\/logo\/image\/","url":"https:\/\/vapingnet.de\/wp-content\/uploads\/2025\/03\/cropped-vapingnet.de_.jpg","contentUrl":"https:\/\/vapingnet.de\/wp-content\/uploads\/2025\/03\/cropped-vapingnet.de_.jpg","width":512,"height":512,"caption":"Vapingnet.de"},"image":{"@id":"https:\/\/vapingnet.de\/#\/schema\/logo\/image\/"},"sameAs":["https:\/\/www.facebook.com\/vapingnetde\/"]}]}},"tiered_pricing_type":"fixed","tiered_pricing_fixed_rules":{"10":"7.31","60":"6.58","110":"5.85","200":"5.12"},"tiered_pricing_product_settings":{"layout":"default","base_unit_name":{"singular":null,"plural":null},"default_variation":null},"tiered_pricing_minimum_quantity":null,"tiered_pricing_roles_data":[],"tiered_pricing_percentage_rules":[],"_links":{"self":[{"href":"https:\/\/vapingnet.de\/sk\/wp-json\/wp\/v2\/product\/5180","targetHints":{"allow":["GET"]}}],"collection":[{"href":"https:\/\/vapingnet.de\/sk\/wp-json\/wp\/v2\/product"}],"about":[{"href":"https:\/\/vapingnet.de\/sk\/wp-json\/wp\/v2\/types\/product"}],"version-history":[{"count":1,"href":"https:\/\/vapingnet.de\/sk\/wp-json\/wp\/v2\/product\/5180\/revisions"}],"predecessor-version":[{"id":5182,"href":"https:\/\/vapingnet.de\/sk\/wp-json\/wp\/v2\/product\/5180\/revisions\/5182"}],"wp:featuredmedia":[{"embeddable":true,"href":"https:\/\/vapingnet.de\/sk\/wp-json\/wp\/v2\/media\/5181"}],"wp:attachment":[{"href":"https:\/\/vapingnet.de\/sk\/wp-json\/wp\/v2\/media?parent=5180"}],"wp:term":[{"taxonomy":"brand","embeddable":true,"href":"https:\/\/vapingnet.de\/sk\/wp-json\/wp\/v2\/etheme_brands?post=5180"},{"taxonomy":"product_brand","embeddable":true,"href":"https:\/\/vapingnet.de\/sk\/wp-json\/wp\/v2\/product_brand?post=5180"},{"taxonomy":"product_cat","embeddable":true,"href":"https:\/\/vapingnet.de\/sk\/wp-json\/wp\/v2\/product_cat?post=5180"},{"taxonomy":"product_tag","embeddable":true,"href":"https:\/\/vapingnet.de\/sk\/wp-json\/wp\/v2\/product_tag?post=5180"}],"curies":[{"name":"wp","href":"https:\/\/api.w.org\/{rel}","templated":true}]}}