{"id":5186,"date":"2025-03-12T09:55:21","date_gmt":"2025-03-12T09:55:21","guid":{"rendered":"https:\/\/vapingnet.de\/?post_type=product&#038;p=5186"},"modified":"2025-06-19T03:41:31","modified_gmt":"2025-06-19T03:41:31","slug":"entdecke-das-sensationelle-bang-15000-puffs-peach-ice-der-perfekte-genuss-fuer-dich","status":"publish","type":"product","link":"https:\/\/vapingnet.de\/sk\/vape\/entdecke-das-sensationelle-bang-15000-puffs-peach-ice-der-perfekte-genuss-fuer-dich\/","title":{"rendered":"Objavte senz\u00e1ciu Bang 15000 Puffs Peach Ice Perfektn\u00fd p\u00f4\u017eitok pre v\u00e1s"},"content":{"rendered":"<h2 data-start=\"0\" data-end=\"104\">Poru\u0161ujte normy, vychutnajte si paru \u2013 Bang15000 Puffs dob\u00edjate\u013en\u00e1 jednorazov\u00e1 e-cigareta<\/h2>\n<p data-start=\"106\" data-end=\"585\">H\u013ead\u00e1te ako milovn\u00edk e-cigariet produkt, ktor\u00fd je \u0161t\u00fdlov\u00fd aj praktick\u00fd a poskytne v\u00e1m dokonal\u00fa rovnov\u00e1hu medzi dlhotrvaj\u00facim z\u00e1\u017eitkom z pou\u017e\u00edvania a chu\u0165ou? Dnes v\u00e1m predstavujeme Bang15000 Puffs Rechargeable Disposable Pod \u2013 inovat\u00edvnu a v\u00fdkonn\u00fa dob\u00edjate\u013en\u00fa <a href=\"https:\/\/vapingnet.de\/sk\/k\/einweg-e-zigarette\/\" target=\"_blank\" rel=\"noopener\"><strong>Jednorazov\u00e1 e-cigareta<\/strong><\/a>. \u010ci ste za\u010diato\u010dn\u00edk alebo sk\u00fasen\u00fd pou\u017e\u00edvate\u013e, tento produkt v\u00e1m pon\u00faka jedine\u010dn\u00fd z\u00e1\u017eitok.<\/p>\n<ul>\n<li data-start=\"587\" data-end=\"631\">Vysok\u00e9 mno\u017estvo pary, dlhodob\u00e9 pote\u0161enie<br \/>\nBang15000 Puffs dob\u00edjate\u013en\u00e1 jednorazov\u00e1 e-cigareta pon\u00faka p\u00f4sobiv\u00fdch 15000 \u0165ahov, ktor\u00e9 v\u00e1m umo\u017enia trval\u00fd z\u00e1\u017eitok s parou. \u010ci u\u017e v be\u017enom dni alebo na cest\u00e1ch \u2013 m\u00f4\u017eete si vychutna\u0165 nev\u00eddan\u00fd komfort a pln\u00fa spokojnos\u0165. Ka\u017ed\u00fd \u0165ah je ako oblak jemnej, plnej pary, ktor\u00e1 napln\u00ed va\u0161e potreby vo v\u0161etk\u00fdch oh\u013eadoch.<\/li>\n<li data-start=\"996\" data-end=\"1045\">Jedine\u010dn\u00fd chu\u0165ov\u00fd z\u00e1\u017eitok \u2013 Peach Ice<br \/>\nBang15000 Puffs e-cigareta pon\u00faka lahodn\u00fa chu\u0165 Peach Ice \u2013 kombin\u00e1ciu sladk\u00e9ho brosky\u0148ov\u00e9ho aroma a osvie\u017euj\u00facej mentolovej pozn\u00e1mky. Ka\u017ed\u00e9 vdychovanie prin\u00e1\u0161a intenz\u00edvnu ovocn\u00fa chu\u0165 a chladiv\u00fa svie\u017eos\u0165 na jazyk, dokonal\u00fa rovnov\u00e1hu medzi osvie\u017een\u00edm a chu\u0165ou. Nechajte sa o\u010dari\u0165 t\u00fdmto l\u00e1kav\u00fdm chu\u0165ov\u00fdm z\u00e1\u017eitkom.<\/li>\n<li data-start=\"1421\" data-end=\"1478\">Vysoko kvalitn\u00fd Dul Mesh Coil a v\u00fdkonn\u00e1 bat\u00e9ria<br \/>\nBang15000 Puffs je vybaven\u00e1 Dul Mesh Coil (1,1\u03a9), ktor\u00fd zabezpe\u010duje ve\u013emi jemn\u00fd tok pary a zachov\u00e1va \u010distotu chuti. 650mAh dob\u00edjate\u013en\u00e1 bat\u00e9ria poskytuje stabiln\u00fd a dlhotrvaj\u00faci zdroj energie, tak\u017ee si m\u00f4\u017eete vychutn\u00e1va\u0165 konzistentn\u00fd z\u00e1\u017eitok s parou. \u017diadna nutnos\u0165 neust\u00e1le meni\u0165 bat\u00e9rie \u2013 jednoducho nabijte a u\u017e\u00edvajte si tis\u00edce \u0165ahov.<\/li>\n<li data-start=\"1869\" data-end=\"1918\">R\u00f4zne \u00farovne nikot\u00ednu pre ka\u017ed\u00e9 potreby<br \/>\nAby sme vyhoveli potreb\u00e1m v\u0161etk\u00fdch pou\u017e\u00edvate\u013eov, Bang15000 Puffs pon\u00faka \u0161tyri \u00farovne nikot\u00ednu na v\u00fdber: 0%, 2%, 3% a 5%. M\u00f4\u017eete si vybra\u0165 t\u00fa spr\u00e1vnu silu pod\u013ea svojich preferenci\u00ed. Ak si zvol\u00edte nikot\u00edn 0% alebo 3%, je potrebn\u00e1 ve\u013ek\u00e1 objedn\u00e1vka, aby bola dod\u00e1vka bez probl\u00e9mov. Tak si m\u00f4\u017eete vychutna\u0165 optim\u00e1lny z\u00e1\u017eitok s parou.<\/li>\n<li data-start=\"2298\" data-end=\"2351\">Praktick\u00fd konektor Type-C, r\u00fdchle nab\u00edjanie<br \/>\nBang15000 Puffs je vybaven\u00e1 modern\u00fdm konektorom Type-C, ktor\u00fd umo\u017e\u0148uje r\u00fdchlej\u0161ie nab\u00edjanie. Tak m\u00f4\u017eete r\u00fdchlo doplni\u0165 bat\u00e9riu a pohodlne si vychutn\u00e1va\u0165 paru kedyko\u013evek, \u010di u\u017e v kancel\u00e1rii, na cest\u00e1ch alebo na v\u00fdlete.<\/li>\n<li data-start=\"2582\" data-end=\"2623\">Ide\u00e1lne pre maloobchod a ve\u013ekoobchod<br \/>\n\u010ci u\u017e na osobn\u00e9 pou\u017eitie alebo na ve\u013ek\u00e9 objedn\u00e1vky, Bang15000 Puffs je ide\u00e1lnou vo\u013ebou. Hod\u00ed sa nielen na ka\u017edodenn\u00e9 pou\u017e\u00edvanie, ale aj na ve\u013ekoobchod. Prostredn\u00edctvom vapingnet.de si m\u00f4\u017eete tento v\u00fdkonn\u00fd produkt \u013eahko zak\u00fapi\u0165 a vyu\u017ei\u0165 r\u00fdchle doru\u010denie na z\u00edskanie kvalitn\u00fdch z\u00e1\u017eitkov s parou.<\/li>\n<\/ul>\n<h3 data-start=\"2997\" data-end=\"3061\">Pre\u010do si vybra\u0165 Bang15000 Puffs?<\/h3>\n<ul data-start=\"3062\" data-end=\"3497\">\n<li data-start=\"3062\" data-end=\"3179\">Vysok\u00e9 mno\u017estvo pary: S <a href=\"https:\/\/vapingnet.de\/sk\/k\/vape-15000-zuege\/\" target=\"_blank\" rel=\"noopener\"><strong>15000 potiahnutiami<\/strong><\/a> za\u017eijete dlhotrvaj\u00faci z\u00e1\u017eitok s parou bez \u010dast\u00e9ho menenia zariadenia.<\/li>\n<li data-start=\"3180\" data-end=\"3295\">R\u00f4zne \u00farovne nikot\u00ednu: Vyberte si t\u00fa spr\u00e1vnu silu pre v\u00e1s a vychutnajte si dokonal\u00fa chu\u0165.<\/li>\n<li data-start=\"3296\" data-end=\"3400\">Vysoko kvalitn\u00e9 cievky a bat\u00e9ria: Pre rovnomern\u00fd tok pary a stabiln\u00fd zdroj energie.<\/li>\n<li data-start=\"3401\" data-end=\"3497\">R\u00fdchle nab\u00edjanie cez Type-C: R\u00fdchla mo\u017enos\u0165 nab\u00edjania udr\u017e\u00ed va\u0161e zariadenie v\u017edy pripraven\u00e9 na pou\u017eitie.<\/li>\n<\/ul>\n<h4 data-start=\"3499\" data-end=\"3547\">Za\u017eite to teraz, vychutnajte si paru<\/h4>\n<p data-start=\"3548\" data-end=\"3857\" data-is-last-node=\"\" data-is-only-node=\"\">\u010ci u\u017e sa chcete relaxova\u0165 alebo h\u013ead\u00e1te v\u00fdkonn\u00fa e-cigaretu \u2013 Bang15000 Puffs je ide\u00e1lnou vo\u013ebou. Nav\u0161t\u00edvte vapingnet.de a pridajte sa k n\u00e1\u0161mu svetu e-cigariet, aby ste si mohli vychutna\u0165 v\u00fdnimo\u010dn\u00fd z\u00e1\u017eitok s parou. K\u00fapte teraz a za\u010dnite svoje parn\u00e9 dobrodru\u017estvo!<\/p>","protected":false},"excerpt":{"rendered":"<p>Brechen Sie die Normen, genie\u00dfen Sie den Dampf \u2013 Bang15000 Puffs wiederaufladbare Einweg E-Zigarette Sind Sie als E-Zigaretten-Liebhaber auf der Suche nach einem Produkt, das&#8230;<\/p>","protected":false},"featured_media":5187,"template":"","meta":[],"etheme_brands":[],"product_brand":[101],"product_cat":[53,49,61],"product_tag":[],"class_list":{"0":"post-5186","1":"product","2":"type-product","3":"status-publish","4":"has-post-thumbnail","6":"product_brand-bang-king-vape","7":"product_cat-vape-15000-zuege","8":"product_cat-einweg-e-zigarette","9":"product_cat-f","11":"first","12":"instock","13":"shipping-taxable","14":"purchasable","15":"product-type-simple"},"yoast_head":"<!-- This site is optimized with the Yoast SEO plugin v26.5 - https:\/\/yoast.com\/wordpress\/plugins\/seo\/ -->\n<title>Entdecke das sensationelle Bang 15000 Puffs Peach Ice Der perfekte Genuss f\u00fcr dich | Vapingnet.de<\/title>\n<meta name=\"description\" content=\"Entdecke Entdecke das sensationelle Bang 15000 Puffs Peach Ice Der perfekte Genuss f\u00fcr dich bei vapingnet.de, \u25ba Gro\u00dfe Auswahl an Geschmacksrichtungen &amp; super g\u00fcnstig!\" \/>\n<meta name=\"robots\" content=\"index, follow, max-snippet:-1, max-image-preview:large, max-video-preview:-1\" \/>\n<link rel=\"canonical\" href=\"https:\/\/vapingnet.de\/sk\/vape\/entdecke-das-sensationelle-bang-15000-puffs-peach-ice-der-perfekte-genuss-fuer-dich\/\" \/>\n<meta property=\"og:locale\" content=\"sk_SK\" \/>\n<meta property=\"og:type\" content=\"article\" \/>\n<meta property=\"og:title\" content=\"Entdecke das sensationelle Bang 15000 Puffs Peach Ice Der perfekte Genuss f\u00fcr dich | Vapingnet.de\" \/>\n<meta property=\"og:description\" content=\"Entdecke Entdecke das sensationelle Bang 15000 Puffs Peach Ice Der perfekte Genuss f\u00fcr dich bei vapingnet.de, \u25ba Gro\u00dfe Auswahl an Geschmacksrichtungen &amp; super g\u00fcnstig!\" \/>\n<meta property=\"og:url\" content=\"https:\/\/vapingnet.de\/sk\/vape\/entdecke-das-sensationelle-bang-15000-puffs-peach-ice-der-perfekte-genuss-fuer-dich\/\" \/>\n<meta property=\"og:site_name\" content=\"Vapingnet.de\" \/>\n<meta property=\"article:publisher\" content=\"https:\/\/www.facebook.com\/vapingnetde\/\" \/>\n<meta property=\"article:modified_time\" content=\"2025-06-19T03:41:31+00:00\" \/>\n<meta property=\"og:image\" content=\"https:\/\/vapingnet.de\/wp-content\/uploads\/2025\/03\/Peach-Ice.png\" \/>\n\t<meta property=\"og:image:width\" content=\"900\" \/>\n\t<meta property=\"og:image:height\" content=\"600\" \/>\n\t<meta property=\"og:image:type\" content=\"image\/png\" \/>\n<meta name=\"twitter:card\" content=\"summary_large_image\" \/>\n<meta name=\"twitter:label1\" content=\"Est. reading time\" \/>\n\t<meta name=\"twitter:data1\" content=\"4 minutes\" \/>\n<script type=\"application\/ld+json\" class=\"yoast-schema-graph\">{\"@context\":\"https:\/\/schema.org\",\"@graph\":[{\"@type\":\"WebPage\",\"@id\":\"https:\/\/vapingnet.de\/vape\/entdecke-das-sensationelle-bang-15000-puffs-peach-ice-der-perfekte-genuss-fuer-dich\/\",\"url\":\"https:\/\/vapingnet.de\/vape\/entdecke-das-sensationelle-bang-15000-puffs-peach-ice-der-perfekte-genuss-fuer-dich\/\",\"name\":\"Entdecke das sensationelle Bang 15000 Puffs Peach Ice Der perfekte Genuss f\u00fcr dich | Vapingnet.de\",\"isPartOf\":{\"@id\":\"https:\/\/vapingnet.de\/#website\"},\"primaryImageOfPage\":{\"@id\":\"https:\/\/vapingnet.de\/vape\/entdecke-das-sensationelle-bang-15000-puffs-peach-ice-der-perfekte-genuss-fuer-dich\/#primaryimage\"},\"image\":{\"@id\":\"https:\/\/vapingnet.de\/vape\/entdecke-das-sensationelle-bang-15000-puffs-peach-ice-der-perfekte-genuss-fuer-dich\/#primaryimage\"},\"thumbnailUrl\":\"https:\/\/vapingnet.de\/wp-content\/uploads\/2025\/03\/Peach-Ice.png\",\"datePublished\":\"2025-03-12T09:55:21+00:00\",\"dateModified\":\"2025-06-19T03:41:31+00:00\",\"description\":\"Entdecke Entdecke das sensationelle Bang 15000 Puffs Peach Ice Der perfekte Genuss f\u00fcr dich bei vapingnet.de, \u25ba Gro\u00dfe Auswahl an Geschmacksrichtungen & super g\u00fcnstig!\",\"breadcrumb\":{\"@id\":\"https:\/\/vapingnet.de\/vape\/entdecke-das-sensationelle-bang-15000-puffs-peach-ice-der-perfekte-genuss-fuer-dich\/#breadcrumb\"},\"inLanguage\":\"sk-SK\",\"potentialAction\":[{\"@type\":\"ReadAction\",\"target\":[\"https:\/\/vapingnet.de\/vape\/entdecke-das-sensationelle-bang-15000-puffs-peach-ice-der-perfekte-genuss-fuer-dich\/\"]}]},{\"@type\":\"ImageObject\",\"inLanguage\":\"sk-SK\",\"@id\":\"https:\/\/vapingnet.de\/vape\/entdecke-das-sensationelle-bang-15000-puffs-peach-ice-der-perfekte-genuss-fuer-dich\/#primaryimage\",\"url\":\"https:\/\/vapingnet.de\/wp-content\/uploads\/2025\/03\/Peach-Ice.png\",\"contentUrl\":\"https:\/\/vapingnet.de\/wp-content\/uploads\/2025\/03\/Peach-Ice.png\",\"width\":900,\"height\":600,\"caption\":\"Peach Ice\"},{\"@type\":\"BreadcrumbList\",\"@id\":\"https:\/\/vapingnet.de\/vape\/entdecke-das-sensationelle-bang-15000-puffs-peach-ice-der-perfekte-genuss-fuer-dich\/#breadcrumb\",\"itemListElement\":[{\"@type\":\"ListItem\",\"position\":1,\"name\":\"Home\",\"item\":\"https:\/\/vapingnet.de\/\"},{\"@type\":\"ListItem\",\"position\":2,\"name\":\"Shop\",\"item\":\"https:\/\/vapingnet.de\/vape\/\"},{\"@type\":\"ListItem\",\"position\":3,\"name\":\"Entdecke das sensationelle Bang 15000 Puffs Peach Ice Der perfekte Genuss f\u00fcr dich\"}]},{\"@type\":\"WebSite\",\"@id\":\"https:\/\/vapingnet.de\/#website\",\"url\":\"https:\/\/vapingnet.de\/\",\"name\":\"Vapingnet.de\",\"description\":\"\",\"publisher\":{\"@id\":\"https:\/\/vapingnet.de\/#organization\"},\"potentialAction\":[{\"@type\":\"SearchAction\",\"target\":{\"@type\":\"EntryPoint\",\"urlTemplate\":\"https:\/\/vapingnet.de\/?s={search_term_string}\"},\"query-input\":{\"@type\":\"PropertyValueSpecification\",\"valueRequired\":true,\"valueName\":\"search_term_string\"}}],\"inLanguage\":\"sk-SK\"},{\"@type\":\"Organization\",\"@id\":\"https:\/\/vapingnet.de\/#organization\",\"name\":\"Vapingnet.de\",\"url\":\"https:\/\/vapingnet.de\/\",\"logo\":{\"@type\":\"ImageObject\",\"inLanguage\":\"sk-SK\",\"@id\":\"https:\/\/vapingnet.de\/#\/schema\/logo\/image\/\",\"url\":\"https:\/\/vapingnet.de\/wp-content\/uploads\/2025\/03\/cropped-vapingnet.de_.jpg\",\"contentUrl\":\"https:\/\/vapingnet.de\/wp-content\/uploads\/2025\/03\/cropped-vapingnet.de_.jpg\",\"width\":512,\"height\":512,\"caption\":\"Vapingnet.de\"},\"image\":{\"@id\":\"https:\/\/vapingnet.de\/#\/schema\/logo\/image\/\"},\"sameAs\":[\"https:\/\/www.facebook.com\/vapingnetde\/\"]}]}<\/script>\n<!-- \/ Yoast SEO plugin. -->","yoast_head_json":{"title":"Entdecke das sensationelle Bang 15000 Puffs Peach Ice Der perfekte Genuss f\u00fcr dich | Vapingnet.de","description":"Entdecke Entdecke das sensationelle Bang 15000 Puffs Peach Ice Der perfekte Genuss f\u00fcr dich bei vapingnet.de, \u25ba Gro\u00dfe Auswahl an Geschmacksrichtungen & super g\u00fcnstig!","robots":{"index":"index","follow":"follow","max-snippet":"max-snippet:-1","max-image-preview":"max-image-preview:large","max-video-preview":"max-video-preview:-1"},"canonical":"https:\/\/vapingnet.de\/sk\/vape\/entdecke-das-sensationelle-bang-15000-puffs-peach-ice-der-perfekte-genuss-fuer-dich\/","og_locale":"sk_SK","og_type":"article","og_title":"Entdecke das sensationelle Bang 15000 Puffs Peach Ice Der perfekte Genuss f\u00fcr dich | Vapingnet.de","og_description":"Entdecke Entdecke das sensationelle Bang 15000 Puffs Peach Ice Der perfekte Genuss f\u00fcr dich bei vapingnet.de, \u25ba Gro\u00dfe Auswahl an Geschmacksrichtungen & super g\u00fcnstig!","og_url":"https:\/\/vapingnet.de\/sk\/vape\/entdecke-das-sensationelle-bang-15000-puffs-peach-ice-der-perfekte-genuss-fuer-dich\/","og_site_name":"Vapingnet.de","article_publisher":"https:\/\/www.facebook.com\/vapingnetde\/","article_modified_time":"2025-06-19T03:41:31+00:00","og_image":[{"width":900,"height":600,"url":"https:\/\/vapingnet.de\/wp-content\/uploads\/2025\/03\/Peach-Ice.png","type":"image\/png"}],"twitter_card":"summary_large_image","twitter_misc":{"Est. reading time":"4 minutes"},"schema":{"@context":"https:\/\/schema.org","@graph":[{"@type":"WebPage","@id":"https:\/\/vapingnet.de\/vape\/entdecke-das-sensationelle-bang-15000-puffs-peach-ice-der-perfekte-genuss-fuer-dich\/","url":"https:\/\/vapingnet.de\/vape\/entdecke-das-sensationelle-bang-15000-puffs-peach-ice-der-perfekte-genuss-fuer-dich\/","name":"Entdecke das sensationelle Bang 15000 Puffs Peach Ice Der perfekte Genuss f\u00fcr dich | Vapingnet.de","isPartOf":{"@id":"https:\/\/vapingnet.de\/#website"},"primaryImageOfPage":{"@id":"https:\/\/vapingnet.de\/vape\/entdecke-das-sensationelle-bang-15000-puffs-peach-ice-der-perfekte-genuss-fuer-dich\/#primaryimage"},"image":{"@id":"https:\/\/vapingnet.de\/vape\/entdecke-das-sensationelle-bang-15000-puffs-peach-ice-der-perfekte-genuss-fuer-dich\/#primaryimage"},"thumbnailUrl":"https:\/\/vapingnet.de\/wp-content\/uploads\/2025\/03\/Peach-Ice.png","datePublished":"2025-03-12T09:55:21+00:00","dateModified":"2025-06-19T03:41:31+00:00","description":"Entdecke Entdecke das sensationelle Bang 15000 Puffs Peach Ice Der perfekte Genuss f\u00fcr dich bei vapingnet.de, \u25ba Gro\u00dfe Auswahl an Geschmacksrichtungen & super g\u00fcnstig!","breadcrumb":{"@id":"https:\/\/vapingnet.de\/vape\/entdecke-das-sensationelle-bang-15000-puffs-peach-ice-der-perfekte-genuss-fuer-dich\/#breadcrumb"},"inLanguage":"sk-SK","potentialAction":[{"@type":"ReadAction","target":["https:\/\/vapingnet.de\/vape\/entdecke-das-sensationelle-bang-15000-puffs-peach-ice-der-perfekte-genuss-fuer-dich\/"]}]},{"@type":"ImageObject","inLanguage":"sk-SK","@id":"https:\/\/vapingnet.de\/vape\/entdecke-das-sensationelle-bang-15000-puffs-peach-ice-der-perfekte-genuss-fuer-dich\/#primaryimage","url":"https:\/\/vapingnet.de\/wp-content\/uploads\/2025\/03\/Peach-Ice.png","contentUrl":"https:\/\/vapingnet.de\/wp-content\/uploads\/2025\/03\/Peach-Ice.png","width":900,"height":600,"caption":"Peach Ice"},{"@type":"BreadcrumbList","@id":"https:\/\/vapingnet.de\/vape\/entdecke-das-sensationelle-bang-15000-puffs-peach-ice-der-perfekte-genuss-fuer-dich\/#breadcrumb","itemListElement":[{"@type":"ListItem","position":1,"name":"Home","item":"https:\/\/vapingnet.de\/"},{"@type":"ListItem","position":2,"name":"Shop","item":"https:\/\/vapingnet.de\/vape\/"},{"@type":"ListItem","position":3,"name":"Entdecke das sensationelle Bang 15000 Puffs Peach Ice Der perfekte Genuss f\u00fcr dich"}]},{"@type":"WebSite","@id":"https:\/\/vapingnet.de\/#website","url":"https:\/\/vapingnet.de\/","name":"Vapingnet.de","description":"","publisher":{"@id":"https:\/\/vapingnet.de\/#organization"},"potentialAction":[{"@type":"SearchAction","target":{"@type":"EntryPoint","urlTemplate":"https:\/\/vapingnet.de\/?s={search_term_string}"},"query-input":{"@type":"PropertyValueSpecification","valueRequired":true,"valueName":"search_term_string"}}],"inLanguage":"sk-SK"},{"@type":"Organization","@id":"https:\/\/vapingnet.de\/#organization","name":"Vapingnet.de","url":"https:\/\/vapingnet.de\/","logo":{"@type":"ImageObject","inLanguage":"sk-SK","@id":"https:\/\/vapingnet.de\/#\/schema\/logo\/image\/","url":"https:\/\/vapingnet.de\/wp-content\/uploads\/2025\/03\/cropped-vapingnet.de_.jpg","contentUrl":"https:\/\/vapingnet.de\/wp-content\/uploads\/2025\/03\/cropped-vapingnet.de_.jpg","width":512,"height":512,"caption":"Vapingnet.de"},"image":{"@id":"https:\/\/vapingnet.de\/#\/schema\/logo\/image\/"},"sameAs":["https:\/\/www.facebook.com\/vapingnetde\/"]}]}},"tiered_pricing_type":"fixed","tiered_pricing_fixed_rules":{"10":"7.31","60":"6.58","110":"5.85","200":"5.12"},"tiered_pricing_product_settings":{"layout":"default","base_unit_name":{"singular":null,"plural":null},"default_variation":null},"tiered_pricing_minimum_quantity":null,"tiered_pricing_roles_data":[],"tiered_pricing_percentage_rules":[],"_links":{"self":[{"href":"https:\/\/vapingnet.de\/sk\/wp-json\/wp\/v2\/product\/5186","targetHints":{"allow":["GET"]}}],"collection":[{"href":"https:\/\/vapingnet.de\/sk\/wp-json\/wp\/v2\/product"}],"about":[{"href":"https:\/\/vapingnet.de\/sk\/wp-json\/wp\/v2\/types\/product"}],"version-history":[{"count":1,"href":"https:\/\/vapingnet.de\/sk\/wp-json\/wp\/v2\/product\/5186\/revisions"}],"predecessor-version":[{"id":5188,"href":"https:\/\/vapingnet.de\/sk\/wp-json\/wp\/v2\/product\/5186\/revisions\/5188"}],"wp:featuredmedia":[{"embeddable":true,"href":"https:\/\/vapingnet.de\/sk\/wp-json\/wp\/v2\/media\/5187"}],"wp:attachment":[{"href":"https:\/\/vapingnet.de\/sk\/wp-json\/wp\/v2\/media?parent=5186"}],"wp:term":[{"taxonomy":"brand","embeddable":true,"href":"https:\/\/vapingnet.de\/sk\/wp-json\/wp\/v2\/etheme_brands?post=5186"},{"taxonomy":"product_brand","embeddable":true,"href":"https:\/\/vapingnet.de\/sk\/wp-json\/wp\/v2\/product_brand?post=5186"},{"taxonomy":"product_cat","embeddable":true,"href":"https:\/\/vapingnet.de\/sk\/wp-json\/wp\/v2\/product_cat?post=5186"},{"taxonomy":"product_tag","embeddable":true,"href":"https:\/\/vapingnet.de\/sk\/wp-json\/wp\/v2\/product_tag?post=5186"}],"curies":[{"name":"wp","href":"https:\/\/api.w.org\/{rel}","templated":true}]}}