{"id":5189,"date":"2025-03-13T02:30:52","date_gmt":"2025-03-13T02:30:52","guid":{"rendered":"https:\/\/vapingnet.de\/?post_type=product&#038;p=5189"},"modified":"2025-06-19T03:41:31","modified_gmt":"2025-06-19T03:41:31","slug":"bang15000-puffs-peach-mango-sale-nicht-verpassen","status":"publish","type":"product","link":"https:\/\/vapingnet.de\/sk\/vape\/bang15000-puffs-peach-mango-sale-nicht-verpassen\/","title":{"rendered":"Bang15000 potiahnut\u00ed Peach Mango, nezme\u0161kajte akciu"},"content":{"rendered":"<h2 data-pm-slice=\"1 1 []\">Bang 15000 Puffs: Najlep\u0161\u00ed jednorazov\u00fd e-cigareta z\u00e1\u017eitok!<\/h2>\n<p>Vo svete e-cigariet sa st\u00e1le objavuj\u00fa modely, ktor\u00e9 nastavuj\u00fa trendy a definuj\u00fa nov\u00e9 \u0161tandardy. Dnes v\u00e1m predstavujeme Bang 15000 Puffs Rechargeable Disposable Pod \u2013 revolu\u010dn\u00fa kombin\u00e1ciu v\u00fdnimo\u010dnej v\u00fddr\u017ee, prvotriednej chuti a praktickej op\u00e4tovnej nab\u00edjate\u013enosti!<\/p>\n<ul>\n<li>15000 \u0165ahov \u2013 nov\u00e1 dimenzia v\u00fddr\u017ee!<br \/>\nZatia\u013e \u010do v\u00e4\u010d\u0161ina jednorazov\u00fdch e-cigariet pon\u00faka medzi 6000 a 10000 \u0165ahmi, Bang 15000 nastavuje nov\u00e9 \u0161tandardy s<a href=\"https:\/\/vapingnet.de\/sk\/k\/vape-15000-zuege\/\" target=\"_blank\" rel=\"noopener\"><strong> 15000 potiahnutiami<\/strong><\/a>. Rozl\u00fa\u010dte sa s neust\u00e1lym nakupovan\u00edm \u2013 Bang 15000 vydr\u017e\u00ed neuverite\u013ene dlho!<\/li>\n<li>650mAh op\u00e4tovne nab\u00edjate\u013en\u00e1 bat\u00e9ria \u2013 pre e\u0161te v\u00e4\u010d\u0161iu chu\u0165<br \/>\nAby ste si mohli skuto\u010dne vychutna\u0165 v\u0161etk\u00fdch 15000 \u0165ahov, je Bang 15000 vybaven\u00e1 bat\u00e9riou s kapacitou 650mAh, ktor\u00fa je mo\u017en\u00e9 pohodlne dobi\u0165 cez r\u00fdchle nab\u00edjanie Type-C. \u017diadny dymov\u00fd olej nezostane nevyu\u017eit\u00fd \u2013 maxim\u00e1lna \u00fa\u010dinnos\u0165 pre maxim\u00e1lny z\u00e1\u017eitok z pary!<\/li>\n<li>Dul Mesh 1,1\u03a9 cievka \u2013 intenz\u00edvna chu\u0165 pri ka\u017edom \u0165ahu<br \/>\nNezabudnute\u013en\u00fd z\u00e1\u017eitok z vapovania nevznik\u00e1 len v\u010faka v\u00fdkonu bat\u00e9rie, ale aj kvalite vaporiz\u00e9ra. Dvojit\u00e1 cievka Dul Mesh (1,1\u03a9) zabezpe\u010duje jemn\u00e9, chu\u0165ovo bohat\u00e9 a rovnomern\u00e9 odparovanie, ktor\u00e9 optimalizuje ka\u017ed\u00fd aromatick\u00fd z\u00e1\u017eitok.<\/li>\n<li>23mL kapacita tekutiny \u2013 \u0161tyri \u00farovne nikot\u00ednu na v\u00fdber<br \/>\nBang 15000 pon\u00faka obrovsk\u00fa kapacitu tekutiny 23mL, ktor\u00e1 zabezpe\u010duje dlh\u00e9 pou\u017e\u00edvanie. Vyberte si medzi 0, %, 2, %, 3, % alebo 5, % nikot\u00ednom \u2013 pri\u010dom 0, % a 3, % s\u00fa dostupn\u00e9 len pri ve\u013ek\u00fdch objedn\u00e1vkach. Ide\u00e1lne pre individu\u00e1lnych z\u00e1kazn\u00edkov s vy\u0161\u0161ou potrebou alebo pre predajcov.<\/li>\n<li>Peach Mango \u2013 tropick\u00e1 ovocn\u00e1 chu\u0165<br \/>\nAktu\u00e1lne je Bang 15000 dostupn\u00e1 v variante Peach Mango. Sladk\u00fd, \u0161\u0165avnat\u00fd brosky\u0148a sa stret\u00e1va s osvie\u017euj\u00facou kyslos\u0165ou tropickej manga \u2013 pre ovocn\u00fd vapovac\u00ed z\u00e1\u017eitok, ktor\u00fd prin\u00e1\u0161a leto na jazyk!<\/li>\n<\/ul>\n<h3><img fetchpriority=\"high\" decoding=\"async\" class=\"size-full wp-image-6911 aligncenter\" src=\"https:\/\/vapingnet.de\/wp-content\/uploads\/2025\/03\/2-scaled.jpg\" alt=\"\" width=\"2560\" height=\"1438\" srcset=\"https:\/\/vapingnet.de\/wp-content\/uploads\/2025\/03\/2-scaled.jpg 2560w, https:\/\/vapingnet.de\/wp-content\/uploads\/2025\/03\/2-300x169.jpg 300w, https:\/\/vapingnet.de\/wp-content\/uploads\/2025\/03\/2-1024x575.jpg 1024w, https:\/\/vapingnet.de\/wp-content\/uploads\/2025\/03\/2-768x431.jpg 768w, https:\/\/vapingnet.de\/wp-content\/uploads\/2025\/03\/2-1536x863.jpg 1536w, https:\/\/vapingnet.de\/wp-content\/uploads\/2025\/03\/2-2048x1150.jpg 2048w, https:\/\/vapingnet.de\/wp-content\/uploads\/2025\/03\/2-600x337.jpg 600w, https:\/\/vapingnet.de\/wp-content\/uploads\/2025\/03\/2-1x1.jpg 1w, https:\/\/vapingnet.de\/wp-content\/uploads\/2025\/03\/2-10x6.jpg 10w\" sizes=\"(max-width: 2560px) 100vw, 2560px\" \/><\/h3>\n<h3>Pre\u010do Bang 15000?<\/h3>\n<p>\u2705 15000 \u0165ahov \u2013 extr\u00e9mne dlh\u00e1 v\u00fddr\u017e<br \/>\n\u2705 650mAh op\u00e4tovne nab\u00edjate\u013en\u00e1 bat\u00e9ria \u2013 pre nep\u0159eru\u0161ovan\u00fd p\u00f4\u017eitok<br \/>\n\u2705 Dul Mesh dvojit\u00e1 cievka \u2013 pre intenz\u00edvnu chu\u0165<br \/>\n\u2705 23mL kapacita tekutiny \u2013 pre dlh\u00e9 pou\u017e\u00edvanie<br \/>\n\u2705 \u0160tyri \u00farovne nikot\u00ednu \u2013 vhodn\u00e9 pre v\u0161etky preferencie<\/p>\n<p>Nav\u0161t\u00edv teraz <a href=\"https:\/\/vapingnet.de\/sk\/\">Vapingnet.de<\/a> a zabezpe\u010d si Bang 15000 Puffs \u2013 pre dlhotrvaj\u00faci, intenz\u00edvny a nezabudnute\u013en\u00fd vapovac\u00ed z\u00e1\u017eitok! R\u00fdchlo si ho zabezpe\u010d, k\u00fdm nebude vypredan\u00fd!<\/p>","protected":false},"excerpt":{"rendered":"<p>Bang 15000 Puffs: Das ultimative Einweg-E-Zigaretten-Erlebnis! In der Welt der E-Zigaretten gibt es immer wieder Modelle, die Trends setzen und neue Ma\u00dfst\u00e4be definieren. Heute m\u00f6chten&#8230;<\/p>","protected":false},"featured_media":5190,"template":"","meta":[],"etheme_brands":[],"product_brand":[101],"product_cat":[53,49,61],"product_tag":[],"class_list":{"0":"post-5189","1":"product","2":"type-product","3":"status-publish","4":"has-post-thumbnail","6":"product_brand-bang-king-vape","7":"product_cat-vape-15000-zuege","8":"product_cat-einweg-e-zigarette","9":"product_cat-f","11":"first","12":"instock","13":"shipping-taxable","14":"purchasable","15":"product-type-simple"},"yoast_head":"<!-- This site is optimized with the Yoast SEO plugin v26.5 - https:\/\/yoast.com\/wordpress\/plugins\/seo\/ -->\n<title>Bang15000 Puffs Peach Mango Sale nicht verpassen | Vapingnet.de<\/title>\n<meta name=\"description\" content=\"Entdecke Bang15000 Puffs Peach Mango Sale nicht verpassen bei vapingnet.de, \u25ba Gro\u00dfe Auswahl an Geschmacksrichtungen &amp; super g\u00fcnstig!\" \/>\n<meta name=\"robots\" content=\"index, follow, max-snippet:-1, max-image-preview:large, max-video-preview:-1\" \/>\n<link rel=\"canonical\" href=\"https:\/\/vapingnet.de\/sk\/vape\/bang15000-puffs-peach-mango-sale-nicht-verpassen\/\" \/>\n<meta property=\"og:locale\" content=\"sk_SK\" \/>\n<meta property=\"og:type\" content=\"article\" \/>\n<meta property=\"og:title\" content=\"Bang15000 Puffs Peach Mango Sale nicht verpassen | Vapingnet.de\" \/>\n<meta property=\"og:description\" content=\"Entdecke Bang15000 Puffs Peach Mango Sale nicht verpassen bei vapingnet.de, \u25ba Gro\u00dfe Auswahl an Geschmacksrichtungen &amp; super g\u00fcnstig!\" \/>\n<meta property=\"og:url\" content=\"https:\/\/vapingnet.de\/sk\/vape\/bang15000-puffs-peach-mango-sale-nicht-verpassen\/\" \/>\n<meta property=\"og:site_name\" content=\"Vapingnet.de\" \/>\n<meta property=\"article:publisher\" content=\"https:\/\/www.facebook.com\/vapingnetde\/\" \/>\n<meta property=\"article:modified_time\" content=\"2025-06-19T03:41:31+00:00\" \/>\n<meta property=\"og:image\" content=\"https:\/\/vapingnet.de\/wp-content\/uploads\/2025\/03\/Peach-Mango-1.png\" \/>\n\t<meta property=\"og:image:width\" content=\"900\" \/>\n\t<meta property=\"og:image:height\" content=\"600\" \/>\n\t<meta property=\"og:image:type\" content=\"image\/png\" \/>\n<meta name=\"twitter:card\" content=\"summary_large_image\" \/>\n<meta name=\"twitter:label1\" content=\"Est. reading time\" \/>\n\t<meta name=\"twitter:data1\" content=\"3 minutes\" \/>\n<script type=\"application\/ld+json\" class=\"yoast-schema-graph\">{\"@context\":\"https:\/\/schema.org\",\"@graph\":[{\"@type\":\"WebPage\",\"@id\":\"https:\/\/vapingnet.de\/vape\/bang15000-puffs-peach-mango-sale-nicht-verpassen\/\",\"url\":\"https:\/\/vapingnet.de\/vape\/bang15000-puffs-peach-mango-sale-nicht-verpassen\/\",\"name\":\"Bang15000 Puffs Peach Mango Sale nicht verpassen | Vapingnet.de\",\"isPartOf\":{\"@id\":\"https:\/\/vapingnet.de\/#website\"},\"primaryImageOfPage\":{\"@id\":\"https:\/\/vapingnet.de\/vape\/bang15000-puffs-peach-mango-sale-nicht-verpassen\/#primaryimage\"},\"image\":{\"@id\":\"https:\/\/vapingnet.de\/vape\/bang15000-puffs-peach-mango-sale-nicht-verpassen\/#primaryimage\"},\"thumbnailUrl\":\"https:\/\/vapingnet.de\/wp-content\/uploads\/2025\/03\/Peach-Mango-1.png\",\"datePublished\":\"2025-03-13T02:30:52+00:00\",\"dateModified\":\"2025-06-19T03:41:31+00:00\",\"description\":\"Entdecke Bang15000 Puffs Peach Mango Sale nicht verpassen bei vapingnet.de, \u25ba Gro\u00dfe Auswahl an Geschmacksrichtungen & super g\u00fcnstig!\",\"breadcrumb\":{\"@id\":\"https:\/\/vapingnet.de\/vape\/bang15000-puffs-peach-mango-sale-nicht-verpassen\/#breadcrumb\"},\"inLanguage\":\"sk-SK\",\"potentialAction\":[{\"@type\":\"ReadAction\",\"target\":[\"https:\/\/vapingnet.de\/vape\/bang15000-puffs-peach-mango-sale-nicht-verpassen\/\"]}]},{\"@type\":\"ImageObject\",\"inLanguage\":\"sk-SK\",\"@id\":\"https:\/\/vapingnet.de\/vape\/bang15000-puffs-peach-mango-sale-nicht-verpassen\/#primaryimage\",\"url\":\"https:\/\/vapingnet.de\/wp-content\/uploads\/2025\/03\/Peach-Mango-1.png\",\"contentUrl\":\"https:\/\/vapingnet.de\/wp-content\/uploads\/2025\/03\/Peach-Mango-1.png\",\"width\":900,\"height\":600,\"caption\":\"Peach Mango\"},{\"@type\":\"BreadcrumbList\",\"@id\":\"https:\/\/vapingnet.de\/vape\/bang15000-puffs-peach-mango-sale-nicht-verpassen\/#breadcrumb\",\"itemListElement\":[{\"@type\":\"ListItem\",\"position\":1,\"name\":\"Home\",\"item\":\"https:\/\/vapingnet.de\/\"},{\"@type\":\"ListItem\",\"position\":2,\"name\":\"Shop\",\"item\":\"https:\/\/vapingnet.de\/vape\/\"},{\"@type\":\"ListItem\",\"position\":3,\"name\":\"Bang15000 Puffs Peach Mango Sale nicht verpassen\"}]},{\"@type\":\"WebSite\",\"@id\":\"https:\/\/vapingnet.de\/#website\",\"url\":\"https:\/\/vapingnet.de\/\",\"name\":\"Vapingnet.de\",\"description\":\"\",\"publisher\":{\"@id\":\"https:\/\/vapingnet.de\/#organization\"},\"potentialAction\":[{\"@type\":\"SearchAction\",\"target\":{\"@type\":\"EntryPoint\",\"urlTemplate\":\"https:\/\/vapingnet.de\/?s={search_term_string}\"},\"query-input\":{\"@type\":\"PropertyValueSpecification\",\"valueRequired\":true,\"valueName\":\"search_term_string\"}}],\"inLanguage\":\"sk-SK\"},{\"@type\":\"Organization\",\"@id\":\"https:\/\/vapingnet.de\/#organization\",\"name\":\"Vapingnet.de\",\"url\":\"https:\/\/vapingnet.de\/\",\"logo\":{\"@type\":\"ImageObject\",\"inLanguage\":\"sk-SK\",\"@id\":\"https:\/\/vapingnet.de\/#\/schema\/logo\/image\/\",\"url\":\"https:\/\/vapingnet.de\/wp-content\/uploads\/2025\/03\/cropped-vapingnet.de_.jpg\",\"contentUrl\":\"https:\/\/vapingnet.de\/wp-content\/uploads\/2025\/03\/cropped-vapingnet.de_.jpg\",\"width\":512,\"height\":512,\"caption\":\"Vapingnet.de\"},\"image\":{\"@id\":\"https:\/\/vapingnet.de\/#\/schema\/logo\/image\/\"},\"sameAs\":[\"https:\/\/www.facebook.com\/vapingnetde\/\"]}]}<\/script>\n<!-- \/ Yoast SEO plugin. -->","yoast_head_json":{"title":"Bang15000 Puffs Peach Mango Sale nicht verpassen | Vapingnet.de","description":"Entdecke Bang15000 Puffs Peach Mango Sale nicht verpassen bei vapingnet.de, \u25ba Gro\u00dfe Auswahl an Geschmacksrichtungen & super g\u00fcnstig!","robots":{"index":"index","follow":"follow","max-snippet":"max-snippet:-1","max-image-preview":"max-image-preview:large","max-video-preview":"max-video-preview:-1"},"canonical":"https:\/\/vapingnet.de\/sk\/vape\/bang15000-puffs-peach-mango-sale-nicht-verpassen\/","og_locale":"sk_SK","og_type":"article","og_title":"Bang15000 Puffs Peach Mango Sale nicht verpassen | Vapingnet.de","og_description":"Entdecke Bang15000 Puffs Peach Mango Sale nicht verpassen bei vapingnet.de, \u25ba Gro\u00dfe Auswahl an Geschmacksrichtungen & super g\u00fcnstig!","og_url":"https:\/\/vapingnet.de\/sk\/vape\/bang15000-puffs-peach-mango-sale-nicht-verpassen\/","og_site_name":"Vapingnet.de","article_publisher":"https:\/\/www.facebook.com\/vapingnetde\/","article_modified_time":"2025-06-19T03:41:31+00:00","og_image":[{"width":900,"height":600,"url":"https:\/\/vapingnet.de\/wp-content\/uploads\/2025\/03\/Peach-Mango-1.png","type":"image\/png"}],"twitter_card":"summary_large_image","twitter_misc":{"Est. reading time":"3 minutes"},"schema":{"@context":"https:\/\/schema.org","@graph":[{"@type":"WebPage","@id":"https:\/\/vapingnet.de\/vape\/bang15000-puffs-peach-mango-sale-nicht-verpassen\/","url":"https:\/\/vapingnet.de\/vape\/bang15000-puffs-peach-mango-sale-nicht-verpassen\/","name":"Bang15000 Puffs Peach Mango Sale nicht verpassen | Vapingnet.de","isPartOf":{"@id":"https:\/\/vapingnet.de\/#website"},"primaryImageOfPage":{"@id":"https:\/\/vapingnet.de\/vape\/bang15000-puffs-peach-mango-sale-nicht-verpassen\/#primaryimage"},"image":{"@id":"https:\/\/vapingnet.de\/vape\/bang15000-puffs-peach-mango-sale-nicht-verpassen\/#primaryimage"},"thumbnailUrl":"https:\/\/vapingnet.de\/wp-content\/uploads\/2025\/03\/Peach-Mango-1.png","datePublished":"2025-03-13T02:30:52+00:00","dateModified":"2025-06-19T03:41:31+00:00","description":"Entdecke Bang15000 Puffs Peach Mango Sale nicht verpassen bei vapingnet.de, \u25ba Gro\u00dfe Auswahl an Geschmacksrichtungen & super g\u00fcnstig!","breadcrumb":{"@id":"https:\/\/vapingnet.de\/vape\/bang15000-puffs-peach-mango-sale-nicht-verpassen\/#breadcrumb"},"inLanguage":"sk-SK","potentialAction":[{"@type":"ReadAction","target":["https:\/\/vapingnet.de\/vape\/bang15000-puffs-peach-mango-sale-nicht-verpassen\/"]}]},{"@type":"ImageObject","inLanguage":"sk-SK","@id":"https:\/\/vapingnet.de\/vape\/bang15000-puffs-peach-mango-sale-nicht-verpassen\/#primaryimage","url":"https:\/\/vapingnet.de\/wp-content\/uploads\/2025\/03\/Peach-Mango-1.png","contentUrl":"https:\/\/vapingnet.de\/wp-content\/uploads\/2025\/03\/Peach-Mango-1.png","width":900,"height":600,"caption":"Peach Mango"},{"@type":"BreadcrumbList","@id":"https:\/\/vapingnet.de\/vape\/bang15000-puffs-peach-mango-sale-nicht-verpassen\/#breadcrumb","itemListElement":[{"@type":"ListItem","position":1,"name":"Home","item":"https:\/\/vapingnet.de\/"},{"@type":"ListItem","position":2,"name":"Shop","item":"https:\/\/vapingnet.de\/vape\/"},{"@type":"ListItem","position":3,"name":"Bang15000 Puffs Peach Mango Sale nicht verpassen"}]},{"@type":"WebSite","@id":"https:\/\/vapingnet.de\/#website","url":"https:\/\/vapingnet.de\/","name":"Vapingnet.de","description":"","publisher":{"@id":"https:\/\/vapingnet.de\/#organization"},"potentialAction":[{"@type":"SearchAction","target":{"@type":"EntryPoint","urlTemplate":"https:\/\/vapingnet.de\/?s={search_term_string}"},"query-input":{"@type":"PropertyValueSpecification","valueRequired":true,"valueName":"search_term_string"}}],"inLanguage":"sk-SK"},{"@type":"Organization","@id":"https:\/\/vapingnet.de\/#organization","name":"Vapingnet.de","url":"https:\/\/vapingnet.de\/","logo":{"@type":"ImageObject","inLanguage":"sk-SK","@id":"https:\/\/vapingnet.de\/#\/schema\/logo\/image\/","url":"https:\/\/vapingnet.de\/wp-content\/uploads\/2025\/03\/cropped-vapingnet.de_.jpg","contentUrl":"https:\/\/vapingnet.de\/wp-content\/uploads\/2025\/03\/cropped-vapingnet.de_.jpg","width":512,"height":512,"caption":"Vapingnet.de"},"image":{"@id":"https:\/\/vapingnet.de\/#\/schema\/logo\/image\/"},"sameAs":["https:\/\/www.facebook.com\/vapingnetde\/"]}]}},"tiered_pricing_type":"fixed","tiered_pricing_fixed_rules":{"10":"7.31","60":"6.58","110":"5.85","200":"5.12"},"tiered_pricing_product_settings":{"layout":"default","base_unit_name":{"singular":null,"plural":null},"default_variation":null},"tiered_pricing_minimum_quantity":null,"tiered_pricing_roles_data":[],"tiered_pricing_percentage_rules":[],"_links":{"self":[{"href":"https:\/\/vapingnet.de\/sk\/wp-json\/wp\/v2\/product\/5189","targetHints":{"allow":["GET"]}}],"collection":[{"href":"https:\/\/vapingnet.de\/sk\/wp-json\/wp\/v2\/product"}],"about":[{"href":"https:\/\/vapingnet.de\/sk\/wp-json\/wp\/v2\/types\/product"}],"version-history":[{"count":3,"href":"https:\/\/vapingnet.de\/sk\/wp-json\/wp\/v2\/product\/5189\/revisions"}],"predecessor-version":[{"id":6915,"href":"https:\/\/vapingnet.de\/sk\/wp-json\/wp\/v2\/product\/5189\/revisions\/6915"}],"wp:featuredmedia":[{"embeddable":true,"href":"https:\/\/vapingnet.de\/sk\/wp-json\/wp\/v2\/media\/5190"}],"wp:attachment":[{"href":"https:\/\/vapingnet.de\/sk\/wp-json\/wp\/v2\/media?parent=5189"}],"wp:term":[{"taxonomy":"brand","embeddable":true,"href":"https:\/\/vapingnet.de\/sk\/wp-json\/wp\/v2\/etheme_brands?post=5189"},{"taxonomy":"product_brand","embeddable":true,"href":"https:\/\/vapingnet.de\/sk\/wp-json\/wp\/v2\/product_brand?post=5189"},{"taxonomy":"product_cat","embeddable":true,"href":"https:\/\/vapingnet.de\/sk\/wp-json\/wp\/v2\/product_cat?post=5189"},{"taxonomy":"product_tag","embeddable":true,"href":"https:\/\/vapingnet.de\/sk\/wp-json\/wp\/v2\/product_tag?post=5189"}],"curies":[{"name":"wp","href":"https:\/\/api.w.org\/{rel}","templated":true}]}}