{"id":5196,"date":"2025-03-13T02:50:38","date_gmt":"2025-03-13T02:50:38","guid":{"rendered":"https:\/\/vapingnet.de\/?post_type=product&#038;p=5196"},"modified":"2025-06-19T03:41:30","modified_gmt":"2025-06-19T03:41:30","slug":"rainbow-sherbet-mehr-bang15000-puffs-zum-top-grosshandelspreis","status":"publish","type":"product","link":"https:\/\/vapingnet.de\/sk\/vape\/rainbow-sherbet-mehr-bang15000-puffs-zum-top-grosshandelspreis\/","title":{"rendered":"Rainbow Sherbet &amp; viac Bang15000 potiahnut\u00ed za ve\u013ekoobchodn\u00fa cenu"},"content":{"rendered":"<div>\n<h2>Bang15000 potiahnut\u00ed opakovane pou\u017eite\u013en\u00fd jednorazov\u00fd pod \u2013 uvo\u013enite nekone\u010dn\u00fd z\u00e1\u017eitok z vapovania!<\/h2>\n<p class=\"break-words\">Vitajte pri Bang15000 potiahnut\u00ed dob\u00edjate\u013enom jednorazovom pod, ktor\u00fd je <a href=\"https:\/\/vapingnet.de\/sk\/k\/einweg-e-zigarette\/\" target=\"_blank\" rel=\"noopener\"><strong>Jednorazov\u00fd vaporiz\u00e9r<\/strong><\/a>, ktor\u00fd dokonale sp\u00e1ja najvy\u0161\u0161ie chu\u0165ov\u00e9 z\u00e1\u017eitky, inovat\u00edvnu technol\u00f3giu a mimoriadnu v\u00fddr\u017e! \u010ci u\u017e ste nad\u0161enec vapovania h\u013eadaj\u00faci \u010dist\u00fd relax, alebo trendsetter, ktor\u00fd si chce vychutna\u0165 najvy\u0161\u0161iu kvalitu kedyko\u013evek a kdeko\u013evek \u2013 tento produkt bude va\u0161ou prvou vo\u013ebou. Po\u010fme spolo\u010dne objavi\u0165 jeho jedine\u010dn\u00e9 v\u00fdhody a za\u017ei\u0165 dvojit\u00fd z\u00e1\u017eitok pre chu\u0165ov\u00e9 poh\u00e1riky a zmysly!<\/p>\n<div id=\"attachment_6913\" style=\"width: 1933px\" class=\"wp-caption aligncenter\"><img fetchpriority=\"high\" decoding=\"async\" aria-describedby=\"caption-attachment-6913\" class=\"size-full wp-image-6913\" src=\"https:\/\/vapingnet.de\/wp-content\/uploads\/2025\/03\/1.jpg\" alt=\"\" width=\"1923\" height=\"1080\" srcset=\"https:\/\/vapingnet.de\/wp-content\/uploads\/2025\/03\/1.jpg 1923w, https:\/\/vapingnet.de\/wp-content\/uploads\/2025\/03\/1-300x168.jpg 300w, https:\/\/vapingnet.de\/wp-content\/uploads\/2025\/03\/1-1024x575.jpg 1024w, https:\/\/vapingnet.de\/wp-content\/uploads\/2025\/03\/1-768x431.jpg 768w, https:\/\/vapingnet.de\/wp-content\/uploads\/2025\/03\/1-1536x863.jpg 1536w, https:\/\/vapingnet.de\/wp-content\/uploads\/2025\/03\/1-600x337.jpg 600w, https:\/\/vapingnet.de\/wp-content\/uploads\/2025\/03\/1-1x1.jpg 1w, https:\/\/vapingnet.de\/wp-content\/uploads\/2025\/03\/1-10x6.jpg 10w\" sizes=\"(max-width: 1923px) 100vw, 1923px\" \/><p id=\"caption-attachment-6913\" class=\"wp-caption-text\">YUV420<\/p><\/div>\n<h4>Hlavn\u00e9 vlastnosti:<\/h4>\n<ul>\n<li>Extr\u00e9mne dlh\u00e1 v\u00fddr\u017e, a\u017e 15 000 potiahnut\u00ed<br \/>\nJednorazov\u00fd pod Bang15000 s p\u00f4sobiv\u00fdm objemom pr\u00e9miov\u00e9ho e-liquidu 23 ml pon\u00faka senz\u00e1ciu a\u017e do 15 000 potiahnut\u00ed! V porovnan\u00ed s be\u017en\u00fdmi jednorazov\u00fdmi vaporiz\u00e9rmi je jeho v\u00fddr\u017e revolu\u010dnou inov\u00e1ciou, ktor\u00e1 v\u00e1m umo\u017en\u00ed plne si vychutna\u0165 intenz\u00edvnu chu\u0165 ka\u017ed\u00e9ho potiahnutia bez \u010dast\u00e9ho v\u00fdmeny zariadenia. E\u0161te lep\u0161ie: integrovan\u00e1 bat\u00e9ria 650 mAh je dob\u00edjate\u013en\u00e1 a r\u00fdchlo sa nab\u00edja cez praktick\u00fd konektor Type-C \u2013 zostanete v\u017edy pripraven\u00ed a budete si m\u00f4c\u0165 vychutna\u0165 bezprobl\u00e9mov\u00e9 vapovanie.<\/li>\n<li>Dul Mesh Coil technol\u00f3gia: jemn\u00e1 chu\u0165, hust\u00fd dym<br \/>\nV\u010faka pokro\u010dilej technol\u00f3gii Dul Mesh 1.1\u03a9 coil neprodukuje len rovnomern\u00e9 zahrievanie e-liquidu, ale aj pln\u0161iu, \u010distej\u0161iu chu\u0165. Ka\u017ed\u00e9 potiahnutie poskytuje hodv\u00e1bne hladk\u00fd pocit pri vdychovan\u00ed, hust\u00fd dym a jasn\u00fa chu\u0165ov\u00fa \u0161trukt\u00faru \u2013 ako prech\u00e1dzka medzi oblakmi. \u010ci ste za\u010diato\u010dn\u00edk alebo sk\u00fasen\u00fd vap\u00e9r, tento pod spln\u00ed va\u0161e najvy\u0161\u0161ie po\u017eiadavky na chu\u0165.<\/li>\n<li>Farebn\u00e9 chute: Rainbow Sherbet \u2013 sladk\u00fd z\u00e1\u017eitok<br \/>\nBang15000 predstavuje l\u00e1kav\u00fa chu\u0165 Rainbow Sherbet, ktor\u00e1 majstrovsky kombinuje svie\u017eos\u0165 ovocia s kr\u00e9movou sladkos\u0165ou sorbetu. Ka\u017ed\u00e9 potiahnutie je ako oslava farieb na jazyku \u2013 sladk\u00e9, mierne kysl\u00e9 a s nezabudnute\u013enou dochu\u0165ou. Okrem toho pon\u00fakame nikot\u00ednov\u00e9 varianty 0 %, 2 %, 3 % a 5 %, aby sme vyhoveli r\u00f4znym potreb\u00e1m pou\u017e\u00edvate\u013eov. Upozor\u0148ujeme: varianty s nikot\u00ednom 0 % a 3 % s\u00fa dostupn\u00e9 len pri ve\u013ek\u00fdch objedn\u00e1vkach \u2013 pre va\u0161e osobn\u00e9 vapovacie z\u00e1\u017eitky!<\/li>\n<li>Bezstarostn\u00e1 chu\u0165: bez cla a \u013eahko dostupn\u00e1<br \/>\nBang15000 presvied\u010da nielen v\u00fdkonom, ale aj neporovnate\u013enou pohodlnos\u0165ou. Ako n\u00e1kladovo efekt\u00edvny jednorazov\u00fd vaporiz\u00e9r je <a href=\"https:\/\/vapingnet.de\/sk\/k\/f\/\" target=\"_blank\" rel=\"noopener\"><strong>bez cla<\/strong><\/a>, tak\u017ee sa nemus\u00edte ob\u00e1va\u0165 \u017eiadnych \u010fal\u0161\u00edch poplatkov. Objednajte priamo cez na\u0161u webov\u00fa str\u00e1nku vapingnet.de a vyu\u017eite jednoduch\u00fd n\u00e1kup a celosvetov\u00e9 doru\u010denie.<\/li>\n<\/ul>\n<h3>Pre\u010do si vybra\u0165 Bang15000?<\/h3>\n<ul class=\"marker:text-secondary\">\n<li class=\"break-words\">Obrovsk\u00fd objem: 23 ml e-liquidu + 15 000 potiahnut\u00ed \u2013 v\u00e1\u0161 spolo\u010dn\u00edk na ka\u017ed\u00fd de\u0148.<\/li>\n<li class=\"break-words\">Dob\u00edjate\u013en\u00fd dizajn: bat\u00e9ria 650 mAh + konektor Type-C, ekologick\u00fd a praktick\u00fd.<\/li>\n<li class=\"break-words\">V\u00fdnimo\u010dn\u00e1 chu\u0165: Dul Mesh Coil technol\u00f3gia pre neporovnate\u013en\u00fd p\u00f4\u017eitok.<\/li>\n<li class=\"break-words\">Rozmanit\u00e1 ponuka: r\u00f4zne nikot\u00ednov\u00e9 varianty pre individu\u00e1lne potreby.<\/li>\n<li class=\"break-words\">Jednoduch\u00fd n\u00e1kup: bez cla priamo k v\u00e1m, bezpe\u010dne cez na\u0161u webov\u00fa str\u00e1nku.<\/li>\n<\/ul>\n<h3>Sta\u0148te sa s\u00fa\u010das\u0165ou Bang15000 Vaping revol\u00facie!<\/h3>\n<p class=\"break-words\">Bang15000 Puffs dob\u00edjate\u013en\u00fd jednorazov\u00fd pod je viac ne\u017e len vaporiz\u00e9r \u2013 je to v\u00e1\u0161 dokonal\u00fd spolo\u010dn\u00edk v ka\u017edodennom \u017eivote. \u010ci u\u017e po n\u00e1ro\u010dnom dni na relax\u00e1ciu alebo pri stretnut\u00ed s priate\u013emi \u2013 v\u017edy v\u00e1m poskytne maxim\u00e1lnu spokojnos\u0165. Nav\u0161t\u00edvte teraz vapingnet.de, zabezpe\u010dte si svoj pr\u00edchu\u0165 Rainbow Sherbet a za\u017eite fascin\u00e1ciu tohto prelomov\u00e9ho majstrovsk\u00e9ho diela v vapovan\u00ed!<\/p>\n<p class=\"break-words\">Bang15000 \u2013 \u0165ah, ktor\u00fd nadchne, p\u00f4\u017eitok bez hran\u00edc!<\/p>\n<\/div>","protected":false},"excerpt":{"rendered":"<p>Bang15000 Puffs Wiederaufladbarer Einweg-Pod \u2013 Entfesseln Sie ein unendliches Vaping-Erlebnis! Willkommen beim Bang15000 Puffs Rechargeable Disposable Pod, einem Einweg-Vape, der ultimative Geschmackserlebnisse, innovative Technologie und&#8230;<\/p>","protected":false},"featured_media":5201,"template":"","meta":[],"etheme_brands":[],"product_brand":[101],"product_cat":[53,49,61],"product_tag":[],"class_list":{"0":"post-5196","1":"product","2":"type-product","3":"status-publish","4":"has-post-thumbnail","6":"product_brand-bang-king-vape","7":"product_cat-vape-15000-zuege","8":"product_cat-einweg-e-zigarette","9":"product_cat-f","11":"first","12":"instock","13":"shipping-taxable","14":"purchasable","15":"product-type-simple"},"yoast_head":"<!-- This site is optimized with the Yoast SEO plugin v26.5 - https:\/\/yoast.com\/wordpress\/plugins\/seo\/ -->\n<title>Rainbow Sherbet &amp; mehr Bang15000 Puffs zum Top-Gro\u00dfhandelspreis | Vapingnet.de<\/title>\n<meta name=\"description\" content=\"Entdecke Rainbow Sherbet &amp; mehr Bang15000 Puffs zum Top-Gro\u00dfhandelspreis bei vapingnet.de, \u25ba Gro\u00dfe Auswahl an Geschmacksrichtungen &amp; super g\u00fcnstig!\" \/>\n<meta name=\"robots\" content=\"index, follow, max-snippet:-1, max-image-preview:large, max-video-preview:-1\" \/>\n<link rel=\"canonical\" href=\"https:\/\/vapingnet.de\/sk\/vape\/rainbow-sherbet-mehr-bang15000-puffs-zum-top-grosshandelspreis\/\" \/>\n<meta property=\"og:locale\" content=\"sk_SK\" \/>\n<meta property=\"og:type\" content=\"article\" \/>\n<meta property=\"og:title\" content=\"Rainbow Sherbet &amp; mehr Bang15000 Puffs zum Top-Gro\u00dfhandelspreis | Vapingnet.de\" \/>\n<meta property=\"og:description\" content=\"Entdecke Rainbow Sherbet &amp; mehr Bang15000 Puffs zum Top-Gro\u00dfhandelspreis bei vapingnet.de, \u25ba Gro\u00dfe Auswahl an Geschmacksrichtungen &amp; super g\u00fcnstig!\" \/>\n<meta property=\"og:url\" content=\"https:\/\/vapingnet.de\/sk\/vape\/rainbow-sherbet-mehr-bang15000-puffs-zum-top-grosshandelspreis\/\" \/>\n<meta property=\"og:site_name\" content=\"Vapingnet.de\" \/>\n<meta property=\"article:publisher\" content=\"https:\/\/www.facebook.com\/vapingnetde\/\" \/>\n<meta property=\"article:modified_time\" content=\"2025-06-19T03:41:30+00:00\" \/>\n<meta property=\"og:image\" content=\"https:\/\/vapingnet.de\/wp-content\/uploads\/2025\/03\/Rainbow-Sherbet.png\" \/>\n\t<meta property=\"og:image:width\" content=\"900\" \/>\n\t<meta property=\"og:image:height\" content=\"600\" \/>\n\t<meta property=\"og:image:type\" content=\"image\/png\" \/>\n<meta name=\"twitter:card\" content=\"summary_large_image\" \/>\n<meta name=\"twitter:label1\" content=\"Est. reading time\" \/>\n\t<meta name=\"twitter:data1\" content=\"4 minutes\" \/>\n<script type=\"application\/ld+json\" class=\"yoast-schema-graph\">{\"@context\":\"https:\/\/schema.org\",\"@graph\":[{\"@type\":\"WebPage\",\"@id\":\"https:\/\/vapingnet.de\/vape\/rainbow-sherbet-mehr-bang15000-puffs-zum-top-grosshandelspreis\/\",\"url\":\"https:\/\/vapingnet.de\/vape\/rainbow-sherbet-mehr-bang15000-puffs-zum-top-grosshandelspreis\/\",\"name\":\"Rainbow Sherbet & mehr Bang15000 Puffs zum Top-Gro\u00dfhandelspreis | Vapingnet.de\",\"isPartOf\":{\"@id\":\"https:\/\/vapingnet.de\/#website\"},\"primaryImageOfPage\":{\"@id\":\"https:\/\/vapingnet.de\/vape\/rainbow-sherbet-mehr-bang15000-puffs-zum-top-grosshandelspreis\/#primaryimage\"},\"image\":{\"@id\":\"https:\/\/vapingnet.de\/vape\/rainbow-sherbet-mehr-bang15000-puffs-zum-top-grosshandelspreis\/#primaryimage\"},\"thumbnailUrl\":\"https:\/\/vapingnet.de\/wp-content\/uploads\/2025\/03\/Rainbow-Sherbet.png\",\"datePublished\":\"2025-03-13T02:50:38+00:00\",\"dateModified\":\"2025-06-19T03:41:30+00:00\",\"description\":\"Entdecke Rainbow Sherbet & mehr Bang15000 Puffs zum Top-Gro\u00dfhandelspreis bei vapingnet.de, \u25ba Gro\u00dfe Auswahl an Geschmacksrichtungen & super g\u00fcnstig!\",\"breadcrumb\":{\"@id\":\"https:\/\/vapingnet.de\/vape\/rainbow-sherbet-mehr-bang15000-puffs-zum-top-grosshandelspreis\/#breadcrumb\"},\"inLanguage\":\"sk-SK\",\"potentialAction\":[{\"@type\":\"ReadAction\",\"target\":[\"https:\/\/vapingnet.de\/vape\/rainbow-sherbet-mehr-bang15000-puffs-zum-top-grosshandelspreis\/\"]}]},{\"@type\":\"ImageObject\",\"inLanguage\":\"sk-SK\",\"@id\":\"https:\/\/vapingnet.de\/vape\/rainbow-sherbet-mehr-bang15000-puffs-zum-top-grosshandelspreis\/#primaryimage\",\"url\":\"https:\/\/vapingnet.de\/wp-content\/uploads\/2025\/03\/Rainbow-Sherbet.png\",\"contentUrl\":\"https:\/\/vapingnet.de\/wp-content\/uploads\/2025\/03\/Rainbow-Sherbet.png\",\"width\":900,\"height\":600,\"caption\":\"Rainbow Sherbet\"},{\"@type\":\"BreadcrumbList\",\"@id\":\"https:\/\/vapingnet.de\/vape\/rainbow-sherbet-mehr-bang15000-puffs-zum-top-grosshandelspreis\/#breadcrumb\",\"itemListElement\":[{\"@type\":\"ListItem\",\"position\":1,\"name\":\"Home\",\"item\":\"https:\/\/vapingnet.de\/\"},{\"@type\":\"ListItem\",\"position\":2,\"name\":\"Shop\",\"item\":\"https:\/\/vapingnet.de\/vape\/\"},{\"@type\":\"ListItem\",\"position\":3,\"name\":\"Rainbow Sherbet &#038; mehr Bang15000 Puffs zum Top-Gro\u00dfhandelspreis\"}]},{\"@type\":\"WebSite\",\"@id\":\"https:\/\/vapingnet.de\/#website\",\"url\":\"https:\/\/vapingnet.de\/\",\"name\":\"Vapingnet.de\",\"description\":\"\",\"publisher\":{\"@id\":\"https:\/\/vapingnet.de\/#organization\"},\"potentialAction\":[{\"@type\":\"SearchAction\",\"target\":{\"@type\":\"EntryPoint\",\"urlTemplate\":\"https:\/\/vapingnet.de\/?s={search_term_string}\"},\"query-input\":{\"@type\":\"PropertyValueSpecification\",\"valueRequired\":true,\"valueName\":\"search_term_string\"}}],\"inLanguage\":\"sk-SK\"},{\"@type\":\"Organization\",\"@id\":\"https:\/\/vapingnet.de\/#organization\",\"name\":\"Vapingnet.de\",\"url\":\"https:\/\/vapingnet.de\/\",\"logo\":{\"@type\":\"ImageObject\",\"inLanguage\":\"sk-SK\",\"@id\":\"https:\/\/vapingnet.de\/#\/schema\/logo\/image\/\",\"url\":\"https:\/\/vapingnet.de\/wp-content\/uploads\/2025\/03\/cropped-vapingnet.de_.jpg\",\"contentUrl\":\"https:\/\/vapingnet.de\/wp-content\/uploads\/2025\/03\/cropped-vapingnet.de_.jpg\",\"width\":512,\"height\":512,\"caption\":\"Vapingnet.de\"},\"image\":{\"@id\":\"https:\/\/vapingnet.de\/#\/schema\/logo\/image\/\"},\"sameAs\":[\"https:\/\/www.facebook.com\/vapingnetde\/\"]}]}<\/script>\n<!-- \/ Yoast SEO plugin. -->","yoast_head_json":{"title":"Rainbow Sherbet & mehr Bang15000 Puffs zum Top-Gro\u00dfhandelspreis | Vapingnet.de","description":"Entdecke Rainbow Sherbet & mehr Bang15000 Puffs zum Top-Gro\u00dfhandelspreis bei vapingnet.de, \u25ba Gro\u00dfe Auswahl an Geschmacksrichtungen & super g\u00fcnstig!","robots":{"index":"index","follow":"follow","max-snippet":"max-snippet:-1","max-image-preview":"max-image-preview:large","max-video-preview":"max-video-preview:-1"},"canonical":"https:\/\/vapingnet.de\/sk\/vape\/rainbow-sherbet-mehr-bang15000-puffs-zum-top-grosshandelspreis\/","og_locale":"sk_SK","og_type":"article","og_title":"Rainbow Sherbet & mehr Bang15000 Puffs zum Top-Gro\u00dfhandelspreis | Vapingnet.de","og_description":"Entdecke Rainbow Sherbet & mehr Bang15000 Puffs zum Top-Gro\u00dfhandelspreis bei vapingnet.de, \u25ba Gro\u00dfe Auswahl an Geschmacksrichtungen & super g\u00fcnstig!","og_url":"https:\/\/vapingnet.de\/sk\/vape\/rainbow-sherbet-mehr-bang15000-puffs-zum-top-grosshandelspreis\/","og_site_name":"Vapingnet.de","article_publisher":"https:\/\/www.facebook.com\/vapingnetde\/","article_modified_time":"2025-06-19T03:41:30+00:00","og_image":[{"width":900,"height":600,"url":"https:\/\/vapingnet.de\/wp-content\/uploads\/2025\/03\/Rainbow-Sherbet.png","type":"image\/png"}],"twitter_card":"summary_large_image","twitter_misc":{"Est. reading time":"4 minutes"},"schema":{"@context":"https:\/\/schema.org","@graph":[{"@type":"WebPage","@id":"https:\/\/vapingnet.de\/vape\/rainbow-sherbet-mehr-bang15000-puffs-zum-top-grosshandelspreis\/","url":"https:\/\/vapingnet.de\/vape\/rainbow-sherbet-mehr-bang15000-puffs-zum-top-grosshandelspreis\/","name":"Rainbow Sherbet & mehr Bang15000 Puffs zum Top-Gro\u00dfhandelspreis | Vapingnet.de","isPartOf":{"@id":"https:\/\/vapingnet.de\/#website"},"primaryImageOfPage":{"@id":"https:\/\/vapingnet.de\/vape\/rainbow-sherbet-mehr-bang15000-puffs-zum-top-grosshandelspreis\/#primaryimage"},"image":{"@id":"https:\/\/vapingnet.de\/vape\/rainbow-sherbet-mehr-bang15000-puffs-zum-top-grosshandelspreis\/#primaryimage"},"thumbnailUrl":"https:\/\/vapingnet.de\/wp-content\/uploads\/2025\/03\/Rainbow-Sherbet.png","datePublished":"2025-03-13T02:50:38+00:00","dateModified":"2025-06-19T03:41:30+00:00","description":"Entdecke Rainbow Sherbet & mehr Bang15000 Puffs zum Top-Gro\u00dfhandelspreis bei vapingnet.de, \u25ba Gro\u00dfe Auswahl an Geschmacksrichtungen & super g\u00fcnstig!","breadcrumb":{"@id":"https:\/\/vapingnet.de\/vape\/rainbow-sherbet-mehr-bang15000-puffs-zum-top-grosshandelspreis\/#breadcrumb"},"inLanguage":"sk-SK","potentialAction":[{"@type":"ReadAction","target":["https:\/\/vapingnet.de\/vape\/rainbow-sherbet-mehr-bang15000-puffs-zum-top-grosshandelspreis\/"]}]},{"@type":"ImageObject","inLanguage":"sk-SK","@id":"https:\/\/vapingnet.de\/vape\/rainbow-sherbet-mehr-bang15000-puffs-zum-top-grosshandelspreis\/#primaryimage","url":"https:\/\/vapingnet.de\/wp-content\/uploads\/2025\/03\/Rainbow-Sherbet.png","contentUrl":"https:\/\/vapingnet.de\/wp-content\/uploads\/2025\/03\/Rainbow-Sherbet.png","width":900,"height":600,"caption":"Rainbow Sherbet"},{"@type":"BreadcrumbList","@id":"https:\/\/vapingnet.de\/vape\/rainbow-sherbet-mehr-bang15000-puffs-zum-top-grosshandelspreis\/#breadcrumb","itemListElement":[{"@type":"ListItem","position":1,"name":"Home","item":"https:\/\/vapingnet.de\/"},{"@type":"ListItem","position":2,"name":"Shop","item":"https:\/\/vapingnet.de\/vape\/"},{"@type":"ListItem","position":3,"name":"Rainbow Sherbet &#038; mehr Bang15000 Puffs zum Top-Gro\u00dfhandelspreis"}]},{"@type":"WebSite","@id":"https:\/\/vapingnet.de\/#website","url":"https:\/\/vapingnet.de\/","name":"Vapingnet.de","description":"","publisher":{"@id":"https:\/\/vapingnet.de\/#organization"},"potentialAction":[{"@type":"SearchAction","target":{"@type":"EntryPoint","urlTemplate":"https:\/\/vapingnet.de\/?s={search_term_string}"},"query-input":{"@type":"PropertyValueSpecification","valueRequired":true,"valueName":"search_term_string"}}],"inLanguage":"sk-SK"},{"@type":"Organization","@id":"https:\/\/vapingnet.de\/#organization","name":"Vapingnet.de","url":"https:\/\/vapingnet.de\/","logo":{"@type":"ImageObject","inLanguage":"sk-SK","@id":"https:\/\/vapingnet.de\/#\/schema\/logo\/image\/","url":"https:\/\/vapingnet.de\/wp-content\/uploads\/2025\/03\/cropped-vapingnet.de_.jpg","contentUrl":"https:\/\/vapingnet.de\/wp-content\/uploads\/2025\/03\/cropped-vapingnet.de_.jpg","width":512,"height":512,"caption":"Vapingnet.de"},"image":{"@id":"https:\/\/vapingnet.de\/#\/schema\/logo\/image\/"},"sameAs":["https:\/\/www.facebook.com\/vapingnetde\/"]}]}},"tiered_pricing_type":"fixed","tiered_pricing_fixed_rules":{"10":"7.31","60":"6.58","110":"5.85","200":"5.12"},"tiered_pricing_product_settings":{"layout":"default","base_unit_name":{"singular":null,"plural":null},"default_variation":null},"tiered_pricing_minimum_quantity":null,"tiered_pricing_roles_data":[],"tiered_pricing_percentage_rules":[],"_links":{"self":[{"href":"https:\/\/vapingnet.de\/sk\/wp-json\/wp\/v2\/product\/5196","targetHints":{"allow":["GET"]}}],"collection":[{"href":"https:\/\/vapingnet.de\/sk\/wp-json\/wp\/v2\/product"}],"about":[{"href":"https:\/\/vapingnet.de\/sk\/wp-json\/wp\/v2\/types\/product"}],"version-history":[{"count":4,"href":"https:\/\/vapingnet.de\/sk\/wp-json\/wp\/v2\/product\/5196\/revisions"}],"predecessor-version":[{"id":6914,"href":"https:\/\/vapingnet.de\/sk\/wp-json\/wp\/v2\/product\/5196\/revisions\/6914"}],"wp:featuredmedia":[{"embeddable":true,"href":"https:\/\/vapingnet.de\/sk\/wp-json\/wp\/v2\/media\/5201"}],"wp:attachment":[{"href":"https:\/\/vapingnet.de\/sk\/wp-json\/wp\/v2\/media?parent=5196"}],"wp:term":[{"taxonomy":"brand","embeddable":true,"href":"https:\/\/vapingnet.de\/sk\/wp-json\/wp\/v2\/etheme_brands?post=5196"},{"taxonomy":"product_brand","embeddable":true,"href":"https:\/\/vapingnet.de\/sk\/wp-json\/wp\/v2\/product_brand?post=5196"},{"taxonomy":"product_cat","embeddable":true,"href":"https:\/\/vapingnet.de\/sk\/wp-json\/wp\/v2\/product_cat?post=5196"},{"taxonomy":"product_tag","embeddable":true,"href":"https:\/\/vapingnet.de\/sk\/wp-json\/wp\/v2\/product_tag?post=5196"}],"curies":[{"name":"wp","href":"https:\/\/api.w.org\/{rel}","templated":true}]}}