{"id":5212,"date":"2025-03-13T05:40:07","date_gmt":"2025-03-13T05:40:07","guid":{"rendered":"https:\/\/vapingnet.de\/?post_type=product&#038;p=5212"},"modified":"2025-06-19T03:41:29","modified_gmt":"2025-06-19T03:41:29","slug":"bang15000-puffs-strawberry-lychee-beste-qualitaet-top-preis","status":"publish","type":"product","link":"https:\/\/vapingnet.de\/sk\/vape\/bang15000-puffs-strawberry-lychee-beste-qualitaet-top-preis\/","title":{"rendered":"Bang15000 Puffs Strawberry Lychee Najlep\u0161ia kvalita, top cena"},"content":{"rendered":"<h2 data-start=\"0\" data-end=\"82\">Bang15000 Puffs Nab\u00edjate\u013en\u00e1 jednorazov\u00e1 e-cigareta s pr\u00edchu\u0165ou jahody a lychee<\/h2>\n<p data-start=\"115\" data-end=\"581\">Bang15000 Puffs Nab\u00edjate\u013en\u00e1 jednorazov\u00e1 e-cigareta sp\u00e1ja dlh\u00fa \u017eivotnos\u0165, prvotriednu chu\u0165 a praktick\u00e9 nab\u00edjacie funkcie v jednom kvalitnom produkte. S \u017eivotnos\u0165ou 15000 potiahnut\u00ed a najnov\u0161ou technol\u00f3giou Dul Mesh Coil zabezpe\u010duje bohat\u00fd par a dokonal\u00fd z\u00e1\u017eitok z chuti. \u010ci u\u017e ste nov\u00e1\u010dik vo svete e-cigariet alebo sk\u00fasen\u00fd vapera, Bang15000 v\u00e1m poskytne nezabudnute\u013en\u00fd z\u00e1\u017eitok.<\/p>\n<h4 data-start=\"588\" data-end=\"609\">Hlavn\u00e9 vlastnosti<\/h4>\n<ul data-start=\"611\" data-end=\"1542\">\n<li data-start=\"611\" data-end=\"789\">15000 potiahnut\u00ed \u2013 Ultra dlh\u00e9 pou\u017e\u00edvanie: Ka\u017ed\u00e1 e-cigareta pon\u00faka a\u017e 15000 potiahnut\u00ed, tak\u017ee nemus\u00edte neust\u00e1le meni\u0165 zariadenie a m\u00f4\u017eete si vychutn\u00e1va\u0165 dlh\u00e9 obdobie bez preru\u0161enia.<\/li>\n<li data-start=\"790\" data-end=\"956\">Dul Mesh Coil technol\u00f3gia: S 1,1\u03a9 Dul Mesh Coil je zabezpe\u010den\u00e9 rovnomern\u00e9 zahrievanie, ktor\u00e9 prin\u00e1\u0161a intenz\u00edvny par a pln\u00fa chu\u0165.<\/li>\n<li data-start=\"957\" data-end=\"1144\">Nab\u00edjate\u013en\u00fd dizajn: Bang15000 je vybaven\u00e1 bat\u00e9riou s kapacitou 650mAh, ktor\u00fa je mo\u017en\u00e9 r\u00fdchlo nabi\u0165 cez Type-C port, aby ste boli v\u017edy pripraven\u00ed na pou\u017eitie.<\/li>\n<li data-start=\"1145\" data-end=\"1331\">Pr\u00edchu\u0165 jahody a lychee: Sladk\u00e1 chu\u0165 jahody v kombin\u00e1cii s osvie\u017euj\u00facim lychee poskytuje tropick\u00fd z\u00e1\u017eitok z chuti, ktor\u00fd si m\u00f4\u017eete vychutna\u0165 pri ka\u017edom potiahnut\u00ed.<\/li>\n<li data-start=\"1332\" data-end=\"1542\">R\u00f4zne \u00farovne nikot\u00ednu: Vyberte si medzi \u00farov\u0148ami nikot\u00ednu 0%, 2%, 3% alebo 5%, aby ste na\u0161li dokonal\u00fd z\u00e1\u017eitok z vapovania. Upozor\u0148ujeme, \u017ee 0% a 3% nikot\u00edn s\u00fa dostupn\u00e9 iba pri v\u00e4\u010d\u0161\u00edch objedn\u00e1vkach.<\/li>\n<\/ul>\n<h4 data-start=\"1549\" data-end=\"1571\">Detaily produktu<\/h4>\n<ul data-start=\"1573\" data-end=\"1943\">\n<li data-start=\"1573\" data-end=\"1638\">Model: Bang15000 Puffs Nab\u00edjate\u013en\u00e1 <a href=\"https:\/\/vapingnet.de\/sk\/k\/einweg-e-zigarette\/\" target=\"_blank\" rel=\"noopener\"><strong>Jednorazov\u00e1 elektronick\u00e1 cigareta<\/strong><\/a><\/li>\n<li data-start=\"1639\" data-end=\"1669\">Kapacita e-liquidu: 23ml<\/li>\n<li data-start=\"1670\" data-end=\"1747\">\u00darove\u0148 nikot\u00ednu: 0%, 2%, 3%, 5% (0% a 3% vy\u017eaduj\u00fa ve\u013ek\u00fa objedn\u00e1vku)<\/li>\n<li data-start=\"1748\" data-end=\"1797\">Kapacita bat\u00e9rie: 650mAh (dob\u00edjate\u013en\u00e1)<\/li>\n<li data-start=\"1798\" data-end=\"1824\">Typ pripojenia: Type-C<\/li>\n<li data-start=\"1825\" data-end=\"1847\">\u0164ahy: 15000 \u0165ahov<\/li>\n<li data-start=\"1848\" data-end=\"1879\">Pr\u00edchu\u0165: Jahoda a lychee<\/li>\n<li data-start=\"1880\" data-end=\"1943\">Oblas\u0165 pou\u017eitia: Jednorazov\u00e1 e-cigareta, bez coln\u00fdch poplatkov<\/li>\n<\/ul>\n<h4 data-start=\"1950\" data-end=\"2013\">Pr\u00edchu\u0165 jahody a lychee pre jedine\u010dn\u00fd z\u00e1\u017eitok<\/h4>\n<p data-start=\"2015\" data-end=\"2371\">Bang15000 pon\u00faka jedine\u010dn\u00fa kombin\u00e1ciu chuti jahody a lychee. Sladk\u00e1 jahoda a osvie\u017euj\u00face lychee sa sp\u00e1jaj\u00fa do dokonal\u00e9ho tropick\u00e9ho z\u00e1\u017eitku z chuti, ktor\u00fd si m\u00f4\u017eete vychutna\u0165 pri ka\u017edom potiahnut\u00ed. \u010ci u\u017e h\u013ead\u00e1te svie\u017eu, ovocn\u00fa alternat\u00edvu alebo milujete sladkos\u0165 jahody, tento pr\u00edchu\u0165 v\u00e1s nadchne.<\/p>\n<p>Pre\u010do si vybra\u0165 Bang15000 Puffs?<\/p>\n<ol data-start=\"2433\" data-end=\"3075\">\n<li data-start=\"2433\" data-end=\"2567\">Dlh\u00e1 doba pou\u017e\u00edvania: S a\u017e 15000 potiahnutiami m\u00e1te ove\u013ea dlh\u0161\u00ed z\u00e1\u017eitok z vapovania ako s be\u017en\u00fdmi jednorazov\u00fdmi e-cigaretami.<\/li>\n<li data-start=\"2568\" data-end=\"2701\">Vynikaj\u00faca chu\u0165: \u010cerstv\u00e1 a sladk\u00e1 pr\u00edchu\u0165 jahody a lychee zabezpe\u010duje pr\u00edjemn\u00fd a osvie\u017euj\u00faci z\u00e1\u017eitok z vapovania.<\/li>\n<li data-start=\"2702\" data-end=\"2831\">R\u00fdchle nab\u00edjanie: Bat\u00e9ria s kapacitou 650mAh a port Type-C umo\u017e\u0148uj\u00fa r\u00fdchle nab\u00edjanie a dlh\u0161ie pou\u017e\u00edvanie.<\/li>\n<li data-start=\"2832\" data-end=\"2983\">Rozli\u010dn\u00e9 \u00farovne nikot\u00ednu: Vyberte si medzi r\u00f4znymi \u00farov\u0148ami nikot\u00ednu (0%, 2%, 3%, 5%), aby ste si prisp\u00f4sobili z\u00e1\u017eitok z vapovania pod\u013ea svojich preferenci\u00ed.<\/li>\n<li data-start=\"2984\" data-end=\"3075\"><a href=\"https:\/\/vapingnet.de\/sk\/k\/f\/\" target=\"_blank\" rel=\"noopener\"><strong>\u017diadne clo poplatky<\/strong><\/a>Za\u017eite bezstresov\u00fd n\u00e1kup bez dodato\u010dn\u00fdch coln\u00fdch poplatkov.<\/li>\n<\/ol>\n<h4 data-start=\"3082\" data-end=\"3138\">K\u00fapte teraz a vychutnajte si chu\u0165ov\u00fd z\u00e1\u017eitok<\/h4>\n<p data-start=\"3140\" data-end=\"3444\">Nav\u0161t\u00edvte teraz na\u0161u webov\u00fa str\u00e1nku <a href=\"https:\/\/vapingnet.de\/sk\/\" target=\"_new\" rel=\"noopener\" data-start=\"3170\" data-end=\"3206\">vapingnet.de<\/a> a vyberte si svoju ob\u013e\u00faben\u00fa pr\u00edchu\u0165 Strawberry Lychee. Za\u010dnite svoj vapovanie s Bang15000 Puffs a vychutnajte si ka\u017ed\u00fd \u0165ah! \u010ci u\u017e na osobn\u00e9 pou\u017eitie alebo na ve\u013ekoobchodn\u00fa objedn\u00e1vku, Bang15000 Puffs je ide\u00e1lnou vo\u013ebou.<\/p>\n<p data-start=\"3451\" data-end=\"3614\" data-is-last-node=\"\" data-is-only-node=\"\">Bang15000 Puffs \u2013 Dob\u00edjate\u013en\u00e1 jednorazov\u00e1 e-cigareta s pr\u00edchu\u0165ou Strawberry Lychee. Za\u017eite dokonal\u00fd vapovanie s intenz\u00edvnymi a dlhotrvaj\u00facimi \u0165ahmi.<\/p>","protected":false},"excerpt":{"rendered":"<p>Bang15000 Pufov Dob\u00edjate\u013en\u00e1 Jednorazov\u00e1 Elektrick\u00e1 Cigaretka Pr\u00edchu\u0165 Jahoda Lychee Bang15000 Pufov Dob\u00edjate\u013en\u00e1 Jednorazov\u00e1 Elektrick\u00e1 Cigaretka sp\u00e1ja dlh\u00fa v\u00fddr\u017e, prvotriednu chu\u0165 a praktick\u00e9 nab\u00edjacie funkcie v jednom kvalitnom produkte. S...<\/p>","protected":false},"featured_media":5213,"template":"","meta":[],"etheme_brands":[],"product_brand":[101],"product_cat":[53,49,61],"product_tag":[],"class_list":{"0":"post-5212","1":"product","2":"type-product","3":"status-publish","4":"has-post-thumbnail","6":"product_brand-bang-king-vape","7":"product_cat-vape-15000-zuege","8":"product_cat-einweg-e-zigarette","9":"product_cat-f","11":"first","12":"instock","13":"shipping-taxable","14":"purchasable","15":"product-type-simple"},"yoast_head":"<!-- This site is optimized with the Yoast SEO plugin v26.5 - https:\/\/yoast.com\/wordpress\/plugins\/seo\/ -->\n<title>Bang15000 Puffs Strawberry Lychee Beste Qualit\u00e4t Top Preis | Vapingnet.de<\/title>\n<meta name=\"description\" content=\"Entdecke Bang15000 Puffs Strawberry Lychee Beste Qualit\u00e4t Top Preis bei vapingnet.de, \u25ba Gro\u00dfe Auswahl an Geschmacksrichtungen &amp; super g\u00fcnstig!\" \/>\n<meta name=\"robots\" content=\"index, follow, max-snippet:-1, max-image-preview:large, max-video-preview:-1\" \/>\n<link rel=\"canonical\" href=\"https:\/\/vapingnet.de\/sk\/vape\/bang15000-puffs-strawberry-lychee-beste-qualitaet-top-preis\/\" \/>\n<meta property=\"og:locale\" content=\"sk_SK\" \/>\n<meta property=\"og:type\" content=\"article\" \/>\n<meta property=\"og:title\" content=\"Bang15000 Puffs Strawberry Lychee Beste Qualit\u00e4t Top Preis | Vapingnet.de\" \/>\n<meta property=\"og:description\" content=\"Entdecke Bang15000 Puffs Strawberry Lychee Beste Qualit\u00e4t Top Preis bei vapingnet.de, \u25ba Gro\u00dfe Auswahl an Geschmacksrichtungen &amp; super g\u00fcnstig!\" \/>\n<meta property=\"og:url\" content=\"https:\/\/vapingnet.de\/sk\/vape\/bang15000-puffs-strawberry-lychee-beste-qualitaet-top-preis\/\" \/>\n<meta property=\"og:site_name\" content=\"Vapingnet.de\" \/>\n<meta property=\"article:publisher\" content=\"https:\/\/www.facebook.com\/vapingnetde\/\" \/>\n<meta property=\"article:modified_time\" content=\"2025-06-19T03:41:29+00:00\" \/>\n<meta property=\"og:image\" content=\"https:\/\/vapingnet.de\/wp-content\/uploads\/2025\/03\/Strawberry-Lychee.png\" \/>\n\t<meta property=\"og:image:width\" content=\"900\" \/>\n\t<meta property=\"og:image:height\" content=\"600\" \/>\n\t<meta property=\"og:image:type\" content=\"image\/png\" \/>\n<meta name=\"twitter:card\" content=\"summary_large_image\" \/>\n<meta name=\"twitter:label1\" content=\"Est. reading time\" \/>\n\t<meta name=\"twitter:data1\" content=\"3 minutes\" \/>\n<script type=\"application\/ld+json\" class=\"yoast-schema-graph\">{\"@context\":\"https:\/\/schema.org\",\"@graph\":[{\"@type\":\"WebPage\",\"@id\":\"https:\/\/vapingnet.de\/vape\/bang15000-puffs-strawberry-lychee-beste-qualitaet-top-preis\/\",\"url\":\"https:\/\/vapingnet.de\/vape\/bang15000-puffs-strawberry-lychee-beste-qualitaet-top-preis\/\",\"name\":\"Bang15000 Puffs Strawberry Lychee Beste Qualit\u00e4t Top Preis | Vapingnet.de\",\"isPartOf\":{\"@id\":\"https:\/\/vapingnet.de\/#website\"},\"primaryImageOfPage\":{\"@id\":\"https:\/\/vapingnet.de\/vape\/bang15000-puffs-strawberry-lychee-beste-qualitaet-top-preis\/#primaryimage\"},\"image\":{\"@id\":\"https:\/\/vapingnet.de\/vape\/bang15000-puffs-strawberry-lychee-beste-qualitaet-top-preis\/#primaryimage\"},\"thumbnailUrl\":\"https:\/\/vapingnet.de\/wp-content\/uploads\/2025\/03\/Strawberry-Lychee.png\",\"datePublished\":\"2025-03-13T05:40:07+00:00\",\"dateModified\":\"2025-06-19T03:41:29+00:00\",\"description\":\"Entdecke Bang15000 Puffs Strawberry Lychee Beste Qualit\u00e4t Top Preis bei vapingnet.de, \u25ba Gro\u00dfe Auswahl an Geschmacksrichtungen & super g\u00fcnstig!\",\"breadcrumb\":{\"@id\":\"https:\/\/vapingnet.de\/vape\/bang15000-puffs-strawberry-lychee-beste-qualitaet-top-preis\/#breadcrumb\"},\"inLanguage\":\"sk-SK\",\"potentialAction\":[{\"@type\":\"ReadAction\",\"target\":[\"https:\/\/vapingnet.de\/vape\/bang15000-puffs-strawberry-lychee-beste-qualitaet-top-preis\/\"]}]},{\"@type\":\"ImageObject\",\"inLanguage\":\"sk-SK\",\"@id\":\"https:\/\/vapingnet.de\/vape\/bang15000-puffs-strawberry-lychee-beste-qualitaet-top-preis\/#primaryimage\",\"url\":\"https:\/\/vapingnet.de\/wp-content\/uploads\/2025\/03\/Strawberry-Lychee.png\",\"contentUrl\":\"https:\/\/vapingnet.de\/wp-content\/uploads\/2025\/03\/Strawberry-Lychee.png\",\"width\":900,\"height\":600,\"caption\":\"Strawberry Lychee\"},{\"@type\":\"BreadcrumbList\",\"@id\":\"https:\/\/vapingnet.de\/vape\/bang15000-puffs-strawberry-lychee-beste-qualitaet-top-preis\/#breadcrumb\",\"itemListElement\":[{\"@type\":\"ListItem\",\"position\":1,\"name\":\"Home\",\"item\":\"https:\/\/vapingnet.de\/\"},{\"@type\":\"ListItem\",\"position\":2,\"name\":\"Shop\",\"item\":\"https:\/\/vapingnet.de\/vape\/\"},{\"@type\":\"ListItem\",\"position\":3,\"name\":\"Bang15000 Puffs Strawberry Lychee Beste Qualit\u00e4t Top Preis\"}]},{\"@type\":\"WebSite\",\"@id\":\"https:\/\/vapingnet.de\/#website\",\"url\":\"https:\/\/vapingnet.de\/\",\"name\":\"Vapingnet.de\",\"description\":\"\",\"publisher\":{\"@id\":\"https:\/\/vapingnet.de\/#organization\"},\"potentialAction\":[{\"@type\":\"SearchAction\",\"target\":{\"@type\":\"EntryPoint\",\"urlTemplate\":\"https:\/\/vapingnet.de\/?s={search_term_string}\"},\"query-input\":{\"@type\":\"PropertyValueSpecification\",\"valueRequired\":true,\"valueName\":\"search_term_string\"}}],\"inLanguage\":\"sk-SK\"},{\"@type\":\"Organization\",\"@id\":\"https:\/\/vapingnet.de\/#organization\",\"name\":\"Vapingnet.de\",\"url\":\"https:\/\/vapingnet.de\/\",\"logo\":{\"@type\":\"ImageObject\",\"inLanguage\":\"sk-SK\",\"@id\":\"https:\/\/vapingnet.de\/#\/schema\/logo\/image\/\",\"url\":\"https:\/\/vapingnet.de\/wp-content\/uploads\/2025\/03\/cropped-vapingnet.de_.jpg\",\"contentUrl\":\"https:\/\/vapingnet.de\/wp-content\/uploads\/2025\/03\/cropped-vapingnet.de_.jpg\",\"width\":512,\"height\":512,\"caption\":\"Vapingnet.de\"},\"image\":{\"@id\":\"https:\/\/vapingnet.de\/#\/schema\/logo\/image\/\"},\"sameAs\":[\"https:\/\/www.facebook.com\/vapingnetde\/\"]}]}<\/script>\n<!-- \/ Yoast SEO plugin. -->","yoast_head_json":{"title":"Bang15000 Puffs Strawberry Lychee Beste Qualit\u00e4t Top Preis | Vapingnet.de","description":"Entdecke Bang15000 Puffs Strawberry Lychee Beste Qualit\u00e4t Top Preis bei vapingnet.de, \u25ba Gro\u00dfe Auswahl an Geschmacksrichtungen & super g\u00fcnstig!","robots":{"index":"index","follow":"follow","max-snippet":"max-snippet:-1","max-image-preview":"max-image-preview:large","max-video-preview":"max-video-preview:-1"},"canonical":"https:\/\/vapingnet.de\/sk\/vape\/bang15000-puffs-strawberry-lychee-beste-qualitaet-top-preis\/","og_locale":"sk_SK","og_type":"article","og_title":"Bang15000 Puffs Strawberry Lychee Beste Qualit\u00e4t Top Preis | Vapingnet.de","og_description":"Entdecke Bang15000 Puffs Strawberry Lychee Beste Qualit\u00e4t Top Preis bei vapingnet.de, \u25ba Gro\u00dfe Auswahl an Geschmacksrichtungen & super g\u00fcnstig!","og_url":"https:\/\/vapingnet.de\/sk\/vape\/bang15000-puffs-strawberry-lychee-beste-qualitaet-top-preis\/","og_site_name":"Vapingnet.de","article_publisher":"https:\/\/www.facebook.com\/vapingnetde\/","article_modified_time":"2025-06-19T03:41:29+00:00","og_image":[{"width":900,"height":600,"url":"https:\/\/vapingnet.de\/wp-content\/uploads\/2025\/03\/Strawberry-Lychee.png","type":"image\/png"}],"twitter_card":"summary_large_image","twitter_misc":{"Est. reading time":"3 minutes"},"schema":{"@context":"https:\/\/schema.org","@graph":[{"@type":"WebPage","@id":"https:\/\/vapingnet.de\/vape\/bang15000-puffs-strawberry-lychee-beste-qualitaet-top-preis\/","url":"https:\/\/vapingnet.de\/vape\/bang15000-puffs-strawberry-lychee-beste-qualitaet-top-preis\/","name":"Bang15000 Puffs Strawberry Lychee Beste Qualit\u00e4t Top Preis | Vapingnet.de","isPartOf":{"@id":"https:\/\/vapingnet.de\/#website"},"primaryImageOfPage":{"@id":"https:\/\/vapingnet.de\/vape\/bang15000-puffs-strawberry-lychee-beste-qualitaet-top-preis\/#primaryimage"},"image":{"@id":"https:\/\/vapingnet.de\/vape\/bang15000-puffs-strawberry-lychee-beste-qualitaet-top-preis\/#primaryimage"},"thumbnailUrl":"https:\/\/vapingnet.de\/wp-content\/uploads\/2025\/03\/Strawberry-Lychee.png","datePublished":"2025-03-13T05:40:07+00:00","dateModified":"2025-06-19T03:41:29+00:00","description":"Entdecke Bang15000 Puffs Strawberry Lychee Beste Qualit\u00e4t Top Preis bei vapingnet.de, \u25ba Gro\u00dfe Auswahl an Geschmacksrichtungen & super g\u00fcnstig!","breadcrumb":{"@id":"https:\/\/vapingnet.de\/vape\/bang15000-puffs-strawberry-lychee-beste-qualitaet-top-preis\/#breadcrumb"},"inLanguage":"sk-SK","potentialAction":[{"@type":"ReadAction","target":["https:\/\/vapingnet.de\/vape\/bang15000-puffs-strawberry-lychee-beste-qualitaet-top-preis\/"]}]},{"@type":"ImageObject","inLanguage":"sk-SK","@id":"https:\/\/vapingnet.de\/vape\/bang15000-puffs-strawberry-lychee-beste-qualitaet-top-preis\/#primaryimage","url":"https:\/\/vapingnet.de\/wp-content\/uploads\/2025\/03\/Strawberry-Lychee.png","contentUrl":"https:\/\/vapingnet.de\/wp-content\/uploads\/2025\/03\/Strawberry-Lychee.png","width":900,"height":600,"caption":"Strawberry Lychee"},{"@type":"BreadcrumbList","@id":"https:\/\/vapingnet.de\/vape\/bang15000-puffs-strawberry-lychee-beste-qualitaet-top-preis\/#breadcrumb","itemListElement":[{"@type":"ListItem","position":1,"name":"Home","item":"https:\/\/vapingnet.de\/"},{"@type":"ListItem","position":2,"name":"Shop","item":"https:\/\/vapingnet.de\/vape\/"},{"@type":"ListItem","position":3,"name":"Bang15000 Puffs Strawberry Lychee Beste Qualit\u00e4t Top Preis"}]},{"@type":"WebSite","@id":"https:\/\/vapingnet.de\/#website","url":"https:\/\/vapingnet.de\/","name":"Vapingnet.de","description":"","publisher":{"@id":"https:\/\/vapingnet.de\/#organization"},"potentialAction":[{"@type":"SearchAction","target":{"@type":"EntryPoint","urlTemplate":"https:\/\/vapingnet.de\/?s={search_term_string}"},"query-input":{"@type":"PropertyValueSpecification","valueRequired":true,"valueName":"search_term_string"}}],"inLanguage":"sk-SK"},{"@type":"Organization","@id":"https:\/\/vapingnet.de\/#organization","name":"Vapingnet.de","url":"https:\/\/vapingnet.de\/","logo":{"@type":"ImageObject","inLanguage":"sk-SK","@id":"https:\/\/vapingnet.de\/#\/schema\/logo\/image\/","url":"https:\/\/vapingnet.de\/wp-content\/uploads\/2025\/03\/cropped-vapingnet.de_.jpg","contentUrl":"https:\/\/vapingnet.de\/wp-content\/uploads\/2025\/03\/cropped-vapingnet.de_.jpg","width":512,"height":512,"caption":"Vapingnet.de"},"image":{"@id":"https:\/\/vapingnet.de\/#\/schema\/logo\/image\/"},"sameAs":["https:\/\/www.facebook.com\/vapingnetde\/"]}]}},"tiered_pricing_type":"fixed","tiered_pricing_fixed_rules":{"10":"7.31","60":"6.58","110":"5.85","200":"5.12"},"tiered_pricing_product_settings":{"layout":"default","base_unit_name":{"singular":null,"plural":null},"default_variation":null},"tiered_pricing_minimum_quantity":null,"tiered_pricing_roles_data":[],"tiered_pricing_percentage_rules":[],"_links":{"self":[{"href":"https:\/\/vapingnet.de\/sk\/wp-json\/wp\/v2\/product\/5212","targetHints":{"allow":["GET"]}}],"collection":[{"href":"https:\/\/vapingnet.de\/sk\/wp-json\/wp\/v2\/product"}],"about":[{"href":"https:\/\/vapingnet.de\/sk\/wp-json\/wp\/v2\/types\/product"}],"version-history":[{"count":1,"href":"https:\/\/vapingnet.de\/sk\/wp-json\/wp\/v2\/product\/5212\/revisions"}],"predecessor-version":[{"id":5214,"href":"https:\/\/vapingnet.de\/sk\/wp-json\/wp\/v2\/product\/5212\/revisions\/5214"}],"wp:featuredmedia":[{"embeddable":true,"href":"https:\/\/vapingnet.de\/sk\/wp-json\/wp\/v2\/media\/5213"}],"wp:attachment":[{"href":"https:\/\/vapingnet.de\/sk\/wp-json\/wp\/v2\/media?parent=5212"}],"wp:term":[{"taxonomy":"brand","embeddable":true,"href":"https:\/\/vapingnet.de\/sk\/wp-json\/wp\/v2\/etheme_brands?post=5212"},{"taxonomy":"product_brand","embeddable":true,"href":"https:\/\/vapingnet.de\/sk\/wp-json\/wp\/v2\/product_brand?post=5212"},{"taxonomy":"product_cat","embeddable":true,"href":"https:\/\/vapingnet.de\/sk\/wp-json\/wp\/v2\/product_cat?post=5212"},{"taxonomy":"product_tag","embeddable":true,"href":"https:\/\/vapingnet.de\/sk\/wp-json\/wp\/v2\/product_tag?post=5212"}],"curies":[{"name":"wp","href":"https:\/\/api.w.org\/{rel}","templated":true}]}}