{"id":5215,"date":"2025-03-13T05:46:38","date_gmt":"2025-03-13T05:46:38","guid":{"rendered":"https:\/\/vapingnet.de\/?post_type=product&#038;p=5215"},"modified":"2025-06-19T03:41:28","modified_gmt":"2025-06-19T03:41:28","slug":"bang15000-puffs-strawberry-watermelon-dein-fruchtgenuss-fuer-tage","status":"publish","type":"product","link":"https:\/\/vapingnet.de\/sk\/vape\/bang15000-puffs-strawberry-watermelon-dein-fruchtgenuss-fuer-tage\/","title":{"rendered":"Bang15000 Puffs Jahodovo-mel\u00f3nov\u00e1 va\u0161a ovocn\u00e1 rozko\u0161 na dni"},"content":{"rendered":"<h2 data-start=\"0\" data-end=\"89\">Bang15000 Pufov Dob\u00edjate\u013en\u00e1 Jednorazov\u00e1 E-Cigareta Pr\u00edchu\u0165 Jahoda Mel\u00f3n<\/h2>\n<p data-start=\"91\" data-end=\"513\">Ak h\u013ead\u00e1te e-cigaretu, ktor\u00e1 v\u00e1m poskytne intenz\u00edvnu chu\u0165, dlh\u00fa dobu pou\u017e\u00edvania a pohodln\u00e9 nab\u00edjanie, je Bang15000 Pufov Dob\u00edjate\u013en\u00e1<a href=\"https:\/\/vapingnet.de\/sk\/k\/einweg-e-zigarette\/\" target=\"_blank\" rel=\"noopener\"><strong> Jednorazov\u00e1 elektronick\u00e1 cigareta<\/strong><\/a> dokonalou vo\u013ebou pre v\u00e1s! Pon\u00faka nielen osvie\u017euj\u00facu chu\u0165 Jahoda Mel\u00f3n, ale aj neuverite\u013ene dlh\u00fa dobu pou\u017e\u00edvania, ktor\u00e1 spln\u00ed v\u0161etky va\u0161e po\u017eiadavky na kvalitn\u00fa e-cigaretu.<\/p>\n<h4 data-start=\"520\" data-end=\"547\">Hlavn\u00e9 vlastnosti produktu:<\/h4>\n<ul data-start=\"549\" data-end=\"1551\">\n<li data-start=\"549\" data-end=\"824\">\n<p data-start=\"551\" data-end=\"824\">15000 \u0165ahov pre dlhodob\u00e9 pote\u0161enie<br data-start=\"592\" data-end=\"595\" \/>Ka\u017ed\u00e1 Bang15000 Pufov e-cigareta pon\u00faka a\u017e 15000 \u0165ahov, \u010do eliminuje potrebu \u010dastej v\u00fdmeny zariaden\u00ed. Nemus\u00edte sa ob\u00e1va\u0165, \u017ee bat\u00e9ria r\u00fdchlo vy\u010derp\u00e1 \u2013 u\u017e\u00edvajte si dlh\u00fa parn\u00fa sk\u00fasenos\u0165.<\/p>\n<\/li>\n<li data-start=\"826\" data-end=\"1084\">\n<p data-start=\"828\" data-end=\"1084\">Osvie\u017eaj\u00faca chu\u0165 Jahoda Mel\u00f3n<br data-start=\"877\" data-end=\"880\" \/>Sladk\u00e1 chu\u0165 jah\u00f4d v kombin\u00e1cii s \u010derstvos\u0165ou mel\u00f3nu poskytuje v\u00fdnimo\u010dn\u00fd chu\u0165ov\u00fd z\u00e1\u017eitok. Ka\u017ed\u00fd \u0165ah pripom\u00edna osvie\u017euj\u00face leto, ktor\u00e9 o\u017eiv\u00ed va\u0161e zmysly.<\/p>\n<\/li>\n<li data-start=\"1086\" data-end=\"1350\">\n<p data-start=\"1088\" data-end=\"1350\">Type-C r\u00fdchlonab\u00edjac\u00ed port<br data-start=\"1119\" data-end=\"1122\" \/>S Type-C nab\u00edjac\u00edm portom pre r\u00fdchlej\u0161ie nab\u00edjanie a krat\u0161ie doby nab\u00edjania. Kapacita bat\u00e9rie 650mAh zabezpe\u010duje dlh\u00fa dobu pou\u017e\u00edvania a nab\u00edja sa za nieko\u013eko min\u00fat, aby ste boli v\u017edy pripraven\u00ed na \u010fal\u0161\u00ed \u0165ah.<\/p>\n<\/li>\n<li data-start=\"1352\" data-end=\"1551\">\n<p data-start=\"1354\" data-end=\"1551\">\u017diadne clo poplatky<br data-start=\"1376\" data-end=\"1379\" \/>Pri n\u00e1kupe sa ne\u00fa\u010dtuj\u00fa \u017eiadne dodato\u010dn\u00e9 clo poplatky, tak\u017ee si nemus\u00edte robi\u0165 starosti s skryt\u00fdmi n\u00e1kladmi. V\u00e1\u0161 n\u00e1kup bude doru\u010den\u00fd bez probl\u00e9mov a r\u00fdchlo.<\/p>\n<\/li>\n<\/ul>\n<h4 data-start=\"1558\" data-end=\"1582\">Detaily produktu:<\/h4>\n<ul data-start=\"1584\" data-end=\"1928\">\n<li data-start=\"1584\" data-end=\"1651\">Model: Bang15000 Pufov Dob\u00edjate\u013en\u00e1 Jednorazov\u00e1 E-Cigareta<\/li>\n<li data-start=\"1652\" data-end=\"1692\">Pr\u00edchu\u0165: Jahoda Mel\u00f3n<\/li>\n<li data-start=\"1693\" data-end=\"1772\">Obsah nikot\u00ednu: 0%, 2%, 3%, 5% (0% a 3% vy\u017eaduj\u00fa ve\u013ek\u00e9 objedn\u00e1vky)<\/li>\n<li data-start=\"1773\" data-end=\"1796\">Objem: 23ml<\/li>\n<li data-start=\"1797\" data-end=\"1848\">Kapacita bat\u00e9rie: 650mAh (dob\u00edjate\u013en\u00e1)<\/li>\n<li data-start=\"1849\" data-end=\"1873\">\u0164ahy: 15000 \u0165ahov<\/li>\n<li data-start=\"1874\" data-end=\"1899\">Pripojenie: Type-C<\/li>\n<li data-start=\"1900\" data-end=\"1928\">\u017diadne clo: \u00c1no<\/li>\n<\/ul>\n<h3>Pre\u010do si vybra\u0165 Bang15000 Puffs?<\/h3>\n<ul data-start=\"1974\" data-end=\"2559\">\n<li data-start=\"1974\" data-end=\"2085\">Dlh\u00e1 doba pou\u017e\u00edvania: S 15000 \u0165ahmi sa u\u017e nemus\u00ed\u0161 ob\u00e1va\u0165 \u010dastej v\u00fdmeny.<\/li>\n<li data-start=\"2086\" data-end=\"2212\">Jedine\u010dn\u00e1 chu\u0165: Osvie\u017euj\u00faca chu\u0165 jahodovej vodnej mel\u00f3nu pon\u00faka nezamenite\u013en\u00fd ovocn\u00fd z\u00e1\u017eitok.<\/li>\n<li data-start=\"2213\" data-end=\"2353\">R\u00fdchle nab\u00edjanie: Bat\u00e9ria 650mAh s konektorom Type-C zabezpe\u010duje efekt\u00edvne nab\u00edjanie, aby si mohol r\u00fdchlo op\u00e4\u0165 za\u010da\u0165 faj\u010di\u0165.<\/li>\n<li data-start=\"2354\" data-end=\"2466\">Flexibiln\u00e1 hladina nikot\u00ednu: Vyber si z nikot\u00ednu 0%, 2%, 3% a 5% \u2013 ide\u00e1lne pre r\u00f4zne potreby.<\/li>\n<li data-start=\"2467\" data-end=\"2559\">\u017diadne clo: U\u017e\u00edvaj si bezstarostn\u00fd n\u00e1kup bez dodato\u010dn\u00fdch n\u00e1kladov.<\/li>\n<\/ul>\n<h4 data-start=\"2566\" data-end=\"2632\">Jahodov\u00e1 vodn\u00e1 mel\u00f3n chu\u0165 \u2013 Osve\u017euj\u00faca a ovocn\u00e1<\/h4>\n<p data-start=\"2634\" data-end=\"2883\">Chu\u0165 jahodovej vodnej mel\u00f3nu je dokonalou kombin\u00e1ciou sladkosti jah\u00f4d a svie\u017eosti vodnej mel\u00f3nu \u2013 ide\u00e1lna na leto. Ka\u017ed\u00fd \u0165ah prin\u00e1\u0161a osvie\u017euj\u00faci, ovocn\u00fd p\u00f4\u017eitok, ktor\u00fd \u0165a bude sprev\u00e1dza\u0165 cel\u00fd de\u0148.<\/p>\n<h4 data-start=\"2890\" data-end=\"2911\">Ako nakupova\u0165<\/h4>\n<p data-start=\"2913\" data-end=\"3165\">Nav\u0161t\u00edvte na\u0161u webov\u00fa str\u00e1nku vapingnet.de, aby ste si k\u00fapili Jahodov\u00fa vodn\u00fa mel\u00f3n Bang15000 Puffs e-cigaretu. \u010ci u\u017e na vlastn\u00e9 pou\u017eitie alebo na ve\u013ekoobchod, pon\u00fakame jednoduch\u00fd a pohodln\u00fd n\u00e1kupn\u00fd z\u00e1\u017eitok.<\/p>\n<p data-start=\"3172\" data-end=\"3328\" data-is-last-node=\"\" data-is-only-node=\"\">Bang15000 Puffs \u2013 ide\u00e1lna vo\u013eba pre dlhodob\u00e9 pote\u0161enie a osvie\u017euj\u00facu chu\u0165. Z\u00edskajte svoju Jahodov\u00fa vodn\u00fa mel\u00f3n e-cigaretu a vychutn\u00e1vajte si ka\u017ed\u00fd \u0165ah!<\/p>","protected":false},"excerpt":{"rendered":"<p>Bang15000 Puffs Wiederaufladbare Einweg-E-Zigarette Strawberry Watermelon Geschmack Wenn du auf der Suche nach einer E-Zigarette bist, die dir intensiven Geschmack, lange Nutzungsdauer und eine bequeme&#8230;<\/p>","protected":false},"featured_media":5220,"template":"","meta":[],"etheme_brands":[],"product_brand":[101],"product_cat":[53,49,61],"product_tag":[],"class_list":{"0":"post-5215","1":"product","2":"type-product","3":"status-publish","4":"has-post-thumbnail","6":"product_brand-bang-king-vape","7":"product_cat-vape-15000-zuege","8":"product_cat-einweg-e-zigarette","9":"product_cat-f","11":"first","12":"instock","13":"shipping-taxable","14":"purchasable","15":"product-type-simple"},"yoast_head":"<!-- This site is optimized with the Yoast SEO plugin v26.5 - https:\/\/yoast.com\/wordpress\/plugins\/seo\/ -->\n<title>Bang15000 Puffs Strawberry Watermelon Dein Fruchtgenuss f\u00fcr Tage | Vapingnet.de<\/title>\n<meta name=\"description\" content=\"Entdecke Bang15000 Puffs Strawberry Watermelon Dein Fruchtgenuss f\u00fcr Tage bei vapingnet.de, \u25ba Gro\u00dfe Auswahl an Geschmacksrichtungen &amp; super g\u00fcnstig!\" \/>\n<meta name=\"robots\" content=\"index, follow, max-snippet:-1, max-image-preview:large, max-video-preview:-1\" \/>\n<link rel=\"canonical\" href=\"https:\/\/vapingnet.de\/sk\/vape\/bang15000-puffs-strawberry-watermelon-dein-fruchtgenuss-fuer-tage\/\" \/>\n<meta property=\"og:locale\" content=\"sk_SK\" \/>\n<meta property=\"og:type\" content=\"article\" \/>\n<meta property=\"og:title\" content=\"Bang15000 Puffs Strawberry Watermelon Dein Fruchtgenuss f\u00fcr Tage | Vapingnet.de\" \/>\n<meta property=\"og:description\" content=\"Entdecke Bang15000 Puffs Strawberry Watermelon Dein Fruchtgenuss f\u00fcr Tage bei vapingnet.de, \u25ba Gro\u00dfe Auswahl an Geschmacksrichtungen &amp; super g\u00fcnstig!\" \/>\n<meta property=\"og:url\" content=\"https:\/\/vapingnet.de\/sk\/vape\/bang15000-puffs-strawberry-watermelon-dein-fruchtgenuss-fuer-tage\/\" \/>\n<meta property=\"og:site_name\" content=\"Vapingnet.de\" \/>\n<meta property=\"article:publisher\" content=\"https:\/\/www.facebook.com\/vapingnetde\/\" \/>\n<meta property=\"article:modified_time\" content=\"2025-06-19T03:41:28+00:00\" \/>\n<meta property=\"og:image\" content=\"https:\/\/vapingnet.de\/wp-content\/uploads\/2025\/03\/Strawberry-Watermelon.png\" \/>\n\t<meta property=\"og:image:width\" content=\"900\" \/>\n\t<meta property=\"og:image:height\" content=\"600\" \/>\n\t<meta property=\"og:image:type\" content=\"image\/png\" \/>\n<meta name=\"twitter:card\" content=\"summary_large_image\" \/>\n<meta name=\"twitter:label1\" content=\"Est. reading time\" \/>\n\t<meta name=\"twitter:data1\" content=\"3 minutes\" \/>\n<script type=\"application\/ld+json\" class=\"yoast-schema-graph\">{\"@context\":\"https:\/\/schema.org\",\"@graph\":[{\"@type\":\"WebPage\",\"@id\":\"https:\/\/vapingnet.de\/vape\/bang15000-puffs-strawberry-watermelon-dein-fruchtgenuss-fuer-tage\/\",\"url\":\"https:\/\/vapingnet.de\/vape\/bang15000-puffs-strawberry-watermelon-dein-fruchtgenuss-fuer-tage\/\",\"name\":\"Bang15000 Puffs Strawberry Watermelon Dein Fruchtgenuss f\u00fcr Tage | Vapingnet.de\",\"isPartOf\":{\"@id\":\"https:\/\/vapingnet.de\/#website\"},\"primaryImageOfPage\":{\"@id\":\"https:\/\/vapingnet.de\/vape\/bang15000-puffs-strawberry-watermelon-dein-fruchtgenuss-fuer-tage\/#primaryimage\"},\"image\":{\"@id\":\"https:\/\/vapingnet.de\/vape\/bang15000-puffs-strawberry-watermelon-dein-fruchtgenuss-fuer-tage\/#primaryimage\"},\"thumbnailUrl\":\"https:\/\/vapingnet.de\/wp-content\/uploads\/2025\/03\/Strawberry-Watermelon.png\",\"datePublished\":\"2025-03-13T05:46:38+00:00\",\"dateModified\":\"2025-06-19T03:41:28+00:00\",\"description\":\"Entdecke Bang15000 Puffs Strawberry Watermelon Dein Fruchtgenuss f\u00fcr Tage bei vapingnet.de, \u25ba Gro\u00dfe Auswahl an Geschmacksrichtungen & super g\u00fcnstig!\",\"breadcrumb\":{\"@id\":\"https:\/\/vapingnet.de\/vape\/bang15000-puffs-strawberry-watermelon-dein-fruchtgenuss-fuer-tage\/#breadcrumb\"},\"inLanguage\":\"sk-SK\",\"potentialAction\":[{\"@type\":\"ReadAction\",\"target\":[\"https:\/\/vapingnet.de\/vape\/bang15000-puffs-strawberry-watermelon-dein-fruchtgenuss-fuer-tage\/\"]}]},{\"@type\":\"ImageObject\",\"inLanguage\":\"sk-SK\",\"@id\":\"https:\/\/vapingnet.de\/vape\/bang15000-puffs-strawberry-watermelon-dein-fruchtgenuss-fuer-tage\/#primaryimage\",\"url\":\"https:\/\/vapingnet.de\/wp-content\/uploads\/2025\/03\/Strawberry-Watermelon.png\",\"contentUrl\":\"https:\/\/vapingnet.de\/wp-content\/uploads\/2025\/03\/Strawberry-Watermelon.png\",\"width\":900,\"height\":600,\"caption\":\"Strawberry Watermelon\"},{\"@type\":\"BreadcrumbList\",\"@id\":\"https:\/\/vapingnet.de\/vape\/bang15000-puffs-strawberry-watermelon-dein-fruchtgenuss-fuer-tage\/#breadcrumb\",\"itemListElement\":[{\"@type\":\"ListItem\",\"position\":1,\"name\":\"Home\",\"item\":\"https:\/\/vapingnet.de\/\"},{\"@type\":\"ListItem\",\"position\":2,\"name\":\"Shop\",\"item\":\"https:\/\/vapingnet.de\/vape\/\"},{\"@type\":\"ListItem\",\"position\":3,\"name\":\"Bang15000 Puffs Strawberry Watermelon Dein Fruchtgenuss f\u00fcr Tage\"}]},{\"@type\":\"WebSite\",\"@id\":\"https:\/\/vapingnet.de\/#website\",\"url\":\"https:\/\/vapingnet.de\/\",\"name\":\"Vapingnet.de\",\"description\":\"\",\"publisher\":{\"@id\":\"https:\/\/vapingnet.de\/#organization\"},\"potentialAction\":[{\"@type\":\"SearchAction\",\"target\":{\"@type\":\"EntryPoint\",\"urlTemplate\":\"https:\/\/vapingnet.de\/?s={search_term_string}\"},\"query-input\":{\"@type\":\"PropertyValueSpecification\",\"valueRequired\":true,\"valueName\":\"search_term_string\"}}],\"inLanguage\":\"sk-SK\"},{\"@type\":\"Organization\",\"@id\":\"https:\/\/vapingnet.de\/#organization\",\"name\":\"Vapingnet.de\",\"url\":\"https:\/\/vapingnet.de\/\",\"logo\":{\"@type\":\"ImageObject\",\"inLanguage\":\"sk-SK\",\"@id\":\"https:\/\/vapingnet.de\/#\/schema\/logo\/image\/\",\"url\":\"https:\/\/vapingnet.de\/wp-content\/uploads\/2025\/03\/cropped-vapingnet.de_.jpg\",\"contentUrl\":\"https:\/\/vapingnet.de\/wp-content\/uploads\/2025\/03\/cropped-vapingnet.de_.jpg\",\"width\":512,\"height\":512,\"caption\":\"Vapingnet.de\"},\"image\":{\"@id\":\"https:\/\/vapingnet.de\/#\/schema\/logo\/image\/\"},\"sameAs\":[\"https:\/\/www.facebook.com\/vapingnetde\/\"]}]}<\/script>\n<!-- \/ Yoast SEO plugin. -->","yoast_head_json":{"title":"Bang15000 Puffs Strawberry Watermelon Dein Fruchtgenuss f\u00fcr Tage | Vapingnet.de","description":"Entdecke Bang15000 Puffs Strawberry Watermelon Dein Fruchtgenuss f\u00fcr Tage bei vapingnet.de, \u25ba Gro\u00dfe Auswahl an Geschmacksrichtungen & super g\u00fcnstig!","robots":{"index":"index","follow":"follow","max-snippet":"max-snippet:-1","max-image-preview":"max-image-preview:large","max-video-preview":"max-video-preview:-1"},"canonical":"https:\/\/vapingnet.de\/sk\/vape\/bang15000-puffs-strawberry-watermelon-dein-fruchtgenuss-fuer-tage\/","og_locale":"sk_SK","og_type":"article","og_title":"Bang15000 Puffs Strawberry Watermelon Dein Fruchtgenuss f\u00fcr Tage | Vapingnet.de","og_description":"Entdecke Bang15000 Puffs Strawberry Watermelon Dein Fruchtgenuss f\u00fcr Tage bei vapingnet.de, \u25ba Gro\u00dfe Auswahl an Geschmacksrichtungen & super g\u00fcnstig!","og_url":"https:\/\/vapingnet.de\/sk\/vape\/bang15000-puffs-strawberry-watermelon-dein-fruchtgenuss-fuer-tage\/","og_site_name":"Vapingnet.de","article_publisher":"https:\/\/www.facebook.com\/vapingnetde\/","article_modified_time":"2025-06-19T03:41:28+00:00","og_image":[{"width":900,"height":600,"url":"https:\/\/vapingnet.de\/wp-content\/uploads\/2025\/03\/Strawberry-Watermelon.png","type":"image\/png"}],"twitter_card":"summary_large_image","twitter_misc":{"Est. reading time":"3 minutes"},"schema":{"@context":"https:\/\/schema.org","@graph":[{"@type":"WebPage","@id":"https:\/\/vapingnet.de\/vape\/bang15000-puffs-strawberry-watermelon-dein-fruchtgenuss-fuer-tage\/","url":"https:\/\/vapingnet.de\/vape\/bang15000-puffs-strawberry-watermelon-dein-fruchtgenuss-fuer-tage\/","name":"Bang15000 Puffs Strawberry Watermelon Dein Fruchtgenuss f\u00fcr Tage | Vapingnet.de","isPartOf":{"@id":"https:\/\/vapingnet.de\/#website"},"primaryImageOfPage":{"@id":"https:\/\/vapingnet.de\/vape\/bang15000-puffs-strawberry-watermelon-dein-fruchtgenuss-fuer-tage\/#primaryimage"},"image":{"@id":"https:\/\/vapingnet.de\/vape\/bang15000-puffs-strawberry-watermelon-dein-fruchtgenuss-fuer-tage\/#primaryimage"},"thumbnailUrl":"https:\/\/vapingnet.de\/wp-content\/uploads\/2025\/03\/Strawberry-Watermelon.png","datePublished":"2025-03-13T05:46:38+00:00","dateModified":"2025-06-19T03:41:28+00:00","description":"Entdecke Bang15000 Puffs Strawberry Watermelon Dein Fruchtgenuss f\u00fcr Tage bei vapingnet.de, \u25ba Gro\u00dfe Auswahl an Geschmacksrichtungen & super g\u00fcnstig!","breadcrumb":{"@id":"https:\/\/vapingnet.de\/vape\/bang15000-puffs-strawberry-watermelon-dein-fruchtgenuss-fuer-tage\/#breadcrumb"},"inLanguage":"sk-SK","potentialAction":[{"@type":"ReadAction","target":["https:\/\/vapingnet.de\/vape\/bang15000-puffs-strawberry-watermelon-dein-fruchtgenuss-fuer-tage\/"]}]},{"@type":"ImageObject","inLanguage":"sk-SK","@id":"https:\/\/vapingnet.de\/vape\/bang15000-puffs-strawberry-watermelon-dein-fruchtgenuss-fuer-tage\/#primaryimage","url":"https:\/\/vapingnet.de\/wp-content\/uploads\/2025\/03\/Strawberry-Watermelon.png","contentUrl":"https:\/\/vapingnet.de\/wp-content\/uploads\/2025\/03\/Strawberry-Watermelon.png","width":900,"height":600,"caption":"Strawberry Watermelon"},{"@type":"BreadcrumbList","@id":"https:\/\/vapingnet.de\/vape\/bang15000-puffs-strawberry-watermelon-dein-fruchtgenuss-fuer-tage\/#breadcrumb","itemListElement":[{"@type":"ListItem","position":1,"name":"Home","item":"https:\/\/vapingnet.de\/"},{"@type":"ListItem","position":2,"name":"Shop","item":"https:\/\/vapingnet.de\/vape\/"},{"@type":"ListItem","position":3,"name":"Bang15000 Puffs Strawberry Watermelon Dein Fruchtgenuss f\u00fcr Tage"}]},{"@type":"WebSite","@id":"https:\/\/vapingnet.de\/#website","url":"https:\/\/vapingnet.de\/","name":"Vapingnet.de","description":"","publisher":{"@id":"https:\/\/vapingnet.de\/#organization"},"potentialAction":[{"@type":"SearchAction","target":{"@type":"EntryPoint","urlTemplate":"https:\/\/vapingnet.de\/?s={search_term_string}"},"query-input":{"@type":"PropertyValueSpecification","valueRequired":true,"valueName":"search_term_string"}}],"inLanguage":"sk-SK"},{"@type":"Organization","@id":"https:\/\/vapingnet.de\/#organization","name":"Vapingnet.de","url":"https:\/\/vapingnet.de\/","logo":{"@type":"ImageObject","inLanguage":"sk-SK","@id":"https:\/\/vapingnet.de\/#\/schema\/logo\/image\/","url":"https:\/\/vapingnet.de\/wp-content\/uploads\/2025\/03\/cropped-vapingnet.de_.jpg","contentUrl":"https:\/\/vapingnet.de\/wp-content\/uploads\/2025\/03\/cropped-vapingnet.de_.jpg","width":512,"height":512,"caption":"Vapingnet.de"},"image":{"@id":"https:\/\/vapingnet.de\/#\/schema\/logo\/image\/"},"sameAs":["https:\/\/www.facebook.com\/vapingnetde\/"]}]}},"tiered_pricing_type":"fixed","tiered_pricing_fixed_rules":{"10":"7.31","60":"6.58","110":"5.85","200":"5.12"},"tiered_pricing_product_settings":{"layout":"default","base_unit_name":{"singular":null,"plural":null},"default_variation":null},"tiered_pricing_minimum_quantity":null,"tiered_pricing_roles_data":[],"tiered_pricing_percentage_rules":[],"_links":{"self":[{"href":"https:\/\/vapingnet.de\/sk\/wp-json\/wp\/v2\/product\/5215","targetHints":{"allow":["GET"]}}],"collection":[{"href":"https:\/\/vapingnet.de\/sk\/wp-json\/wp\/v2\/product"}],"about":[{"href":"https:\/\/vapingnet.de\/sk\/wp-json\/wp\/v2\/types\/product"}],"version-history":[{"count":2,"href":"https:\/\/vapingnet.de\/sk\/wp-json\/wp\/v2\/product\/5215\/revisions"}],"predecessor-version":[{"id":5221,"href":"https:\/\/vapingnet.de\/sk\/wp-json\/wp\/v2\/product\/5215\/revisions\/5221"}],"wp:featuredmedia":[{"embeddable":true,"href":"https:\/\/vapingnet.de\/sk\/wp-json\/wp\/v2\/media\/5220"}],"wp:attachment":[{"href":"https:\/\/vapingnet.de\/sk\/wp-json\/wp\/v2\/media?parent=5215"}],"wp:term":[{"taxonomy":"brand","embeddable":true,"href":"https:\/\/vapingnet.de\/sk\/wp-json\/wp\/v2\/etheme_brands?post=5215"},{"taxonomy":"product_brand","embeddable":true,"href":"https:\/\/vapingnet.de\/sk\/wp-json\/wp\/v2\/product_brand?post=5215"},{"taxonomy":"product_cat","embeddable":true,"href":"https:\/\/vapingnet.de\/sk\/wp-json\/wp\/v2\/product_cat?post=5215"},{"taxonomy":"product_tag","embeddable":true,"href":"https:\/\/vapingnet.de\/sk\/wp-json\/wp\/v2\/product_tag?post=5215"}],"curies":[{"name":"wp","href":"https:\/\/api.w.org\/{rel}","templated":true}]}}