{"id":5218,"date":"2025-03-13T05:52:58","date_gmt":"2025-03-13T05:52:58","guid":{"rendered":"https:\/\/vapingnet.de\/?post_type=product&#038;p=5218"},"modified":"2025-06-19T03:41:28","modified_gmt":"2025-06-19T03:41:28","slug":"bang15000-puffs-pomegranate-preiswert-und-langanhaltend-perfekt-fuer-dich","status":"publish","type":"product","link":"https:\/\/vapingnet.de\/sk\/vape\/bang15000-puffs-pomegranate-preiswert-und-langanhaltend-perfekt-fuer-dich\/","title":{"rendered":"Bang15000 Pufov Gran\u00e1tov\u00e9 jablko, cenovo dostupn\u00e9 a dlhotrvaj\u00face, ide\u00e1lne pre v\u00e1s"},"content":{"rendered":"<h2 data-start=\"0\" data-end=\"79\">Bang15000 Pufov Dob\u00edjate\u013en\u00e1 Jednorazov\u00e1 Elektronick\u00e1 Cigareta<\/h2>\n<p data-start=\"112\" data-end=\"602\">Bang15000 Pufov Dob\u00edjate\u013en\u00e1 Jednorazov\u00e1 Pod je revolu\u010dn\u00fd produkt, ktor\u00fd pon\u00faka a\u017e 15000 \u0165ahov. Vybaven\u00e1 kapacitou 23 ml e-liquidu, mesh cievkou Dul Mesh 1.1\u03a9 a dob\u00edjate\u013enou bat\u00e9riou 650mAh, t\u00e1to elektronick\u00e1 cigareta zaru\u010duje dokonal\u00fd z\u00e1\u017eitok z chuti pri ka\u017edom n\u00e1dychu. Osvie\u017euj\u00faca chu\u0165 gran\u00e1tov\u00e9ho jablka v kombin\u00e1cii s ve\u013ekou kapacitou bat\u00e9rie a liquidu zabezpe\u010duje, \u017ee si m\u00f4\u017eete vychutn\u00e1va\u0165 vapovanie naplno.<\/p>\n<h3>Hlavn\u00e9 vlastnosti<\/h3>\n<ol data-start=\"632\" data-end=\"2233\">\n<li data-start=\"632\" data-end=\"858\">\n<p data-start=\"635\" data-end=\"858\">15000 \u0165ahov pre dlhodob\u00e9 pote\u0161enie<br data-start=\"679\" data-end=\"682\" \/>Ka\u017ed\u00e1 Bang15000 elektronick\u00e1 cigareta pon\u00faka a\u017e <a href=\"https:\/\/vapingnet.de\/sk\/k\/vape-15000-zuege\/\" target=\"_blank\" rel=\"noopener\"><strong>15000 potiahnut\u00ed<\/strong><\/a>, \u010do znamen\u00e1, \u017ee si m\u00f4\u017eete dlhodobo u\u017e\u00edva\u0165 dokonal\u00fd z\u00e1\u017eitok z vapovania bez \u010dast\u00e9ho menenia zariadenia.<\/p>\n<\/li>\n<li data-start=\"860\" data-end=\"1046\">\n<p data-start=\"863\" data-end=\"1046\">Kapacita e-liquidu 23 ml<br data-start=\"890\" data-end=\"893\" \/>V\u010faka ve\u013ekorysej kapacite 23 ml nemus\u00edte ma\u0165 obavy z \u010dast\u00e9ho dop\u013a\u0148ania. Vychutnajte si dlh\u00e9 prest\u00e1vky na vapovanie bez preru\u0161enia.<\/p>\n<\/li>\n<li data-start=\"1048\" data-end=\"1298\">\n<p data-start=\"1051\" data-end=\"1298\">Dob\u00edjate\u013en\u00e1 bat\u00e9ria 650mAh<br data-start=\"1087\" data-end=\"1090\" \/>Vybaven\u00e1 dob\u00edjate\u013enou bat\u00e9riou 650mAh a konektorom Type-C, nab\u00edjanie je r\u00fdchle a jednoduch\u00e9. Tak\u017ee m\u00f4\u017eete svoju elektronick\u00fa cigaretu r\u00fdchlo nabi\u0165 a op\u00e4\u0165 si ju vychutna\u0165.<\/p>\n<\/li>\n<li data-start=\"1300\" data-end=\"1507\">\n<p data-start=\"1303\" data-end=\"1507\">Mesh cievka Dul 1.1\u03a9<br data-start=\"1326\" data-end=\"1329\" \/>Mesh cievka Dul 1.1\u03a9 zabezpe\u010duje rovnomern\u00e9 odparovanie liquidu a poskytuje st\u00e1le hladk\u00fa a aromatick\u00fa paru. Ka\u017ed\u00fd \u0165ah je dokonale vyv\u00e1\u017een\u00fd.<\/p>\n<\/li>\n<li data-start=\"1509\" data-end=\"1766\">\n<p data-start=\"1512\" data-end=\"1766\">Chu\u0165 gran\u00e1tov\u00e9ho jablka<br data-start=\"1537\" data-end=\"1540\" \/>Chu\u0165 gran\u00e1tov\u00e9ho jablka kombinuje osvie\u017euj\u00facu sladkos\u0165 a jemn\u00fa kyslos\u0165 gran\u00e1tov\u00e9ho jablka do intenz\u00edvneho a lahodn\u00e9ho z\u00e1\u017eitku z vapovania. Ka\u017ed\u00fd \u0165ah je ako d\u00fa\u0161ok \u010derstv\u00e9ho, \u0161\u0165avnat\u00e9ho gran\u00e1tov\u00e9ho jablka.<\/p>\n<\/li>\n<li data-start=\"1768\" data-end=\"2022\">\n<p data-start=\"1771\" data-end=\"2022\">R\u00f4zne nikot\u00ednov\u00e9 koncentr\u00e1cie<br data-start=\"1802\" data-end=\"1805\" \/>Bang15000 je dostupn\u00e1 v nikot\u00ednov\u00fdch koncentr\u00e1ci\u00e1ch 0%, 2%, 3% a 5%, tak\u017ee si m\u00f4\u017eete vybra\u0165 nikot\u00edn pod\u013ea svojich preferenci\u00ed. Nikot\u00edn 0% a 3% s\u00fa dostupn\u00e9 len pri ve\u013ekoobjemov\u00fdch objedn\u00e1vkach.<\/p>\n<\/li>\n<li data-start=\"2024\" data-end=\"2233\">\n<p data-start=\"2027\" data-end=\"2233\">Bezcoln\u00e9 a pohodln\u00e9 nakupovanie<br data-start=\"2060\" data-end=\"2063\" \/>Pri k\u00fape Bang15000 si u\u017e\u00edvate bezcoln\u00fa dod\u00e1vku, tak\u017ee sa nemus\u00edte ob\u00e1va\u0165 dodato\u010dn\u00fdch poplatkov. N\u00e1kup je tak e\u0161te pr\u00edjemnej\u0161\u00ed.<\/p>\n<\/li>\n<\/ol>\n<h4 data-start=\"2240\" data-end=\"2264\">Pre koho je vhodn\u00e1<\/h4>\n<ul data-start=\"2266\" data-end=\"2742\">\n<li data-start=\"2266\" data-end=\"2505\">\n<p data-start=\"2268\" data-end=\"2505\">Pre individu\u00e1lnych pou\u017e\u00edvate\u013eov: Ak ste milovn\u00edkom elektronick\u00fdch cigariet, Bang15000 je pre v\u00e1s ide\u00e1lnym spolo\u010dn\u00edkom. S jej dlhou \u017eivotnos\u0165ou a lahodnou chu\u0165ou gran\u00e1tov\u00e9ho jablka si m\u00f4\u017eete vychutn\u00e1va\u0165 vapovanie naplno.<\/p>\n<\/li>\n<li data-start=\"2507\" data-end=\"2742\">\n<p data-start=\"2509\" data-end=\"2742\">Pre ve\u013ekoobchodn\u00edkov: Bang15000 je tie\u017e ide\u00e1lnou vo\u013ebou pre ve\u013ekoobchodn\u00edkov. S ve\u013ekou kapacitou e-liquidu a bezcolnou dod\u00e1vkou je ide\u00e1lna pre ve\u013ekoobchod a pon\u00faka v\u00e1m vynikaj\u00faci pomer cena\/v\u00fdkon.<\/p>\n<\/li>\n<\/ul>\n<h4 data-start=\"2749\" data-end=\"2773\">Ako to k\u00fapi\u0165<\/h4>\n<p data-start=\"2775\" data-end=\"3017\">Nav\u0161t\u00edvte teraz na\u0161u webov\u00fa str\u00e1nku <a href=\"https:\/\/vapingnet.de\/sk\/\" target=\"_new\" rel=\"noopener\" data-start=\"2809\" data-end=\"2845\">vapingnet.de<\/a>, vyberte si svoj ob\u013e\u00faben\u00fd chu\u0165 a \u00farove\u0148 nikot\u00ednu a k\u00fapte si znovu dob\u00edjate\u013en\u00fa jednorazov\u00fa e-cigaretu Bang15000 Puffs. Za\u017eite ultim\u00e1tny z\u00e1\u017eitok z vapovania!<\/p>\n<p data-start=\"3019\" data-end=\"3100\" data-is-last-node=\"\" data-is-only-node=\"\">U\u017eite si ka\u017ed\u00fd \u0165ah s \u010derstvou a intenz\u00edvnou chu\u0165ou gran\u00e1tov\u00e9ho jablka!<\/p>","protected":false},"excerpt":{"rendered":"<p>Bang15000 Puffs Wiederaufladbare Einweg-E-Zigarette Die Bang15000 Puffs Rechargeable Disposable Pod ist ein revolution\u00e4res Produkt, das bis zu 15000 Z\u00fcge bietet. Ausgestattet mit 23mL E-Liquid-Kapazit\u00e4t, einer&#8230;<\/p>","protected":false},"featured_media":5197,"template":"","meta":[],"etheme_brands":[],"product_brand":[101],"product_cat":[53,49,61],"product_tag":[],"class_list":{"0":"post-5218","1":"product","2":"type-product","3":"status-publish","4":"has-post-thumbnail","6":"product_brand-bang-king-vape","7":"product_cat-vape-15000-zuege","8":"product_cat-einweg-e-zigarette","9":"product_cat-f","11":"first","12":"instock","13":"shipping-taxable","14":"purchasable","15":"product-type-simple"},"yoast_head":"<!-- This site is optimized with the Yoast SEO plugin v26.5 - https:\/\/yoast.com\/wordpress\/plugins\/seo\/ -->\n<title>Bang15000 Puffs Pomegranate Preiswert und langanhaltend perfekt f\u00fcr dich | Vapingnet.de<\/title>\n<meta name=\"description\" content=\"Entdecke Bang15000 Puffs Pomegranate Preiswert und langanhaltend perfekt f\u00fcr dich bei vapingnet.de, \u25ba Gro\u00dfe Auswahl an Geschmacksrichtungen &amp; super g\u00fcnstig!\" \/>\n<meta name=\"robots\" content=\"index, follow, max-snippet:-1, max-image-preview:large, max-video-preview:-1\" \/>\n<link rel=\"canonical\" href=\"https:\/\/vapingnet.de\/sk\/vape\/bang15000-puffs-pomegranate-preiswert-und-langanhaltend-perfekt-fuer-dich\/\" \/>\n<meta property=\"og:locale\" content=\"sk_SK\" \/>\n<meta property=\"og:type\" content=\"article\" \/>\n<meta property=\"og:title\" content=\"Bang15000 Puffs Pomegranate Preiswert und langanhaltend perfekt f\u00fcr dich | Vapingnet.de\" \/>\n<meta property=\"og:description\" content=\"Entdecke Bang15000 Puffs Pomegranate Preiswert und langanhaltend perfekt f\u00fcr dich bei vapingnet.de, \u25ba Gro\u00dfe Auswahl an Geschmacksrichtungen &amp; super g\u00fcnstig!\" \/>\n<meta property=\"og:url\" content=\"https:\/\/vapingnet.de\/sk\/vape\/bang15000-puffs-pomegranate-preiswert-und-langanhaltend-perfekt-fuer-dich\/\" \/>\n<meta property=\"og:site_name\" content=\"Vapingnet.de\" \/>\n<meta property=\"article:publisher\" content=\"https:\/\/www.facebook.com\/vapingnetde\/\" \/>\n<meta property=\"article:modified_time\" content=\"2025-06-19T03:41:28+00:00\" \/>\n<meta property=\"og:image\" content=\"https:\/\/vapingnet.de\/wp-content\/uploads\/2025\/03\/Pomegranate.png\" \/>\n\t<meta property=\"og:image:width\" content=\"900\" \/>\n\t<meta property=\"og:image:height\" content=\"600\" \/>\n\t<meta property=\"og:image:type\" content=\"image\/png\" \/>\n<meta name=\"twitter:card\" content=\"summary_large_image\" \/>\n<meta name=\"twitter:label1\" content=\"Est. reading time\" \/>\n\t<meta name=\"twitter:data1\" content=\"3 minutes\" \/>\n<script type=\"application\/ld+json\" class=\"yoast-schema-graph\">{\"@context\":\"https:\/\/schema.org\",\"@graph\":[{\"@type\":\"WebPage\",\"@id\":\"https:\/\/vapingnet.de\/vape\/bang15000-puffs-pomegranate-preiswert-und-langanhaltend-perfekt-fuer-dich\/\",\"url\":\"https:\/\/vapingnet.de\/vape\/bang15000-puffs-pomegranate-preiswert-und-langanhaltend-perfekt-fuer-dich\/\",\"name\":\"Bang15000 Puffs Pomegranate Preiswert und langanhaltend perfekt f\u00fcr dich | Vapingnet.de\",\"isPartOf\":{\"@id\":\"https:\/\/vapingnet.de\/#website\"},\"primaryImageOfPage\":{\"@id\":\"https:\/\/vapingnet.de\/vape\/bang15000-puffs-pomegranate-preiswert-und-langanhaltend-perfekt-fuer-dich\/#primaryimage\"},\"image\":{\"@id\":\"https:\/\/vapingnet.de\/vape\/bang15000-puffs-pomegranate-preiswert-und-langanhaltend-perfekt-fuer-dich\/#primaryimage\"},\"thumbnailUrl\":\"https:\/\/vapingnet.de\/wp-content\/uploads\/2025\/03\/Pomegranate.png\",\"datePublished\":\"2025-03-13T05:52:58+00:00\",\"dateModified\":\"2025-06-19T03:41:28+00:00\",\"description\":\"Entdecke Bang15000 Puffs Pomegranate Preiswert und langanhaltend perfekt f\u00fcr dich bei vapingnet.de, \u25ba Gro\u00dfe Auswahl an Geschmacksrichtungen & super g\u00fcnstig!\",\"breadcrumb\":{\"@id\":\"https:\/\/vapingnet.de\/vape\/bang15000-puffs-pomegranate-preiswert-und-langanhaltend-perfekt-fuer-dich\/#breadcrumb\"},\"inLanguage\":\"sk-SK\",\"potentialAction\":[{\"@type\":\"ReadAction\",\"target\":[\"https:\/\/vapingnet.de\/vape\/bang15000-puffs-pomegranate-preiswert-und-langanhaltend-perfekt-fuer-dich\/\"]}]},{\"@type\":\"ImageObject\",\"inLanguage\":\"sk-SK\",\"@id\":\"https:\/\/vapingnet.de\/vape\/bang15000-puffs-pomegranate-preiswert-und-langanhaltend-perfekt-fuer-dich\/#primaryimage\",\"url\":\"https:\/\/vapingnet.de\/wp-content\/uploads\/2025\/03\/Pomegranate.png\",\"contentUrl\":\"https:\/\/vapingnet.de\/wp-content\/uploads\/2025\/03\/Pomegranate.png\",\"width\":900,\"height\":600,\"caption\":\"Pomegranate\"},{\"@type\":\"BreadcrumbList\",\"@id\":\"https:\/\/vapingnet.de\/vape\/bang15000-puffs-pomegranate-preiswert-und-langanhaltend-perfekt-fuer-dich\/#breadcrumb\",\"itemListElement\":[{\"@type\":\"ListItem\",\"position\":1,\"name\":\"Home\",\"item\":\"https:\/\/vapingnet.de\/\"},{\"@type\":\"ListItem\",\"position\":2,\"name\":\"Shop\",\"item\":\"https:\/\/vapingnet.de\/vape\/\"},{\"@type\":\"ListItem\",\"position\":3,\"name\":\"Bang15000 Puffs Pomegranate Preiswert und langanhaltend perfekt f\u00fcr dich\"}]},{\"@type\":\"WebSite\",\"@id\":\"https:\/\/vapingnet.de\/#website\",\"url\":\"https:\/\/vapingnet.de\/\",\"name\":\"Vapingnet.de\",\"description\":\"\",\"publisher\":{\"@id\":\"https:\/\/vapingnet.de\/#organization\"},\"potentialAction\":[{\"@type\":\"SearchAction\",\"target\":{\"@type\":\"EntryPoint\",\"urlTemplate\":\"https:\/\/vapingnet.de\/?s={search_term_string}\"},\"query-input\":{\"@type\":\"PropertyValueSpecification\",\"valueRequired\":true,\"valueName\":\"search_term_string\"}}],\"inLanguage\":\"sk-SK\"},{\"@type\":\"Organization\",\"@id\":\"https:\/\/vapingnet.de\/#organization\",\"name\":\"Vapingnet.de\",\"url\":\"https:\/\/vapingnet.de\/\",\"logo\":{\"@type\":\"ImageObject\",\"inLanguage\":\"sk-SK\",\"@id\":\"https:\/\/vapingnet.de\/#\/schema\/logo\/image\/\",\"url\":\"https:\/\/vapingnet.de\/wp-content\/uploads\/2025\/03\/cropped-vapingnet.de_.jpg\",\"contentUrl\":\"https:\/\/vapingnet.de\/wp-content\/uploads\/2025\/03\/cropped-vapingnet.de_.jpg\",\"width\":512,\"height\":512,\"caption\":\"Vapingnet.de\"},\"image\":{\"@id\":\"https:\/\/vapingnet.de\/#\/schema\/logo\/image\/\"},\"sameAs\":[\"https:\/\/www.facebook.com\/vapingnetde\/\"]}]}<\/script>\n<!-- \/ Yoast SEO plugin. -->","yoast_head_json":{"title":"Bang15000 Puffs Pomegranate Preiswert und langanhaltend perfekt f\u00fcr dich | Vapingnet.de","description":"Entdecke Bang15000 Puffs Pomegranate Preiswert und langanhaltend perfekt f\u00fcr dich bei vapingnet.de, \u25ba Gro\u00dfe Auswahl an Geschmacksrichtungen & super g\u00fcnstig!","robots":{"index":"index","follow":"follow","max-snippet":"max-snippet:-1","max-image-preview":"max-image-preview:large","max-video-preview":"max-video-preview:-1"},"canonical":"https:\/\/vapingnet.de\/sk\/vape\/bang15000-puffs-pomegranate-preiswert-und-langanhaltend-perfekt-fuer-dich\/","og_locale":"sk_SK","og_type":"article","og_title":"Bang15000 Puffs Pomegranate Preiswert und langanhaltend perfekt f\u00fcr dich | Vapingnet.de","og_description":"Entdecke Bang15000 Puffs Pomegranate Preiswert und langanhaltend perfekt f\u00fcr dich bei vapingnet.de, \u25ba Gro\u00dfe Auswahl an Geschmacksrichtungen & super g\u00fcnstig!","og_url":"https:\/\/vapingnet.de\/sk\/vape\/bang15000-puffs-pomegranate-preiswert-und-langanhaltend-perfekt-fuer-dich\/","og_site_name":"Vapingnet.de","article_publisher":"https:\/\/www.facebook.com\/vapingnetde\/","article_modified_time":"2025-06-19T03:41:28+00:00","og_image":[{"width":900,"height":600,"url":"https:\/\/vapingnet.de\/wp-content\/uploads\/2025\/03\/Pomegranate.png","type":"image\/png"}],"twitter_card":"summary_large_image","twitter_misc":{"Est. reading time":"3 minutes"},"schema":{"@context":"https:\/\/schema.org","@graph":[{"@type":"WebPage","@id":"https:\/\/vapingnet.de\/vape\/bang15000-puffs-pomegranate-preiswert-und-langanhaltend-perfekt-fuer-dich\/","url":"https:\/\/vapingnet.de\/vape\/bang15000-puffs-pomegranate-preiswert-und-langanhaltend-perfekt-fuer-dich\/","name":"Bang15000 Puffs Pomegranate Preiswert und langanhaltend perfekt f\u00fcr dich | Vapingnet.de","isPartOf":{"@id":"https:\/\/vapingnet.de\/#website"},"primaryImageOfPage":{"@id":"https:\/\/vapingnet.de\/vape\/bang15000-puffs-pomegranate-preiswert-und-langanhaltend-perfekt-fuer-dich\/#primaryimage"},"image":{"@id":"https:\/\/vapingnet.de\/vape\/bang15000-puffs-pomegranate-preiswert-und-langanhaltend-perfekt-fuer-dich\/#primaryimage"},"thumbnailUrl":"https:\/\/vapingnet.de\/wp-content\/uploads\/2025\/03\/Pomegranate.png","datePublished":"2025-03-13T05:52:58+00:00","dateModified":"2025-06-19T03:41:28+00:00","description":"Entdecke Bang15000 Puffs Pomegranate Preiswert und langanhaltend perfekt f\u00fcr dich bei vapingnet.de, \u25ba Gro\u00dfe Auswahl an Geschmacksrichtungen & super g\u00fcnstig!","breadcrumb":{"@id":"https:\/\/vapingnet.de\/vape\/bang15000-puffs-pomegranate-preiswert-und-langanhaltend-perfekt-fuer-dich\/#breadcrumb"},"inLanguage":"sk-SK","potentialAction":[{"@type":"ReadAction","target":["https:\/\/vapingnet.de\/vape\/bang15000-puffs-pomegranate-preiswert-und-langanhaltend-perfekt-fuer-dich\/"]}]},{"@type":"ImageObject","inLanguage":"sk-SK","@id":"https:\/\/vapingnet.de\/vape\/bang15000-puffs-pomegranate-preiswert-und-langanhaltend-perfekt-fuer-dich\/#primaryimage","url":"https:\/\/vapingnet.de\/wp-content\/uploads\/2025\/03\/Pomegranate.png","contentUrl":"https:\/\/vapingnet.de\/wp-content\/uploads\/2025\/03\/Pomegranate.png","width":900,"height":600,"caption":"Pomegranate"},{"@type":"BreadcrumbList","@id":"https:\/\/vapingnet.de\/vape\/bang15000-puffs-pomegranate-preiswert-und-langanhaltend-perfekt-fuer-dich\/#breadcrumb","itemListElement":[{"@type":"ListItem","position":1,"name":"Home","item":"https:\/\/vapingnet.de\/"},{"@type":"ListItem","position":2,"name":"Shop","item":"https:\/\/vapingnet.de\/vape\/"},{"@type":"ListItem","position":3,"name":"Bang15000 Puffs Pomegranate Preiswert und langanhaltend perfekt f\u00fcr dich"}]},{"@type":"WebSite","@id":"https:\/\/vapingnet.de\/#website","url":"https:\/\/vapingnet.de\/","name":"Vapingnet.de","description":"","publisher":{"@id":"https:\/\/vapingnet.de\/#organization"},"potentialAction":[{"@type":"SearchAction","target":{"@type":"EntryPoint","urlTemplate":"https:\/\/vapingnet.de\/?s={search_term_string}"},"query-input":{"@type":"PropertyValueSpecification","valueRequired":true,"valueName":"search_term_string"}}],"inLanguage":"sk-SK"},{"@type":"Organization","@id":"https:\/\/vapingnet.de\/#organization","name":"Vapingnet.de","url":"https:\/\/vapingnet.de\/","logo":{"@type":"ImageObject","inLanguage":"sk-SK","@id":"https:\/\/vapingnet.de\/#\/schema\/logo\/image\/","url":"https:\/\/vapingnet.de\/wp-content\/uploads\/2025\/03\/cropped-vapingnet.de_.jpg","contentUrl":"https:\/\/vapingnet.de\/wp-content\/uploads\/2025\/03\/cropped-vapingnet.de_.jpg","width":512,"height":512,"caption":"Vapingnet.de"},"image":{"@id":"https:\/\/vapingnet.de\/#\/schema\/logo\/image\/"},"sameAs":["https:\/\/www.facebook.com\/vapingnetde\/"]}]}},"tiered_pricing_type":"fixed","tiered_pricing_fixed_rules":{"10":"7.31","60":"6.58","110":"5.85","200":"5.12"},"tiered_pricing_product_settings":{"layout":"default","base_unit_name":{"singular":null,"plural":null},"default_variation":null},"tiered_pricing_minimum_quantity":null,"tiered_pricing_roles_data":[],"tiered_pricing_percentage_rules":[],"_links":{"self":[{"href":"https:\/\/vapingnet.de\/sk\/wp-json\/wp\/v2\/product\/5218","targetHints":{"allow":["GET"]}}],"collection":[{"href":"https:\/\/vapingnet.de\/sk\/wp-json\/wp\/v2\/product"}],"about":[{"href":"https:\/\/vapingnet.de\/sk\/wp-json\/wp\/v2\/types\/product"}],"version-history":[{"count":3,"href":"https:\/\/vapingnet.de\/sk\/wp-json\/wp\/v2\/product\/5218\/revisions"}],"predecessor-version":[{"id":5491,"href":"https:\/\/vapingnet.de\/sk\/wp-json\/wp\/v2\/product\/5218\/revisions\/5491"}],"wp:featuredmedia":[{"embeddable":true,"href":"https:\/\/vapingnet.de\/sk\/wp-json\/wp\/v2\/media\/5197"}],"wp:attachment":[{"href":"https:\/\/vapingnet.de\/sk\/wp-json\/wp\/v2\/media?parent=5218"}],"wp:term":[{"taxonomy":"brand","embeddable":true,"href":"https:\/\/vapingnet.de\/sk\/wp-json\/wp\/v2\/etheme_brands?post=5218"},{"taxonomy":"product_brand","embeddable":true,"href":"https:\/\/vapingnet.de\/sk\/wp-json\/wp\/v2\/product_brand?post=5218"},{"taxonomy":"product_cat","embeddable":true,"href":"https:\/\/vapingnet.de\/sk\/wp-json\/wp\/v2\/product_cat?post=5218"},{"taxonomy":"product_tag","embeddable":true,"href":"https:\/\/vapingnet.de\/sk\/wp-json\/wp\/v2\/product_tag?post=5218"}],"curies":[{"name":"wp","href":"https:\/\/api.w.org\/{rel}","templated":true}]}}