{"id":5222,"date":"2025-03-13T05:59:32","date_gmt":"2025-03-13T05:59:32","guid":{"rendered":"https:\/\/vapingnet.de\/?post_type=product&#038;p=5222"},"modified":"2025-06-19T03:41:27","modified_gmt":"2025-06-19T03:41:27","slug":"bang15000-puffs-triple-berry-ice-fruchtig-und-kuehl-direkt-vom-hersteller","status":"publish","type":"product","link":"https:\/\/vapingnet.de\/sk\/vape\/bang15000-puffs-triple-berry-ice-fruchtig-und-kuehl-direkt-vom-hersteller\/","title":{"rendered":"Bang15000 Pufov Triple Berry Ice, ovocn\u00e9 a chladn\u00e9 priamo od v\u00fdrobcu"},"content":{"rendered":"<h2 data-start=\"0\" data-end=\"94\">Bang15000 Pufov Nab\u00edjate\u013en\u00e1 jednorazov\u00e1 e-cigareta \u2013 Perfektn\u00e1 vo\u013eba, vychutnajte si bez starost\u00ed!<\/h2>\n<p data-start=\"96\" data-end=\"709\">Ak h\u013ead\u00e1te e-cigaretu, ktor\u00e1 pon\u00faka mimoriadne dlh\u00fa \u017eivotnos\u0165 a neporovnate\u013en\u00fd z\u00e1\u017eitok z chuti, potom je <a href=\"https:\/\/vapingnet.de\/sk\/bang-15000-puffs\/\" target=\"_blank\" rel=\"noopener\"><strong>Bang15000 Puffs Nab\u00edjate\u013en\u00fd Jednorazov\u00fd Pod<\/strong><\/a> ide\u00e1lnou vo\u013ebou pre v\u00e1s! T\u00e1to e-cigareta nielen\u017ee podporuje nab\u00edjanie, ale je tie\u017e vybaven\u00e1 pokro\u010dilou Dul Mesh cievkou, ktor\u00e1 zaru\u010duje doteraz nev\u00eddan\u00e9 jemn\u00e9 parenie a bohat\u00fd z\u00e1\u017eitok z chuti. A to najlep\u0161ie: Bang15000 jednorazov\u00e1 e-cigareta je \u00faplne bezclov\u00e1, \u010do ju rob\u00ed ide\u00e1lnou pre osobn\u00e9 pou\u017eitie alebo ve\u013ek\u00e9 objedn\u00e1vky.<\/p>\n<p data-start=\"96\" data-end=\"709\"><img fetchpriority=\"high\" decoding=\"async\" class=\"size-full wp-image-6911 aligncenter\" src=\"https:\/\/vapingnet.de\/wp-content\/uploads\/2025\/03\/2-scaled.jpg\" alt=\"\" width=\"2560\" height=\"1438\" srcset=\"https:\/\/vapingnet.de\/wp-content\/uploads\/2025\/03\/2-scaled.jpg 2560w, https:\/\/vapingnet.de\/wp-content\/uploads\/2025\/03\/2-300x169.jpg 300w, https:\/\/vapingnet.de\/wp-content\/uploads\/2025\/03\/2-1024x575.jpg 1024w, https:\/\/vapingnet.de\/wp-content\/uploads\/2025\/03\/2-768x431.jpg 768w, https:\/\/vapingnet.de\/wp-content\/uploads\/2025\/03\/2-1536x863.jpg 1536w, https:\/\/vapingnet.de\/wp-content\/uploads\/2025\/03\/2-2048x1150.jpg 2048w, https:\/\/vapingnet.de\/wp-content\/uploads\/2025\/03\/2-600x337.jpg 600w, https:\/\/vapingnet.de\/wp-content\/uploads\/2025\/03\/2-1x1.jpg 1w, https:\/\/vapingnet.de\/wp-content\/uploads\/2025\/03\/2-10x6.jpg 10w\" sizes=\"(max-width: 2560px) 100vw, 2560px\" \/><\/p>\n<h4 data-start=\"711\" data-end=\"734\">Produktov\u00e9 vlastnosti<\/h4>\n<p data-start=\"736\" data-end=\"955\">1. 15000 potiahnut\u00ed Pote\u0161enie Bang15000 je navrhnut\u00e1 na jednorazov\u00e9 pou\u017eitie, ale pon\u00faka a\u017e 15000 potiahnut\u00ed, tak\u017ee si m\u00f4\u017eete dlho vychutn\u00e1va\u0165 nepretr\u017eit\u00e9 parenie bez neust\u00e1leho menenia zariadenia.<\/p>\n<p data-start=\"957\" data-end=\"1273\">2. Nab\u00edjate\u013en\u00fd dizajn Je vybaven\u00e1 650mAh nab\u00edjate\u013enou bat\u00e9riou a vyu\u017e\u00edva Type-C port, ktor\u00fd umo\u017e\u0148uje r\u00fdchle nab\u00edjanie a e\u0161te pohodlnej\u0161ie pou\u017e\u00edvanie. Jednoducho nabijte a m\u00f4\u017eete pokra\u010dova\u0165 v paren\u00ed \u2013 \u017eiadne starosti s vybitou bat\u00e9riou!<\/p>\n<p data-start=\"1275\" data-end=\"1556\">3. Dul Mesh cievkov\u00e1 technol\u00f3gia Bang15000 je vybaven\u00e1 Dul Mesh cievkou (1,1\u03a9), ktor\u00e1 zaru\u010duje, \u017ee ka\u017ed\u00fd potiahnutie poskytne dokonal\u00fa chu\u0165 a hust\u00e9, rovnomern\u00e9 tvorenie pary. Za\u017eijete mimoriadne jemn\u00fd a aromatick\u00fd z\u00e1\u017eitok z parenia.<\/p>\n<p data-start=\"1558\" data-end=\"1730\">4. Ve\u013ek\u00e1 kapacita e-liquidov Ka\u017ed\u00e1 Bang15000 obsahuje 23 ml e-liquidu, tak\u017ee m\u00f4\u017eete dlho bez preru\u0161enia parit, bez nutnosti neust\u00e1leho dop\u013a\u0148ania tekutiny.<\/p>\n<p data-start=\"1732\" data-end=\"2042\">5. R\u00f4zne nikot\u00ednov\u00e9 stupne na v\u00fdber \u010ci u\u017e preferujete jemn\u00fd z\u00e1\u017eitok bez nikot\u00ednu alebo si \u017eel\u00e1te trochu viac nikot\u00ednovej \u0161\u0165avy, Bang15000 v\u00e1m pon\u00faka dokonal\u00fd v\u00fdber: 0%, 2%, 3% a 5% nikot\u00ednov\u00fdch stup\u0148ov. Upozor\u0148ujeme, \u017ee nikot\u00ednov\u00e9 stupne 0% a 3% s\u00fa dostupn\u00e9 iba pri ve\u013ek\u00fdch objedn\u00e1vkach.<\/p>\n<p data-start=\"2044\" data-end=\"2432\">6. V\u00fdber pr\u00edchut\u00ed \u2013 Triple Berry Ice Bang15000 pon\u00faka \u0161irok\u00fd v\u00fdber pr\u00edchut\u00ed, vr\u00e1tane ob\u013e\u00fabenej Triple Berry Ice. T\u00e1to kombin\u00e1cia troch r\u00f4znych bob\u00fa\u013e a osvie\u017euj\u00faceho \u013eadov\u00e9ho n\u00e1dychu zabezpe\u010duje jedine\u010dn\u00fd z\u00e1\u017eitok z \u010derstvosti. Ka\u017ed\u00e9 potiahnutie je ako ochutn\u00e1vanie naj\u010derstvej\u0161\u00edch bob\u00fa\u013e, sprev\u00e1dzan\u00e9 pr\u00edjemnou chladivos\u0165ou.<\/p>\n<h3>Bez cla \u2013 Bezstarostn\u00fd n\u00e1kup<\/h3>\n<p data-start=\"2477\" data-end=\"2799\">\u010ci u\u017e si chcete k\u00fapi\u0165 Bang15000 na osobn\u00e9 pou\u017eitie alebo na ve\u013ekoobchod, m\u00f4\u017eete vyu\u017ei\u0165 n\u00e1\u0161 bezcoln\u00fd servis. Pon\u00fakame r\u00fdchle a spo\u013eahliv\u00e9 doru\u010denie, tak\u017ee sa nemus\u00edte stara\u0165 o prepravn\u00e9 probl\u00e9my a m\u00f4\u017eete si jednoducho vychutna\u0165 najlep\u0161iu e-cigaretu.<\/p>\n<h3>K\u00fapte teraz a vychutnajte si bezstarostnos\u0165!<\/h3>\n<p data-start=\"2849\" data-end=\"3184\">Nav\u0161t\u00edvte e\u0161te dnes na\u0161u webov\u00fa str\u00e1nku <a href=\"https:\/\/vapingnet.de\/sk\/\" target=\"_new\" rel=\"noopener\" data-start=\"2883\" data-end=\"2919\">vapingnet.de<\/a>, aby ste si mohli k\u00fapi\u0165 Bang15000 Pufov nab\u00edjate\u013en\u00fa jednorazov\u00fa e-cigaretu. Vyberte si svoju ob\u013e\u00faben\u00fa nikot\u00ednov\u00fa silu a pr\u00edchu\u0165 a vychutnajte si 15000 potiahnut\u00ed \u010dist\u00e9ho p\u00f4\u017eitku! \u010ci u\u017e na ka\u017edodenn\u00e9 pou\u017eitie alebo ve\u013ekoobchodn\u00e9 objedn\u00e1vky, Bang15000 je dokonalou vo\u013ebou.<\/p>\n<p data-start=\"3186\" data-end=\"3296\" data-is-last-node=\"\" data-is-only-node=\"\">Nechajte n\u00e1s v\u00e1s zavies\u0165 do nov\u00e9ho sveta e-cigariet a vychutnajte si ka\u017ed\u00fd potiahnutie v jeho \u010distote a radosti!<\/p>","protected":false},"excerpt":{"rendered":"<p>Bang15000 Puffs Wiederaufladbare Einweg-E-Zigarette \u2013 Perfekte Wahl, Genie\u00dfen ohne Sorgen! Wenn du auf der Suche nach einer E-Zigarette bist, die eine au\u00dfergew\u00f6hnlich lange Lebensdauer und&#8230;<\/p>","protected":false},"featured_media":5223,"template":"","meta":[],"etheme_brands":[],"product_brand":[101],"product_cat":[53,49,61],"product_tag":[],"class_list":{"0":"post-5222","1":"product","2":"type-product","3":"status-publish","4":"has-post-thumbnail","6":"product_brand-bang-king-vape","7":"product_cat-vape-15000-zuege","8":"product_cat-einweg-e-zigarette","9":"product_cat-f","11":"first","12":"instock","13":"shipping-taxable","14":"purchasable","15":"product-type-simple"},"yoast_head":"<!-- This site is optimized with the Yoast SEO plugin v26.5 - https:\/\/yoast.com\/wordpress\/plugins\/seo\/ -->\n<title>Bang15000 Puffs Triple Berry Ice Fruchtig und k\u00fchl direkt vom Hersteller | Vapingnet.de<\/title>\n<meta name=\"description\" content=\"Entdecke Bang15000 Puffs Triple Berry Ice Fruchtig und k\u00fchl direkt vom Hersteller bei vapingnet.de, \u25ba Gro\u00dfe Auswahl an Geschmacksrichtungen &amp; super g\u00fcnstig!\" \/>\n<meta name=\"robots\" content=\"index, follow, max-snippet:-1, max-image-preview:large, max-video-preview:-1\" \/>\n<link rel=\"canonical\" href=\"https:\/\/vapingnet.de\/sk\/vape\/bang15000-puffs-triple-berry-ice-fruchtig-und-kuehl-direkt-vom-hersteller\/\" \/>\n<meta property=\"og:locale\" content=\"sk_SK\" \/>\n<meta property=\"og:type\" content=\"article\" \/>\n<meta property=\"og:title\" content=\"Bang15000 Puffs Triple Berry Ice Fruchtig und k\u00fchl direkt vom Hersteller | Vapingnet.de\" \/>\n<meta property=\"og:description\" content=\"Entdecke Bang15000 Puffs Triple Berry Ice Fruchtig und k\u00fchl direkt vom Hersteller bei vapingnet.de, \u25ba Gro\u00dfe Auswahl an Geschmacksrichtungen &amp; super g\u00fcnstig!\" \/>\n<meta property=\"og:url\" content=\"https:\/\/vapingnet.de\/sk\/vape\/bang15000-puffs-triple-berry-ice-fruchtig-und-kuehl-direkt-vom-hersteller\/\" \/>\n<meta property=\"og:site_name\" content=\"Vapingnet.de\" \/>\n<meta property=\"article:publisher\" content=\"https:\/\/www.facebook.com\/vapingnetde\/\" \/>\n<meta property=\"article:modified_time\" content=\"2025-06-19T03:41:27+00:00\" \/>\n<meta property=\"og:image\" content=\"https:\/\/vapingnet.de\/wp-content\/uploads\/2025\/03\/Triple-Berry-Ice.png\" \/>\n\t<meta property=\"og:image:width\" content=\"900\" \/>\n\t<meta property=\"og:image:height\" content=\"600\" \/>\n\t<meta property=\"og:image:type\" content=\"image\/png\" \/>\n<meta name=\"twitter:card\" content=\"summary_large_image\" \/>\n<meta name=\"twitter:label1\" content=\"Est. reading time\" \/>\n\t<meta name=\"twitter:data1\" content=\"3 minutes\" \/>\n<script type=\"application\/ld+json\" class=\"yoast-schema-graph\">{\"@context\":\"https:\/\/schema.org\",\"@graph\":[{\"@type\":\"WebPage\",\"@id\":\"https:\/\/vapingnet.de\/vape\/bang15000-puffs-triple-berry-ice-fruchtig-und-kuehl-direkt-vom-hersteller\/\",\"url\":\"https:\/\/vapingnet.de\/vape\/bang15000-puffs-triple-berry-ice-fruchtig-und-kuehl-direkt-vom-hersteller\/\",\"name\":\"Bang15000 Puffs Triple Berry Ice Fruchtig und k\u00fchl direkt vom Hersteller | Vapingnet.de\",\"isPartOf\":{\"@id\":\"https:\/\/vapingnet.de\/#website\"},\"primaryImageOfPage\":{\"@id\":\"https:\/\/vapingnet.de\/vape\/bang15000-puffs-triple-berry-ice-fruchtig-und-kuehl-direkt-vom-hersteller\/#primaryimage\"},\"image\":{\"@id\":\"https:\/\/vapingnet.de\/vape\/bang15000-puffs-triple-berry-ice-fruchtig-und-kuehl-direkt-vom-hersteller\/#primaryimage\"},\"thumbnailUrl\":\"https:\/\/vapingnet.de\/wp-content\/uploads\/2025\/03\/Triple-Berry-Ice.png\",\"datePublished\":\"2025-03-13T05:59:32+00:00\",\"dateModified\":\"2025-06-19T03:41:27+00:00\",\"description\":\"Entdecke Bang15000 Puffs Triple Berry Ice Fruchtig und k\u00fchl direkt vom Hersteller bei vapingnet.de, \u25ba Gro\u00dfe Auswahl an Geschmacksrichtungen & super g\u00fcnstig!\",\"breadcrumb\":{\"@id\":\"https:\/\/vapingnet.de\/vape\/bang15000-puffs-triple-berry-ice-fruchtig-und-kuehl-direkt-vom-hersteller\/#breadcrumb\"},\"inLanguage\":\"sk-SK\",\"potentialAction\":[{\"@type\":\"ReadAction\",\"target\":[\"https:\/\/vapingnet.de\/vape\/bang15000-puffs-triple-berry-ice-fruchtig-und-kuehl-direkt-vom-hersteller\/\"]}]},{\"@type\":\"ImageObject\",\"inLanguage\":\"sk-SK\",\"@id\":\"https:\/\/vapingnet.de\/vape\/bang15000-puffs-triple-berry-ice-fruchtig-und-kuehl-direkt-vom-hersteller\/#primaryimage\",\"url\":\"https:\/\/vapingnet.de\/wp-content\/uploads\/2025\/03\/Triple-Berry-Ice.png\",\"contentUrl\":\"https:\/\/vapingnet.de\/wp-content\/uploads\/2025\/03\/Triple-Berry-Ice.png\",\"width\":900,\"height\":600,\"caption\":\"Triple Berry Ice\"},{\"@type\":\"BreadcrumbList\",\"@id\":\"https:\/\/vapingnet.de\/vape\/bang15000-puffs-triple-berry-ice-fruchtig-und-kuehl-direkt-vom-hersteller\/#breadcrumb\",\"itemListElement\":[{\"@type\":\"ListItem\",\"position\":1,\"name\":\"Home\",\"item\":\"https:\/\/vapingnet.de\/\"},{\"@type\":\"ListItem\",\"position\":2,\"name\":\"Shop\",\"item\":\"https:\/\/vapingnet.de\/vape\/\"},{\"@type\":\"ListItem\",\"position\":3,\"name\":\"Bang15000 Puffs Triple Berry Ice Fruchtig und k\u00fchl direkt vom Hersteller\"}]},{\"@type\":\"WebSite\",\"@id\":\"https:\/\/vapingnet.de\/#website\",\"url\":\"https:\/\/vapingnet.de\/\",\"name\":\"Vapingnet.de\",\"description\":\"\",\"publisher\":{\"@id\":\"https:\/\/vapingnet.de\/#organization\"},\"potentialAction\":[{\"@type\":\"SearchAction\",\"target\":{\"@type\":\"EntryPoint\",\"urlTemplate\":\"https:\/\/vapingnet.de\/?s={search_term_string}\"},\"query-input\":{\"@type\":\"PropertyValueSpecification\",\"valueRequired\":true,\"valueName\":\"search_term_string\"}}],\"inLanguage\":\"sk-SK\"},{\"@type\":\"Organization\",\"@id\":\"https:\/\/vapingnet.de\/#organization\",\"name\":\"Vapingnet.de\",\"url\":\"https:\/\/vapingnet.de\/\",\"logo\":{\"@type\":\"ImageObject\",\"inLanguage\":\"sk-SK\",\"@id\":\"https:\/\/vapingnet.de\/#\/schema\/logo\/image\/\",\"url\":\"https:\/\/vapingnet.de\/wp-content\/uploads\/2025\/03\/cropped-vapingnet.de_.jpg\",\"contentUrl\":\"https:\/\/vapingnet.de\/wp-content\/uploads\/2025\/03\/cropped-vapingnet.de_.jpg\",\"width\":512,\"height\":512,\"caption\":\"Vapingnet.de\"},\"image\":{\"@id\":\"https:\/\/vapingnet.de\/#\/schema\/logo\/image\/\"},\"sameAs\":[\"https:\/\/www.facebook.com\/vapingnetde\/\"]}]}<\/script>\n<!-- \/ Yoast SEO plugin. -->","yoast_head_json":{"title":"Bang15000 Puffs Triple Berry Ice Fruchtig und k\u00fchl direkt vom Hersteller | Vapingnet.de","description":"Entdecke Bang15000 Puffs Triple Berry Ice Fruchtig und k\u00fchl direkt vom Hersteller bei vapingnet.de, \u25ba Gro\u00dfe Auswahl an Geschmacksrichtungen & super g\u00fcnstig!","robots":{"index":"index","follow":"follow","max-snippet":"max-snippet:-1","max-image-preview":"max-image-preview:large","max-video-preview":"max-video-preview:-1"},"canonical":"https:\/\/vapingnet.de\/sk\/vape\/bang15000-puffs-triple-berry-ice-fruchtig-und-kuehl-direkt-vom-hersteller\/","og_locale":"sk_SK","og_type":"article","og_title":"Bang15000 Puffs Triple Berry Ice Fruchtig und k\u00fchl direkt vom Hersteller | Vapingnet.de","og_description":"Entdecke Bang15000 Puffs Triple Berry Ice Fruchtig und k\u00fchl direkt vom Hersteller bei vapingnet.de, \u25ba Gro\u00dfe Auswahl an Geschmacksrichtungen & super g\u00fcnstig!","og_url":"https:\/\/vapingnet.de\/sk\/vape\/bang15000-puffs-triple-berry-ice-fruchtig-und-kuehl-direkt-vom-hersteller\/","og_site_name":"Vapingnet.de","article_publisher":"https:\/\/www.facebook.com\/vapingnetde\/","article_modified_time":"2025-06-19T03:41:27+00:00","og_image":[{"width":900,"height":600,"url":"https:\/\/vapingnet.de\/wp-content\/uploads\/2025\/03\/Triple-Berry-Ice.png","type":"image\/png"}],"twitter_card":"summary_large_image","twitter_misc":{"Est. reading time":"3 minutes"},"schema":{"@context":"https:\/\/schema.org","@graph":[{"@type":"WebPage","@id":"https:\/\/vapingnet.de\/vape\/bang15000-puffs-triple-berry-ice-fruchtig-und-kuehl-direkt-vom-hersteller\/","url":"https:\/\/vapingnet.de\/vape\/bang15000-puffs-triple-berry-ice-fruchtig-und-kuehl-direkt-vom-hersteller\/","name":"Bang15000 Puffs Triple Berry Ice Fruchtig und k\u00fchl direkt vom Hersteller | Vapingnet.de","isPartOf":{"@id":"https:\/\/vapingnet.de\/#website"},"primaryImageOfPage":{"@id":"https:\/\/vapingnet.de\/vape\/bang15000-puffs-triple-berry-ice-fruchtig-und-kuehl-direkt-vom-hersteller\/#primaryimage"},"image":{"@id":"https:\/\/vapingnet.de\/vape\/bang15000-puffs-triple-berry-ice-fruchtig-und-kuehl-direkt-vom-hersteller\/#primaryimage"},"thumbnailUrl":"https:\/\/vapingnet.de\/wp-content\/uploads\/2025\/03\/Triple-Berry-Ice.png","datePublished":"2025-03-13T05:59:32+00:00","dateModified":"2025-06-19T03:41:27+00:00","description":"Entdecke Bang15000 Puffs Triple Berry Ice Fruchtig und k\u00fchl direkt vom Hersteller bei vapingnet.de, \u25ba Gro\u00dfe Auswahl an Geschmacksrichtungen & super g\u00fcnstig!","breadcrumb":{"@id":"https:\/\/vapingnet.de\/vape\/bang15000-puffs-triple-berry-ice-fruchtig-und-kuehl-direkt-vom-hersteller\/#breadcrumb"},"inLanguage":"sk-SK","potentialAction":[{"@type":"ReadAction","target":["https:\/\/vapingnet.de\/vape\/bang15000-puffs-triple-berry-ice-fruchtig-und-kuehl-direkt-vom-hersteller\/"]}]},{"@type":"ImageObject","inLanguage":"sk-SK","@id":"https:\/\/vapingnet.de\/vape\/bang15000-puffs-triple-berry-ice-fruchtig-und-kuehl-direkt-vom-hersteller\/#primaryimage","url":"https:\/\/vapingnet.de\/wp-content\/uploads\/2025\/03\/Triple-Berry-Ice.png","contentUrl":"https:\/\/vapingnet.de\/wp-content\/uploads\/2025\/03\/Triple-Berry-Ice.png","width":900,"height":600,"caption":"Triple Berry Ice"},{"@type":"BreadcrumbList","@id":"https:\/\/vapingnet.de\/vape\/bang15000-puffs-triple-berry-ice-fruchtig-und-kuehl-direkt-vom-hersteller\/#breadcrumb","itemListElement":[{"@type":"ListItem","position":1,"name":"Home","item":"https:\/\/vapingnet.de\/"},{"@type":"ListItem","position":2,"name":"Shop","item":"https:\/\/vapingnet.de\/vape\/"},{"@type":"ListItem","position":3,"name":"Bang15000 Puffs Triple Berry Ice Fruchtig und k\u00fchl direkt vom Hersteller"}]},{"@type":"WebSite","@id":"https:\/\/vapingnet.de\/#website","url":"https:\/\/vapingnet.de\/","name":"Vapingnet.de","description":"","publisher":{"@id":"https:\/\/vapingnet.de\/#organization"},"potentialAction":[{"@type":"SearchAction","target":{"@type":"EntryPoint","urlTemplate":"https:\/\/vapingnet.de\/?s={search_term_string}"},"query-input":{"@type":"PropertyValueSpecification","valueRequired":true,"valueName":"search_term_string"}}],"inLanguage":"sk-SK"},{"@type":"Organization","@id":"https:\/\/vapingnet.de\/#organization","name":"Vapingnet.de","url":"https:\/\/vapingnet.de\/","logo":{"@type":"ImageObject","inLanguage":"sk-SK","@id":"https:\/\/vapingnet.de\/#\/schema\/logo\/image\/","url":"https:\/\/vapingnet.de\/wp-content\/uploads\/2025\/03\/cropped-vapingnet.de_.jpg","contentUrl":"https:\/\/vapingnet.de\/wp-content\/uploads\/2025\/03\/cropped-vapingnet.de_.jpg","width":512,"height":512,"caption":"Vapingnet.de"},"image":{"@id":"https:\/\/vapingnet.de\/#\/schema\/logo\/image\/"},"sameAs":["https:\/\/www.facebook.com\/vapingnetde\/"]}]}},"tiered_pricing_type":"fixed","tiered_pricing_fixed_rules":{"10":"7.31","60":"6.58","110":"5.85","200":"5.12"},"tiered_pricing_product_settings":{"layout":"default","base_unit_name":{"singular":null,"plural":null},"default_variation":null},"tiered_pricing_minimum_quantity":null,"tiered_pricing_roles_data":[],"tiered_pricing_percentage_rules":[],"_links":{"self":[{"href":"https:\/\/vapingnet.de\/sk\/wp-json\/wp\/v2\/product\/5222","targetHints":{"allow":["GET"]}}],"collection":[{"href":"https:\/\/vapingnet.de\/sk\/wp-json\/wp\/v2\/product"}],"about":[{"href":"https:\/\/vapingnet.de\/sk\/wp-json\/wp\/v2\/types\/product"}],"version-history":[{"count":2,"href":"https:\/\/vapingnet.de\/sk\/wp-json\/wp\/v2\/product\/5222\/revisions"}],"predecessor-version":[{"id":6912,"href":"https:\/\/vapingnet.de\/sk\/wp-json\/wp\/v2\/product\/5222\/revisions\/6912"}],"wp:featuredmedia":[{"embeddable":true,"href":"https:\/\/vapingnet.de\/sk\/wp-json\/wp\/v2\/media\/5223"}],"wp:attachment":[{"href":"https:\/\/vapingnet.de\/sk\/wp-json\/wp\/v2\/media?parent=5222"}],"wp:term":[{"taxonomy":"brand","embeddable":true,"href":"https:\/\/vapingnet.de\/sk\/wp-json\/wp\/v2\/etheme_brands?post=5222"},{"taxonomy":"product_brand","embeddable":true,"href":"https:\/\/vapingnet.de\/sk\/wp-json\/wp\/v2\/product_brand?post=5222"},{"taxonomy":"product_cat","embeddable":true,"href":"https:\/\/vapingnet.de\/sk\/wp-json\/wp\/v2\/product_cat?post=5222"},{"taxonomy":"product_tag","embeddable":true,"href":"https:\/\/vapingnet.de\/sk\/wp-json\/wp\/v2\/product_tag?post=5222"}],"curies":[{"name":"wp","href":"https:\/\/api.w.org\/{rel}","templated":true}]}}