{"id":5228,"date":"2025-03-13T06:10:14","date_gmt":"2025-03-13T06:10:14","guid":{"rendered":"https:\/\/vapingnet.de\/?post_type=product&#038;p=5228"},"modified":"2025-06-19T03:41:27","modified_gmt":"2025-06-19T03:41:27","slug":"langer-dampfgenuss-mit-watermelon-ice-bang15000-puffs","status":"publish","type":"product","link":"https:\/\/vapingnet.de\/sk\/vape\/langer-dampfgenuss-mit-watermelon-ice-bang15000-puffs\/","title":{"rendered":"Dlh\u00e9 pote\u0161enie z parenia s Watermelon Ice Bang 15000 potiahnut\u00edmi"},"content":{"rendered":"<h2 data-start=\"0\" data-end=\"108\">Bang15000 Puffs Dob\u00edjate\u013en\u00e1 jednorazov\u00e1 e-cigareta \u2013 Watermelon Ice, 15000 \u0165ahov pln\u00fdch p\u00f4\u017eitku<\/h2>\n<p data-start=\"115\" data-end=\"573\">T\u00e1 <a href=\"https:\/\/vapingnet.de\/sk\/bang-15000-puffs\/\" target=\"_blank\" rel=\"noopener\"><strong>Bang15000 Puffs Nab\u00edjate\u013en\u00fd Jednorazov\u00fd Pod<\/strong><\/a> je inovat\u00edvna, dob\u00edjate\u013en\u00e1 jednorazov\u00e1 e-cigareta, ktor\u00e1 pon\u00faka a\u017e 15000 \u0165ahov. Kombinuje pokro\u010dil\u00fa technol\u00f3giu Dul Mesh cievky, 650mAh dob\u00edjate\u013en\u00fa bat\u00e9riu a kapacitu 23mL e-liquidu, aby zabezpe\u010dila neporovnate\u013en\u00fd z\u00e1\u017eitok z vapovania. S chladivou chu\u0165ou vodnej mel\u00f3nu sa ka\u017ed\u00fd \u0165ah st\u00e1va osvie\u017euj\u00facim a pr\u00edjemn\u00fdm z\u00e1\u017eitkom.<\/p>\n<h3 data-start=\"580\" data-end=\"599\">Produktov\u00e9 vlastnosti<\/h3>\n<ul data-start=\"601\" data-end=\"2439\">\n<li data-start=\"601\" data-end=\"869\">\n<p data-start=\"603\" data-end=\"869\">15000 \u0165ahov pre dlhodob\u00fd z\u00e1\u017eitok<br data-start=\"651\" data-end=\"654\" \/>Ka\u017ed\u00e1 Bang15000 e-cigareta pon\u00faka a\u017e 15000 \u0165ahov, \u010do ju rob\u00ed ide\u00e1lnou vo\u013ebou pre dlhodob\u00e9 pou\u017e\u00edvanie. \u017diadne \u010dast\u00e9 v\u00fdmeny zariaden\u00ed, len jednoduch\u00e9 a dlh\u00e9 pote\u0161enie z ka\u017edej inhal\u00e1cie pary.<\/p>\n<\/li>\n<li data-start=\"871\" data-end=\"1126\">\n<p data-start=\"873\" data-end=\"1126\">Dob\u00edjate\u013en\u00e1 bat\u00e9ria s USB-C konektorom<br data-start=\"923\" data-end=\"926\" \/>Vybaven\u00e1 650mAh dob\u00edjate\u013enou bat\u00e9riou a r\u00fdchlym USB-C konektorom, Bang15000 zaru\u010duje r\u00fdchle a jednoduch\u00e9 nab\u00edjanie, aby ste nikdy nezostali bez vapovacieho p\u00f4\u017eitku.<\/p>\n<\/li>\n<li data-start=\"1128\" data-end=\"1354\">\n<p data-start=\"1130\" data-end=\"1354\">Dul Mesh 1.1\u03a9 technol\u00f3gia cievky<br data-start=\"1165\" data-end=\"1168\" \/>S pokro\u010dilou Dul Mesh cievkou (1.1\u03a9) zabezpe\u010duje Bang15000 rovnomern\u00e9 a pln\u00e9 parenie, ktor\u00e9 pri ka\u017edom \u0165ahu poskytuje intenz\u00edvny a konzistentn\u00fd chu\u0165ov\u00fd z\u00e1\u017eitok.<\/p>\n<\/li>\n<li data-start=\"1356\" data-end=\"1607\">\n<p data-start=\"1358\" data-end=\"1607\">Ve\u013ek\u00e1 kapacita liquidu (23mL)<br data-start=\"1391\" data-end=\"1394\" \/>Ka\u017ed\u00e1 e-cigareta obsahuje 23mL liquidu, tak\u017ee sa nemus\u00edte ob\u00e1va\u0165 neust\u00e1leho dop\u013a\u0148ania. T\u00e1to vysok\u00e1 kapacita zabezpe\u010duje dlh\u0161\u00ed z\u00e1\u017eitok z vapovania a pohodln\u00e9 pou\u017e\u00edvanie bez preru\u0161en\u00ed.<\/p>\n<\/li>\n<li data-start=\"1609\" data-end=\"1879\">\n<p data-start=\"1611\" data-end=\"1879\">Watermelon Ice<br data-start=\"1639\" data-end=\"1642\" \/>Chu\u0165 Watermelon Ice sp\u00e1ja sladkos\u0165 vodnej mel\u00f3nu s osvie\u017euj\u00facou chladivou pozn\u00e1mkou. Ka\u017ed\u00fd \u0165ah v\u00e1m prin\u00e1\u0161a pocit osvie\u017euj\u00facej letnej v\u00fdpravy \u2013 osvie\u017euj\u00faci a z\u00e1rove\u0148 lahodn\u00fd.<\/p>\n<\/li>\n<li data-start=\"1881\" data-end=\"2149\">\n<p data-start=\"1883\" data-end=\"2149\">R\u00f4zne nikot\u00ednov\u00e9 koncentr\u00e1cie<br data-start=\"1914\" data-end=\"1917\" \/>Bang15000 je dostupn\u00e1 v nikot\u00ednov\u00fdch sil\u00e1ch 0%, 2%, 3% a 5%, tak\u017ee si m\u00f4\u017eete prisp\u00f4sobi\u0165 obsah nikot\u00ednu pod\u013ea svojich \u017eelan\u00ed. Upozor\u0148ujeme, \u017ee nikot\u00ednov\u00e9 sily 0% a 3% s\u00fa dostupn\u00e9 len pre ve\u013ekoobjemov\u00e9 objedn\u00e1vky.<\/p>\n<\/li>\n<li data-start=\"2151\" data-end=\"2439\">\n<p data-start=\"2153\" data-end=\"2439\">Bezcoln\u00fd a pohodln\u00fd n\u00e1kup<br data-start=\"2186\" data-end=\"2189\" \/>N\u00e1kup e-cigarety Bang15000 je <a href=\"https:\/\/vapingnet.de\/sk\/k\/f\/\" target=\"_blank\" rel=\"noopener\"><strong>\u00faplne bezcoln\u00fd<\/strong><\/a>, tak\u017ee si m\u00f4\u017eete vychutna\u0165 bezstarostn\u00fd n\u00e1kup. \u010ci u\u017e na osobn\u00e9 pou\u017eitie alebo ve\u013ekoobchod \u2013 t\u00e1to e-cigareta pon\u00faka vynikaj\u00faci pomer cena\/v\u00fdkon.<\/p>\n<\/li>\n<\/ul>\n<h4 data-start=\"2446\" data-end=\"2461\"><img fetchpriority=\"high\" decoding=\"async\" class=\"size-full wp-image-6909 aligncenter\" src=\"https:\/\/vapingnet.de\/wp-content\/uploads\/2025\/03\/VAPE-1.jpg\" alt=\"\" width=\"1296\" height=\"1080\" srcset=\"https:\/\/vapingnet.de\/wp-content\/uploads\/2025\/03\/VAPE-1.jpg 1296w, https:\/\/vapingnet.de\/wp-content\/uploads\/2025\/03\/VAPE-1-300x250.jpg 300w, https:\/\/vapingnet.de\/wp-content\/uploads\/2025\/03\/VAPE-1-1024x853.jpg 1024w, https:\/\/vapingnet.de\/wp-content\/uploads\/2025\/03\/VAPE-1-768x640.jpg 768w, https:\/\/vapingnet.de\/wp-content\/uploads\/2025\/03\/VAPE-1-600x500.jpg 600w, https:\/\/vapingnet.de\/wp-content\/uploads\/2025\/03\/VAPE-1-1x1.jpg 1w, https:\/\/vapingnet.de\/wp-content\/uploads\/2025\/03\/VAPE-1-10x8.jpg 10w\" sizes=\"(max-width: 1296px) 100vw, 1296px\" \/><\/h4>\n<h4 data-start=\"2446\" data-end=\"2461\">Cie\u013eov\u00e9 skupiny<\/h4>\n<ul data-start=\"2463\" data-end=\"2917\">\n<li data-start=\"2463\" data-end=\"2697\">Pre osobn\u00e9 pou\u017eitie: Ak ste milovn\u00edkom e-cigariet, Bang15000 je pre v\u00e1s ide\u00e1lnou vo\u013ebou. Pon\u00faka dlhodob\u00e9 pou\u017e\u00edvanie, skvel\u00fa chu\u0165 a pou\u017e\u00edvate\u013esky pr\u00edvetiv\u00fa nab\u00edjaciu funkciu.<\/li>\n<li data-start=\"2698\" data-end=\"2917\">Pre ve\u013ekoobchodn\u00edkov: Bang15000 je tie\u017e vhodn\u00e1 pre ve\u013ekoobchod. S vysokou kapacitou, atrakt\u00edvnym pomerom cena\/v\u00fdkon a bezcoln\u00fdm dovozom je ide\u00e1lnou vo\u013ebou pre ve\u013ek\u00e9 objedn\u00e1vky.<\/li>\n<\/ul>\n<h4 data-start=\"2924\" data-end=\"3220\">Ako si ju m\u00f4\u017eete k\u00fapi\u0165<\/h4>\n<p data-start=\"2924\" data-end=\"3220\">Nav\u0161t\u00edvte teraz na\u0161u webov\u00fa str\u00e1nku <a href=\"https:\/\/vapingnet.de\/sk\/\" target=\"_new\" rel=\"noopener\" data-start=\"2983\" data-end=\"3019\">vapingnet.de<\/a>, vyberte si svoj ob\u013e\u00faben\u00fd chu\u0165 a obsah nikot\u00ednu a vychutnajte si 15000 potiahnut\u00ed \u010dist\u00e9ho z\u00e1\u017eitku z parenia. \u010ci u\u017e pre osobn\u00e9 pou\u017eitie alebo ve\u013ek\u00e9 objedn\u00e1vky \u2013 Bang15000 je dokonalou vo\u013ebou!<\/p>\n<p data-start=\"3222\" data-end=\"3335\" data-is-last-node=\"\" data-is-only-node=\"\">Za\u017eite osvie\u017euj\u00facu chu\u0165 vychladen\u00e9ho vodn\u00e9ho mel\u00f3nu a ponorte sa do novej \u00e9ry parenia!<\/p>","protected":false},"excerpt":{"rendered":"<p>Bang15000 Puffs Wiederaufladbare Einweg-E-Zigarette \u2013 Watermelon Ice, 15000 Z\u00fcge voller Genuss Die Bang15000 Puffs Rechargeable Disposable Pod ist eine innovative, wiederaufladbare Einweg-E-Zigarette, die bis zu&#8230;<\/p>","protected":false},"featured_media":5230,"template":"","meta":[],"etheme_brands":[],"product_brand":[101],"product_cat":[53,49,61],"product_tag":[],"class_list":{"0":"post-5228","1":"product","2":"type-product","3":"status-publish","4":"has-post-thumbnail","6":"product_brand-bang-king-vape","7":"product_cat-vape-15000-zuege","8":"product_cat-einweg-e-zigarette","9":"product_cat-f","11":"first","12":"instock","13":"shipping-taxable","14":"purchasable","15":"product-type-simple"},"yoast_head":"<!-- This site is optimized with the Yoast SEO plugin v26.5 - https:\/\/yoast.com\/wordpress\/plugins\/seo\/ -->\n<title>Langer Dampfgenuss mit Watermelon Ice Bang15000 Puffs | Vapingnet.de<\/title>\n<meta name=\"description\" content=\"Entdecke Langer Dampfgenuss mit Watermelon Ice Bang15000 Puffs bei vapingnet.de, \u25ba Gro\u00dfe Auswahl an Geschmacksrichtungen &amp; super g\u00fcnstig!\" \/>\n<meta name=\"robots\" content=\"index, follow, max-snippet:-1, max-image-preview:large, max-video-preview:-1\" \/>\n<link rel=\"canonical\" href=\"https:\/\/vapingnet.de\/sk\/vape\/langer-dampfgenuss-mit-watermelon-ice-bang15000-puffs\/\" \/>\n<meta property=\"og:locale\" content=\"sk_SK\" \/>\n<meta property=\"og:type\" content=\"article\" \/>\n<meta property=\"og:title\" content=\"Langer Dampfgenuss mit Watermelon Ice Bang15000 Puffs | Vapingnet.de\" \/>\n<meta property=\"og:description\" content=\"Entdecke Langer Dampfgenuss mit Watermelon Ice Bang15000 Puffs bei vapingnet.de, \u25ba Gro\u00dfe Auswahl an Geschmacksrichtungen &amp; super g\u00fcnstig!\" \/>\n<meta property=\"og:url\" content=\"https:\/\/vapingnet.de\/sk\/vape\/langer-dampfgenuss-mit-watermelon-ice-bang15000-puffs\/\" \/>\n<meta property=\"og:site_name\" content=\"Vapingnet.de\" \/>\n<meta property=\"article:publisher\" content=\"https:\/\/www.facebook.com\/vapingnetde\/\" \/>\n<meta property=\"article:modified_time\" content=\"2025-06-19T03:41:27+00:00\" \/>\n<meta property=\"og:image\" content=\"https:\/\/vapingnet.de\/wp-content\/uploads\/2025\/03\/Watermelon-Ice.png\" \/>\n\t<meta property=\"og:image:width\" content=\"900\" \/>\n\t<meta property=\"og:image:height\" content=\"600\" \/>\n\t<meta property=\"og:image:type\" content=\"image\/png\" \/>\n<meta name=\"twitter:card\" content=\"summary_large_image\" \/>\n<meta name=\"twitter:label1\" content=\"Est. reading time\" \/>\n\t<meta name=\"twitter:data1\" content=\"3 minutes\" \/>\n<script type=\"application\/ld+json\" class=\"yoast-schema-graph\">{\"@context\":\"https:\/\/schema.org\",\"@graph\":[{\"@type\":\"WebPage\",\"@id\":\"https:\/\/vapingnet.de\/vape\/langer-dampfgenuss-mit-watermelon-ice-bang15000-puffs\/\",\"url\":\"https:\/\/vapingnet.de\/vape\/langer-dampfgenuss-mit-watermelon-ice-bang15000-puffs\/\",\"name\":\"Langer Dampfgenuss mit Watermelon Ice Bang15000 Puffs | Vapingnet.de\",\"isPartOf\":{\"@id\":\"https:\/\/vapingnet.de\/#website\"},\"primaryImageOfPage\":{\"@id\":\"https:\/\/vapingnet.de\/vape\/langer-dampfgenuss-mit-watermelon-ice-bang15000-puffs\/#primaryimage\"},\"image\":{\"@id\":\"https:\/\/vapingnet.de\/vape\/langer-dampfgenuss-mit-watermelon-ice-bang15000-puffs\/#primaryimage\"},\"thumbnailUrl\":\"https:\/\/vapingnet.de\/wp-content\/uploads\/2025\/03\/Watermelon-Ice.png\",\"datePublished\":\"2025-03-13T06:10:14+00:00\",\"dateModified\":\"2025-06-19T03:41:27+00:00\",\"description\":\"Entdecke Langer Dampfgenuss mit Watermelon Ice Bang15000 Puffs bei vapingnet.de, \u25ba Gro\u00dfe Auswahl an Geschmacksrichtungen & super g\u00fcnstig!\",\"breadcrumb\":{\"@id\":\"https:\/\/vapingnet.de\/vape\/langer-dampfgenuss-mit-watermelon-ice-bang15000-puffs\/#breadcrumb\"},\"inLanguage\":\"sk-SK\",\"potentialAction\":[{\"@type\":\"ReadAction\",\"target\":[\"https:\/\/vapingnet.de\/vape\/langer-dampfgenuss-mit-watermelon-ice-bang15000-puffs\/\"]}]},{\"@type\":\"ImageObject\",\"inLanguage\":\"sk-SK\",\"@id\":\"https:\/\/vapingnet.de\/vape\/langer-dampfgenuss-mit-watermelon-ice-bang15000-puffs\/#primaryimage\",\"url\":\"https:\/\/vapingnet.de\/wp-content\/uploads\/2025\/03\/Watermelon-Ice.png\",\"contentUrl\":\"https:\/\/vapingnet.de\/wp-content\/uploads\/2025\/03\/Watermelon-Ice.png\",\"width\":900,\"height\":600,\"caption\":\"Watermelon Ice\"},{\"@type\":\"BreadcrumbList\",\"@id\":\"https:\/\/vapingnet.de\/vape\/langer-dampfgenuss-mit-watermelon-ice-bang15000-puffs\/#breadcrumb\",\"itemListElement\":[{\"@type\":\"ListItem\",\"position\":1,\"name\":\"Home\",\"item\":\"https:\/\/vapingnet.de\/\"},{\"@type\":\"ListItem\",\"position\":2,\"name\":\"Shop\",\"item\":\"https:\/\/vapingnet.de\/vape\/\"},{\"@type\":\"ListItem\",\"position\":3,\"name\":\"Langer Dampfgenuss mit Watermelon Ice Bang15000 Puffs\"}]},{\"@type\":\"WebSite\",\"@id\":\"https:\/\/vapingnet.de\/#website\",\"url\":\"https:\/\/vapingnet.de\/\",\"name\":\"Vapingnet.de\",\"description\":\"\",\"publisher\":{\"@id\":\"https:\/\/vapingnet.de\/#organization\"},\"potentialAction\":[{\"@type\":\"SearchAction\",\"target\":{\"@type\":\"EntryPoint\",\"urlTemplate\":\"https:\/\/vapingnet.de\/?s={search_term_string}\"},\"query-input\":{\"@type\":\"PropertyValueSpecification\",\"valueRequired\":true,\"valueName\":\"search_term_string\"}}],\"inLanguage\":\"sk-SK\"},{\"@type\":\"Organization\",\"@id\":\"https:\/\/vapingnet.de\/#organization\",\"name\":\"Vapingnet.de\",\"url\":\"https:\/\/vapingnet.de\/\",\"logo\":{\"@type\":\"ImageObject\",\"inLanguage\":\"sk-SK\",\"@id\":\"https:\/\/vapingnet.de\/#\/schema\/logo\/image\/\",\"url\":\"https:\/\/vapingnet.de\/wp-content\/uploads\/2025\/03\/cropped-vapingnet.de_.jpg\",\"contentUrl\":\"https:\/\/vapingnet.de\/wp-content\/uploads\/2025\/03\/cropped-vapingnet.de_.jpg\",\"width\":512,\"height\":512,\"caption\":\"Vapingnet.de\"},\"image\":{\"@id\":\"https:\/\/vapingnet.de\/#\/schema\/logo\/image\/\"},\"sameAs\":[\"https:\/\/www.facebook.com\/vapingnetde\/\"]}]}<\/script>\n<!-- \/ Yoast SEO plugin. -->","yoast_head_json":{"title":"Langer Dampfgenuss mit Watermelon Ice Bang15000 Puffs | Vapingnet.de","description":"Entdecke Langer Dampfgenuss mit Watermelon Ice Bang15000 Puffs bei vapingnet.de, \u25ba Gro\u00dfe Auswahl an Geschmacksrichtungen & super g\u00fcnstig!","robots":{"index":"index","follow":"follow","max-snippet":"max-snippet:-1","max-image-preview":"max-image-preview:large","max-video-preview":"max-video-preview:-1"},"canonical":"https:\/\/vapingnet.de\/sk\/vape\/langer-dampfgenuss-mit-watermelon-ice-bang15000-puffs\/","og_locale":"sk_SK","og_type":"article","og_title":"Langer Dampfgenuss mit Watermelon Ice Bang15000 Puffs | Vapingnet.de","og_description":"Entdecke Langer Dampfgenuss mit Watermelon Ice Bang15000 Puffs bei vapingnet.de, \u25ba Gro\u00dfe Auswahl an Geschmacksrichtungen & super g\u00fcnstig!","og_url":"https:\/\/vapingnet.de\/sk\/vape\/langer-dampfgenuss-mit-watermelon-ice-bang15000-puffs\/","og_site_name":"Vapingnet.de","article_publisher":"https:\/\/www.facebook.com\/vapingnetde\/","article_modified_time":"2025-06-19T03:41:27+00:00","og_image":[{"width":900,"height":600,"url":"https:\/\/vapingnet.de\/wp-content\/uploads\/2025\/03\/Watermelon-Ice.png","type":"image\/png"}],"twitter_card":"summary_large_image","twitter_misc":{"Est. reading time":"3 minutes"},"schema":{"@context":"https:\/\/schema.org","@graph":[{"@type":"WebPage","@id":"https:\/\/vapingnet.de\/vape\/langer-dampfgenuss-mit-watermelon-ice-bang15000-puffs\/","url":"https:\/\/vapingnet.de\/vape\/langer-dampfgenuss-mit-watermelon-ice-bang15000-puffs\/","name":"Langer Dampfgenuss mit Watermelon Ice Bang15000 Puffs | Vapingnet.de","isPartOf":{"@id":"https:\/\/vapingnet.de\/#website"},"primaryImageOfPage":{"@id":"https:\/\/vapingnet.de\/vape\/langer-dampfgenuss-mit-watermelon-ice-bang15000-puffs\/#primaryimage"},"image":{"@id":"https:\/\/vapingnet.de\/vape\/langer-dampfgenuss-mit-watermelon-ice-bang15000-puffs\/#primaryimage"},"thumbnailUrl":"https:\/\/vapingnet.de\/wp-content\/uploads\/2025\/03\/Watermelon-Ice.png","datePublished":"2025-03-13T06:10:14+00:00","dateModified":"2025-06-19T03:41:27+00:00","description":"Entdecke Langer Dampfgenuss mit Watermelon Ice Bang15000 Puffs bei vapingnet.de, \u25ba Gro\u00dfe Auswahl an Geschmacksrichtungen & super g\u00fcnstig!","breadcrumb":{"@id":"https:\/\/vapingnet.de\/vape\/langer-dampfgenuss-mit-watermelon-ice-bang15000-puffs\/#breadcrumb"},"inLanguage":"sk-SK","potentialAction":[{"@type":"ReadAction","target":["https:\/\/vapingnet.de\/vape\/langer-dampfgenuss-mit-watermelon-ice-bang15000-puffs\/"]}]},{"@type":"ImageObject","inLanguage":"sk-SK","@id":"https:\/\/vapingnet.de\/vape\/langer-dampfgenuss-mit-watermelon-ice-bang15000-puffs\/#primaryimage","url":"https:\/\/vapingnet.de\/wp-content\/uploads\/2025\/03\/Watermelon-Ice.png","contentUrl":"https:\/\/vapingnet.de\/wp-content\/uploads\/2025\/03\/Watermelon-Ice.png","width":900,"height":600,"caption":"Watermelon Ice"},{"@type":"BreadcrumbList","@id":"https:\/\/vapingnet.de\/vape\/langer-dampfgenuss-mit-watermelon-ice-bang15000-puffs\/#breadcrumb","itemListElement":[{"@type":"ListItem","position":1,"name":"Home","item":"https:\/\/vapingnet.de\/"},{"@type":"ListItem","position":2,"name":"Shop","item":"https:\/\/vapingnet.de\/vape\/"},{"@type":"ListItem","position":3,"name":"Langer Dampfgenuss mit Watermelon Ice Bang15000 Puffs"}]},{"@type":"WebSite","@id":"https:\/\/vapingnet.de\/#website","url":"https:\/\/vapingnet.de\/","name":"Vapingnet.de","description":"","publisher":{"@id":"https:\/\/vapingnet.de\/#organization"},"potentialAction":[{"@type":"SearchAction","target":{"@type":"EntryPoint","urlTemplate":"https:\/\/vapingnet.de\/?s={search_term_string}"},"query-input":{"@type":"PropertyValueSpecification","valueRequired":true,"valueName":"search_term_string"}}],"inLanguage":"sk-SK"},{"@type":"Organization","@id":"https:\/\/vapingnet.de\/#organization","name":"Vapingnet.de","url":"https:\/\/vapingnet.de\/","logo":{"@type":"ImageObject","inLanguage":"sk-SK","@id":"https:\/\/vapingnet.de\/#\/schema\/logo\/image\/","url":"https:\/\/vapingnet.de\/wp-content\/uploads\/2025\/03\/cropped-vapingnet.de_.jpg","contentUrl":"https:\/\/vapingnet.de\/wp-content\/uploads\/2025\/03\/cropped-vapingnet.de_.jpg","width":512,"height":512,"caption":"Vapingnet.de"},"image":{"@id":"https:\/\/vapingnet.de\/#\/schema\/logo\/image\/"},"sameAs":["https:\/\/www.facebook.com\/vapingnetde\/"]}]}},"tiered_pricing_type":"fixed","tiered_pricing_fixed_rules":{"10":"7.31","60":"6.58","110":"5.85","200":"5.12"},"tiered_pricing_product_settings":{"layout":"default","base_unit_name":{"singular":null,"plural":null},"default_variation":null},"tiered_pricing_minimum_quantity":null,"tiered_pricing_roles_data":[],"tiered_pricing_percentage_rules":[],"_links":{"self":[{"href":"https:\/\/vapingnet.de\/sk\/wp-json\/wp\/v2\/product\/5228","targetHints":{"allow":["GET"]}}],"collection":[{"href":"https:\/\/vapingnet.de\/sk\/wp-json\/wp\/v2\/product"}],"about":[{"href":"https:\/\/vapingnet.de\/sk\/wp-json\/wp\/v2\/types\/product"}],"version-history":[{"count":2,"href":"https:\/\/vapingnet.de\/sk\/wp-json\/wp\/v2\/product\/5228\/revisions"}],"predecessor-version":[{"id":6910,"href":"https:\/\/vapingnet.de\/sk\/wp-json\/wp\/v2\/product\/5228\/revisions\/6910"}],"wp:featuredmedia":[{"embeddable":true,"href":"https:\/\/vapingnet.de\/sk\/wp-json\/wp\/v2\/media\/5230"}],"wp:attachment":[{"href":"https:\/\/vapingnet.de\/sk\/wp-json\/wp\/v2\/media?parent=5228"}],"wp:term":[{"taxonomy":"brand","embeddable":true,"href":"https:\/\/vapingnet.de\/sk\/wp-json\/wp\/v2\/etheme_brands?post=5228"},{"taxonomy":"product_brand","embeddable":true,"href":"https:\/\/vapingnet.de\/sk\/wp-json\/wp\/v2\/product_brand?post=5228"},{"taxonomy":"product_cat","embeddable":true,"href":"https:\/\/vapingnet.de\/sk\/wp-json\/wp\/v2\/product_cat?post=5228"},{"taxonomy":"product_tag","embeddable":true,"href":"https:\/\/vapingnet.de\/sk\/wp-json\/wp\/v2\/product_tag?post=5228"}],"curies":[{"name":"wp","href":"https:\/\/api.w.org\/{rel}","templated":true}]}}