{"id":5233,"date":"2025-03-13T06:37:35","date_gmt":"2025-03-13T06:37:35","guid":{"rendered":"https:\/\/vapingnet.de\/?post_type=product&#038;p=5233"},"modified":"2025-06-19T03:41:26","modified_gmt":"2025-06-19T03:41:26","slug":"bang15000-puffs-strawberry-mango-der-ideale-begleiter-fuer-jedes-abenteuer","status":"publish","type":"product","link":"https:\/\/vapingnet.de\/sk\/vape\/bang15000-puffs-strawberry-mango-der-ideale-begleiter-fuer-jedes-abenteuer\/","title":{"rendered":"Bang15000 Puffs Jahoda Mango Ide\u00e1lny spolo\u010dn\u00edk na ka\u017ed\u00e9 dobrodru\u017estvo"},"content":{"rendered":"<h2>Bang15000 Puffs Nab\u00edjate\u013en\u00fd Jednorazov\u00fd Pod \u2013 Za\u017ei ultra dlh\u00fd z\u00e1\u017eitok s paren\u00edm!<\/h2>\n<p data-start=\"89\" data-end=\"574\">H\u013ead\u00e1\u0161 e-cigaretu s extr\u00e9mne dlhou \u017eivotnos\u0165ou a bohatou chu\u0165ou? Potom je <a href=\"https:\/\/vapingnet.de\/sk\/bang-15000-puffs\/\" target=\"_blank\" rel=\"noopener\"><strong>Bang15000 Puffs Nab\u00edjate\u013en\u00fd Jednorazov\u00fd Pod<\/strong><\/a> dokonalou vo\u013ebou pre teba! T\u00e1to e-cigareta pon\u00faka nielen \u017eivotnos\u0165 a\u017e do 15000 \u0165ahov, ale je aj dob\u00edjate\u013en\u00e1, tak\u017ee m\u00f4\u017ee\u0161 zabudn\u00fa\u0165 na jednorazov\u00e9 pou\u017eitie a vychutn\u00e1va\u0165 si dlhodob\u00fd z\u00e1\u017eitok s paren\u00edm. Po\u010fme si podrobne pozrie\u0165 jedine\u010dn\u00e9 v\u00fdhody tohto produktu.<\/p>\n<h4>Produktov\u00e9 vlastnosti<\/h4>\n<p data-start=\"597\" data-end=\"991\">1. 15000 \u0165ahov \u2013 Ultra dlh\u00e1 \u017eivotnos\u0165<br data-start=\"640\" data-end=\"643\" \/>Bang15000 Puffs Nab\u00edjate\u013en\u00fd Jednorazov\u00fd Pod pon\u00faka, ako u\u017e n\u00e1zov napoved\u00e1, a\u017e 15000 \u0165ahov, \u010do pokr\u00fdva tvoju potrebu dlhodob\u00e9ho z\u00e1\u017eitku s paren\u00edm. Nemus\u00ed\u0161 neust\u00e1le meni\u0165 zariadenie, \u010do ho rob\u00ed ide\u00e1lnym spolo\u010dn\u00edkom na ka\u017ed\u00fd de\u0148 alebo na cestovanie. Tak si m\u00f4\u017ee\u0161 vychutn\u00e1va\u0165 parenie po dlh\u0161iu dobu.<\/p>\n<p data-start=\"993\" data-end=\"1340\">2. Dul Mesh Cievka 1.1\u03a9<br data-start=\"1018\" data-end=\"1021\" \/>Bang15000 je vybaven\u00fd Dul Mesh Cievkou s odporom 1,1\u03a9, ktor\u00e1 umo\u017e\u0148uje rovnomern\u00e9 zahrievanie. To zabezpe\u010duje \u010dist\u00fd a pln\u00fd chu\u0165ov\u00fd z\u00e1\u017eitok pri ka\u017edom \u0165ahu. \u010ci u\u017e ide o ovocn\u00fa chu\u0165 alebo in\u00e9 ar\u00f3my, bude\u0161 si vychutn\u00e1va\u0165 intenz\u00edvny a jemn\u00fd dym naplno.<\/p>\n<p data-start=\"1342\" data-end=\"1658\">3. 650mAh Dob\u00edjate\u013en\u00e1 bat\u00e9ria<br data-start=\"1378\" data-end=\"1381\" \/>Vybaven\u00e1 650mAh dob\u00edjate\u013enou bat\u00e9riou, nemus\u00ed\u0161 neust\u00e1le meni\u0165 e-cigaretu. USB-C port zabezpe\u010duje r\u00fdchle a pohodln\u00e9 nab\u00edjanie. Tak m\u00f4\u017ee\u0161 svoj pr\u00edstroj kedyko\u013evek \u013eahko nabi\u0165 a pokra\u010dova\u0165 v z\u00e1\u017eitku s paren\u00edm.<\/p>\n<p data-start=\"1660\" data-end=\"2070\">4. 23mL Ve\u013ek\u00fd objem n\u00e1plne<br data-start=\"1692\" data-end=\"1695\" \/>Bang15000 Puffs m\u00e1 ve\u013ek\u00fd objem n\u00e1plne 23mL, ktor\u00fd nielen umo\u017e\u0148uje dlh\u0161ie pou\u017e\u00edvanie, ale aj zabezpe\u010duje bohat\u00e9 mno\u017estvo pary. Ka\u017ed\u00fdkr\u00e1t bude\u0161 odmenen\u00fd intenz\u00edvnou oblakou dymu, zatia\u013e \u010do si vychutn\u00e1va\u0161 pln\u00fa chu\u0165. \u010ci u\u017e preferuje\u0161 ovocn\u00e9 ar\u00f3my alebo in\u00e9 chute, Bang15000 ti ur\u010dite padne do oka.<\/p>\n<p data-start=\"2072\" data-end=\"2364\">5. Volite\u013en\u00e9 nikot\u00ednov\u00e9 koncentr\u00e1cie<br data-start=\"2102\" data-end=\"2105\" \/>Vyber si pod\u013ea svojich osobn\u00fdch preferenci\u00ed medzi r\u00f4znymi nikot\u00ednov\u00fdmi koncentr\u00e1ciami: 0%, 2%, 3% a 5%. Upozor\u0148ujeme, \u017ee 0% a 3% s\u00fa dostupn\u00e9 len pre ve\u013ekoobjemov\u00e9 objedn\u00e1vky, tak\u017ee pri v\u00e4\u010d\u0161\u00edch mno\u017estv\u00e1ch m\u00f4\u017ee\u0161 vyu\u017ei\u0165 pohodlnej\u0161ie doru\u010denie.<\/p>\n<p data-start=\"2366\" data-end=\"2696\">6. \u017diadne clo \u2013 Jednoduch\u00fd n\u00e1kup<br data-start=\"2411\" data-end=\"2414\" \/>S Bang15000 Puffs Nab\u00edjate\u013en\u00fdm Jednorazov\u00fdm Podom m\u00f4\u017ee\u0161 pohodlne nakupova\u0165 a u\u0161etri\u0165 na coln\u00fdch poplatkoch. Bez oh\u013eadu na to, kde sa nach\u00e1dza\u0161, si m\u00f4\u017ee\u0161 svoj produkt jednoducho a r\u00fdchlo objedna\u0165 bez dodato\u010dn\u00fdch coln\u00fdch poplatkov a plne si vychutna\u0165 z\u00e1\u017eitok s paren\u00edm.<\/p>\n<h3 data-start=\"2698\" data-end=\"2741\"><img fetchpriority=\"high\" decoding=\"async\" class=\"size-full wp-image-6907 aligncenter\" src=\"https:\/\/vapingnet.de\/wp-content\/uploads\/2025\/03\/VAPE-2.jpg\" alt=\"\" width=\"1166\" height=\"1080\" srcset=\"https:\/\/vapingnet.de\/wp-content\/uploads\/2025\/03\/VAPE-2.jpg 1166w, https:\/\/vapingnet.de\/wp-content\/uploads\/2025\/03\/VAPE-2-300x278.jpg 300w, https:\/\/vapingnet.de\/wp-content\/uploads\/2025\/03\/VAPE-2-1024x948.jpg 1024w, https:\/\/vapingnet.de\/wp-content\/uploads\/2025\/03\/VAPE-2-768x711.jpg 768w, https:\/\/vapingnet.de\/wp-content\/uploads\/2025\/03\/VAPE-2-600x556.jpg 600w, https:\/\/vapingnet.de\/wp-content\/uploads\/2025\/03\/VAPE-2-1x1.jpg 1w, https:\/\/vapingnet.de\/wp-content\/uploads\/2025\/03\/VAPE-2-10x10.jpg 10w\" sizes=\"(max-width: 1166px) 100vw, 1166px\" \/><\/h3>\n<h3 data-start=\"2698\" data-end=\"2741\">Odpor\u00fa\u010dan\u00e1 chu\u0165: Jahodovo-mango<\/h3>\n<p data-start=\"2743\" data-end=\"3086\">Dokonal\u00e1 kombin\u00e1cia jahody a manga prin\u00e1\u0161a intenz\u00edvnu ovocn\u00fa ar\u00f3mu pri ka\u017edom \u0165ahu. \u010cerstv\u00e1 jahodov\u00e1 chu\u0165 je sladk\u00e1 a osvie\u017euj\u00faca, zatia\u013e \u010do tropick\u00e9 mango prid\u00e1va exotick\u00fd n\u00e1dych. T\u00e1to chu\u0165 je ide\u00e1lna pre v\u0161etk\u00fdch, ktor\u00ed miluj\u00fa ovocn\u00e9 zmesi, a je nevyhnutn\u00e1 po\u010das letn\u00fdch mesiacov!<\/p>\n<h3>Pre\u010do si vybra\u0165 Bang15000 Puffs Nab\u00edjate\u013en\u00fd Jednorazov\u00fd Pod?<\/h3>\n<ul data-start=\"3167\" data-end=\"3622\">\n<li data-start=\"3167\" data-end=\"3290\">Extr\u00e9mne dlh\u00e1 \u017eivotnos\u0165: 15000 \u0165ahov pre dlhodob\u00fd z\u00e1\u017eitok s paren\u00edm \u2013 nie je potrebn\u00e1 neust\u00e1la v\u00fdmena.<\/li>\n<li data-start=\"3291\" data-end=\"3415\">Vysokokvalitn\u00e1 chu\u0165: Dul Mesh Cievka a ve\u013ek\u00fd objem n\u00e1plne zabezpe\u010duj\u00fa jemn\u00e9 a pln\u00e9 parenie.<\/li>\n<li data-start=\"3416\" data-end=\"3525\">Praktick\u00e9 nab\u00edjanie: Bat\u00e9ria 650mAh s konektorom Type-C umo\u017e\u0148uje r\u00fdchle a jednoduch\u00e9 nab\u00edjanie.<\/li>\n<li data-start=\"3526\" data-end=\"3622\">\u017diadne clo: Nakupujte jednoducho a pohodlne bez dodato\u010dn\u00fdch coln\u00fdch poplatkov v Eur\u00f3pe.<\/li>\n<\/ul>\n<h4 data-start=\"3624\" data-end=\"3672\">R\u00fdchly n\u00e1kup a vyu\u017eite z\u013eavy!<\/h4>\n<p data-start=\"3674\" data-end=\"3909\" data-is-last-node=\"\" data-is-only-node=\"\">Neot\u00e1\u013eajte a nav\u0161t\u00edvte e\u0161te dnes na\u0161u webov\u00fa str\u00e1nku <a href=\"https:\/\/vapingnet.de\/sk\/\" target=\"_new\" rel=\"noopener\" data-start=\"3725\" data-end=\"3761\">vapingnet.de<\/a>, aby ste si mohli objedna\u0165 Bang15000 Puffs Rechargeable Disposable Pod. Za\u017eite pr\u00e9miov\u00fa kvalitu e-cigariet a n\u00e1jdite svoj ob\u013e\u00faben\u00fd pr\u00edchu\u0165!<\/p>","protected":false},"excerpt":{"rendered":"<p>Bang15000 Puffs Rechargeable Disposable Pod &#8211; Erlebe ein ultra-langes Dampferlebnis! Bist du auf der Suche nach einer E-Zigarette mit extrem langer Haltbarkeit und reichhaltigem Geschmack?&#8230;<\/p>","protected":false},"featured_media":5216,"template":"","meta":[],"etheme_brands":[],"product_brand":[101],"product_cat":[53,49,61],"product_tag":[],"class_list":{"0":"post-5233","1":"product","2":"type-product","3":"status-publish","4":"has-post-thumbnail","6":"product_brand-bang-king-vape","7":"product_cat-vape-15000-zuege","8":"product_cat-einweg-e-zigarette","9":"product_cat-f","11":"first","12":"instock","13":"shipping-taxable","14":"purchasable","15":"product-type-simple"},"yoast_head":"<!-- This site is optimized with the Yoast SEO plugin v26.5 - https:\/\/yoast.com\/wordpress\/plugins\/seo\/ -->\n<title>Bang15000 Puffs Strawberry Mango Der ideale Begleiter f\u00fcr jedes Abenteuer | Vapingnet.de<\/title>\n<meta name=\"description\" content=\"Entdecke Bang15000 Puffs Strawberry Mango Der ideale Begleiter f\u00fcr jedes Abenteuer bei vapingnet.de, \u25ba Gro\u00dfe Auswahl an Geschmacksrichtungen &amp; super g\u00fcnstig!\" \/>\n<meta name=\"robots\" content=\"index, follow, max-snippet:-1, max-image-preview:large, max-video-preview:-1\" \/>\n<link rel=\"canonical\" href=\"https:\/\/vapingnet.de\/sk\/vape\/bang15000-puffs-strawberry-mango-der-ideale-begleiter-fuer-jedes-abenteuer\/\" \/>\n<meta property=\"og:locale\" content=\"sk_SK\" \/>\n<meta property=\"og:type\" content=\"article\" \/>\n<meta property=\"og:title\" content=\"Bang15000 Puffs Strawberry Mango Der ideale Begleiter f\u00fcr jedes Abenteuer | Vapingnet.de\" \/>\n<meta property=\"og:description\" content=\"Entdecke Bang15000 Puffs Strawberry Mango Der ideale Begleiter f\u00fcr jedes Abenteuer bei vapingnet.de, \u25ba Gro\u00dfe Auswahl an Geschmacksrichtungen &amp; super g\u00fcnstig!\" \/>\n<meta property=\"og:url\" content=\"https:\/\/vapingnet.de\/sk\/vape\/bang15000-puffs-strawberry-mango-der-ideale-begleiter-fuer-jedes-abenteuer\/\" \/>\n<meta property=\"og:site_name\" content=\"Vapingnet.de\" \/>\n<meta property=\"article:publisher\" content=\"https:\/\/www.facebook.com\/vapingnetde\/\" \/>\n<meta property=\"article:modified_time\" content=\"2025-06-19T03:41:26+00:00\" \/>\n<meta property=\"og:image\" content=\"https:\/\/vapingnet.de\/wp-content\/uploads\/2025\/03\/Strawberry-Mango.png\" \/>\n\t<meta property=\"og:image:width\" content=\"900\" \/>\n\t<meta property=\"og:image:height\" content=\"600\" \/>\n\t<meta property=\"og:image:type\" content=\"image\/png\" \/>\n<meta name=\"twitter:card\" content=\"summary_large_image\" \/>\n<meta name=\"twitter:label1\" content=\"Est. reading time\" \/>\n\t<meta name=\"twitter:data1\" content=\"4 minutes\" \/>\n<script type=\"application\/ld+json\" class=\"yoast-schema-graph\">{\"@context\":\"https:\/\/schema.org\",\"@graph\":[{\"@type\":\"WebPage\",\"@id\":\"https:\/\/vapingnet.de\/vape\/bang15000-puffs-strawberry-mango-der-ideale-begleiter-fuer-jedes-abenteuer\/\",\"url\":\"https:\/\/vapingnet.de\/vape\/bang15000-puffs-strawberry-mango-der-ideale-begleiter-fuer-jedes-abenteuer\/\",\"name\":\"Bang15000 Puffs Strawberry Mango Der ideale Begleiter f\u00fcr jedes Abenteuer | Vapingnet.de\",\"isPartOf\":{\"@id\":\"https:\/\/vapingnet.de\/#website\"},\"primaryImageOfPage\":{\"@id\":\"https:\/\/vapingnet.de\/vape\/bang15000-puffs-strawberry-mango-der-ideale-begleiter-fuer-jedes-abenteuer\/#primaryimage\"},\"image\":{\"@id\":\"https:\/\/vapingnet.de\/vape\/bang15000-puffs-strawberry-mango-der-ideale-begleiter-fuer-jedes-abenteuer\/#primaryimage\"},\"thumbnailUrl\":\"https:\/\/vapingnet.de\/wp-content\/uploads\/2025\/03\/Strawberry-Mango.png\",\"datePublished\":\"2025-03-13T06:37:35+00:00\",\"dateModified\":\"2025-06-19T03:41:26+00:00\",\"description\":\"Entdecke Bang15000 Puffs Strawberry Mango Der ideale Begleiter f\u00fcr jedes Abenteuer bei vapingnet.de, \u25ba Gro\u00dfe Auswahl an Geschmacksrichtungen & super g\u00fcnstig!\",\"breadcrumb\":{\"@id\":\"https:\/\/vapingnet.de\/vape\/bang15000-puffs-strawberry-mango-der-ideale-begleiter-fuer-jedes-abenteuer\/#breadcrumb\"},\"inLanguage\":\"sk-SK\",\"potentialAction\":[{\"@type\":\"ReadAction\",\"target\":[\"https:\/\/vapingnet.de\/vape\/bang15000-puffs-strawberry-mango-der-ideale-begleiter-fuer-jedes-abenteuer\/\"]}]},{\"@type\":\"ImageObject\",\"inLanguage\":\"sk-SK\",\"@id\":\"https:\/\/vapingnet.de\/vape\/bang15000-puffs-strawberry-mango-der-ideale-begleiter-fuer-jedes-abenteuer\/#primaryimage\",\"url\":\"https:\/\/vapingnet.de\/wp-content\/uploads\/2025\/03\/Strawberry-Mango.png\",\"contentUrl\":\"https:\/\/vapingnet.de\/wp-content\/uploads\/2025\/03\/Strawberry-Mango.png\",\"width\":900,\"height\":600,\"caption\":\"Strawberry Mango\"},{\"@type\":\"BreadcrumbList\",\"@id\":\"https:\/\/vapingnet.de\/vape\/bang15000-puffs-strawberry-mango-der-ideale-begleiter-fuer-jedes-abenteuer\/#breadcrumb\",\"itemListElement\":[{\"@type\":\"ListItem\",\"position\":1,\"name\":\"Home\",\"item\":\"https:\/\/vapingnet.de\/\"},{\"@type\":\"ListItem\",\"position\":2,\"name\":\"Shop\",\"item\":\"https:\/\/vapingnet.de\/vape\/\"},{\"@type\":\"ListItem\",\"position\":3,\"name\":\"Bang15000 Puffs Strawberry Mango Der ideale Begleiter f\u00fcr jedes Abenteuer\"}]},{\"@type\":\"WebSite\",\"@id\":\"https:\/\/vapingnet.de\/#website\",\"url\":\"https:\/\/vapingnet.de\/\",\"name\":\"Vapingnet.de\",\"description\":\"\",\"publisher\":{\"@id\":\"https:\/\/vapingnet.de\/#organization\"},\"potentialAction\":[{\"@type\":\"SearchAction\",\"target\":{\"@type\":\"EntryPoint\",\"urlTemplate\":\"https:\/\/vapingnet.de\/?s={search_term_string}\"},\"query-input\":{\"@type\":\"PropertyValueSpecification\",\"valueRequired\":true,\"valueName\":\"search_term_string\"}}],\"inLanguage\":\"sk-SK\"},{\"@type\":\"Organization\",\"@id\":\"https:\/\/vapingnet.de\/#organization\",\"name\":\"Vapingnet.de\",\"url\":\"https:\/\/vapingnet.de\/\",\"logo\":{\"@type\":\"ImageObject\",\"inLanguage\":\"sk-SK\",\"@id\":\"https:\/\/vapingnet.de\/#\/schema\/logo\/image\/\",\"url\":\"https:\/\/vapingnet.de\/wp-content\/uploads\/2025\/03\/cropped-vapingnet.de_.jpg\",\"contentUrl\":\"https:\/\/vapingnet.de\/wp-content\/uploads\/2025\/03\/cropped-vapingnet.de_.jpg\",\"width\":512,\"height\":512,\"caption\":\"Vapingnet.de\"},\"image\":{\"@id\":\"https:\/\/vapingnet.de\/#\/schema\/logo\/image\/\"},\"sameAs\":[\"https:\/\/www.facebook.com\/vapingnetde\/\"]}]}<\/script>\n<!-- \/ Yoast SEO plugin. -->","yoast_head_json":{"title":"Bang15000 Puffs Strawberry Mango Der ideale Begleiter f\u00fcr jedes Abenteuer | Vapingnet.de","description":"Entdecke Bang15000 Puffs Strawberry Mango Der ideale Begleiter f\u00fcr jedes Abenteuer bei vapingnet.de, \u25ba Gro\u00dfe Auswahl an Geschmacksrichtungen & super g\u00fcnstig!","robots":{"index":"index","follow":"follow","max-snippet":"max-snippet:-1","max-image-preview":"max-image-preview:large","max-video-preview":"max-video-preview:-1"},"canonical":"https:\/\/vapingnet.de\/sk\/vape\/bang15000-puffs-strawberry-mango-der-ideale-begleiter-fuer-jedes-abenteuer\/","og_locale":"sk_SK","og_type":"article","og_title":"Bang15000 Puffs Strawberry Mango Der ideale Begleiter f\u00fcr jedes Abenteuer | Vapingnet.de","og_description":"Entdecke Bang15000 Puffs Strawberry Mango Der ideale Begleiter f\u00fcr jedes Abenteuer bei vapingnet.de, \u25ba Gro\u00dfe Auswahl an Geschmacksrichtungen & super g\u00fcnstig!","og_url":"https:\/\/vapingnet.de\/sk\/vape\/bang15000-puffs-strawberry-mango-der-ideale-begleiter-fuer-jedes-abenteuer\/","og_site_name":"Vapingnet.de","article_publisher":"https:\/\/www.facebook.com\/vapingnetde\/","article_modified_time":"2025-06-19T03:41:26+00:00","og_image":[{"width":900,"height":600,"url":"https:\/\/vapingnet.de\/wp-content\/uploads\/2025\/03\/Strawberry-Mango.png","type":"image\/png"}],"twitter_card":"summary_large_image","twitter_misc":{"Est. reading time":"4 minutes"},"schema":{"@context":"https:\/\/schema.org","@graph":[{"@type":"WebPage","@id":"https:\/\/vapingnet.de\/vape\/bang15000-puffs-strawberry-mango-der-ideale-begleiter-fuer-jedes-abenteuer\/","url":"https:\/\/vapingnet.de\/vape\/bang15000-puffs-strawberry-mango-der-ideale-begleiter-fuer-jedes-abenteuer\/","name":"Bang15000 Puffs Strawberry Mango Der ideale Begleiter f\u00fcr jedes Abenteuer | Vapingnet.de","isPartOf":{"@id":"https:\/\/vapingnet.de\/#website"},"primaryImageOfPage":{"@id":"https:\/\/vapingnet.de\/vape\/bang15000-puffs-strawberry-mango-der-ideale-begleiter-fuer-jedes-abenteuer\/#primaryimage"},"image":{"@id":"https:\/\/vapingnet.de\/vape\/bang15000-puffs-strawberry-mango-der-ideale-begleiter-fuer-jedes-abenteuer\/#primaryimage"},"thumbnailUrl":"https:\/\/vapingnet.de\/wp-content\/uploads\/2025\/03\/Strawberry-Mango.png","datePublished":"2025-03-13T06:37:35+00:00","dateModified":"2025-06-19T03:41:26+00:00","description":"Entdecke Bang15000 Puffs Strawberry Mango Der ideale Begleiter f\u00fcr jedes Abenteuer bei vapingnet.de, \u25ba Gro\u00dfe Auswahl an Geschmacksrichtungen & super g\u00fcnstig!","breadcrumb":{"@id":"https:\/\/vapingnet.de\/vape\/bang15000-puffs-strawberry-mango-der-ideale-begleiter-fuer-jedes-abenteuer\/#breadcrumb"},"inLanguage":"sk-SK","potentialAction":[{"@type":"ReadAction","target":["https:\/\/vapingnet.de\/vape\/bang15000-puffs-strawberry-mango-der-ideale-begleiter-fuer-jedes-abenteuer\/"]}]},{"@type":"ImageObject","inLanguage":"sk-SK","@id":"https:\/\/vapingnet.de\/vape\/bang15000-puffs-strawberry-mango-der-ideale-begleiter-fuer-jedes-abenteuer\/#primaryimage","url":"https:\/\/vapingnet.de\/wp-content\/uploads\/2025\/03\/Strawberry-Mango.png","contentUrl":"https:\/\/vapingnet.de\/wp-content\/uploads\/2025\/03\/Strawberry-Mango.png","width":900,"height":600,"caption":"Strawberry Mango"},{"@type":"BreadcrumbList","@id":"https:\/\/vapingnet.de\/vape\/bang15000-puffs-strawberry-mango-der-ideale-begleiter-fuer-jedes-abenteuer\/#breadcrumb","itemListElement":[{"@type":"ListItem","position":1,"name":"Home","item":"https:\/\/vapingnet.de\/"},{"@type":"ListItem","position":2,"name":"Shop","item":"https:\/\/vapingnet.de\/vape\/"},{"@type":"ListItem","position":3,"name":"Bang15000 Puffs Strawberry Mango Der ideale Begleiter f\u00fcr jedes Abenteuer"}]},{"@type":"WebSite","@id":"https:\/\/vapingnet.de\/#website","url":"https:\/\/vapingnet.de\/","name":"Vapingnet.de","description":"","publisher":{"@id":"https:\/\/vapingnet.de\/#organization"},"potentialAction":[{"@type":"SearchAction","target":{"@type":"EntryPoint","urlTemplate":"https:\/\/vapingnet.de\/?s={search_term_string}"},"query-input":{"@type":"PropertyValueSpecification","valueRequired":true,"valueName":"search_term_string"}}],"inLanguage":"sk-SK"},{"@type":"Organization","@id":"https:\/\/vapingnet.de\/#organization","name":"Vapingnet.de","url":"https:\/\/vapingnet.de\/","logo":{"@type":"ImageObject","inLanguage":"sk-SK","@id":"https:\/\/vapingnet.de\/#\/schema\/logo\/image\/","url":"https:\/\/vapingnet.de\/wp-content\/uploads\/2025\/03\/cropped-vapingnet.de_.jpg","contentUrl":"https:\/\/vapingnet.de\/wp-content\/uploads\/2025\/03\/cropped-vapingnet.de_.jpg","width":512,"height":512,"caption":"Vapingnet.de"},"image":{"@id":"https:\/\/vapingnet.de\/#\/schema\/logo\/image\/"},"sameAs":["https:\/\/www.facebook.com\/vapingnetde\/"]}]}},"tiered_pricing_type":"fixed","tiered_pricing_fixed_rules":{"10":"7.31","60":"6.58","110":"5.85","200":"5.12"},"tiered_pricing_product_settings":{"layout":"default","base_unit_name":{"singular":null,"plural":null},"default_variation":null},"tiered_pricing_minimum_quantity":null,"tiered_pricing_roles_data":[],"tiered_pricing_percentage_rules":[],"_links":{"self":[{"href":"https:\/\/vapingnet.de\/sk\/wp-json\/wp\/v2\/product\/5233","targetHints":{"allow":["GET"]}}],"collection":[{"href":"https:\/\/vapingnet.de\/sk\/wp-json\/wp\/v2\/product"}],"about":[{"href":"https:\/\/vapingnet.de\/sk\/wp-json\/wp\/v2\/types\/product"}],"version-history":[{"count":2,"href":"https:\/\/vapingnet.de\/sk\/wp-json\/wp\/v2\/product\/5233\/revisions"}],"predecessor-version":[{"id":6908,"href":"https:\/\/vapingnet.de\/sk\/wp-json\/wp\/v2\/product\/5233\/revisions\/6908"}],"wp:featuredmedia":[{"embeddable":true,"href":"https:\/\/vapingnet.de\/sk\/wp-json\/wp\/v2\/media\/5216"}],"wp:attachment":[{"href":"https:\/\/vapingnet.de\/sk\/wp-json\/wp\/v2\/media?parent=5233"}],"wp:term":[{"taxonomy":"brand","embeddable":true,"href":"https:\/\/vapingnet.de\/sk\/wp-json\/wp\/v2\/etheme_brands?post=5233"},{"taxonomy":"product_brand","embeddable":true,"href":"https:\/\/vapingnet.de\/sk\/wp-json\/wp\/v2\/product_brand?post=5233"},{"taxonomy":"product_cat","embeddable":true,"href":"https:\/\/vapingnet.de\/sk\/wp-json\/wp\/v2\/product_cat?post=5233"},{"taxonomy":"product_tag","embeddable":true,"href":"https:\/\/vapingnet.de\/sk\/wp-json\/wp\/v2\/product_tag?post=5233"}],"curies":[{"name":"wp","href":"https:\/\/api.w.org\/{rel}","templated":true}]}}