{"id":5239,"date":"2025-03-13T06:56:14","date_gmt":"2025-03-13T06:56:14","guid":{"rendered":"https:\/\/vapingnet.de\/?post_type=product&#038;p=5239"},"modified":"2025-06-19T03:41:26","modified_gmt":"2025-06-19T03:41:26","slug":"bang-30000-puffs-dual-flavor-duty-free-einweg-vape-mit-red-bull-und-blueberry-watermelon-fuer-langanhaltenden-geschmack","status":"publish","type":"product","link":"https:\/\/vapingnet.de\/sk\/vape\/bang-30000-puffs-dual-flavor-duty-free-einweg-vape-mit-red-bull-und-blueberry-watermelon-fuer-langanhaltenden-geschmack\/","title":{"rendered":"Bang 30000 Puffs Dvojit\u00e1 pr\u00edchu\u0165 Duty free Jednorazov\u00e9 Vape s Red Bull a Blueberry Watermelon pre dlhodob\u00fa chu\u0165"},"content":{"rendered":"<h2 data-start=\"0\" data-end=\"94\">Bang 30000 Puffs Dual Flavor \u2013 Dlhodob\u00e9 pote\u0161enie s dvoma pr\u00edchu\u0165ami!<\/h2>\n<p data-start=\"96\" data-end=\"477\">H\u013ead\u00e1\u0161 kvalitn\u00fd jednorazov\u00fd vaporiz\u00e9r, ktor\u00fd vydr\u017e\u00ed extr\u00e9mne dlho a z\u00e1rove\u0148 pon\u00faka dve \u00fa\u017easn\u00e9 pr\u00edchute? Potom je Bang 30000 Puffs Dual Flavor Disposable presne to, \u010do h\u013ead\u00e1\u0161! S <a href=\"https:\/\/vapingnet.de\/sk\/k\/vape-30000-zuege\/\" target=\"_blank\" rel=\"noopener\"><strong>30 000 \u0165ahov<\/strong><\/a>, dob\u00edjate\u013enou bat\u00e9riou a nastavite\u013en\u00fdm airflow si u\u017eije\u0161 maxim\u00e1lnu slobodu a jedine\u010dn\u00fd z\u00e1\u017eitok z vapovania.<\/p>\n<h4 data-start=\"486\" data-end=\"534\">\ud83d\udd25 Preh\u013ead produktov\u00fdch hlavn\u00fdch vlastnost\u00ed!<\/h4>\n<p data-start=\"535\" data-end=\"1373\">\u2705 Ultra dlh\u00e1 v\u00fddr\u017e \u2013 a\u017e 30 000 \u0165ahov, pre nekone\u010dn\u00fd z\u00e1\u017eitok z parenia!<br data-start=\"615\" data-end=\"618\" \/>\u2705 Dve pr\u00edchute \u2013 jednoducho prep\u00ednaj medzi Red Bull a Blueberry Watermelon!<br data-start=\"714\" data-end=\"717\" \/>\u2705 Nastavite\u013en\u00fd airflow \u2013 prisp\u00f4sob si odpor \u0165ahu pod\u013ea svojich preferenci\u00ed!<br data-start=\"805\" data-end=\"808\" \/>\u2705 Inovat\u00edvna mesh cievka (1,0\u03a9) \u2013 rovnomern\u00e9, intenz\u00edvne oblaky pary s plnou chu\u0165ou!<br data-start=\"901\" data-end=\"904\" \/>\u2705 LED digit\u00e1lny displej \u2013 v\u017edy preh\u013ead o stave bat\u00e9rie a pr\u00edchuti!<br data-start=\"973\" data-end=\"976\" \/>\u2705 550mAh dob\u00edjate\u013en\u00e1 bat\u00e9ria \u2013 USB-C port pre r\u00fdchle a pohodln\u00e9 nab\u00edjanie!<br data-start=\"1063\" data-end=\"1066\" \/>\u2705 Obrovsk\u00e1 kapacita n\u00e1plne \u2013 36ml pre e\u0161te dlh\u0161ie pou\u017e\u00edvanie!<br data-start=\"1138\" data-end=\"1141\" \/>\u2705 R\u00f4zne nikot\u00ednov\u00e9 koncentr\u00e1cie \u2013 0% \/ 2% \/ 3% \/ 5%, vhodn\u00e9 pre ka\u017ed\u00fa chu\u0165! (0% &amp; 3% dostupn\u00e9 len na dopyt vo ve\u013ek\u00fdch mno\u017estv\u00e1ch)<\/p>\n<h4 data-start=\"1382\" data-end=\"1445\">\ud83d\udca8 Dve pr\u00edchute pre neobmedzen\u00e9 pote\u0161enie!<\/h4>\n<p data-start=\"1446\" data-end=\"1749\">V\u010faka dual-flavor dizajnu m\u00f4\u017ee\u0161 prep\u00edna\u0165 medzi Red Bull a Blueberry Watermelon \u2013 ide\u00e1lne pre ka\u017ed\u00fa n\u00e1ladu! Za\u010dni de\u0148 osvie\u017euj\u00facou energetickou pr\u00edchu\u0165ou alebo sa relaxuj popoludn\u00ed s ovocnou a svie\u017eou sladkos\u0165ou!<\/p>\n<h3 data-start=\"1758\" data-end=\"1794\">\u26a1 Pre\u010do si vybra\u0165 Bang 30000?<\/h3>\n<p data-start=\"1795\" data-end=\"2198\">\ud83d\udd39 Vydr\u017e\u00ed dlh\u0161ie ako be\u017en\u00e9 jednorazov\u00e9 vaporiz\u00e9ry \u2013 s 30 000 \u0165ahmi u\u0161etr\u00ed\u0161 peniaze!<br data-start=\"1888\" data-end=\"1891\" \/>\ud83d\udd39 Viac kontroly, viac komfortu \u2013 LED displej + regul\u00e1cia airflow pre individu\u00e1lny z\u00e1\u017eitok z vapovania!<br data-start=\"1999\" data-end=\"2002\" \/>\ud83d\udd39 Vyber si obsah nikot\u00ednu \u2013 ide\u00e1lne pre t\u00fdch, ktor\u00ed si chc\u00fa prisp\u00f4sobi\u0165 alebo zn\u00ed\u017ei\u0165 svoj pr\u00edjem!<br data-start=\"2101\" data-end=\"2104\" \/>\ud83d\udd39 \u017diadne clo, \u017eiadny stres \u2013 doprava priamo z Deutschland, r\u00fdchlo a jednoducho!<\/p>\n<p data-start=\"2207\" data-end=\"2331\">\ud83d\udce6 Objednaj teraz a za\u017ei ultim\u00e1tny z\u00e1\u017eitok z vapovania!<br data-start=\"2272\" data-end=\"2275\" \/>\ud83d\udc49 Odkaz na obchod: <a href=\"https:\/\/vapingnet.de\/sk\/\" target=\"_new\" rel=\"noopener\" data-start=\"2293\" data-end=\"2329\">vapingnet.de<\/a><\/p>\n<p data-start=\"2333\" data-end=\"2405\" data-is-last-node=\"\" data-is-only-node=\"\">Z\u00edskaj Bang 30000 a objav vapovanie na novej \u00farovni! \ud83d\ude80\ud83d\udd25<\/p>","protected":false},"excerpt":{"rendered":"<p>Bang 30000 Puffs Dual Flavor \u2013 Langanhaltender Genuss mit zwei Geschmacksrichtungen! Suchst du nach einem hochwertigen Einweg-Vape, das extrem lange h\u00e4lt und gleichzeitig zwei fantastische&#8230;<\/p>","protected":false},"featured_media":5240,"template":"","meta":[],"etheme_brands":[],"product_brand":[101],"product_cat":[56,49,61],"product_tag":[],"class_list":{"0":"post-5239","1":"product","2":"type-product","3":"status-publish","4":"has-post-thumbnail","6":"product_brand-bang-king-vape","7":"product_cat-vape-30000-zuege","8":"product_cat-einweg-e-zigarette","9":"product_cat-f","11":"first","12":"instock","13":"shipping-taxable","14":"purchasable","15":"product-type-simple"},"yoast_head":"<!-- This site is optimized with the Yoast SEO plugin v26.5 - https:\/\/yoast.com\/wordpress\/plugins\/seo\/ -->\n<title>Bang 30000 Puffs Dual Flavor Duty free Einweg Vape mit Red Bull und Blueberry Watermelon f\u00fcr langanhaltenden Geschmack | Vapingnet.de<\/title>\n<meta name=\"description\" content=\"Entdecke Bang 30000 Puffs Dual Flavor Duty free Einweg Vape mit Red Bull und Blueberry Watermelon f\u00fcr langanhaltenden Geschmack bei vapingnet.de, \u25ba Gro\u00dfe Auswahl an Geschmacksrichtungen &amp; super g\u00fcnstig!\" \/>\n<meta name=\"robots\" content=\"index, follow, max-snippet:-1, max-image-preview:large, max-video-preview:-1\" \/>\n<link rel=\"canonical\" href=\"https:\/\/vapingnet.de\/sk\/vape\/bang-30000-puffs-dual-flavor-duty-free-einweg-vape-mit-red-bull-und-blueberry-watermelon-fuer-langanhaltenden-geschmack\/\" \/>\n<meta property=\"og:locale\" content=\"sk_SK\" \/>\n<meta property=\"og:type\" content=\"article\" \/>\n<meta property=\"og:title\" content=\"Bang 30000 Puffs Dual Flavor Duty free Einweg Vape mit Red Bull und Blueberry Watermelon f\u00fcr langanhaltenden Geschmack | Vapingnet.de\" \/>\n<meta property=\"og:description\" content=\"Entdecke Bang 30000 Puffs Dual Flavor Duty free Einweg Vape mit Red Bull und Blueberry Watermelon f\u00fcr langanhaltenden Geschmack bei vapingnet.de, \u25ba Gro\u00dfe Auswahl an Geschmacksrichtungen &amp; super g\u00fcnstig!\" \/>\n<meta property=\"og:url\" content=\"https:\/\/vapingnet.de\/sk\/vape\/bang-30000-puffs-dual-flavor-duty-free-einweg-vape-mit-red-bull-und-blueberry-watermelon-fuer-langanhaltenden-geschmack\/\" \/>\n<meta property=\"og:site_name\" content=\"Vapingnet.de\" \/>\n<meta property=\"article:publisher\" content=\"https:\/\/www.facebook.com\/vapingnetde\/\" \/>\n<meta property=\"article:modified_time\" content=\"2025-06-19T03:41:26+00:00\" \/>\n<meta property=\"og:image\" content=\"https:\/\/vapingnet.de\/wp-content\/uploads\/2025\/03\/Red-Bull-und-Blueberry-Watermelon.png\" \/>\n\t<meta property=\"og:image:width\" content=\"900\" \/>\n\t<meta property=\"og:image:height\" content=\"600\" \/>\n\t<meta property=\"og:image:type\" content=\"image\/png\" \/>\n<meta name=\"twitter:card\" content=\"summary_large_image\" \/>\n<meta name=\"twitter:label1\" content=\"Est. reading time\" \/>\n\t<meta name=\"twitter:data1\" content=\"2 minutes\" \/>\n<script type=\"application\/ld+json\" class=\"yoast-schema-graph\">{\"@context\":\"https:\/\/schema.org\",\"@graph\":[{\"@type\":\"WebPage\",\"@id\":\"https:\/\/vapingnet.de\/vape\/bang-30000-puffs-dual-flavor-duty-free-einweg-vape-mit-red-bull-und-blueberry-watermelon-fuer-langanhaltenden-geschmack\/\",\"url\":\"https:\/\/vapingnet.de\/vape\/bang-30000-puffs-dual-flavor-duty-free-einweg-vape-mit-red-bull-und-blueberry-watermelon-fuer-langanhaltenden-geschmack\/\",\"name\":\"Bang 30000 Puffs Dual Flavor Duty free Einweg Vape mit Red Bull und Blueberry Watermelon f\u00fcr langanhaltenden Geschmack | Vapingnet.de\",\"isPartOf\":{\"@id\":\"https:\/\/vapingnet.de\/#website\"},\"primaryImageOfPage\":{\"@id\":\"https:\/\/vapingnet.de\/vape\/bang-30000-puffs-dual-flavor-duty-free-einweg-vape-mit-red-bull-und-blueberry-watermelon-fuer-langanhaltenden-geschmack\/#primaryimage\"},\"image\":{\"@id\":\"https:\/\/vapingnet.de\/vape\/bang-30000-puffs-dual-flavor-duty-free-einweg-vape-mit-red-bull-und-blueberry-watermelon-fuer-langanhaltenden-geschmack\/#primaryimage\"},\"thumbnailUrl\":\"https:\/\/vapingnet.de\/wp-content\/uploads\/2025\/03\/Red-Bull-und-Blueberry-Watermelon.png\",\"datePublished\":\"2025-03-13T06:56:14+00:00\",\"dateModified\":\"2025-06-19T03:41:26+00:00\",\"description\":\"Entdecke Bang 30000 Puffs Dual Flavor Duty free Einweg Vape mit Red Bull und Blueberry Watermelon f\u00fcr langanhaltenden Geschmack bei vapingnet.de, \u25ba Gro\u00dfe Auswahl an Geschmacksrichtungen & super g\u00fcnstig!\",\"breadcrumb\":{\"@id\":\"https:\/\/vapingnet.de\/vape\/bang-30000-puffs-dual-flavor-duty-free-einweg-vape-mit-red-bull-und-blueberry-watermelon-fuer-langanhaltenden-geschmack\/#breadcrumb\"},\"inLanguage\":\"sk-SK\",\"potentialAction\":[{\"@type\":\"ReadAction\",\"target\":[\"https:\/\/vapingnet.de\/vape\/bang-30000-puffs-dual-flavor-duty-free-einweg-vape-mit-red-bull-und-blueberry-watermelon-fuer-langanhaltenden-geschmack\/\"]}]},{\"@type\":\"ImageObject\",\"inLanguage\":\"sk-SK\",\"@id\":\"https:\/\/vapingnet.de\/vape\/bang-30000-puffs-dual-flavor-duty-free-einweg-vape-mit-red-bull-und-blueberry-watermelon-fuer-langanhaltenden-geschmack\/#primaryimage\",\"url\":\"https:\/\/vapingnet.de\/wp-content\/uploads\/2025\/03\/Red-Bull-und-Blueberry-Watermelon.png\",\"contentUrl\":\"https:\/\/vapingnet.de\/wp-content\/uploads\/2025\/03\/Red-Bull-und-Blueberry-Watermelon.png\",\"width\":900,\"height\":600,\"caption\":\"Red Bull und Blueberry Watermelon\"},{\"@type\":\"BreadcrumbList\",\"@id\":\"https:\/\/vapingnet.de\/vape\/bang-30000-puffs-dual-flavor-duty-free-einweg-vape-mit-red-bull-und-blueberry-watermelon-fuer-langanhaltenden-geschmack\/#breadcrumb\",\"itemListElement\":[{\"@type\":\"ListItem\",\"position\":1,\"name\":\"Home\",\"item\":\"https:\/\/vapingnet.de\/\"},{\"@type\":\"ListItem\",\"position\":2,\"name\":\"Shop\",\"item\":\"https:\/\/vapingnet.de\/vape\/\"},{\"@type\":\"ListItem\",\"position\":3,\"name\":\"Bang 30000 Puffs Dual Flavor Duty free Einweg Vape mit Red Bull und Blueberry Watermelon f\u00fcr langanhaltenden Geschmack\"}]},{\"@type\":\"WebSite\",\"@id\":\"https:\/\/vapingnet.de\/#website\",\"url\":\"https:\/\/vapingnet.de\/\",\"name\":\"Vapingnet.de\",\"description\":\"\",\"publisher\":{\"@id\":\"https:\/\/vapingnet.de\/#organization\"},\"potentialAction\":[{\"@type\":\"SearchAction\",\"target\":{\"@type\":\"EntryPoint\",\"urlTemplate\":\"https:\/\/vapingnet.de\/?s={search_term_string}\"},\"query-input\":{\"@type\":\"PropertyValueSpecification\",\"valueRequired\":true,\"valueName\":\"search_term_string\"}}],\"inLanguage\":\"sk-SK\"},{\"@type\":\"Organization\",\"@id\":\"https:\/\/vapingnet.de\/#organization\",\"name\":\"Vapingnet.de\",\"url\":\"https:\/\/vapingnet.de\/\",\"logo\":{\"@type\":\"ImageObject\",\"inLanguage\":\"sk-SK\",\"@id\":\"https:\/\/vapingnet.de\/#\/schema\/logo\/image\/\",\"url\":\"https:\/\/vapingnet.de\/wp-content\/uploads\/2025\/03\/cropped-vapingnet.de_.jpg\",\"contentUrl\":\"https:\/\/vapingnet.de\/wp-content\/uploads\/2025\/03\/cropped-vapingnet.de_.jpg\",\"width\":512,\"height\":512,\"caption\":\"Vapingnet.de\"},\"image\":{\"@id\":\"https:\/\/vapingnet.de\/#\/schema\/logo\/image\/\"},\"sameAs\":[\"https:\/\/www.facebook.com\/vapingnetde\/\"]}]}<\/script>\n<!-- \/ Yoast SEO plugin. -->","yoast_head_json":{"title":"Bang 30000 Puffs Dual Flavor Duty free Einweg Vape mit Red Bull und Blueberry Watermelon f\u00fcr langanhaltenden Geschmack | Vapingnet.de","description":"Entdecke Bang 30000 Puffs Dual Flavor Duty free Einweg Vape mit Red Bull und Blueberry Watermelon f\u00fcr langanhaltenden Geschmack bei vapingnet.de, \u25ba Gro\u00dfe Auswahl an Geschmacksrichtungen & super g\u00fcnstig!","robots":{"index":"index","follow":"follow","max-snippet":"max-snippet:-1","max-image-preview":"max-image-preview:large","max-video-preview":"max-video-preview:-1"},"canonical":"https:\/\/vapingnet.de\/sk\/vape\/bang-30000-puffs-dual-flavor-duty-free-einweg-vape-mit-red-bull-und-blueberry-watermelon-fuer-langanhaltenden-geschmack\/","og_locale":"sk_SK","og_type":"article","og_title":"Bang 30000 Puffs Dual Flavor Duty free Einweg Vape mit Red Bull und Blueberry Watermelon f\u00fcr langanhaltenden Geschmack | Vapingnet.de","og_description":"Entdecke Bang 30000 Puffs Dual Flavor Duty free Einweg Vape mit Red Bull und Blueberry Watermelon f\u00fcr langanhaltenden Geschmack bei vapingnet.de, \u25ba Gro\u00dfe Auswahl an Geschmacksrichtungen & super g\u00fcnstig!","og_url":"https:\/\/vapingnet.de\/sk\/vape\/bang-30000-puffs-dual-flavor-duty-free-einweg-vape-mit-red-bull-und-blueberry-watermelon-fuer-langanhaltenden-geschmack\/","og_site_name":"Vapingnet.de","article_publisher":"https:\/\/www.facebook.com\/vapingnetde\/","article_modified_time":"2025-06-19T03:41:26+00:00","og_image":[{"width":900,"height":600,"url":"https:\/\/vapingnet.de\/wp-content\/uploads\/2025\/03\/Red-Bull-und-Blueberry-Watermelon.png","type":"image\/png"}],"twitter_card":"summary_large_image","twitter_misc":{"Est. reading time":"2 minutes"},"schema":{"@context":"https:\/\/schema.org","@graph":[{"@type":"WebPage","@id":"https:\/\/vapingnet.de\/vape\/bang-30000-puffs-dual-flavor-duty-free-einweg-vape-mit-red-bull-und-blueberry-watermelon-fuer-langanhaltenden-geschmack\/","url":"https:\/\/vapingnet.de\/vape\/bang-30000-puffs-dual-flavor-duty-free-einweg-vape-mit-red-bull-und-blueberry-watermelon-fuer-langanhaltenden-geschmack\/","name":"Bang 30000 Puffs Dual Flavor Duty free Einweg Vape mit Red Bull und Blueberry Watermelon f\u00fcr langanhaltenden Geschmack | Vapingnet.de","isPartOf":{"@id":"https:\/\/vapingnet.de\/#website"},"primaryImageOfPage":{"@id":"https:\/\/vapingnet.de\/vape\/bang-30000-puffs-dual-flavor-duty-free-einweg-vape-mit-red-bull-und-blueberry-watermelon-fuer-langanhaltenden-geschmack\/#primaryimage"},"image":{"@id":"https:\/\/vapingnet.de\/vape\/bang-30000-puffs-dual-flavor-duty-free-einweg-vape-mit-red-bull-und-blueberry-watermelon-fuer-langanhaltenden-geschmack\/#primaryimage"},"thumbnailUrl":"https:\/\/vapingnet.de\/wp-content\/uploads\/2025\/03\/Red-Bull-und-Blueberry-Watermelon.png","datePublished":"2025-03-13T06:56:14+00:00","dateModified":"2025-06-19T03:41:26+00:00","description":"Entdecke Bang 30000 Puffs Dual Flavor Duty free Einweg Vape mit Red Bull und Blueberry Watermelon f\u00fcr langanhaltenden Geschmack bei vapingnet.de, \u25ba Gro\u00dfe Auswahl an Geschmacksrichtungen & super g\u00fcnstig!","breadcrumb":{"@id":"https:\/\/vapingnet.de\/vape\/bang-30000-puffs-dual-flavor-duty-free-einweg-vape-mit-red-bull-und-blueberry-watermelon-fuer-langanhaltenden-geschmack\/#breadcrumb"},"inLanguage":"sk-SK","potentialAction":[{"@type":"ReadAction","target":["https:\/\/vapingnet.de\/vape\/bang-30000-puffs-dual-flavor-duty-free-einweg-vape-mit-red-bull-und-blueberry-watermelon-fuer-langanhaltenden-geschmack\/"]}]},{"@type":"ImageObject","inLanguage":"sk-SK","@id":"https:\/\/vapingnet.de\/vape\/bang-30000-puffs-dual-flavor-duty-free-einweg-vape-mit-red-bull-und-blueberry-watermelon-fuer-langanhaltenden-geschmack\/#primaryimage","url":"https:\/\/vapingnet.de\/wp-content\/uploads\/2025\/03\/Red-Bull-und-Blueberry-Watermelon.png","contentUrl":"https:\/\/vapingnet.de\/wp-content\/uploads\/2025\/03\/Red-Bull-und-Blueberry-Watermelon.png","width":900,"height":600,"caption":"Red Bull und Blueberry Watermelon"},{"@type":"BreadcrumbList","@id":"https:\/\/vapingnet.de\/vape\/bang-30000-puffs-dual-flavor-duty-free-einweg-vape-mit-red-bull-und-blueberry-watermelon-fuer-langanhaltenden-geschmack\/#breadcrumb","itemListElement":[{"@type":"ListItem","position":1,"name":"Home","item":"https:\/\/vapingnet.de\/"},{"@type":"ListItem","position":2,"name":"Shop","item":"https:\/\/vapingnet.de\/vape\/"},{"@type":"ListItem","position":3,"name":"Bang 30000 Puffs Dual Flavor Duty free Einweg Vape mit Red Bull und Blueberry Watermelon f\u00fcr langanhaltenden Geschmack"}]},{"@type":"WebSite","@id":"https:\/\/vapingnet.de\/#website","url":"https:\/\/vapingnet.de\/","name":"Vapingnet.de","description":"","publisher":{"@id":"https:\/\/vapingnet.de\/#organization"},"potentialAction":[{"@type":"SearchAction","target":{"@type":"EntryPoint","urlTemplate":"https:\/\/vapingnet.de\/?s={search_term_string}"},"query-input":{"@type":"PropertyValueSpecification","valueRequired":true,"valueName":"search_term_string"}}],"inLanguage":"sk-SK"},{"@type":"Organization","@id":"https:\/\/vapingnet.de\/#organization","name":"Vapingnet.de","url":"https:\/\/vapingnet.de\/","logo":{"@type":"ImageObject","inLanguage":"sk-SK","@id":"https:\/\/vapingnet.de\/#\/schema\/logo\/image\/","url":"https:\/\/vapingnet.de\/wp-content\/uploads\/2025\/03\/cropped-vapingnet.de_.jpg","contentUrl":"https:\/\/vapingnet.de\/wp-content\/uploads\/2025\/03\/cropped-vapingnet.de_.jpg","width":512,"height":512,"caption":"Vapingnet.de"},"image":{"@id":"https:\/\/vapingnet.de\/#\/schema\/logo\/image\/"},"sameAs":["https:\/\/www.facebook.com\/vapingnetde\/"]}]}},"tiered_pricing_type":"fixed","tiered_pricing_fixed_rules":{"10":"9.49","60":"8.54","110":"7.59","200":"6.64"},"tiered_pricing_product_settings":{"layout":"default","base_unit_name":{"singular":null,"plural":null},"default_variation":null},"tiered_pricing_minimum_quantity":null,"tiered_pricing_roles_data":[],"tiered_pricing_percentage_rules":[],"_links":{"self":[{"href":"https:\/\/vapingnet.de\/sk\/wp-json\/wp\/v2\/product\/5239","targetHints":{"allow":["GET"]}}],"collection":[{"href":"https:\/\/vapingnet.de\/sk\/wp-json\/wp\/v2\/product"}],"about":[{"href":"https:\/\/vapingnet.de\/sk\/wp-json\/wp\/v2\/types\/product"}],"version-history":[{"count":2,"href":"https:\/\/vapingnet.de\/sk\/wp-json\/wp\/v2\/product\/5239\/revisions"}],"predecessor-version":[{"id":5246,"href":"https:\/\/vapingnet.de\/sk\/wp-json\/wp\/v2\/product\/5239\/revisions\/5246"}],"wp:featuredmedia":[{"embeddable":true,"href":"https:\/\/vapingnet.de\/sk\/wp-json\/wp\/v2\/media\/5240"}],"wp:attachment":[{"href":"https:\/\/vapingnet.de\/sk\/wp-json\/wp\/v2\/media?parent=5239"}],"wp:term":[{"taxonomy":"brand","embeddable":true,"href":"https:\/\/vapingnet.de\/sk\/wp-json\/wp\/v2\/etheme_brands?post=5239"},{"taxonomy":"product_brand","embeddable":true,"href":"https:\/\/vapingnet.de\/sk\/wp-json\/wp\/v2\/product_brand?post=5239"},{"taxonomy":"product_cat","embeddable":true,"href":"https:\/\/vapingnet.de\/sk\/wp-json\/wp\/v2\/product_cat?post=5239"},{"taxonomy":"product_tag","embeddable":true,"href":"https:\/\/vapingnet.de\/sk\/wp-json\/wp\/v2\/product_tag?post=5239"}],"curies":[{"name":"wp","href":"https:\/\/api.w.org\/{rel}","templated":true}]}}