{"id":5257,"date":"2025-03-13T08:47:48","date_gmt":"2025-03-13T08:47:48","guid":{"rendered":"https:\/\/vapingnet.de\/?post_type=product&#038;p=5257"},"modified":"2025-06-19T03:41:24","modified_gmt":"2025-06-19T03:41:24","slug":"bang-30000-puffs-einweg-e-zigarette-blueberry-raspberry-und-peach-mango-watermelon-jetzt-zum-grosshandelspreis","status":"publish","type":"product","link":"https:\/\/vapingnet.de\/sk\/vape\/bang-30000-puffs-einweg-e-zigarette-blueberry-raspberry-und-peach-mango-watermelon-jetzt-zum-grosshandelspreis\/","title":{"rendered":"Bang 30000 Puffs Jednorazov\u00e1 elektronick\u00e1 cigareta Blueberry Raspberry a Peach Mango Watermelon teraz za ve\u013ekoobchodn\u00fa cenu"},"content":{"rendered":"<h2 data-start=\"0\" data-end=\"107\">Bang King 30000 Puffs Dual Flavor Disposable \u2013 Dvojit\u00e1 rozmanitos\u0165 chut\u00ed, dlhodob\u00fd p\u00f4\u017eitok<\/h2>\n<p data-start=\"136\" data-end=\"541\">T\u00e1 <a href=\"https:\/\/vapingnet.de\/sk\/bang-king-30000-puffs\/\" target=\"_blank\" rel=\"noopener\"><strong>Bang King 30000 Pufov Dual Flavor Jednorazov\u00e1 e-cigareta <\/strong><\/a>je inovat\u00edvna e-cigareta s mimoriadnou \u017eivotnos\u0165ou a vysokokvalitnou chu\u0165ou. S 30 000 \u0165ahmi a obrovskou n\u00e1dr\u017ekou na 36 ml tekutiny pon\u00faka bezkonkuren\u010dn\u00fd z\u00e1\u017eitok z pou\u017e\u00edvania. V\u010faka technol\u00f3gii Dual-Flavor si m\u00f4\u017ee\u0161 prep\u00edna\u0165 medzi dvoma chu\u0165ami a prisp\u00f4sobi\u0165 si svoj z\u00e1\u017eitok s paren\u00edm.<\/p>\n<h4 data-start=\"543\" data-end=\"566\">Hlavn\u00e9 vlastnosti<\/h4>\n<ul data-start=\"567\" data-end=\"2073\">\n<li data-start=\"567\" data-end=\"930\">\n<p data-start=\"569\" data-end=\"603\">Dvojit\u00e1 rozmanitos\u0165 chut\u00ed:<\/p>\n<ol data-start=\"606\" data-end=\"930\">\n<li data-start=\"606\" data-end=\"767\">Blueberry Raspberry \u2013 Perfektn\u00e1 zmes sladk\u00fdch \u010du\u010doriedok a mierne kysl\u00fdch mal\u00edn pre ovocn\u00fd osvie\u017euj\u00faci z\u00e1\u017eitok.<\/li>\n<li data-start=\"770\" data-end=\"930\">Peach Mango Watermelon \u2013 Lahodn\u00e1 kombin\u00e1cia zrel\u00e9ho broskyne, exotickej manga a osvie\u017euj\u00facej vodnej mel\u00f3nu.<\/li>\n<\/ol>\n<\/li>\n<li data-start=\"932\" data-end=\"1173\">\n<p data-start=\"934\" data-end=\"1173\">Extr\u00e9mne dlh\u00e1 \u017eivotnos\u0165:<br data-start=\"963\" data-end=\"966\" \/>S 30 000 \u0165ahmi pon\u00faka Bang King ove\u013ea dlh\u0161\u00ed z\u00e1\u017eitok z parenia ako be\u017en\u00e9 e-cigarety. Ide\u00e1lne pre t\u00fdch, ktor\u00ed h\u013eadaj\u00fa dlhodob\u00fd p\u00f4\u017eitok bez neust\u00e1leho dop\u013a\u0148ania alebo v\u00fdmeny.<\/p>\n<\/li>\n<li data-start=\"1175\" data-end=\"1383\">\n<p data-start=\"1177\" data-end=\"1383\">Mesh Coil 1.0\u03a9 technol\u00f3gia:<br data-start=\"1208\" data-end=\"1211\" \/>Technol\u00f3gia Mesh Coil 1.0\u03a9 zabezpe\u010duje rovnomern\u00e9 odparovanie a intenz\u00edvnu chu\u0165. V\u00fdsledok: hust\u00fd dym a mimoriadne pr\u00edjemn\u00fd pocit pri \u0165ahan\u00ed.<\/p>\n<\/li>\n<li data-start=\"1385\" data-end=\"1551\">\n<p data-start=\"1387\" data-end=\"1551\">Regulovate\u013en\u00fd pr\u00edvod vzduchu:<br data-start=\"1415\" data-end=\"1418\" \/>Pomocou nastavite\u013en\u00e9ho airflow si m\u00f4\u017eete individu\u00e1lne prisp\u00f4sobi\u0165 odpor pri \u0165ahan\u00ed \u2013 pre presne tak\u00fd z\u00e1\u017eitok z parenia, ak\u00fd preferujete.<\/p>\n<\/li>\n<li data-start=\"1553\" data-end=\"1754\">\n<p data-start=\"1555\" data-end=\"1754\">Dob\u00edjate\u013en\u00e1 bat\u00e9ria 550mAh:<br data-start=\"1589\" data-end=\"1592\" \/>V\u00fdkonn\u00e1 bat\u00e9ria s kapacitou 550mAh sa r\u00fdchlo nab\u00edja cez Type-C port, aby ste boli v\u017edy pripraven\u00ed na \u010fal\u0161\u00ed z\u00e1\u017eitok z parenia.<\/p>\n<\/li>\n<li data-start=\"1756\" data-end=\"1891\">\n<p data-start=\"1758\" data-end=\"1891\">36 ml n\u00e1dr\u017e na tekutinu:<br data-start=\"1779\" data-end=\"1782\" \/>S obrovskou n\u00e1dr\u017ekou na 36 ml si m\u00f4\u017eete vychutn\u00e1va\u0165 dlhodob\u00fd p\u00f4\u017eitok z parenia bez neust\u00e1leho dop\u013a\u0148ania.<\/p>\n<\/li>\n<li data-start=\"1893\" data-end=\"2073\">\n<p data-start=\"1895\" data-end=\"2073\">LED digit\u00e1lny displej:<br data-start=\"1918\" data-end=\"1921\" \/>Inteligentn\u00fd LED displej v\u00e1m uk\u00e1\u017ee aktu\u00e1lnu \u00farove\u0148 bat\u00e9rie a zvolen\u00fa chu\u0165, aby ste mali v\u017edy preh\u013ead.<\/p>\n<\/li>\n<\/ul>\n<h4 data-start=\"2075\" data-end=\"2110\">Pre koho je vhodn\u00e1?<\/h4>\n<p data-start=\"2111\" data-end=\"2530\">\u2714 Milovn\u00edci e-cigariet: \u010ci u\u017e ste za\u010diato\u010dn\u00edk alebo sk\u00fasen\u00fd vap\u00e9r \u2013 Bang King v\u00e1m pon\u00faka prvotriedny, dlhodob\u00fd z\u00e1\u017eitok.<br data-start=\"2251\" data-end=\"2254\" \/>\u2714 Objavite\u013e chuti: V\u010faka technol\u00f3gii Dual-Flavor si m\u00f4\u017eete vychutna\u0165 dve r\u00f4zne ar\u00f3my a kedyko\u013evek ich meni\u0165.<br data-start=\"2382\" data-end=\"2385\" \/>\u2714 Praktick\u00ed gurm\u00e1ni: S dob\u00edjate\u013enou bat\u00e9riou, ve\u013ek\u00fdm z\u00e1sobn\u00edkom na liquid a jednoduch\u00fdm ovl\u00e1dan\u00edm je t\u00e1to e-cigareta ide\u00e1lna na cestovanie.<\/p>\n<h4 data-start=\"2532\" data-end=\"2565\">Mo\u017enosti v\u00fdberu nikot\u00ednov\u00fdch s\u00edl<\/h4>\n<p data-start=\"2566\" data-end=\"2648\">Pod\u013ea preferenci\u00ed si m\u00f4\u017eete vybra\u0165 medzi r\u00f4znymi koncentr\u00e1ciami nikot\u00ednu:<\/p>\n<ul data-start=\"2649\" data-end=\"2871\">\n<li data-start=\"2649\" data-end=\"2708\">0% \u2013 Bez nikot\u00ednu pre \u010dist\u00fd z\u00e1\u017eitok z chuti.<\/li>\n<li data-start=\"2709\" data-end=\"2871\">2%, 3% a 5% \u2013 Individu\u00e1lne nikot\u00ednov\u00e9 sily pre ka\u017ed\u00fd typ vapera.<br data-start=\"2788\" data-end=\"2791\" \/>(Upozornenie: nikot\u00edn 0% a 3% s\u00fa dostupn\u00e9 iba pre ve\u013ekoobjemov\u00e9 objedn\u00e1vky.)<\/li>\n<\/ul>\n<h3>Pre\u010do Bang King 30000 Puffs Dual Flavor Disposable?<\/h3>\n<p data-start=\"2935\" data-end=\"3391\">\u2705 Mimoriadne dlh\u00e9 pou\u017e\u00edvanie: A\u017e 30 000 \u0165ahov pre vytrval\u00fd z\u00e1\u017eitok z vapovania.<br data-start=\"3026\" data-end=\"3029\" \/>\u2705 Dve pr\u00edchute v jednom zariaden\u00ed: Ide\u00e1lne pre rozmanitos\u0165 a individu\u00e1lny p\u00f4\u017eitok.<br data-start=\"3126\" data-end=\"3129\" \/>\u2705 Pr\u00e9miov\u00e1 technol\u00f3gia: Mesh cievka zabezpe\u010duje bohat\u00fd, aromatick\u00fd dym.<br data-start=\"3207\" data-end=\"3210\" \/>\u2705 Komfortn\u00e9 a efekt\u00edvne: R\u00fdchle nab\u00edjanie cez Type-C a nastavite\u013en\u00fd prietok vzduchu.<br data-start=\"3302\" data-end=\"3305\" \/>\u2705 Preh\u013eadn\u00fd LED displej: V\u017edy pln\u00e1 kontrola nad bat\u00e9riou a chu\u0165ou.<\/p>\n<h4 data-start=\"3393\" data-end=\"3419\">Objednajte teraz!<\/h4>\n<p data-start=\"3420\" data-end=\"3578\">Nav\u0161t\u00edvte <a href=\"https:\/\/vapingnet.de\/sk\/\" target=\"_new\" rel=\"noopener\" data-start=\"3430\" data-end=\"3466\">vapingnet.de<\/a> a z\u00edskajte svoj Bang King 30000 Puffs Dual Flavor Disposable pre nezabudnute\u013en\u00fd z\u00e1\u017eitok z vapovania!<\/p>\n<p data-start=\"3580\" data-end=\"3673\" data-is-last-node=\"\" data-is-only-node=\"\">\ud83d\udd25 Bang King 30000 Puffs Dual Flavor Disposable \u2013 Maxim\u00e1lny v\u00fdkon, maxim\u00e1lny p\u00f4\u017eitok! \ud83d\udd25<\/p>\n<p>&nbsp;<\/p>","protected":false},"excerpt":{"rendered":"<p>Bang King 30000 Puffs Dual Flavor Jednorazov\u00e1 \u2013 Dvojit\u00e1 rozmanitos\u0165 chut\u00ed, dlhodob\u00fd p\u00f4\u017eitok Bang King 30000 Puffs Dual Flavor je inovat\u00edvna e-cigareta s...<\/p>","protected":false},"featured_media":5259,"template":"","meta":[],"etheme_brands":[],"product_brand":[101],"product_cat":[56,49,61],"product_tag":[],"class_list":{"0":"post-5257","1":"product","2":"type-product","3":"status-publish","4":"has-post-thumbnail","6":"product_brand-bang-king-vape","7":"product_cat-vape-30000-zuege","8":"product_cat-einweg-e-zigarette","9":"product_cat-f","11":"first","12":"instock","13":"shipping-taxable","14":"purchasable","15":"product-type-simple"},"yoast_head":"<!-- This site is optimized with the Yoast SEO plugin v26.5 - https:\/\/yoast.com\/wordpress\/plugins\/seo\/ -->\n<title>Bang 30000 Puffs Einweg E-Zigarette Blueberry Raspberry und Peach Mango Watermelon jetzt zum Gro\u00dfhandelspreis | Vapingnet.de<\/title>\n<meta name=\"description\" content=\"Entdecke Bang 30000 Puffs Einweg E-Zigarette Blueberry Raspberry und Peach Mango Watermelon jetzt zum Gro\u00dfhandelspreis bei vapingnet.de, \u25ba Gro\u00dfe Auswahl an Geschmacksrichtungen &amp; super g\u00fcnstig!\" \/>\n<meta name=\"robots\" content=\"index, follow, max-snippet:-1, max-image-preview:large, max-video-preview:-1\" \/>\n<link rel=\"canonical\" href=\"https:\/\/vapingnet.de\/sk\/vape\/bang-30000-puffs-einweg-e-zigarette-blueberry-raspberry-und-peach-mango-watermelon-jetzt-zum-grosshandelspreis\/\" \/>\n<meta property=\"og:locale\" content=\"sk_SK\" \/>\n<meta property=\"og:type\" content=\"article\" \/>\n<meta property=\"og:title\" content=\"Bang 30000 Puffs Einweg E-Zigarette Blueberry Raspberry und Peach Mango Watermelon jetzt zum Gro\u00dfhandelspreis | Vapingnet.de\" \/>\n<meta property=\"og:description\" content=\"Entdecke Bang 30000 Puffs Einweg E-Zigarette Blueberry Raspberry und Peach Mango Watermelon jetzt zum Gro\u00dfhandelspreis bei vapingnet.de, \u25ba Gro\u00dfe Auswahl an Geschmacksrichtungen &amp; super g\u00fcnstig!\" \/>\n<meta property=\"og:url\" content=\"https:\/\/vapingnet.de\/sk\/vape\/bang-30000-puffs-einweg-e-zigarette-blueberry-raspberry-und-peach-mango-watermelon-jetzt-zum-grosshandelspreis\/\" \/>\n<meta property=\"og:site_name\" content=\"Vapingnet.de\" \/>\n<meta property=\"article:publisher\" content=\"https:\/\/www.facebook.com\/vapingnetde\/\" \/>\n<meta property=\"article:modified_time\" content=\"2025-06-19T03:41:24+00:00\" \/>\n<meta property=\"og:image\" content=\"https:\/\/vapingnet.de\/wp-content\/uploads\/2025\/03\/Blueberry-Raspberry-und-Peach-Mango-Watermelon.png\" \/>\n\t<meta property=\"og:image:width\" content=\"900\" \/>\n\t<meta property=\"og:image:height\" content=\"600\" \/>\n\t<meta property=\"og:image:type\" content=\"image\/png\" \/>\n<meta name=\"twitter:card\" content=\"summary_large_image\" \/>\n<meta name=\"twitter:label1\" content=\"Est. reading time\" \/>\n\t<meta name=\"twitter:data1\" content=\"3 minutes\" \/>\n<script type=\"application\/ld+json\" class=\"yoast-schema-graph\">{\"@context\":\"https:\/\/schema.org\",\"@graph\":[{\"@type\":\"WebPage\",\"@id\":\"https:\/\/vapingnet.de\/vape\/bang-30000-puffs-einweg-e-zigarette-blueberry-raspberry-und-peach-mango-watermelon-jetzt-zum-grosshandelspreis\/\",\"url\":\"https:\/\/vapingnet.de\/vape\/bang-30000-puffs-einweg-e-zigarette-blueberry-raspberry-und-peach-mango-watermelon-jetzt-zum-grosshandelspreis\/\",\"name\":\"Bang 30000 Puffs Einweg E-Zigarette Blueberry Raspberry und Peach Mango Watermelon jetzt zum Gro\u00dfhandelspreis | Vapingnet.de\",\"isPartOf\":{\"@id\":\"https:\/\/vapingnet.de\/#website\"},\"primaryImageOfPage\":{\"@id\":\"https:\/\/vapingnet.de\/vape\/bang-30000-puffs-einweg-e-zigarette-blueberry-raspberry-und-peach-mango-watermelon-jetzt-zum-grosshandelspreis\/#primaryimage\"},\"image\":{\"@id\":\"https:\/\/vapingnet.de\/vape\/bang-30000-puffs-einweg-e-zigarette-blueberry-raspberry-und-peach-mango-watermelon-jetzt-zum-grosshandelspreis\/#primaryimage\"},\"thumbnailUrl\":\"https:\/\/vapingnet.de\/wp-content\/uploads\/2025\/03\/Blueberry-Raspberry-und-Peach-Mango-Watermelon.png\",\"datePublished\":\"2025-03-13T08:47:48+00:00\",\"dateModified\":\"2025-06-19T03:41:24+00:00\",\"description\":\"Entdecke Bang 30000 Puffs Einweg E-Zigarette Blueberry Raspberry und Peach Mango Watermelon jetzt zum Gro\u00dfhandelspreis bei vapingnet.de, \u25ba Gro\u00dfe Auswahl an Geschmacksrichtungen & super g\u00fcnstig!\",\"breadcrumb\":{\"@id\":\"https:\/\/vapingnet.de\/vape\/bang-30000-puffs-einweg-e-zigarette-blueberry-raspberry-und-peach-mango-watermelon-jetzt-zum-grosshandelspreis\/#breadcrumb\"},\"inLanguage\":\"sk-SK\",\"potentialAction\":[{\"@type\":\"ReadAction\",\"target\":[\"https:\/\/vapingnet.de\/vape\/bang-30000-puffs-einweg-e-zigarette-blueberry-raspberry-und-peach-mango-watermelon-jetzt-zum-grosshandelspreis\/\"]}]},{\"@type\":\"ImageObject\",\"inLanguage\":\"sk-SK\",\"@id\":\"https:\/\/vapingnet.de\/vape\/bang-30000-puffs-einweg-e-zigarette-blueberry-raspberry-und-peach-mango-watermelon-jetzt-zum-grosshandelspreis\/#primaryimage\",\"url\":\"https:\/\/vapingnet.de\/wp-content\/uploads\/2025\/03\/Blueberry-Raspberry-und-Peach-Mango-Watermelon.png\",\"contentUrl\":\"https:\/\/vapingnet.de\/wp-content\/uploads\/2025\/03\/Blueberry-Raspberry-und-Peach-Mango-Watermelon.png\",\"width\":900,\"height\":600,\"caption\":\"Blueberry Raspberry und Peach Mango Watermelon\"},{\"@type\":\"BreadcrumbList\",\"@id\":\"https:\/\/vapingnet.de\/vape\/bang-30000-puffs-einweg-e-zigarette-blueberry-raspberry-und-peach-mango-watermelon-jetzt-zum-grosshandelspreis\/#breadcrumb\",\"itemListElement\":[{\"@type\":\"ListItem\",\"position\":1,\"name\":\"Home\",\"item\":\"https:\/\/vapingnet.de\/\"},{\"@type\":\"ListItem\",\"position\":2,\"name\":\"Shop\",\"item\":\"https:\/\/vapingnet.de\/vape\/\"},{\"@type\":\"ListItem\",\"position\":3,\"name\":\"Bang 30000 Puffs Einweg E-Zigarette Blueberry Raspberry und Peach Mango Watermelon jetzt zum Gro\u00dfhandelspreis\"}]},{\"@type\":\"WebSite\",\"@id\":\"https:\/\/vapingnet.de\/#website\",\"url\":\"https:\/\/vapingnet.de\/\",\"name\":\"Vapingnet.de\",\"description\":\"\",\"publisher\":{\"@id\":\"https:\/\/vapingnet.de\/#organization\"},\"potentialAction\":[{\"@type\":\"SearchAction\",\"target\":{\"@type\":\"EntryPoint\",\"urlTemplate\":\"https:\/\/vapingnet.de\/?s={search_term_string}\"},\"query-input\":{\"@type\":\"PropertyValueSpecification\",\"valueRequired\":true,\"valueName\":\"search_term_string\"}}],\"inLanguage\":\"sk-SK\"},{\"@type\":\"Organization\",\"@id\":\"https:\/\/vapingnet.de\/#organization\",\"name\":\"Vapingnet.de\",\"url\":\"https:\/\/vapingnet.de\/\",\"logo\":{\"@type\":\"ImageObject\",\"inLanguage\":\"sk-SK\",\"@id\":\"https:\/\/vapingnet.de\/#\/schema\/logo\/image\/\",\"url\":\"https:\/\/vapingnet.de\/wp-content\/uploads\/2025\/03\/cropped-vapingnet.de_.jpg\",\"contentUrl\":\"https:\/\/vapingnet.de\/wp-content\/uploads\/2025\/03\/cropped-vapingnet.de_.jpg\",\"width\":512,\"height\":512,\"caption\":\"Vapingnet.de\"},\"image\":{\"@id\":\"https:\/\/vapingnet.de\/#\/schema\/logo\/image\/\"},\"sameAs\":[\"https:\/\/www.facebook.com\/vapingnetde\/\"]}]}<\/script>\n<!-- \/ Yoast SEO plugin. -->","yoast_head_json":{"title":"Bang 30000 Puffs Einweg E-Zigarette Blueberry Raspberry und Peach Mango Watermelon jetzt zum Gro\u00dfhandelspreis | Vapingnet.de","description":"Entdecke Bang 30000 Puffs Einweg E-Zigarette Blueberry Raspberry und Peach Mango Watermelon jetzt zum Gro\u00dfhandelspreis bei vapingnet.de, \u25ba Gro\u00dfe Auswahl an Geschmacksrichtungen & super g\u00fcnstig!","robots":{"index":"index","follow":"follow","max-snippet":"max-snippet:-1","max-image-preview":"max-image-preview:large","max-video-preview":"max-video-preview:-1"},"canonical":"https:\/\/vapingnet.de\/sk\/vape\/bang-30000-puffs-einweg-e-zigarette-blueberry-raspberry-und-peach-mango-watermelon-jetzt-zum-grosshandelspreis\/","og_locale":"sk_SK","og_type":"article","og_title":"Bang 30000 Puffs Einweg E-Zigarette Blueberry Raspberry und Peach Mango Watermelon jetzt zum Gro\u00dfhandelspreis | Vapingnet.de","og_description":"Entdecke Bang 30000 Puffs Einweg E-Zigarette Blueberry Raspberry und Peach Mango Watermelon jetzt zum Gro\u00dfhandelspreis bei vapingnet.de, \u25ba Gro\u00dfe Auswahl an Geschmacksrichtungen & super g\u00fcnstig!","og_url":"https:\/\/vapingnet.de\/sk\/vape\/bang-30000-puffs-einweg-e-zigarette-blueberry-raspberry-und-peach-mango-watermelon-jetzt-zum-grosshandelspreis\/","og_site_name":"Vapingnet.de","article_publisher":"https:\/\/www.facebook.com\/vapingnetde\/","article_modified_time":"2025-06-19T03:41:24+00:00","og_image":[{"width":900,"height":600,"url":"https:\/\/vapingnet.de\/wp-content\/uploads\/2025\/03\/Blueberry-Raspberry-und-Peach-Mango-Watermelon.png","type":"image\/png"}],"twitter_card":"summary_large_image","twitter_misc":{"Est. reading time":"3 minutes"},"schema":{"@context":"https:\/\/schema.org","@graph":[{"@type":"WebPage","@id":"https:\/\/vapingnet.de\/vape\/bang-30000-puffs-einweg-e-zigarette-blueberry-raspberry-und-peach-mango-watermelon-jetzt-zum-grosshandelspreis\/","url":"https:\/\/vapingnet.de\/vape\/bang-30000-puffs-einweg-e-zigarette-blueberry-raspberry-und-peach-mango-watermelon-jetzt-zum-grosshandelspreis\/","name":"Bang 30000 Puffs Einweg E-Zigarette Blueberry Raspberry und Peach Mango Watermelon jetzt zum Gro\u00dfhandelspreis | Vapingnet.de","isPartOf":{"@id":"https:\/\/vapingnet.de\/#website"},"primaryImageOfPage":{"@id":"https:\/\/vapingnet.de\/vape\/bang-30000-puffs-einweg-e-zigarette-blueberry-raspberry-und-peach-mango-watermelon-jetzt-zum-grosshandelspreis\/#primaryimage"},"image":{"@id":"https:\/\/vapingnet.de\/vape\/bang-30000-puffs-einweg-e-zigarette-blueberry-raspberry-und-peach-mango-watermelon-jetzt-zum-grosshandelspreis\/#primaryimage"},"thumbnailUrl":"https:\/\/vapingnet.de\/wp-content\/uploads\/2025\/03\/Blueberry-Raspberry-und-Peach-Mango-Watermelon.png","datePublished":"2025-03-13T08:47:48+00:00","dateModified":"2025-06-19T03:41:24+00:00","description":"Entdecke Bang 30000 Puffs Einweg E-Zigarette Blueberry Raspberry und Peach Mango Watermelon jetzt zum Gro\u00dfhandelspreis bei vapingnet.de, \u25ba Gro\u00dfe Auswahl an Geschmacksrichtungen & super g\u00fcnstig!","breadcrumb":{"@id":"https:\/\/vapingnet.de\/vape\/bang-30000-puffs-einweg-e-zigarette-blueberry-raspberry-und-peach-mango-watermelon-jetzt-zum-grosshandelspreis\/#breadcrumb"},"inLanguage":"sk-SK","potentialAction":[{"@type":"ReadAction","target":["https:\/\/vapingnet.de\/vape\/bang-30000-puffs-einweg-e-zigarette-blueberry-raspberry-und-peach-mango-watermelon-jetzt-zum-grosshandelspreis\/"]}]},{"@type":"ImageObject","inLanguage":"sk-SK","@id":"https:\/\/vapingnet.de\/vape\/bang-30000-puffs-einweg-e-zigarette-blueberry-raspberry-und-peach-mango-watermelon-jetzt-zum-grosshandelspreis\/#primaryimage","url":"https:\/\/vapingnet.de\/wp-content\/uploads\/2025\/03\/Blueberry-Raspberry-und-Peach-Mango-Watermelon.png","contentUrl":"https:\/\/vapingnet.de\/wp-content\/uploads\/2025\/03\/Blueberry-Raspberry-und-Peach-Mango-Watermelon.png","width":900,"height":600,"caption":"Blueberry Raspberry und Peach Mango Watermelon"},{"@type":"BreadcrumbList","@id":"https:\/\/vapingnet.de\/vape\/bang-30000-puffs-einweg-e-zigarette-blueberry-raspberry-und-peach-mango-watermelon-jetzt-zum-grosshandelspreis\/#breadcrumb","itemListElement":[{"@type":"ListItem","position":1,"name":"Home","item":"https:\/\/vapingnet.de\/"},{"@type":"ListItem","position":2,"name":"Shop","item":"https:\/\/vapingnet.de\/vape\/"},{"@type":"ListItem","position":3,"name":"Bang 30000 Puffs Einweg E-Zigarette Blueberry Raspberry und Peach Mango Watermelon jetzt zum Gro\u00dfhandelspreis"}]},{"@type":"WebSite","@id":"https:\/\/vapingnet.de\/#website","url":"https:\/\/vapingnet.de\/","name":"Vapingnet.de","description":"","publisher":{"@id":"https:\/\/vapingnet.de\/#organization"},"potentialAction":[{"@type":"SearchAction","target":{"@type":"EntryPoint","urlTemplate":"https:\/\/vapingnet.de\/?s={search_term_string}"},"query-input":{"@type":"PropertyValueSpecification","valueRequired":true,"valueName":"search_term_string"}}],"inLanguage":"sk-SK"},{"@type":"Organization","@id":"https:\/\/vapingnet.de\/#organization","name":"Vapingnet.de","url":"https:\/\/vapingnet.de\/","logo":{"@type":"ImageObject","inLanguage":"sk-SK","@id":"https:\/\/vapingnet.de\/#\/schema\/logo\/image\/","url":"https:\/\/vapingnet.de\/wp-content\/uploads\/2025\/03\/cropped-vapingnet.de_.jpg","contentUrl":"https:\/\/vapingnet.de\/wp-content\/uploads\/2025\/03\/cropped-vapingnet.de_.jpg","width":512,"height":512,"caption":"Vapingnet.de"},"image":{"@id":"https:\/\/vapingnet.de\/#\/schema\/logo\/image\/"},"sameAs":["https:\/\/www.facebook.com\/vapingnetde\/"]}]}},"tiered_pricing_type":"fixed","tiered_pricing_fixed_rules":{"10":"9.49","60":"8.54","110":"7.59","200":"6.64"},"tiered_pricing_product_settings":{"layout":"default","base_unit_name":{"singular":null,"plural":null},"default_variation":null},"tiered_pricing_minimum_quantity":null,"tiered_pricing_roles_data":[],"tiered_pricing_percentage_rules":[],"_links":{"self":[{"href":"https:\/\/vapingnet.de\/sk\/wp-json\/wp\/v2\/product\/5257","targetHints":{"allow":["GET"]}}],"collection":[{"href":"https:\/\/vapingnet.de\/sk\/wp-json\/wp\/v2\/product"}],"about":[{"href":"https:\/\/vapingnet.de\/sk\/wp-json\/wp\/v2\/types\/product"}],"version-history":[{"count":2,"href":"https:\/\/vapingnet.de\/sk\/wp-json\/wp\/v2\/product\/5257\/revisions"}],"predecessor-version":[{"id":5260,"href":"https:\/\/vapingnet.de\/sk\/wp-json\/wp\/v2\/product\/5257\/revisions\/5260"}],"wp:featuredmedia":[{"embeddable":true,"href":"https:\/\/vapingnet.de\/sk\/wp-json\/wp\/v2\/media\/5259"}],"wp:attachment":[{"href":"https:\/\/vapingnet.de\/sk\/wp-json\/wp\/v2\/media?parent=5257"}],"wp:term":[{"taxonomy":"brand","embeddable":true,"href":"https:\/\/vapingnet.de\/sk\/wp-json\/wp\/v2\/etheme_brands?post=5257"},{"taxonomy":"product_brand","embeddable":true,"href":"https:\/\/vapingnet.de\/sk\/wp-json\/wp\/v2\/product_brand?post=5257"},{"taxonomy":"product_cat","embeddable":true,"href":"https:\/\/vapingnet.de\/sk\/wp-json\/wp\/v2\/product_cat?post=5257"},{"taxonomy":"product_tag","embeddable":true,"href":"https:\/\/vapingnet.de\/sk\/wp-json\/wp\/v2\/product_tag?post=5257"}],"curies":[{"name":"wp","href":"https:\/\/api.w.org\/{rel}","templated":true}]}}