{"id":5264,"date":"2025-03-13T08:59:56","date_gmt":"2025-03-13T08:59:56","guid":{"rendered":"https:\/\/vapingnet.de\/?post_type=product&#038;p=5264"},"modified":"2025-06-19T03:41:24","modified_gmt":"2025-06-19T03:41:24","slug":"bang-30000-puffs-einweg-e-zigarette-watermelon-ice-und-strawberry-and-mango-fuer-maximalen-geschmack","status":"publish","type":"product","link":"https:\/\/vapingnet.de\/sk\/vape\/bang-30000-puffs-einweg-e-zigarette-watermelon-ice-und-strawberry-and-mango-fuer-maximalen-geschmack\/","title":{"rendered":"Bang 30000 Puffs Jednorazov\u00e1 elektronick\u00e1 cigareta Watermelon Ice a Strawberry and Mango pre maxim\u00e1lnu chu\u0165"},"content":{"rendered":"<h2 data-start=\"0\" data-end=\"87\">Bang King 30000 Puffs \u2013 Maxim\u00e1lne pote\u0161enie z parenia s technol\u00f3giou Dual-Flavor!<\/h2>\n<p data-start=\"89\" data-end=\"429\">H\u013ead\u00e1\u0161 v\u00fdkonn\u00fa, intenz\u00edvnu a odoln\u00fa e-cigaretu? Potom je Bang King 30000 Puffs Dual Flavor Disposable presne to, \u010do h\u013ead\u00e1\u0161! S 30 000 potiahnutiami, dvoma vymenite\u013en\u00fdmi pr\u00edchu\u0165ami a inovat\u00edvnou technol\u00f3giou Mesh Coil pon\u00faka neporovnate\u013en\u00fd z\u00e1\u017eitok z parenia!<\/p>\n<h3>\ud83d\udd25 Hlavn\u00e9 vlastnosti produktu \u2013 Tvoj dokonal\u00fd spolo\u010dn\u00edk pre intenz\u00edvne parenie! \ud83d\udd25<\/h3>\n<p data-start=\"522\" data-end=\"584\">\u2705 Dve pr\u00edchute \u2013 Rozmanitos\u0165 pri ka\u017edom potiahnut\u00ed!<\/p>\n<ul data-start=\"585\" data-end=\"871\">\n<li data-start=\"585\" data-end=\"727\">Watermelon Ice \u2013 \u0160\u0165avnat\u00e1, sladk\u00e1 vodn\u00e1 mel\u00f3nov\u00e1 pr\u00edchu\u0165 spojen\u00e1 s osvie\u017euj\u00facou chladivos\u0165ou pre \u013eadov\u00fd z\u00e1\u017eitok z parenia!<\/li>\n<li data-start=\"728\" data-end=\"871\">Strawberry and Mango \u2013 Ovocn\u00e1 sladkos\u0165 jah\u00f4d sa stret\u00e1va s exotickou mangom \u2013 skuto\u010dn\u00fd z\u00e1\u017eitok z chuti!<\/li>\n<\/ul>\n<p data-start=\"873\" data-end=\"1058\">\u2705 Neuverite\u013en\u00e9 <a href=\"https:\/\/vapingnet.de\/sk\/k\/vape-30000-zuege\/\" target=\"_blank\" rel=\"noopener\"><strong>30 000 potiahnut\u00ed<\/strong><\/a> \u2013 Nie je potrebn\u00e1 neust\u00e1la v\u00fdmena!<br data-start=\"936\" data-end=\"939\" \/>S extra dlh\u00fdm \u010dasom pou\u017e\u00edvania m\u00f4\u017ee\u0161 parit t\u00fd\u017edne bez starost\u00ed o n\u00e1hradn\u00e9 zariadenia!<\/p>\n<p data-start=\"1060\" data-end=\"1271\">\u2705 Mesh Coil 1.0\u03a9 \u2013 Hust\u00fd dym a intenz\u00edvna chu\u0165!<br data-start=\"1120\" data-end=\"1123\" \/>V\u010faka modernej technol\u00f3gii Mesh Coil sa tekutina rovnomerne odparuje, \u010do zabezpe\u010duje jemn\u00fa, aromatick\u00fa a intenz\u00edvnu chu\u0165!<\/p>\n<p data-start=\"1273\" data-end=\"1477\">\u2705 Individu\u00e1lne nastavite\u013en\u00fd prietok vzduchu \u2013 Dokonal\u00e1 kontrola!<br data-start=\"1336\" data-end=\"1339\" \/>\u010ci u\u017e preferuje\u0161 jemn\u00e9, \u013eahk\u00e9 potiahnutia alebo siln\u00e9, intenz\u00edvne \u2013 prisp\u00f4sob si prietok vzduchu pod\u013ea svojich predst\u00e1v!<\/p>\n<p data-start=\"1479\" data-end=\"1685\">\u2705 V\u00fdkonn\u00e1 bat\u00e9ria 550mAh a r\u00fdchle nab\u00edjanie cez Type-C!<br data-start=\"1537\" data-end=\"1540\" \/>U\u017ei si dlh\u00e9 parenie s dob\u00edjate\u013enou bat\u00e9riou, ktor\u00fa je mo\u017en\u00e9 r\u00fdchlo nabi\u0165 cez Type-C \u2013 pripraven\u00e9 kedyko\u013evek na pou\u017eitie!<\/p>\n<p data-start=\"1687\" data-end=\"1753\">\u2705 LED digit\u00e1lny displej \u2013 V\u0161etky d\u00f4le\u017eit\u00e9 inform\u00e1cie na dosah ruky!<\/p>\n<ul data-start=\"1754\" data-end=\"1968\">\n<li data-start=\"1754\" data-end=\"1853\">Ukazovate\u013e stavu bat\u00e9rie \u2013 Sleduj zost\u00e1vaj\u00facu kapacitu a vyhni sa preru\u0161eniam!<\/li>\n<li data-start=\"1854\" data-end=\"1968\">Ukazovate\u013e v\u00fdberu pr\u00edchute \u2013 Jednoducho prep\u00ednaj medzi dvoma pr\u00edchu\u0165ami a vychutnaj si svoju ob\u013e\u00faben\u00fa chu\u0165!<\/li>\n<\/ul>\n<p data-start=\"1970\" data-end=\"2183\">\u2705 36ml n\u00e1dr\u017e na tekutinu \u2013 \u0160tyri \u00farovne nikot\u00ednu na v\u00fdber!<br data-start=\"2026\" data-end=\"2029\" \/>Dostupn\u00e9 v nikot\u00ednov\u00fdch koncentr\u00e1ci\u00e1ch 0%, 2%, 3% alebo 5% \u2013 pod\u013ea individu\u00e1lnych potrieb.<br data-start=\"2105\" data-end=\"2108\" \/>(Pozn\u00e1mka: 0% a 3% Nikot\u00edn s\u00fa dostupn\u00e9 iba pri ve\u013ek\u00fdch objedn\u00e1vkach.)<\/p>\n<p data-start=\"2185\" data-end=\"2331\">\u2705 Jednorazov\u00e1 Vape \u2013 \u017diadne clo!<br data-start=\"2224\" data-end=\"2227\" \/>Jednoducho objednajte, priamo si vychutnajte \u2013 \u017eiadne zlo\u017eit\u00e9 coln\u00e9 spracovanie alebo dodato\u010dn\u00e9 n\u00e1klady!<\/p>\n<h3 data-start=\"2338\" data-end=\"2381\">\ud83c\udf1f Pre\u010do Bang King 30000 Puffs? \ud83c\udf1f<\/h3>\n<p data-start=\"2383\" data-end=\"2957\">\u2714 Ultra dlh\u00e1 \u017eivotnos\u0165 \u2013 A\u017e 30 000 \u0165ahov pre dlhodob\u00e9 pote\u0161enie z parenia!<br data-start=\"2473\" data-end=\"2476\" \/>\u2714 Dvojit\u00fd syst\u00e9m pr\u00edchut\u00ed \u2013 Dve pr\u00edchute v jednom zariaden\u00ed \u2013 men\u00edte pod\u013ea chuti!<br data-start=\"2568\" data-end=\"2571\" \/>\u2714 Siln\u00e1 technol\u00f3gia Mesh Coil \u2013 Hust\u00e9 pary a intenz\u00edvny z\u00e1\u017eitok z chuti!<br data-start=\"2659\" data-end=\"2662\" \/>\u2714 Maxim\u00e1lna kontrola \u2013 Regul\u00e1cia pr\u00fadenia vzduchu a LED displej pre personalizovan\u00fd z\u00e1\u017eitok z parenia!<br data-start=\"2762\" data-end=\"2765\" \/>\u2714 Perfektn\u00e9 pre Cloud Chaser \u2013 Pln\u00fd dym pre intenz\u00edvny pocit!<br data-start=\"2837\" data-end=\"2840\" \/>\u2714 Pohodln\u00e9 a jednoduch\u00e9 \u2013 \u017diadna \u00fadr\u017eba, \u017eiadne dop\u013a\u0148anie, \u017eiadne zlo\u017eit\u00e9 nastavenie \u2013 len vybal\u00edte a u\u017e\u00edvate si!<\/p>\n<h4 data-start=\"2964\" data-end=\"3033\">\u26a1 Objednajte teraz a za\u017eite ultim\u00e1tny z\u00e1\u017eitok z parenia! \u26a1<\/h4>\n<p data-start=\"3034\" data-end=\"3198\">\ud83d\udd17 Nav\u0161t\u00edvte <a href=\"https:\/\/vapingnet.de\/sk\/\" target=\"_new\" rel=\"noopener\" data-start=\"3047\" data-end=\"3083\">vapingnet.de<\/a> a zabezpe\u010dte si Bang King 30000 Puffs Dvojit\u00fa pr\u00edchu\u0165 Jednorazov\u00fa elektronick\u00fa cigaretu \u2013 pre maxim\u00e1lny v\u00fdkon a chu\u0165!<\/p>\n<p data-start=\"3200\" data-end=\"3294\" data-is-last-node=\"\" data-is-only-node=\"\">\ud83d\ude80 30 000 \u0165ahov, dvojit\u00fd v\u00fdber pr\u00edchut\u00ed \u2013 Va\u0161e nov\u00e9 ob\u013e\u00faben\u00e9 zariadenie \u010dak\u00e1 na v\u00e1s! \ud83d\ude80<\/p>","protected":false},"excerpt":{"rendered":"<p>Bang King 30000 Puffs \u2013 Maxim\u00e1lny z\u00e1\u017eitok s paren\u00edm s technol\u00f3giou Dual-Flavor! H\u013ead\u00e1te v\u00fdkonn\u00fa, bohat\u00fa na chu\u0165 a dlhotrvaj\u00facu e-cigaretu? Potom je Bang King 30000 Puffs...<\/p>","protected":false},"featured_media":5265,"template":"","meta":[],"etheme_brands":[],"product_brand":[101],"product_cat":[56,49,61],"product_tag":[],"class_list":{"0":"post-5264","1":"product","2":"type-product","3":"status-publish","4":"has-post-thumbnail","6":"product_brand-bang-king-vape","7":"product_cat-vape-30000-zuege","8":"product_cat-einweg-e-zigarette","9":"product_cat-f","11":"first","12":"instock","13":"shipping-taxable","14":"purchasable","15":"product-type-simple"},"yoast_head":"<!-- This site is optimized with the Yoast SEO plugin v26.5 - https:\/\/yoast.com\/wordpress\/plugins\/seo\/ -->\n<title>Bang 30000 Puffs Einweg E-Zigarette Watermelon Ice und Strawberry and Mango f\u00fcr maximalen Geschmack | Vapingnet.de<\/title>\n<meta name=\"description\" content=\"Entdecke Bang 30000 Puffs Einweg E-Zigarette Watermelon Ice und Strawberry and Mango f\u00fcr maximalen Geschmack bei vapingnet.de, \u25ba Gro\u00dfe Auswahl an Geschmacksrichtungen &amp; super g\u00fcnstig!\" \/>\n<meta name=\"robots\" content=\"index, follow, max-snippet:-1, max-image-preview:large, max-video-preview:-1\" \/>\n<link rel=\"canonical\" href=\"https:\/\/vapingnet.de\/sk\/vape\/bang-30000-puffs-einweg-e-zigarette-watermelon-ice-und-strawberry-and-mango-fuer-maximalen-geschmack\/\" \/>\n<meta property=\"og:locale\" content=\"sk_SK\" \/>\n<meta property=\"og:type\" content=\"article\" \/>\n<meta property=\"og:title\" content=\"Bang 30000 Puffs Einweg E-Zigarette Watermelon Ice und Strawberry and Mango f\u00fcr maximalen Geschmack | Vapingnet.de\" \/>\n<meta property=\"og:description\" content=\"Entdecke Bang 30000 Puffs Einweg E-Zigarette Watermelon Ice und Strawberry and Mango f\u00fcr maximalen Geschmack bei vapingnet.de, \u25ba Gro\u00dfe Auswahl an Geschmacksrichtungen &amp; super g\u00fcnstig!\" \/>\n<meta property=\"og:url\" content=\"https:\/\/vapingnet.de\/sk\/vape\/bang-30000-puffs-einweg-e-zigarette-watermelon-ice-und-strawberry-and-mango-fuer-maximalen-geschmack\/\" \/>\n<meta property=\"og:site_name\" content=\"Vapingnet.de\" \/>\n<meta property=\"article:publisher\" content=\"https:\/\/www.facebook.com\/vapingnetde\/\" \/>\n<meta property=\"article:modified_time\" content=\"2025-06-19T03:41:24+00:00\" \/>\n<meta property=\"og:image\" content=\"https:\/\/vapingnet.de\/wp-content\/uploads\/2025\/03\/Watermelon-Ice-und-Strawberry-and-Mango.png\" \/>\n\t<meta property=\"og:image:width\" content=\"900\" \/>\n\t<meta property=\"og:image:height\" content=\"600\" \/>\n\t<meta property=\"og:image:type\" content=\"image\/png\" \/>\n<meta name=\"twitter:card\" content=\"summary_large_image\" \/>\n<meta name=\"twitter:label1\" content=\"Est. reading time\" \/>\n\t<meta name=\"twitter:data1\" content=\"3 minutes\" \/>\n<script type=\"application\/ld+json\" class=\"yoast-schema-graph\">{\"@context\":\"https:\/\/schema.org\",\"@graph\":[{\"@type\":\"WebPage\",\"@id\":\"https:\/\/vapingnet.de\/vape\/bang-30000-puffs-einweg-e-zigarette-watermelon-ice-und-strawberry-and-mango-fuer-maximalen-geschmack\/\",\"url\":\"https:\/\/vapingnet.de\/vape\/bang-30000-puffs-einweg-e-zigarette-watermelon-ice-und-strawberry-and-mango-fuer-maximalen-geschmack\/\",\"name\":\"Bang 30000 Puffs Einweg E-Zigarette Watermelon Ice und Strawberry and Mango f\u00fcr maximalen Geschmack | Vapingnet.de\",\"isPartOf\":{\"@id\":\"https:\/\/vapingnet.de\/#website\"},\"primaryImageOfPage\":{\"@id\":\"https:\/\/vapingnet.de\/vape\/bang-30000-puffs-einweg-e-zigarette-watermelon-ice-und-strawberry-and-mango-fuer-maximalen-geschmack\/#primaryimage\"},\"image\":{\"@id\":\"https:\/\/vapingnet.de\/vape\/bang-30000-puffs-einweg-e-zigarette-watermelon-ice-und-strawberry-and-mango-fuer-maximalen-geschmack\/#primaryimage\"},\"thumbnailUrl\":\"https:\/\/vapingnet.de\/wp-content\/uploads\/2025\/03\/Watermelon-Ice-und-Strawberry-and-Mango.png\",\"datePublished\":\"2025-03-13T08:59:56+00:00\",\"dateModified\":\"2025-06-19T03:41:24+00:00\",\"description\":\"Entdecke Bang 30000 Puffs Einweg E-Zigarette Watermelon Ice und Strawberry and Mango f\u00fcr maximalen Geschmack bei vapingnet.de, \u25ba Gro\u00dfe Auswahl an Geschmacksrichtungen & super g\u00fcnstig!\",\"breadcrumb\":{\"@id\":\"https:\/\/vapingnet.de\/vape\/bang-30000-puffs-einweg-e-zigarette-watermelon-ice-und-strawberry-and-mango-fuer-maximalen-geschmack\/#breadcrumb\"},\"inLanguage\":\"sk-SK\",\"potentialAction\":[{\"@type\":\"ReadAction\",\"target\":[\"https:\/\/vapingnet.de\/vape\/bang-30000-puffs-einweg-e-zigarette-watermelon-ice-und-strawberry-and-mango-fuer-maximalen-geschmack\/\"]}]},{\"@type\":\"ImageObject\",\"inLanguage\":\"sk-SK\",\"@id\":\"https:\/\/vapingnet.de\/vape\/bang-30000-puffs-einweg-e-zigarette-watermelon-ice-und-strawberry-and-mango-fuer-maximalen-geschmack\/#primaryimage\",\"url\":\"https:\/\/vapingnet.de\/wp-content\/uploads\/2025\/03\/Watermelon-Ice-und-Strawberry-and-Mango.png\",\"contentUrl\":\"https:\/\/vapingnet.de\/wp-content\/uploads\/2025\/03\/Watermelon-Ice-und-Strawberry-and-Mango.png\",\"width\":900,\"height\":600,\"caption\":\"Watermelon Ice und Strawberry and Mango\"},{\"@type\":\"BreadcrumbList\",\"@id\":\"https:\/\/vapingnet.de\/vape\/bang-30000-puffs-einweg-e-zigarette-watermelon-ice-und-strawberry-and-mango-fuer-maximalen-geschmack\/#breadcrumb\",\"itemListElement\":[{\"@type\":\"ListItem\",\"position\":1,\"name\":\"Home\",\"item\":\"https:\/\/vapingnet.de\/\"},{\"@type\":\"ListItem\",\"position\":2,\"name\":\"Shop\",\"item\":\"https:\/\/vapingnet.de\/vape\/\"},{\"@type\":\"ListItem\",\"position\":3,\"name\":\"Bang 30000 Puffs Einweg E-Zigarette Watermelon Ice und Strawberry and Mango f\u00fcr maximalen Geschmack\"}]},{\"@type\":\"WebSite\",\"@id\":\"https:\/\/vapingnet.de\/#website\",\"url\":\"https:\/\/vapingnet.de\/\",\"name\":\"Vapingnet.de\",\"description\":\"\",\"publisher\":{\"@id\":\"https:\/\/vapingnet.de\/#organization\"},\"potentialAction\":[{\"@type\":\"SearchAction\",\"target\":{\"@type\":\"EntryPoint\",\"urlTemplate\":\"https:\/\/vapingnet.de\/?s={search_term_string}\"},\"query-input\":{\"@type\":\"PropertyValueSpecification\",\"valueRequired\":true,\"valueName\":\"search_term_string\"}}],\"inLanguage\":\"sk-SK\"},{\"@type\":\"Organization\",\"@id\":\"https:\/\/vapingnet.de\/#organization\",\"name\":\"Vapingnet.de\",\"url\":\"https:\/\/vapingnet.de\/\",\"logo\":{\"@type\":\"ImageObject\",\"inLanguage\":\"sk-SK\",\"@id\":\"https:\/\/vapingnet.de\/#\/schema\/logo\/image\/\",\"url\":\"https:\/\/vapingnet.de\/wp-content\/uploads\/2025\/03\/cropped-vapingnet.de_.jpg\",\"contentUrl\":\"https:\/\/vapingnet.de\/wp-content\/uploads\/2025\/03\/cropped-vapingnet.de_.jpg\",\"width\":512,\"height\":512,\"caption\":\"Vapingnet.de\"},\"image\":{\"@id\":\"https:\/\/vapingnet.de\/#\/schema\/logo\/image\/\"},\"sameAs\":[\"https:\/\/www.facebook.com\/vapingnetde\/\"]}]}<\/script>\n<!-- \/ Yoast SEO plugin. -->","yoast_head_json":{"title":"Bang 30000 Puffs Einweg E-Zigarette Watermelon Ice und Strawberry and Mango f\u00fcr maximalen Geschmack | Vapingnet.de","description":"Entdecke Bang 30000 Puffs Einweg E-Zigarette Watermelon Ice und Strawberry and Mango f\u00fcr maximalen Geschmack bei vapingnet.de, \u25ba Gro\u00dfe Auswahl an Geschmacksrichtungen & super g\u00fcnstig!","robots":{"index":"index","follow":"follow","max-snippet":"max-snippet:-1","max-image-preview":"max-image-preview:large","max-video-preview":"max-video-preview:-1"},"canonical":"https:\/\/vapingnet.de\/sk\/vape\/bang-30000-puffs-einweg-e-zigarette-watermelon-ice-und-strawberry-and-mango-fuer-maximalen-geschmack\/","og_locale":"sk_SK","og_type":"article","og_title":"Bang 30000 Puffs Einweg E-Zigarette Watermelon Ice und Strawberry and Mango f\u00fcr maximalen Geschmack | Vapingnet.de","og_description":"Entdecke Bang 30000 Puffs Einweg E-Zigarette Watermelon Ice und Strawberry and Mango f\u00fcr maximalen Geschmack bei vapingnet.de, \u25ba Gro\u00dfe Auswahl an Geschmacksrichtungen & super g\u00fcnstig!","og_url":"https:\/\/vapingnet.de\/sk\/vape\/bang-30000-puffs-einweg-e-zigarette-watermelon-ice-und-strawberry-and-mango-fuer-maximalen-geschmack\/","og_site_name":"Vapingnet.de","article_publisher":"https:\/\/www.facebook.com\/vapingnetde\/","article_modified_time":"2025-06-19T03:41:24+00:00","og_image":[{"width":900,"height":600,"url":"https:\/\/vapingnet.de\/wp-content\/uploads\/2025\/03\/Watermelon-Ice-und-Strawberry-and-Mango.png","type":"image\/png"}],"twitter_card":"summary_large_image","twitter_misc":{"Est. reading time":"3 minutes"},"schema":{"@context":"https:\/\/schema.org","@graph":[{"@type":"WebPage","@id":"https:\/\/vapingnet.de\/vape\/bang-30000-puffs-einweg-e-zigarette-watermelon-ice-und-strawberry-and-mango-fuer-maximalen-geschmack\/","url":"https:\/\/vapingnet.de\/vape\/bang-30000-puffs-einweg-e-zigarette-watermelon-ice-und-strawberry-and-mango-fuer-maximalen-geschmack\/","name":"Bang 30000 Puffs Einweg E-Zigarette Watermelon Ice und Strawberry and Mango f\u00fcr maximalen Geschmack | Vapingnet.de","isPartOf":{"@id":"https:\/\/vapingnet.de\/#website"},"primaryImageOfPage":{"@id":"https:\/\/vapingnet.de\/vape\/bang-30000-puffs-einweg-e-zigarette-watermelon-ice-und-strawberry-and-mango-fuer-maximalen-geschmack\/#primaryimage"},"image":{"@id":"https:\/\/vapingnet.de\/vape\/bang-30000-puffs-einweg-e-zigarette-watermelon-ice-und-strawberry-and-mango-fuer-maximalen-geschmack\/#primaryimage"},"thumbnailUrl":"https:\/\/vapingnet.de\/wp-content\/uploads\/2025\/03\/Watermelon-Ice-und-Strawberry-and-Mango.png","datePublished":"2025-03-13T08:59:56+00:00","dateModified":"2025-06-19T03:41:24+00:00","description":"Entdecke Bang 30000 Puffs Einweg E-Zigarette Watermelon Ice und Strawberry and Mango f\u00fcr maximalen Geschmack bei vapingnet.de, \u25ba Gro\u00dfe Auswahl an Geschmacksrichtungen & super g\u00fcnstig!","breadcrumb":{"@id":"https:\/\/vapingnet.de\/vape\/bang-30000-puffs-einweg-e-zigarette-watermelon-ice-und-strawberry-and-mango-fuer-maximalen-geschmack\/#breadcrumb"},"inLanguage":"sk-SK","potentialAction":[{"@type":"ReadAction","target":["https:\/\/vapingnet.de\/vape\/bang-30000-puffs-einweg-e-zigarette-watermelon-ice-und-strawberry-and-mango-fuer-maximalen-geschmack\/"]}]},{"@type":"ImageObject","inLanguage":"sk-SK","@id":"https:\/\/vapingnet.de\/vape\/bang-30000-puffs-einweg-e-zigarette-watermelon-ice-und-strawberry-and-mango-fuer-maximalen-geschmack\/#primaryimage","url":"https:\/\/vapingnet.de\/wp-content\/uploads\/2025\/03\/Watermelon-Ice-und-Strawberry-and-Mango.png","contentUrl":"https:\/\/vapingnet.de\/wp-content\/uploads\/2025\/03\/Watermelon-Ice-und-Strawberry-and-Mango.png","width":900,"height":600,"caption":"Watermelon Ice und Strawberry and Mango"},{"@type":"BreadcrumbList","@id":"https:\/\/vapingnet.de\/vape\/bang-30000-puffs-einweg-e-zigarette-watermelon-ice-und-strawberry-and-mango-fuer-maximalen-geschmack\/#breadcrumb","itemListElement":[{"@type":"ListItem","position":1,"name":"Home","item":"https:\/\/vapingnet.de\/"},{"@type":"ListItem","position":2,"name":"Shop","item":"https:\/\/vapingnet.de\/vape\/"},{"@type":"ListItem","position":3,"name":"Bang 30000 Puffs Einweg E-Zigarette Watermelon Ice und Strawberry and Mango f\u00fcr maximalen Geschmack"}]},{"@type":"WebSite","@id":"https:\/\/vapingnet.de\/#website","url":"https:\/\/vapingnet.de\/","name":"Vapingnet.de","description":"","publisher":{"@id":"https:\/\/vapingnet.de\/#organization"},"potentialAction":[{"@type":"SearchAction","target":{"@type":"EntryPoint","urlTemplate":"https:\/\/vapingnet.de\/?s={search_term_string}"},"query-input":{"@type":"PropertyValueSpecification","valueRequired":true,"valueName":"search_term_string"}}],"inLanguage":"sk-SK"},{"@type":"Organization","@id":"https:\/\/vapingnet.de\/#organization","name":"Vapingnet.de","url":"https:\/\/vapingnet.de\/","logo":{"@type":"ImageObject","inLanguage":"sk-SK","@id":"https:\/\/vapingnet.de\/#\/schema\/logo\/image\/","url":"https:\/\/vapingnet.de\/wp-content\/uploads\/2025\/03\/cropped-vapingnet.de_.jpg","contentUrl":"https:\/\/vapingnet.de\/wp-content\/uploads\/2025\/03\/cropped-vapingnet.de_.jpg","width":512,"height":512,"caption":"Vapingnet.de"},"image":{"@id":"https:\/\/vapingnet.de\/#\/schema\/logo\/image\/"},"sameAs":["https:\/\/www.facebook.com\/vapingnetde\/"]}]}},"tiered_pricing_type":"fixed","tiered_pricing_fixed_rules":{"10":"9.49","60":"8.54","110":"7.59","200":"6.64"},"tiered_pricing_product_settings":{"layout":"default","base_unit_name":{"singular":null,"plural":null},"default_variation":null},"tiered_pricing_minimum_quantity":null,"tiered_pricing_roles_data":[],"tiered_pricing_percentage_rules":[],"_links":{"self":[{"href":"https:\/\/vapingnet.de\/sk\/wp-json\/wp\/v2\/product\/5264","targetHints":{"allow":["GET"]}}],"collection":[{"href":"https:\/\/vapingnet.de\/sk\/wp-json\/wp\/v2\/product"}],"about":[{"href":"https:\/\/vapingnet.de\/sk\/wp-json\/wp\/v2\/types\/product"}],"version-history":[{"count":1,"href":"https:\/\/vapingnet.de\/sk\/wp-json\/wp\/v2\/product\/5264\/revisions"}],"predecessor-version":[{"id":5266,"href":"https:\/\/vapingnet.de\/sk\/wp-json\/wp\/v2\/product\/5264\/revisions\/5266"}],"wp:featuredmedia":[{"embeddable":true,"href":"https:\/\/vapingnet.de\/sk\/wp-json\/wp\/v2\/media\/5265"}],"wp:attachment":[{"href":"https:\/\/vapingnet.de\/sk\/wp-json\/wp\/v2\/media?parent=5264"}],"wp:term":[{"taxonomy":"brand","embeddable":true,"href":"https:\/\/vapingnet.de\/sk\/wp-json\/wp\/v2\/etheme_brands?post=5264"},{"taxonomy":"product_brand","embeddable":true,"href":"https:\/\/vapingnet.de\/sk\/wp-json\/wp\/v2\/product_brand?post=5264"},{"taxonomy":"product_cat","embeddable":true,"href":"https:\/\/vapingnet.de\/sk\/wp-json\/wp\/v2\/product_cat?post=5264"},{"taxonomy":"product_tag","embeddable":true,"href":"https:\/\/vapingnet.de\/sk\/wp-json\/wp\/v2\/product_tag?post=5264"}],"curies":[{"name":"wp","href":"https:\/\/api.w.org\/{rel}","templated":true}]}}