{"id":5267,"date":"2025-12-13T09:04:10","date_gmt":"2025-12-13T09:04:10","guid":{"rendered":"https:\/\/vapingnet.de\/?post_type=product&#038;p=5267"},"modified":"2026-01-28T08:36:47","modified_gmt":"2026-01-28T08:36:47","slug":"bang-30000-puffs-strawberry-watermelon-und-kiwi-passion-fruit-guava-intensiver-fruchtmix","status":"publish","type":"product","link":"https:\/\/vapingnet.de\/sk\/vape\/bang-30000-puffs-strawberry-watermelon-und-kiwi-passion-fruit-guava-intensiver-fruchtmix\/","title":{"rendered":"Bang 30000 Puffs Jahoda Mel\u00f3n a Kiwi Passion Fruit Guava intenz\u00edvny ovocn\u00fd mix"},"content":{"rendered":"<h2 data-start=\"0\" data-end=\"89\">Bang King 30000 Puffs Dual Flavor Disposable \u2013 Tvoj ultim\u00e1tny z\u00e1\u017eitok z vapovania<\/h2>\n<p data-start=\"91\" data-end=\"358\">Unavuje \u0165a neust\u00e1le meni\u0165 e-cigarety? T\u00fa\u017ei\u0161 po trv\u00e1cnej\u0161om a intenz\u00edvnej\u0161om z\u00e1\u017eitku z vapovania? Bang King 30000 Puffs Dual Flavor Disposable je dokonal\u00fdm rie\u0161en\u00edm pre v\u0161etky tvoje potreby a pon\u00faka ti ultim\u00e1tny z\u00e1\u017eitok s dymom!<\/p>\n<p data-start=\"360\" data-end=\"749\">Tento inovat\u00edvny jednorazov\u00fd vaporiz\u00e9r pon\u00faka nielen extr\u00e9mne dlh\u00fa dobu pou\u017e\u00edvania (a\u017e 30 000 \u0165ahov), ale aj dvojit\u00fd v\u00fdber pr\u00edchut\u00ed, s ktor\u00fdmi si pri ka\u017edom \u0165ahu m\u00f4\u017ee\u0161 vychutna\u0165 nov\u00fa, vzru\u0161uj\u00facu pr\u00edchu\u0165. \u010ci si za\u010diato\u010dn\u00edk alebo sk\u00fasen\u00fd vap\u00e9r, <a href=\"https:\/\/vapingnet.de\/fr\/Brands\/bang-king-vape\/\" target=\"_blank\" rel=\"noopener\"><strong>Bang King<\/strong><\/a> posunie tvoj z\u00e1\u017eitok z chuti, dymu a v\u00fddr\u017ee bat\u00e9rie na \u00faplne nov\u00fa \u00farove\u0148.<\/p>\n<h4 data-start=\"756\" data-end=\"779\">Vlastnosti produktu:<\/h4>\n<h5 data-start=\"781\" data-end=\"839\">Dvojit\u00fd v\u00fdber pr\u00edchut\u00ed \u2013 men\u00ed\u0161 pod\u013ea \u017eelania<\/h5>\n<ul data-start=\"840\" data-end=\"1233\">\n<li data-start=\"840\" data-end=\"1058\">Jahoda Mel\u00f3n: Sladk\u00e1 chu\u0165 jah\u00f4d a osvie\u017euj\u00faci mel\u00f3n sa sp\u00e1jaj\u00fa do dokonal\u00e9ho letn\u00e9ho z\u00e1\u017eitku. Ka\u017ed\u00fd \u0165ah je ako \u010derstv\u00fd k\u00fasok zo \u0161\u0165avnatej mel\u00f3nu.<\/li>\n<li data-start=\"1059\" data-end=\"1233\">Kiwi Passion Fruit Guava: Exotick\u00e1 zmes kysl\u00e9ho kiwi, sladkej maracuji a tropickej guavy \u2013 chu\u0165, ktor\u00e1 \u0165a pri ka\u017edom \u0165ahu zv\u00e1dza na jazyk.<\/li>\n<\/ul>\n<h5 data-start=\"1235\" data-end=\"1288\">Extr\u00e9mne dlh\u00e1 doba pou\u017e\u00edvania \u2013 nekone\u010dn\u00e9 vapovanie<\/h5>\n<p data-start=\"1289\" data-end=\"1471\">S dobou pou\u017e\u00edvania a\u017e 30 000 \u0165ahov tento jednorazov\u00fd vaporiz\u00e9r prekon\u00e1va v\u0161etky be\u017en\u00e9 zariadenia. Nemus\u00ed\u0161 ho neust\u00e1le meni\u0165, m\u00f4\u017ee\u0161 si ho vychutn\u00e1va\u0165 dlh\u00e9 a nep\u0159eru\u0161ovan\u00e9 obdobie.<\/p>\n<h5 data-start=\"1473\" data-end=\"1509\">Inovat\u00edvny mesh-\u0161pir\u00e1l (1.0\u03a9)<\/h5>\n<p data-start=\"1510\" data-end=\"1697\">Mesh-\u0161pir\u00e1l s odporom 1.0\u03a9 zabezpe\u010duje rovnomern\u00e9 odparovanie e-liquidu, \u010do vedie k bohat\u00fdm dymom a intenz\u00edvnej chuti. Tak\u017ee ka\u017ed\u00fd \u0165ah je e\u0161te pr\u00edjemnej\u0161\u00ed.<\/p>\n<h5 data-start=\"1699\" data-end=\"1755\">Nastavite\u013en\u00fd airflow \u2013 ide\u00e1lne pre ka\u017ed\u00e9ho vap\u00e9ra<\/h5>\n<p data-start=\"1756\" data-end=\"1979\">Jednoducho nastavte airflow, aby ste riadili svoj individu\u00e1lny odpor \u0165ahu. \u010ci preferujete jemn\u00fd \u0165ah alebo silnej\u0161\u00ed dym, tu si m\u00f4\u017eete n\u00e1js\u0165 svoj \u0161t\u00fdl.<\/p>\n<h5 data-start=\"1981\" data-end=\"2041\">\u2714 Opakovane nab\u00edjate\u013en\u00e1 bat\u00e9ria 550mAh + r\u00fdchle nab\u00edjanie Type-C<\/h5>\n<p data-start=\"2042\" data-end=\"2212\">S v\u00fdkonnou bat\u00e9riou a r\u00fdchlym nab\u00edjan\u00edm cez Type-C je jednoduch\u00e9 r\u00fdchlo nabi\u0165 Bang King, aby ste nikdy nezostali bez dymu.<\/p>\n<h5 data-start=\"2214\" data-end=\"2240\">LED digit\u00e1lny displej<\/h5>\n<p data-start=\"2241\" data-end=\"2434\">Zariadenie je vybaven\u00e9 LED digit\u00e1lnym displejom, ktor\u00fd v\u00e1m kedyko\u013evek uk\u00e1\u017ee aktu\u00e1lny stav nabitia a v\u00fdmenu pr\u00edchut\u00ed. Tak m\u00e1te v\u017edy pln\u00fa kontrolu.<\/p>\n<h5 data-start=\"2436\" data-end=\"2464\">36 ml e-liquidu<\/h5>\n<p data-start=\"2465\" data-end=\"2684\">S 36 ml tekutiny v ka\u017edom vaporiz\u00e9ri si m\u00f4\u017eete vychutn\u00e1va\u0165 dlh\u00fd \u010das bez dop\u013a\u0148ania. Vyberte si z r\u00f4znych mo\u017enost\u00ed obsahu nikot\u00ednu: 0%, 2%, 3%, 5%. (Pre nikot\u00edn 0% a 3% je potrebn\u00e1 ve\u013ekoobjemov\u00e1 objedn\u00e1vka.)<\/p>\n<h5 data-start=\"2686\" data-end=\"2729\">\u017diadne clo \u2013 Jednoduch\u00fd n\u00e1kup<\/h5>\n<p data-start=\"2730\" data-end=\"2867\">K\u00fapte si t\u00fato e-cigaretu bez ob\u00e1v z \u010fal\u0161\u00edch coln\u00fdch poplatkov, \u017eiadne coln\u00e9 poplatky! Tak bude v\u00e1\u0161 n\u00e1kup bez stresu a pohodln\u00fd.<\/p>\n<h3 data-start=\"2874\" data-end=\"2932\">Pre\u010do by ste mali vybra\u0165 Bang King 30000 Puffs?<\/h3>\n<ul data-start=\"2933\" data-end=\"3495\">\n<li data-start=\"2933\" data-end=\"3007\">Dlh\u00e1 \u017eivotnos\u0165: <a href=\"https:\/\/vapingnet.de\/sk\/k\/vape-30000-zuege\/\" target=\"_blank\" rel=\"noopener\"><strong>30 000 potiahnut\u00ed<\/strong> <\/a>\u2013 \u017eiadna nutnos\u0165 meni\u0165 zariadenia st\u00e1le znova.<\/li>\n<li data-start=\"3008\" data-end=\"3113\">Dvojit\u00e9 mo\u017enosti chuti: prep\u00ednajte medzi dvoma skvel\u00fdmi pr\u00edchu\u0165ami pod\u013ea n\u00e1lady.<\/li>\n<li data-start=\"3114\" data-end=\"3250\">Pou\u017e\u00edvate\u013esky pr\u00edvetiv\u00e9: opakovane nab\u00edjate\u013en\u00e1 bat\u00e9ria, r\u00fdchly nab\u00edjac\u00ed port a digit\u00e1lny displej pre inteligentn\u00fd z\u00e1\u017eitok z vapovania.<\/li>\n<li data-start=\"3251\" data-end=\"3338\">Individu\u00e1lne nastavite\u013en\u00fd airflow: nastavte odpor pod\u013ea svojich po\u017eiadaviek.<\/li>\n<li data-start=\"3339\" data-end=\"3414\">Ve\u013ek\u00e1 kapacita e-liquidu: 36 ml e-liquidu pre dlhodob\u00e9 vapovanie.<\/li>\n<li data-start=\"3415\" data-end=\"3495\">\u017diadne coln\u00e9 poplatky: nakupujte bez ob\u00e1v a dostanete svoju objedn\u00e1vku priamo.<\/li>\n<\/ul>\n<h4 data-start=\"3502\" data-end=\"3555\">Za\u017eite okam\u017eite ultim\u00e1tny z\u00e1\u017eitok z vapovania!<\/h4>\n<p data-start=\"3556\" data-end=\"3840\" data-is-last-node=\"\" data-is-only-node=\"\">Nav\u0161t\u00edvte vapingnet.de, vyberte si svoju ob\u013e\u00faben\u00fa pr\u00edchu\u0165 a za\u010dnite svoju nov\u00fa vapov\u00fa cestu!<br data-start=\"3673\" data-end=\"3676\" \/>Bang King 30000 Puffs Dual Flavor Disposable \u2013 pre intenz\u00edvny z\u00e1\u017eitok z chuti a dlh\u00e9 vapovanie, vape, ktor\u00fd nesmiete preme\u0161ka\u0165!<\/p>","protected":false},"excerpt":{"rendered":"<p>Bang King 30000 Puffs Dual Flavor Jednorazov\u00e1 \u2013 V\u00e1\u0161 ultim\u00e1tny z\u00e1\u017eitok z vapovania Ste unaven\u00ed z neust\u00e1leho v\u00fdmeny e-cigariet? T\u00fa\u017eite po trv\u00e1cnej\u0161ej...<\/p>","protected":false},"featured_media":5268,"template":"","meta":[],"etheme_brands":[],"product_brand":[101],"product_cat":[56,49,61],"product_tag":[],"class_list":{"0":"post-5267","1":"product","2":"type-product","3":"status-publish","4":"has-post-thumbnail","6":"product_brand-bang-king-vape","7":"product_cat-vape-30000-zuege","8":"product_cat-einweg-e-zigarette","9":"product_cat-f","11":"first","12":"instock","13":"shipping-taxable","14":"purchasable","15":"product-type-simple"},"yoast_head":"<!-- This site is optimized with the Yoast SEO plugin v26.5 - https:\/\/yoast.com\/wordpress\/plugins\/seo\/ -->\n<title>Bang 30000 Puffs Strawberry Watermelon und Kiwi Passion Fruit Guava intensiver Fruchtmix | Vapingnet.de<\/title>\n<meta name=\"description\" content=\"Entdecke Bang 30000 Puffs Strawberry Watermelon und Kiwi Passion Fruit Guava intensiver Fruchtmix bei vapingnet.de, \u25ba Gro\u00dfe Auswahl an Geschmacksrichtungen &amp; super g\u00fcnstig!\" \/>\n<meta name=\"robots\" content=\"index, follow, max-snippet:-1, max-image-preview:large, max-video-preview:-1\" \/>\n<link rel=\"canonical\" href=\"https:\/\/vapingnet.de\/sk\/vape\/bang-30000-puffs-strawberry-watermelon-und-kiwi-passion-fruit-guava-intensiver-fruchtmix\/\" \/>\n<meta property=\"og:locale\" content=\"sk_SK\" \/>\n<meta property=\"og:type\" content=\"article\" \/>\n<meta property=\"og:title\" content=\"Bang 30000 Puffs Strawberry Watermelon und Kiwi Passion Fruit Guava intensiver Fruchtmix | Vapingnet.de\" \/>\n<meta property=\"og:description\" content=\"Entdecke Bang 30000 Puffs Strawberry Watermelon und Kiwi Passion Fruit Guava intensiver Fruchtmix bei vapingnet.de, \u25ba Gro\u00dfe Auswahl an Geschmacksrichtungen &amp; super g\u00fcnstig!\" \/>\n<meta property=\"og:url\" content=\"https:\/\/vapingnet.de\/sk\/vape\/bang-30000-puffs-strawberry-watermelon-und-kiwi-passion-fruit-guava-intensiver-fruchtmix\/\" \/>\n<meta property=\"og:site_name\" content=\"Vapingnet.de\" \/>\n<meta property=\"article:publisher\" content=\"https:\/\/www.facebook.com\/vapingnetde\/\" \/>\n<meta property=\"article:modified_time\" content=\"2026-01-28T08:36:47+00:00\" \/>\n<meta property=\"og:image\" content=\"https:\/\/vapingnet.de\/wp-content\/uploads\/2025\/03\/Strawberry-Watermelon-und-Kiwi-Passion-Fruit-Guava.png\" \/>\n\t<meta property=\"og:image:width\" content=\"900\" \/>\n\t<meta property=\"og:image:height\" content=\"600\" \/>\n\t<meta property=\"og:image:type\" content=\"image\/png\" \/>\n<meta name=\"twitter:card\" content=\"summary_large_image\" \/>\n<meta name=\"twitter:label1\" content=\"Est. reading time\" \/>\n\t<meta name=\"twitter:data1\" content=\"3 minutes\" \/>\n<script type=\"application\/ld+json\" class=\"yoast-schema-graph\">{\"@context\":\"https:\/\/schema.org\",\"@graph\":[{\"@type\":\"WebPage\",\"@id\":\"https:\/\/vapingnet.de\/vape\/bang-30000-puffs-strawberry-watermelon-und-kiwi-passion-fruit-guava-intensiver-fruchtmix\/\",\"url\":\"https:\/\/vapingnet.de\/vape\/bang-30000-puffs-strawberry-watermelon-und-kiwi-passion-fruit-guava-intensiver-fruchtmix\/\",\"name\":\"Bang 30000 Puffs Strawberry Watermelon und Kiwi Passion Fruit Guava intensiver Fruchtmix | Vapingnet.de\",\"isPartOf\":{\"@id\":\"https:\/\/vapingnet.de\/#website\"},\"primaryImageOfPage\":{\"@id\":\"https:\/\/vapingnet.de\/vape\/bang-30000-puffs-strawberry-watermelon-und-kiwi-passion-fruit-guava-intensiver-fruchtmix\/#primaryimage\"},\"image\":{\"@id\":\"https:\/\/vapingnet.de\/vape\/bang-30000-puffs-strawberry-watermelon-und-kiwi-passion-fruit-guava-intensiver-fruchtmix\/#primaryimage\"},\"thumbnailUrl\":\"https:\/\/vapingnet.de\/wp-content\/uploads\/2025\/03\/Strawberry-Watermelon-und-Kiwi-Passion-Fruit-Guava.png\",\"datePublished\":\"2025-12-13T09:04:10+00:00\",\"dateModified\":\"2026-01-28T08:36:47+00:00\",\"description\":\"Entdecke Bang 30000 Puffs Strawberry Watermelon und Kiwi Passion Fruit Guava intensiver Fruchtmix bei vapingnet.de, \u25ba Gro\u00dfe Auswahl an Geschmacksrichtungen & super g\u00fcnstig!\",\"breadcrumb\":{\"@id\":\"https:\/\/vapingnet.de\/vape\/bang-30000-puffs-strawberry-watermelon-und-kiwi-passion-fruit-guava-intensiver-fruchtmix\/#breadcrumb\"},\"inLanguage\":\"sk-SK\",\"potentialAction\":[{\"@type\":\"ReadAction\",\"target\":[\"https:\/\/vapingnet.de\/vape\/bang-30000-puffs-strawberry-watermelon-und-kiwi-passion-fruit-guava-intensiver-fruchtmix\/\"]}]},{\"@type\":\"ImageObject\",\"inLanguage\":\"sk-SK\",\"@id\":\"https:\/\/vapingnet.de\/vape\/bang-30000-puffs-strawberry-watermelon-und-kiwi-passion-fruit-guava-intensiver-fruchtmix\/#primaryimage\",\"url\":\"https:\/\/vapingnet.de\/wp-content\/uploads\/2025\/03\/Strawberry-Watermelon-und-Kiwi-Passion-Fruit-Guava.png\",\"contentUrl\":\"https:\/\/vapingnet.de\/wp-content\/uploads\/2025\/03\/Strawberry-Watermelon-und-Kiwi-Passion-Fruit-Guava.png\",\"width\":900,\"height\":600,\"caption\":\"Strawberry Watermelon und Kiwi Passion Fruit Guava\"},{\"@type\":\"BreadcrumbList\",\"@id\":\"https:\/\/vapingnet.de\/vape\/bang-30000-puffs-strawberry-watermelon-und-kiwi-passion-fruit-guava-intensiver-fruchtmix\/#breadcrumb\",\"itemListElement\":[{\"@type\":\"ListItem\",\"position\":1,\"name\":\"Home\",\"item\":\"https:\/\/vapingnet.de\/\"},{\"@type\":\"ListItem\",\"position\":2,\"name\":\"Shop\",\"item\":\"https:\/\/vapingnet.de\/vape\/\"},{\"@type\":\"ListItem\",\"position\":3,\"name\":\"Bang 30000 Puffs Strawberry Watermelon und Kiwi Passion Fruit Guava intensiver Fruchtmix\"}]},{\"@type\":\"WebSite\",\"@id\":\"https:\/\/vapingnet.de\/#website\",\"url\":\"https:\/\/vapingnet.de\/\",\"name\":\"Vapingnet.de\",\"description\":\"\",\"publisher\":{\"@id\":\"https:\/\/vapingnet.de\/#organization\"},\"potentialAction\":[{\"@type\":\"SearchAction\",\"target\":{\"@type\":\"EntryPoint\",\"urlTemplate\":\"https:\/\/vapingnet.de\/?s={search_term_string}\"},\"query-input\":{\"@type\":\"PropertyValueSpecification\",\"valueRequired\":true,\"valueName\":\"search_term_string\"}}],\"inLanguage\":\"sk-SK\"},{\"@type\":\"Organization\",\"@id\":\"https:\/\/vapingnet.de\/#organization\",\"name\":\"Vapingnet.de\",\"url\":\"https:\/\/vapingnet.de\/\",\"logo\":{\"@type\":\"ImageObject\",\"inLanguage\":\"sk-SK\",\"@id\":\"https:\/\/vapingnet.de\/#\/schema\/logo\/image\/\",\"url\":\"https:\/\/vapingnet.de\/wp-content\/uploads\/2025\/03\/cropped-vapingnet.de_.jpg\",\"contentUrl\":\"https:\/\/vapingnet.de\/wp-content\/uploads\/2025\/03\/cropped-vapingnet.de_.jpg\",\"width\":512,\"height\":512,\"caption\":\"Vapingnet.de\"},\"image\":{\"@id\":\"https:\/\/vapingnet.de\/#\/schema\/logo\/image\/\"},\"sameAs\":[\"https:\/\/www.facebook.com\/vapingnetde\/\"]}]}<\/script>\n<!-- \/ Yoast SEO plugin. -->","yoast_head_json":{"title":"Bang 30000 Puffs Strawberry Watermelon und Kiwi Passion Fruit Guava intensiver Fruchtmix | Vapingnet.de","description":"Entdecke Bang 30000 Puffs Strawberry Watermelon und Kiwi Passion Fruit Guava intensiver Fruchtmix bei vapingnet.de, \u25ba Gro\u00dfe Auswahl an Geschmacksrichtungen & super g\u00fcnstig!","robots":{"index":"index","follow":"follow","max-snippet":"max-snippet:-1","max-image-preview":"max-image-preview:large","max-video-preview":"max-video-preview:-1"},"canonical":"https:\/\/vapingnet.de\/sk\/vape\/bang-30000-puffs-strawberry-watermelon-und-kiwi-passion-fruit-guava-intensiver-fruchtmix\/","og_locale":"sk_SK","og_type":"article","og_title":"Bang 30000 Puffs Strawberry Watermelon und Kiwi Passion Fruit Guava intensiver Fruchtmix | Vapingnet.de","og_description":"Entdecke Bang 30000 Puffs Strawberry Watermelon und Kiwi Passion Fruit Guava intensiver Fruchtmix bei vapingnet.de, \u25ba Gro\u00dfe Auswahl an Geschmacksrichtungen & super g\u00fcnstig!","og_url":"https:\/\/vapingnet.de\/sk\/vape\/bang-30000-puffs-strawberry-watermelon-und-kiwi-passion-fruit-guava-intensiver-fruchtmix\/","og_site_name":"Vapingnet.de","article_publisher":"https:\/\/www.facebook.com\/vapingnetde\/","article_modified_time":"2026-01-28T08:36:47+00:00","og_image":[{"width":900,"height":600,"url":"https:\/\/vapingnet.de\/wp-content\/uploads\/2025\/03\/Strawberry-Watermelon-und-Kiwi-Passion-Fruit-Guava.png","type":"image\/png"}],"twitter_card":"summary_large_image","twitter_misc":{"Est. reading time":"3 minutes"},"schema":{"@context":"https:\/\/schema.org","@graph":[{"@type":"WebPage","@id":"https:\/\/vapingnet.de\/vape\/bang-30000-puffs-strawberry-watermelon-und-kiwi-passion-fruit-guava-intensiver-fruchtmix\/","url":"https:\/\/vapingnet.de\/vape\/bang-30000-puffs-strawberry-watermelon-und-kiwi-passion-fruit-guava-intensiver-fruchtmix\/","name":"Bang 30000 Puffs Strawberry Watermelon und Kiwi Passion Fruit Guava intensiver Fruchtmix | Vapingnet.de","isPartOf":{"@id":"https:\/\/vapingnet.de\/#website"},"primaryImageOfPage":{"@id":"https:\/\/vapingnet.de\/vape\/bang-30000-puffs-strawberry-watermelon-und-kiwi-passion-fruit-guava-intensiver-fruchtmix\/#primaryimage"},"image":{"@id":"https:\/\/vapingnet.de\/vape\/bang-30000-puffs-strawberry-watermelon-und-kiwi-passion-fruit-guava-intensiver-fruchtmix\/#primaryimage"},"thumbnailUrl":"https:\/\/vapingnet.de\/wp-content\/uploads\/2025\/03\/Strawberry-Watermelon-und-Kiwi-Passion-Fruit-Guava.png","datePublished":"2025-12-13T09:04:10+00:00","dateModified":"2026-01-28T08:36:47+00:00","description":"Entdecke Bang 30000 Puffs Strawberry Watermelon und Kiwi Passion Fruit Guava intensiver Fruchtmix bei vapingnet.de, \u25ba Gro\u00dfe Auswahl an Geschmacksrichtungen & super g\u00fcnstig!","breadcrumb":{"@id":"https:\/\/vapingnet.de\/vape\/bang-30000-puffs-strawberry-watermelon-und-kiwi-passion-fruit-guava-intensiver-fruchtmix\/#breadcrumb"},"inLanguage":"sk-SK","potentialAction":[{"@type":"ReadAction","target":["https:\/\/vapingnet.de\/vape\/bang-30000-puffs-strawberry-watermelon-und-kiwi-passion-fruit-guava-intensiver-fruchtmix\/"]}]},{"@type":"ImageObject","inLanguage":"sk-SK","@id":"https:\/\/vapingnet.de\/vape\/bang-30000-puffs-strawberry-watermelon-und-kiwi-passion-fruit-guava-intensiver-fruchtmix\/#primaryimage","url":"https:\/\/vapingnet.de\/wp-content\/uploads\/2025\/03\/Strawberry-Watermelon-und-Kiwi-Passion-Fruit-Guava.png","contentUrl":"https:\/\/vapingnet.de\/wp-content\/uploads\/2025\/03\/Strawberry-Watermelon-und-Kiwi-Passion-Fruit-Guava.png","width":900,"height":600,"caption":"Strawberry Watermelon und Kiwi Passion Fruit Guava"},{"@type":"BreadcrumbList","@id":"https:\/\/vapingnet.de\/vape\/bang-30000-puffs-strawberry-watermelon-und-kiwi-passion-fruit-guava-intensiver-fruchtmix\/#breadcrumb","itemListElement":[{"@type":"ListItem","position":1,"name":"Home","item":"https:\/\/vapingnet.de\/"},{"@type":"ListItem","position":2,"name":"Shop","item":"https:\/\/vapingnet.de\/vape\/"},{"@type":"ListItem","position":3,"name":"Bang 30000 Puffs Strawberry Watermelon und Kiwi Passion Fruit Guava intensiver Fruchtmix"}]},{"@type":"WebSite","@id":"https:\/\/vapingnet.de\/#website","url":"https:\/\/vapingnet.de\/","name":"Vapingnet.de","description":"","publisher":{"@id":"https:\/\/vapingnet.de\/#organization"},"potentialAction":[{"@type":"SearchAction","target":{"@type":"EntryPoint","urlTemplate":"https:\/\/vapingnet.de\/?s={search_term_string}"},"query-input":{"@type":"PropertyValueSpecification","valueRequired":true,"valueName":"search_term_string"}}],"inLanguage":"sk-SK"},{"@type":"Organization","@id":"https:\/\/vapingnet.de\/#organization","name":"Vapingnet.de","url":"https:\/\/vapingnet.de\/","logo":{"@type":"ImageObject","inLanguage":"sk-SK","@id":"https:\/\/vapingnet.de\/#\/schema\/logo\/image\/","url":"https:\/\/vapingnet.de\/wp-content\/uploads\/2025\/03\/cropped-vapingnet.de_.jpg","contentUrl":"https:\/\/vapingnet.de\/wp-content\/uploads\/2025\/03\/cropped-vapingnet.de_.jpg","width":512,"height":512,"caption":"Vapingnet.de"},"image":{"@id":"https:\/\/vapingnet.de\/#\/schema\/logo\/image\/"},"sameAs":["https:\/\/www.facebook.com\/vapingnetde\/"]}]}},"tiered_pricing_type":"fixed","tiered_pricing_fixed_rules":{"10":"9.49","60":"8.54","110":"7.59","200":"6.64"},"tiered_pricing_product_settings":{"layout":"default","base_unit_name":{"singular":null,"plural":null},"default_variation":null},"tiered_pricing_minimum_quantity":null,"tiered_pricing_roles_data":[],"tiered_pricing_percentage_rules":[],"_links":{"self":[{"href":"https:\/\/vapingnet.de\/sk\/wp-json\/wp\/v2\/product\/5267","targetHints":{"allow":["GET"]}}],"collection":[{"href":"https:\/\/vapingnet.de\/sk\/wp-json\/wp\/v2\/product"}],"about":[{"href":"https:\/\/vapingnet.de\/sk\/wp-json\/wp\/v2\/types\/product"}],"version-history":[{"count":2,"href":"https:\/\/vapingnet.de\/sk\/wp-json\/wp\/v2\/product\/5267\/revisions"}],"predecessor-version":[{"id":7307,"href":"https:\/\/vapingnet.de\/sk\/wp-json\/wp\/v2\/product\/5267\/revisions\/7307"}],"wp:featuredmedia":[{"embeddable":true,"href":"https:\/\/vapingnet.de\/sk\/wp-json\/wp\/v2\/media\/5268"}],"wp:attachment":[{"href":"https:\/\/vapingnet.de\/sk\/wp-json\/wp\/v2\/media?parent=5267"}],"wp:term":[{"taxonomy":"brand","embeddable":true,"href":"https:\/\/vapingnet.de\/sk\/wp-json\/wp\/v2\/etheme_brands?post=5267"},{"taxonomy":"product_brand","embeddable":true,"href":"https:\/\/vapingnet.de\/sk\/wp-json\/wp\/v2\/product_brand?post=5267"},{"taxonomy":"product_cat","embeddable":true,"href":"https:\/\/vapingnet.de\/sk\/wp-json\/wp\/v2\/product_cat?post=5267"},{"taxonomy":"product_tag","embeddable":true,"href":"https:\/\/vapingnet.de\/sk\/wp-json\/wp\/v2\/product_tag?post=5267"}],"curies":[{"name":"wp","href":"https:\/\/api.w.org\/{rel}","templated":true}]}}