{"id":5270,"date":"2025-03-13T09:11:26","date_gmt":"2025-03-13T09:11:26","guid":{"rendered":"https:\/\/vapingnet.de\/?post_type=product&#038;p=5270"},"modified":"2025-06-19T03:41:23","modified_gmt":"2025-06-19T03:41:23","slug":"bang-30000-puffs-dual-flavor-strawberry-and-watermelon-und-grape-ice-fuer-einen-einzigartigen-vape","status":"publish","type":"product","link":"https:\/\/vapingnet.de\/sk\/vape\/bang-30000-puffs-dual-flavor-strawberry-and-watermelon-und-grape-ice-fuer-einen-einzigartigen-vape\/","title":{"rendered":"Bang 30000 Puffs Dvojit\u00e1 pr\u00edchu\u0165 Jahoda a Mel\u00f3n a Hrozno Ice pre jedine\u010dn\u00fd vapovanie"},"content":{"rendered":"<h2 data-start=\"0\" data-end=\"86\">Bang King 30000 potiahnut\u00ed jednorazov\u00e1 elektronick\u00e1 cigareta s dvojitou pr\u00edchu\u0165ou \u2013 pre ka\u017ed\u00fd \u0165ah p\u00f4\u017eitok<\/h2>\n<p data-start=\"88\" data-end=\"398\"><a href=\"https:\/\/vapingnet.de\/sk\/bang-king-30000-puffs\/\" target=\"_blank\" rel=\"noopener\"><strong>Bang King 30000 Pufov<\/strong><\/a> je ide\u00e1lnou vo\u013ebou pre v\u0161etk\u00fdch, ktor\u00ed h\u013eadaj\u00fa dlhodob\u00fd a jedine\u010dn\u00fd z\u00e1\u017eitok z vapovania. \u010ci u\u017e h\u013ead\u00e1te dlh\u00e9 pou\u017e\u00edvanie alebo \u0161peci\u00e1lny chu\u0165ov\u00fd z\u00e1\u017eitok, toto zariadenie spln\u00ed v\u0161etky va\u0161e po\u017eiadavky. Po\u010fme spolo\u010dne objavi\u0165 hlavn\u00e9 vlastnosti tejto elektronickej cigarety!<\/p>\n<h4 data-start=\"405\" data-end=\"427\">Hlavn\u00e9 vlastnosti<\/h4>\n<ul data-start=\"429\" data-end=\"1667\">\n<li data-start=\"429\" data-end=\"624\">Extr\u00e9mne dlh\u00e1 \u017eivotnos\u0165: 30000 potiahnut\u00ed zabezpe\u010duje, \u017ee \u010dast\u00e1 v\u00fdmena nie je potrebn\u00e1 a poskytuje dlhodob\u00e9 pou\u017e\u00edvanie, ktor\u00e9 bez probl\u00e9mov pokryje va\u0161e denn\u00e9 potreby.<\/li>\n<li data-start=\"625\" data-end=\"898\">Dvojit\u00e1 chu\u0165ov\u00e1 sk\u00fasenos\u0165: s dvoma osvie\u017euj\u00facimi pr\u00edchu\u0165ami jahoda a mel\u00f3n a hrozno Ice<br \/>\nt\u00e1to elektronick\u00e1 cigareta pon\u00faka pestr\u00e9 chu\u0165ov\u00e9 z\u00e1\u017eitky. Chcete zmenu? Jednoducho prep\u00ednajte a men\u00edte chu\u0165!<\/li>\n<li data-start=\"899\" data-end=\"1154\">Vysoko kvalitn\u00fd mesh-\u0161pir\u00e1l: 1.0\u03a9 mesh-\u0161pir\u00e1l zabezpe\u010duje rovnomern\u00e9 zahrievanie tekutiny a dod\u00e1va pary \u0161peci\u00e1lne jemn\u00fa text\u00faru. \u010ci u\u017e preferujete intenz\u00edvny alebo jemn\u00fd z\u00e1\u017eitok z vapovania, tento \u0161pir\u00e1l sa dokonale prisp\u00f4sob\u00ed.<\/li>\n<li data-start=\"1155\" data-end=\"1331\">Nastavite\u013en\u00e1 funkcia airflow: M\u00f4\u017eete si prisp\u00f4sobi\u0165 pr\u00edvod vzduchu pod\u013ea svojich predst\u00e1v a n\u00e1js\u0165 ide\u00e1lnu silu \u0165ahu. Upravte si z\u00e1\u017eitok z vapovania pod\u013ea seba!<\/li>\n<li data-start=\"1332\" data-end=\"1533\">Bat\u00e9ria 550mAh, opakovane nab\u00edjate\u013en\u00e1: Odoln\u00e1 bat\u00e9ria s r\u00fdchlym nab\u00edjan\u00edm cez Type-C zabezpe\u010duje, \u017ee va\u0161e elektronick\u00e1 cigareta je v\u017edy pripraven\u00e1 na pou\u017eitie \u2013 \u017eiadne obavy z nedostato\u010dnej kapacity bat\u00e9rie!<\/li>\n<li data-start=\"1534\" data-end=\"1667\">Ve\u013ek\u00e9 objemov\u00e9 mno\u017estvo tekutiny: s 36 ml tekutiny sa nemus\u00edte ob\u00e1va\u0165 \u010dast\u00e9ho dop\u013a\u0148ania a m\u00f4\u017eete si vychutn\u00e1va\u0165 dlh\u0161ie.<\/li>\n<\/ul>\n<h4 data-start=\"1674\" data-end=\"1699\">Vlastnosti produktu:<\/h4>\n<ul data-start=\"1701\" data-end=\"2717\">\n<li data-start=\"1701\" data-end=\"1938\">\n<p data-start=\"1703\" data-end=\"1938\">Dvojit\u00e1 vo\u013eba pr\u00edchut\u00ed: kombin\u00e1cia jahoda-mel\u00f3n a hrozno Ice zabezpe\u010duje osvie\u017euj\u00faci z\u00e1\u017eitok z vapovania. U\u017e nie ste viazan\u00ed na jedin\u00fa pr\u00edchu\u0165, m\u00f4\u017eete meni\u0165 pod\u013ea n\u00e1lady.<\/p>\n<\/li>\n<li data-start=\"1942\" data-end=\"2116\">\n<p data-start=\"1944\" data-end=\"2116\">\u017divotnos\u0165 30000 potiahnut\u00ed: s pou\u017eit\u00edm a\u017e do 30000 potiahnut\u00ed \u0161etr\u00edte na \u010dastej v\u00fdmene zariaden\u00ed a dlh\u0161ie si u\u017e\u00edvate svoju elektronick\u00fa cigaretu.<\/p>\n<\/li>\n<li data-start=\"2118\" data-end=\"2255\">\n<p data-start=\"2120\" data-end=\"2255\">Mesh-\u0161pir\u00e1l pre rovnomern\u00fd dym: Mesh-\u0161pir\u00e1l zabezpe\u010duje rovnomern\u00e9 zahrievanie a garantuje jemn\u00fd, pln\u00fd z\u00e1\u017eitok z pary.<\/p>\n<\/li>\n<li data-start=\"2257\" data-end=\"2380\">\n<p data-start=\"2259\" data-end=\"2380\">Nastavite\u013en\u00fd airflow: Upravte pr\u00edvod vzduchu pod\u013ea svojich preferenci\u00ed \u2013 \u010di u\u017e intenz\u00edvnej\u0161\u00ed alebo jemnej\u0161\u00ed dym, rozhodujete vy!<\/p>\n<\/li>\n<li data-start=\"2382\" data-end=\"2542\">\n<p data-start=\"2384\" data-end=\"2542\">R\u00fdchle nab\u00edjanie: Bat\u00e9ria 550mAh a nab\u00edjac\u00ed port Type-C pon\u00fakaj\u00fa r\u00fdchle nab\u00edjanie, aby va\u0161a elektronick\u00e1 cigareta bola v\u017edy v najlep\u0161ej forme.<\/p>\n<\/li>\n<li data-start=\"2544\" data-end=\"2717\">\n<p data-start=\"2546\" data-end=\"2717\">\u017diadne clo: Jednoducho objedn\u00e1vajte cez vapingnet.de a vyu\u017e\u00edvajte \u017eiadne clo a r\u00fdchle doru\u010denie \u2013 tak jednoduch\u00fd n\u00e1kup e\u0161te nebol!<\/p>\n<\/li>\n<\/ul>\n<h3 data-start=\"2724\" data-end=\"2750\">Pre koho je vhodn\u00fd?<\/h3>\n<p data-start=\"2752\" data-end=\"3069\">\u010ci ste za\u010diato\u010dn\u00edk vo svete elektronick\u00fdch cigariet alebo sk\u00fasen\u00fd vap\u00e9r, Bang King 30000 potiahnut\u00ed s dvojitou pr\u00edchu\u0165ou v\u00e1m pon\u00faka jedine\u010dn\u00fd z\u00e1\u017eitok. Dvojit\u00e1 vo\u013eba pr\u00edchut\u00ed, dlh\u00e1 \u017eivotnos\u0165 a nastavite\u013en\u00e1 funkcia airflow robia z tejto elektronickej cigarety v\u00e1\u0161ho dokonal\u00e9ho spolo\u010dn\u00edka.<\/p>\n<h4>Za\u017eite teraz<\/h4>\n<p data-start=\"3100\" data-end=\"3340\">Pripraven\u00ed vychutna\u0165 si ultim\u00e1tny z\u00e1\u017eitok z vapovania? Nav\u0161t\u00edvte <a href=\"https:\/\/vapingnet.de\/sk\/\" target=\"_new\" rel=\"noopener\" data-start=\"3160\" data-end=\"3196\">vapingnet.de<\/a> a z\u00edskajte svoju Bang King 30000 potiahnut\u00ed jednorazov\u00fa elektronick\u00fa cigaretu, aby ste si mohli vychutn\u00e1va\u0165 vapovanie s ka\u017ed\u00fdm \u0165ahom \u2013 kedyko\u013evek a kdeko\u013evek!<\/p>\n<p data-start=\"3347\" data-end=\"3549\" data-is-last-node=\"\" data-is-only-node=\"\">K\u013e\u00fa\u010dov\u00e9 slov\u00e1: Bang King elektronick\u00e1 cigareta, dvojit\u00e1 pr\u00edchu\u0165 elektronick\u00e1 cigareta, dlh\u00e1 \u017eivotnos\u0165, jahoda mel\u00f3n, hrozno Ice, nastavite\u013en\u00fd airflow, mesh-\u0161pir\u00e1l, r\u00fdchle nab\u00edjanie, 36ml tekutiny, \u017eiadne clo<\/p>","protected":false},"excerpt":{"rendered":"<p>Bang King 30000 Puffs Dual Flavor Einweg E-Zigarette \u2013 F\u00fcr jedes Ziehen ein Genuss Bang King 30000 Puffs ist die ideale Wahl f\u00fcr alle, die&#8230;<\/p>","protected":false},"featured_media":5271,"template":"","meta":[],"etheme_brands":[],"product_brand":[101],"product_cat":[56,49,61],"product_tag":[],"class_list":{"0":"post-5270","1":"product","2":"type-product","3":"status-publish","4":"has-post-thumbnail","6":"product_brand-bang-king-vape","7":"product_cat-vape-30000-zuege","8":"product_cat-einweg-e-zigarette","9":"product_cat-f","11":"first","12":"instock","13":"shipping-taxable","14":"purchasable","15":"product-type-simple"},"yoast_head":"<!-- This site is optimized with the Yoast SEO plugin v26.5 - https:\/\/yoast.com\/wordpress\/plugins\/seo\/ -->\n<title>Bang 30000 Puffs Dual Flavor Strawberry and Watermelon und Grape Ice f\u00fcr einen einzigartigen Vape | Vapingnet.de<\/title>\n<meta name=\"description\" content=\"Entdecke Bang 30000 Puffs Dual Flavor Strawberry and Watermelon und Grape Ice f\u00fcr einen einzigartigen Vape bei vapingnet.de, \u25ba Gro\u00dfe Auswahl an Geschmacksrichtungen &amp; super g\u00fcnstig!\" \/>\n<meta name=\"robots\" content=\"index, follow, max-snippet:-1, max-image-preview:large, max-video-preview:-1\" \/>\n<link rel=\"canonical\" href=\"https:\/\/vapingnet.de\/sk\/vape\/bang-30000-puffs-dual-flavor-strawberry-and-watermelon-und-grape-ice-fuer-einen-einzigartigen-vape\/\" \/>\n<meta property=\"og:locale\" content=\"sk_SK\" \/>\n<meta property=\"og:type\" content=\"article\" \/>\n<meta property=\"og:title\" content=\"Bang 30000 Puffs Dual Flavor Strawberry and Watermelon und Grape Ice f\u00fcr einen einzigartigen Vape | Vapingnet.de\" \/>\n<meta property=\"og:description\" content=\"Entdecke Bang 30000 Puffs Dual Flavor Strawberry and Watermelon und Grape Ice f\u00fcr einen einzigartigen Vape bei vapingnet.de, \u25ba Gro\u00dfe Auswahl an Geschmacksrichtungen &amp; super g\u00fcnstig!\" \/>\n<meta property=\"og:url\" content=\"https:\/\/vapingnet.de\/sk\/vape\/bang-30000-puffs-dual-flavor-strawberry-and-watermelon-und-grape-ice-fuer-einen-einzigartigen-vape\/\" \/>\n<meta property=\"og:site_name\" content=\"Vapingnet.de\" \/>\n<meta property=\"article:publisher\" content=\"https:\/\/www.facebook.com\/vapingnetde\/\" \/>\n<meta property=\"article:modified_time\" content=\"2025-06-19T03:41:23+00:00\" \/>\n<meta property=\"og:image\" content=\"https:\/\/vapingnet.de\/wp-content\/uploads\/2025\/03\/Strawberry-and-Watermelon-und-Grape-Ice.png\" \/>\n\t<meta property=\"og:image:width\" content=\"900\" \/>\n\t<meta property=\"og:image:height\" content=\"600\" \/>\n\t<meta property=\"og:image:type\" content=\"image\/png\" \/>\n<meta name=\"twitter:card\" content=\"summary_large_image\" \/>\n<meta name=\"twitter:label1\" content=\"Est. reading time\" \/>\n\t<meta name=\"twitter:data1\" content=\"3 minutes\" \/>\n<script type=\"application\/ld+json\" class=\"yoast-schema-graph\">{\"@context\":\"https:\/\/schema.org\",\"@graph\":[{\"@type\":\"WebPage\",\"@id\":\"https:\/\/vapingnet.de\/vape\/bang-30000-puffs-dual-flavor-strawberry-and-watermelon-und-grape-ice-fuer-einen-einzigartigen-vape\/\",\"url\":\"https:\/\/vapingnet.de\/vape\/bang-30000-puffs-dual-flavor-strawberry-and-watermelon-und-grape-ice-fuer-einen-einzigartigen-vape\/\",\"name\":\"Bang 30000 Puffs Dual Flavor Strawberry and Watermelon und Grape Ice f\u00fcr einen einzigartigen Vape | Vapingnet.de\",\"isPartOf\":{\"@id\":\"https:\/\/vapingnet.de\/#website\"},\"primaryImageOfPage\":{\"@id\":\"https:\/\/vapingnet.de\/vape\/bang-30000-puffs-dual-flavor-strawberry-and-watermelon-und-grape-ice-fuer-einen-einzigartigen-vape\/#primaryimage\"},\"image\":{\"@id\":\"https:\/\/vapingnet.de\/vape\/bang-30000-puffs-dual-flavor-strawberry-and-watermelon-und-grape-ice-fuer-einen-einzigartigen-vape\/#primaryimage\"},\"thumbnailUrl\":\"https:\/\/vapingnet.de\/wp-content\/uploads\/2025\/03\/Strawberry-and-Watermelon-und-Grape-Ice.png\",\"datePublished\":\"2025-03-13T09:11:26+00:00\",\"dateModified\":\"2025-06-19T03:41:23+00:00\",\"description\":\"Entdecke Bang 30000 Puffs Dual Flavor Strawberry and Watermelon und Grape Ice f\u00fcr einen einzigartigen Vape bei vapingnet.de, \u25ba Gro\u00dfe Auswahl an Geschmacksrichtungen & super g\u00fcnstig!\",\"breadcrumb\":{\"@id\":\"https:\/\/vapingnet.de\/vape\/bang-30000-puffs-dual-flavor-strawberry-and-watermelon-und-grape-ice-fuer-einen-einzigartigen-vape\/#breadcrumb\"},\"inLanguage\":\"sk-SK\",\"potentialAction\":[{\"@type\":\"ReadAction\",\"target\":[\"https:\/\/vapingnet.de\/vape\/bang-30000-puffs-dual-flavor-strawberry-and-watermelon-und-grape-ice-fuer-einen-einzigartigen-vape\/\"]}]},{\"@type\":\"ImageObject\",\"inLanguage\":\"sk-SK\",\"@id\":\"https:\/\/vapingnet.de\/vape\/bang-30000-puffs-dual-flavor-strawberry-and-watermelon-und-grape-ice-fuer-einen-einzigartigen-vape\/#primaryimage\",\"url\":\"https:\/\/vapingnet.de\/wp-content\/uploads\/2025\/03\/Strawberry-and-Watermelon-und-Grape-Ice.png\",\"contentUrl\":\"https:\/\/vapingnet.de\/wp-content\/uploads\/2025\/03\/Strawberry-and-Watermelon-und-Grape-Ice.png\",\"width\":900,\"height\":600,\"caption\":\"Strawberry and Watermelon und Grape Ice\"},{\"@type\":\"BreadcrumbList\",\"@id\":\"https:\/\/vapingnet.de\/vape\/bang-30000-puffs-dual-flavor-strawberry-and-watermelon-und-grape-ice-fuer-einen-einzigartigen-vape\/#breadcrumb\",\"itemListElement\":[{\"@type\":\"ListItem\",\"position\":1,\"name\":\"Home\",\"item\":\"https:\/\/vapingnet.de\/\"},{\"@type\":\"ListItem\",\"position\":2,\"name\":\"Shop\",\"item\":\"https:\/\/vapingnet.de\/vape\/\"},{\"@type\":\"ListItem\",\"position\":3,\"name\":\"Bang 30000 Puffs Dual Flavor Strawberry and Watermelon und Grape Ice f\u00fcr einen einzigartigen Vape\"}]},{\"@type\":\"WebSite\",\"@id\":\"https:\/\/vapingnet.de\/#website\",\"url\":\"https:\/\/vapingnet.de\/\",\"name\":\"Vapingnet.de\",\"description\":\"\",\"publisher\":{\"@id\":\"https:\/\/vapingnet.de\/#organization\"},\"potentialAction\":[{\"@type\":\"SearchAction\",\"target\":{\"@type\":\"EntryPoint\",\"urlTemplate\":\"https:\/\/vapingnet.de\/?s={search_term_string}\"},\"query-input\":{\"@type\":\"PropertyValueSpecification\",\"valueRequired\":true,\"valueName\":\"search_term_string\"}}],\"inLanguage\":\"sk-SK\"},{\"@type\":\"Organization\",\"@id\":\"https:\/\/vapingnet.de\/#organization\",\"name\":\"Vapingnet.de\",\"url\":\"https:\/\/vapingnet.de\/\",\"logo\":{\"@type\":\"ImageObject\",\"inLanguage\":\"sk-SK\",\"@id\":\"https:\/\/vapingnet.de\/#\/schema\/logo\/image\/\",\"url\":\"https:\/\/vapingnet.de\/wp-content\/uploads\/2025\/03\/cropped-vapingnet.de_.jpg\",\"contentUrl\":\"https:\/\/vapingnet.de\/wp-content\/uploads\/2025\/03\/cropped-vapingnet.de_.jpg\",\"width\":512,\"height\":512,\"caption\":\"Vapingnet.de\"},\"image\":{\"@id\":\"https:\/\/vapingnet.de\/#\/schema\/logo\/image\/\"},\"sameAs\":[\"https:\/\/www.facebook.com\/vapingnetde\/\"]}]}<\/script>\n<!-- \/ Yoast SEO plugin. -->","yoast_head_json":{"title":"Bang 30000 Puffs Dual Flavor Strawberry and Watermelon und Grape Ice f\u00fcr einen einzigartigen Vape | Vapingnet.de","description":"Entdecke Bang 30000 Puffs Dual Flavor Strawberry and Watermelon und Grape Ice f\u00fcr einen einzigartigen Vape bei vapingnet.de, \u25ba Gro\u00dfe Auswahl an Geschmacksrichtungen & super g\u00fcnstig!","robots":{"index":"index","follow":"follow","max-snippet":"max-snippet:-1","max-image-preview":"max-image-preview:large","max-video-preview":"max-video-preview:-1"},"canonical":"https:\/\/vapingnet.de\/sk\/vape\/bang-30000-puffs-dual-flavor-strawberry-and-watermelon-und-grape-ice-fuer-einen-einzigartigen-vape\/","og_locale":"sk_SK","og_type":"article","og_title":"Bang 30000 Puffs Dual Flavor Strawberry and Watermelon und Grape Ice f\u00fcr einen einzigartigen Vape | Vapingnet.de","og_description":"Entdecke Bang 30000 Puffs Dual Flavor Strawberry and Watermelon und Grape Ice f\u00fcr einen einzigartigen Vape bei vapingnet.de, \u25ba Gro\u00dfe Auswahl an Geschmacksrichtungen & super g\u00fcnstig!","og_url":"https:\/\/vapingnet.de\/sk\/vape\/bang-30000-puffs-dual-flavor-strawberry-and-watermelon-und-grape-ice-fuer-einen-einzigartigen-vape\/","og_site_name":"Vapingnet.de","article_publisher":"https:\/\/www.facebook.com\/vapingnetde\/","article_modified_time":"2025-06-19T03:41:23+00:00","og_image":[{"width":900,"height":600,"url":"https:\/\/vapingnet.de\/wp-content\/uploads\/2025\/03\/Strawberry-and-Watermelon-und-Grape-Ice.png","type":"image\/png"}],"twitter_card":"summary_large_image","twitter_misc":{"Est. reading time":"3 minutes"},"schema":{"@context":"https:\/\/schema.org","@graph":[{"@type":"WebPage","@id":"https:\/\/vapingnet.de\/vape\/bang-30000-puffs-dual-flavor-strawberry-and-watermelon-und-grape-ice-fuer-einen-einzigartigen-vape\/","url":"https:\/\/vapingnet.de\/vape\/bang-30000-puffs-dual-flavor-strawberry-and-watermelon-und-grape-ice-fuer-einen-einzigartigen-vape\/","name":"Bang 30000 Puffs Dual Flavor Strawberry and Watermelon und Grape Ice f\u00fcr einen einzigartigen Vape | Vapingnet.de","isPartOf":{"@id":"https:\/\/vapingnet.de\/#website"},"primaryImageOfPage":{"@id":"https:\/\/vapingnet.de\/vape\/bang-30000-puffs-dual-flavor-strawberry-and-watermelon-und-grape-ice-fuer-einen-einzigartigen-vape\/#primaryimage"},"image":{"@id":"https:\/\/vapingnet.de\/vape\/bang-30000-puffs-dual-flavor-strawberry-and-watermelon-und-grape-ice-fuer-einen-einzigartigen-vape\/#primaryimage"},"thumbnailUrl":"https:\/\/vapingnet.de\/wp-content\/uploads\/2025\/03\/Strawberry-and-Watermelon-und-Grape-Ice.png","datePublished":"2025-03-13T09:11:26+00:00","dateModified":"2025-06-19T03:41:23+00:00","description":"Entdecke Bang 30000 Puffs Dual Flavor Strawberry and Watermelon und Grape Ice f\u00fcr einen einzigartigen Vape bei vapingnet.de, \u25ba Gro\u00dfe Auswahl an Geschmacksrichtungen & super g\u00fcnstig!","breadcrumb":{"@id":"https:\/\/vapingnet.de\/vape\/bang-30000-puffs-dual-flavor-strawberry-and-watermelon-und-grape-ice-fuer-einen-einzigartigen-vape\/#breadcrumb"},"inLanguage":"sk-SK","potentialAction":[{"@type":"ReadAction","target":["https:\/\/vapingnet.de\/vape\/bang-30000-puffs-dual-flavor-strawberry-and-watermelon-und-grape-ice-fuer-einen-einzigartigen-vape\/"]}]},{"@type":"ImageObject","inLanguage":"sk-SK","@id":"https:\/\/vapingnet.de\/vape\/bang-30000-puffs-dual-flavor-strawberry-and-watermelon-und-grape-ice-fuer-einen-einzigartigen-vape\/#primaryimage","url":"https:\/\/vapingnet.de\/wp-content\/uploads\/2025\/03\/Strawberry-and-Watermelon-und-Grape-Ice.png","contentUrl":"https:\/\/vapingnet.de\/wp-content\/uploads\/2025\/03\/Strawberry-and-Watermelon-und-Grape-Ice.png","width":900,"height":600,"caption":"Strawberry and Watermelon und Grape Ice"},{"@type":"BreadcrumbList","@id":"https:\/\/vapingnet.de\/vape\/bang-30000-puffs-dual-flavor-strawberry-and-watermelon-und-grape-ice-fuer-einen-einzigartigen-vape\/#breadcrumb","itemListElement":[{"@type":"ListItem","position":1,"name":"Home","item":"https:\/\/vapingnet.de\/"},{"@type":"ListItem","position":2,"name":"Shop","item":"https:\/\/vapingnet.de\/vape\/"},{"@type":"ListItem","position":3,"name":"Bang 30000 Puffs Dual Flavor Strawberry and Watermelon und Grape Ice f\u00fcr einen einzigartigen Vape"}]},{"@type":"WebSite","@id":"https:\/\/vapingnet.de\/#website","url":"https:\/\/vapingnet.de\/","name":"Vapingnet.de","description":"","publisher":{"@id":"https:\/\/vapingnet.de\/#organization"},"potentialAction":[{"@type":"SearchAction","target":{"@type":"EntryPoint","urlTemplate":"https:\/\/vapingnet.de\/?s={search_term_string}"},"query-input":{"@type":"PropertyValueSpecification","valueRequired":true,"valueName":"search_term_string"}}],"inLanguage":"sk-SK"},{"@type":"Organization","@id":"https:\/\/vapingnet.de\/#organization","name":"Vapingnet.de","url":"https:\/\/vapingnet.de\/","logo":{"@type":"ImageObject","inLanguage":"sk-SK","@id":"https:\/\/vapingnet.de\/#\/schema\/logo\/image\/","url":"https:\/\/vapingnet.de\/wp-content\/uploads\/2025\/03\/cropped-vapingnet.de_.jpg","contentUrl":"https:\/\/vapingnet.de\/wp-content\/uploads\/2025\/03\/cropped-vapingnet.de_.jpg","width":512,"height":512,"caption":"Vapingnet.de"},"image":{"@id":"https:\/\/vapingnet.de\/#\/schema\/logo\/image\/"},"sameAs":["https:\/\/www.facebook.com\/vapingnetde\/"]}]}},"tiered_pricing_type":"fixed","tiered_pricing_fixed_rules":{"10":"9.49","60":"8.54","110":"7.59","200":"6.64"},"tiered_pricing_product_settings":{"layout":"default","base_unit_name":{"singular":null,"plural":null},"default_variation":null},"tiered_pricing_minimum_quantity":null,"tiered_pricing_roles_data":[],"tiered_pricing_percentage_rules":[],"_links":{"self":[{"href":"https:\/\/vapingnet.de\/sk\/wp-json\/wp\/v2\/product\/5270","targetHints":{"allow":["GET"]}}],"collection":[{"href":"https:\/\/vapingnet.de\/sk\/wp-json\/wp\/v2\/product"}],"about":[{"href":"https:\/\/vapingnet.de\/sk\/wp-json\/wp\/v2\/types\/product"}],"version-history":[{"count":1,"href":"https:\/\/vapingnet.de\/sk\/wp-json\/wp\/v2\/product\/5270\/revisions"}],"predecessor-version":[{"id":5272,"href":"https:\/\/vapingnet.de\/sk\/wp-json\/wp\/v2\/product\/5270\/revisions\/5272"}],"wp:featuredmedia":[{"embeddable":true,"href":"https:\/\/vapingnet.de\/sk\/wp-json\/wp\/v2\/media\/5271"}],"wp:attachment":[{"href":"https:\/\/vapingnet.de\/sk\/wp-json\/wp\/v2\/media?parent=5270"}],"wp:term":[{"taxonomy":"brand","embeddable":true,"href":"https:\/\/vapingnet.de\/sk\/wp-json\/wp\/v2\/etheme_brands?post=5270"},{"taxonomy":"product_brand","embeddable":true,"href":"https:\/\/vapingnet.de\/sk\/wp-json\/wp\/v2\/product_brand?post=5270"},{"taxonomy":"product_cat","embeddable":true,"href":"https:\/\/vapingnet.de\/sk\/wp-json\/wp\/v2\/product_cat?post=5270"},{"taxonomy":"product_tag","embeddable":true,"href":"https:\/\/vapingnet.de\/sk\/wp-json\/wp\/v2\/product_tag?post=5270"}],"curies":[{"name":"wp","href":"https:\/\/api.w.org\/{rel}","templated":true}]}}