{"id":5281,"date":"2025-03-14T02:56:25","date_gmt":"2025-03-14T02:56:25","guid":{"rendered":"https:\/\/vapingnet.de\/?post_type=product&#038;p=5281"},"modified":"2025-06-19T03:41:21","modified_gmt":"2025-06-19T03:41:21","slug":"strawberry-kiwi-36000-puffs-power-von-bang-king-vape","status":"publish","type":"product","link":"https:\/\/vapingnet.de\/sk\/vape\/strawberry-kiwi-36000-puffs-power-von-bang-king-vape\/","title":{"rendered":"Strawberry Kiwi 36000 Puffs Power od Bang King Vape"},"content":{"rendered":"<h2 data-start=\"0\" data-end=\"93\">Bang King 36000 Puffs \u2013 Maxim\u00e1lny z\u00e1\u017eitok z vapovania, e-cigareta pre skuto\u010dn\u00fdch gurm\u00e1nov!<\/h2>\n<p data-start=\"95\" data-end=\"401\">Ak h\u013ead\u00e1te ultra-dlh\u00fa, v\u00fdkonn\u00fa a chu\u0165ovo intenz\u00edvnu e-cigaretu, potom je <a href=\"https:\/\/vapingnet.de\/sk\/bang-36000-puffs-mesh-coil\/\" target=\"_blank\" rel=\"noopener\"><strong>Bang King 36000 Puffs<\/strong><\/a> presne to, \u010do h\u013ead\u00e1te! S ve\u013ek\u00fdm z\u00e1sobn\u00edkom na liquid a vysokokvalitnou technol\u00f3giou Mesh Coil zabezpe\u010duje nezabudnute\u013en\u00fd z\u00e1\u017eitok z vapovania.<\/p>\n<h4 data-start=\"408\" data-end=\"460\">\ud83d\udca8 36000 Puffs \u2013 Extra dlh\u00e1 doba pou\u017e\u00edvania!<\/h4>\n<ul data-start=\"461\" data-end=\"649\">\n<li data-start=\"461\" data-end=\"574\">Dvojit\u00fd z\u00e1sobn\u00edk na e-liquid s 40 ml predplnen\u00e9ho liquidu \u2013 na t\u00fd\u017edne dlh\u00e9 vapovanie bez dop\u013a\u0148ania.<\/li>\n<li data-start=\"575\" data-end=\"649\">Ide\u00e1lne pre \u010dast\u00fdch vapova\u010dov, ktor\u00ed klad\u00fa d\u00f4raz na dlh\u00fa \u017eivotnos\u0165.<\/li>\n<\/ul>\n<h4 data-start=\"656\" data-end=\"722\">\ud83d\udd25 DTL (priame vapovanie do p\u013e\u00fac) \u2013 Intenz\u00edvny z\u00e1\u017eitok z vapovania!<\/h4>\n<ul data-start=\"723\" data-end=\"1013\">\n<li data-start=\"723\" data-end=\"824\">0,6 \u03a9 Sub-Ohm Mesh Coil pre rovnomern\u00e9 odparovanie, hust\u00fd dym a intenz\u00edvnu chu\u0165.<\/li>\n<li data-start=\"825\" data-end=\"929\">Navrhnut\u00e9 pre DTL (Direct-to-Lung), aby vytv\u00e1rali objemn\u00e9 oblaky dymu a bohat\u00fa ar\u00f3mu.<\/li>\n<li data-start=\"930\" data-end=\"1013\">Perfektne pre t\u00fdch, ktor\u00ed miluj\u00fa siln\u00fd z\u00e1\u017eitok z vapovania s ve\u013ek\u00fdmi oblakmi!<\/li>\n<\/ul>\n<h4 data-start=\"1020\" data-end=\"1067\">\ud83d\udd0b 650mAh bat\u00e9ria + r\u00fdchle nab\u00edjanie Type-C!<\/h4>\n<ul data-start=\"1068\" data-end=\"1244\">\n<li data-start=\"1068\" data-end=\"1135\">Opakovane nab\u00edjate\u013en\u00e1 650mAh bat\u00e9ria pre dlh\u00fa dobu pou\u017e\u00edvania.<\/li>\n<li data-start=\"1136\" data-end=\"1244\">R\u00fdchle nab\u00edjanie Type-C zabezpe\u010duje r\u00fdchle a pohodln\u00e9 nab\u00edjanie \u2013 \u017eiadne \u010dakanie, len pokra\u010dujte vo vapovan\u00ed!<\/li>\n<\/ul>\n<h4 data-start=\"1251\" data-end=\"1312\">\ud83c\udf08 LED farebn\u00e9 svetlo \u2013 \u0160t\u00fdlov\u00fd dizajn s efektom wow!<\/h4>\n<ul data-start=\"1313\" data-end=\"1490\">\n<li data-start=\"1313\" data-end=\"1398\">Skvel\u00e9 LED osvetlenie, ktor\u00e9 pri ka\u017edom \u0165ahu svieti v r\u00f4znych farb\u00e1ch.<\/li>\n<li data-start=\"1399\" data-end=\"1490\">Kompaktn\u00e1 ve\u013ekos\u0165 pre maxim\u00e1lnu mobilitu \u2013 ide\u00e1lne na cesty a skuto\u010dn\u00fd p\u00fata\u010d pozornosti!<\/li>\n<\/ul>\n<h4 data-start=\"1497\" data-end=\"1543\">\ud83c\udf53\ud83c\udf43 Tip na chu\u0165 \u2013 Jahodovo-kivi<\/h4>\n<p data-start=\"1544\" data-end=\"1618\">Ovocn\u00e1 svie\u017eos\u0165 s harmonickou rovnov\u00e1hou medzi sladkos\u0165ou a kyslos\u0165ou!<\/p>\n<ul data-start=\"1619\" data-end=\"1934\">\n<li data-start=\"1619\" data-end=\"1733\">\u0160\u0165avnat\u00e9 jahody sa stret\u00e1vaj\u00fa s osvie\u017euj\u00facou kivi ar\u00f3mou, pre intenz\u00edvny a osvie\u017euj\u00faci z\u00e1\u017eitok.<\/li>\n<li data-start=\"1734\" data-end=\"1839\">Pri n\u00e1dychu c\u00edti\u0161 sladk\u00fa jahodu, pri v\u00fddychu zost\u00e1va pr\u00edjemn\u00e1 n\u00e1dych z kiwi.<\/li>\n<li data-start=\"1840\" data-end=\"1934\">Perfektn\u00e9 pre milovn\u00edkov ovocn\u00fdch E-liquidov \u2013 dlhodob\u00e9 pote\u0161enie s ka\u017ed\u00fdm \u0165ahom!<\/li>\n<\/ul>\n<h3 data-start=\"1941\" data-end=\"1992\">\ud83d\uded2 Objednajte teraz a vapujte bez starost\u00ed!<\/h3>\n<p data-start=\"1993\" data-end=\"2280\">\u2714 Doba dodania: 7\u201315 pracovn\u00fdch dn\u00ed \u2013 te\u0161\u00edte sa na to!<br data-start=\"2052\" data-end=\"2055\" \/>\u2714 Clo zadarmo \u2013 bezstarostn\u00fd n\u00e1kup a priamo k v\u00e1m domov doru\u010den\u00e9.<br data-start=\"2132\" data-end=\"2135\" \/>\u2714 Ide\u00e1lne pre vlastn\u00fa potrebu alebo ako ve\u013ekoobchodn\u00e1 objedn\u00e1vka \u2013 v\u00fdkonn\u00e1 jednorazov\u00e1 e-cigareta s neporazite\u013en\u00fdm pomerom cena\/v\u00fdkon!<\/p>\n<p data-start=\"2282\" data-end=\"2342\" data-is-last-node=\"\" data-is-only-node=\"\">\ud83d\udccd Objednajte teraz: <a href=\"https:\/\/vapingnet.de\/sk\/\" target=\"_blank\" rel=\"noopener\"><strong>vapingnet.de<\/strong><\/a><\/p>","protected":false},"excerpt":{"rendered":"<p>Bang King 36000 Puffs \u2013 Maxim\u00e1lny z\u00e1\u017eitok z vapovania, e-cigareta pre skuto\u010dn\u00fdch gurm\u00e1nov! Ak h\u013ead\u00e1te ultra-dlh\u00fa, v\u00fdkonn\u00fa a chu\u0165ovo intenz\u00edvnu e-cigaretu,...<\/p>","protected":false},"featured_media":5282,"template":"","meta":[],"etheme_brands":[],"product_brand":[101],"product_cat":[57,49,61],"product_tag":[],"class_list":{"0":"post-5281","1":"product","2":"type-product","3":"status-publish","4":"has-post-thumbnail","6":"product_brand-bang-king-vape","7":"product_cat-vape-36000-zuege","8":"product_cat-einweg-e-zigarette","9":"product_cat-f","11":"first","12":"instock","13":"shipping-taxable","14":"purchasable","15":"product-type-simple"},"yoast_head":"<!-- This site is optimized with the Yoast SEO plugin v26.5 - https:\/\/yoast.com\/wordpress\/plugins\/seo\/ -->\n<title>Strawberry Kiwi 36000 Puffs Power von Bang King Vape | vapingnet.de<\/title>\n<meta name=\"description\" content=\"Strawberry Kiwi 36000 Puffs Power von Bang King Vape \u25ba Viele Geschmacksrichtungen &amp; g\u00fcnstig bei vapingnet.de f\u00fcr Einsteiger\" \/>\n<meta name=\"robots\" content=\"index, follow, max-snippet:-1, max-image-preview:large, max-video-preview:-1\" \/>\n<link rel=\"canonical\" href=\"https:\/\/vapingnet.de\/sk\/vape\/strawberry-kiwi-36000-puffs-power-von-bang-king-vape\/\" \/>\n<meta property=\"og:locale\" content=\"sk_SK\" \/>\n<meta property=\"og:type\" content=\"article\" \/>\n<meta property=\"og:title\" content=\"Strawberry Kiwi 36000 Puffs Power von Bang King Vape | vapingnet.de\" \/>\n<meta property=\"og:description\" content=\"Strawberry Kiwi 36000 Puffs Power von Bang King Vape \u25ba Viele Geschmacksrichtungen &amp; g\u00fcnstig bei vapingnet.de f\u00fcr Einsteiger\" \/>\n<meta property=\"og:url\" content=\"https:\/\/vapingnet.de\/sk\/vape\/strawberry-kiwi-36000-puffs-power-von-bang-king-vape\/\" \/>\n<meta property=\"og:site_name\" content=\"Vapingnet.de\" \/>\n<meta property=\"article:publisher\" content=\"https:\/\/www.facebook.com\/vapingnetde\/\" \/>\n<meta property=\"article:modified_time\" content=\"2025-06-19T03:41:21+00:00\" \/>\n<meta property=\"og:image\" content=\"https:\/\/vapingnet.de\/wp-content\/uploads\/2025\/03\/Strawberry-Kiwi-2.png\" \/>\n\t<meta property=\"og:image:width\" content=\"900\" \/>\n\t<meta property=\"og:image:height\" content=\"600\" \/>\n\t<meta property=\"og:image:type\" content=\"image\/png\" \/>\n<meta name=\"twitter:card\" content=\"summary_large_image\" \/>\n<meta name=\"twitter:label1\" content=\"Est. reading time\" \/>\n\t<meta name=\"twitter:data1\" content=\"2 minutes\" \/>\n<script type=\"application\/ld+json\" class=\"yoast-schema-graph\">{\"@context\":\"https:\/\/schema.org\",\"@graph\":[{\"@type\":\"WebPage\",\"@id\":\"https:\/\/vapingnet.de\/vape\/strawberry-kiwi-36000-puffs-power-von-bang-king-vape\/\",\"url\":\"https:\/\/vapingnet.de\/vape\/strawberry-kiwi-36000-puffs-power-von-bang-king-vape\/\",\"name\":\"Strawberry Kiwi 36000 Puffs Power von Bang King Vape | vapingnet.de\",\"isPartOf\":{\"@id\":\"https:\/\/vapingnet.de\/#website\"},\"primaryImageOfPage\":{\"@id\":\"https:\/\/vapingnet.de\/vape\/strawberry-kiwi-36000-puffs-power-von-bang-king-vape\/#primaryimage\"},\"image\":{\"@id\":\"https:\/\/vapingnet.de\/vape\/strawberry-kiwi-36000-puffs-power-von-bang-king-vape\/#primaryimage\"},\"thumbnailUrl\":\"https:\/\/vapingnet.de\/wp-content\/uploads\/2025\/03\/Strawberry-Kiwi-2.png\",\"datePublished\":\"2025-03-14T02:56:25+00:00\",\"dateModified\":\"2025-06-19T03:41:21+00:00\",\"description\":\"Strawberry Kiwi 36000 Puffs Power von Bang King Vape \u25ba Viele Geschmacksrichtungen & g\u00fcnstig bei vapingnet.de f\u00fcr Einsteiger\",\"breadcrumb\":{\"@id\":\"https:\/\/vapingnet.de\/vape\/strawberry-kiwi-36000-puffs-power-von-bang-king-vape\/#breadcrumb\"},\"inLanguage\":\"sk-SK\",\"potentialAction\":[{\"@type\":\"ReadAction\",\"target\":[\"https:\/\/vapingnet.de\/vape\/strawberry-kiwi-36000-puffs-power-von-bang-king-vape\/\"]}]},{\"@type\":\"ImageObject\",\"inLanguage\":\"sk-SK\",\"@id\":\"https:\/\/vapingnet.de\/vape\/strawberry-kiwi-36000-puffs-power-von-bang-king-vape\/#primaryimage\",\"url\":\"https:\/\/vapingnet.de\/wp-content\/uploads\/2025\/03\/Strawberry-Kiwi-2.png\",\"contentUrl\":\"https:\/\/vapingnet.de\/wp-content\/uploads\/2025\/03\/Strawberry-Kiwi-2.png\",\"width\":900,\"height\":600,\"caption\":\"Strawberry Kiwi\"},{\"@type\":\"BreadcrumbList\",\"@id\":\"https:\/\/vapingnet.de\/vape\/strawberry-kiwi-36000-puffs-power-von-bang-king-vape\/#breadcrumb\",\"itemListElement\":[{\"@type\":\"ListItem\",\"position\":1,\"name\":\"Home\",\"item\":\"https:\/\/vapingnet.de\/\"},{\"@type\":\"ListItem\",\"position\":2,\"name\":\"Shop\",\"item\":\"https:\/\/vapingnet.de\/vape\/\"},{\"@type\":\"ListItem\",\"position\":3,\"name\":\"Strawberry Kiwi 36000 Puffs Power von Bang King Vape\"}]},{\"@type\":\"WebSite\",\"@id\":\"https:\/\/vapingnet.de\/#website\",\"url\":\"https:\/\/vapingnet.de\/\",\"name\":\"Vapingnet.de\",\"description\":\"\",\"publisher\":{\"@id\":\"https:\/\/vapingnet.de\/#organization\"},\"potentialAction\":[{\"@type\":\"SearchAction\",\"target\":{\"@type\":\"EntryPoint\",\"urlTemplate\":\"https:\/\/vapingnet.de\/?s={search_term_string}\"},\"query-input\":{\"@type\":\"PropertyValueSpecification\",\"valueRequired\":true,\"valueName\":\"search_term_string\"}}],\"inLanguage\":\"sk-SK\"},{\"@type\":\"Organization\",\"@id\":\"https:\/\/vapingnet.de\/#organization\",\"name\":\"Vapingnet.de\",\"url\":\"https:\/\/vapingnet.de\/\",\"logo\":{\"@type\":\"ImageObject\",\"inLanguage\":\"sk-SK\",\"@id\":\"https:\/\/vapingnet.de\/#\/schema\/logo\/image\/\",\"url\":\"https:\/\/vapingnet.de\/wp-content\/uploads\/2025\/03\/cropped-vapingnet.de_.jpg\",\"contentUrl\":\"https:\/\/vapingnet.de\/wp-content\/uploads\/2025\/03\/cropped-vapingnet.de_.jpg\",\"width\":512,\"height\":512,\"caption\":\"Vapingnet.de\"},\"image\":{\"@id\":\"https:\/\/vapingnet.de\/#\/schema\/logo\/image\/\"},\"sameAs\":[\"https:\/\/www.facebook.com\/vapingnetde\/\"]}]}<\/script>\n<!-- \/ Yoast SEO plugin. -->","yoast_head_json":{"title":"Strawberry Kiwi 36000 Puffs Power von Bang King Vape | vapingnet.de","description":"Strawberry Kiwi 36000 Puffs Power von Bang King Vape \u25ba Viele Geschmacksrichtungen & g\u00fcnstig bei vapingnet.de f\u00fcr Einsteiger","robots":{"index":"index","follow":"follow","max-snippet":"max-snippet:-1","max-image-preview":"max-image-preview:large","max-video-preview":"max-video-preview:-1"},"canonical":"https:\/\/vapingnet.de\/sk\/vape\/strawberry-kiwi-36000-puffs-power-von-bang-king-vape\/","og_locale":"sk_SK","og_type":"article","og_title":"Strawberry Kiwi 36000 Puffs Power von Bang King Vape | vapingnet.de","og_description":"Strawberry Kiwi 36000 Puffs Power von Bang King Vape \u25ba Viele Geschmacksrichtungen & g\u00fcnstig bei vapingnet.de f\u00fcr Einsteiger","og_url":"https:\/\/vapingnet.de\/sk\/vape\/strawberry-kiwi-36000-puffs-power-von-bang-king-vape\/","og_site_name":"Vapingnet.de","article_publisher":"https:\/\/www.facebook.com\/vapingnetde\/","article_modified_time":"2025-06-19T03:41:21+00:00","og_image":[{"width":900,"height":600,"url":"https:\/\/vapingnet.de\/wp-content\/uploads\/2025\/03\/Strawberry-Kiwi-2.png","type":"image\/png"}],"twitter_card":"summary_large_image","twitter_misc":{"Est. reading time":"2 minutes"},"schema":{"@context":"https:\/\/schema.org","@graph":[{"@type":"WebPage","@id":"https:\/\/vapingnet.de\/vape\/strawberry-kiwi-36000-puffs-power-von-bang-king-vape\/","url":"https:\/\/vapingnet.de\/vape\/strawberry-kiwi-36000-puffs-power-von-bang-king-vape\/","name":"Strawberry Kiwi 36000 Puffs Power von Bang King Vape | vapingnet.de","isPartOf":{"@id":"https:\/\/vapingnet.de\/#website"},"primaryImageOfPage":{"@id":"https:\/\/vapingnet.de\/vape\/strawberry-kiwi-36000-puffs-power-von-bang-king-vape\/#primaryimage"},"image":{"@id":"https:\/\/vapingnet.de\/vape\/strawberry-kiwi-36000-puffs-power-von-bang-king-vape\/#primaryimage"},"thumbnailUrl":"https:\/\/vapingnet.de\/wp-content\/uploads\/2025\/03\/Strawberry-Kiwi-2.png","datePublished":"2025-03-14T02:56:25+00:00","dateModified":"2025-06-19T03:41:21+00:00","description":"Strawberry Kiwi 36000 Puffs Power von Bang King Vape \u25ba Viele Geschmacksrichtungen & g\u00fcnstig bei vapingnet.de f\u00fcr Einsteiger","breadcrumb":{"@id":"https:\/\/vapingnet.de\/vape\/strawberry-kiwi-36000-puffs-power-von-bang-king-vape\/#breadcrumb"},"inLanguage":"sk-SK","potentialAction":[{"@type":"ReadAction","target":["https:\/\/vapingnet.de\/vape\/strawberry-kiwi-36000-puffs-power-von-bang-king-vape\/"]}]},{"@type":"ImageObject","inLanguage":"sk-SK","@id":"https:\/\/vapingnet.de\/vape\/strawberry-kiwi-36000-puffs-power-von-bang-king-vape\/#primaryimage","url":"https:\/\/vapingnet.de\/wp-content\/uploads\/2025\/03\/Strawberry-Kiwi-2.png","contentUrl":"https:\/\/vapingnet.de\/wp-content\/uploads\/2025\/03\/Strawberry-Kiwi-2.png","width":900,"height":600,"caption":"Strawberry Kiwi"},{"@type":"BreadcrumbList","@id":"https:\/\/vapingnet.de\/vape\/strawberry-kiwi-36000-puffs-power-von-bang-king-vape\/#breadcrumb","itemListElement":[{"@type":"ListItem","position":1,"name":"Home","item":"https:\/\/vapingnet.de\/"},{"@type":"ListItem","position":2,"name":"Shop","item":"https:\/\/vapingnet.de\/vape\/"},{"@type":"ListItem","position":3,"name":"Strawberry Kiwi 36000 Puffs Power von Bang King Vape"}]},{"@type":"WebSite","@id":"https:\/\/vapingnet.de\/#website","url":"https:\/\/vapingnet.de\/","name":"Vapingnet.de","description":"","publisher":{"@id":"https:\/\/vapingnet.de\/#organization"},"potentialAction":[{"@type":"SearchAction","target":{"@type":"EntryPoint","urlTemplate":"https:\/\/vapingnet.de\/?s={search_term_string}"},"query-input":{"@type":"PropertyValueSpecification","valueRequired":true,"valueName":"search_term_string"}}],"inLanguage":"sk-SK"},{"@type":"Organization","@id":"https:\/\/vapingnet.de\/#organization","name":"Vapingnet.de","url":"https:\/\/vapingnet.de\/","logo":{"@type":"ImageObject","inLanguage":"sk-SK","@id":"https:\/\/vapingnet.de\/#\/schema\/logo\/image\/","url":"https:\/\/vapingnet.de\/wp-content\/uploads\/2025\/03\/cropped-vapingnet.de_.jpg","contentUrl":"https:\/\/vapingnet.de\/wp-content\/uploads\/2025\/03\/cropped-vapingnet.de_.jpg","width":512,"height":512,"caption":"Vapingnet.de"},"image":{"@id":"https:\/\/vapingnet.de\/#\/schema\/logo\/image\/"},"sameAs":["https:\/\/www.facebook.com\/vapingnetde\/"]}]}},"tiered_pricing_type":"fixed","tiered_pricing_fixed_rules":{"8":"10.44","60":"9.40","110":"8.35","200":"7.31"},"tiered_pricing_product_settings":{"layout":"default","base_unit_name":{"singular":null,"plural":null},"default_variation":null},"tiered_pricing_minimum_quantity":null,"tiered_pricing_roles_data":[],"tiered_pricing_percentage_rules":[],"_links":{"self":[{"href":"https:\/\/vapingnet.de\/sk\/wp-json\/wp\/v2\/product\/5281","targetHints":{"allow":["GET"]}}],"collection":[{"href":"https:\/\/vapingnet.de\/sk\/wp-json\/wp\/v2\/product"}],"about":[{"href":"https:\/\/vapingnet.de\/sk\/wp-json\/wp\/v2\/types\/product"}],"version-history":[{"count":2,"href":"https:\/\/vapingnet.de\/sk\/wp-json\/wp\/v2\/product\/5281\/revisions"}],"predecessor-version":[{"id":5284,"href":"https:\/\/vapingnet.de\/sk\/wp-json\/wp\/v2\/product\/5281\/revisions\/5284"}],"wp:featuredmedia":[{"embeddable":true,"href":"https:\/\/vapingnet.de\/sk\/wp-json\/wp\/v2\/media\/5282"}],"wp:attachment":[{"href":"https:\/\/vapingnet.de\/sk\/wp-json\/wp\/v2\/media?parent=5281"}],"wp:term":[{"taxonomy":"brand","embeddable":true,"href":"https:\/\/vapingnet.de\/sk\/wp-json\/wp\/v2\/etheme_brands?post=5281"},{"taxonomy":"product_brand","embeddable":true,"href":"https:\/\/vapingnet.de\/sk\/wp-json\/wp\/v2\/product_brand?post=5281"},{"taxonomy":"product_cat","embeddable":true,"href":"https:\/\/vapingnet.de\/sk\/wp-json\/wp\/v2\/product_cat?post=5281"},{"taxonomy":"product_tag","embeddable":true,"href":"https:\/\/vapingnet.de\/sk\/wp-json\/wp\/v2\/product_tag?post=5281"}],"curies":[{"name":"wp","href":"https:\/\/api.w.org\/{rel}","templated":true}]}}