{"id":5288,"date":"2025-03-14T03:29:30","date_gmt":"2025-03-14T03:29:30","guid":{"rendered":"https:\/\/vapingnet.de\/?post_type=product&#038;p=5288"},"modified":"2025-06-19T03:41:20","modified_gmt":"2025-06-19T03:41:20","slug":"weltweit-meistverkauft-bang-36000-puffs-mesh-coil-mixed-fruits-fuer-ultimativen-dampfspass","status":"publish","type":"product","link":"https:\/\/vapingnet.de\/sk\/vape\/weltweit-meistverkauft-bang-36000-puffs-mesh-coil-mixed-fruits-fuer-ultimativen-dampfspass\/","title":{"rendered":"Najpred\u00e1vanej\u0161ia na svete Bang 36000 Puffs Mesh Coil Mixed Fruits pre ultim\u00e1tny p\u00f4\u017eitok z pary"},"content":{"rendered":"<h2 data-start=\"0\" data-end=\"98\">Bang King 36000 Puffs Mesh Coil \u2013 Za\u017eite ultra-dlh\u00fa v\u00fddr\u017e a intenz\u00edvnu chu\u0165!<\/h2>\n<p data-start=\"100\" data-end=\"394\">H\u013ead\u00e1te v\u00fdkonn\u00fa, chu\u0165ovo intenz\u00edvnu a dlhotrvaj\u00facu e-cigaretu? Potom je Bang King 36000 Puffs Mesh Coil ur\u010dite ide\u00e1lnou vo\u013ebou pre v\u00e1s. Ako nov\u00e1 hviezda na trhu pozdvihuje tradi\u010dn\u00fd z\u00e1\u017eitok z vapovania na \u00faplne nov\u00fa \u00farove\u0148!<\/p>\n<h3 data-start=\"401\" data-end=\"429\">\ud83d\udca5 Hlavn\u00e9 vlastnosti produktu<\/h3>\n<h5 data-start=\"431\" data-end=\"485\">Maxim\u00e1lna v\u00fddr\u017e, dlhodob\u00e9 pote\u0161enie<\/h5>\n<ul data-start=\"486\" data-end=\"679\">\n<li data-start=\"486\" data-end=\"587\">36000 \u0165ahov \u2013 ove\u013ea viac ako pri be\u017en\u00fdch <a href=\"https:\/\/vapingnet.de\/sk\/k\/einweg-e-zigarette\/\" target=\"_blank\" rel=\"noopener\"><strong>Jednorazov\u00e9 e-cigaretky<\/strong><\/a>, pre dlhodob\u00e9 pote\u0161enie.<\/li>\n<li data-start=\"588\" data-end=\"679\">40ml predplnen\u00e9ho e-liquidu \u2013 V\u00e4\u010d\u0161ia kapacita na cel\u00fd de\u0148 bez dop\u013a\u0148ania.<\/li>\n<\/ul>\n<h5 data-start=\"681\" data-end=\"725\">Siln\u00fd v\u00fdkon, r\u00fdchle nab\u00edjanie<\/h5>\n<ul data-start=\"726\" data-end=\"915\">\n<li data-start=\"726\" data-end=\"824\">Vybaven\u00e1 650mAh dob\u00edjate\u013enou bat\u00e9riou pre p\u00f4sobiv\u00fa v\u00fddr\u017e.<\/li>\n<li data-start=\"825\" data-end=\"915\">Type-C r\u00fdchlonab\u00edjac\u00ed port \u2013 R\u00fdchlo op\u00e4\u0165 pripraven\u00e9 na pou\u017eitie, bez dlh\u00e9ho nab\u00edjania.<\/li>\n<\/ul>\n<h5 data-start=\"917\" data-end=\"957\">Inovat\u00edvna technol\u00f3gia Mesh Coil<\/h5>\n<ul data-start=\"958\" data-end=\"1191\">\n<li data-start=\"958\" data-end=\"1069\">0,6\u03a9 Sub-Ohm Mesh Coil pre lep\u0161iu parovos\u0165, intenz\u00edvnej\u0161\u00ed dym a jemnej\u0161\u00ed z\u00e1\u017eitok z chuti.<\/li>\n<li data-start=\"1070\" data-end=\"1191\">Priame d\u00fdchanie (DTL) \u2013 Pon\u00faka za\u010diato\u010dn\u00edkom aj sk\u00fasen\u00fdm vapera\u010dom \u010dist\u00fd a siln\u00fd \u0165ah.<\/li>\n<\/ul>\n<h5 data-start=\"1193\" data-end=\"1240\">R\u00f4zne \u00farovne nikot\u00ednu na v\u00fdber<\/h5>\n<ul data-start=\"1241\" data-end=\"1353\">\n<li data-start=\"1241\" data-end=\"1353\">Vyberte si medzi 0\/2\/3\/5% nikot\u00ednom, aby ste na\u0161li svoju preferovan\u00fa silu a vychutnali si dokonal\u00fd \u0165ah.<\/li>\n<\/ul>\n<h5 data-start=\"1355\" data-end=\"1379\">LED sveteln\u00e9 efekty<\/h5>\n<ul data-start=\"1380\" data-end=\"1500\">\n<li data-start=\"1380\" data-end=\"1500\">Pri ka\u017edom \u0165ahu sa rozsvieti \u0161t\u00fdlov\u00e9 LED osvetlenie, ktor\u00e9 zv\u00fdraz\u0148uje v\u00e1\u0161 z\u00e1\u017eitok z vapovania.<\/li>\n<\/ul>\n<h4 data-start=\"1507\" data-end=\"1558\">\ud83c\udf53 Ob\u013e\u00faben\u00e1 pr\u00edchu\u0165: Mixovan\u00e9 ovocie<\/h4>\n<p data-start=\"1559\" data-end=\"1797\">Ak m\u00e1te radi ovocn\u00e9 a osvie\u017euj\u00face zmesi, budete nad\u0161en\u00ed z Mixovan\u00e9ho ovocia! Perfektn\u00e1 kombin\u00e1cia tropick\u00e9ho ovocia, ktor\u00e1 v\u00e1m pon\u00fakne jasn\u00fa, nie pr\u00edli\u0161 sladk\u00fa chu\u0165 \u2013 p\u00f4\u017eitok pri ka\u017edom \u0165ahu.<\/p>\n<h3 data-start=\"1804\" data-end=\"1849\">\ud83d\ude80 Pre\u010do si vybra\u0165 Bang King 36000 Puffs?<\/h3>\n<ul data-start=\"1851\" data-end=\"2175\">\n<li data-start=\"1851\" data-end=\"1941\">\u017diadne clo \u2013 Vychutnajte si n\u00e1kup bez skryt\u00fdch poplatkov alebo pr\u00edplatkov.<\/li>\n<li data-start=\"1942\" data-end=\"2042\">Jednorazov\u00e1 e-cigareta \u2013 \u017diadna \u00fadr\u017eba ani \u010distenie, len pou\u017eite a vychutnajte si.<\/li>\n<li data-start=\"2043\" data-end=\"2175\">12 r\u00f4znych pr\u00edchut\u00ed \u2013 \u010ci u\u017e ovocn\u00e9, mraziv\u00e9 alebo sladk\u00e9 \u2013 Bang King pon\u00faka pre ka\u017ed\u00fd vkus to prav\u00e9.<\/li>\n<\/ul>\n<p data-start=\"2177\" data-end=\"2312\" data-is-last-node=\"\" data-is-only-node=\"\">Nav\u0161t\u00edvte teraz na\u0161u webov\u00fa str\u00e1nku a za\u017eite toto revolu\u010dn\u00e9 vapovanie!<br data-start=\"2252\" data-end=\"2255\" \/>\ud83d\udd17 K\u00fapi\u0165 teraz: <a href=\"https:\/\/vapingnet.de\/sk\/\" target=\"_new\" rel=\"noopener\" data-start=\"2274\" data-end=\"2310\">vapingnet.de<\/a><\/p>","protected":false},"excerpt":{"rendered":"<p>Bang King 36000 Puffs Mesh Coil \u2013 Erlebe ultra-lange Haltbarkeit und intensiven Geschmack! Bist du auf der Suche nach einer leistungsstarken, geschmacklich intensiven und langanhaltenden&#8230;<\/p>","protected":false},"featured_media":5290,"template":"","meta":[],"etheme_brands":[],"product_brand":[101],"product_cat":[57,49,61],"product_tag":[],"class_list":{"0":"post-5288","1":"product","2":"type-product","3":"status-publish","4":"has-post-thumbnail","6":"product_brand-bang-king-vape","7":"product_cat-vape-36000-zuege","8":"product_cat-einweg-e-zigarette","9":"product_cat-f","11":"first","12":"instock","13":"shipping-taxable","14":"purchasable","15":"product-type-simple"},"yoast_head":"<!-- This site is optimized with the Yoast SEO plugin v26.5 - https:\/\/yoast.com\/wordpress\/plugins\/seo\/ -->\n<title>Weltweit meistverkauft Bang 36000 Puffs Mesh Coil Mixed Fruits f\u00fcr ultimativen Dampfspa\u00df | vapingnet.de<\/title>\n<meta name=\"description\" content=\"Weltweit meistverkauft Bang 36000 Puffs Mesh Coil Mixed Fruits f\u00fcr ultimativen Dampfspa\u00df \u25ba Viele Geschmacksrichtungen &amp; g\u00fcnstig bei vapingnet.de f\u00fcr E-Zigaretten-Liebhaber\" \/>\n<meta name=\"robots\" content=\"index, follow, max-snippet:-1, max-image-preview:large, max-video-preview:-1\" \/>\n<link rel=\"canonical\" href=\"https:\/\/vapingnet.de\/sk\/vape\/weltweit-meistverkauft-bang-36000-puffs-mesh-coil-mixed-fruits-fuer-ultimativen-dampfspass\/\" \/>\n<meta property=\"og:locale\" content=\"sk_SK\" \/>\n<meta property=\"og:type\" content=\"article\" \/>\n<meta property=\"og:title\" content=\"Weltweit meistverkauft Bang 36000 Puffs Mesh Coil Mixed Fruits f\u00fcr ultimativen Dampfspa\u00df | vapingnet.de\" \/>\n<meta property=\"og:description\" content=\"Weltweit meistverkauft Bang 36000 Puffs Mesh Coil Mixed Fruits f\u00fcr ultimativen Dampfspa\u00df \u25ba Viele Geschmacksrichtungen &amp; g\u00fcnstig bei vapingnet.de f\u00fcr E-Zigaretten-Liebhaber\" \/>\n<meta property=\"og:url\" content=\"https:\/\/vapingnet.de\/sk\/vape\/weltweit-meistverkauft-bang-36000-puffs-mesh-coil-mixed-fruits-fuer-ultimativen-dampfspass\/\" \/>\n<meta property=\"og:site_name\" content=\"Vapingnet.de\" \/>\n<meta property=\"article:publisher\" content=\"https:\/\/www.facebook.com\/vapingnetde\/\" \/>\n<meta property=\"article:modified_time\" content=\"2025-06-19T03:41:20+00:00\" \/>\n<meta property=\"og:image\" content=\"https:\/\/vapingnet.de\/wp-content\/uploads\/2025\/03\/Mixed-Fruits.png\" \/>\n\t<meta property=\"og:image:width\" content=\"900\" \/>\n\t<meta property=\"og:image:height\" content=\"600\" \/>\n\t<meta property=\"og:image:type\" content=\"image\/png\" \/>\n<meta name=\"twitter:card\" content=\"summary_large_image\" \/>\n<meta name=\"twitter:label1\" content=\"Est. reading time\" \/>\n\t<meta name=\"twitter:data1\" content=\"2 minutes\" \/>\n<script type=\"application\/ld+json\" class=\"yoast-schema-graph\">{\"@context\":\"https:\/\/schema.org\",\"@graph\":[{\"@type\":\"WebPage\",\"@id\":\"https:\/\/vapingnet.de\/vape\/weltweit-meistverkauft-bang-36000-puffs-mesh-coil-mixed-fruits-fuer-ultimativen-dampfspass\/\",\"url\":\"https:\/\/vapingnet.de\/vape\/weltweit-meistverkauft-bang-36000-puffs-mesh-coil-mixed-fruits-fuer-ultimativen-dampfspass\/\",\"name\":\"Weltweit meistverkauft Bang 36000 Puffs Mesh Coil Mixed Fruits f\u00fcr ultimativen Dampfspa\u00df | vapingnet.de\",\"isPartOf\":{\"@id\":\"https:\/\/vapingnet.de\/#website\"},\"primaryImageOfPage\":{\"@id\":\"https:\/\/vapingnet.de\/vape\/weltweit-meistverkauft-bang-36000-puffs-mesh-coil-mixed-fruits-fuer-ultimativen-dampfspass\/#primaryimage\"},\"image\":{\"@id\":\"https:\/\/vapingnet.de\/vape\/weltweit-meistverkauft-bang-36000-puffs-mesh-coil-mixed-fruits-fuer-ultimativen-dampfspass\/#primaryimage\"},\"thumbnailUrl\":\"https:\/\/vapingnet.de\/wp-content\/uploads\/2025\/03\/Mixed-Fruits.png\",\"datePublished\":\"2025-03-14T03:29:30+00:00\",\"dateModified\":\"2025-06-19T03:41:20+00:00\",\"description\":\"Weltweit meistverkauft Bang 36000 Puffs Mesh Coil Mixed Fruits f\u00fcr ultimativen Dampfspa\u00df \u25ba Viele Geschmacksrichtungen & g\u00fcnstig bei vapingnet.de f\u00fcr E-Zigaretten-Liebhaber\",\"breadcrumb\":{\"@id\":\"https:\/\/vapingnet.de\/vape\/weltweit-meistverkauft-bang-36000-puffs-mesh-coil-mixed-fruits-fuer-ultimativen-dampfspass\/#breadcrumb\"},\"inLanguage\":\"sk-SK\",\"potentialAction\":[{\"@type\":\"ReadAction\",\"target\":[\"https:\/\/vapingnet.de\/vape\/weltweit-meistverkauft-bang-36000-puffs-mesh-coil-mixed-fruits-fuer-ultimativen-dampfspass\/\"]}]},{\"@type\":\"ImageObject\",\"inLanguage\":\"sk-SK\",\"@id\":\"https:\/\/vapingnet.de\/vape\/weltweit-meistverkauft-bang-36000-puffs-mesh-coil-mixed-fruits-fuer-ultimativen-dampfspass\/#primaryimage\",\"url\":\"https:\/\/vapingnet.de\/wp-content\/uploads\/2025\/03\/Mixed-Fruits.png\",\"contentUrl\":\"https:\/\/vapingnet.de\/wp-content\/uploads\/2025\/03\/Mixed-Fruits.png\",\"width\":900,\"height\":600,\"caption\":\"Mixed Fruits\"},{\"@type\":\"BreadcrumbList\",\"@id\":\"https:\/\/vapingnet.de\/vape\/weltweit-meistverkauft-bang-36000-puffs-mesh-coil-mixed-fruits-fuer-ultimativen-dampfspass\/#breadcrumb\",\"itemListElement\":[{\"@type\":\"ListItem\",\"position\":1,\"name\":\"Home\",\"item\":\"https:\/\/vapingnet.de\/\"},{\"@type\":\"ListItem\",\"position\":2,\"name\":\"Shop\",\"item\":\"https:\/\/vapingnet.de\/vape\/\"},{\"@type\":\"ListItem\",\"position\":3,\"name\":\"Weltweit meistverkauft Bang 36000 Puffs Mesh Coil Mixed Fruits f\u00fcr ultimativen Dampfspa\u00df\"}]},{\"@type\":\"WebSite\",\"@id\":\"https:\/\/vapingnet.de\/#website\",\"url\":\"https:\/\/vapingnet.de\/\",\"name\":\"Vapingnet.de\",\"description\":\"\",\"publisher\":{\"@id\":\"https:\/\/vapingnet.de\/#organization\"},\"potentialAction\":[{\"@type\":\"SearchAction\",\"target\":{\"@type\":\"EntryPoint\",\"urlTemplate\":\"https:\/\/vapingnet.de\/?s={search_term_string}\"},\"query-input\":{\"@type\":\"PropertyValueSpecification\",\"valueRequired\":true,\"valueName\":\"search_term_string\"}}],\"inLanguage\":\"sk-SK\"},{\"@type\":\"Organization\",\"@id\":\"https:\/\/vapingnet.de\/#organization\",\"name\":\"Vapingnet.de\",\"url\":\"https:\/\/vapingnet.de\/\",\"logo\":{\"@type\":\"ImageObject\",\"inLanguage\":\"sk-SK\",\"@id\":\"https:\/\/vapingnet.de\/#\/schema\/logo\/image\/\",\"url\":\"https:\/\/vapingnet.de\/wp-content\/uploads\/2025\/03\/cropped-vapingnet.de_.jpg\",\"contentUrl\":\"https:\/\/vapingnet.de\/wp-content\/uploads\/2025\/03\/cropped-vapingnet.de_.jpg\",\"width\":512,\"height\":512,\"caption\":\"Vapingnet.de\"},\"image\":{\"@id\":\"https:\/\/vapingnet.de\/#\/schema\/logo\/image\/\"},\"sameAs\":[\"https:\/\/www.facebook.com\/vapingnetde\/\"]}]}<\/script>\n<!-- \/ Yoast SEO plugin. -->","yoast_head_json":{"title":"Weltweit meistverkauft Bang 36000 Puffs Mesh Coil Mixed Fruits f\u00fcr ultimativen Dampfspa\u00df | vapingnet.de","description":"Weltweit meistverkauft Bang 36000 Puffs Mesh Coil Mixed Fruits f\u00fcr ultimativen Dampfspa\u00df \u25ba Viele Geschmacksrichtungen & g\u00fcnstig bei vapingnet.de f\u00fcr E-Zigaretten-Liebhaber","robots":{"index":"index","follow":"follow","max-snippet":"max-snippet:-1","max-image-preview":"max-image-preview:large","max-video-preview":"max-video-preview:-1"},"canonical":"https:\/\/vapingnet.de\/sk\/vape\/weltweit-meistverkauft-bang-36000-puffs-mesh-coil-mixed-fruits-fuer-ultimativen-dampfspass\/","og_locale":"sk_SK","og_type":"article","og_title":"Weltweit meistverkauft Bang 36000 Puffs Mesh Coil Mixed Fruits f\u00fcr ultimativen Dampfspa\u00df | vapingnet.de","og_description":"Weltweit meistverkauft Bang 36000 Puffs Mesh Coil Mixed Fruits f\u00fcr ultimativen Dampfspa\u00df \u25ba Viele Geschmacksrichtungen & g\u00fcnstig bei vapingnet.de f\u00fcr E-Zigaretten-Liebhaber","og_url":"https:\/\/vapingnet.de\/sk\/vape\/weltweit-meistverkauft-bang-36000-puffs-mesh-coil-mixed-fruits-fuer-ultimativen-dampfspass\/","og_site_name":"Vapingnet.de","article_publisher":"https:\/\/www.facebook.com\/vapingnetde\/","article_modified_time":"2025-06-19T03:41:20+00:00","og_image":[{"width":900,"height":600,"url":"https:\/\/vapingnet.de\/wp-content\/uploads\/2025\/03\/Mixed-Fruits.png","type":"image\/png"}],"twitter_card":"summary_large_image","twitter_misc":{"Est. reading time":"2 minutes"},"schema":{"@context":"https:\/\/schema.org","@graph":[{"@type":"WebPage","@id":"https:\/\/vapingnet.de\/vape\/weltweit-meistverkauft-bang-36000-puffs-mesh-coil-mixed-fruits-fuer-ultimativen-dampfspass\/","url":"https:\/\/vapingnet.de\/vape\/weltweit-meistverkauft-bang-36000-puffs-mesh-coil-mixed-fruits-fuer-ultimativen-dampfspass\/","name":"Weltweit meistverkauft Bang 36000 Puffs Mesh Coil Mixed Fruits f\u00fcr ultimativen Dampfspa\u00df | vapingnet.de","isPartOf":{"@id":"https:\/\/vapingnet.de\/#website"},"primaryImageOfPage":{"@id":"https:\/\/vapingnet.de\/vape\/weltweit-meistverkauft-bang-36000-puffs-mesh-coil-mixed-fruits-fuer-ultimativen-dampfspass\/#primaryimage"},"image":{"@id":"https:\/\/vapingnet.de\/vape\/weltweit-meistverkauft-bang-36000-puffs-mesh-coil-mixed-fruits-fuer-ultimativen-dampfspass\/#primaryimage"},"thumbnailUrl":"https:\/\/vapingnet.de\/wp-content\/uploads\/2025\/03\/Mixed-Fruits.png","datePublished":"2025-03-14T03:29:30+00:00","dateModified":"2025-06-19T03:41:20+00:00","description":"Weltweit meistverkauft Bang 36000 Puffs Mesh Coil Mixed Fruits f\u00fcr ultimativen Dampfspa\u00df \u25ba Viele Geschmacksrichtungen & g\u00fcnstig bei vapingnet.de f\u00fcr E-Zigaretten-Liebhaber","breadcrumb":{"@id":"https:\/\/vapingnet.de\/vape\/weltweit-meistverkauft-bang-36000-puffs-mesh-coil-mixed-fruits-fuer-ultimativen-dampfspass\/#breadcrumb"},"inLanguage":"sk-SK","potentialAction":[{"@type":"ReadAction","target":["https:\/\/vapingnet.de\/vape\/weltweit-meistverkauft-bang-36000-puffs-mesh-coil-mixed-fruits-fuer-ultimativen-dampfspass\/"]}]},{"@type":"ImageObject","inLanguage":"sk-SK","@id":"https:\/\/vapingnet.de\/vape\/weltweit-meistverkauft-bang-36000-puffs-mesh-coil-mixed-fruits-fuer-ultimativen-dampfspass\/#primaryimage","url":"https:\/\/vapingnet.de\/wp-content\/uploads\/2025\/03\/Mixed-Fruits.png","contentUrl":"https:\/\/vapingnet.de\/wp-content\/uploads\/2025\/03\/Mixed-Fruits.png","width":900,"height":600,"caption":"Mixed Fruits"},{"@type":"BreadcrumbList","@id":"https:\/\/vapingnet.de\/vape\/weltweit-meistverkauft-bang-36000-puffs-mesh-coil-mixed-fruits-fuer-ultimativen-dampfspass\/#breadcrumb","itemListElement":[{"@type":"ListItem","position":1,"name":"Home","item":"https:\/\/vapingnet.de\/"},{"@type":"ListItem","position":2,"name":"Shop","item":"https:\/\/vapingnet.de\/vape\/"},{"@type":"ListItem","position":3,"name":"Weltweit meistverkauft Bang 36000 Puffs Mesh Coil Mixed Fruits f\u00fcr ultimativen Dampfspa\u00df"}]},{"@type":"WebSite","@id":"https:\/\/vapingnet.de\/#website","url":"https:\/\/vapingnet.de\/","name":"Vapingnet.de","description":"","publisher":{"@id":"https:\/\/vapingnet.de\/#organization"},"potentialAction":[{"@type":"SearchAction","target":{"@type":"EntryPoint","urlTemplate":"https:\/\/vapingnet.de\/?s={search_term_string}"},"query-input":{"@type":"PropertyValueSpecification","valueRequired":true,"valueName":"search_term_string"}}],"inLanguage":"sk-SK"},{"@type":"Organization","@id":"https:\/\/vapingnet.de\/#organization","name":"Vapingnet.de","url":"https:\/\/vapingnet.de\/","logo":{"@type":"ImageObject","inLanguage":"sk-SK","@id":"https:\/\/vapingnet.de\/#\/schema\/logo\/image\/","url":"https:\/\/vapingnet.de\/wp-content\/uploads\/2025\/03\/cropped-vapingnet.de_.jpg","contentUrl":"https:\/\/vapingnet.de\/wp-content\/uploads\/2025\/03\/cropped-vapingnet.de_.jpg","width":512,"height":512,"caption":"Vapingnet.de"},"image":{"@id":"https:\/\/vapingnet.de\/#\/schema\/logo\/image\/"},"sameAs":["https:\/\/www.facebook.com\/vapingnetde\/"]}]}},"tiered_pricing_type":"fixed","tiered_pricing_fixed_rules":{"8":"10.44","60":"9.40","110":"8.35","200":"7.31"},"tiered_pricing_product_settings":{"layout":"default","base_unit_name":{"singular":null,"plural":null},"default_variation":null},"tiered_pricing_minimum_quantity":null,"tiered_pricing_roles_data":[],"tiered_pricing_percentage_rules":[],"_links":{"self":[{"href":"https:\/\/vapingnet.de\/sk\/wp-json\/wp\/v2\/product\/5288","targetHints":{"allow":["GET"]}}],"collection":[{"href":"https:\/\/vapingnet.de\/sk\/wp-json\/wp\/v2\/product"}],"about":[{"href":"https:\/\/vapingnet.de\/sk\/wp-json\/wp\/v2\/types\/product"}],"version-history":[{"count":1,"href":"https:\/\/vapingnet.de\/sk\/wp-json\/wp\/v2\/product\/5288\/revisions"}],"predecessor-version":[{"id":5291,"href":"https:\/\/vapingnet.de\/sk\/wp-json\/wp\/v2\/product\/5288\/revisions\/5291"}],"wp:featuredmedia":[{"embeddable":true,"href":"https:\/\/vapingnet.de\/sk\/wp-json\/wp\/v2\/media\/5290"}],"wp:attachment":[{"href":"https:\/\/vapingnet.de\/sk\/wp-json\/wp\/v2\/media?parent=5288"}],"wp:term":[{"taxonomy":"brand","embeddable":true,"href":"https:\/\/vapingnet.de\/sk\/wp-json\/wp\/v2\/etheme_brands?post=5288"},{"taxonomy":"product_brand","embeddable":true,"href":"https:\/\/vapingnet.de\/sk\/wp-json\/wp\/v2\/product_brand?post=5288"},{"taxonomy":"product_cat","embeddable":true,"href":"https:\/\/vapingnet.de\/sk\/wp-json\/wp\/v2\/product_cat?post=5288"},{"taxonomy":"product_tag","embeddable":true,"href":"https:\/\/vapingnet.de\/sk\/wp-json\/wp\/v2\/product_tag?post=5288"}],"curies":[{"name":"wp","href":"https:\/\/api.w.org\/{rel}","templated":true}]}}