{"id":5292,"date":"2025-03-14T03:40:16","date_gmt":"2025-03-14T03:40:16","guid":{"rendered":"https:\/\/vapingnet.de\/?post_type=product&#038;p=5292"},"modified":"2025-06-19T03:41:20","modified_gmt":"2025-06-19T03:41:20","slug":"weltweit-meistverkauft-bang-36000-puffs-mesh-coil-mint-ice-direktverkauf-ab-werk","status":"publish","type":"product","link":"https:\/\/vapingnet.de\/sk\/vape\/weltweit-meistverkauft-bang-36000-puffs-mesh-coil-mint-ice-direktverkauf-ab-werk\/","title":{"rendered":"Celosvetovo najpred\u00e1vanej\u0161\u00ed Bang 36000 Puffs Mesh Coil Mint Ice Priamy predaj z v\u00fdroby"},"content":{"rendered":"<h2 data-start=\"0\" data-end=\"93\">Bang King 36000 Puffs Mesh Coil \u2013 Ultra-dlh\u00e1 \u017eivotnos\u0165, ultim\u00e1tna chu\u0165ov\u00e1 sk\u00fasenos\u0165!<\/h2>\n<p data-start=\"95\" data-end=\"483\">H\u013ead\u00e1te v\u00fdkonn\u00fa, chu\u0165ovo intenz\u00edvnu a dlhotrvaj\u00facu e-cigaretu? T\u00e1 <a href=\"https:\/\/vapingnet.de\/sk\/bang-36000-puffs-mesh-coil\/\" target=\"_blank\" rel=\"noopener\"><strong>Bang King 36000 Puffs Mesh Coil <\/strong><\/a>je ur\u010dite perfektnou vo\u013ebou pre v\u00e1s! \u010ci ste za\u010diato\u010dn\u00edk alebo sk\u00fasen\u00fd vapera, tento model v\u00e1m poskytne neporovnate\u013en\u00fd z\u00e1\u017eitok z vapovania. Po\u010fme teraz objavi\u0165 jedine\u010dn\u00e9 vlastnosti tejto e-\u010dasti!<\/p>\n<h4 data-start=\"490\" data-end=\"515\">\ud83d\udd25 Funkcie produktu<\/h4>\n<h5 data-start=\"517\" data-end=\"570\">Ultra-dlh\u00e1 \u017eivotnos\u0165, p\u00f4\u017eitok pri ka\u017edom \u0165ahu<\/h5>\n<ul data-start=\"571\" data-end=\"806\">\n<li data-start=\"571\" data-end=\"678\"><a href=\"https:\/\/vapingnet.de\/sk\/k\/vape-36000-zuege\/\" target=\"_blank\" rel=\"noopener\"><strong>36000 \u0165ahov<\/strong><\/a> \u2013 Zabudnite na neust\u00e1le v\u00fdmeny e-cigariet a vychutnajte si dlhotrvaj\u00faci p\u00f4\u017eitok!<\/li>\n<li data-start=\"679\" data-end=\"806\">40 ml predplnen\u00e9ho e-liquidu \u2013 Ve\u013ek\u00e1 kapacita, dlh\u00e1 v\u00fddr\u017e, aby ste sa nemuseli stara\u0165 o dop\u013a\u0148anie.<\/li>\n<\/ul>\n<h5 data-start=\"808\" data-end=\"852\">Siln\u00fd v\u00fdkon, r\u00fdchle nab\u00edjanie<\/h5>\n<ul data-start=\"853\" data-end=\"1124\">\n<li data-start=\"853\" data-end=\"994\">Vybaven\u00e9 nab\u00edjate\u013enou bat\u00e9riou 650mAh, ktor\u00e1 umo\u017e\u0148uje dlhodob\u00e9 pou\u017e\u00edvanie bez neust\u00e1leho nab\u00edjania.<\/li>\n<li data-start=\"995\" data-end=\"1124\">Type-C r\u00fdchlonab\u00edjac\u00ed port \u2013 Nabite si zariadenie v kr\u00e1tkom \u010dase a bu\u010fte r\u00fdchlej\u0161ie pripraven\u00ed na \u010fal\u0161\u00ed \u0165ah.<\/li>\n<\/ul>\n<h5 data-start=\"1126\" data-end=\"1176\">Efekt\u00edvne odparovanie, siln\u00fd Throat-Hit<\/h5>\n<ul data-start=\"1177\" data-end=\"1457\">\n<li data-start=\"1177\" data-end=\"1303\">0,6\u03a9 Sub-Ohm Mesh Coil \u2013 Dizajn s mrie\u017ekovou cievkou zabezpe\u010duje intenz\u00edvnej\u0161\u00ed dym a pln\u0161iu chu\u0165 pri ka\u017edom \u0165ahu.<\/li>\n<li data-start=\"1304\" data-end=\"1457\">Direct-to-Lung (DTL) dizajn \u2013 Pre vapery, ktor\u00ed miluj\u00fa ve\u013ek\u00e9 oblaky dymu a siln\u00fd Throat-Hit, pon\u00faka tento model dokonal\u00e9 rie\u0161enie.<\/li>\n<\/ul>\n<h5 data-start=\"1459\" data-end=\"1506\">R\u00f4zne \u00farovne nikot\u00ednu na v\u00fdber<\/h5>\n<ul data-start=\"1507\" data-end=\"1621\">\n<li data-start=\"1507\" data-end=\"1621\">Vyberte si medzi 0\/2\/3\/5% nikot\u00ednom, aby ste na\u0161li dokonal\u00fa silu pre va\u0161u chu\u0165 a potrebu.<\/li>\n<\/ul>\n<h5 data-start=\"1623\" data-end=\"1653\">Chladiv\u00e9 LED sveteln\u00e9 efekty<\/h5>\n<ul data-start=\"1654\" data-end=\"1822\">\n<li data-start=\"1654\" data-end=\"1822\">LED svetl\u00e1 \u2013 Pri ka\u017edom \u0165ahu sa rozsvieti \u0161t\u00fdlov\u00e9 LED, \u010do rob\u00ed vapovanie e\u0161te z\u00e1\u017eitkovej\u0161\u00edm a spr\u00edjem\u0148uje va\u0161e pou\u017e\u00edvanie.<\/li>\n<\/ul>\n<h4 data-start=\"1829\" data-end=\"1876\">\ud83c\udf43 Ob\u013e\u00faben\u00e1 pr\u00edchu\u0165: Mint Ice<\/h4>\n<p data-start=\"1878\" data-end=\"2194\">Pr\u00edchu\u0165 Mint Ice kombinuje svie\u017eu m\u00e4tu s \u013eadovou chladivos\u0165ou. Ka\u017ed\u00fd \u0165ah je ako osvie\u017euj\u00faci pobyt v \u013eadovom svete \u2013 chladn\u00fd, osvie\u017euj\u00faci a okam\u017eite povzbudzuj\u00faci. Ide\u00e1lne na hor\u00face letn\u00e9 dni alebo ke\u010f potrebujete nie\u010do osvie\u017euj\u00face, Mint Ice je v\u017edy spr\u00e1vnou vo\u013ebou!<\/p>\n<h3 data-start=\"2201\" data-end=\"2246\">\ud83d\ude80 Pre\u010do si vybra\u0165 Bang King 36000 Puffs?<\/h3>\n<ul data-start=\"2248\" data-end=\"2612\">\n<li data-start=\"2248\" data-end=\"2353\">\u017diadne clo \u2013 Nakupujte bez skryt\u00fdch poplatkov a u\u017e\u00edvajte si bezstarostn\u00fd n\u00e1kup.<\/li>\n<li data-start=\"2354\" data-end=\"2449\">Jednoduch\u00fd dizajn \u2013 \u017eiadne starosti s \u00fadr\u017ebou alebo \u010disten\u00edm, len ho pou\u017e\u00edvajte a u\u017e\u00edvajte si ho.<\/li>\n<li data-start=\"2450\" data-end=\"2612\">12 r\u00f4znych pr\u00edchut\u00ed na v\u00fdber \u2013 \u010di u\u017e preferujete ovocn\u00e9, \u013eadov\u00e9 alebo sladk\u00e9 pr\u00edchute, Bang King m\u00e1 pre ka\u017ed\u00e9ho nie\u010do.<\/li>\n<\/ul>\n<p data-start=\"2614\" data-end=\"2797\" data-is-only-node=\"\" data-is-last-node=\"\">Nav\u0161t\u00edvte na\u0161u webov\u00fa str\u00e1nku a za\u017eite t\u00fato revolu\u010dn\u00fa e-cigaretu s ultra dlhodobou v\u00fddr\u017eou a \u013eadovou chu\u0165ou!<br data-start=\"2737\" data-end=\"2740\" \/>\ud83d\udd17 K\u00fapi\u0165 teraz: <a href=\"https:\/\/vapingnet.de\/sk\/\" target=\"_new\" rel=\"noopener\" data-start=\"2759\" data-end=\"2795\">vapingnet.de<\/a><\/p>","protected":false},"excerpt":{"rendered":"<p>Bang King 36000 Puffs Mesh Coil \u2013 Ultra-lange Haltbarkeit, das ultimative Eis-Erlebnis! Bist du auf der Suche nach einer leistungsstarken, geschmacklich intensiven und langanhaltenden E-Zigarette?&#8230;<\/p>","protected":false},"featured_media":5293,"template":"","meta":[],"etheme_brands":[],"product_brand":[101],"product_cat":[57,49,61],"product_tag":[],"class_list":{"0":"post-5292","1":"product","2":"type-product","3":"status-publish","4":"has-post-thumbnail","6":"product_brand-bang-king-vape","7":"product_cat-vape-36000-zuege","8":"product_cat-einweg-e-zigarette","9":"product_cat-f","11":"first","12":"instock","13":"shipping-taxable","14":"purchasable","15":"product-type-simple"},"yoast_head":"<!-- This site is optimized with the Yoast SEO plugin v26.5 - https:\/\/yoast.com\/wordpress\/plugins\/seo\/ -->\n<title>Weltweit meistverkauft Bang 36000 Puffs Mesh Coil Mint Ice Direktverkauf ab Werk | vapingnet.de<\/title>\n<meta name=\"description\" content=\"Weltweit meistverkauft Bang 36000 Puffs Mesh Coil Mint Ice Direktverkauf ab Werk \u25ba Viele Geschmacksrichtungen &amp; g\u00fcnstig bei vapingnet.de f\u00fcr E-Zigaretten-Liebhaber\" \/>\n<meta name=\"robots\" content=\"index, follow, max-snippet:-1, max-image-preview:large, max-video-preview:-1\" \/>\n<link rel=\"canonical\" href=\"https:\/\/vapingnet.de\/sk\/vape\/weltweit-meistverkauft-bang-36000-puffs-mesh-coil-mint-ice-direktverkauf-ab-werk\/\" \/>\n<meta property=\"og:locale\" content=\"sk_SK\" \/>\n<meta property=\"og:type\" content=\"article\" \/>\n<meta property=\"og:title\" content=\"Weltweit meistverkauft Bang 36000 Puffs Mesh Coil Mint Ice Direktverkauf ab Werk | vapingnet.de\" \/>\n<meta property=\"og:description\" content=\"Weltweit meistverkauft Bang 36000 Puffs Mesh Coil Mint Ice Direktverkauf ab Werk \u25ba Viele Geschmacksrichtungen &amp; g\u00fcnstig bei vapingnet.de f\u00fcr E-Zigaretten-Liebhaber\" \/>\n<meta property=\"og:url\" content=\"https:\/\/vapingnet.de\/sk\/vape\/weltweit-meistverkauft-bang-36000-puffs-mesh-coil-mint-ice-direktverkauf-ab-werk\/\" \/>\n<meta property=\"og:site_name\" content=\"Vapingnet.de\" \/>\n<meta property=\"article:publisher\" content=\"https:\/\/www.facebook.com\/vapingnetde\/\" \/>\n<meta property=\"article:modified_time\" content=\"2025-06-19T03:41:20+00:00\" \/>\n<meta property=\"og:image\" content=\"https:\/\/vapingnet.de\/wp-content\/uploads\/2025\/03\/Mint-Ice.png\" \/>\n\t<meta property=\"og:image:width\" content=\"900\" \/>\n\t<meta property=\"og:image:height\" content=\"600\" \/>\n\t<meta property=\"og:image:type\" content=\"image\/png\" \/>\n<meta name=\"twitter:card\" content=\"summary_large_image\" \/>\n<meta name=\"twitter:label1\" content=\"Est. reading time\" \/>\n\t<meta name=\"twitter:data1\" content=\"3 minutes\" \/>\n<script type=\"application\/ld+json\" class=\"yoast-schema-graph\">{\"@context\":\"https:\/\/schema.org\",\"@graph\":[{\"@type\":\"WebPage\",\"@id\":\"https:\/\/vapingnet.de\/vape\/weltweit-meistverkauft-bang-36000-puffs-mesh-coil-mint-ice-direktverkauf-ab-werk\/\",\"url\":\"https:\/\/vapingnet.de\/vape\/weltweit-meistverkauft-bang-36000-puffs-mesh-coil-mint-ice-direktverkauf-ab-werk\/\",\"name\":\"Weltweit meistverkauft Bang 36000 Puffs Mesh Coil Mint Ice Direktverkauf ab Werk | vapingnet.de\",\"isPartOf\":{\"@id\":\"https:\/\/vapingnet.de\/#website\"},\"primaryImageOfPage\":{\"@id\":\"https:\/\/vapingnet.de\/vape\/weltweit-meistverkauft-bang-36000-puffs-mesh-coil-mint-ice-direktverkauf-ab-werk\/#primaryimage\"},\"image\":{\"@id\":\"https:\/\/vapingnet.de\/vape\/weltweit-meistverkauft-bang-36000-puffs-mesh-coil-mint-ice-direktverkauf-ab-werk\/#primaryimage\"},\"thumbnailUrl\":\"https:\/\/vapingnet.de\/wp-content\/uploads\/2025\/03\/Mint-Ice.png\",\"datePublished\":\"2025-03-14T03:40:16+00:00\",\"dateModified\":\"2025-06-19T03:41:20+00:00\",\"description\":\"Weltweit meistverkauft Bang 36000 Puffs Mesh Coil Mint Ice Direktverkauf ab Werk \u25ba Viele Geschmacksrichtungen & g\u00fcnstig bei vapingnet.de f\u00fcr E-Zigaretten-Liebhaber\",\"breadcrumb\":{\"@id\":\"https:\/\/vapingnet.de\/vape\/weltweit-meistverkauft-bang-36000-puffs-mesh-coil-mint-ice-direktverkauf-ab-werk\/#breadcrumb\"},\"inLanguage\":\"sk-SK\",\"potentialAction\":[{\"@type\":\"ReadAction\",\"target\":[\"https:\/\/vapingnet.de\/vape\/weltweit-meistverkauft-bang-36000-puffs-mesh-coil-mint-ice-direktverkauf-ab-werk\/\"]}]},{\"@type\":\"ImageObject\",\"inLanguage\":\"sk-SK\",\"@id\":\"https:\/\/vapingnet.de\/vape\/weltweit-meistverkauft-bang-36000-puffs-mesh-coil-mint-ice-direktverkauf-ab-werk\/#primaryimage\",\"url\":\"https:\/\/vapingnet.de\/wp-content\/uploads\/2025\/03\/Mint-Ice.png\",\"contentUrl\":\"https:\/\/vapingnet.de\/wp-content\/uploads\/2025\/03\/Mint-Ice.png\",\"width\":900,\"height\":600,\"caption\":\"Mint Ice\"},{\"@type\":\"BreadcrumbList\",\"@id\":\"https:\/\/vapingnet.de\/vape\/weltweit-meistverkauft-bang-36000-puffs-mesh-coil-mint-ice-direktverkauf-ab-werk\/#breadcrumb\",\"itemListElement\":[{\"@type\":\"ListItem\",\"position\":1,\"name\":\"Home\",\"item\":\"https:\/\/vapingnet.de\/\"},{\"@type\":\"ListItem\",\"position\":2,\"name\":\"Shop\",\"item\":\"https:\/\/vapingnet.de\/vape\/\"},{\"@type\":\"ListItem\",\"position\":3,\"name\":\"Weltweit meistverkauft Bang 36000 Puffs Mesh Coil Mint Ice Direktverkauf ab Werk\"}]},{\"@type\":\"WebSite\",\"@id\":\"https:\/\/vapingnet.de\/#website\",\"url\":\"https:\/\/vapingnet.de\/\",\"name\":\"Vapingnet.de\",\"description\":\"\",\"publisher\":{\"@id\":\"https:\/\/vapingnet.de\/#organization\"},\"potentialAction\":[{\"@type\":\"SearchAction\",\"target\":{\"@type\":\"EntryPoint\",\"urlTemplate\":\"https:\/\/vapingnet.de\/?s={search_term_string}\"},\"query-input\":{\"@type\":\"PropertyValueSpecification\",\"valueRequired\":true,\"valueName\":\"search_term_string\"}}],\"inLanguage\":\"sk-SK\"},{\"@type\":\"Organization\",\"@id\":\"https:\/\/vapingnet.de\/#organization\",\"name\":\"Vapingnet.de\",\"url\":\"https:\/\/vapingnet.de\/\",\"logo\":{\"@type\":\"ImageObject\",\"inLanguage\":\"sk-SK\",\"@id\":\"https:\/\/vapingnet.de\/#\/schema\/logo\/image\/\",\"url\":\"https:\/\/vapingnet.de\/wp-content\/uploads\/2025\/03\/cropped-vapingnet.de_.jpg\",\"contentUrl\":\"https:\/\/vapingnet.de\/wp-content\/uploads\/2025\/03\/cropped-vapingnet.de_.jpg\",\"width\":512,\"height\":512,\"caption\":\"Vapingnet.de\"},\"image\":{\"@id\":\"https:\/\/vapingnet.de\/#\/schema\/logo\/image\/\"},\"sameAs\":[\"https:\/\/www.facebook.com\/vapingnetde\/\"]}]}<\/script>\n<!-- \/ Yoast SEO plugin. -->","yoast_head_json":{"title":"Weltweit meistverkauft Bang 36000 Puffs Mesh Coil Mint Ice Direktverkauf ab Werk | vapingnet.de","description":"Weltweit meistverkauft Bang 36000 Puffs Mesh Coil Mint Ice Direktverkauf ab Werk \u25ba Viele Geschmacksrichtungen & g\u00fcnstig bei vapingnet.de f\u00fcr E-Zigaretten-Liebhaber","robots":{"index":"index","follow":"follow","max-snippet":"max-snippet:-1","max-image-preview":"max-image-preview:large","max-video-preview":"max-video-preview:-1"},"canonical":"https:\/\/vapingnet.de\/sk\/vape\/weltweit-meistverkauft-bang-36000-puffs-mesh-coil-mint-ice-direktverkauf-ab-werk\/","og_locale":"sk_SK","og_type":"article","og_title":"Weltweit meistverkauft Bang 36000 Puffs Mesh Coil Mint Ice Direktverkauf ab Werk | vapingnet.de","og_description":"Weltweit meistverkauft Bang 36000 Puffs Mesh Coil Mint Ice Direktverkauf ab Werk \u25ba Viele Geschmacksrichtungen & g\u00fcnstig bei vapingnet.de f\u00fcr E-Zigaretten-Liebhaber","og_url":"https:\/\/vapingnet.de\/sk\/vape\/weltweit-meistverkauft-bang-36000-puffs-mesh-coil-mint-ice-direktverkauf-ab-werk\/","og_site_name":"Vapingnet.de","article_publisher":"https:\/\/www.facebook.com\/vapingnetde\/","article_modified_time":"2025-06-19T03:41:20+00:00","og_image":[{"width":900,"height":600,"url":"https:\/\/vapingnet.de\/wp-content\/uploads\/2025\/03\/Mint-Ice.png","type":"image\/png"}],"twitter_card":"summary_large_image","twitter_misc":{"Est. reading time":"3 minutes"},"schema":{"@context":"https:\/\/schema.org","@graph":[{"@type":"WebPage","@id":"https:\/\/vapingnet.de\/vape\/weltweit-meistverkauft-bang-36000-puffs-mesh-coil-mint-ice-direktverkauf-ab-werk\/","url":"https:\/\/vapingnet.de\/vape\/weltweit-meistverkauft-bang-36000-puffs-mesh-coil-mint-ice-direktverkauf-ab-werk\/","name":"Weltweit meistverkauft Bang 36000 Puffs Mesh Coil Mint Ice Direktverkauf ab Werk | vapingnet.de","isPartOf":{"@id":"https:\/\/vapingnet.de\/#website"},"primaryImageOfPage":{"@id":"https:\/\/vapingnet.de\/vape\/weltweit-meistverkauft-bang-36000-puffs-mesh-coil-mint-ice-direktverkauf-ab-werk\/#primaryimage"},"image":{"@id":"https:\/\/vapingnet.de\/vape\/weltweit-meistverkauft-bang-36000-puffs-mesh-coil-mint-ice-direktverkauf-ab-werk\/#primaryimage"},"thumbnailUrl":"https:\/\/vapingnet.de\/wp-content\/uploads\/2025\/03\/Mint-Ice.png","datePublished":"2025-03-14T03:40:16+00:00","dateModified":"2025-06-19T03:41:20+00:00","description":"Weltweit meistverkauft Bang 36000 Puffs Mesh Coil Mint Ice Direktverkauf ab Werk \u25ba Viele Geschmacksrichtungen & g\u00fcnstig bei vapingnet.de f\u00fcr E-Zigaretten-Liebhaber","breadcrumb":{"@id":"https:\/\/vapingnet.de\/vape\/weltweit-meistverkauft-bang-36000-puffs-mesh-coil-mint-ice-direktverkauf-ab-werk\/#breadcrumb"},"inLanguage":"sk-SK","potentialAction":[{"@type":"ReadAction","target":["https:\/\/vapingnet.de\/vape\/weltweit-meistverkauft-bang-36000-puffs-mesh-coil-mint-ice-direktverkauf-ab-werk\/"]}]},{"@type":"ImageObject","inLanguage":"sk-SK","@id":"https:\/\/vapingnet.de\/vape\/weltweit-meistverkauft-bang-36000-puffs-mesh-coil-mint-ice-direktverkauf-ab-werk\/#primaryimage","url":"https:\/\/vapingnet.de\/wp-content\/uploads\/2025\/03\/Mint-Ice.png","contentUrl":"https:\/\/vapingnet.de\/wp-content\/uploads\/2025\/03\/Mint-Ice.png","width":900,"height":600,"caption":"Mint Ice"},{"@type":"BreadcrumbList","@id":"https:\/\/vapingnet.de\/vape\/weltweit-meistverkauft-bang-36000-puffs-mesh-coil-mint-ice-direktverkauf-ab-werk\/#breadcrumb","itemListElement":[{"@type":"ListItem","position":1,"name":"Home","item":"https:\/\/vapingnet.de\/"},{"@type":"ListItem","position":2,"name":"Shop","item":"https:\/\/vapingnet.de\/vape\/"},{"@type":"ListItem","position":3,"name":"Weltweit meistverkauft Bang 36000 Puffs Mesh Coil Mint Ice Direktverkauf ab Werk"}]},{"@type":"WebSite","@id":"https:\/\/vapingnet.de\/#website","url":"https:\/\/vapingnet.de\/","name":"Vapingnet.de","description":"","publisher":{"@id":"https:\/\/vapingnet.de\/#organization"},"potentialAction":[{"@type":"SearchAction","target":{"@type":"EntryPoint","urlTemplate":"https:\/\/vapingnet.de\/?s={search_term_string}"},"query-input":{"@type":"PropertyValueSpecification","valueRequired":true,"valueName":"search_term_string"}}],"inLanguage":"sk-SK"},{"@type":"Organization","@id":"https:\/\/vapingnet.de\/#organization","name":"Vapingnet.de","url":"https:\/\/vapingnet.de\/","logo":{"@type":"ImageObject","inLanguage":"sk-SK","@id":"https:\/\/vapingnet.de\/#\/schema\/logo\/image\/","url":"https:\/\/vapingnet.de\/wp-content\/uploads\/2025\/03\/cropped-vapingnet.de_.jpg","contentUrl":"https:\/\/vapingnet.de\/wp-content\/uploads\/2025\/03\/cropped-vapingnet.de_.jpg","width":512,"height":512,"caption":"Vapingnet.de"},"image":{"@id":"https:\/\/vapingnet.de\/#\/schema\/logo\/image\/"},"sameAs":["https:\/\/www.facebook.com\/vapingnetde\/"]}]}},"tiered_pricing_type":"fixed","tiered_pricing_fixed_rules":{"8":"10.44","60":"9.40","110":"8.35","200":"7.31"},"tiered_pricing_product_settings":{"layout":"default","base_unit_name":{"singular":null,"plural":null},"default_variation":null},"tiered_pricing_minimum_quantity":null,"tiered_pricing_roles_data":[],"tiered_pricing_percentage_rules":[],"_links":{"self":[{"href":"https:\/\/vapingnet.de\/sk\/wp-json\/wp\/v2\/product\/5292","targetHints":{"allow":["GET"]}}],"collection":[{"href":"https:\/\/vapingnet.de\/sk\/wp-json\/wp\/v2\/product"}],"about":[{"href":"https:\/\/vapingnet.de\/sk\/wp-json\/wp\/v2\/types\/product"}],"version-history":[{"count":1,"href":"https:\/\/vapingnet.de\/sk\/wp-json\/wp\/v2\/product\/5292\/revisions"}],"predecessor-version":[{"id":5294,"href":"https:\/\/vapingnet.de\/sk\/wp-json\/wp\/v2\/product\/5292\/revisions\/5294"}],"wp:featuredmedia":[{"embeddable":true,"href":"https:\/\/vapingnet.de\/sk\/wp-json\/wp\/v2\/media\/5293"}],"wp:attachment":[{"href":"https:\/\/vapingnet.de\/sk\/wp-json\/wp\/v2\/media?parent=5292"}],"wp:term":[{"taxonomy":"brand","embeddable":true,"href":"https:\/\/vapingnet.de\/sk\/wp-json\/wp\/v2\/etheme_brands?post=5292"},{"taxonomy":"product_brand","embeddable":true,"href":"https:\/\/vapingnet.de\/sk\/wp-json\/wp\/v2\/product_brand?post=5292"},{"taxonomy":"product_cat","embeddable":true,"href":"https:\/\/vapingnet.de\/sk\/wp-json\/wp\/v2\/product_cat?post=5292"},{"taxonomy":"product_tag","embeddable":true,"href":"https:\/\/vapingnet.de\/sk\/wp-json\/wp\/v2\/product_tag?post=5292"}],"curies":[{"name":"wp","href":"https:\/\/api.w.org\/{rel}","templated":true}]}}