{"id":5297,"date":"2025-03-14T05:32:50","date_gmt":"2025-03-14T05:32:50","guid":{"rendered":"https:\/\/vapingnet.de\/?post_type=product&#038;p=5297"},"modified":"2025-06-19T03:41:20","modified_gmt":"2025-06-19T03:41:20","slug":"weltweit-meistverkauft-bang-36000-puffs-mesh-coil-mango-peach-direktverkauf-ab-werk","status":"publish","type":"product","link":"https:\/\/vapingnet.de\/sk\/vape\/weltweit-meistverkauft-bang-36000-puffs-mesh-coil-mango-peach-direktverkauf-ab-werk\/","title":{"rendered":"Najpred\u00e1vanej\u0161ia na svete Bang 36000 Puffs Mesh Coil Mango Peach Priamy predaj z v\u00fdroby"},"content":{"rendered":"<h2 data-start=\"0\" data-end=\"100\">Bang King 36000 Puffs Mesh Coil: U\u017eite si dlhodob\u00fd paru a intenz\u00edvnu chu\u0165<\/h2>\n<p data-start=\"102\" data-end=\"498\">Ak ste v\u00e1\u0161niv\u00fd vapera a h\u013ead\u00e1te dokonal\u00fd z\u00e1\u017eitok z vapovania, potom je Bang King 36000 Puffs Mesh Coil presne to, \u010do potrebujete! S inovat\u00edvnym dizajnom, extr\u00e9mnou odolnos\u0165ou a \u0161irokou \u0161k\u00e1lou chut\u00ed pon\u00faka toto zariadenie neporovnate\u013en\u00fd z\u00e1\u017eitok z vapovania. Po\u010fme sa pozrie\u0165 na jeho vynikaj\u00face vlastnosti!<\/p>\n<h4 data-start=\"505\" data-end=\"535\">\ud83d\udd39 D\u00f4le\u017eit\u00e9 vlastnosti<\/h4>\n<ol data-start=\"537\" data-end=\"1665\">\n<li data-start=\"537\" data-end=\"846\">\n<p data-start=\"540\" data-end=\"846\">Extr\u00e9mne dlh\u00e1 \u017eivotnos\u0165 a ve\u013ek\u00e1 kapacita<br data-start=\"586\" data-end=\"589\" \/>Bang King 36000 Puffs Mesh Coil je vybaven\u00fd ve\u013ek\u00fdm 40 ml predplnen\u00fdm z\u00e1sobn\u00edkom na e-liquid a dob\u00edjate\u013enou bat\u00e9riou s kapacitou 650mAh, tak\u017ee sa nemus\u00edte ob\u00e1va\u0165 \u010dast\u00e9ho dop\u013a\u0148ania alebo neust\u00e1leho nab\u00edjania.<\/p>\n<\/li>\n<li data-start=\"848\" data-end=\"1142\">\n<p data-start=\"851\" data-end=\"1142\">Inovat\u00edvna technol\u00f3gia mesh coil<br data-start=\"887\" data-end=\"890\" \/>V\u010faka 0,6\u03a9 sub-Ohm mesh coil za\u017eijete hust\u00fd, aromatick\u00fd p\u00e1r s intenz\u00edvnej\u0161ou chu\u0165ou. Dizajn Direct-to-Lung (DTL) zabezpe\u010duje siln\u00fd \u0165ah a p\u00f4sobiv\u00fa produkciu pary \u2013 ide\u00e1lne pre skuto\u010dn\u00fdch milovn\u00edkov cloudov!<\/p>\n<\/li>\n<li data-start=\"1144\" data-end=\"1311\">\n<p data-start=\"1147\" data-end=\"1311\">Flexibiln\u00e9 nikot\u00ednov\u00e9 koncentr\u00e1cie<br data-start=\"1174\" data-end=\"1177\" \/>Vyberte si medzi 0%, 2%, 3% alebo 5% nikot\u00ednom, aby ste si prisp\u00f4sobili dokonal\u00fd z\u00e1\u017eitok z vapovania pod\u013ea svojich osobn\u00fdch preferenci\u00ed.<\/p>\n<\/li>\n<li data-start=\"1313\" data-end=\"1500\">\n<p data-start=\"1316\" data-end=\"1500\">\u0160t\u00fdlov\u00e9 LED osvetlenie<br data-start=\"1345\" data-end=\"1348\" \/>Po\u010das vapovania zariadenie svieti s cool LED efektom, ktor\u00fd va\u0161emu z\u00e1\u017eitku prid\u00e1va modern\u00fd a futuristick\u00fd n\u00e1dych.<\/p>\n<\/li>\n<li data-start=\"1502\" data-end=\"1665\">\n<p data-start=\"1505\" data-end=\"1665\">\u017diadne clo poplatky<br data-start=\"1527\" data-end=\"1530\" \/>Objednajte bez ob\u00e1v, bez starost\u00ed o dodato\u010dn\u00e9 clo \u2013 \u010dak\u00e1 v\u00e1s plynul\u00fd n\u00e1kupn\u00fd z\u00e1\u017eitok!<\/p>\n<\/li>\n<\/ol>\n<h4 data-start=\"1672\" data-end=\"1713\">\ud83c\udf51 Tip na chu\u0165: Mango Peach<\/h4>\n<p data-start=\"1715\" data-end=\"2009\">Chu\u0165 Mango Peach sp\u00e1ja exotick\u00fa sladk\u00fa ar\u00f3mu zrel\u00fdch manga s \u0161\u0165avnatou chu\u0165ou \u010derstv\u00fdch brosk\u00fd\u0148. Ka\u017ed\u00fd \u0165ah odha\u013euje dokonal\u00fa rovnov\u00e1hu medzi svie\u017eos\u0165ou a sladkos\u0165ou \u2013 ide\u00e1lne pre t\u00fdch, ktor\u00ed miluj\u00fa ovocn\u00e9 ar\u00f3my a t\u00fa\u017eia po tropickom p\u00f4\u017eitku.<\/p>\n<h3>\ud83d\ude80 Pre\u010do Bang King 36000 Puffs Mesh Coil?<\/h3>\n<p data-start=\"2069\" data-end=\"2463\">\u2705 Extr\u00e9mne dlh\u00e1 doba pou\u017e\u00edvania \u2013 A\u017e do <a href=\"https:\/\/vapingnet.de\/sk\/k\/vape-36000-zuege\/\" target=\"_blank\" rel=\"noopener\"><strong>36 000 potiahnut\u00ed<\/strong><\/a> pre maxim\u00e1lny p\u00f4\u017eitok.<br data-start=\"2144\" data-end=\"2147\" \/>\u2705 \u017diadne dop\u013a\u0148anie alebo \u010dakanie \u2013 Jednorazov\u00fd dizajn pre pohodln\u00e9 a bezstarostn\u00e9 pou\u017e\u00edvanie.<br data-start=\"2236\" data-end=\"2239\" \/>\u2705 12 chut\u00ed \u2013 Od ovocn\u00fdch, cez sladk\u00e9, a\u017e po osvie\u017euj\u00face, pre ka\u017ed\u00e9ho nie\u010do.<br data-start=\"2342\" data-end=\"2345\" \/>\u2705 R\u00fdchle nab\u00edjanie \u2013 V\u010faka USB-C nab\u00edjaciemu portu je va\u0161e zariadenie op\u00e4\u0165 pripraven\u00e9 na pou\u017eitie v kr\u00e1tkom \u010dase.<\/p>\n<p data-start=\"2465\" data-end=\"2658\">Za\u017eite teraz dokonal\u00fa kombin\u00e1ciu intenz\u00edvnych ar\u00f3m a ultra dlhej \u017eivotnosti! Nav\u0161t\u00edvte na\u0161u webov\u00fa str\u00e1nku a zabezpe\u010dte si svoj Bang King 36000 Puffs Mesh Coil e\u0161te dnes.<\/p>\n<p data-start=\"2660\" data-end=\"2720\" data-is-last-node=\"\" data-is-only-node=\"\">\ud83d\udd17 Objedna\u0165 teraz: <a href=\"https:\/\/vapingnet.de\/sk\/\" target=\"_new\" rel=\"noopener\" data-start=\"2682\" data-end=\"2718\">vapingnet.de<\/a><\/p>","protected":false},"excerpt":{"rendered":"<p>Bang King 36000 Puffs Mesh Coil: Genie\u00dfen Sie langanhaltenden Dampf und intensiven Geschmack Wenn Sie ein passionierter Dampfer sind und das ultimative Dampferlebnis suchen, dann&#8230;<\/p>","protected":false},"featured_media":5298,"template":"","meta":[],"etheme_brands":[],"product_brand":[101],"product_cat":[57,49,61],"product_tag":[],"class_list":{"0":"post-5297","1":"product","2":"type-product","3":"status-publish","4":"has-post-thumbnail","6":"product_brand-bang-king-vape","7":"product_cat-vape-36000-zuege","8":"product_cat-einweg-e-zigarette","9":"product_cat-f","11":"first","12":"instock","13":"shipping-taxable","14":"purchasable","15":"product-type-simple"},"yoast_head":"<!-- This site is optimized with the Yoast SEO plugin v26.5 - https:\/\/yoast.com\/wordpress\/plugins\/seo\/ -->\n<title>Weltweit meistverkauft Bang 36000 Puffs Mesh Coil Mango Peach Direktverkauf ab Werk | Vapingnet.de<\/title>\n<meta name=\"description\" content=\"Entdecke Weltweit meistverkauft Bang 36000 Puffs Mesh Coil Mango Peach Direktverkauf ab Werk bei vapingnet.de, \u25ba Gro\u00dfe Auswahl an Geschmacksrichtungen &amp; super g\u00fcnstig!\" \/>\n<meta name=\"robots\" content=\"index, follow, max-snippet:-1, max-image-preview:large, max-video-preview:-1\" \/>\n<link rel=\"canonical\" href=\"https:\/\/vapingnet.de\/sk\/vape\/weltweit-meistverkauft-bang-36000-puffs-mesh-coil-mango-peach-direktverkauf-ab-werk\/\" \/>\n<meta property=\"og:locale\" content=\"sk_SK\" \/>\n<meta property=\"og:type\" content=\"article\" \/>\n<meta property=\"og:title\" content=\"Weltweit meistverkauft Bang 36000 Puffs Mesh Coil Mango Peach Direktverkauf ab Werk | Vapingnet.de\" \/>\n<meta property=\"og:description\" content=\"Entdecke Weltweit meistverkauft Bang 36000 Puffs Mesh Coil Mango Peach Direktverkauf ab Werk bei vapingnet.de, \u25ba Gro\u00dfe Auswahl an Geschmacksrichtungen &amp; super g\u00fcnstig!\" \/>\n<meta property=\"og:url\" content=\"https:\/\/vapingnet.de\/sk\/vape\/weltweit-meistverkauft-bang-36000-puffs-mesh-coil-mango-peach-direktverkauf-ab-werk\/\" \/>\n<meta property=\"og:site_name\" content=\"Vapingnet.de\" \/>\n<meta property=\"article:publisher\" content=\"https:\/\/www.facebook.com\/vapingnetde\/\" \/>\n<meta property=\"article:modified_time\" content=\"2025-06-19T03:41:20+00:00\" \/>\n<meta property=\"og:image\" content=\"https:\/\/vapingnet.de\/wp-content\/uploads\/2025\/03\/Mango-Peach.png\" \/>\n\t<meta property=\"og:image:width\" content=\"900\" \/>\n\t<meta property=\"og:image:height\" content=\"600\" \/>\n\t<meta property=\"og:image:type\" content=\"image\/png\" \/>\n<meta name=\"twitter:card\" content=\"summary_large_image\" \/>\n<meta name=\"twitter:label1\" content=\"Est. reading time\" \/>\n\t<meta name=\"twitter:data1\" content=\"3 minutes\" \/>\n<script type=\"application\/ld+json\" class=\"yoast-schema-graph\">{\"@context\":\"https:\/\/schema.org\",\"@graph\":[{\"@type\":\"WebPage\",\"@id\":\"https:\/\/vapingnet.de\/vape\/weltweit-meistverkauft-bang-36000-puffs-mesh-coil-mango-peach-direktverkauf-ab-werk\/\",\"url\":\"https:\/\/vapingnet.de\/vape\/weltweit-meistverkauft-bang-36000-puffs-mesh-coil-mango-peach-direktverkauf-ab-werk\/\",\"name\":\"Weltweit meistverkauft Bang 36000 Puffs Mesh Coil Mango Peach Direktverkauf ab Werk | Vapingnet.de\",\"isPartOf\":{\"@id\":\"https:\/\/vapingnet.de\/#website\"},\"primaryImageOfPage\":{\"@id\":\"https:\/\/vapingnet.de\/vape\/weltweit-meistverkauft-bang-36000-puffs-mesh-coil-mango-peach-direktverkauf-ab-werk\/#primaryimage\"},\"image\":{\"@id\":\"https:\/\/vapingnet.de\/vape\/weltweit-meistverkauft-bang-36000-puffs-mesh-coil-mango-peach-direktverkauf-ab-werk\/#primaryimage\"},\"thumbnailUrl\":\"https:\/\/vapingnet.de\/wp-content\/uploads\/2025\/03\/Mango-Peach.png\",\"datePublished\":\"2025-03-14T05:32:50+00:00\",\"dateModified\":\"2025-06-19T03:41:20+00:00\",\"description\":\"Entdecke Weltweit meistverkauft Bang 36000 Puffs Mesh Coil Mango Peach Direktverkauf ab Werk bei vapingnet.de, \u25ba Gro\u00dfe Auswahl an Geschmacksrichtungen & super g\u00fcnstig!\",\"breadcrumb\":{\"@id\":\"https:\/\/vapingnet.de\/vape\/weltweit-meistverkauft-bang-36000-puffs-mesh-coil-mango-peach-direktverkauf-ab-werk\/#breadcrumb\"},\"inLanguage\":\"sk-SK\",\"potentialAction\":[{\"@type\":\"ReadAction\",\"target\":[\"https:\/\/vapingnet.de\/vape\/weltweit-meistverkauft-bang-36000-puffs-mesh-coil-mango-peach-direktverkauf-ab-werk\/\"]}]},{\"@type\":\"ImageObject\",\"inLanguage\":\"sk-SK\",\"@id\":\"https:\/\/vapingnet.de\/vape\/weltweit-meistverkauft-bang-36000-puffs-mesh-coil-mango-peach-direktverkauf-ab-werk\/#primaryimage\",\"url\":\"https:\/\/vapingnet.de\/wp-content\/uploads\/2025\/03\/Mango-Peach.png\",\"contentUrl\":\"https:\/\/vapingnet.de\/wp-content\/uploads\/2025\/03\/Mango-Peach.png\",\"width\":900,\"height\":600,\"caption\":\"Mango Peach\"},{\"@type\":\"BreadcrumbList\",\"@id\":\"https:\/\/vapingnet.de\/vape\/weltweit-meistverkauft-bang-36000-puffs-mesh-coil-mango-peach-direktverkauf-ab-werk\/#breadcrumb\",\"itemListElement\":[{\"@type\":\"ListItem\",\"position\":1,\"name\":\"Home\",\"item\":\"https:\/\/vapingnet.de\/\"},{\"@type\":\"ListItem\",\"position\":2,\"name\":\"Shop\",\"item\":\"https:\/\/vapingnet.de\/vape\/\"},{\"@type\":\"ListItem\",\"position\":3,\"name\":\"Weltweit meistverkauft Bang 36000 Puffs Mesh Coil Mango Peach Direktverkauf ab Werk\"}]},{\"@type\":\"WebSite\",\"@id\":\"https:\/\/vapingnet.de\/#website\",\"url\":\"https:\/\/vapingnet.de\/\",\"name\":\"Vapingnet.de\",\"description\":\"\",\"publisher\":{\"@id\":\"https:\/\/vapingnet.de\/#organization\"},\"potentialAction\":[{\"@type\":\"SearchAction\",\"target\":{\"@type\":\"EntryPoint\",\"urlTemplate\":\"https:\/\/vapingnet.de\/?s={search_term_string}\"},\"query-input\":{\"@type\":\"PropertyValueSpecification\",\"valueRequired\":true,\"valueName\":\"search_term_string\"}}],\"inLanguage\":\"sk-SK\"},{\"@type\":\"Organization\",\"@id\":\"https:\/\/vapingnet.de\/#organization\",\"name\":\"Vapingnet.de\",\"url\":\"https:\/\/vapingnet.de\/\",\"logo\":{\"@type\":\"ImageObject\",\"inLanguage\":\"sk-SK\",\"@id\":\"https:\/\/vapingnet.de\/#\/schema\/logo\/image\/\",\"url\":\"https:\/\/vapingnet.de\/wp-content\/uploads\/2025\/03\/cropped-vapingnet.de_.jpg\",\"contentUrl\":\"https:\/\/vapingnet.de\/wp-content\/uploads\/2025\/03\/cropped-vapingnet.de_.jpg\",\"width\":512,\"height\":512,\"caption\":\"Vapingnet.de\"},\"image\":{\"@id\":\"https:\/\/vapingnet.de\/#\/schema\/logo\/image\/\"},\"sameAs\":[\"https:\/\/www.facebook.com\/vapingnetde\/\"]}]}<\/script>\n<!-- \/ Yoast SEO plugin. -->","yoast_head_json":{"title":"Weltweit meistverkauft Bang 36000 Puffs Mesh Coil Mango Peach Direktverkauf ab Werk | Vapingnet.de","description":"Entdecke Weltweit meistverkauft Bang 36000 Puffs Mesh Coil Mango Peach Direktverkauf ab Werk bei vapingnet.de, \u25ba Gro\u00dfe Auswahl an Geschmacksrichtungen & super g\u00fcnstig!","robots":{"index":"index","follow":"follow","max-snippet":"max-snippet:-1","max-image-preview":"max-image-preview:large","max-video-preview":"max-video-preview:-1"},"canonical":"https:\/\/vapingnet.de\/sk\/vape\/weltweit-meistverkauft-bang-36000-puffs-mesh-coil-mango-peach-direktverkauf-ab-werk\/","og_locale":"sk_SK","og_type":"article","og_title":"Weltweit meistverkauft Bang 36000 Puffs Mesh Coil Mango Peach Direktverkauf ab Werk | Vapingnet.de","og_description":"Entdecke Weltweit meistverkauft Bang 36000 Puffs Mesh Coil Mango Peach Direktverkauf ab Werk bei vapingnet.de, \u25ba Gro\u00dfe Auswahl an Geschmacksrichtungen & super g\u00fcnstig!","og_url":"https:\/\/vapingnet.de\/sk\/vape\/weltweit-meistverkauft-bang-36000-puffs-mesh-coil-mango-peach-direktverkauf-ab-werk\/","og_site_name":"Vapingnet.de","article_publisher":"https:\/\/www.facebook.com\/vapingnetde\/","article_modified_time":"2025-06-19T03:41:20+00:00","og_image":[{"width":900,"height":600,"url":"https:\/\/vapingnet.de\/wp-content\/uploads\/2025\/03\/Mango-Peach.png","type":"image\/png"}],"twitter_card":"summary_large_image","twitter_misc":{"Est. reading time":"3 minutes"},"schema":{"@context":"https:\/\/schema.org","@graph":[{"@type":"WebPage","@id":"https:\/\/vapingnet.de\/vape\/weltweit-meistverkauft-bang-36000-puffs-mesh-coil-mango-peach-direktverkauf-ab-werk\/","url":"https:\/\/vapingnet.de\/vape\/weltweit-meistverkauft-bang-36000-puffs-mesh-coil-mango-peach-direktverkauf-ab-werk\/","name":"Weltweit meistverkauft Bang 36000 Puffs Mesh Coil Mango Peach Direktverkauf ab Werk | Vapingnet.de","isPartOf":{"@id":"https:\/\/vapingnet.de\/#website"},"primaryImageOfPage":{"@id":"https:\/\/vapingnet.de\/vape\/weltweit-meistverkauft-bang-36000-puffs-mesh-coil-mango-peach-direktverkauf-ab-werk\/#primaryimage"},"image":{"@id":"https:\/\/vapingnet.de\/vape\/weltweit-meistverkauft-bang-36000-puffs-mesh-coil-mango-peach-direktverkauf-ab-werk\/#primaryimage"},"thumbnailUrl":"https:\/\/vapingnet.de\/wp-content\/uploads\/2025\/03\/Mango-Peach.png","datePublished":"2025-03-14T05:32:50+00:00","dateModified":"2025-06-19T03:41:20+00:00","description":"Entdecke Weltweit meistverkauft Bang 36000 Puffs Mesh Coil Mango Peach Direktverkauf ab Werk bei vapingnet.de, \u25ba Gro\u00dfe Auswahl an Geschmacksrichtungen & super g\u00fcnstig!","breadcrumb":{"@id":"https:\/\/vapingnet.de\/vape\/weltweit-meistverkauft-bang-36000-puffs-mesh-coil-mango-peach-direktverkauf-ab-werk\/#breadcrumb"},"inLanguage":"sk-SK","potentialAction":[{"@type":"ReadAction","target":["https:\/\/vapingnet.de\/vape\/weltweit-meistverkauft-bang-36000-puffs-mesh-coil-mango-peach-direktverkauf-ab-werk\/"]}]},{"@type":"ImageObject","inLanguage":"sk-SK","@id":"https:\/\/vapingnet.de\/vape\/weltweit-meistverkauft-bang-36000-puffs-mesh-coil-mango-peach-direktverkauf-ab-werk\/#primaryimage","url":"https:\/\/vapingnet.de\/wp-content\/uploads\/2025\/03\/Mango-Peach.png","contentUrl":"https:\/\/vapingnet.de\/wp-content\/uploads\/2025\/03\/Mango-Peach.png","width":900,"height":600,"caption":"Mango Peach"},{"@type":"BreadcrumbList","@id":"https:\/\/vapingnet.de\/vape\/weltweit-meistverkauft-bang-36000-puffs-mesh-coil-mango-peach-direktverkauf-ab-werk\/#breadcrumb","itemListElement":[{"@type":"ListItem","position":1,"name":"Home","item":"https:\/\/vapingnet.de\/"},{"@type":"ListItem","position":2,"name":"Shop","item":"https:\/\/vapingnet.de\/vape\/"},{"@type":"ListItem","position":3,"name":"Weltweit meistverkauft Bang 36000 Puffs Mesh Coil Mango Peach Direktverkauf ab Werk"}]},{"@type":"WebSite","@id":"https:\/\/vapingnet.de\/#website","url":"https:\/\/vapingnet.de\/","name":"Vapingnet.de","description":"","publisher":{"@id":"https:\/\/vapingnet.de\/#organization"},"potentialAction":[{"@type":"SearchAction","target":{"@type":"EntryPoint","urlTemplate":"https:\/\/vapingnet.de\/?s={search_term_string}"},"query-input":{"@type":"PropertyValueSpecification","valueRequired":true,"valueName":"search_term_string"}}],"inLanguage":"sk-SK"},{"@type":"Organization","@id":"https:\/\/vapingnet.de\/#organization","name":"Vapingnet.de","url":"https:\/\/vapingnet.de\/","logo":{"@type":"ImageObject","inLanguage":"sk-SK","@id":"https:\/\/vapingnet.de\/#\/schema\/logo\/image\/","url":"https:\/\/vapingnet.de\/wp-content\/uploads\/2025\/03\/cropped-vapingnet.de_.jpg","contentUrl":"https:\/\/vapingnet.de\/wp-content\/uploads\/2025\/03\/cropped-vapingnet.de_.jpg","width":512,"height":512,"caption":"Vapingnet.de"},"image":{"@id":"https:\/\/vapingnet.de\/#\/schema\/logo\/image\/"},"sameAs":["https:\/\/www.facebook.com\/vapingnetde\/"]}]}},"tiered_pricing_type":"fixed","tiered_pricing_fixed_rules":{"8":"10.44","60":"9.40","110":"8.35","200":"7.31"},"tiered_pricing_product_settings":{"layout":"default","base_unit_name":{"singular":null,"plural":null},"default_variation":null},"tiered_pricing_minimum_quantity":null,"tiered_pricing_roles_data":[],"tiered_pricing_percentage_rules":[],"_links":{"self":[{"href":"https:\/\/vapingnet.de\/sk\/wp-json\/wp\/v2\/product\/5297","targetHints":{"allow":["GET"]}}],"collection":[{"href":"https:\/\/vapingnet.de\/sk\/wp-json\/wp\/v2\/product"}],"about":[{"href":"https:\/\/vapingnet.de\/sk\/wp-json\/wp\/v2\/types\/product"}],"version-history":[{"count":1,"href":"https:\/\/vapingnet.de\/sk\/wp-json\/wp\/v2\/product\/5297\/revisions"}],"predecessor-version":[{"id":5299,"href":"https:\/\/vapingnet.de\/sk\/wp-json\/wp\/v2\/product\/5297\/revisions\/5299"}],"wp:featuredmedia":[{"embeddable":true,"href":"https:\/\/vapingnet.de\/sk\/wp-json\/wp\/v2\/media\/5298"}],"wp:attachment":[{"href":"https:\/\/vapingnet.de\/sk\/wp-json\/wp\/v2\/media?parent=5297"}],"wp:term":[{"taxonomy":"brand","embeddable":true,"href":"https:\/\/vapingnet.de\/sk\/wp-json\/wp\/v2\/etheme_brands?post=5297"},{"taxonomy":"product_brand","embeddable":true,"href":"https:\/\/vapingnet.de\/sk\/wp-json\/wp\/v2\/product_brand?post=5297"},{"taxonomy":"product_cat","embeddable":true,"href":"https:\/\/vapingnet.de\/sk\/wp-json\/wp\/v2\/product_cat?post=5297"},{"taxonomy":"product_tag","embeddable":true,"href":"https:\/\/vapingnet.de\/sk\/wp-json\/wp\/v2\/product_tag?post=5297"}],"curies":[{"name":"wp","href":"https:\/\/api.w.org\/{rel}","templated":true}]}}