{"id":5307,"date":"2025-03-14T06:56:00","date_gmt":"2025-03-14T06:56:00","guid":{"rendered":"https:\/\/vapingnet.de\/?post_type=product&#038;p=5307"},"modified":"2025-06-19T03:41:18","modified_gmt":"2025-06-19T03:41:18","slug":"blueberry-raspberry-bang-36000-puffs-mesh-coil-e-zigarette-kaufen","status":"publish","type":"product","link":"https:\/\/vapingnet.de\/sk\/vape\/blueberry-raspberry-bang-36000-puffs-mesh-coil-e-zigarette-kaufen\/","title":{"rendered":"Blueberry Raspberry Bang 36000 Puffs Mesh Coil E-cigareta na k\u00fapu"},"content":{"rendered":"<h2 data-start=\"0\" data-end=\"84\">Bang King 36000 Puffs Mesh Coil \u2013 Dlhodob\u00e9 pote\u0161enie, Najvy\u0161\u0161\u00ed z\u00e1\u017eitok<\/h2>\n<p data-start=\"86\" data-end=\"465\">Ak h\u013ead\u00e1te e-cigaretku, ktor\u00e1 v\u00e1s presved\u010d\u00ed nielen svojou neuverite\u013ene dlhou \u017eivotnos\u0165ou, ale aj intenz\u00edvnymi ar\u00f3mami, potom je Bang King 36000 Puffs Mesh Coil presne pre v\u00e1s! Pon\u00faka nielen v\u00fdnimo\u010dn\u00fd dizajn a inovat\u00edvnu technol\u00f3giu, ale aj 36000 \u0165ahov nepretr\u017eit\u00e9ho pote\u0161enia z pary, ktor\u00e9 spln\u00ed v\u0161etky va\u0161e potreby.<\/p>\n<h4 data-start=\"472\" data-end=\"497\">Hlavn\u00e9 vlastnosti produktu<\/h4>\n<h5>Extr\u00e9mne dlh\u00e1 \u017eivotnos\u0165<\/h5>\n<p data-start=\"532\" data-end=\"735\">S 40 ml predplnen\u00e9ho liquidu a dob\u00edjate\u013enou bat\u00e9riou 650mAh si m\u00f4\u017eete vychutna\u0165 36000 \u0165ahov. Nemus\u00edte sa ob\u00e1va\u0165 dop\u013a\u0148ania alebo \u010dastej v\u00fdmeny \u2013 pote\u0161enie pokra\u010duje!<\/p>\n<h5 data-start=\"737\" data-end=\"780\">Priame vdychovanie pary do p\u013e\u00fac (DTL)<\/h5>\n<p data-start=\"781\" data-end=\"1069\">Sub-Ohm Mesh Coil s odporom 0,6\u03a9 zabezpe\u010duje rovnomern\u00e9 zahrievanie liquidu a vytv\u00e1ra hust\u00e9, chutn\u00e9 oblaky pary. T\u00e1to technol\u00f3gia cievky v\u00e1m umo\u017e\u0148uje jedine\u010dn\u00fd z\u00e1\u017eitok s intenz\u00edvnymi ar\u00f3mami a hrub\u00fdmi oblakmi dymu, ide\u00e1lne na priame vdychovanie do p\u013e\u00fac.<\/p>\n<h5 data-start=\"1071\" data-end=\"1106\">Type-C r\u00fdchlonab\u00edjac\u00ed port<\/h5>\n<p data-start=\"1107\" data-end=\"1279\">Typ-C nab\u00edjac\u00ed port zabezpe\u010duje, \u017ee svoj pr\u00edstroj m\u00f4\u017eete kedyko\u013evek r\u00fdchlo nabi\u0165. Tak\u017ee m\u00f4\u017eete by\u0165 v\u017edy a v\u0161ade znova v p\u00f4\u017eitku z pary.<\/p>\n<h5 data-start=\"1281\" data-end=\"1315\">\u0160t\u00fdlov\u00e9 LED sveteln\u00e9 efekty<\/h5>\n<p data-start=\"1316\" data-end=\"1472\">S ka\u017ed\u00fdm \u0165ahom LED sveteln\u00e9 efekty zariadenia svietia a dod\u00e1vaj\u00fa v\u00e1\u0161mu z\u00e1\u017eitku z pary modern\u00fa, futuristick\u00fa atmosf\u00e9ru \u2013 skuto\u010dn\u00fd p\u00fata\u010d pozornosti!<\/p>\n<h4 data-start=\"1479\" data-end=\"1549\">Odpor\u00fa\u010dan\u00fd chu\u0165: Blueberry Raspberry<\/h4>\n<p data-start=\"1551\" data-end=\"1808\">Pre milovn\u00edkov ovocn\u00fdch a intenz\u00edvnych ar\u00f3m je Blueberry Raspberry dokonalou vo\u013ebou. Sladk\u00e1 chu\u0165 \u010du\u010doriedky je dokonale kombinovan\u00e1 s \u010derstvou kyslos\u0165ou maliny a vytv\u00e1ra tak v\u00fdnimo\u010dn\u00fd chu\u0165ov\u00fd z\u00e1\u017eitok.<\/p>\n<ul data-start=\"1810\" data-end=\"2062\">\n<li data-start=\"1810\" data-end=\"1879\">\u010cu\u010doriedka: Sladk\u00e1 a pln\u00e1 s intenz\u00edvnou ovocnou ar\u00f3mou.<\/li>\n<li data-start=\"1880\" data-end=\"1939\">Malina: \u010cerstv\u00e1, \u013eahko kysl\u00e1 a ve\u013emi osvie\u017euj\u00faca.<\/li>\n<li data-start=\"1940\" data-end=\"2062\">Dokonal\u00e1 rovnov\u00e1ha: Kombin\u00e1cia oboch plodov vytv\u00e1ra viacvrstvov\u00fd, dlhotrvaj\u00faci chu\u0165ov\u00fd z\u00e1\u017eitok.<\/li>\n<\/ul>\n<h3 data-start=\"2069\" data-end=\"2121\">Pre\u010do si vybra\u0165 Bang King 36000 Puffs Mesh Coil?<\/h3>\n<ul data-start=\"2123\" data-end=\"2719\">\n<li data-start=\"2123\" data-end=\"2203\">Dlh\u00e1 \u017eivotnos\u0165: 40 ml predplnen\u00e9ho liquidu na a\u017e 36000 \u0165ahov.<\/li>\n<li data-start=\"2204\" data-end=\"2317\">Siln\u00e1 para: Sub-Ohm Mesh Coil s odporom 0,6\u03a9 zabezpe\u010duje hrub\u00e9, hust\u00e9 oblaky pary a intenz\u00edvnu chu\u0165.<\/li>\n<li data-start=\"2318\" data-end=\"2423\">R\u00fdchle nab\u00edjanie: R\u00fdchly nab\u00edjac\u00ed port Typ-C zabezpe\u010duje r\u00fdchle a pohodln\u00e9 nab\u00edjanie.<\/li>\n<li data-start=\"2424\" data-end=\"2514\">Objedn\u00e1vka bez cla: \u017diadne dodato\u010dn\u00e9 n\u00e1klady alebo skryt\u00e9 poplatky pri objedn\u00e1vke.<\/li>\n<li data-start=\"2515\" data-end=\"2605\">V\u0161estrann\u00e9 mo\u017enosti chuti: Vyberte si z 12 r\u00f4znych pr\u00edchut\u00ed.<\/li>\n<li data-start=\"2606\" data-end=\"2719\">Pou\u017e\u00edvate\u013esky pr\u00edvetiv\u00fd dizajn: Jednorazov\u00e9 vapovacie zariadenie, ktor\u00e9 nevy\u017eaduje \u00fadr\u017ebu a je okam\u017eite pripraven\u00e9 na pou\u017eitie.<\/li>\n<\/ul>\n<h4 data-start=\"2726\" data-end=\"2796\">Za\u017eite to teraz \u2013 z\u00edskajte svoj Bang King 36000 Puffs Mesh Coil!<\/h4>\n<p data-start=\"2798\" data-end=\"3052\">\u010ci ste za\u010diato\u010dn\u00edk alebo sk\u00fasen\u00fd vap\u00e9r, Bang King 36000 Puffs Mesh Coil v\u00e1s nadchne neuverite\u013enou chu\u0165ou a dlhou \u017eivotnos\u0165ou. Nav\u0161t\u00edvte na\u0161u webov\u00fa str\u00e1nku a vyberte si dokonal\u00fa pr\u00edchu\u0165 pre v\u00e1s!<\/p>\n<p data-start=\"3054\" data-end=\"3111\" data-is-last-node=\"\" data-is-only-node=\"\">\ud83d\udd17 K\u00fapi\u0165 teraz: <a href=\"https:\/\/vapingnet.de\/sk\/\" target=\"_new\" rel=\"noopener\" data-start=\"3073\" data-end=\"3109\">vapingnet.de<\/a><\/p>","protected":false},"excerpt":{"rendered":"<p>Bang King 36000 Puffs Mesh Coil \u2013 Dlhodob\u00e9 pote\u0161enie, ultim\u00e1tny z\u00e1\u017eitok Ak h\u013ead\u00e1te e-cigaretu, ktor\u00e1 m\u00e1 nielen p\u00f4sobiv\u00fa dlh\u00fa \u017eivotnos\u0165, ale aj...<\/p>","protected":false},"featured_media":5308,"template":"","meta":[],"etheme_brands":[],"product_brand":[101],"product_cat":[57,49,61],"product_tag":[],"class_list":{"0":"post-5307","1":"product","2":"type-product","3":"status-publish","4":"has-post-thumbnail","6":"product_brand-bang-king-vape","7":"product_cat-vape-36000-zuege","8":"product_cat-einweg-e-zigarette","9":"product_cat-f","11":"first","12":"instock","13":"shipping-taxable","14":"purchasable","15":"product-type-simple"},"yoast_head":"<!-- This site is optimized with the Yoast SEO plugin v26.5 - https:\/\/yoast.com\/wordpress\/plugins\/seo\/ -->\n<title>Blueberry Raspberry Bang 36000 Puffs Mesh Coil E-Zigarette kaufen | Vapingnet.de<\/title>\n<meta name=\"description\" content=\"Wir verkaufen Blueberry Raspberry Bang 36000 Puffs Mesh Coil E-Zigarette kaufen , \u2713 Hohe Puffs-Zahl \u2713 Einfach zu verwenden \u2713 Vielseitige Aromen \u2713\u27a4 Jetzt kaufen!\" \/>\n<meta name=\"robots\" content=\"index, follow, max-snippet:-1, max-image-preview:large, max-video-preview:-1\" \/>\n<link rel=\"canonical\" href=\"https:\/\/vapingnet.de\/sk\/vape\/blueberry-raspberry-bang-36000-puffs-mesh-coil-e-zigarette-kaufen\/\" \/>\n<meta property=\"og:locale\" content=\"sk_SK\" \/>\n<meta property=\"og:type\" content=\"article\" \/>\n<meta property=\"og:title\" content=\"Blueberry Raspberry Bang 36000 Puffs Mesh Coil E-Zigarette kaufen | Vapingnet.de\" \/>\n<meta property=\"og:description\" content=\"Wir verkaufen Blueberry Raspberry Bang 36000 Puffs Mesh Coil E-Zigarette kaufen , \u2713 Hohe Puffs-Zahl \u2713 Einfach zu verwenden \u2713 Vielseitige Aromen \u2713\u27a4 Jetzt kaufen!\" \/>\n<meta property=\"og:url\" content=\"https:\/\/vapingnet.de\/sk\/vape\/blueberry-raspberry-bang-36000-puffs-mesh-coil-e-zigarette-kaufen\/\" \/>\n<meta property=\"og:site_name\" content=\"Vapingnet.de\" \/>\n<meta property=\"article:publisher\" content=\"https:\/\/www.facebook.com\/vapingnetde\/\" \/>\n<meta property=\"article:modified_time\" content=\"2025-06-19T03:41:18+00:00\" \/>\n<meta property=\"og:image\" content=\"https:\/\/vapingnet.de\/wp-content\/uploads\/2025\/03\/Blueberry-Raspberry-1.png\" \/>\n\t<meta property=\"og:image:width\" content=\"900\" \/>\n\t<meta property=\"og:image:height\" content=\"600\" \/>\n\t<meta property=\"og:image:type\" content=\"image\/png\" \/>\n<meta name=\"twitter:card\" content=\"summary_large_image\" \/>\n<meta name=\"twitter:label1\" content=\"Est. reading time\" \/>\n\t<meta name=\"twitter:data1\" content=\"3 minutes\" \/>\n<script type=\"application\/ld+json\" class=\"yoast-schema-graph\">{\"@context\":\"https:\/\/schema.org\",\"@graph\":[{\"@type\":\"WebPage\",\"@id\":\"https:\/\/vapingnet.de\/vape\/blueberry-raspberry-bang-36000-puffs-mesh-coil-e-zigarette-kaufen\/\",\"url\":\"https:\/\/vapingnet.de\/vape\/blueberry-raspberry-bang-36000-puffs-mesh-coil-e-zigarette-kaufen\/\",\"name\":\"Blueberry Raspberry Bang 36000 Puffs Mesh Coil E-Zigarette kaufen | Vapingnet.de\",\"isPartOf\":{\"@id\":\"https:\/\/vapingnet.de\/#website\"},\"primaryImageOfPage\":{\"@id\":\"https:\/\/vapingnet.de\/vape\/blueberry-raspberry-bang-36000-puffs-mesh-coil-e-zigarette-kaufen\/#primaryimage\"},\"image\":{\"@id\":\"https:\/\/vapingnet.de\/vape\/blueberry-raspberry-bang-36000-puffs-mesh-coil-e-zigarette-kaufen\/#primaryimage\"},\"thumbnailUrl\":\"https:\/\/vapingnet.de\/wp-content\/uploads\/2025\/03\/Blueberry-Raspberry-1.png\",\"datePublished\":\"2025-03-14T06:56:00+00:00\",\"dateModified\":\"2025-06-19T03:41:18+00:00\",\"description\":\"Wir verkaufen Blueberry Raspberry Bang 36000 Puffs Mesh Coil E-Zigarette kaufen , \u2713 Hohe Puffs-Zahl \u2713 Einfach zu verwenden \u2713 Vielseitige Aromen \u2713\u27a4 Jetzt kaufen!\",\"breadcrumb\":{\"@id\":\"https:\/\/vapingnet.de\/vape\/blueberry-raspberry-bang-36000-puffs-mesh-coil-e-zigarette-kaufen\/#breadcrumb\"},\"inLanguage\":\"sk-SK\",\"potentialAction\":[{\"@type\":\"ReadAction\",\"target\":[\"https:\/\/vapingnet.de\/vape\/blueberry-raspberry-bang-36000-puffs-mesh-coil-e-zigarette-kaufen\/\"]}]},{\"@type\":\"ImageObject\",\"inLanguage\":\"sk-SK\",\"@id\":\"https:\/\/vapingnet.de\/vape\/blueberry-raspberry-bang-36000-puffs-mesh-coil-e-zigarette-kaufen\/#primaryimage\",\"url\":\"https:\/\/vapingnet.de\/wp-content\/uploads\/2025\/03\/Blueberry-Raspberry-1.png\",\"contentUrl\":\"https:\/\/vapingnet.de\/wp-content\/uploads\/2025\/03\/Blueberry-Raspberry-1.png\",\"width\":900,\"height\":600,\"caption\":\"Blueberry Raspberry\"},{\"@type\":\"BreadcrumbList\",\"@id\":\"https:\/\/vapingnet.de\/vape\/blueberry-raspberry-bang-36000-puffs-mesh-coil-e-zigarette-kaufen\/#breadcrumb\",\"itemListElement\":[{\"@type\":\"ListItem\",\"position\":1,\"name\":\"Home\",\"item\":\"https:\/\/vapingnet.de\/\"},{\"@type\":\"ListItem\",\"position\":2,\"name\":\"Shop\",\"item\":\"https:\/\/vapingnet.de\/vape\/\"},{\"@type\":\"ListItem\",\"position\":3,\"name\":\"Blueberry Raspberry Bang 36000 Puffs Mesh Coil E-Zigarette kaufen\"}]},{\"@type\":\"WebSite\",\"@id\":\"https:\/\/vapingnet.de\/#website\",\"url\":\"https:\/\/vapingnet.de\/\",\"name\":\"Vapingnet.de\",\"description\":\"\",\"publisher\":{\"@id\":\"https:\/\/vapingnet.de\/#organization\"},\"potentialAction\":[{\"@type\":\"SearchAction\",\"target\":{\"@type\":\"EntryPoint\",\"urlTemplate\":\"https:\/\/vapingnet.de\/?s={search_term_string}\"},\"query-input\":{\"@type\":\"PropertyValueSpecification\",\"valueRequired\":true,\"valueName\":\"search_term_string\"}}],\"inLanguage\":\"sk-SK\"},{\"@type\":\"Organization\",\"@id\":\"https:\/\/vapingnet.de\/#organization\",\"name\":\"Vapingnet.de\",\"url\":\"https:\/\/vapingnet.de\/\",\"logo\":{\"@type\":\"ImageObject\",\"inLanguage\":\"sk-SK\",\"@id\":\"https:\/\/vapingnet.de\/#\/schema\/logo\/image\/\",\"url\":\"https:\/\/vapingnet.de\/wp-content\/uploads\/2025\/03\/cropped-vapingnet.de_.jpg\",\"contentUrl\":\"https:\/\/vapingnet.de\/wp-content\/uploads\/2025\/03\/cropped-vapingnet.de_.jpg\",\"width\":512,\"height\":512,\"caption\":\"Vapingnet.de\"},\"image\":{\"@id\":\"https:\/\/vapingnet.de\/#\/schema\/logo\/image\/\"},\"sameAs\":[\"https:\/\/www.facebook.com\/vapingnetde\/\"]}]}<\/script>\n<!-- \/ Yoast SEO plugin. -->","yoast_head_json":{"title":"Blueberry Raspberry Bang 36000 Puffs Mesh Coil E-Zigarette kaufen | Vapingnet.de","description":"Wir verkaufen Blueberry Raspberry Bang 36000 Puffs Mesh Coil E-Zigarette kaufen , \u2713 Hohe Puffs-Zahl \u2713 Einfach zu verwenden \u2713 Vielseitige Aromen \u2713\u27a4 Jetzt kaufen!","robots":{"index":"index","follow":"follow","max-snippet":"max-snippet:-1","max-image-preview":"max-image-preview:large","max-video-preview":"max-video-preview:-1"},"canonical":"https:\/\/vapingnet.de\/sk\/vape\/blueberry-raspberry-bang-36000-puffs-mesh-coil-e-zigarette-kaufen\/","og_locale":"sk_SK","og_type":"article","og_title":"Blueberry Raspberry Bang 36000 Puffs Mesh Coil E-Zigarette kaufen | Vapingnet.de","og_description":"Wir verkaufen Blueberry Raspberry Bang 36000 Puffs Mesh Coil E-Zigarette kaufen , \u2713 Hohe Puffs-Zahl \u2713 Einfach zu verwenden \u2713 Vielseitige Aromen \u2713\u27a4 Jetzt kaufen!","og_url":"https:\/\/vapingnet.de\/sk\/vape\/blueberry-raspberry-bang-36000-puffs-mesh-coil-e-zigarette-kaufen\/","og_site_name":"Vapingnet.de","article_publisher":"https:\/\/www.facebook.com\/vapingnetde\/","article_modified_time":"2025-06-19T03:41:18+00:00","og_image":[{"width":900,"height":600,"url":"https:\/\/vapingnet.de\/wp-content\/uploads\/2025\/03\/Blueberry-Raspberry-1.png","type":"image\/png"}],"twitter_card":"summary_large_image","twitter_misc":{"Est. reading time":"3 minutes"},"schema":{"@context":"https:\/\/schema.org","@graph":[{"@type":"WebPage","@id":"https:\/\/vapingnet.de\/vape\/blueberry-raspberry-bang-36000-puffs-mesh-coil-e-zigarette-kaufen\/","url":"https:\/\/vapingnet.de\/vape\/blueberry-raspberry-bang-36000-puffs-mesh-coil-e-zigarette-kaufen\/","name":"Blueberry Raspberry Bang 36000 Puffs Mesh Coil E-Zigarette kaufen | Vapingnet.de","isPartOf":{"@id":"https:\/\/vapingnet.de\/#website"},"primaryImageOfPage":{"@id":"https:\/\/vapingnet.de\/vape\/blueberry-raspberry-bang-36000-puffs-mesh-coil-e-zigarette-kaufen\/#primaryimage"},"image":{"@id":"https:\/\/vapingnet.de\/vape\/blueberry-raspberry-bang-36000-puffs-mesh-coil-e-zigarette-kaufen\/#primaryimage"},"thumbnailUrl":"https:\/\/vapingnet.de\/wp-content\/uploads\/2025\/03\/Blueberry-Raspberry-1.png","datePublished":"2025-03-14T06:56:00+00:00","dateModified":"2025-06-19T03:41:18+00:00","description":"Wir verkaufen Blueberry Raspberry Bang 36000 Puffs Mesh Coil E-Zigarette kaufen , \u2713 Hohe Puffs-Zahl \u2713 Einfach zu verwenden \u2713 Vielseitige Aromen \u2713\u27a4 Jetzt kaufen!","breadcrumb":{"@id":"https:\/\/vapingnet.de\/vape\/blueberry-raspberry-bang-36000-puffs-mesh-coil-e-zigarette-kaufen\/#breadcrumb"},"inLanguage":"sk-SK","potentialAction":[{"@type":"ReadAction","target":["https:\/\/vapingnet.de\/vape\/blueberry-raspberry-bang-36000-puffs-mesh-coil-e-zigarette-kaufen\/"]}]},{"@type":"ImageObject","inLanguage":"sk-SK","@id":"https:\/\/vapingnet.de\/vape\/blueberry-raspberry-bang-36000-puffs-mesh-coil-e-zigarette-kaufen\/#primaryimage","url":"https:\/\/vapingnet.de\/wp-content\/uploads\/2025\/03\/Blueberry-Raspberry-1.png","contentUrl":"https:\/\/vapingnet.de\/wp-content\/uploads\/2025\/03\/Blueberry-Raspberry-1.png","width":900,"height":600,"caption":"Blueberry Raspberry"},{"@type":"BreadcrumbList","@id":"https:\/\/vapingnet.de\/vape\/blueberry-raspberry-bang-36000-puffs-mesh-coil-e-zigarette-kaufen\/#breadcrumb","itemListElement":[{"@type":"ListItem","position":1,"name":"Home","item":"https:\/\/vapingnet.de\/"},{"@type":"ListItem","position":2,"name":"Shop","item":"https:\/\/vapingnet.de\/vape\/"},{"@type":"ListItem","position":3,"name":"Blueberry Raspberry Bang 36000 Puffs Mesh Coil E-Zigarette kaufen"}]},{"@type":"WebSite","@id":"https:\/\/vapingnet.de\/#website","url":"https:\/\/vapingnet.de\/","name":"Vapingnet.de","description":"","publisher":{"@id":"https:\/\/vapingnet.de\/#organization"},"potentialAction":[{"@type":"SearchAction","target":{"@type":"EntryPoint","urlTemplate":"https:\/\/vapingnet.de\/?s={search_term_string}"},"query-input":{"@type":"PropertyValueSpecification","valueRequired":true,"valueName":"search_term_string"}}],"inLanguage":"sk-SK"},{"@type":"Organization","@id":"https:\/\/vapingnet.de\/#organization","name":"Vapingnet.de","url":"https:\/\/vapingnet.de\/","logo":{"@type":"ImageObject","inLanguage":"sk-SK","@id":"https:\/\/vapingnet.de\/#\/schema\/logo\/image\/","url":"https:\/\/vapingnet.de\/wp-content\/uploads\/2025\/03\/cropped-vapingnet.de_.jpg","contentUrl":"https:\/\/vapingnet.de\/wp-content\/uploads\/2025\/03\/cropped-vapingnet.de_.jpg","width":512,"height":512,"caption":"Vapingnet.de"},"image":{"@id":"https:\/\/vapingnet.de\/#\/schema\/logo\/image\/"},"sameAs":["https:\/\/www.facebook.com\/vapingnetde\/"]}]}},"tiered_pricing_type":"fixed","tiered_pricing_fixed_rules":{"8":"10.44","60":"9.40","110":"8.35","200":"7.31"},"tiered_pricing_product_settings":{"layout":"default","base_unit_name":{"singular":null,"plural":null},"default_variation":null},"tiered_pricing_minimum_quantity":null,"tiered_pricing_roles_data":[],"tiered_pricing_percentage_rules":[],"_links":{"self":[{"href":"https:\/\/vapingnet.de\/sk\/wp-json\/wp\/v2\/product\/5307","targetHints":{"allow":["GET"]}}],"collection":[{"href":"https:\/\/vapingnet.de\/sk\/wp-json\/wp\/v2\/product"}],"about":[{"href":"https:\/\/vapingnet.de\/sk\/wp-json\/wp\/v2\/types\/product"}],"version-history":[{"count":1,"href":"https:\/\/vapingnet.de\/sk\/wp-json\/wp\/v2\/product\/5307\/revisions"}],"predecessor-version":[{"id":5309,"href":"https:\/\/vapingnet.de\/sk\/wp-json\/wp\/v2\/product\/5307\/revisions\/5309"}],"wp:featuredmedia":[{"embeddable":true,"href":"https:\/\/vapingnet.de\/sk\/wp-json\/wp\/v2\/media\/5308"}],"wp:attachment":[{"href":"https:\/\/vapingnet.de\/sk\/wp-json\/wp\/v2\/media?parent=5307"}],"wp:term":[{"taxonomy":"brand","embeddable":true,"href":"https:\/\/vapingnet.de\/sk\/wp-json\/wp\/v2\/etheme_brands?post=5307"},{"taxonomy":"product_brand","embeddable":true,"href":"https:\/\/vapingnet.de\/sk\/wp-json\/wp\/v2\/product_brand?post=5307"},{"taxonomy":"product_cat","embeddable":true,"href":"https:\/\/vapingnet.de\/sk\/wp-json\/wp\/v2\/product_cat?post=5307"},{"taxonomy":"product_tag","embeddable":true,"href":"https:\/\/vapingnet.de\/sk\/wp-json\/wp\/v2\/product_tag?post=5307"}],"curies":[{"name":"wp","href":"https:\/\/api.w.org\/{rel}","templated":true}]}}