{"id":5313,"date":"2025-03-14T07:17:58","date_gmt":"2025-03-14T07:17:58","guid":{"rendered":"https:\/\/vapingnet.de\/?post_type=product&#038;p=5313"},"modified":"2025-06-19T03:41:18","modified_gmt":"2025-06-19T03:41:18","slug":"einweg-e-zigarette-bang-36000-puffs-mesh-coil-strawberry-watermelon-fruchtig-langanhaltend","status":"publish","type":"product","link":"https:\/\/vapingnet.de\/sk\/vape\/einweg-e-zigarette-bang-36000-puffs-mesh-coil-strawberry-watermelon-fruchtig-langanhaltend\/","title":{"rendered":"Jednorazov\u00e1 e-cigareta Bang 36000 Puffs Mesh Coil Strawberry Watermelon ovocn\u00e1 dlh\u00e1 v\u00fddr\u017e"},"content":{"rendered":"<h2 data-start=\"0\" data-end=\"87\">Bang King 36000 Puffs Mesh Coil \u2013 Dlhotrvaj\u00faci p\u00f4\u017eitok, ka\u017ed\u00e9 potiahnutie z\u00e1\u017eitkom<\/h2>\n<p data-start=\"89\" data-end=\"419\">H\u013ead\u00e1\u0161 v\u00fdkonn\u00fd a trv\u00e1cny model e-cigarety? Bang King 36000 Puffs Mesh Coil spln\u00ed v\u0161etky tvoje o\u010dak\u00e1vania \u2013 ako v oblasti v\u00fddr\u017ee bat\u00e9rie, tak aj chu\u0165ov\u00e9ho z\u00e1\u017eitku. Nez\u00e1le\u017e\u00ed na tom, \u010di si za\u010diato\u010dn\u00edk alebo sk\u00fasen\u00fd<em data-start=\"339\" data-end=\"349\">pou\u017e\u00edvate\u013e,<\/em>Bang King ti pon\u00faka neporovnate\u013en\u00fd z\u00e1\u017eitok z vapovania.<\/p>\n<ul>\n<li data-start=\"421\" data-end=\"471\">P\u00f4sobiv\u00e1 v\u00fddr\u017e bat\u00e9rie, dlh\u00fd p\u00f4\u017eitok<br \/>\nBang King 36000 Puffs Mesh Coil je vybaven\u00fd 40 ml predplnen\u00e9ho e-liquidu a 650 mAh nab\u00edjate\u013enou bat\u00e9riou. V\u010faka tomu si m\u00f4\u017ee\u0161 u\u017ei\u0165 a\u017e <a href=\"https:\/\/vapingnet.de\/sk\/k\/vape-36000-zuege\/\" target=\"_blank\" rel=\"noopener\"><strong>36000 \u0165ahov<\/strong><\/a> potiahnut\u00ed! Nez\u00e1le\u017e\u00ed na tom, \u010di si na cest\u00e1ch alebo doma, m\u00f4\u017ee\u0161 si u\u017e\u00edva\u0165 dlh\u00e9 chv\u00edle vapovania bez toho, aby si musel \u010dasto dop\u013a\u0148a\u0165 alebo meni\u0165 bat\u00e9riu.<\/li>\n<li data-start=\"804\" data-end=\"852\">Pln\u00e1 chu\u0165, ka\u017ed\u00fd \u0165ah z\u00e1\u017eitkom<br \/>\nV\u010faka pokro\u010dilej 0,6\u03a9 Sub-Ohm Mesh Coil ti Bang King 36000 Puffs Mesh Coil pon\u00faka intenz\u00edvne priame vdychovanie do p\u013e\u00fac (DTL). Ka\u017ed\u00fd \u0165ah je pln\u00fd hustej, chu\u0165ovo intenz\u00edvnej tvorby pary, ktor\u00e1 zvodne pohlad\u00ed tvoje zmysly s ka\u017ed\u00fdm n\u00e1dychom. Nezamenite\u013en\u00fd chu\u0165ov\u00fd z\u00e1\u017eitok, ktor\u00fd \u0165a nadchne s ka\u017ed\u00fdm \u0165ahom.<\/li>\n<li data-start=\"1203\" data-end=\"1244\">R\u00fdchle nab\u00edjanie, bezprobl\u00e9mov\u00fd p\u00f4\u017eitok<br \/>\nBang King 36000 Puffs Mesh Coil je vybaven\u00fd nab\u00edjac\u00edm portom Type-C, ktor\u00fd ti umo\u017e\u0148uje superr\u00fdchle nab\u00edjanie. Tak\u017ee nikdy nebude\u0161 musie\u0165 dlho \u010daka\u0165 na nabitie bat\u00e9rie a m\u00f4\u017ee\u0161 kedyko\u013evek a kdeko\u013evek okam\u017eite pokra\u010dova\u0165 vo vapovan\u00ed. \u017diadne \u010dakanie, v\u017edy pripraven\u00fd.<\/li>\n<li data-start=\"1526\" data-end=\"1579\">Cool dizajn, p\u00f4sobiv\u00e9 LED osvetlenie<br \/>\nKa\u017ed\u00fd \u0165ah je sprev\u00e1dzan\u00fd LED osvetlen\u00edm, ktor\u00e9 sa rozsvieti pri vdychovan\u00ed a vytv\u00e1ra vizu\u00e1lny wow efekt. T\u00e1to sveteln\u00e1 show nielen\u017ee zlep\u0161uje z\u00e1\u017eitok z vapovania, ale rob\u00ed z teba aj stredobod pozornosti \u2013 skuto\u010dn\u00fd p\u00fata\u010d pre v\u0161etk\u00fdch, ktor\u00ed miluj\u00fa \u0161t\u00fdl.<\/li>\n<\/ul>\n<h4 data-start=\"1854\" data-end=\"1929\">Odpor\u00fa\u010danie chuti: Strawberry Watermelon<\/h4>\n<p data-start=\"1931\" data-end=\"2260\">Chu\u0165 Strawberry Watermelon je dokonal\u00e1 kombin\u00e1cia sladkosti a svie\u017eosti. Jahoda dod\u00e1va pr\u00edjemn\u00fa sladkos\u0165, zatia\u013e \u010do vodn\u00fd mel\u00f3n prin\u00e1\u0161a chladiv\u00fa svie\u017eos\u0165 \u2013 osvie\u017euj\u00faca chu\u0165ov\u00e1 expl\u00f3zia, ktor\u00e1 osvie\u017ei zmysly. Ka\u017ed\u00fd \u0165ah je ako zahryznutie do leta.<\/p>\n<ul data-start=\"2262\" data-end=\"2512\">\n<li data-start=\"2262\" data-end=\"2329\">Jahoda: Sladk\u00e9, ovocn\u00e9 ar\u00f3my, ktor\u00e9 obalia tvoj jazyk.<\/li>\n<li data-start=\"2330\" data-end=\"2405\">Vodn\u00fd mel\u00f3n: Svie\u017ei a chladiv\u00fd, dod\u00e1 ti povzbudzuj\u00faci pocit svie\u017eosti.<\/li>\n<li data-start=\"2406\" data-end=\"2512\">Celkov\u00e1 chu\u0165: Dokonal\u00e1 rovnov\u00e1ha sladkosti a svie\u017eosti, ktor\u00e1 je ide\u00e1lna pre v\u0161etky ro\u010dn\u00e9 obdobia.<\/li>\n<\/ul>\n<h3>Pre\u010do by si sa mal rozhodn\u00fa\u0165 pre Bang King 36000 Puffs Mesh Coil<\/h3>\n<ul data-start=\"2598\" data-end=\"3227\">\n<li data-start=\"2598\" data-end=\"2710\">Dlh\u00e1 v\u00fddr\u017e bat\u00e9rie: 40 ml e-liquidu a 650 mAh bat\u00e9ria zabezpe\u010duj\u00fa 36000 \u0165ahov nepretr\u017eit\u00e9ho p\u00f4\u017eitku.<\/li>\n<li data-start=\"2711\" data-end=\"2828\">Intenz\u00edvna chu\u0165: S 0,6\u03a9 Sub-Ohm Mesh cievkou pre hust\u00e9 parn\u00e9 oblaky a pln\u00e9 z\u00e1\u017eitky z chuti.<\/li>\n<li data-start=\"2829\" data-end=\"2920\">R\u00fdchle nab\u00edjanie: Type-C nab\u00edjac\u00ed port pre bleskov\u00e9 nab\u00edjanie \u2013 \u017eiadny \u010dakac\u00ed \u010das!<\/li>\n<li data-start=\"2921\" data-end=\"3011\">Bez cla: \u017diadne starosti s coln\u00fdmi poplatkami \u2013 pohodlne a bez skryt\u00fdch n\u00e1kladov objednajte.<\/li>\n<li data-start=\"3012\" data-end=\"3133\">Ve\u013ea pr\u00edchut\u00ed: S 12 r\u00f4znymi pr\u00edchu\u0165ami si ur\u010dite n\u00e1jdete svojho favorita.<\/li>\n<li data-start=\"3134\" data-end=\"3227\">Praktick\u00fd dizajn: Jednorazov\u00e1 e-cigareta, ktor\u00e1 nevy\u017eaduje \u00fadr\u017ebu \u2013 jednoducho si vychutnajte.<\/li>\n<\/ul>\n<h3>Za\u017eite Bang King 36000 Pufov Mesh cievku<\/h3>\n<p data-start=\"3281\" data-end=\"3591\">Z\u00edskajte teraz Bang King 36000 Pufov Mesh cievku a u\u017e\u00edvajte si e-cigaretu, ktor\u00e1 sp\u00e1ja v\u0161etko: dlh\u00fa v\u00fddr\u017e bat\u00e9rie, intenz\u00edvnu chu\u0165 a modern\u00fd dizajn. Kliknite na odkaz ni\u017e\u0161ie, nav\u0161t\u00edvte na\u0161u webov\u00fa str\u00e1nku a vyberte si svoju ob\u013e\u00faben\u00fa pr\u00edchu\u0165. Ponorte sa do sveta vapovania!<\/p>\n<p data-start=\"3593\" data-end=\"3626\" data-is-last-node=\"\" data-is-only-node=\"\">\ud83d\udd17 K\u00fapi\u0165 teraz: vapingnet.de<\/p>","protected":false},"excerpt":{"rendered":"<p>Bang King 36000 Puffs Mesh Coil \u2013 Dlhodob\u00e9 pote\u0161enie, ka\u017ed\u00e9 \u0165ahanie je z\u00e1\u017eitok H\u013ead\u00e1te v\u00fdkonn\u00fd, odoln\u00fd model e-cigarety? Bang...<\/p>","protected":false},"featured_media":5314,"template":"","meta":[],"etheme_brands":[],"product_brand":[101],"product_cat":[57,49,61],"product_tag":[],"class_list":{"0":"post-5313","1":"product","2":"type-product","3":"status-publish","4":"has-post-thumbnail","6":"product_brand-bang-king-vape","7":"product_cat-vape-36000-zuege","8":"product_cat-einweg-e-zigarette","9":"product_cat-f","11":"first","12":"instock","13":"shipping-taxable","14":"purchasable","15":"product-type-simple"},"yoast_head":"<!-- This site is optimized with the Yoast SEO plugin v26.5 - https:\/\/yoast.com\/wordpress\/plugins\/seo\/ -->\n<title>Einweg E-Zigarette Bang 36000 Puffs Mesh Coil Strawberry Watermelon Fruchtig langanhaltend | Vapingnet.de<\/title>\n<meta name=\"description\" content=\"Wir verkaufen Einweg E-Zigarette Bang 36000 Puffs Mesh Coil Strawberry Watermelon Fruchtig langanhaltend , \u2713 Hohe Puffs-Zahl \u2713 Einfach zu verwenden \u2713 Vielseitige Aromen \u2713\u27a4 Jetzt kaufen!\" \/>\n<meta name=\"robots\" content=\"index, follow, max-snippet:-1, max-image-preview:large, max-video-preview:-1\" \/>\n<link rel=\"canonical\" href=\"https:\/\/vapingnet.de\/sk\/vape\/einweg-e-zigarette-bang-36000-puffs-mesh-coil-strawberry-watermelon-fruchtig-langanhaltend\/\" \/>\n<meta property=\"og:locale\" content=\"sk_SK\" \/>\n<meta property=\"og:type\" content=\"article\" \/>\n<meta property=\"og:title\" content=\"Einweg E-Zigarette Bang 36000 Puffs Mesh Coil Strawberry Watermelon Fruchtig langanhaltend | Vapingnet.de\" \/>\n<meta property=\"og:description\" content=\"Wir verkaufen Einweg E-Zigarette Bang 36000 Puffs Mesh Coil Strawberry Watermelon Fruchtig langanhaltend , \u2713 Hohe Puffs-Zahl \u2713 Einfach zu verwenden \u2713 Vielseitige Aromen \u2713\u27a4 Jetzt kaufen!\" \/>\n<meta property=\"og:url\" content=\"https:\/\/vapingnet.de\/sk\/vape\/einweg-e-zigarette-bang-36000-puffs-mesh-coil-strawberry-watermelon-fruchtig-langanhaltend\/\" \/>\n<meta property=\"og:site_name\" content=\"Vapingnet.de\" \/>\n<meta property=\"article:publisher\" content=\"https:\/\/www.facebook.com\/vapingnetde\/\" \/>\n<meta property=\"article:modified_time\" content=\"2025-06-19T03:41:18+00:00\" \/>\n<meta property=\"og:image\" content=\"https:\/\/vapingnet.de\/wp-content\/uploads\/2025\/03\/Strawberry-Watermelon-1.png\" \/>\n\t<meta property=\"og:image:width\" content=\"900\" \/>\n\t<meta property=\"og:image:height\" content=\"600\" \/>\n\t<meta property=\"og:image:type\" content=\"image\/png\" \/>\n<meta name=\"twitter:card\" content=\"summary_large_image\" \/>\n<meta name=\"twitter:label1\" content=\"Est. reading time\" \/>\n\t<meta name=\"twitter:data1\" content=\"3 minutes\" \/>\n<script type=\"application\/ld+json\" class=\"yoast-schema-graph\">{\"@context\":\"https:\/\/schema.org\",\"@graph\":[{\"@type\":\"WebPage\",\"@id\":\"https:\/\/vapingnet.de\/vape\/einweg-e-zigarette-bang-36000-puffs-mesh-coil-strawberry-watermelon-fruchtig-langanhaltend\/\",\"url\":\"https:\/\/vapingnet.de\/vape\/einweg-e-zigarette-bang-36000-puffs-mesh-coil-strawberry-watermelon-fruchtig-langanhaltend\/\",\"name\":\"Einweg E-Zigarette Bang 36000 Puffs Mesh Coil Strawberry Watermelon Fruchtig langanhaltend | Vapingnet.de\",\"isPartOf\":{\"@id\":\"https:\/\/vapingnet.de\/#website\"},\"primaryImageOfPage\":{\"@id\":\"https:\/\/vapingnet.de\/vape\/einweg-e-zigarette-bang-36000-puffs-mesh-coil-strawberry-watermelon-fruchtig-langanhaltend\/#primaryimage\"},\"image\":{\"@id\":\"https:\/\/vapingnet.de\/vape\/einweg-e-zigarette-bang-36000-puffs-mesh-coil-strawberry-watermelon-fruchtig-langanhaltend\/#primaryimage\"},\"thumbnailUrl\":\"https:\/\/vapingnet.de\/wp-content\/uploads\/2025\/03\/Strawberry-Watermelon-1.png\",\"datePublished\":\"2025-03-14T07:17:58+00:00\",\"dateModified\":\"2025-06-19T03:41:18+00:00\",\"description\":\"Wir verkaufen Einweg E-Zigarette Bang 36000 Puffs Mesh Coil Strawberry Watermelon Fruchtig langanhaltend , \u2713 Hohe Puffs-Zahl \u2713 Einfach zu verwenden \u2713 Vielseitige Aromen \u2713\u27a4 Jetzt kaufen!\",\"breadcrumb\":{\"@id\":\"https:\/\/vapingnet.de\/vape\/einweg-e-zigarette-bang-36000-puffs-mesh-coil-strawberry-watermelon-fruchtig-langanhaltend\/#breadcrumb\"},\"inLanguage\":\"sk-SK\",\"potentialAction\":[{\"@type\":\"ReadAction\",\"target\":[\"https:\/\/vapingnet.de\/vape\/einweg-e-zigarette-bang-36000-puffs-mesh-coil-strawberry-watermelon-fruchtig-langanhaltend\/\"]}]},{\"@type\":\"ImageObject\",\"inLanguage\":\"sk-SK\",\"@id\":\"https:\/\/vapingnet.de\/vape\/einweg-e-zigarette-bang-36000-puffs-mesh-coil-strawberry-watermelon-fruchtig-langanhaltend\/#primaryimage\",\"url\":\"https:\/\/vapingnet.de\/wp-content\/uploads\/2025\/03\/Strawberry-Watermelon-1.png\",\"contentUrl\":\"https:\/\/vapingnet.de\/wp-content\/uploads\/2025\/03\/Strawberry-Watermelon-1.png\",\"width\":900,\"height\":600,\"caption\":\"Strawberry Watermelon\"},{\"@type\":\"BreadcrumbList\",\"@id\":\"https:\/\/vapingnet.de\/vape\/einweg-e-zigarette-bang-36000-puffs-mesh-coil-strawberry-watermelon-fruchtig-langanhaltend\/#breadcrumb\",\"itemListElement\":[{\"@type\":\"ListItem\",\"position\":1,\"name\":\"Home\",\"item\":\"https:\/\/vapingnet.de\/\"},{\"@type\":\"ListItem\",\"position\":2,\"name\":\"Shop\",\"item\":\"https:\/\/vapingnet.de\/vape\/\"},{\"@type\":\"ListItem\",\"position\":3,\"name\":\"Einweg E-Zigarette Bang 36000 Puffs Mesh Coil Strawberry Watermelon Fruchtig langanhaltend\"}]},{\"@type\":\"WebSite\",\"@id\":\"https:\/\/vapingnet.de\/#website\",\"url\":\"https:\/\/vapingnet.de\/\",\"name\":\"Vapingnet.de\",\"description\":\"\",\"publisher\":{\"@id\":\"https:\/\/vapingnet.de\/#organization\"},\"potentialAction\":[{\"@type\":\"SearchAction\",\"target\":{\"@type\":\"EntryPoint\",\"urlTemplate\":\"https:\/\/vapingnet.de\/?s={search_term_string}\"},\"query-input\":{\"@type\":\"PropertyValueSpecification\",\"valueRequired\":true,\"valueName\":\"search_term_string\"}}],\"inLanguage\":\"sk-SK\"},{\"@type\":\"Organization\",\"@id\":\"https:\/\/vapingnet.de\/#organization\",\"name\":\"Vapingnet.de\",\"url\":\"https:\/\/vapingnet.de\/\",\"logo\":{\"@type\":\"ImageObject\",\"inLanguage\":\"sk-SK\",\"@id\":\"https:\/\/vapingnet.de\/#\/schema\/logo\/image\/\",\"url\":\"https:\/\/vapingnet.de\/wp-content\/uploads\/2025\/03\/cropped-vapingnet.de_.jpg\",\"contentUrl\":\"https:\/\/vapingnet.de\/wp-content\/uploads\/2025\/03\/cropped-vapingnet.de_.jpg\",\"width\":512,\"height\":512,\"caption\":\"Vapingnet.de\"},\"image\":{\"@id\":\"https:\/\/vapingnet.de\/#\/schema\/logo\/image\/\"},\"sameAs\":[\"https:\/\/www.facebook.com\/vapingnetde\/\"]}]}<\/script>\n<!-- \/ Yoast SEO plugin. -->","yoast_head_json":{"title":"Einweg E-Zigarette Bang 36000 Puffs Mesh Coil Strawberry Watermelon Fruchtig langanhaltend | Vapingnet.de","description":"Wir verkaufen Einweg E-Zigarette Bang 36000 Puffs Mesh Coil Strawberry Watermelon Fruchtig langanhaltend , \u2713 Hohe Puffs-Zahl \u2713 Einfach zu verwenden \u2713 Vielseitige Aromen \u2713\u27a4 Jetzt kaufen!","robots":{"index":"index","follow":"follow","max-snippet":"max-snippet:-1","max-image-preview":"max-image-preview:large","max-video-preview":"max-video-preview:-1"},"canonical":"https:\/\/vapingnet.de\/sk\/vape\/einweg-e-zigarette-bang-36000-puffs-mesh-coil-strawberry-watermelon-fruchtig-langanhaltend\/","og_locale":"sk_SK","og_type":"article","og_title":"Einweg E-Zigarette Bang 36000 Puffs Mesh Coil Strawberry Watermelon Fruchtig langanhaltend | Vapingnet.de","og_description":"Wir verkaufen Einweg E-Zigarette Bang 36000 Puffs Mesh Coil Strawberry Watermelon Fruchtig langanhaltend , \u2713 Hohe Puffs-Zahl \u2713 Einfach zu verwenden \u2713 Vielseitige Aromen \u2713\u27a4 Jetzt kaufen!","og_url":"https:\/\/vapingnet.de\/sk\/vape\/einweg-e-zigarette-bang-36000-puffs-mesh-coil-strawberry-watermelon-fruchtig-langanhaltend\/","og_site_name":"Vapingnet.de","article_publisher":"https:\/\/www.facebook.com\/vapingnetde\/","article_modified_time":"2025-06-19T03:41:18+00:00","og_image":[{"width":900,"height":600,"url":"https:\/\/vapingnet.de\/wp-content\/uploads\/2025\/03\/Strawberry-Watermelon-1.png","type":"image\/png"}],"twitter_card":"summary_large_image","twitter_misc":{"Est. reading time":"3 minutes"},"schema":{"@context":"https:\/\/schema.org","@graph":[{"@type":"WebPage","@id":"https:\/\/vapingnet.de\/vape\/einweg-e-zigarette-bang-36000-puffs-mesh-coil-strawberry-watermelon-fruchtig-langanhaltend\/","url":"https:\/\/vapingnet.de\/vape\/einweg-e-zigarette-bang-36000-puffs-mesh-coil-strawberry-watermelon-fruchtig-langanhaltend\/","name":"Einweg E-Zigarette Bang 36000 Puffs Mesh Coil Strawberry Watermelon Fruchtig langanhaltend | Vapingnet.de","isPartOf":{"@id":"https:\/\/vapingnet.de\/#website"},"primaryImageOfPage":{"@id":"https:\/\/vapingnet.de\/vape\/einweg-e-zigarette-bang-36000-puffs-mesh-coil-strawberry-watermelon-fruchtig-langanhaltend\/#primaryimage"},"image":{"@id":"https:\/\/vapingnet.de\/vape\/einweg-e-zigarette-bang-36000-puffs-mesh-coil-strawberry-watermelon-fruchtig-langanhaltend\/#primaryimage"},"thumbnailUrl":"https:\/\/vapingnet.de\/wp-content\/uploads\/2025\/03\/Strawberry-Watermelon-1.png","datePublished":"2025-03-14T07:17:58+00:00","dateModified":"2025-06-19T03:41:18+00:00","description":"Wir verkaufen Einweg E-Zigarette Bang 36000 Puffs Mesh Coil Strawberry Watermelon Fruchtig langanhaltend , \u2713 Hohe Puffs-Zahl \u2713 Einfach zu verwenden \u2713 Vielseitige Aromen \u2713\u27a4 Jetzt kaufen!","breadcrumb":{"@id":"https:\/\/vapingnet.de\/vape\/einweg-e-zigarette-bang-36000-puffs-mesh-coil-strawberry-watermelon-fruchtig-langanhaltend\/#breadcrumb"},"inLanguage":"sk-SK","potentialAction":[{"@type":"ReadAction","target":["https:\/\/vapingnet.de\/vape\/einweg-e-zigarette-bang-36000-puffs-mesh-coil-strawberry-watermelon-fruchtig-langanhaltend\/"]}]},{"@type":"ImageObject","inLanguage":"sk-SK","@id":"https:\/\/vapingnet.de\/vape\/einweg-e-zigarette-bang-36000-puffs-mesh-coil-strawberry-watermelon-fruchtig-langanhaltend\/#primaryimage","url":"https:\/\/vapingnet.de\/wp-content\/uploads\/2025\/03\/Strawberry-Watermelon-1.png","contentUrl":"https:\/\/vapingnet.de\/wp-content\/uploads\/2025\/03\/Strawberry-Watermelon-1.png","width":900,"height":600,"caption":"Strawberry Watermelon"},{"@type":"BreadcrumbList","@id":"https:\/\/vapingnet.de\/vape\/einweg-e-zigarette-bang-36000-puffs-mesh-coil-strawberry-watermelon-fruchtig-langanhaltend\/#breadcrumb","itemListElement":[{"@type":"ListItem","position":1,"name":"Home","item":"https:\/\/vapingnet.de\/"},{"@type":"ListItem","position":2,"name":"Shop","item":"https:\/\/vapingnet.de\/vape\/"},{"@type":"ListItem","position":3,"name":"Einweg E-Zigarette Bang 36000 Puffs Mesh Coil Strawberry Watermelon Fruchtig langanhaltend"}]},{"@type":"WebSite","@id":"https:\/\/vapingnet.de\/#website","url":"https:\/\/vapingnet.de\/","name":"Vapingnet.de","description":"","publisher":{"@id":"https:\/\/vapingnet.de\/#organization"},"potentialAction":[{"@type":"SearchAction","target":{"@type":"EntryPoint","urlTemplate":"https:\/\/vapingnet.de\/?s={search_term_string}"},"query-input":{"@type":"PropertyValueSpecification","valueRequired":true,"valueName":"search_term_string"}}],"inLanguage":"sk-SK"},{"@type":"Organization","@id":"https:\/\/vapingnet.de\/#organization","name":"Vapingnet.de","url":"https:\/\/vapingnet.de\/","logo":{"@type":"ImageObject","inLanguage":"sk-SK","@id":"https:\/\/vapingnet.de\/#\/schema\/logo\/image\/","url":"https:\/\/vapingnet.de\/wp-content\/uploads\/2025\/03\/cropped-vapingnet.de_.jpg","contentUrl":"https:\/\/vapingnet.de\/wp-content\/uploads\/2025\/03\/cropped-vapingnet.de_.jpg","width":512,"height":512,"caption":"Vapingnet.de"},"image":{"@id":"https:\/\/vapingnet.de\/#\/schema\/logo\/image\/"},"sameAs":["https:\/\/www.facebook.com\/vapingnetde\/"]}]}},"tiered_pricing_type":"fixed","tiered_pricing_fixed_rules":{"8":"10.44","60":"9.40","110":"8.35","200":"7.31"},"tiered_pricing_product_settings":{"layout":"default","base_unit_name":{"singular":null,"plural":null},"default_variation":null},"tiered_pricing_minimum_quantity":null,"tiered_pricing_roles_data":[],"tiered_pricing_percentage_rules":[],"_links":{"self":[{"href":"https:\/\/vapingnet.de\/sk\/wp-json\/wp\/v2\/product\/5313","targetHints":{"allow":["GET"]}}],"collection":[{"href":"https:\/\/vapingnet.de\/sk\/wp-json\/wp\/v2\/product"}],"about":[{"href":"https:\/\/vapingnet.de\/sk\/wp-json\/wp\/v2\/types\/product"}],"version-history":[{"count":1,"href":"https:\/\/vapingnet.de\/sk\/wp-json\/wp\/v2\/product\/5313\/revisions"}],"predecessor-version":[{"id":5315,"href":"https:\/\/vapingnet.de\/sk\/wp-json\/wp\/v2\/product\/5313\/revisions\/5315"}],"wp:featuredmedia":[{"embeddable":true,"href":"https:\/\/vapingnet.de\/sk\/wp-json\/wp\/v2\/media\/5314"}],"wp:attachment":[{"href":"https:\/\/vapingnet.de\/sk\/wp-json\/wp\/v2\/media?parent=5313"}],"wp:term":[{"taxonomy":"brand","embeddable":true,"href":"https:\/\/vapingnet.de\/sk\/wp-json\/wp\/v2\/etheme_brands?post=5313"},{"taxonomy":"product_brand","embeddable":true,"href":"https:\/\/vapingnet.de\/sk\/wp-json\/wp\/v2\/product_brand?post=5313"},{"taxonomy":"product_cat","embeddable":true,"href":"https:\/\/vapingnet.de\/sk\/wp-json\/wp\/v2\/product_cat?post=5313"},{"taxonomy":"product_tag","embeddable":true,"href":"https:\/\/vapingnet.de\/sk\/wp-json\/wp\/v2\/product_tag?post=5313"}],"curies":[{"name":"wp","href":"https:\/\/api.w.org\/{rel}","templated":true}]}}