{"id":5316,"date":"2025-12-12T07:27:57","date_gmt":"2025-12-12T07:27:57","guid":{"rendered":"https:\/\/vapingnet.de\/?post_type=product&#038;p=5316"},"modified":"2025-12-13T02:44:39","modified_gmt":"2025-12-13T02:44:39","slug":"einweg-e-zigarette-bang-36000-puffs-mesh-coil-strawberry-mango-jetzt-zum-grosshandelspreis-kaufen","status":"publish","type":"product","link":"https:\/\/vapingnet.de\/sk\/vape\/einweg-e-zigarette-bang-36000-puffs-mesh-coil-strawberry-mango-jetzt-zum-grosshandelspreis-kaufen\/","title":{"rendered":"Jednorazov\u00e1 E cigareta Bang 36000 potiahnut\u00ed Mesh Coil Strawberry Mango K\u00fapte teraz za ve\u013ekoobchodn\u00fa cenu"},"content":{"rendered":"<h2 data-start=\"29\" data-end=\"142\">Bang King 36000 Puffs Mesh Coil \u2013 Vychutnajte si maxim\u00e1lny p\u00f4\u017eitok a jedine\u010dn\u00fd z\u00e1\u017eitok z vapovania!<\/h2>\n<p data-start=\"204\" data-end=\"585\">Bang King 36000 Puffs Mesh Coil pon\u00faka \u00faplne nov\u00fd z\u00e1\u017eitok z vapovania. Nejde len o pokrytie dennej potreby, ale aj o v\u00fdnimo\u010dn\u00fd dosah, hust\u00e9 oblaky pary a modern\u00fd dizajn, ktor\u00fd rob\u00ed ka\u017ed\u00e9 inhalovanie \u0161peci\u00e1lnym p\u00f4\u017eitkom. Toto zariadenie sp\u013a\u0148a v\u0161etky potreby modern\u00e9ho \u017eivota a je ide\u00e1lnou vo\u013ebou pre milovn\u00edkov vapovania.<\/p>\n<h4 data-start=\"587\" data-end=\"627\">Preh\u013ead hlavn\u00fdch funkci\u00ed produktu:<\/h4>\n<ul data-start=\"629\" data-end=\"1559\">\n<li data-start=\"629\" data-end=\"886\">\n<p data-start=\"631\" data-end=\"886\">Extr\u00e9mne dlh\u00e1 v\u00fddr\u017e: S nab\u00edjate\u013enou bat\u00e9riou 650mAh a predplnenou n\u00e1dr\u017eou na e-liquid 40ml pon\u00faka Bang King 36000 Puffs Mesh Coil a\u017e <a href=\"https:\/\/vapingnet.de\/sk\/k\/vape-36000-zuege\/\" target=\"_blank\" rel=\"noopener\"><strong>36 000 potiahnut\u00ed<\/strong><\/a> \u2013 pre neporovnate\u013ene dlh\u00e9 vapovanie bez \u010dast\u00e9ho dop\u013a\u0148ania alebo nab\u00edjania.<\/p>\n<\/li>\n<li data-start=\"888\" data-end=\"1127\">\n<p data-start=\"890\" data-end=\"1127\">Hust\u00e9 oblaky pary: Vybaven\u00e9 sub-Ohm mesh cievkou 0,6\u03a9, toto zariadenie umo\u017e\u0148uje priame inhalovanie do p\u013e\u00fac (DTL), \u010do zabezpe\u010duje ve\u013emi hust\u00e9 a jemn\u00e9 oblaky pary. Ka\u017ed\u00fd \u0165ah prin\u00e1\u0161a intenz\u00edvny z\u00e1\u017eitok z chuti.<\/p>\n<\/li>\n<li data-start=\"1129\" data-end=\"1328\">\n<p data-start=\"1131\" data-end=\"1328\">\u0160t\u00fdlov\u00e9 LED osvetlenie: Pri ka\u017edom \u0165ahu sa rozsvieti cool LED osvetlenie zariadenia, ktor\u00e9 nielen\u017ee vytv\u00e1ra vizu\u00e1lny efekt, ale aj pod\u010diarkuje v\u00e1\u0161 osobn\u00fd \u0161t\u00fdl.<\/p>\n<\/li>\n<li data-start=\"1330\" data-end=\"1559\">\n<p data-start=\"1332\" data-end=\"1559\">R\u00fdchle nab\u00edjanie: Pripojenie Type-C umo\u017e\u0148uje r\u00fdchle nab\u00edjanie zariadenia, tak\u017ee takmer ne\u010dak\u00e1te. M\u00f4\u017eete ho kedyko\u013evek a kdeko\u013evek r\u00fdchlo nabi\u0165 a pokra\u010dova\u0165 v vapovan\u00ed bez preru\u0161enia.<\/p>\n<\/li>\n<\/ul>\n<h4 data-start=\"1561\" data-end=\"1640\">12 r\u00f4znych pr\u00edchut\u00ed \u2013 pre ka\u017ed\u00fd vkus to prav\u00e9<\/h4>\n<p data-start=\"1642\" data-end=\"1940\">\u010ci u\u017e preferujete ovocn\u00fa svie\u017eos\u0165 alebo chladn\u00e9 ar\u00f3my \u2013 <a href=\"https:\/\/vapingnet.de\/fr\/Brands\/bang-king-vape\/\" target=\"_blank\" rel=\"noopener\"><strong>Bang King<\/strong><\/a> m\u00e1 pre ka\u017ed\u00e9ho nie\u010do. Medzi dostupn\u00e9 pr\u00edchute patria napr\u00edklad Jahodovo-mango, Blueberry Ice a Watermelon. Vychutnajte si jedine\u010dn\u00fa chu\u0165 pri ka\u017edom \u0165ahu.<\/p>\n<h3>Pre\u010do je Bang King 36000 Puffs Mesh Coil spr\u00e1vnou vo\u013ebou pre v\u00e1s:<\/h3>\n<ul data-start=\"2025\" data-end=\"2636\">\n<li data-start=\"2025\" data-end=\"2178\">Dlh\u00e1 v\u00fddr\u017e: S 40ml e-liquidu a bat\u00e9riou 650mAh si m\u00f4\u017eete vychutna\u0165 a\u017e 36 000 \u0165ahov bez nutnosti neust\u00e1leho dop\u013a\u0148ania alebo nab\u00edjania.<\/li>\n<li data-start=\"2179\" data-end=\"2305\">Intenz\u00edvne oblaky pary: 0,6\u03a9 sub-Ohm mesh cievka poskytuje hust\u00fd, jemn\u00fd dym a intenz\u00edvny z\u00e1\u017eitok z chuti.<\/li>\n<li data-start=\"2306\" data-end=\"2416\">R\u00fdchle nab\u00edjanie: Pripojenie Type-C umo\u017e\u0148uje r\u00fdchle nab\u00edjanie, tak\u017ee takmer nebudete musie\u0165 \u010daka\u0165.<\/li>\n<li data-start=\"2417\" data-end=\"2519\">\u017diadne clo: Pri k\u00fape sa neplatia \u017eiadne dodato\u010dn\u00e9 clo poplatky, tak\u017ee sa nemus\u00edte o ni\u010d stara\u0165.<\/li>\n<li data-start=\"2520\" data-end=\"2636\">Jednorazov\u00fd dizajn: Bez\u00fadr\u017ebov\u00fd dizajn zabezpe\u010duje, \u017ee m\u00f4\u017eete kedyko\u013evek pohodlne a bez n\u00e1mahy vapova\u0165.<\/li>\n<\/ul>\n<h4 data-start=\"2638\" data-end=\"2699\">Vyberte si Bang King a za\u017eite maxim\u00e1lny p\u00f4\u017eitok<\/h4>\n<p data-start=\"2701\" data-end=\"2961\">Kliknite teraz na nasleduj\u00faci odkaz, aby ste si k\u00fapili Bang King 36000 Puffs Mesh Coil a vychutnali si jedine\u010dn\u00fd z\u00e1\u017eitok z vapovania. Vychutnajte si dlh\u00fa \u017eivotnos\u0165, hust\u00fd dym a r\u00fdchle nab\u00edjanie \u2013 plynul\u00e9 vapovanie, ktor\u00e9 v\u00e1s nadchne.<\/p>\n<p data-start=\"2963\" data-end=\"3019\">\ud83d\udd17 K\u00fapi\u0165 teraz: <a href=\"https:\/\/vapingnet.de\/sk\/\" target=\"_new\" rel=\"noopener\" data-start=\"2982\" data-end=\"3017\">vapingnet.de<\/a><\/p>","protected":false},"excerpt":{"rendered":"<p>Bang King 36000 Puffs Mesh Coil \u2013 Genie\u00dfen Sie ultimativen Genuss und ein unvergleichliches Dampferlebnis! Der Bang King 36000 Puffs Mesh Coil bietet ein v\u00f6llig&#8230;<\/p>","protected":false},"featured_media":5320,"template":"","meta":[],"etheme_brands":[],"product_brand":[101],"product_cat":[57,49,61],"product_tag":[],"class_list":{"0":"post-5316","1":"product","2":"type-product","3":"status-publish","4":"has-post-thumbnail","6":"product_brand-bang-king-vape","7":"product_cat-vape-36000-zuege","8":"product_cat-einweg-e-zigarette","9":"product_cat-f","11":"first","12":"instock","13":"shipping-taxable","14":"purchasable","15":"product-type-simple"},"yoast_head":"<!-- This site is optimized with the Yoast SEO plugin v26.5 - https:\/\/yoast.com\/wordpress\/plugins\/seo\/ -->\n<title>Einweg E-Zigarette Bang 36000 Puffs Mesh Coil Strawberry Mango Jetzt zum Gro\u00dfhandelspreis kaufen | vapingnet.de<\/title>\n<meta name=\"description\" content=\"Einweg E-Zigarette Bang 36000 Puffs Mesh Coil Strawberry Mango Jetzt zum Gro\u00dfhandelspreis kaufen \u25ba Viele Geschmacksrichtungen &amp; g\u00fcnstig bei vapingnet.de f\u00fcr E-Zigaretten-Liebhaber\" \/>\n<meta name=\"robots\" content=\"index, follow, max-snippet:-1, max-image-preview:large, max-video-preview:-1\" \/>\n<link rel=\"canonical\" href=\"https:\/\/vapingnet.de\/sk\/vape\/einweg-e-zigarette-bang-36000-puffs-mesh-coil-strawberry-mango-jetzt-zum-grosshandelspreis-kaufen\/\" \/>\n<meta property=\"og:locale\" content=\"sk_SK\" \/>\n<meta property=\"og:type\" content=\"article\" \/>\n<meta property=\"og:title\" content=\"Einweg E-Zigarette Bang 36000 Puffs Mesh Coil Strawberry Mango Jetzt zum Gro\u00dfhandelspreis kaufen | vapingnet.de\" \/>\n<meta property=\"og:description\" content=\"Einweg E-Zigarette Bang 36000 Puffs Mesh Coil Strawberry Mango Jetzt zum Gro\u00dfhandelspreis kaufen \u25ba Viele Geschmacksrichtungen &amp; g\u00fcnstig bei vapingnet.de f\u00fcr E-Zigaretten-Liebhaber\" \/>\n<meta property=\"og:url\" content=\"https:\/\/vapingnet.de\/sk\/vape\/einweg-e-zigarette-bang-36000-puffs-mesh-coil-strawberry-mango-jetzt-zum-grosshandelspreis-kaufen\/\" \/>\n<meta property=\"og:site_name\" content=\"Vapingnet.de\" \/>\n<meta property=\"article:publisher\" content=\"https:\/\/www.facebook.com\/vapingnetde\/\" \/>\n<meta property=\"article:modified_time\" content=\"2025-12-13T02:44:39+00:00\" \/>\n<meta property=\"og:image\" content=\"https:\/\/vapingnet.de\/wp-content\/uploads\/2025\/03\/Strawberry-Mango-1.png\" \/>\n\t<meta property=\"og:image:width\" content=\"900\" \/>\n\t<meta property=\"og:image:height\" content=\"600\" \/>\n\t<meta property=\"og:image:type\" content=\"image\/png\" \/>\n<meta name=\"twitter:card\" content=\"summary_large_image\" \/>\n<meta name=\"twitter:label1\" content=\"Est. reading time\" \/>\n\t<meta name=\"twitter:data1\" content=\"3 minutes\" \/>\n<script type=\"application\/ld+json\" class=\"yoast-schema-graph\">{\"@context\":\"https:\/\/schema.org\",\"@graph\":[{\"@type\":\"WebPage\",\"@id\":\"https:\/\/vapingnet.de\/vape\/einweg-e-zigarette-bang-36000-puffs-mesh-coil-strawberry-mango-jetzt-zum-grosshandelspreis-kaufen\/\",\"url\":\"https:\/\/vapingnet.de\/vape\/einweg-e-zigarette-bang-36000-puffs-mesh-coil-strawberry-mango-jetzt-zum-grosshandelspreis-kaufen\/\",\"name\":\"Einweg E-Zigarette Bang 36000 Puffs Mesh Coil Strawberry Mango Jetzt zum Gro\u00dfhandelspreis kaufen | vapingnet.de\",\"isPartOf\":{\"@id\":\"https:\/\/vapingnet.de\/#website\"},\"primaryImageOfPage\":{\"@id\":\"https:\/\/vapingnet.de\/vape\/einweg-e-zigarette-bang-36000-puffs-mesh-coil-strawberry-mango-jetzt-zum-grosshandelspreis-kaufen\/#primaryimage\"},\"image\":{\"@id\":\"https:\/\/vapingnet.de\/vape\/einweg-e-zigarette-bang-36000-puffs-mesh-coil-strawberry-mango-jetzt-zum-grosshandelspreis-kaufen\/#primaryimage\"},\"thumbnailUrl\":\"https:\/\/vapingnet.de\/wp-content\/uploads\/2025\/03\/Strawberry-Mango-1.png\",\"datePublished\":\"2025-12-12T07:27:57+00:00\",\"dateModified\":\"2025-12-13T02:44:39+00:00\",\"description\":\"Einweg E-Zigarette Bang 36000 Puffs Mesh Coil Strawberry Mango Jetzt zum Gro\u00dfhandelspreis kaufen \u25ba Viele Geschmacksrichtungen & g\u00fcnstig bei vapingnet.de f\u00fcr E-Zigaretten-Liebhaber\",\"breadcrumb\":{\"@id\":\"https:\/\/vapingnet.de\/vape\/einweg-e-zigarette-bang-36000-puffs-mesh-coil-strawberry-mango-jetzt-zum-grosshandelspreis-kaufen\/#breadcrumb\"},\"inLanguage\":\"sk-SK\",\"potentialAction\":[{\"@type\":\"ReadAction\",\"target\":[\"https:\/\/vapingnet.de\/vape\/einweg-e-zigarette-bang-36000-puffs-mesh-coil-strawberry-mango-jetzt-zum-grosshandelspreis-kaufen\/\"]}]},{\"@type\":\"ImageObject\",\"inLanguage\":\"sk-SK\",\"@id\":\"https:\/\/vapingnet.de\/vape\/einweg-e-zigarette-bang-36000-puffs-mesh-coil-strawberry-mango-jetzt-zum-grosshandelspreis-kaufen\/#primaryimage\",\"url\":\"https:\/\/vapingnet.de\/wp-content\/uploads\/2025\/03\/Strawberry-Mango-1.png\",\"contentUrl\":\"https:\/\/vapingnet.de\/wp-content\/uploads\/2025\/03\/Strawberry-Mango-1.png\",\"width\":900,\"height\":600,\"caption\":\"Strawberry Mango\"},{\"@type\":\"BreadcrumbList\",\"@id\":\"https:\/\/vapingnet.de\/vape\/einweg-e-zigarette-bang-36000-puffs-mesh-coil-strawberry-mango-jetzt-zum-grosshandelspreis-kaufen\/#breadcrumb\",\"itemListElement\":[{\"@type\":\"ListItem\",\"position\":1,\"name\":\"Home\",\"item\":\"https:\/\/vapingnet.de\/\"},{\"@type\":\"ListItem\",\"position\":2,\"name\":\"Shop\",\"item\":\"https:\/\/vapingnet.de\/vape\/\"},{\"@type\":\"ListItem\",\"position\":3,\"name\":\"Einweg E-Zigarette Bang 36000 Puffs Mesh Coil Strawberry Mango Jetzt zum Gro\u00dfhandelspreis kaufen\"}]},{\"@type\":\"WebSite\",\"@id\":\"https:\/\/vapingnet.de\/#website\",\"url\":\"https:\/\/vapingnet.de\/\",\"name\":\"Vapingnet.de\",\"description\":\"\",\"publisher\":{\"@id\":\"https:\/\/vapingnet.de\/#organization\"},\"potentialAction\":[{\"@type\":\"SearchAction\",\"target\":{\"@type\":\"EntryPoint\",\"urlTemplate\":\"https:\/\/vapingnet.de\/?s={search_term_string}\"},\"query-input\":{\"@type\":\"PropertyValueSpecification\",\"valueRequired\":true,\"valueName\":\"search_term_string\"}}],\"inLanguage\":\"sk-SK\"},{\"@type\":\"Organization\",\"@id\":\"https:\/\/vapingnet.de\/#organization\",\"name\":\"Vapingnet.de\",\"url\":\"https:\/\/vapingnet.de\/\",\"logo\":{\"@type\":\"ImageObject\",\"inLanguage\":\"sk-SK\",\"@id\":\"https:\/\/vapingnet.de\/#\/schema\/logo\/image\/\",\"url\":\"https:\/\/vapingnet.de\/wp-content\/uploads\/2025\/03\/cropped-vapingnet.de_.jpg\",\"contentUrl\":\"https:\/\/vapingnet.de\/wp-content\/uploads\/2025\/03\/cropped-vapingnet.de_.jpg\",\"width\":512,\"height\":512,\"caption\":\"Vapingnet.de\"},\"image\":{\"@id\":\"https:\/\/vapingnet.de\/#\/schema\/logo\/image\/\"},\"sameAs\":[\"https:\/\/www.facebook.com\/vapingnetde\/\"]}]}<\/script>\n<!-- \/ Yoast SEO plugin. -->","yoast_head_json":{"title":"Einweg E-Zigarette Bang 36000 Puffs Mesh Coil Strawberry Mango Jetzt zum Gro\u00dfhandelspreis kaufen | vapingnet.de","description":"Einweg E-Zigarette Bang 36000 Puffs Mesh Coil Strawberry Mango Jetzt zum Gro\u00dfhandelspreis kaufen \u25ba Viele Geschmacksrichtungen & g\u00fcnstig bei vapingnet.de f\u00fcr E-Zigaretten-Liebhaber","robots":{"index":"index","follow":"follow","max-snippet":"max-snippet:-1","max-image-preview":"max-image-preview:large","max-video-preview":"max-video-preview:-1"},"canonical":"https:\/\/vapingnet.de\/sk\/vape\/einweg-e-zigarette-bang-36000-puffs-mesh-coil-strawberry-mango-jetzt-zum-grosshandelspreis-kaufen\/","og_locale":"sk_SK","og_type":"article","og_title":"Einweg E-Zigarette Bang 36000 Puffs Mesh Coil Strawberry Mango Jetzt zum Gro\u00dfhandelspreis kaufen | vapingnet.de","og_description":"Einweg E-Zigarette Bang 36000 Puffs Mesh Coil Strawberry Mango Jetzt zum Gro\u00dfhandelspreis kaufen \u25ba Viele Geschmacksrichtungen & g\u00fcnstig bei vapingnet.de f\u00fcr E-Zigaretten-Liebhaber","og_url":"https:\/\/vapingnet.de\/sk\/vape\/einweg-e-zigarette-bang-36000-puffs-mesh-coil-strawberry-mango-jetzt-zum-grosshandelspreis-kaufen\/","og_site_name":"Vapingnet.de","article_publisher":"https:\/\/www.facebook.com\/vapingnetde\/","article_modified_time":"2025-12-13T02:44:39+00:00","og_image":[{"width":900,"height":600,"url":"https:\/\/vapingnet.de\/wp-content\/uploads\/2025\/03\/Strawberry-Mango-1.png","type":"image\/png"}],"twitter_card":"summary_large_image","twitter_misc":{"Est. reading time":"3 minutes"},"schema":{"@context":"https:\/\/schema.org","@graph":[{"@type":"WebPage","@id":"https:\/\/vapingnet.de\/vape\/einweg-e-zigarette-bang-36000-puffs-mesh-coil-strawberry-mango-jetzt-zum-grosshandelspreis-kaufen\/","url":"https:\/\/vapingnet.de\/vape\/einweg-e-zigarette-bang-36000-puffs-mesh-coil-strawberry-mango-jetzt-zum-grosshandelspreis-kaufen\/","name":"Einweg E-Zigarette Bang 36000 Puffs Mesh Coil Strawberry Mango Jetzt zum Gro\u00dfhandelspreis kaufen | vapingnet.de","isPartOf":{"@id":"https:\/\/vapingnet.de\/#website"},"primaryImageOfPage":{"@id":"https:\/\/vapingnet.de\/vape\/einweg-e-zigarette-bang-36000-puffs-mesh-coil-strawberry-mango-jetzt-zum-grosshandelspreis-kaufen\/#primaryimage"},"image":{"@id":"https:\/\/vapingnet.de\/vape\/einweg-e-zigarette-bang-36000-puffs-mesh-coil-strawberry-mango-jetzt-zum-grosshandelspreis-kaufen\/#primaryimage"},"thumbnailUrl":"https:\/\/vapingnet.de\/wp-content\/uploads\/2025\/03\/Strawberry-Mango-1.png","datePublished":"2025-12-12T07:27:57+00:00","dateModified":"2025-12-13T02:44:39+00:00","description":"Einweg E-Zigarette Bang 36000 Puffs Mesh Coil Strawberry Mango Jetzt zum Gro\u00dfhandelspreis kaufen \u25ba Viele Geschmacksrichtungen & g\u00fcnstig bei vapingnet.de f\u00fcr E-Zigaretten-Liebhaber","breadcrumb":{"@id":"https:\/\/vapingnet.de\/vape\/einweg-e-zigarette-bang-36000-puffs-mesh-coil-strawberry-mango-jetzt-zum-grosshandelspreis-kaufen\/#breadcrumb"},"inLanguage":"sk-SK","potentialAction":[{"@type":"ReadAction","target":["https:\/\/vapingnet.de\/vape\/einweg-e-zigarette-bang-36000-puffs-mesh-coil-strawberry-mango-jetzt-zum-grosshandelspreis-kaufen\/"]}]},{"@type":"ImageObject","inLanguage":"sk-SK","@id":"https:\/\/vapingnet.de\/vape\/einweg-e-zigarette-bang-36000-puffs-mesh-coil-strawberry-mango-jetzt-zum-grosshandelspreis-kaufen\/#primaryimage","url":"https:\/\/vapingnet.de\/wp-content\/uploads\/2025\/03\/Strawberry-Mango-1.png","contentUrl":"https:\/\/vapingnet.de\/wp-content\/uploads\/2025\/03\/Strawberry-Mango-1.png","width":900,"height":600,"caption":"Strawberry Mango"},{"@type":"BreadcrumbList","@id":"https:\/\/vapingnet.de\/vape\/einweg-e-zigarette-bang-36000-puffs-mesh-coil-strawberry-mango-jetzt-zum-grosshandelspreis-kaufen\/#breadcrumb","itemListElement":[{"@type":"ListItem","position":1,"name":"Home","item":"https:\/\/vapingnet.de\/"},{"@type":"ListItem","position":2,"name":"Shop","item":"https:\/\/vapingnet.de\/vape\/"},{"@type":"ListItem","position":3,"name":"Einweg E-Zigarette Bang 36000 Puffs Mesh Coil Strawberry Mango Jetzt zum Gro\u00dfhandelspreis kaufen"}]},{"@type":"WebSite","@id":"https:\/\/vapingnet.de\/#website","url":"https:\/\/vapingnet.de\/","name":"Vapingnet.de","description":"","publisher":{"@id":"https:\/\/vapingnet.de\/#organization"},"potentialAction":[{"@type":"SearchAction","target":{"@type":"EntryPoint","urlTemplate":"https:\/\/vapingnet.de\/?s={search_term_string}"},"query-input":{"@type":"PropertyValueSpecification","valueRequired":true,"valueName":"search_term_string"}}],"inLanguage":"sk-SK"},{"@type":"Organization","@id":"https:\/\/vapingnet.de\/#organization","name":"Vapingnet.de","url":"https:\/\/vapingnet.de\/","logo":{"@type":"ImageObject","inLanguage":"sk-SK","@id":"https:\/\/vapingnet.de\/#\/schema\/logo\/image\/","url":"https:\/\/vapingnet.de\/wp-content\/uploads\/2025\/03\/cropped-vapingnet.de_.jpg","contentUrl":"https:\/\/vapingnet.de\/wp-content\/uploads\/2025\/03\/cropped-vapingnet.de_.jpg","width":512,"height":512,"caption":"Vapingnet.de"},"image":{"@id":"https:\/\/vapingnet.de\/#\/schema\/logo\/image\/"},"sameAs":["https:\/\/www.facebook.com\/vapingnetde\/"]}]}},"tiered_pricing_type":"fixed","tiered_pricing_fixed_rules":{"8":"10.44","60":"9.40","110":"8.35","200":"7.31"},"tiered_pricing_product_settings":{"layout":"default","base_unit_name":{"singular":null,"plural":null},"default_variation":null},"tiered_pricing_minimum_quantity":null,"tiered_pricing_roles_data":[],"tiered_pricing_percentage_rules":[],"_links":{"self":[{"href":"https:\/\/vapingnet.de\/sk\/wp-json\/wp\/v2\/product\/5316","targetHints":{"allow":["GET"]}}],"collection":[{"href":"https:\/\/vapingnet.de\/sk\/wp-json\/wp\/v2\/product"}],"about":[{"href":"https:\/\/vapingnet.de\/sk\/wp-json\/wp\/v2\/types\/product"}],"version-history":[{"count":4,"href":"https:\/\/vapingnet.de\/sk\/wp-json\/wp\/v2\/product\/5316\/revisions"}],"predecessor-version":[{"id":5319,"href":"https:\/\/vapingnet.de\/sk\/wp-json\/wp\/v2\/product\/5316\/revisions\/5319"}],"wp:featuredmedia":[{"embeddable":true,"href":"https:\/\/vapingnet.de\/sk\/wp-json\/wp\/v2\/media\/5320"}],"wp:attachment":[{"href":"https:\/\/vapingnet.de\/sk\/wp-json\/wp\/v2\/media?parent=5316"}],"wp:term":[{"taxonomy":"brand","embeddable":true,"href":"https:\/\/vapingnet.de\/sk\/wp-json\/wp\/v2\/etheme_brands?post=5316"},{"taxonomy":"product_brand","embeddable":true,"href":"https:\/\/vapingnet.de\/sk\/wp-json\/wp\/v2\/product_brand?post=5316"},{"taxonomy":"product_cat","embeddable":true,"href":"https:\/\/vapingnet.de\/sk\/wp-json\/wp\/v2\/product_cat?post=5316"},{"taxonomy":"product_tag","embeddable":true,"href":"https:\/\/vapingnet.de\/sk\/wp-json\/wp\/v2\/product_tag?post=5316"}],"curies":[{"name":"wp","href":"https:\/\/api.w.org\/{rel}","templated":true}]}}