{"id":5361,"date":"2025-03-15T05:34:13","date_gmt":"2025-03-15T05:34:13","guid":{"rendered":"https:\/\/vapingnet.de\/?post_type=product&#038;p=5361"},"modified":"2025-06-19T03:41:16","modified_gmt":"2025-06-19T03:41:16","slug":"bang-king-45000-puffs-geniess-drei-leckere-geschmacksrichtungen-in-einem-geraet","status":"publish","type":"product","link":"https:\/\/vapingnet.de\/sk\/vape\/bang-king-45000-puffs-geniess-drei-leckere-geschmacksrichtungen-in-einem-geraet\/","title":{"rendered":"Bang King 45000 Puffs vychutnajte si tri chutn\u00e9 pr\u00edchute v jednom zariaden\u00ed"},"content":{"rendered":"<h2 data-start=\"0\" data-end=\"44\">Bang King 45000 Puffs Jednor\u00e1zov\u00e1 e-cigareta<\/h2>\n<p data-start=\"69\" data-end=\"612\">BANG KING 45000 Puffs Jednor\u00e1zov\u00e1 e-cigareta je v\u00fdkonn\u00fd a chu\u0165ovo v\u0161estrann\u00fd pr\u00edstroj, ktor\u00fd je vybaven\u00fd trojitou mesh cievkou, aby zabezpe\u010dil bohat\u00fd parn\u00fd z\u00e1\u017eitok a jemn\u00fd \u0165ah. S \u017eivotnos\u0165ou 45 000 \u0165ahov je tento pr\u00edstroj vhodn\u00fd na dlhodob\u00e9 pou\u017e\u00edvanie a sp\u013a\u0148a potreby nad\u0161encov e-cigariet, ktor\u00ed h\u013eadaj\u00fa vysokokvalitn\u00fd parn\u00fd z\u00e1\u017eitok. Pr\u00edstroj podporuje nab\u00edjanie Type-C a vy\u017eaduje len 2 hodiny na \u00fapln\u00e9 nabitie \u2013 r\u00fdchle a praktick\u00e9.<\/p>\n<h4 data-start=\"614\" data-end=\"641\">\u0160pecifik\u00e1cie produktu:<\/h4>\n<div class=\"overflow-x-auto contain-inline-size\">\n<table style=\"height: 431px;\" width=\"1560\" data-start=\"643\" data-end=\"1332\">\n<thead data-start=\"643\" data-end=\"711\">\n<tr data-start=\"643\" data-end=\"711\">\n<th data-start=\"643\" data-end=\"666\">Artikel<\/th>\n<th data-start=\"666\" data-end=\"711\">Detaily<\/th>\n<\/tr>\n<\/thead>\n<tbody data-start=\"780\" data-end=\"1332\">\n<tr data-start=\"780\" data-end=\"848\">\n<td>\u0164ahy na zariadenie<\/td>\n<td>45 000 \u0165ahov<\/td>\n<\/tr>\n<tr data-start=\"849\" data-end=\"918\">\n<td>Kapacita e-liquidu<\/td>\n<td>15ml + 15ml + 15ml<\/td>\n<\/tr>\n<tr data-start=\"919\" data-end=\"987\">\n<td>Jadrov\u00e1 technol\u00f3gia<\/td>\n<td>1.0 Ohm Mesh cievka<\/td>\n<\/tr>\n<tr data-start=\"988\" data-end=\"1056\">\n<td>Obsah nikot\u00ednu<\/td>\n<td>0%, 2%, 3%, 5%<\/td>\n<\/tr>\n<tr data-start=\"1057\" data-end=\"1125\">\n<td>Kapacita bat\u00e9rie<\/td>\n<td>650mAh<\/td>\n<\/tr>\n<tr data-start=\"1126\" data-end=\"1194\">\n<td>Pripojenie na nab\u00edjanie<\/td>\n<td>Type C<\/td>\n<\/tr>\n<tr data-start=\"1195\" data-end=\"1263\">\n<td>Rozmanitos\u0165 pr\u00edchut\u00ed<\/td>\n<td>12 pr\u00edchut\u00ed<\/td>\n<\/tr>\n<tr data-start=\"1264\" data-end=\"1332\">\n<td>Inform\u00e1cie o balen\u00ed<\/td>\n<td>10 kusov \/ box; 20 boxov \/ kart\u00f3n<\/td>\n<\/tr>\n<\/tbody>\n<\/table>\n<\/div>\n<h4 data-start=\"1334\" data-end=\"1349\">Funkcie:<\/h4>\n<ul data-start=\"1351\" data-end=\"1797\">\n<li data-start=\"1351\" data-end=\"1481\">Trojit\u00e1 Mesh cievka: Jedine\u010dn\u00fd trojit\u00fd dizajn mesh cievky zabezpe\u010duje lep\u0161iu tvorbu pary a intenz\u00edvnu chu\u0165.<\/li>\n<li data-start=\"1482\" data-end=\"1618\">R\u00f4zne ovocn\u00e9 pr\u00edchute: \u0160irok\u00fd v\u00fdber ovocn\u00fdch pr\u00edchut\u00ed poskytuje intenz\u00edvny chu\u0165ov\u00fd z\u00e1\u017eitok.<\/li>\n<li data-start=\"1619\" data-end=\"1721\">Type C nab\u00edjanie: Podporuje r\u00fdchle nab\u00edjanie, len 2 hodiny na nabitie, pre pohodln\u00e9 pou\u017e\u00edvanie.<\/li>\n<li data-start=\"1722\" data-end=\"1797\">Jednor\u00e1zov\u00e1 e-cigareta: S 45 000 \u0165ahmi na dlhodob\u00e9 pou\u017e\u00edvanie.<\/li>\n<\/ul>\n<h4 data-start=\"1799\" data-end=\"1822\">Mo\u017enosti chuti:<\/h4>\n<ol data-start=\"1824\" data-end=\"2397\">\n<li data-start=\"1824\" data-end=\"1865\">Watermelon a Red Bull a Strawberry Kiwi<\/li>\n<li data-start=\"1866\" data-end=\"1922\">Lemon Lime a Strawberry Watermelon a Blueberry Ice<\/li>\n<li data-start=\"1923\" data-end=\"1981\">Jahodovo-ban\u00e1nov\u00e1 a mal\u00ednovo vodn\u00e1 mel\u00f3n a citr\u00f3n-limetka<\/li>\n<li data-start=\"1982\" data-end=\"2034\">Jahodovo-kiwi a kysl\u00e9 manga anan\u00e1s a Red Bull<\/li>\n<li data-start=\"2035\" data-end=\"2098\">Tropical Fruit a Strawberry Watermelon a Lemon Peach<\/li>\n<li data-start=\"2099\" data-end=\"2148\">Anan\u00e1s Kokos a Jahoda Ban\u00e1n a Blue Razz<\/li>\n<li data-start=\"2149\" data-end=\"2224\">Jahodovo-malinov\u00e1 a trojica mel\u00f3n a kysl\u00e1 manga anan\u00e1s<\/li>\n<li data-start=\"2225\" data-end=\"2280\">Malina Watermelon a Mango Peach a Jahodovo-Kivi<\/li>\n<li data-start=\"2281\" data-end=\"2342\">Strawberry Vanilla Coke, Blueberry Raspberry a Lemonlime<\/li>\n<li data-start=\"2343\" data-end=\"2397\">Mel\u00f3n a jahodov\u00e1 zmrzlina a Triplemelon<\/li>\n<\/ol>\n<h4 data-start=\"2399\" data-end=\"2419\">V\u00fdhody produktu:<\/h4>\n<ul data-start=\"2421\" data-end=\"2642\">\n<li data-start=\"2421\" data-end=\"2499\">\u017diadne clo: Pri n\u00e1kupe sa ne\u00fa\u010dtuj\u00fa \u017eiadne dodato\u010dn\u00e9 clo<\/li>\n<li data-start=\"2500\" data-end=\"2642\">R\u00fdchle doru\u010denie: Doru\u010denie do 7-15 pracovn\u00fdch dn\u00ed, aby ste mohli r\u00fdchlo vychutna\u0165 vysokokvalitn\u00fd parn\u00fd z\u00e1\u017eitok.<\/li>\n<\/ul>\n<h3 data-start=\"2644\" data-end=\"3079\">K\u00fapte teraz na vapingnet.de:<\/h3>\n<p data-start=\"2644\" data-end=\"3079\" data-is-only-node=\"\" data-is-last-node=\"\">BANG KING 45000 Puffs Jednor\u00e1zov\u00e1 e-cigareta pon\u00faka nielen \u0161irok\u00fd v\u00fdber chut\u00ed, ale aj vynikaj\u00faci v\u00fdkon. V\u010faka r\u00fdchlemu nab\u00edjaniu a dlhej dobe pou\u017e\u00edvania je ide\u00e1lnou vo\u013ebou pre nad\u0161encov, ktor\u00ed ocenia komfort a kvalitu. Nav\u0161t\u00edvte teraz vapingnet.de a vyu\u017eite v\u00fdhody bezcoln\u00e9ho doru\u010denia a r\u00fdchleho odoslania.<\/p>","protected":false},"excerpt":{"rendered":"<p>\u2705 Extr\u00e9mne ve\u013ea cigariet \u2013 A\u017e 45 000 cigariet, pre extra dlh\u00e9 pote\u0161enie z parenia!<br \/>\n\u2705 \u017diadne coln\u00e9 poplatky &amp; bezplatn\u00e1 doprava \u2013 Jednoducho objednajte, bez \u010fal\u0161\u00edch n\u00e1kladov!<br \/>\n\u2705 Tri chute v jednom \u2013 Prepnite pod\u013ea \u017eelania, trojn\u00e1sobn\u00fd p\u00f4\u017eitok!<\/p>","protected":false},"featured_media":5398,"template":"","meta":[],"etheme_brands":[],"product_brand":[101],"product_cat":[66,49,61,87],"product_tag":[],"class_list":{"0":"post-5361","1":"product","2":"type-product","3":"status-publish","4":"has-post-thumbnail","6":"product_brand-bang-king-vape","7":"product_cat-45k-vape","8":"product_cat-einweg-e-zigarette","9":"product_cat-f","10":"product_cat-v","12":"first","13":"instock","14":"shipping-taxable","15":"purchasable","16":"product-type-variable"},"yoast_head":"<!-- This site is optimized with the Yoast SEO plugin v26.5 - https:\/\/yoast.com\/wordpress\/plugins\/seo\/ -->\n<title>Bang King 45000 Puffs Genie\u00df drei leckere Geschmacksrichtungen in einem Ger\u00e4t | vapingnet.de<\/title>\n<meta name=\"description\" content=\"Bang King 45000 Puffs Genie\u00df drei leckere Geschmacksrichtungen in einem Ger\u00e4t \u25ba Viele Geschmacksrichtungen &amp; g\u00fcnstig bei vapingnet.de f\u00fcr E-Zigaretten-Liebhaber\" \/>\n<meta name=\"robots\" content=\"index, follow, max-snippet:-1, max-image-preview:large, max-video-preview:-1\" \/>\n<link rel=\"canonical\" href=\"https:\/\/vapingnet.de\/sk\/vape\/bang-king-45000-puffs-geniess-drei-leckere-geschmacksrichtungen-in-einem-geraet\/\" \/>\n<meta property=\"og:locale\" content=\"sk_SK\" \/>\n<meta property=\"og:type\" content=\"article\" \/>\n<meta property=\"og:title\" content=\"Bang King 45000 Puffs Genie\u00df drei leckere Geschmacksrichtungen in einem Ger\u00e4t | vapingnet.de\" \/>\n<meta property=\"og:description\" content=\"Bang King 45000 Puffs Genie\u00df drei leckere Geschmacksrichtungen in einem Ger\u00e4t \u25ba Viele Geschmacksrichtungen &amp; g\u00fcnstig bei vapingnet.de f\u00fcr E-Zigaretten-Liebhaber\" \/>\n<meta property=\"og:url\" content=\"https:\/\/vapingnet.de\/sk\/vape\/bang-king-45000-puffs-geniess-drei-leckere-geschmacksrichtungen-in-einem-geraet\/\" \/>\n<meta property=\"og:site_name\" content=\"Vapingnet.de\" \/>\n<meta property=\"article:publisher\" content=\"https:\/\/www.facebook.com\/vapingnetde\/\" \/>\n<meta property=\"article:modified_time\" content=\"2025-06-19T03:41:16+00:00\" \/>\n<meta property=\"og:image\" content=\"https:\/\/vapingnet.de\/wp-content\/uploads\/2025\/03\/Bang-King-45000-Puffs.png\" \/>\n\t<meta property=\"og:image:width\" content=\"1000\" \/>\n\t<meta property=\"og:image:height\" content=\"1000\" \/>\n\t<meta property=\"og:image:type\" content=\"image\/png\" \/>\n<meta name=\"twitter:card\" content=\"summary_large_image\" \/>\n<meta name=\"twitter:label1\" content=\"Est. reading time\" \/>\n\t<meta name=\"twitter:data1\" content=\"3 minutes\" \/>\n<script type=\"application\/ld+json\" class=\"yoast-schema-graph\">{\"@context\":\"https:\/\/schema.org\",\"@graph\":[{\"@type\":\"WebPage\",\"@id\":\"https:\/\/vapingnet.de\/vape\/bang-king-45000-puffs-geniess-drei-leckere-geschmacksrichtungen-in-einem-geraet\/\",\"url\":\"https:\/\/vapingnet.de\/vape\/bang-king-45000-puffs-geniess-drei-leckere-geschmacksrichtungen-in-einem-geraet\/\",\"name\":\"Bang King 45000 Puffs Genie\u00df drei leckere Geschmacksrichtungen in einem Ger\u00e4t | vapingnet.de\",\"isPartOf\":{\"@id\":\"https:\/\/vapingnet.de\/#website\"},\"primaryImageOfPage\":{\"@id\":\"https:\/\/vapingnet.de\/vape\/bang-king-45000-puffs-geniess-drei-leckere-geschmacksrichtungen-in-einem-geraet\/#primaryimage\"},\"image\":{\"@id\":\"https:\/\/vapingnet.de\/vape\/bang-king-45000-puffs-geniess-drei-leckere-geschmacksrichtungen-in-einem-geraet\/#primaryimage\"},\"thumbnailUrl\":\"https:\/\/vapingnet.de\/wp-content\/uploads\/2025\/03\/Bang-King-45000-Puffs.png\",\"datePublished\":\"2025-03-15T05:34:13+00:00\",\"dateModified\":\"2025-06-19T03:41:16+00:00\",\"description\":\"Bang King 45000 Puffs Genie\u00df drei leckere Geschmacksrichtungen in einem Ger\u00e4t \u25ba Viele Geschmacksrichtungen & g\u00fcnstig bei vapingnet.de f\u00fcr E-Zigaretten-Liebhaber\",\"breadcrumb\":{\"@id\":\"https:\/\/vapingnet.de\/vape\/bang-king-45000-puffs-geniess-drei-leckere-geschmacksrichtungen-in-einem-geraet\/#breadcrumb\"},\"inLanguage\":\"sk-SK\",\"potentialAction\":[{\"@type\":\"ReadAction\",\"target\":[\"https:\/\/vapingnet.de\/vape\/bang-king-45000-puffs-geniess-drei-leckere-geschmacksrichtungen-in-einem-geraet\/\"]}]},{\"@type\":\"ImageObject\",\"inLanguage\":\"sk-SK\",\"@id\":\"https:\/\/vapingnet.de\/vape\/bang-king-45000-puffs-geniess-drei-leckere-geschmacksrichtungen-in-einem-geraet\/#primaryimage\",\"url\":\"https:\/\/vapingnet.de\/wp-content\/uploads\/2025\/03\/Bang-King-45000-Puffs.png\",\"contentUrl\":\"https:\/\/vapingnet.de\/wp-content\/uploads\/2025\/03\/Bang-King-45000-Puffs.png\",\"width\":1000,\"height\":1000,\"caption\":\"Bang-King-45000-Puffs\"},{\"@type\":\"BreadcrumbList\",\"@id\":\"https:\/\/vapingnet.de\/vape\/bang-king-45000-puffs-geniess-drei-leckere-geschmacksrichtungen-in-einem-geraet\/#breadcrumb\",\"itemListElement\":[{\"@type\":\"ListItem\",\"position\":1,\"name\":\"Home\",\"item\":\"https:\/\/vapingnet.de\/\"},{\"@type\":\"ListItem\",\"position\":2,\"name\":\"Shop\",\"item\":\"https:\/\/vapingnet.de\/vape\/\"},{\"@type\":\"ListItem\",\"position\":3,\"name\":\"Bang King 45000 Puffs Genie\u00df drei leckere Geschmacksrichtungen in einem Ger\u00e4t\"}]},{\"@type\":\"WebSite\",\"@id\":\"https:\/\/vapingnet.de\/#website\",\"url\":\"https:\/\/vapingnet.de\/\",\"name\":\"Vapingnet.de\",\"description\":\"\",\"publisher\":{\"@id\":\"https:\/\/vapingnet.de\/#organization\"},\"potentialAction\":[{\"@type\":\"SearchAction\",\"target\":{\"@type\":\"EntryPoint\",\"urlTemplate\":\"https:\/\/vapingnet.de\/?s={search_term_string}\"},\"query-input\":{\"@type\":\"PropertyValueSpecification\",\"valueRequired\":true,\"valueName\":\"search_term_string\"}}],\"inLanguage\":\"sk-SK\"},{\"@type\":\"Organization\",\"@id\":\"https:\/\/vapingnet.de\/#organization\",\"name\":\"Vapingnet.de\",\"url\":\"https:\/\/vapingnet.de\/\",\"logo\":{\"@type\":\"ImageObject\",\"inLanguage\":\"sk-SK\",\"@id\":\"https:\/\/vapingnet.de\/#\/schema\/logo\/image\/\",\"url\":\"https:\/\/vapingnet.de\/wp-content\/uploads\/2025\/03\/cropped-vapingnet.de_.jpg\",\"contentUrl\":\"https:\/\/vapingnet.de\/wp-content\/uploads\/2025\/03\/cropped-vapingnet.de_.jpg\",\"width\":512,\"height\":512,\"caption\":\"Vapingnet.de\"},\"image\":{\"@id\":\"https:\/\/vapingnet.de\/#\/schema\/logo\/image\/\"},\"sameAs\":[\"https:\/\/www.facebook.com\/vapingnetde\/\"]}]}<\/script>\n<!-- \/ Yoast SEO plugin. -->","yoast_head_json":{"title":"Bang King 45000 Puffs Genie\u00df drei leckere Geschmacksrichtungen in einem Ger\u00e4t | vapingnet.de","description":"Bang King 45000 Puffs Genie\u00df drei leckere Geschmacksrichtungen in einem Ger\u00e4t \u25ba Viele Geschmacksrichtungen & g\u00fcnstig bei vapingnet.de f\u00fcr E-Zigaretten-Liebhaber","robots":{"index":"index","follow":"follow","max-snippet":"max-snippet:-1","max-image-preview":"max-image-preview:large","max-video-preview":"max-video-preview:-1"},"canonical":"https:\/\/vapingnet.de\/sk\/vape\/bang-king-45000-puffs-geniess-drei-leckere-geschmacksrichtungen-in-einem-geraet\/","og_locale":"sk_SK","og_type":"article","og_title":"Bang King 45000 Puffs Genie\u00df drei leckere Geschmacksrichtungen in einem Ger\u00e4t | vapingnet.de","og_description":"Bang King 45000 Puffs Genie\u00df drei leckere Geschmacksrichtungen in einem Ger\u00e4t \u25ba Viele Geschmacksrichtungen & g\u00fcnstig bei vapingnet.de f\u00fcr E-Zigaretten-Liebhaber","og_url":"https:\/\/vapingnet.de\/sk\/vape\/bang-king-45000-puffs-geniess-drei-leckere-geschmacksrichtungen-in-einem-geraet\/","og_site_name":"Vapingnet.de","article_publisher":"https:\/\/www.facebook.com\/vapingnetde\/","article_modified_time":"2025-06-19T03:41:16+00:00","og_image":[{"width":1000,"height":1000,"url":"https:\/\/vapingnet.de\/wp-content\/uploads\/2025\/03\/Bang-King-45000-Puffs.png","type":"image\/png"}],"twitter_card":"summary_large_image","twitter_misc":{"Est. reading time":"3 minutes"},"schema":{"@context":"https:\/\/schema.org","@graph":[{"@type":"WebPage","@id":"https:\/\/vapingnet.de\/vape\/bang-king-45000-puffs-geniess-drei-leckere-geschmacksrichtungen-in-einem-geraet\/","url":"https:\/\/vapingnet.de\/vape\/bang-king-45000-puffs-geniess-drei-leckere-geschmacksrichtungen-in-einem-geraet\/","name":"Bang King 45000 Puffs Genie\u00df drei leckere Geschmacksrichtungen in einem Ger\u00e4t | vapingnet.de","isPartOf":{"@id":"https:\/\/vapingnet.de\/#website"},"primaryImageOfPage":{"@id":"https:\/\/vapingnet.de\/vape\/bang-king-45000-puffs-geniess-drei-leckere-geschmacksrichtungen-in-einem-geraet\/#primaryimage"},"image":{"@id":"https:\/\/vapingnet.de\/vape\/bang-king-45000-puffs-geniess-drei-leckere-geschmacksrichtungen-in-einem-geraet\/#primaryimage"},"thumbnailUrl":"https:\/\/vapingnet.de\/wp-content\/uploads\/2025\/03\/Bang-King-45000-Puffs.png","datePublished":"2025-03-15T05:34:13+00:00","dateModified":"2025-06-19T03:41:16+00:00","description":"Bang King 45000 Puffs Genie\u00df drei leckere Geschmacksrichtungen in einem Ger\u00e4t \u25ba Viele Geschmacksrichtungen & g\u00fcnstig bei vapingnet.de f\u00fcr E-Zigaretten-Liebhaber","breadcrumb":{"@id":"https:\/\/vapingnet.de\/vape\/bang-king-45000-puffs-geniess-drei-leckere-geschmacksrichtungen-in-einem-geraet\/#breadcrumb"},"inLanguage":"sk-SK","potentialAction":[{"@type":"ReadAction","target":["https:\/\/vapingnet.de\/vape\/bang-king-45000-puffs-geniess-drei-leckere-geschmacksrichtungen-in-einem-geraet\/"]}]},{"@type":"ImageObject","inLanguage":"sk-SK","@id":"https:\/\/vapingnet.de\/vape\/bang-king-45000-puffs-geniess-drei-leckere-geschmacksrichtungen-in-einem-geraet\/#primaryimage","url":"https:\/\/vapingnet.de\/wp-content\/uploads\/2025\/03\/Bang-King-45000-Puffs.png","contentUrl":"https:\/\/vapingnet.de\/wp-content\/uploads\/2025\/03\/Bang-King-45000-Puffs.png","width":1000,"height":1000,"caption":"Bang-King-45000-Puffs"},{"@type":"BreadcrumbList","@id":"https:\/\/vapingnet.de\/vape\/bang-king-45000-puffs-geniess-drei-leckere-geschmacksrichtungen-in-einem-geraet\/#breadcrumb","itemListElement":[{"@type":"ListItem","position":1,"name":"Home","item":"https:\/\/vapingnet.de\/"},{"@type":"ListItem","position":2,"name":"Shop","item":"https:\/\/vapingnet.de\/vape\/"},{"@type":"ListItem","position":3,"name":"Bang King 45000 Puffs Genie\u00df drei leckere Geschmacksrichtungen in einem Ger\u00e4t"}]},{"@type":"WebSite","@id":"https:\/\/vapingnet.de\/#website","url":"https:\/\/vapingnet.de\/","name":"Vapingnet.de","description":"","publisher":{"@id":"https:\/\/vapingnet.de\/#organization"},"potentialAction":[{"@type":"SearchAction","target":{"@type":"EntryPoint","urlTemplate":"https:\/\/vapingnet.de\/?s={search_term_string}"},"query-input":{"@type":"PropertyValueSpecification","valueRequired":true,"valueName":"search_term_string"}}],"inLanguage":"sk-SK"},{"@type":"Organization","@id":"https:\/\/vapingnet.de\/#organization","name":"Vapingnet.de","url":"https:\/\/vapingnet.de\/","logo":{"@type":"ImageObject","inLanguage":"sk-SK","@id":"https:\/\/vapingnet.de\/#\/schema\/logo\/image\/","url":"https:\/\/vapingnet.de\/wp-content\/uploads\/2025\/03\/cropped-vapingnet.de_.jpg","contentUrl":"https:\/\/vapingnet.de\/wp-content\/uploads\/2025\/03\/cropped-vapingnet.de_.jpg","width":512,"height":512,"caption":"Vapingnet.de"},"image":{"@id":"https:\/\/vapingnet.de\/#\/schema\/logo\/image\/"},"sameAs":["https:\/\/www.facebook.com\/vapingnetde\/"]}]}},"tiered_pricing_type":"fixed","tiered_pricing_fixed_rules":[],"tiered_pricing_product_settings":{"layout":"default","base_unit_name":{"singular":null,"plural":null},"default_variation":null},"tiered_pricing_minimum_quantity":null,"tiered_pricing_roles_data":[],"tiered_pricing_percentage_rules":[],"_links":{"self":[{"href":"https:\/\/vapingnet.de\/sk\/wp-json\/wp\/v2\/product\/5361","targetHints":{"allow":["GET"]}}],"collection":[{"href":"https:\/\/vapingnet.de\/sk\/wp-json\/wp\/v2\/product"}],"about":[{"href":"https:\/\/vapingnet.de\/sk\/wp-json\/wp\/v2\/types\/product"}],"version-history":[{"count":4,"href":"https:\/\/vapingnet.de\/sk\/wp-json\/wp\/v2\/product\/5361\/revisions"}],"predecessor-version":[{"id":5970,"href":"https:\/\/vapingnet.de\/sk\/wp-json\/wp\/v2\/product\/5361\/revisions\/5970"}],"wp:featuredmedia":[{"embeddable":true,"href":"https:\/\/vapingnet.de\/sk\/wp-json\/wp\/v2\/media\/5398"}],"wp:attachment":[{"href":"https:\/\/vapingnet.de\/sk\/wp-json\/wp\/v2\/media?parent=5361"}],"wp:term":[{"taxonomy":"brand","embeddable":true,"href":"https:\/\/vapingnet.de\/sk\/wp-json\/wp\/v2\/etheme_brands?post=5361"},{"taxonomy":"product_brand","embeddable":true,"href":"https:\/\/vapingnet.de\/sk\/wp-json\/wp\/v2\/product_brand?post=5361"},{"taxonomy":"product_cat","embeddable":true,"href":"https:\/\/vapingnet.de\/sk\/wp-json\/wp\/v2\/product_cat?post=5361"},{"taxonomy":"product_tag","embeddable":true,"href":"https:\/\/vapingnet.de\/sk\/wp-json\/wp\/v2\/product_tag?post=5361"}],"curies":[{"name":"wp","href":"https:\/\/api.w.org\/{rel}","templated":true}]}}