{"id":5447,"date":"2025-12-12T08:14:35","date_gmt":"2025-12-12T08:14:35","guid":{"rendered":"https:\/\/vapingnet.de\/?post_type=product&#038;p=5447"},"modified":"2025-12-13T02:46:05","modified_gmt":"2025-12-13T02:46:05","slug":"exklusiv-guenstig-bang-20000puff-mint-direkt-vom-hersteller","status":"publish","type":"product","link":"https:\/\/vapingnet.de\/sk\/vape\/exklusiv-guenstig-bang-20000puff-mint-direkt-vom-hersteller\/","title":{"rendered":"Exkluz\u00edvne a v\u00fdhodne Bang 20000Puff Mint priamo od v\u00fdrobcu"},"content":{"rendered":"<h2 data-start=\"0\" data-end=\"74\">Bang 20000Puff Dual Mesh E-Cigareta \u2013 Nov\u00fd z\u00e1\u017eitok z vapovania pre v\u00e1s<\/h2>\n<p data-start=\"76\" data-end=\"486\">Bang 20000Puff Dual Mesh E-Cigareta vyu\u017e\u00edva pokro\u010dil\u00fa technol\u00f3giu Dual-Mesh vykurovania, ktor\u00e1 poskytuje jemn\u00fd a dlhodob\u00fd z\u00e1\u017eitok z vapovania. Ka\u017ed\u00fd \u0165ah je pln\u00fd intenz\u00edvnych oblakov a vynikaj\u00facej chuti, aby splnila v\u0161etky va\u0161e potreby v oblasti e-cigariet. \u010ci ste za\u010diato\u010dn\u00edk alebo sk\u00fasen\u00fd vapova\u010d, t\u00e1to e-cigareta v\u00e1m pon\u00faka dokonal\u00fd z\u00e1\u017eitok.<\/p>\n<h4 data-start=\"488\" data-end=\"506\">Hlavn\u00e9 vlastnosti:<\/h4>\n<ul data-start=\"508\" data-end=\"2106\">\n<li data-start=\"508\" data-end=\"850\">\n<p data-start=\"510\" data-end=\"850\">Extr\u00e9mne dlh\u00e1 \u017eivotnos\u0165:<br data-start=\"539\" data-end=\"542\" \/>S ve\u013ek\u00fdm objemom 28 ml e-liquidu pon\u00faka Bang 20000Puff Dual Mesh E-Cigareta a\u017e <a href=\"https:\/\/vapingnet.de\/sk\/k\/vape-20000-zuege\/\" target=\"_blank\" rel=\"noopener\"><strong>20 000 \u0165ahov<\/strong><\/a>. Tak\u017ee sa nemus\u00edte neust\u00e1le stara\u0165 o dop\u013a\u0148anie. Ka\u017ed\u00fd \u0165ah prin\u00e1\u0161a osvie\u017euj\u00facu m\u00e4tov\u00fa chu\u0165 a zost\u00e1va dlhotrvaj\u00faci, ide\u00e1lny na dlhodob\u00e9 pou\u017e\u00edvanie.<\/p>\n<\/li>\n<li data-start=\"852\" data-end=\"1174\">\n<p data-start=\"854\" data-end=\"1174\">Dual-Mesh technol\u00f3gia ohrevu:<br data-start=\"884\" data-end=\"887\" \/>S dvojitou mesh cievkou s odporom 1,1 Ohm zabezpe\u010duje t\u00e1to e-cigareta vysok\u00fa \u00fa\u010dinnos\u0165 ohrevu, pri\u010dom para je jemn\u00e1 a pln\u00e1 chuti. Chu\u0165 je intenz\u00edvnej\u0161ia a pr\u00edjemnej\u0161ia. \u010ci u\u017e preferujete siln\u00fa alebo jemn\u00fa chu\u0165, Bang e-cigareta spln\u00ed va\u0161e po\u017eiadavky.<\/p>\n<\/li>\n<li data-start=\"1176\" data-end=\"1432\">\n<p data-start=\"1178\" data-end=\"1432\">Efekt\u00edvna bat\u00e9ria a pohodln\u00e9 mo\u017enosti nab\u00edjania:<br data-start=\"1222\" data-end=\"1225\" \/>S bat\u00e9riou 650 mAh a r\u00fdchlym USB-C nab\u00edjac\u00edm portom m\u00f4\u017eete e-cigaretu r\u00fdchlo nabi\u0165 a zabezpe\u010di\u0165, aby mala v\u017edy dostatok energie na to, aby v\u00e1m poskytla pln\u00fd p\u00f4\u017eitok kedyko\u013evek.<\/p>\n<\/li>\n<li data-start=\"1434\" data-end=\"1720\">\n<p data-start=\"1436\" data-end=\"1720\">R\u00f4zne koncentr\u00e1cie nikot\u00ednov\u00fdch sol\u00ed:<br data-start=\"1481\" data-end=\"1484\" \/>M\u00e1te na v\u00fdber medzi koncentr\u00e1ciami nikot\u00ednov\u00e9ho soli 0%, 2%, 3% a 5%, v z\u00e1vislosti od va\u0161ich preferenci\u00ed. \u010ci chcete zn\u00ed\u017ei\u0165 obsah nikot\u00ednu alebo preferujete silnej\u0161iu chu\u0165 tabaku, <a href=\"https:\/\/vapingnet.de\/fr\/Brands\/bang-king-vape\/\" target=\"_blank\" rel=\"noopener\"><strong>Bang e-cigareta<\/strong><\/a> v\u00e1m pon\u00faka vhodn\u00fa mo\u017enos\u0165.<\/p>\n<\/li>\n<li data-start=\"1722\" data-end=\"2106\">\n<p data-start=\"1724\" data-end=\"2106\">Modern\u00fd dizajn s LED displejom:<br data-start=\"1760\" data-end=\"1763\" \/>T\u00e1to e-cigareta je vybaven\u00e1 LED displejom, ktor\u00fd zobrazuje stav bat\u00e9rie v re\u00e1lnom \u010dase. Tak m\u00e1te v\u017edy preh\u013ead o stave nabitia a vyhnete sa nepr\u00edjemn\u00fdm situ\u00e1ci\u00e1m s vybitou bat\u00e9riou. Elegantn\u00fd, modern\u00fd dizajn a n\u00edzka hmotnos\u0165 len 90 g robia e-cigaretu ve\u013emi pohodlnou a ide\u00e1lnou na cestovanie.<\/p>\n<\/li>\n<\/ul>\n<h4 data-start=\"2108\" data-end=\"2128\">V\u00fdhody produktu:<\/h4>\n<ul data-start=\"2130\" data-end=\"2542\">\n<li data-start=\"2130\" data-end=\"2341\">\n<p data-start=\"2132\" data-end=\"2341\">Colne:<br data-start=\"2145\" data-end=\"2148\" \/>Ak si k\u00fapite Bang 20000Puff Dual Mesh E-Cigaretu na na\u0161ej webovej str\u00e1nke, nemus\u00edte sa ob\u00e1va\u0165 dodato\u010dn\u00fdch coln\u00fdch poplatkov. V\u00e1\u0161 n\u00e1kup bude e\u0161te pohodlnej\u0161\u00ed a lacnej\u0161\u00ed.<\/p>\n<\/li>\n<li data-start=\"2343\" data-end=\"2542\">\n<p data-start=\"2345\" data-end=\"2542\">R\u00fdchle doru\u010denie:<br data-start=\"2367\" data-end=\"2370\" \/>Pon\u00fakame v\u00e1m r\u00fdchle leteck\u00e9 doru\u010denie do 7-15 pracovn\u00fdch dn\u00ed, aby ste svoju e-cigaretu dostali r\u00fdchlo a mohli si vychutna\u0165 bezprobl\u00e9mov\u00fd n\u00e1kupn\u00fd z\u00e1\u017eitok.<\/p>\n<\/li>\n<\/ul>\n<h3 data-start=\"2544\" data-end=\"2899\">Perfektn\u00e1 m\u00e4tov\u00e1 chu\u0165 a dlh\u00e9 vapovanie<\/h3>\n<p data-start=\"2544\" data-end=\"2899\">Bang 20000Puff Dual Mesh E-Cigareta v\u00e1m pon\u00faka jedine\u010dn\u00fd z\u00e1\u017eitok z vapovania s jej v\u00fdnimo\u010dnou m\u00e4tovou chu\u0165ou a mimoriadne dlhou \u017eivotnos\u0165ou. \u010ci u\u017e po\u010das ru\u0161nej pracovnej prest\u00e1vky alebo pri relaxe, Bang e-cigareta zabezpe\u010duje osvie\u017euj\u00faci p\u00f4\u017eitok.<\/p>\n<p data-start=\"2901\" data-end=\"3056\" data-is-last-node=\"\" data-is-only-node=\"\">Nav\u0161t\u00edvte teraz <a href=\"https:\/\/vapingnet.de\/sk\/\" target=\"_blank\" rel=\"noopener\" data-start=\"2920\" data-end=\"2955\">vapingnet.de<\/a> a z\u00edskajte Bang 20000Puff Dual Mesh E-Cigaretu a za\u010dnite svoj nov\u00fd z\u00e1\u017eitok z vapovania!<\/p>","protected":false},"excerpt":{"rendered":"<p>Bang 20000Puff Dual Mesh Elektronick\u00e1 cigareta \u2013 Nov\u00fd z\u00e1\u017eitok pre v\u00e1s Bang 20000Puff Dual Mesh Elektronick\u00e1 cigareta vyu\u017e\u00edva pokro\u010dil\u00fa technol\u00f3giu Dual-Mesh ohrevu, ktor\u00e1 zabezpe\u010duje jemn\u00e9 a...<\/p>","protected":false},"featured_media":5448,"template":"","meta":[],"etheme_brands":[],"product_brand":[101],"product_cat":[54,49,61],"product_tag":[],"class_list":{"0":"post-5447","1":"product","2":"type-product","3":"status-publish","4":"has-post-thumbnail","6":"product_brand-bang-king-vape","7":"product_cat-vape-20000-zuege","8":"product_cat-einweg-e-zigarette","9":"product_cat-f","11":"first","12":"instock","13":"shipping-taxable","14":"purchasable","15":"product-type-simple"},"yoast_head":"<!-- This site is optimized with the Yoast SEO plugin v26.5 - https:\/\/yoast.com\/wordpress\/plugins\/seo\/ -->\n<title>Exklusiv &amp; g\u00fcnstig Bang 20000Puff Mint direkt vom Hersteller | Vapingnet.de<\/title>\n<meta name=\"description\" content=\"Wir verkaufen Exklusiv &amp; g\u00fcnstig Bang 20000Puff Mint direkt vom Hersteller , \u2713 Hohe Puffs-Zahl \u2713 Einfach zu verwenden \u2713 Vielseitige Aromen \u2713\u27a4 Jetzt kaufen!\" \/>\n<meta name=\"robots\" content=\"index, follow, max-snippet:-1, max-image-preview:large, max-video-preview:-1\" \/>\n<link rel=\"canonical\" href=\"https:\/\/vapingnet.de\/sk\/vape\/exklusiv-guenstig-bang-20000puff-mint-direkt-vom-hersteller\/\" \/>\n<meta property=\"og:locale\" content=\"sk_SK\" \/>\n<meta property=\"og:type\" content=\"article\" \/>\n<meta property=\"og:title\" content=\"Exklusiv &amp; g\u00fcnstig Bang 20000Puff Mint direkt vom Hersteller | Vapingnet.de\" \/>\n<meta property=\"og:description\" content=\"Wir verkaufen Exklusiv &amp; g\u00fcnstig Bang 20000Puff Mint direkt vom Hersteller , \u2713 Hohe Puffs-Zahl \u2713 Einfach zu verwenden \u2713 Vielseitige Aromen \u2713\u27a4 Jetzt kaufen!\" \/>\n<meta property=\"og:url\" content=\"https:\/\/vapingnet.de\/sk\/vape\/exklusiv-guenstig-bang-20000puff-mint-direkt-vom-hersteller\/\" \/>\n<meta property=\"og:site_name\" content=\"Vapingnet.de\" \/>\n<meta property=\"article:publisher\" content=\"https:\/\/www.facebook.com\/vapingnetde\/\" \/>\n<meta property=\"article:modified_time\" content=\"2025-12-13T02:46:05+00:00\" \/>\n<meta property=\"og:image\" content=\"https:\/\/vapingnet.de\/wp-content\/uploads\/2025\/03\/Mint.png\" \/>\n\t<meta property=\"og:image:width\" content=\"1000\" \/>\n\t<meta property=\"og:image:height\" content=\"1000\" \/>\n\t<meta property=\"og:image:type\" content=\"image\/png\" \/>\n<meta name=\"twitter:card\" content=\"summary_large_image\" \/>\n<meta name=\"twitter:label1\" content=\"Est. reading time\" \/>\n\t<meta name=\"twitter:data1\" content=\"3 minutes\" \/>\n<script type=\"application\/ld+json\" class=\"yoast-schema-graph\">{\"@context\":\"https:\/\/schema.org\",\"@graph\":[{\"@type\":\"WebPage\",\"@id\":\"https:\/\/vapingnet.de\/vape\/exklusiv-guenstig-bang-20000puff-mint-direkt-vom-hersteller\/\",\"url\":\"https:\/\/vapingnet.de\/vape\/exklusiv-guenstig-bang-20000puff-mint-direkt-vom-hersteller\/\",\"name\":\"Exklusiv & g\u00fcnstig Bang 20000Puff Mint direkt vom Hersteller | Vapingnet.de\",\"isPartOf\":{\"@id\":\"https:\/\/vapingnet.de\/#website\"},\"primaryImageOfPage\":{\"@id\":\"https:\/\/vapingnet.de\/vape\/exklusiv-guenstig-bang-20000puff-mint-direkt-vom-hersteller\/#primaryimage\"},\"image\":{\"@id\":\"https:\/\/vapingnet.de\/vape\/exklusiv-guenstig-bang-20000puff-mint-direkt-vom-hersteller\/#primaryimage\"},\"thumbnailUrl\":\"https:\/\/vapingnet.de\/wp-content\/uploads\/2025\/03\/Mint.png\",\"datePublished\":\"2025-12-12T08:14:35+00:00\",\"dateModified\":\"2025-12-13T02:46:05+00:00\",\"description\":\"Wir verkaufen Exklusiv & g\u00fcnstig Bang 20000Puff Mint direkt vom Hersteller , \u2713 Hohe Puffs-Zahl \u2713 Einfach zu verwenden \u2713 Vielseitige Aromen \u2713\u27a4 Jetzt kaufen!\",\"breadcrumb\":{\"@id\":\"https:\/\/vapingnet.de\/vape\/exklusiv-guenstig-bang-20000puff-mint-direkt-vom-hersteller\/#breadcrumb\"},\"inLanguage\":\"sk-SK\",\"potentialAction\":[{\"@type\":\"ReadAction\",\"target\":[\"https:\/\/vapingnet.de\/vape\/exklusiv-guenstig-bang-20000puff-mint-direkt-vom-hersteller\/\"]}]},{\"@type\":\"ImageObject\",\"inLanguage\":\"sk-SK\",\"@id\":\"https:\/\/vapingnet.de\/vape\/exklusiv-guenstig-bang-20000puff-mint-direkt-vom-hersteller\/#primaryimage\",\"url\":\"https:\/\/vapingnet.de\/wp-content\/uploads\/2025\/03\/Mint.png\",\"contentUrl\":\"https:\/\/vapingnet.de\/wp-content\/uploads\/2025\/03\/Mint.png\",\"width\":1000,\"height\":1000,\"caption\":\"Mint\"},{\"@type\":\"BreadcrumbList\",\"@id\":\"https:\/\/vapingnet.de\/vape\/exklusiv-guenstig-bang-20000puff-mint-direkt-vom-hersteller\/#breadcrumb\",\"itemListElement\":[{\"@type\":\"ListItem\",\"position\":1,\"name\":\"Home\",\"item\":\"https:\/\/vapingnet.de\/\"},{\"@type\":\"ListItem\",\"position\":2,\"name\":\"Shop\",\"item\":\"https:\/\/vapingnet.de\/vape\/\"},{\"@type\":\"ListItem\",\"position\":3,\"name\":\"Exklusiv &#038; g\u00fcnstig Bang 20000Puff Mint direkt vom Hersteller\"}]},{\"@type\":\"WebSite\",\"@id\":\"https:\/\/vapingnet.de\/#website\",\"url\":\"https:\/\/vapingnet.de\/\",\"name\":\"Vapingnet.de\",\"description\":\"\",\"publisher\":{\"@id\":\"https:\/\/vapingnet.de\/#organization\"},\"potentialAction\":[{\"@type\":\"SearchAction\",\"target\":{\"@type\":\"EntryPoint\",\"urlTemplate\":\"https:\/\/vapingnet.de\/?s={search_term_string}\"},\"query-input\":{\"@type\":\"PropertyValueSpecification\",\"valueRequired\":true,\"valueName\":\"search_term_string\"}}],\"inLanguage\":\"sk-SK\"},{\"@type\":\"Organization\",\"@id\":\"https:\/\/vapingnet.de\/#organization\",\"name\":\"Vapingnet.de\",\"url\":\"https:\/\/vapingnet.de\/\",\"logo\":{\"@type\":\"ImageObject\",\"inLanguage\":\"sk-SK\",\"@id\":\"https:\/\/vapingnet.de\/#\/schema\/logo\/image\/\",\"url\":\"https:\/\/vapingnet.de\/wp-content\/uploads\/2025\/03\/cropped-vapingnet.de_.jpg\",\"contentUrl\":\"https:\/\/vapingnet.de\/wp-content\/uploads\/2025\/03\/cropped-vapingnet.de_.jpg\",\"width\":512,\"height\":512,\"caption\":\"Vapingnet.de\"},\"image\":{\"@id\":\"https:\/\/vapingnet.de\/#\/schema\/logo\/image\/\"},\"sameAs\":[\"https:\/\/www.facebook.com\/vapingnetde\/\"]}]}<\/script>\n<!-- \/ Yoast SEO plugin. -->","yoast_head_json":{"title":"Exklusiv & g\u00fcnstig Bang 20000Puff Mint direkt vom Hersteller | Vapingnet.de","description":"Wir verkaufen Exklusiv & g\u00fcnstig Bang 20000Puff Mint direkt vom Hersteller , \u2713 Hohe Puffs-Zahl \u2713 Einfach zu verwenden \u2713 Vielseitige Aromen \u2713\u27a4 Jetzt kaufen!","robots":{"index":"index","follow":"follow","max-snippet":"max-snippet:-1","max-image-preview":"max-image-preview:large","max-video-preview":"max-video-preview:-1"},"canonical":"https:\/\/vapingnet.de\/sk\/vape\/exklusiv-guenstig-bang-20000puff-mint-direkt-vom-hersteller\/","og_locale":"sk_SK","og_type":"article","og_title":"Exklusiv & g\u00fcnstig Bang 20000Puff Mint direkt vom Hersteller | Vapingnet.de","og_description":"Wir verkaufen Exklusiv & g\u00fcnstig Bang 20000Puff Mint direkt vom Hersteller , \u2713 Hohe Puffs-Zahl \u2713 Einfach zu verwenden \u2713 Vielseitige Aromen \u2713\u27a4 Jetzt kaufen!","og_url":"https:\/\/vapingnet.de\/sk\/vape\/exklusiv-guenstig-bang-20000puff-mint-direkt-vom-hersteller\/","og_site_name":"Vapingnet.de","article_publisher":"https:\/\/www.facebook.com\/vapingnetde\/","article_modified_time":"2025-12-13T02:46:05+00:00","og_image":[{"width":1000,"height":1000,"url":"https:\/\/vapingnet.de\/wp-content\/uploads\/2025\/03\/Mint.png","type":"image\/png"}],"twitter_card":"summary_large_image","twitter_misc":{"Est. reading time":"3 minutes"},"schema":{"@context":"https:\/\/schema.org","@graph":[{"@type":"WebPage","@id":"https:\/\/vapingnet.de\/vape\/exklusiv-guenstig-bang-20000puff-mint-direkt-vom-hersteller\/","url":"https:\/\/vapingnet.de\/vape\/exklusiv-guenstig-bang-20000puff-mint-direkt-vom-hersteller\/","name":"Exklusiv & g\u00fcnstig Bang 20000Puff Mint direkt vom Hersteller | Vapingnet.de","isPartOf":{"@id":"https:\/\/vapingnet.de\/#website"},"primaryImageOfPage":{"@id":"https:\/\/vapingnet.de\/vape\/exklusiv-guenstig-bang-20000puff-mint-direkt-vom-hersteller\/#primaryimage"},"image":{"@id":"https:\/\/vapingnet.de\/vape\/exklusiv-guenstig-bang-20000puff-mint-direkt-vom-hersteller\/#primaryimage"},"thumbnailUrl":"https:\/\/vapingnet.de\/wp-content\/uploads\/2025\/03\/Mint.png","datePublished":"2025-12-12T08:14:35+00:00","dateModified":"2025-12-13T02:46:05+00:00","description":"Wir verkaufen Exklusiv & g\u00fcnstig Bang 20000Puff Mint direkt vom Hersteller , \u2713 Hohe Puffs-Zahl \u2713 Einfach zu verwenden \u2713 Vielseitige Aromen \u2713\u27a4 Jetzt kaufen!","breadcrumb":{"@id":"https:\/\/vapingnet.de\/vape\/exklusiv-guenstig-bang-20000puff-mint-direkt-vom-hersteller\/#breadcrumb"},"inLanguage":"sk-SK","potentialAction":[{"@type":"ReadAction","target":["https:\/\/vapingnet.de\/vape\/exklusiv-guenstig-bang-20000puff-mint-direkt-vom-hersteller\/"]}]},{"@type":"ImageObject","inLanguage":"sk-SK","@id":"https:\/\/vapingnet.de\/vape\/exklusiv-guenstig-bang-20000puff-mint-direkt-vom-hersteller\/#primaryimage","url":"https:\/\/vapingnet.de\/wp-content\/uploads\/2025\/03\/Mint.png","contentUrl":"https:\/\/vapingnet.de\/wp-content\/uploads\/2025\/03\/Mint.png","width":1000,"height":1000,"caption":"Mint"},{"@type":"BreadcrumbList","@id":"https:\/\/vapingnet.de\/vape\/exklusiv-guenstig-bang-20000puff-mint-direkt-vom-hersteller\/#breadcrumb","itemListElement":[{"@type":"ListItem","position":1,"name":"Home","item":"https:\/\/vapingnet.de\/"},{"@type":"ListItem","position":2,"name":"Shop","item":"https:\/\/vapingnet.de\/vape\/"},{"@type":"ListItem","position":3,"name":"Exklusiv &#038; g\u00fcnstig Bang 20000Puff Mint direkt vom Hersteller"}]},{"@type":"WebSite","@id":"https:\/\/vapingnet.de\/#website","url":"https:\/\/vapingnet.de\/","name":"Vapingnet.de","description":"","publisher":{"@id":"https:\/\/vapingnet.de\/#organization"},"potentialAction":[{"@type":"SearchAction","target":{"@type":"EntryPoint","urlTemplate":"https:\/\/vapingnet.de\/?s={search_term_string}"},"query-input":{"@type":"PropertyValueSpecification","valueRequired":true,"valueName":"search_term_string"}}],"inLanguage":"sk-SK"},{"@type":"Organization","@id":"https:\/\/vapingnet.de\/#organization","name":"Vapingnet.de","url":"https:\/\/vapingnet.de\/","logo":{"@type":"ImageObject","inLanguage":"sk-SK","@id":"https:\/\/vapingnet.de\/#\/schema\/logo\/image\/","url":"https:\/\/vapingnet.de\/wp-content\/uploads\/2025\/03\/cropped-vapingnet.de_.jpg","contentUrl":"https:\/\/vapingnet.de\/wp-content\/uploads\/2025\/03\/cropped-vapingnet.de_.jpg","width":512,"height":512,"caption":"Vapingnet.de"},"image":{"@id":"https:\/\/vapingnet.de\/#\/schema\/logo\/image\/"},"sameAs":["https:\/\/www.facebook.com\/vapingnetde\/"]}]}},"tiered_pricing_type":"fixed","tiered_pricing_fixed_rules":{"10":"8.92","60":"8.03","110":"7.14","200":"6.24"},"tiered_pricing_product_settings":{"layout":"default","base_unit_name":{"singular":null,"plural":null},"default_variation":null},"tiered_pricing_minimum_quantity":null,"tiered_pricing_roles_data":[],"tiered_pricing_percentage_rules":[],"_links":{"self":[{"href":"https:\/\/vapingnet.de\/sk\/wp-json\/wp\/v2\/product\/5447","targetHints":{"allow":["GET"]}}],"collection":[{"href":"https:\/\/vapingnet.de\/sk\/wp-json\/wp\/v2\/product"}],"about":[{"href":"https:\/\/vapingnet.de\/sk\/wp-json\/wp\/v2\/types\/product"}],"version-history":[{"count":2,"href":"https:\/\/vapingnet.de\/sk\/wp-json\/wp\/v2\/product\/5447\/revisions"}],"predecessor-version":[{"id":7316,"href":"https:\/\/vapingnet.de\/sk\/wp-json\/wp\/v2\/product\/5447\/revisions\/7316"}],"wp:featuredmedia":[{"embeddable":true,"href":"https:\/\/vapingnet.de\/sk\/wp-json\/wp\/v2\/media\/5448"}],"wp:attachment":[{"href":"https:\/\/vapingnet.de\/sk\/wp-json\/wp\/v2\/media?parent=5447"}],"wp:term":[{"taxonomy":"brand","embeddable":true,"href":"https:\/\/vapingnet.de\/sk\/wp-json\/wp\/v2\/etheme_brands?post=5447"},{"taxonomy":"product_brand","embeddable":true,"href":"https:\/\/vapingnet.de\/sk\/wp-json\/wp\/v2\/product_brand?post=5447"},{"taxonomy":"product_cat","embeddable":true,"href":"https:\/\/vapingnet.de\/sk\/wp-json\/wp\/v2\/product_cat?post=5447"},{"taxonomy":"product_tag","embeddable":true,"href":"https:\/\/vapingnet.de\/sk\/wp-json\/wp\/v2\/product_tag?post=5447"}],"curies":[{"name":"wp","href":"https:\/\/api.w.org\/{rel}","templated":true}]}}