{"id":5450,"date":"2025-03-15T08:38:28","date_gmt":"2025-03-15T08:38:28","guid":{"rendered":"https:\/\/vapingnet.de\/?post_type=product&#038;p=5450"},"modified":"2025-06-19T03:40:52","modified_gmt":"2025-06-19T03:40:52","slug":"fruchtiger-genuss-bang-20000puff-strawberry-kiwi-direkt-ab-werk","status":"publish","type":"product","link":"https:\/\/vapingnet.de\/sk\/vape\/fruchtiger-genuss-bang-20000puff-strawberry-kiwi-direkt-ab-werk\/","title":{"rendered":"Ovocn\u00fd p\u00f4\u017eitok Bang 20000Puff Strawberry Kiwi priamo z v\u00fdrobn\u00e9ho z\u00e1vodu"},"content":{"rendered":"<h2 data-start=\"0\" data-end=\"117\">Bang 20000Puff Dual Mesh E-Cigareta Strawberry Kiwi pr\u00edchu\u0165, vychutnajte si ka\u017ed\u00fa sladk\u00fa a osvie\u017euj\u00facu cigaretu<\/h2>\n<ul data-start=\"144\" data-end=\"1668\">\n<li data-start=\"144\" data-end=\"464\">\n<p data-start=\"146\" data-end=\"464\"><strong data-start=\"146\" data-end=\"177\">Extr\u00e9mne dlh\u00e1 doba pou\u017e\u00edvania:<\/strong><br data-start=\"177\" data-end=\"180\" \/>Bang 20000Puff Dual Mesh E-Cigareta prich\u00e1dza s ve\u013ekorys\u00fdm 28 ml E-liquidu, ktor\u00fd umo\u017e\u0148uje a\u017e 20 000 \u0165ahov. Ka\u017ed\u00fd \u0165ah pon\u00faka intenz\u00edvnu chu\u0165 dokonal\u00e9ho mixu jahody a kiwi \u2013 ide\u00e1lnu na ka\u017edodenn\u00e9 pou\u017eitie a dlhodob\u00fd z\u00e1\u017eitok z vapovania.<\/p>\n<\/li>\n<li data-start=\"466\" data-end=\"763\">\n<p data-start=\"468\" data-end=\"763\"><strong data-start=\"468\" data-end=\"498\">Dual-Mesh technol\u00f3gia ohrevu:<\/strong><br data-start=\"498\" data-end=\"501\" \/>Vybaven\u00e1 pokro\u010dilou 1,1 Ohm Dual-Mesh cievkou, zlep\u0161uje sa v\u00fdkon ohrevu a para je jemnej\u0161ia a pln\u0161ia. \u010ci u\u017e preferujete siln\u00fa alebo jemn\u00fa chu\u0165, Bang e-cigareta spln\u00ed va\u0161e po\u017eiadavky.<\/p>\n<\/li>\n<li data-start=\"765\" data-end=\"1073\">\n<p data-start=\"767\" data-end=\"1073\"><strong data-start=\"767\" data-end=\"812\">R\u00f4zne koncentr\u00e1cie nikot\u00ednov\u00fdch sol\u00ed:<\/strong><br data-start=\"812\" data-end=\"815\" \/>Bang 20000Puff Dual Mesh pon\u00faka \u0161tyri koncentr\u00e1cie nikot\u00ednov\u00fdch sol\u00ed: 0%, 2%, 3% a 5%, tak\u017ee si m\u00f4\u017eete vybra\u0165 spr\u00e1vny obsah nikot\u00ednu pod\u013ea svojich preferenci\u00ed. \u010ci u\u017e chcete zn\u00ed\u017ei\u0165 obsah nikot\u00ednu alebo za\u017ei\u0165 intenz\u00edvnej\u0161\u00ed z\u00e1\u017eitok, m\u00e1te na v\u00fdber.<\/p>\n<\/li>\n<li data-start=\"1075\" data-end=\"1354\">\n<p data-start=\"1077\" data-end=\"1354\"><strong data-start=\"1077\" data-end=\"1122\">R\u00fdchle nab\u00edjanie a dlhodob\u00e9 pou\u017e\u00edvanie:<\/strong><br data-start=\"1122\" data-end=\"1125\" \/>V\u010faka v\u00fdkonn\u00e9mu 650mAh bat\u00e9rii a r\u00fdchlemu nab\u00edjaciemu portu Type-C zabezpe\u010duje t\u00e1to e-cigareta dlh\u00e9 pou\u017e\u00edvanie a r\u00fdchle nab\u00edjanie. Aj pri dlh\u0161\u00edch v\u00fdletoch zost\u00e1va bat\u00e9ria dostato\u010dne v\u00fdkonn\u00e1.<\/p>\n<\/li>\n<li data-start=\"1356\" data-end=\"1668\">\n<p data-start=\"1358\" data-end=\"1668\"><strong data-start=\"1358\" data-end=\"1401\">Modern\u00fd dizajn a pohodln\u00e9 ovl\u00e1danie:<\/strong><br data-start=\"1401\" data-end=\"1404\" \/>S hmotnos\u0165ou iba 90 g je t\u00e1to e-cigareta ve\u013emi praktick\u00e1 a ide\u00e1lna na cestovanie. Elegantn\u00fd dizajn a LED displej, ktor\u00fd zobrazuje stav bat\u00e9rie, v\u00e1m umo\u017en\u00ed kedyko\u013evek skontrolova\u0165 \u00farove\u0148 nabitia a optimalizova\u0165 pou\u017e\u00edvanie.<\/p>\n<\/li>\n<\/ul>\n<h3 data-start=\"1670\" data-end=\"1728\">Pre\u010do si vybra\u0165 Bang 20000Puff Dual Mesh?<\/h3>\n<ul data-start=\"1730\" data-end=\"2122\">\n<li data-start=\"1730\" data-end=\"1917\">\n<p data-start=\"1732\" data-end=\"1917\"><strong data-start=\"1732\" data-end=\"1745\">Colne:<\/strong><br data-start=\"1745\" data-end=\"1748\" \/>Pri n\u00e1kupe na na\u0161ej webovej str\u00e1nke profitujete z <a href=\"https:\/\/vapingnet.de\/sk\/k\/f\/\" target=\"_blank\" rel=\"noopener\"><strong>bezcoln\u00e9ho<\/strong><\/a> objedn\u00e1vania a \u0161etr\u00edte tak \u010fal\u0161ie n\u00e1klady. Garantujeme bezstresov\u00fd n\u00e1kupn\u00fd z\u00e1\u017eitok.<\/p>\n<\/li>\n<li data-start=\"1919\" data-end=\"2122\">\n<p data-start=\"1921\" data-end=\"2122\"><strong data-start=\"1921\" data-end=\"1947\">R\u00fdchla leteck\u00e1 doprava:<\/strong><br data-start=\"1947\" data-end=\"1950\" \/>Pon\u00fakame r\u00fdchlu leteck\u00fa dopravu do 7-15 pracovn\u00fdch dn\u00ed, tak\u017ee svoju e-cigaretu dostanete r\u00fdchlo a m\u00f4\u017eete si ju ihne\u010f vychutna\u0165 bez dlh\u00e9ho \u010dakania.<\/p>\n<\/li>\n<\/ul>\n<h4 data-start=\"2124\" data-end=\"2504\">Jahoda a kiwi v dokonalej harm\u00f3nii \u2013 osvie\u017euj\u00faci<\/h4>\n<p data-start=\"2124\" data-end=\"2504\"><strong data-start=\"2124\" data-end=\"2206\">z\u00e1\u017eitok z chuti<\/strong><br data-start=\"2206\" data-end=\"2209\" \/>Bang 20000Puff Dual Mesh E-cigareta v\u00e1m pon\u00faka \u00faplne nov\u00fd z\u00e1\u017eitok z chuti. Sladk\u00e1 jahoda v kombin\u00e1cii s \u010derstv\u00fdm kiwi vytv\u00e1ra ovocn\u00fa rozko\u0161, ktor\u00e1 pripom\u00edna letn\u00fa ovocn\u00fa z\u00e1hradu. Ka\u017ed\u00fd \u0165ah je ako osvie\u017eenie a umo\u017e\u0148uje v\u00e1m vychutna\u0165 si okamih.<\/p>\n<p data-start=\"2506\" data-end=\"2763\" data-is-last-node=\"\" data-is-only-node=\"\"><strong data-start=\"2506\" data-end=\"2554\">K\u00fapte teraz a za\u017eite nekone\u010dn\u00fa rozko\u0161!<\/strong><br data-start=\"2554\" data-end=\"2557\" \/>Nav\u0161t\u00edvte teraz vapingnet.de, aby ste si k\u00fapili Bang 20000Puff Dual Mesh E-Cigaretu a za\u010dali svoje nov\u00e9 faj\u010denie. Vychutnajte si jedine\u010dn\u00fa chu\u0165 jahody a kiwi!<\/p>","protected":false},"excerpt":{"rendered":"<p>Bang 20000Puff Dual Mesh E-cigareta s pr\u00edchu\u0165ou jahody a kiwi, vychutnajte si ka\u017ed\u00fa sladk\u00fa a osvie\u017euj\u00facu cigaretu Extr\u00e9mne dlh\u00e1 doba pou\u017e\u00edvania: Bang 20000Puff Dual Mesh E-cigareta prich\u00e1dza s...<\/p>","protected":false},"featured_media":5451,"template":"","meta":[],"etheme_brands":[],"product_brand":[101],"product_cat":[54,49,61],"product_tag":[],"class_list":{"0":"post-5450","1":"product","2":"type-product","3":"status-publish","4":"has-post-thumbnail","6":"product_brand-bang-king-vape","7":"product_cat-vape-20000-zuege","8":"product_cat-einweg-e-zigarette","9":"product_cat-f","11":"first","12":"instock","13":"shipping-taxable","14":"purchasable","15":"product-type-simple"},"yoast_head":"<!-- This site is optimized with the Yoast SEO plugin v26.5 - https:\/\/yoast.com\/wordpress\/plugins\/seo\/ -->\n<title>Fruchtiger Genuss Bang 20000Puff Strawberry Kiwi direkt ab Werk | Vapingnet.de<\/title>\n<meta name=\"description\" content=\"Wir verkaufen Fruchtiger Genuss Bang 20000Puff Strawberry Kiwi direkt ab Werk , \u2713 Hohe Puffs-Zahl \u2713 Einfach zu verwenden \u2713 Vielseitige Aromen \u2713\u27a4 Jetzt kaufen!\" \/>\n<meta name=\"robots\" content=\"index, follow, max-snippet:-1, max-image-preview:large, max-video-preview:-1\" \/>\n<link rel=\"canonical\" href=\"https:\/\/vapingnet.de\/sk\/vape\/fruchtiger-genuss-bang-20000puff-strawberry-kiwi-direkt-ab-werk\/\" \/>\n<meta property=\"og:locale\" content=\"sk_SK\" \/>\n<meta property=\"og:type\" content=\"article\" \/>\n<meta property=\"og:title\" content=\"Fruchtiger Genuss Bang 20000Puff Strawberry Kiwi direkt ab Werk | Vapingnet.de\" \/>\n<meta property=\"og:description\" content=\"Wir verkaufen Fruchtiger Genuss Bang 20000Puff Strawberry Kiwi direkt ab Werk , \u2713 Hohe Puffs-Zahl \u2713 Einfach zu verwenden \u2713 Vielseitige Aromen \u2713\u27a4 Jetzt kaufen!\" \/>\n<meta property=\"og:url\" content=\"https:\/\/vapingnet.de\/sk\/vape\/fruchtiger-genuss-bang-20000puff-strawberry-kiwi-direkt-ab-werk\/\" \/>\n<meta property=\"og:site_name\" content=\"Vapingnet.de\" \/>\n<meta property=\"article:publisher\" content=\"https:\/\/www.facebook.com\/vapingnetde\/\" \/>\n<meta property=\"article:modified_time\" content=\"2025-06-19T03:40:52+00:00\" \/>\n<meta property=\"og:image\" content=\"https:\/\/vapingnet.de\/wp-content\/uploads\/2025\/03\/Strawberry-Kiwi-3.png\" \/>\n\t<meta property=\"og:image:width\" content=\"1000\" \/>\n\t<meta property=\"og:image:height\" content=\"1000\" \/>\n\t<meta property=\"og:image:type\" content=\"image\/png\" \/>\n<meta name=\"twitter:card\" content=\"summary_large_image\" \/>\n<meta name=\"twitter:label1\" content=\"Est. reading time\" \/>\n\t<meta name=\"twitter:data1\" content=\"3 minutes\" \/>\n<script type=\"application\/ld+json\" class=\"yoast-schema-graph\">{\"@context\":\"https:\/\/schema.org\",\"@graph\":[{\"@type\":\"WebPage\",\"@id\":\"https:\/\/vapingnet.de\/vape\/fruchtiger-genuss-bang-20000puff-strawberry-kiwi-direkt-ab-werk\/\",\"url\":\"https:\/\/vapingnet.de\/vape\/fruchtiger-genuss-bang-20000puff-strawberry-kiwi-direkt-ab-werk\/\",\"name\":\"Fruchtiger Genuss Bang 20000Puff Strawberry Kiwi direkt ab Werk | Vapingnet.de\",\"isPartOf\":{\"@id\":\"https:\/\/vapingnet.de\/#website\"},\"primaryImageOfPage\":{\"@id\":\"https:\/\/vapingnet.de\/vape\/fruchtiger-genuss-bang-20000puff-strawberry-kiwi-direkt-ab-werk\/#primaryimage\"},\"image\":{\"@id\":\"https:\/\/vapingnet.de\/vape\/fruchtiger-genuss-bang-20000puff-strawberry-kiwi-direkt-ab-werk\/#primaryimage\"},\"thumbnailUrl\":\"https:\/\/vapingnet.de\/wp-content\/uploads\/2025\/03\/Strawberry-Kiwi-3.png\",\"datePublished\":\"2025-03-15T08:38:28+00:00\",\"dateModified\":\"2025-06-19T03:40:52+00:00\",\"description\":\"Wir verkaufen Fruchtiger Genuss Bang 20000Puff Strawberry Kiwi direkt ab Werk , \u2713 Hohe Puffs-Zahl \u2713 Einfach zu verwenden \u2713 Vielseitige Aromen \u2713\u27a4 Jetzt kaufen!\",\"breadcrumb\":{\"@id\":\"https:\/\/vapingnet.de\/vape\/fruchtiger-genuss-bang-20000puff-strawberry-kiwi-direkt-ab-werk\/#breadcrumb\"},\"inLanguage\":\"sk-SK\",\"potentialAction\":[{\"@type\":\"ReadAction\",\"target\":[\"https:\/\/vapingnet.de\/vape\/fruchtiger-genuss-bang-20000puff-strawberry-kiwi-direkt-ab-werk\/\"]}]},{\"@type\":\"ImageObject\",\"inLanguage\":\"sk-SK\",\"@id\":\"https:\/\/vapingnet.de\/vape\/fruchtiger-genuss-bang-20000puff-strawberry-kiwi-direkt-ab-werk\/#primaryimage\",\"url\":\"https:\/\/vapingnet.de\/wp-content\/uploads\/2025\/03\/Strawberry-Kiwi-3.png\",\"contentUrl\":\"https:\/\/vapingnet.de\/wp-content\/uploads\/2025\/03\/Strawberry-Kiwi-3.png\",\"width\":1000,\"height\":1000,\"caption\":\"Strawberry Kiwi\"},{\"@type\":\"BreadcrumbList\",\"@id\":\"https:\/\/vapingnet.de\/vape\/fruchtiger-genuss-bang-20000puff-strawberry-kiwi-direkt-ab-werk\/#breadcrumb\",\"itemListElement\":[{\"@type\":\"ListItem\",\"position\":1,\"name\":\"Home\",\"item\":\"https:\/\/vapingnet.de\/\"},{\"@type\":\"ListItem\",\"position\":2,\"name\":\"Shop\",\"item\":\"https:\/\/vapingnet.de\/vape\/\"},{\"@type\":\"ListItem\",\"position\":3,\"name\":\"Fruchtiger Genuss Bang 20000Puff Strawberry Kiwi direkt ab Werk\"}]},{\"@type\":\"WebSite\",\"@id\":\"https:\/\/vapingnet.de\/#website\",\"url\":\"https:\/\/vapingnet.de\/\",\"name\":\"Vapingnet.de\",\"description\":\"\",\"publisher\":{\"@id\":\"https:\/\/vapingnet.de\/#organization\"},\"potentialAction\":[{\"@type\":\"SearchAction\",\"target\":{\"@type\":\"EntryPoint\",\"urlTemplate\":\"https:\/\/vapingnet.de\/?s={search_term_string}\"},\"query-input\":{\"@type\":\"PropertyValueSpecification\",\"valueRequired\":true,\"valueName\":\"search_term_string\"}}],\"inLanguage\":\"sk-SK\"},{\"@type\":\"Organization\",\"@id\":\"https:\/\/vapingnet.de\/#organization\",\"name\":\"Vapingnet.de\",\"url\":\"https:\/\/vapingnet.de\/\",\"logo\":{\"@type\":\"ImageObject\",\"inLanguage\":\"sk-SK\",\"@id\":\"https:\/\/vapingnet.de\/#\/schema\/logo\/image\/\",\"url\":\"https:\/\/vapingnet.de\/wp-content\/uploads\/2025\/03\/cropped-vapingnet.de_.jpg\",\"contentUrl\":\"https:\/\/vapingnet.de\/wp-content\/uploads\/2025\/03\/cropped-vapingnet.de_.jpg\",\"width\":512,\"height\":512,\"caption\":\"Vapingnet.de\"},\"image\":{\"@id\":\"https:\/\/vapingnet.de\/#\/schema\/logo\/image\/\"},\"sameAs\":[\"https:\/\/www.facebook.com\/vapingnetde\/\"]}]}<\/script>\n<!-- \/ Yoast SEO plugin. -->","yoast_head_json":{"title":"Fruchtiger Genuss Bang 20000Puff Strawberry Kiwi direkt ab Werk | Vapingnet.de","description":"Wir verkaufen Fruchtiger Genuss Bang 20000Puff Strawberry Kiwi direkt ab Werk , \u2713 Hohe Puffs-Zahl \u2713 Einfach zu verwenden \u2713 Vielseitige Aromen \u2713\u27a4 Jetzt kaufen!","robots":{"index":"index","follow":"follow","max-snippet":"max-snippet:-1","max-image-preview":"max-image-preview:large","max-video-preview":"max-video-preview:-1"},"canonical":"https:\/\/vapingnet.de\/sk\/vape\/fruchtiger-genuss-bang-20000puff-strawberry-kiwi-direkt-ab-werk\/","og_locale":"sk_SK","og_type":"article","og_title":"Fruchtiger Genuss Bang 20000Puff Strawberry Kiwi direkt ab Werk | Vapingnet.de","og_description":"Wir verkaufen Fruchtiger Genuss Bang 20000Puff Strawberry Kiwi direkt ab Werk , \u2713 Hohe Puffs-Zahl \u2713 Einfach zu verwenden \u2713 Vielseitige Aromen \u2713\u27a4 Jetzt kaufen!","og_url":"https:\/\/vapingnet.de\/sk\/vape\/fruchtiger-genuss-bang-20000puff-strawberry-kiwi-direkt-ab-werk\/","og_site_name":"Vapingnet.de","article_publisher":"https:\/\/www.facebook.com\/vapingnetde\/","article_modified_time":"2025-06-19T03:40:52+00:00","og_image":[{"width":1000,"height":1000,"url":"https:\/\/vapingnet.de\/wp-content\/uploads\/2025\/03\/Strawberry-Kiwi-3.png","type":"image\/png"}],"twitter_card":"summary_large_image","twitter_misc":{"Est. reading time":"3 minutes"},"schema":{"@context":"https:\/\/schema.org","@graph":[{"@type":"WebPage","@id":"https:\/\/vapingnet.de\/vape\/fruchtiger-genuss-bang-20000puff-strawberry-kiwi-direkt-ab-werk\/","url":"https:\/\/vapingnet.de\/vape\/fruchtiger-genuss-bang-20000puff-strawberry-kiwi-direkt-ab-werk\/","name":"Fruchtiger Genuss Bang 20000Puff Strawberry Kiwi direkt ab Werk | Vapingnet.de","isPartOf":{"@id":"https:\/\/vapingnet.de\/#website"},"primaryImageOfPage":{"@id":"https:\/\/vapingnet.de\/vape\/fruchtiger-genuss-bang-20000puff-strawberry-kiwi-direkt-ab-werk\/#primaryimage"},"image":{"@id":"https:\/\/vapingnet.de\/vape\/fruchtiger-genuss-bang-20000puff-strawberry-kiwi-direkt-ab-werk\/#primaryimage"},"thumbnailUrl":"https:\/\/vapingnet.de\/wp-content\/uploads\/2025\/03\/Strawberry-Kiwi-3.png","datePublished":"2025-03-15T08:38:28+00:00","dateModified":"2025-06-19T03:40:52+00:00","description":"Wir verkaufen Fruchtiger Genuss Bang 20000Puff Strawberry Kiwi direkt ab Werk , \u2713 Hohe Puffs-Zahl \u2713 Einfach zu verwenden \u2713 Vielseitige Aromen \u2713\u27a4 Jetzt kaufen!","breadcrumb":{"@id":"https:\/\/vapingnet.de\/vape\/fruchtiger-genuss-bang-20000puff-strawberry-kiwi-direkt-ab-werk\/#breadcrumb"},"inLanguage":"sk-SK","potentialAction":[{"@type":"ReadAction","target":["https:\/\/vapingnet.de\/vape\/fruchtiger-genuss-bang-20000puff-strawberry-kiwi-direkt-ab-werk\/"]}]},{"@type":"ImageObject","inLanguage":"sk-SK","@id":"https:\/\/vapingnet.de\/vape\/fruchtiger-genuss-bang-20000puff-strawberry-kiwi-direkt-ab-werk\/#primaryimage","url":"https:\/\/vapingnet.de\/wp-content\/uploads\/2025\/03\/Strawberry-Kiwi-3.png","contentUrl":"https:\/\/vapingnet.de\/wp-content\/uploads\/2025\/03\/Strawberry-Kiwi-3.png","width":1000,"height":1000,"caption":"Strawberry Kiwi"},{"@type":"BreadcrumbList","@id":"https:\/\/vapingnet.de\/vape\/fruchtiger-genuss-bang-20000puff-strawberry-kiwi-direkt-ab-werk\/#breadcrumb","itemListElement":[{"@type":"ListItem","position":1,"name":"Home","item":"https:\/\/vapingnet.de\/"},{"@type":"ListItem","position":2,"name":"Shop","item":"https:\/\/vapingnet.de\/vape\/"},{"@type":"ListItem","position":3,"name":"Fruchtiger Genuss Bang 20000Puff Strawberry Kiwi direkt ab Werk"}]},{"@type":"WebSite","@id":"https:\/\/vapingnet.de\/#website","url":"https:\/\/vapingnet.de\/","name":"Vapingnet.de","description":"","publisher":{"@id":"https:\/\/vapingnet.de\/#organization"},"potentialAction":[{"@type":"SearchAction","target":{"@type":"EntryPoint","urlTemplate":"https:\/\/vapingnet.de\/?s={search_term_string}"},"query-input":{"@type":"PropertyValueSpecification","valueRequired":true,"valueName":"search_term_string"}}],"inLanguage":"sk-SK"},{"@type":"Organization","@id":"https:\/\/vapingnet.de\/#organization","name":"Vapingnet.de","url":"https:\/\/vapingnet.de\/","logo":{"@type":"ImageObject","inLanguage":"sk-SK","@id":"https:\/\/vapingnet.de\/#\/schema\/logo\/image\/","url":"https:\/\/vapingnet.de\/wp-content\/uploads\/2025\/03\/cropped-vapingnet.de_.jpg","contentUrl":"https:\/\/vapingnet.de\/wp-content\/uploads\/2025\/03\/cropped-vapingnet.de_.jpg","width":512,"height":512,"caption":"Vapingnet.de"},"image":{"@id":"https:\/\/vapingnet.de\/#\/schema\/logo\/image\/"},"sameAs":["https:\/\/www.facebook.com\/vapingnetde\/"]}]}},"tiered_pricing_type":"fixed","tiered_pricing_fixed_rules":{"10":"8.92","60":"8.03","110":"7.14","200":"6.24"},"tiered_pricing_product_settings":{"layout":"default","base_unit_name":{"singular":null,"plural":null},"default_variation":null},"tiered_pricing_minimum_quantity":null,"tiered_pricing_roles_data":[],"tiered_pricing_percentage_rules":[],"_links":{"self":[{"href":"https:\/\/vapingnet.de\/sk\/wp-json\/wp\/v2\/product\/5450","targetHints":{"allow":["GET"]}}],"collection":[{"href":"https:\/\/vapingnet.de\/sk\/wp-json\/wp\/v2\/product"}],"about":[{"href":"https:\/\/vapingnet.de\/sk\/wp-json\/wp\/v2\/types\/product"}],"version-history":[{"count":1,"href":"https:\/\/vapingnet.de\/sk\/wp-json\/wp\/v2\/product\/5450\/revisions"}],"predecessor-version":[{"id":5452,"href":"https:\/\/vapingnet.de\/sk\/wp-json\/wp\/v2\/product\/5450\/revisions\/5452"}],"wp:featuredmedia":[{"embeddable":true,"href":"https:\/\/vapingnet.de\/sk\/wp-json\/wp\/v2\/media\/5451"}],"wp:attachment":[{"href":"https:\/\/vapingnet.de\/sk\/wp-json\/wp\/v2\/media?parent=5450"}],"wp:term":[{"taxonomy":"brand","embeddable":true,"href":"https:\/\/vapingnet.de\/sk\/wp-json\/wp\/v2\/etheme_brands?post=5450"},{"taxonomy":"product_brand","embeddable":true,"href":"https:\/\/vapingnet.de\/sk\/wp-json\/wp\/v2\/product_brand?post=5450"},{"taxonomy":"product_cat","embeddable":true,"href":"https:\/\/vapingnet.de\/sk\/wp-json\/wp\/v2\/product_cat?post=5450"},{"taxonomy":"product_tag","embeddable":true,"href":"https:\/\/vapingnet.de\/sk\/wp-json\/wp\/v2\/product_tag?post=5450"}],"curies":[{"name":"wp","href":"https:\/\/api.w.org\/{rel}","templated":true}]}}