{"id":5453,"date":"2025-03-15T08:42:36","date_gmt":"2025-03-15T08:42:36","guid":{"rendered":"https:\/\/vapingnet.de\/?post_type=product&#038;p=5453"},"modified":"2025-06-19T03:40:51","modified_gmt":"2025-06-19T03:40:51","slug":"bang-20000puff-blueberry-watermelon-top-qualitaet-fuer-langanhaltenden-genuss","status":"publish","type":"product","link":"https:\/\/vapingnet.de\/sk\/vape\/bang-20000puff-blueberry-watermelon-top-qualitaet-fuer-langanhaltenden-genuss\/","title":{"rendered":"Bang 20000Puff Blueberry Watermelon \u0161pi\u010dkov\u00e1 kvalita pre dlhodob\u00fd p\u00f4\u017eitok"},"content":{"rendered":"<p data-start=\"0\" data-end=\"122\"><strong data-start=\"0\" data-end=\"122\">Bang 20000Puff Dual Mesh E-Cigareta \u2013 Chu\u0165 \u010du\u010doriedky a vodn\u00e9ho mel\u00f3nu, dokonal\u00e1 kombin\u00e1cia svie\u017eosti a sladkosti<\/strong><\/p>\n<p data-start=\"124\" data-end=\"534\">Chcete za\u017ei\u0165 e-cigaretu s extr\u00e9mne dlh\u00fdm \u017eivotnos\u0165ou? Bang 20000Puff Dual Mesh E-Cigareta v\u00e1m pon\u00faka neporovnate\u013en\u00fd z\u00e1\u017eitok z vapovania! S klasickou kombin\u00e1ciou \u010du\u010doriedky a vodn\u00e9ho mel\u00f3nu ka\u017ed\u00fd \u0165ah prin\u00e1\u0161a svie\u017eu a sladk\u00fa chu\u0165, ktor\u00fa si zamilujete. \u010ci ste za\u010diato\u010dn\u00edk alebo sk\u00fasen\u00fd vapova\u010d, t\u00e1to e-cigareta spln\u00ed v\u0161etky va\u0161e potreby.<\/p>\n<h3 data-start=\"536\" data-end=\"564\"><strong data-start=\"540\" data-end=\"564\">Vlastnosti produktu<\/strong><\/h3>\n<ul data-start=\"566\" data-end=\"2182\">\n<li data-start=\"566\" data-end=\"946\">\n<p data-start=\"568\" data-end=\"946\"><strong data-start=\"568\" data-end=\"624\">Extr\u00e9mne dlh\u00e1 \u017eivotnos\u0165 \u2013 20 000 \u0165ahov pln\u00fdch p\u00f4\u017eitku<\/strong><br data-start=\"624\" data-end=\"627\" \/>Bang 20000Puff Dual Mesh E-Cigareta prich\u00e1dza s ve\u013ek\u00fdm 28 ml e-liquidu, ktor\u00fd umo\u017e\u0148uje a\u017e 20 000 \u0165ahov. To zni\u017euje potrebu \u010dast\u00e9ho dop\u013a\u0148ania. Ka\u017ed\u00fd \u0165ah pon\u00faka svie\u017eu ovocn\u00fa chu\u0165 \u010du\u010doriedky a vodn\u00e9ho mel\u00f3nu \u2013 ide\u00e1lne na ka\u017edodenn\u00e9 pou\u017eitie a dlhodob\u00fd p\u00f4\u017eitok.<\/p>\n<\/li>\n<li data-start=\"948\" data-end=\"1262\">\n<p data-start=\"950\" data-end=\"1262\"><strong data-start=\"950\" data-end=\"977\">1,1 Ohm Dual-Mesh cievka<\/strong><br data-start=\"977\" data-end=\"980\" \/>S pokro\u010dilou 1,1 Ohm Dual-Mesh cievkou sa tekutina efekt\u00edvne zohrieva a para je jemnej\u0161ia a hustej\u0161ia. T\u00e1to technol\u00f3gia zabezpe\u010duje intenz\u00edvnej\u0161\u00ed z\u00e1\u017eitok z chuti, ktor\u00fd e\u0161te zlep\u0161\u00ed va\u0161e vapovanie. Ka\u017ed\u00fd \u0165ah je pln\u00fd chuti a spokojnosti.<\/p>\n<\/li>\n<li data-start=\"1264\" data-end=\"1596\">\n<p data-start=\"1266\" data-end=\"1596\"><strong data-start=\"1266\" data-end=\"1310\">R\u00f4zne koncentr\u00e1cie nikot\u00ednov\u00fdch sol\u00ed<\/strong><br data-start=\"1310\" data-end=\"1313\" \/>Bang 20000Puff Dual Mesh E-Cigareta pon\u00faka \u0161tyri koncentr\u00e1cie nikot\u00ednovej soli: 0%, 2%, 3% a 5%. Tak si m\u00f4\u017eete vybra\u0165 spr\u00e1vne mno\u017estvo nikot\u00ednu pod\u013ea svojich preferenci\u00ed. \u010ci chcete zn\u00ed\u017ei\u0165 obsah nikot\u00ednu alebo za\u017ei\u0165 intenz\u00edvnej\u0161ie vapovanie, tu n\u00e1jdete vhodn\u00fa vo\u013ebu.<\/p>\n<\/li>\n<li data-start=\"1598\" data-end=\"1896\">\n<p data-start=\"1600\" data-end=\"1896\"><strong data-start=\"1600\" data-end=\"1641\">Siln\u00fd akumul\u00e1tor a r\u00fdchle nab\u00edjanie cez Type-C<\/strong><br data-start=\"1641\" data-end=\"1644\" \/>S 650 mAh bat\u00e9riou a r\u00fdchlym nab\u00edjac\u00edm portom Type-C zabezpe\u010duje t\u00e1to e-cigareta dlh\u00fa dobu pou\u017e\u00edvania a r\u00fdchle nab\u00edjanie. Aj pri dlh\u0161om pou\u017e\u00edvan\u00ed sa nemus\u00edte ob\u00e1va\u0165 o bat\u00e9riu, ktor\u00e1 sa r\u00fdchlo dobije.<\/p>\n<\/li>\n<li data-start=\"1898\" data-end=\"2182\">\n<p data-start=\"1900\" data-end=\"2182\"><strong data-start=\"1900\" data-end=\"1933\">Kompaktn\u00fd a \u0161t\u00fdlov\u00fd dizajn<\/strong><br data-start=\"1933\" data-end=\"1936\" \/>S hmotnos\u0165ou len 90 g je t\u00e1to e-cigareta mimoriadne praktick\u00e1 a ide\u00e1lna na cestovanie. Modern\u00fd dizajn a LED displej v\u00e1m umo\u017e\u0148uj\u00fa sledova\u0165 stav bat\u00e9rie kedyko\u013evek, aby ste nikdy nezostali bez energie.<\/p>\n<\/li>\n<\/ul>\n<h3 data-start=\"2184\" data-end=\"2246\"><strong data-start=\"2188\" data-end=\"2246\">Pre\u010do si vybra\u0165 Bang 20000Puff Dual Mesh E-Cigaretu?<\/strong><\/h3>\n<ul data-start=\"2248\" data-end=\"2719\">\n<li data-start=\"2248\" data-end=\"2493\">\n<p data-start=\"2250\" data-end=\"2493\"><strong data-start=\"2250\" data-end=\"2286\">Bezcoln\u00e9, bezstarostn\u00e9 nakupovanie<\/strong><br data-start=\"2286\" data-end=\"2289\" \/>Ak zak\u00fapite Bang 20000Puff Dual Mesh E-Cigaretu na na\u0161ej webovej str\u00e1nke, profitujete z bezcoln\u00fdch objedn\u00e1vok a u\u0161etr\u00edte \u010fal\u0161ie n\u00e1klady. Garantujeme bezstarostn\u00fd n\u00e1kupn\u00fd z\u00e1\u017eitok.<\/p>\n<\/li>\n<li data-start=\"2495\" data-end=\"2719\">\n<p data-start=\"2497\" data-end=\"2719\"><strong data-start=\"2497\" data-end=\"2544\">R\u00fdchle medzin\u00e1rodn\u00e9 doru\u010denie, presn\u00e9 dodanie<\/strong><br data-start=\"2544\" data-end=\"2547\" \/>Pon\u00fakame r\u00fdchlu leteck\u00fa dopravu do 7-15 pracovn\u00fdch dn\u00ed, tak\u017ee svoju e-cigaretu dostanete r\u00fdchlo a m\u00f4\u017eete si ju ihne\u010f vychutna\u0165 bez dlh\u00e9ho \u010dakania.<\/p>\n<\/li>\n<\/ul>\n<h3 data-start=\"2721\" data-end=\"2813\"><strong data-start=\"2725\" data-end=\"2811\">Dokonal\u00e1 kombin\u00e1cia \u010du\u010doriedky a vodn\u00e9ho mel\u00f3nu \u2013 osvie\u017euj\u00faca a lahodn\u00e1<\/strong><\/h3>\n<p data-start=\"2814\" data-end=\"3106\">Bang 20000Puff Dual Mesh E-Cigareta v\u00e1m pon\u00faka \u00faplne nov\u00fd z\u00e1\u017eitok z chuti. Sladk\u00e1 chu\u0165 \u010du\u010doriedky v kombin\u00e1cii s \u010derstvos\u0165ou vodn\u00e9ho mel\u00f3nu vytv\u00e1ra ovocn\u00fd a osvie\u017euj\u00faci z\u00e1\u017eitok z vapovania, ktor\u00fd v\u00e1s prenesie do leta. Ka\u017ed\u00fd \u0165ah je osvie\u017euj\u00faci p\u00f4\u017eitok.<\/p>\n<h3 data-start=\"3108\" data-end=\"3180\"><strong data-start=\"3112\" data-end=\"3178\">K\u00fapte teraz a za\u017eite chu\u0165 \u010du\u010doriedky a vodn\u00e9ho mel\u00f3nu!<\/strong><\/h3>\n<p data-start=\"3181\" data-end=\"3435\" data-is-last-node=\"\" data-is-only-node=\"\">Nav\u0161t\u00edvte teraz <a href=\"https:\/\/vapingnet.de\/sk\/\" target=\"_blank\" rel=\"noopener\" data-start=\"3200\" data-end=\"3235\">vapingnet.de<\/a> a za\u010dnite svoju vapov\u00fa cestu s Bang 20000Puff Dual Mesh E-Cigaretu! Vychutnajte si jedine\u010dn\u00fa chu\u0165 \u010du\u010doriedky a vodn\u00e9ho mel\u00f3nu a za\u017eite vrchol vapovania!<\/p>","protected":false},"excerpt":{"rendered":"<p>Bang 20000Puff Dual Mesh e-cigareta \u2013 Chu\u0165 \u010du\u010doriedky a vodn\u00e9ho mel\u00f3nu, dokonal\u00e1 kombin\u00e1cia svie\u017eosti a sladkosti Chcete za\u017ei\u0165 e-cigaretu s extr\u00e9mne dlhou \u017eivotnos\u0165ou? T\u00e1...<\/p>","protected":false},"featured_media":5454,"template":"","meta":[],"etheme_brands":[],"product_brand":[101],"product_cat":[54,49,61],"product_tag":[],"class_list":{"0":"post-5453","1":"product","2":"type-product","3":"status-publish","4":"has-post-thumbnail","6":"product_brand-bang-king-vape","7":"product_cat-vape-20000-zuege","8":"product_cat-einweg-e-zigarette","9":"product_cat-f","11":"first","12":"instock","13":"shipping-taxable","14":"purchasable","15":"product-type-simple"},"yoast_head":"<!-- This site is optimized with the Yoast SEO plugin v26.5 - https:\/\/yoast.com\/wordpress\/plugins\/seo\/ -->\n<title>Bang 20000Puff Blueberry Watermelon Geschmack vapingnet.de<\/title>\n<meta name=\"description\" content=\"Erlebe den intensiven Geschmack des Bang 20000Puff mit Blueberry Watermelon. Perfekte Wahl f\u00fcr langanhaltenden Genuss! Jetzt auf vapingnet.de.\" \/>\n<meta name=\"robots\" content=\"index, follow, max-snippet:-1, max-image-preview:large, max-video-preview:-1\" \/>\n<link rel=\"canonical\" href=\"https:\/\/vapingnet.de\/sk\/vape\/bang-20000puff-blueberry-watermelon-top-qualitaet-fuer-langanhaltenden-genuss\/\" \/>\n<meta property=\"og:locale\" content=\"sk_SK\" \/>\n<meta property=\"og:type\" content=\"article\" \/>\n<meta property=\"og:title\" content=\"Bang 20000Puff Blueberry Watermelon Geschmack vapingnet.de\" \/>\n<meta property=\"og:description\" content=\"Erlebe den intensiven Geschmack des Bang 20000Puff mit Blueberry Watermelon. Perfekte Wahl f\u00fcr langanhaltenden Genuss! Jetzt auf vapingnet.de.\" \/>\n<meta property=\"og:url\" content=\"https:\/\/vapingnet.de\/sk\/vape\/bang-20000puff-blueberry-watermelon-top-qualitaet-fuer-langanhaltenden-genuss\/\" \/>\n<meta property=\"og:site_name\" content=\"Vapingnet.de\" \/>\n<meta property=\"article:publisher\" content=\"https:\/\/www.facebook.com\/vapingnetde\/\" \/>\n<meta property=\"article:modified_time\" content=\"2025-06-19T03:40:51+00:00\" \/>\n<meta property=\"og:image\" content=\"https:\/\/vapingnet.de\/wp-content\/uploads\/2025\/03\/Blueberry-Watermelon.png\" \/>\n\t<meta property=\"og:image:width\" content=\"1000\" \/>\n\t<meta property=\"og:image:height\" content=\"1000\" \/>\n\t<meta property=\"og:image:type\" content=\"image\/png\" \/>\n<meta name=\"twitter:card\" content=\"summary_large_image\" \/>\n<meta name=\"twitter:label1\" content=\"Est. reading time\" \/>\n\t<meta name=\"twitter:data1\" content=\"3 minutes\" \/>\n<script type=\"application\/ld+json\" class=\"yoast-schema-graph\">{\"@context\":\"https:\/\/schema.org\",\"@graph\":[{\"@type\":\"WebPage\",\"@id\":\"https:\/\/vapingnet.de\/vape\/bang-20000puff-blueberry-watermelon-top-qualitaet-fuer-langanhaltenden-genuss\/\",\"url\":\"https:\/\/vapingnet.de\/vape\/bang-20000puff-blueberry-watermelon-top-qualitaet-fuer-langanhaltenden-genuss\/\",\"name\":\"Bang 20000Puff Blueberry Watermelon Geschmack vapingnet.de\",\"isPartOf\":{\"@id\":\"https:\/\/vapingnet.de\/#website\"},\"primaryImageOfPage\":{\"@id\":\"https:\/\/vapingnet.de\/vape\/bang-20000puff-blueberry-watermelon-top-qualitaet-fuer-langanhaltenden-genuss\/#primaryimage\"},\"image\":{\"@id\":\"https:\/\/vapingnet.de\/vape\/bang-20000puff-blueberry-watermelon-top-qualitaet-fuer-langanhaltenden-genuss\/#primaryimage\"},\"thumbnailUrl\":\"https:\/\/vapingnet.de\/wp-content\/uploads\/2025\/03\/Blueberry-Watermelon.png\",\"datePublished\":\"2025-03-15T08:42:36+00:00\",\"dateModified\":\"2025-06-19T03:40:51+00:00\",\"description\":\"Erlebe den intensiven Geschmack des Bang 20000Puff mit Blueberry Watermelon. Perfekte Wahl f\u00fcr langanhaltenden Genuss! Jetzt auf vapingnet.de.\",\"breadcrumb\":{\"@id\":\"https:\/\/vapingnet.de\/vape\/bang-20000puff-blueberry-watermelon-top-qualitaet-fuer-langanhaltenden-genuss\/#breadcrumb\"},\"inLanguage\":\"sk-SK\",\"potentialAction\":[{\"@type\":\"ReadAction\",\"target\":[\"https:\/\/vapingnet.de\/vape\/bang-20000puff-blueberry-watermelon-top-qualitaet-fuer-langanhaltenden-genuss\/\"]}]},{\"@type\":\"ImageObject\",\"inLanguage\":\"sk-SK\",\"@id\":\"https:\/\/vapingnet.de\/vape\/bang-20000puff-blueberry-watermelon-top-qualitaet-fuer-langanhaltenden-genuss\/#primaryimage\",\"url\":\"https:\/\/vapingnet.de\/wp-content\/uploads\/2025\/03\/Blueberry-Watermelon.png\",\"contentUrl\":\"https:\/\/vapingnet.de\/wp-content\/uploads\/2025\/03\/Blueberry-Watermelon.png\",\"width\":1000,\"height\":1000,\"caption\":\"Blueberry Watermelon\"},{\"@type\":\"BreadcrumbList\",\"@id\":\"https:\/\/vapingnet.de\/vape\/bang-20000puff-blueberry-watermelon-top-qualitaet-fuer-langanhaltenden-genuss\/#breadcrumb\",\"itemListElement\":[{\"@type\":\"ListItem\",\"position\":1,\"name\":\"Home\",\"item\":\"https:\/\/vapingnet.de\/\"},{\"@type\":\"ListItem\",\"position\":2,\"name\":\"Shop\",\"item\":\"https:\/\/vapingnet.de\/vape\/\"},{\"@type\":\"ListItem\",\"position\":3,\"name\":\"Bang 20000Puff Blueberry Watermelon Top-Qualit\u00e4t f\u00fcr langanhaltenden Genuss\"}]},{\"@type\":\"WebSite\",\"@id\":\"https:\/\/vapingnet.de\/#website\",\"url\":\"https:\/\/vapingnet.de\/\",\"name\":\"Vapingnet.de\",\"description\":\"\",\"publisher\":{\"@id\":\"https:\/\/vapingnet.de\/#organization\"},\"potentialAction\":[{\"@type\":\"SearchAction\",\"target\":{\"@type\":\"EntryPoint\",\"urlTemplate\":\"https:\/\/vapingnet.de\/?s={search_term_string}\"},\"query-input\":{\"@type\":\"PropertyValueSpecification\",\"valueRequired\":true,\"valueName\":\"search_term_string\"}}],\"inLanguage\":\"sk-SK\"},{\"@type\":\"Organization\",\"@id\":\"https:\/\/vapingnet.de\/#organization\",\"name\":\"Vapingnet.de\",\"url\":\"https:\/\/vapingnet.de\/\",\"logo\":{\"@type\":\"ImageObject\",\"inLanguage\":\"sk-SK\",\"@id\":\"https:\/\/vapingnet.de\/#\/schema\/logo\/image\/\",\"url\":\"https:\/\/vapingnet.de\/wp-content\/uploads\/2025\/03\/cropped-vapingnet.de_.jpg\",\"contentUrl\":\"https:\/\/vapingnet.de\/wp-content\/uploads\/2025\/03\/cropped-vapingnet.de_.jpg\",\"width\":512,\"height\":512,\"caption\":\"Vapingnet.de\"},\"image\":{\"@id\":\"https:\/\/vapingnet.de\/#\/schema\/logo\/image\/\"},\"sameAs\":[\"https:\/\/www.facebook.com\/vapingnetde\/\"]}]}<\/script>\n<!-- \/ Yoast SEO plugin. -->","yoast_head_json":{"title":"Bang 20000Puff Blueberry Watermelon Geschmack vapingnet.de","description":"Erlebe den intensiven Geschmack des Bang 20000Puff mit Blueberry Watermelon. Perfekte Wahl f\u00fcr langanhaltenden Genuss! Jetzt auf vapingnet.de.","robots":{"index":"index","follow":"follow","max-snippet":"max-snippet:-1","max-image-preview":"max-image-preview:large","max-video-preview":"max-video-preview:-1"},"canonical":"https:\/\/vapingnet.de\/sk\/vape\/bang-20000puff-blueberry-watermelon-top-qualitaet-fuer-langanhaltenden-genuss\/","og_locale":"sk_SK","og_type":"article","og_title":"Bang 20000Puff Blueberry Watermelon Geschmack vapingnet.de","og_description":"Erlebe den intensiven Geschmack des Bang 20000Puff mit Blueberry Watermelon. Perfekte Wahl f\u00fcr langanhaltenden Genuss! Jetzt auf vapingnet.de.","og_url":"https:\/\/vapingnet.de\/sk\/vape\/bang-20000puff-blueberry-watermelon-top-qualitaet-fuer-langanhaltenden-genuss\/","og_site_name":"Vapingnet.de","article_publisher":"https:\/\/www.facebook.com\/vapingnetde\/","article_modified_time":"2025-06-19T03:40:51+00:00","og_image":[{"width":1000,"height":1000,"url":"https:\/\/vapingnet.de\/wp-content\/uploads\/2025\/03\/Blueberry-Watermelon.png","type":"image\/png"}],"twitter_card":"summary_large_image","twitter_misc":{"Est. reading time":"3 minutes"},"schema":{"@context":"https:\/\/schema.org","@graph":[{"@type":"WebPage","@id":"https:\/\/vapingnet.de\/vape\/bang-20000puff-blueberry-watermelon-top-qualitaet-fuer-langanhaltenden-genuss\/","url":"https:\/\/vapingnet.de\/vape\/bang-20000puff-blueberry-watermelon-top-qualitaet-fuer-langanhaltenden-genuss\/","name":"Bang 20000Puff Blueberry Watermelon Geschmack vapingnet.de","isPartOf":{"@id":"https:\/\/vapingnet.de\/#website"},"primaryImageOfPage":{"@id":"https:\/\/vapingnet.de\/vape\/bang-20000puff-blueberry-watermelon-top-qualitaet-fuer-langanhaltenden-genuss\/#primaryimage"},"image":{"@id":"https:\/\/vapingnet.de\/vape\/bang-20000puff-blueberry-watermelon-top-qualitaet-fuer-langanhaltenden-genuss\/#primaryimage"},"thumbnailUrl":"https:\/\/vapingnet.de\/wp-content\/uploads\/2025\/03\/Blueberry-Watermelon.png","datePublished":"2025-03-15T08:42:36+00:00","dateModified":"2025-06-19T03:40:51+00:00","description":"Erlebe den intensiven Geschmack des Bang 20000Puff mit Blueberry Watermelon. Perfekte Wahl f\u00fcr langanhaltenden Genuss! Jetzt auf vapingnet.de.","breadcrumb":{"@id":"https:\/\/vapingnet.de\/vape\/bang-20000puff-blueberry-watermelon-top-qualitaet-fuer-langanhaltenden-genuss\/#breadcrumb"},"inLanguage":"sk-SK","potentialAction":[{"@type":"ReadAction","target":["https:\/\/vapingnet.de\/vape\/bang-20000puff-blueberry-watermelon-top-qualitaet-fuer-langanhaltenden-genuss\/"]}]},{"@type":"ImageObject","inLanguage":"sk-SK","@id":"https:\/\/vapingnet.de\/vape\/bang-20000puff-blueberry-watermelon-top-qualitaet-fuer-langanhaltenden-genuss\/#primaryimage","url":"https:\/\/vapingnet.de\/wp-content\/uploads\/2025\/03\/Blueberry-Watermelon.png","contentUrl":"https:\/\/vapingnet.de\/wp-content\/uploads\/2025\/03\/Blueberry-Watermelon.png","width":1000,"height":1000,"caption":"Blueberry Watermelon"},{"@type":"BreadcrumbList","@id":"https:\/\/vapingnet.de\/vape\/bang-20000puff-blueberry-watermelon-top-qualitaet-fuer-langanhaltenden-genuss\/#breadcrumb","itemListElement":[{"@type":"ListItem","position":1,"name":"Home","item":"https:\/\/vapingnet.de\/"},{"@type":"ListItem","position":2,"name":"Shop","item":"https:\/\/vapingnet.de\/vape\/"},{"@type":"ListItem","position":3,"name":"Bang 20000Puff Blueberry Watermelon Top-Qualit\u00e4t f\u00fcr langanhaltenden Genuss"}]},{"@type":"WebSite","@id":"https:\/\/vapingnet.de\/#website","url":"https:\/\/vapingnet.de\/","name":"Vapingnet.de","description":"","publisher":{"@id":"https:\/\/vapingnet.de\/#organization"},"potentialAction":[{"@type":"SearchAction","target":{"@type":"EntryPoint","urlTemplate":"https:\/\/vapingnet.de\/?s={search_term_string}"},"query-input":{"@type":"PropertyValueSpecification","valueRequired":true,"valueName":"search_term_string"}}],"inLanguage":"sk-SK"},{"@type":"Organization","@id":"https:\/\/vapingnet.de\/#organization","name":"Vapingnet.de","url":"https:\/\/vapingnet.de\/","logo":{"@type":"ImageObject","inLanguage":"sk-SK","@id":"https:\/\/vapingnet.de\/#\/schema\/logo\/image\/","url":"https:\/\/vapingnet.de\/wp-content\/uploads\/2025\/03\/cropped-vapingnet.de_.jpg","contentUrl":"https:\/\/vapingnet.de\/wp-content\/uploads\/2025\/03\/cropped-vapingnet.de_.jpg","width":512,"height":512,"caption":"Vapingnet.de"},"image":{"@id":"https:\/\/vapingnet.de\/#\/schema\/logo\/image\/"},"sameAs":["https:\/\/www.facebook.com\/vapingnetde\/"]}]}},"tiered_pricing_type":"fixed","tiered_pricing_fixed_rules":{"10":"8.92","60":"8.03","110":"7.14","200":"6.24"},"tiered_pricing_product_settings":{"layout":"default","base_unit_name":{"singular":null,"plural":null},"default_variation":null},"tiered_pricing_minimum_quantity":null,"tiered_pricing_roles_data":[],"tiered_pricing_percentage_rules":[],"_links":{"self":[{"href":"https:\/\/vapingnet.de\/sk\/wp-json\/wp\/v2\/product\/5453","targetHints":{"allow":["GET"]}}],"collection":[{"href":"https:\/\/vapingnet.de\/sk\/wp-json\/wp\/v2\/product"}],"about":[{"href":"https:\/\/vapingnet.de\/sk\/wp-json\/wp\/v2\/types\/product"}],"version-history":[{"count":1,"href":"https:\/\/vapingnet.de\/sk\/wp-json\/wp\/v2\/product\/5453\/revisions"}],"predecessor-version":[{"id":5455,"href":"https:\/\/vapingnet.de\/sk\/wp-json\/wp\/v2\/product\/5453\/revisions\/5455"}],"wp:featuredmedia":[{"embeddable":true,"href":"https:\/\/vapingnet.de\/sk\/wp-json\/wp\/v2\/media\/5454"}],"wp:attachment":[{"href":"https:\/\/vapingnet.de\/sk\/wp-json\/wp\/v2\/media?parent=5453"}],"wp:term":[{"taxonomy":"brand","embeddable":true,"href":"https:\/\/vapingnet.de\/sk\/wp-json\/wp\/v2\/etheme_brands?post=5453"},{"taxonomy":"product_brand","embeddable":true,"href":"https:\/\/vapingnet.de\/sk\/wp-json\/wp\/v2\/product_brand?post=5453"},{"taxonomy":"product_cat","embeddable":true,"href":"https:\/\/vapingnet.de\/sk\/wp-json\/wp\/v2\/product_cat?post=5453"},{"taxonomy":"product_tag","embeddable":true,"href":"https:\/\/vapingnet.de\/sk\/wp-json\/wp\/v2\/product_tag?post=5453"}],"curies":[{"name":"wp","href":"https:\/\/api.w.org\/{rel}","templated":true}]}}