{"id":5456,"date":"2025-03-15T08:54:07","date_gmt":"2025-03-15T08:54:07","guid":{"rendered":"https:\/\/vapingnet.de\/?post_type=product&#038;p=5456"},"modified":"2025-06-19T03:40:51","modified_gmt":"2025-06-19T03:40:51","slug":"bang-20000puff-peach-ice-jetzt-steuerfrei-sichern-und-top-qualitaet-geniessen","status":"publish","type":"product","link":"https:\/\/vapingnet.de\/sk\/vape\/bang-20000puff-peach-ice-jetzt-steuerfrei-sichern-und-top-qualitaet-geniessen\/","title":{"rendered":"Bang 20000Puff Peach Ice Teraz bez dane a s najvy\u0161\u0161ou kvalitou"},"content":{"rendered":"<h2 data-start=\"0\" data-end=\"106\">Bang 20000Puff Dual Mesh E-Cigareta \u2013 Peach Ice pr\u00edchu\u0165, vychutnajte si osvie\u017euj\u00faci z\u00e1\u017eitok<\/h2>\n<p data-start=\"108\" data-end=\"491\">T\u00e1 <a href=\"https:\/\/vapingnet.de\/sk\/bang-20000-puff-dual-mesh\/\" target=\"_blank\" rel=\"noopener\"><strong>Bang 20000Puff Dual Mesh<\/strong><\/a> E-cigareta sp\u00e1ja pokro\u010dil\u00fa technol\u00f3giu Dual-Mesh ohrevu s dlhodob\u00fdm z\u00e1\u017eitkom z pou\u017e\u00edvania, tak\u017ee ka\u017ed\u00fd \u0165ah pon\u00faka dokonal\u00fa zmes pr\u00edchut\u00ed broskyne a \u013eadu. Tento \u0161t\u00fdlov\u00fd a \u013eahko ovl\u00e1date\u013en\u00fd pr\u00edstroj je ide\u00e1lny pre modern\u00fd \u017eivotn\u00fd \u0161t\u00fdl a je vhodn\u00fd na ka\u017edodenn\u00e9 pou\u017eitie alebo na cest\u00e1ch.<\/p>\n<h4 data-start=\"493\" data-end=\"512\">Hlavn\u00e9 vlastnosti<\/h4>\n<ul data-start=\"513\" data-end=\"1539\">\n<li data-start=\"513\" data-end=\"681\"><strong data-start=\"515\" data-end=\"543\">Extr\u00e9mne dlh\u00e1 \u017eivotnos\u0165<\/strong>: S 28 ml n\u00e1plne pon\u00faka e-cigareta a\u017e 20 000 \u0165ahov, pri ka\u017edom \u0165ahu si m\u00f4\u017eete vychutna\u0165 \u010derstv\u00fa pr\u00edchu\u0165 broskyne s \u013eadom.<\/li>\n<li data-start=\"682\" data-end=\"861\"><strong data-start=\"684\" data-end=\"708\">Dual-Mesh ohrevn\u00fd syst\u00e9m<\/strong>: 1,1 Ohm Dual-Mesh cievka zabezpe\u010duje jemnej\u0161\u00ed dym a intenz\u00edvnej\u0161iu chu\u0165. Dokonal\u00e1 kombin\u00e1cia broskyne a \u013eadu je okam\u017eite uvo\u013enen\u00e1.<\/li>\n<li data-start=\"862\" data-end=\"1111\"><strong data-start=\"864\" data-end=\"904\">R\u00f4zne koncentr\u00e1cie nikot\u00ednu<\/strong>: Vyberte si medzi 0%, 2%, 3% a 5% nikot\u00ednov\u00fdm so\u013eou, aby ste vyhoveli svojim individu\u00e1lnym potreb\u00e1m. \u010ci u\u017e preferujete jemn\u00fa alebo siln\u00fa chu\u0165, tu n\u00e1jdete vhodn\u00fa mo\u017enos\u0165.<\/li>\n<li data-start=\"1112\" data-end=\"1306\"><strong data-start=\"1114\" data-end=\"1151\">650mAh bat\u00e9ria, r\u00fdchle nab\u00edjanie Type-C<\/strong>: 650mAh bat\u00e9ria zabezpe\u010duje dlh\u00fa dobu pou\u017e\u00edvania, zatia\u013e \u010do r\u00fdchle nab\u00edjanie Type-C garantuje r\u00fdchle dobitie, aby ste boli v\u017edy pripraven\u00ed.<\/li>\n<li data-start=\"1307\" data-end=\"1539\"><strong data-start=\"1309\" data-end=\"1351\">Kompaktn\u00fd a prenosn\u00fd, \u0161t\u00fdlov\u00fd dizajn<\/strong>: S v\u00e1hou len 90 g je e-cigareta \u013eahk\u00e1 a pohodln\u00e1 na dr\u017eanie, ide\u00e1lna na cestovanie. LED displej v\u00e1m v\u017edy uk\u00e1\u017ee stav bat\u00e9rie, tak\u017ee v\u017edy viete, kedy je \u010das na nab\u00edjanie.<\/li>\n<\/ul>\n<h4 data-start=\"1541\" data-end=\"1921\">Peach Ice \u2013 osvie\u017euj\u00faci p\u00f4\u017eitok<\/h4>\n<p data-start=\"1541\" data-end=\"1921\">Pr\u00edchu\u0165 Peach Ice v e-cigarete Bang 20000Puff Dual Mesh je ide\u00e1lnou vo\u013ebou na hor\u00face letn\u00e9 dni. Sladk\u00e1 brosky\u0148ov\u00e1 pr\u00edchu\u0165 v kombin\u00e1cii s chladiv\u00fdm \u013eadov\u00fdm pocitom poskytuje osvie\u017euj\u00faci z\u00e1\u017eitok z vapovania, ktor\u00fd si m\u00f4\u017eete vychutna\u0165 pri ka\u017edom \u0165ahu. \u010ci doma alebo na cest\u00e1ch, t\u00e1to e-cigareta v\u00e1m v\u017edy pon\u00fakne ten najlep\u0161\u00ed p\u00f4\u017eitok.<\/p>\n<h3 data-start=\"1923\" data-end=\"1983\"><strong data-start=\"1923\" data-end=\"1981\">Pre\u010do si vybra\u0165 Bang 20000Puff Dual Mesh E-Cigaretu?<\/strong><\/h3>\n<ol data-start=\"1984\" data-end=\"2379\">\n<li data-start=\"1984\" data-end=\"2160\"><strong data-start=\"1987\" data-end=\"1999\">Colne zdarma<\/strong>: Pri n\u00e1kupe na vapingnet.de sa nemus\u00edte ob\u00e1va\u0165 <a href=\"https:\/\/vapingnet.de\/sk\/k\/f\/\" target=\"_blank\" rel=\"noopener\"><strong>coln\u00fdch poplatkov<\/strong> <\/a>\u010do v\u00e1m u\u0161etr\u00ed dodato\u010dn\u00e9 n\u00e1klady a zjednodu\u0161\u00ed n\u00e1kupn\u00fd z\u00e1\u017eitok.<\/li>\n<li data-start=\"2161\" data-end=\"2379\"><strong data-start=\"2164\" data-end=\"2211\">R\u00fdchle medzin\u00e1rodn\u00e9 doru\u010denie, presn\u00e9 dodanie<\/strong>: Pon\u00fakame r\u00fdchle leteck\u00e9 doru\u010denie do 7-15 pracovn\u00fdch dn\u00ed, tak\u017ee svoju objedn\u00e1vku r\u00fdchlo obdr\u017e\u00edte a m\u00f4\u017eete si okam\u017eite vychutna\u0165 osvie\u017euj\u00faci z\u00e1\u017eitok.<\/li>\n<\/ol>\n<p data-start=\"2381\" data-end=\"2682\" data-is-last-node=\"\" data-is-only-node=\"\">Chcete za\u017ei\u0165 dokonal\u00fa kombin\u00e1ciu svie\u017eosti a sladkosti pri ka\u017edom \u0165ahu? Nav\u0161t\u00edvte teraz vapingnet.de a k\u00fapte si Bang 20000Puff Dual Mesh e-cigaretu, aby ste si mohli vychutna\u0165 jedine\u010dn\u00fa pr\u00edchu\u0165 Peach Ice a dopria\u0165 si ultim\u00e1tny z\u00e1\u017eitok z vapovania.<\/p>","protected":false},"excerpt":{"rendered":"<p>Bang 20000Puff Dual Mesh e-cigareta \u2013 Chu\u0165 broskyne s \u013eadom, vychutnajte si osvie\u017euj\u00faci z\u00e1\u017eitok Bang 20000Puff Dual Mesh e-cigareta sp\u00e1ja pokro\u010dil\u00fa technol\u00f3giu Dual-Mesh s...<\/p>","protected":false},"featured_media":5457,"template":"","meta":[],"etheme_brands":[],"product_brand":[101],"product_cat":[54,49,61],"product_tag":[],"class_list":{"0":"post-5456","1":"product","2":"type-product","3":"status-publish","4":"has-post-thumbnail","6":"product_brand-bang-king-vape","7":"product_cat-vape-20000-zuege","8":"product_cat-einweg-e-zigarette","9":"product_cat-f","11":"first","12":"instock","13":"shipping-taxable","14":"purchasable","15":"product-type-simple"},"yoast_head":"<!-- This site is optimized with the Yoast SEO plugin v26.5 - https:\/\/yoast.com\/wordpress\/plugins\/seo\/ -->\n<title>Peach Ice Bang 20000Puff Frischer Genuss auf vapingnet.de<\/title>\n<meta name=\"description\" content=\"Genie\u00dfe den erfrischenden Peach Ice Geschmack mit dem Bang 20000Puff. Langanhaltender Genuss, jetzt auf vapingnet.de entdecken!\" \/>\n<meta name=\"robots\" content=\"index, follow, max-snippet:-1, max-image-preview:large, max-video-preview:-1\" \/>\n<link rel=\"canonical\" href=\"https:\/\/vapingnet.de\/sk\/vape\/bang-20000puff-peach-ice-jetzt-steuerfrei-sichern-und-top-qualitaet-geniessen\/\" \/>\n<meta property=\"og:locale\" content=\"sk_SK\" \/>\n<meta property=\"og:type\" content=\"article\" \/>\n<meta property=\"og:title\" content=\"Peach Ice Bang 20000Puff Frischer Genuss auf vapingnet.de\" \/>\n<meta property=\"og:description\" content=\"Genie\u00dfe den erfrischenden Peach Ice Geschmack mit dem Bang 20000Puff. Langanhaltender Genuss, jetzt auf vapingnet.de entdecken!\" \/>\n<meta property=\"og:url\" content=\"https:\/\/vapingnet.de\/sk\/vape\/bang-20000puff-peach-ice-jetzt-steuerfrei-sichern-und-top-qualitaet-geniessen\/\" \/>\n<meta property=\"og:site_name\" content=\"Vapingnet.de\" \/>\n<meta property=\"article:publisher\" content=\"https:\/\/www.facebook.com\/vapingnetde\/\" \/>\n<meta property=\"article:modified_time\" content=\"2025-06-19T03:40:51+00:00\" \/>\n<meta property=\"og:image\" content=\"https:\/\/vapingnet.de\/wp-content\/uploads\/2025\/03\/Peach-Ice-1.png\" \/>\n\t<meta property=\"og:image:width\" content=\"1000\" \/>\n\t<meta property=\"og:image:height\" content=\"1000\" \/>\n\t<meta property=\"og:image:type\" content=\"image\/png\" \/>\n<meta name=\"twitter:card\" content=\"summary_large_image\" \/>\n<meta name=\"twitter:label1\" content=\"Est. reading time\" \/>\n\t<meta name=\"twitter:data1\" content=\"3 minutes\" \/>\n<script type=\"application\/ld+json\" class=\"yoast-schema-graph\">{\"@context\":\"https:\/\/schema.org\",\"@graph\":[{\"@type\":\"WebPage\",\"@id\":\"https:\/\/vapingnet.de\/vape\/bang-20000puff-peach-ice-jetzt-steuerfrei-sichern-und-top-qualitaet-geniessen\/\",\"url\":\"https:\/\/vapingnet.de\/vape\/bang-20000puff-peach-ice-jetzt-steuerfrei-sichern-und-top-qualitaet-geniessen\/\",\"name\":\"Peach Ice Bang 20000Puff Frischer Genuss auf vapingnet.de\",\"isPartOf\":{\"@id\":\"https:\/\/vapingnet.de\/#website\"},\"primaryImageOfPage\":{\"@id\":\"https:\/\/vapingnet.de\/vape\/bang-20000puff-peach-ice-jetzt-steuerfrei-sichern-und-top-qualitaet-geniessen\/#primaryimage\"},\"image\":{\"@id\":\"https:\/\/vapingnet.de\/vape\/bang-20000puff-peach-ice-jetzt-steuerfrei-sichern-und-top-qualitaet-geniessen\/#primaryimage\"},\"thumbnailUrl\":\"https:\/\/vapingnet.de\/wp-content\/uploads\/2025\/03\/Peach-Ice-1.png\",\"datePublished\":\"2025-03-15T08:54:07+00:00\",\"dateModified\":\"2025-06-19T03:40:51+00:00\",\"description\":\"Genie\u00dfe den erfrischenden Peach Ice Geschmack mit dem Bang 20000Puff. Langanhaltender Genuss, jetzt auf vapingnet.de entdecken!\",\"breadcrumb\":{\"@id\":\"https:\/\/vapingnet.de\/vape\/bang-20000puff-peach-ice-jetzt-steuerfrei-sichern-und-top-qualitaet-geniessen\/#breadcrumb\"},\"inLanguage\":\"sk-SK\",\"potentialAction\":[{\"@type\":\"ReadAction\",\"target\":[\"https:\/\/vapingnet.de\/vape\/bang-20000puff-peach-ice-jetzt-steuerfrei-sichern-und-top-qualitaet-geniessen\/\"]}]},{\"@type\":\"ImageObject\",\"inLanguage\":\"sk-SK\",\"@id\":\"https:\/\/vapingnet.de\/vape\/bang-20000puff-peach-ice-jetzt-steuerfrei-sichern-und-top-qualitaet-geniessen\/#primaryimage\",\"url\":\"https:\/\/vapingnet.de\/wp-content\/uploads\/2025\/03\/Peach-Ice-1.png\",\"contentUrl\":\"https:\/\/vapingnet.de\/wp-content\/uploads\/2025\/03\/Peach-Ice-1.png\",\"width\":1000,\"height\":1000,\"caption\":\"Peach Ice\"},{\"@type\":\"BreadcrumbList\",\"@id\":\"https:\/\/vapingnet.de\/vape\/bang-20000puff-peach-ice-jetzt-steuerfrei-sichern-und-top-qualitaet-geniessen\/#breadcrumb\",\"itemListElement\":[{\"@type\":\"ListItem\",\"position\":1,\"name\":\"Home\",\"item\":\"https:\/\/vapingnet.de\/\"},{\"@type\":\"ListItem\",\"position\":2,\"name\":\"Shop\",\"item\":\"https:\/\/vapingnet.de\/vape\/\"},{\"@type\":\"ListItem\",\"position\":3,\"name\":\"Bang 20000Puff Peach Ice Jetzt steuerfrei sichern und Top-Qualit\u00e4t genie\u00dfen\"}]},{\"@type\":\"WebSite\",\"@id\":\"https:\/\/vapingnet.de\/#website\",\"url\":\"https:\/\/vapingnet.de\/\",\"name\":\"Vapingnet.de\",\"description\":\"\",\"publisher\":{\"@id\":\"https:\/\/vapingnet.de\/#organization\"},\"potentialAction\":[{\"@type\":\"SearchAction\",\"target\":{\"@type\":\"EntryPoint\",\"urlTemplate\":\"https:\/\/vapingnet.de\/?s={search_term_string}\"},\"query-input\":{\"@type\":\"PropertyValueSpecification\",\"valueRequired\":true,\"valueName\":\"search_term_string\"}}],\"inLanguage\":\"sk-SK\"},{\"@type\":\"Organization\",\"@id\":\"https:\/\/vapingnet.de\/#organization\",\"name\":\"Vapingnet.de\",\"url\":\"https:\/\/vapingnet.de\/\",\"logo\":{\"@type\":\"ImageObject\",\"inLanguage\":\"sk-SK\",\"@id\":\"https:\/\/vapingnet.de\/#\/schema\/logo\/image\/\",\"url\":\"https:\/\/vapingnet.de\/wp-content\/uploads\/2025\/03\/cropped-vapingnet.de_.jpg\",\"contentUrl\":\"https:\/\/vapingnet.de\/wp-content\/uploads\/2025\/03\/cropped-vapingnet.de_.jpg\",\"width\":512,\"height\":512,\"caption\":\"Vapingnet.de\"},\"image\":{\"@id\":\"https:\/\/vapingnet.de\/#\/schema\/logo\/image\/\"},\"sameAs\":[\"https:\/\/www.facebook.com\/vapingnetde\/\"]}]}<\/script>\n<!-- \/ Yoast SEO plugin. -->","yoast_head_json":{"title":"Peach Ice Bang 20000Puff Frischer Genuss auf vapingnet.de","description":"Genie\u00dfe den erfrischenden Peach Ice Geschmack mit dem Bang 20000Puff. Langanhaltender Genuss, jetzt auf vapingnet.de entdecken!","robots":{"index":"index","follow":"follow","max-snippet":"max-snippet:-1","max-image-preview":"max-image-preview:large","max-video-preview":"max-video-preview:-1"},"canonical":"https:\/\/vapingnet.de\/sk\/vape\/bang-20000puff-peach-ice-jetzt-steuerfrei-sichern-und-top-qualitaet-geniessen\/","og_locale":"sk_SK","og_type":"article","og_title":"Peach Ice Bang 20000Puff Frischer Genuss auf vapingnet.de","og_description":"Genie\u00dfe den erfrischenden Peach Ice Geschmack mit dem Bang 20000Puff. Langanhaltender Genuss, jetzt auf vapingnet.de entdecken!","og_url":"https:\/\/vapingnet.de\/sk\/vape\/bang-20000puff-peach-ice-jetzt-steuerfrei-sichern-und-top-qualitaet-geniessen\/","og_site_name":"Vapingnet.de","article_publisher":"https:\/\/www.facebook.com\/vapingnetde\/","article_modified_time":"2025-06-19T03:40:51+00:00","og_image":[{"width":1000,"height":1000,"url":"https:\/\/vapingnet.de\/wp-content\/uploads\/2025\/03\/Peach-Ice-1.png","type":"image\/png"}],"twitter_card":"summary_large_image","twitter_misc":{"Est. reading time":"3 minutes"},"schema":{"@context":"https:\/\/schema.org","@graph":[{"@type":"WebPage","@id":"https:\/\/vapingnet.de\/vape\/bang-20000puff-peach-ice-jetzt-steuerfrei-sichern-und-top-qualitaet-geniessen\/","url":"https:\/\/vapingnet.de\/vape\/bang-20000puff-peach-ice-jetzt-steuerfrei-sichern-und-top-qualitaet-geniessen\/","name":"Peach Ice Bang 20000Puff Frischer Genuss auf vapingnet.de","isPartOf":{"@id":"https:\/\/vapingnet.de\/#website"},"primaryImageOfPage":{"@id":"https:\/\/vapingnet.de\/vape\/bang-20000puff-peach-ice-jetzt-steuerfrei-sichern-und-top-qualitaet-geniessen\/#primaryimage"},"image":{"@id":"https:\/\/vapingnet.de\/vape\/bang-20000puff-peach-ice-jetzt-steuerfrei-sichern-und-top-qualitaet-geniessen\/#primaryimage"},"thumbnailUrl":"https:\/\/vapingnet.de\/wp-content\/uploads\/2025\/03\/Peach-Ice-1.png","datePublished":"2025-03-15T08:54:07+00:00","dateModified":"2025-06-19T03:40:51+00:00","description":"Genie\u00dfe den erfrischenden Peach Ice Geschmack mit dem Bang 20000Puff. Langanhaltender Genuss, jetzt auf vapingnet.de entdecken!","breadcrumb":{"@id":"https:\/\/vapingnet.de\/vape\/bang-20000puff-peach-ice-jetzt-steuerfrei-sichern-und-top-qualitaet-geniessen\/#breadcrumb"},"inLanguage":"sk-SK","potentialAction":[{"@type":"ReadAction","target":["https:\/\/vapingnet.de\/vape\/bang-20000puff-peach-ice-jetzt-steuerfrei-sichern-und-top-qualitaet-geniessen\/"]}]},{"@type":"ImageObject","inLanguage":"sk-SK","@id":"https:\/\/vapingnet.de\/vape\/bang-20000puff-peach-ice-jetzt-steuerfrei-sichern-und-top-qualitaet-geniessen\/#primaryimage","url":"https:\/\/vapingnet.de\/wp-content\/uploads\/2025\/03\/Peach-Ice-1.png","contentUrl":"https:\/\/vapingnet.de\/wp-content\/uploads\/2025\/03\/Peach-Ice-1.png","width":1000,"height":1000,"caption":"Peach Ice"},{"@type":"BreadcrumbList","@id":"https:\/\/vapingnet.de\/vape\/bang-20000puff-peach-ice-jetzt-steuerfrei-sichern-und-top-qualitaet-geniessen\/#breadcrumb","itemListElement":[{"@type":"ListItem","position":1,"name":"Home","item":"https:\/\/vapingnet.de\/"},{"@type":"ListItem","position":2,"name":"Shop","item":"https:\/\/vapingnet.de\/vape\/"},{"@type":"ListItem","position":3,"name":"Bang 20000Puff Peach Ice Jetzt steuerfrei sichern und Top-Qualit\u00e4t genie\u00dfen"}]},{"@type":"WebSite","@id":"https:\/\/vapingnet.de\/#website","url":"https:\/\/vapingnet.de\/","name":"Vapingnet.de","description":"","publisher":{"@id":"https:\/\/vapingnet.de\/#organization"},"potentialAction":[{"@type":"SearchAction","target":{"@type":"EntryPoint","urlTemplate":"https:\/\/vapingnet.de\/?s={search_term_string}"},"query-input":{"@type":"PropertyValueSpecification","valueRequired":true,"valueName":"search_term_string"}}],"inLanguage":"sk-SK"},{"@type":"Organization","@id":"https:\/\/vapingnet.de\/#organization","name":"Vapingnet.de","url":"https:\/\/vapingnet.de\/","logo":{"@type":"ImageObject","inLanguage":"sk-SK","@id":"https:\/\/vapingnet.de\/#\/schema\/logo\/image\/","url":"https:\/\/vapingnet.de\/wp-content\/uploads\/2025\/03\/cropped-vapingnet.de_.jpg","contentUrl":"https:\/\/vapingnet.de\/wp-content\/uploads\/2025\/03\/cropped-vapingnet.de_.jpg","width":512,"height":512,"caption":"Vapingnet.de"},"image":{"@id":"https:\/\/vapingnet.de\/#\/schema\/logo\/image\/"},"sameAs":["https:\/\/www.facebook.com\/vapingnetde\/"]}]}},"tiered_pricing_type":"fixed","tiered_pricing_fixed_rules":{"10":"8.92","60":"8.03","110":"7.14","200":"6.24"},"tiered_pricing_product_settings":{"layout":"default","base_unit_name":{"singular":null,"plural":null},"default_variation":null},"tiered_pricing_minimum_quantity":null,"tiered_pricing_roles_data":[],"tiered_pricing_percentage_rules":[],"_links":{"self":[{"href":"https:\/\/vapingnet.de\/sk\/wp-json\/wp\/v2\/product\/5456","targetHints":{"allow":["GET"]}}],"collection":[{"href":"https:\/\/vapingnet.de\/sk\/wp-json\/wp\/v2\/product"}],"about":[{"href":"https:\/\/vapingnet.de\/sk\/wp-json\/wp\/v2\/types\/product"}],"version-history":[{"count":1,"href":"https:\/\/vapingnet.de\/sk\/wp-json\/wp\/v2\/product\/5456\/revisions"}],"predecessor-version":[{"id":5458,"href":"https:\/\/vapingnet.de\/sk\/wp-json\/wp\/v2\/product\/5456\/revisions\/5458"}],"wp:featuredmedia":[{"embeddable":true,"href":"https:\/\/vapingnet.de\/sk\/wp-json\/wp\/v2\/media\/5457"}],"wp:attachment":[{"href":"https:\/\/vapingnet.de\/sk\/wp-json\/wp\/v2\/media?parent=5456"}],"wp:term":[{"taxonomy":"brand","embeddable":true,"href":"https:\/\/vapingnet.de\/sk\/wp-json\/wp\/v2\/etheme_brands?post=5456"},{"taxonomy":"product_brand","embeddable":true,"href":"https:\/\/vapingnet.de\/sk\/wp-json\/wp\/v2\/product_brand?post=5456"},{"taxonomy":"product_cat","embeddable":true,"href":"https:\/\/vapingnet.de\/sk\/wp-json\/wp\/v2\/product_cat?post=5456"},{"taxonomy":"product_tag","embeddable":true,"href":"https:\/\/vapingnet.de\/sk\/wp-json\/wp\/v2\/product_tag?post=5456"}],"curies":[{"name":"wp","href":"https:\/\/api.w.org\/{rel}","templated":true}]}}