{"id":5459,"date":"2025-03-15T09:03:51","date_gmt":"2025-03-15T09:03:51","guid":{"rendered":"https:\/\/vapingnet.de\/?post_type=product&#038;p=5459"},"modified":"2025-06-19T03:40:51","modified_gmt":"2025-06-19T03:40:51","slug":"mixed-fruits-bang-20000puff-premium-qualitaet-fuer-echten-fruchtgenuss","status":"publish","type":"product","link":"https:\/\/vapingnet.de\/sk\/vape\/mixed-fruits-bang-20000puff-premium-qualitaet-fuer-echten-fruchtgenuss\/","title":{"rendered":"Mixed Fruits Bang 20000Puff pr\u00e9miov\u00e1 kvalita pre skuto\u010dn\u00fd ovocn\u00fd p\u00f4\u017eitok"},"content":{"rendered":"<h2 data-start=\"0\" data-end=\"96\">Bang 20000Puff Dual Mesh E-Cigareta \u2013 Mix ovocnej chuti, vychutnajte si dlhotrvaj\u00facu svie\u017eos\u0165<\/h2>\n<p data-start=\"98\" data-end=\"605\">Ak h\u013ead\u00e1te e-cigaretu, ktor\u00e1 sp\u00e1ja inovat\u00edvnu technol\u00f3giu s dlhotrvaj\u00facim p\u00f4\u017eitkom, potom je to <a href=\"https:\/\/vapingnet.de\/sk\/bang-20000-puff-dual-mesh\/\" target=\"_blank\" rel=\"noopener\"><strong>Bang 20000Puff Dual Mesh E-Cigareta<\/strong><\/a> presne to, \u010do h\u013ead\u00e1te. T\u00e1to e-cigareta kombinuje pokro\u010dil\u00fa dual-mesh vykurovaciu technol\u00f3giu s osvie\u017euj\u00facou ovocnou zmesou a pon\u00faka nielen v\u00fdnimo\u010dn\u00fa \u017eivotnos\u0165, ale aj intenz\u00edvnu chu\u0165 pri ka\u017edom \u0165ahu. \u010ci ste sk\u00fasen\u00fd vapera alebo za\u010diato\u010dn\u00edk, tu n\u00e1jdete svoju dokonal\u00fa vo\u013ebu.<\/p>\n<h4 data-start=\"607\" data-end=\"626\">Produktov\u00e9 vlastnosti<\/h4>\n<ol data-start=\"628\" data-end=\"1902\">\n<li data-start=\"628\" data-end=\"891\">\n<p data-start=\"631\" data-end=\"891\"><strong data-start=\"631\" data-end=\"672\">20000 \u0165ahov pre dlhotrvaj\u00faci p\u00f4\u017eitok<\/strong><br data-start=\"672\" data-end=\"675\" \/>Bang 20000Puff Dual Mesh E-Cigareta obsahuje 28 ml n\u00e1plne a poskytuje a\u017e 20000 \u0165ahov. Tak m\u00f4\u017eete dlho vychutn\u00e1va\u0165 \u010derstv\u00fa a prirodzen\u00fa chu\u0165 bez neust\u00e1leho dop\u013a\u0148ania n\u00e1plne.<\/p>\n<\/li>\n<li data-start=\"893\" data-end=\"1184\">\n<p data-start=\"896\" data-end=\"1184\"><strong data-start=\"896\" data-end=\"948\">Dual-mesh vykurovacia technol\u00f3gia pre intenz\u00edvnej\u0161iu chu\u0165<\/strong><br data-start=\"948\" data-end=\"951\" \/>S 1,1 Ohmovou dual-mesh vykurovacou technol\u00f3giou t\u00e1to e-cigareta zabezpe\u010duje rovnomern\u00e9 a r\u00fdchle zahrievanie n\u00e1plne, \u010d\u00edm sa chu\u0165 st\u00e1va intenz\u00edvnej\u0161ou a para jemnej\u0161ou. Ka\u017ed\u00e9 vdychovanie je z\u00e1\u017eitkom z chuti.<\/p>\n<\/li>\n<li data-start=\"1186\" data-end=\"1444\">\n<p data-start=\"1189\" data-end=\"1444\"><strong data-start=\"1189\" data-end=\"1246\">Prisp\u00f4sobite\u013en\u00e9 nikot\u00ednov\u00e9 stupne pre individu\u00e1lny p\u00f4\u017eitok<\/strong><br data-start=\"1246\" data-end=\"1249\" \/>Bang 20000Puff Dual Mesh pon\u00faka \u0161tyri r\u00f4zne nikot\u00ednov\u00e9 stupne: 0%, 2%, 3% a 5%. Tak si m\u00f4\u017eete vybra\u0165 spr\u00e1vnu silu pod\u013ea svojich preferenci\u00ed, \u010di pre jemnej\u0161iu alebo silnej\u0161iu chu\u0165.<\/p>\n<\/li>\n<li data-start=\"1446\" data-end=\"1681\">\n<p data-start=\"1449\" data-end=\"1681\"><strong data-start=\"1449\" data-end=\"1490\">Siln\u00fd akumul\u00e1tor s r\u00fdchlym nab\u00edjan\u00edm cez Type-C<\/strong><br data-start=\"1490\" data-end=\"1493\" \/>Bat\u00e9ria s kapacitou 650mAh zabezpe\u010duje dlh\u00fa dobu pou\u017e\u00edvania a podporuje r\u00fdchle nab\u00edjanie cez Type-C. Tak\u017ee nikdy nebudete musie\u0165 dlho \u010daka\u0165 na nab\u00edjanie a r\u00fdchlo si op\u00e4\u0165 vychutn\u00e1te vapovanie.<\/p>\n<\/li>\n<li data-start=\"1683\" data-end=\"1902\">\n<p data-start=\"1686\" data-end=\"1902\"><strong data-start=\"1686\" data-end=\"1726\">\u013dahk\u00fd dizajn, ide\u00e1lny na cestovanie<\/strong><br data-start=\"1726\" data-end=\"1729\" \/>S hmotnos\u0165ou len 90 g je e-cigareta ve\u013emi \u013eahk\u00e1 a \u013eahko prenosn\u00e1. M\u00f4\u017eete ju bez probl\u00e9mov ulo\u017ei\u0165 do ta\u0161ky a vychutn\u00e1va\u0165 si ju kedyko\u013evek a kdeko\u013evek.<\/p>\n<\/li>\n<\/ol>\n<h4 data-start=\"1904\" data-end=\"1926\">V\u00fdhody pri k\u00fape<\/h4>\n<ul data-start=\"1928\" data-end=\"2309\">\n<li data-start=\"1928\" data-end=\"2099\"><strong data-start=\"1930\" data-end=\"1942\">Colne zdarma<\/strong>: Pri n\u00e1kupe na vapingnet.de sa nemus\u00edte ob\u00e1va\u0165 coln\u00fdch poplatkov, \u010do rob\u00ed n\u00e1kupn\u00fd proces jednoduch\u00fdm a lacn\u00fdm.<\/li>\n<li data-start=\"2100\" data-end=\"2309\"><strong data-start=\"2102\" data-end=\"2154\">R\u00fdchle leteck\u00e9 doru\u010denie, dodanie do 7-15 pracovn\u00fdch dn\u00ed<\/strong>: Garantujeme r\u00fdchle doru\u010denie do 7-15 pracovn\u00fdch dn\u00ed, aby ste svoju objedn\u00e1vku dostali r\u00fdchlo a mohli okam\u017eite za\u010da\u0165 vapova\u0165.<\/li>\n<\/ul>\n<h4 data-start=\"2311\" data-end=\"2389\">Osvie\u017euj\u00faca ovocn\u00e1 zmesov\u00e1 chu\u0165, vychutnajte si rozmanitos\u0165 ar\u00f3m<\/h4>\n<p data-start=\"2390\" data-end=\"2675\">Bang 20000Puff Dual Mesh E-Cigareta kombinuje \u010derstv\u00e9 a sladk\u00e9 ar\u00f3my r\u00f4znych ovocia do jedine\u010dnej zmesi. Ka\u017ed\u00e9 vdychovanie je sprev\u00e1dzan\u00e9 expl\u00f3ziou r\u00f4znych ovocn\u00fdch t\u00f3nov, ktor\u00e9 v\u00e1m pon\u00fakaj\u00fa intenz\u00edvny a dlhotrvaj\u00faci z\u00e1\u017eitok z chuti.<\/p>\n<h3>Teraz k\u00fapi\u0165 a vychutna\u0165 si \u010derstv\u00fa chu\u0165<\/h3>\n<p data-start=\"2732\" data-end=\"2901\" data-is-last-node=\"\" data-is-only-node=\"\">Nav\u0161t\u00edvte teraz <a href=\"https:\/\/vapingnet.de\/sk\/\" target=\"_new\" rel=\"noopener\" data-start=\"2751\" data-end=\"2787\">vapingnet.de<\/a>, aby ste si mohli k\u00fapi\u0165 Bang 20000Puff Dual Mesh E-Cigaretu a dopria\u0165 si jedine\u010dn\u00fa zmes ovocnej chuti.<\/p>","protected":false},"excerpt":{"rendered":"<p>Bang 20000Puff Dual Mesh E-cigareta \u2013 Mix ovocn\u00fdch pr\u00edchut\u00ed, vychutnajte si dlhotrvaj\u00facu svie\u017eos\u0165 Ak h\u013ead\u00e1te e-cigaretu, ktor\u00e1 sp\u00e1ja inovat\u00edvnu technol\u00f3giu s dlhodob\u00fdm p\u00f4\u017eitkom,...<\/p>","protected":false},"featured_media":5460,"template":"","meta":[],"etheme_brands":[],"product_brand":[101],"product_cat":[54,49,61],"product_tag":[],"class_list":{"0":"post-5459","1":"product","2":"type-product","3":"status-publish","4":"has-post-thumbnail","6":"product_brand-bang-king-vape","7":"product_cat-vape-20000-zuege","8":"product_cat-einweg-e-zigarette","9":"product_cat-f","11":"first","12":"instock","13":"shipping-taxable","14":"purchasable","15":"product-type-simple"},"yoast_head":"<!-- This site is optimized with the Yoast SEO plugin v26.5 - https:\/\/yoast.com\/wordpress\/plugins\/seo\/ -->\n<title>Entdecke Bang 20000Puff Mixed Fruits auf vapingnet.de<\/title>\n<meta name=\"description\" content=\"Erlebe den fruchtigen Mixed Fruits Geschmack des Bang 20000Puff. Langanhaltender Genuss, jetzt auf vapingnet.de entdecken!\" \/>\n<meta name=\"robots\" content=\"index, follow, max-snippet:-1, max-image-preview:large, max-video-preview:-1\" \/>\n<link rel=\"canonical\" href=\"https:\/\/vapingnet.de\/sk\/vape\/mixed-fruits-bang-20000puff-premium-qualitaet-fuer-echten-fruchtgenuss\/\" \/>\n<meta property=\"og:locale\" content=\"sk_SK\" \/>\n<meta property=\"og:type\" content=\"article\" \/>\n<meta property=\"og:title\" content=\"Entdecke Bang 20000Puff Mixed Fruits auf vapingnet.de\" \/>\n<meta property=\"og:description\" content=\"Erlebe den fruchtigen Mixed Fruits Geschmack des Bang 20000Puff. Langanhaltender Genuss, jetzt auf vapingnet.de entdecken!\" \/>\n<meta property=\"og:url\" content=\"https:\/\/vapingnet.de\/sk\/vape\/mixed-fruits-bang-20000puff-premium-qualitaet-fuer-echten-fruchtgenuss\/\" \/>\n<meta property=\"og:site_name\" content=\"Vapingnet.de\" \/>\n<meta property=\"article:publisher\" content=\"https:\/\/www.facebook.com\/vapingnetde\/\" \/>\n<meta property=\"article:modified_time\" content=\"2025-06-19T03:40:51+00:00\" \/>\n<meta property=\"og:image\" content=\"https:\/\/vapingnet.de\/wp-content\/uploads\/2025\/03\/Mixed-Fruits-1.png\" \/>\n\t<meta property=\"og:image:width\" content=\"1000\" \/>\n\t<meta property=\"og:image:height\" content=\"1000\" \/>\n\t<meta property=\"og:image:type\" content=\"image\/png\" \/>\n<meta name=\"twitter:card\" content=\"summary_large_image\" \/>\n<meta name=\"twitter:label1\" content=\"Est. reading time\" \/>\n\t<meta name=\"twitter:data1\" content=\"3 minutes\" \/>\n<script type=\"application\/ld+json\" class=\"yoast-schema-graph\">{\"@context\":\"https:\/\/schema.org\",\"@graph\":[{\"@type\":\"WebPage\",\"@id\":\"https:\/\/vapingnet.de\/vape\/mixed-fruits-bang-20000puff-premium-qualitaet-fuer-echten-fruchtgenuss\/\",\"url\":\"https:\/\/vapingnet.de\/vape\/mixed-fruits-bang-20000puff-premium-qualitaet-fuer-echten-fruchtgenuss\/\",\"name\":\"Entdecke Bang 20000Puff Mixed Fruits auf vapingnet.de\",\"isPartOf\":{\"@id\":\"https:\/\/vapingnet.de\/#website\"},\"primaryImageOfPage\":{\"@id\":\"https:\/\/vapingnet.de\/vape\/mixed-fruits-bang-20000puff-premium-qualitaet-fuer-echten-fruchtgenuss\/#primaryimage\"},\"image\":{\"@id\":\"https:\/\/vapingnet.de\/vape\/mixed-fruits-bang-20000puff-premium-qualitaet-fuer-echten-fruchtgenuss\/#primaryimage\"},\"thumbnailUrl\":\"https:\/\/vapingnet.de\/wp-content\/uploads\/2025\/03\/Mixed-Fruits-1.png\",\"datePublished\":\"2025-03-15T09:03:51+00:00\",\"dateModified\":\"2025-06-19T03:40:51+00:00\",\"description\":\"Erlebe den fruchtigen Mixed Fruits Geschmack des Bang 20000Puff. Langanhaltender Genuss, jetzt auf vapingnet.de entdecken!\",\"breadcrumb\":{\"@id\":\"https:\/\/vapingnet.de\/vape\/mixed-fruits-bang-20000puff-premium-qualitaet-fuer-echten-fruchtgenuss\/#breadcrumb\"},\"inLanguage\":\"sk-SK\",\"potentialAction\":[{\"@type\":\"ReadAction\",\"target\":[\"https:\/\/vapingnet.de\/vape\/mixed-fruits-bang-20000puff-premium-qualitaet-fuer-echten-fruchtgenuss\/\"]}]},{\"@type\":\"ImageObject\",\"inLanguage\":\"sk-SK\",\"@id\":\"https:\/\/vapingnet.de\/vape\/mixed-fruits-bang-20000puff-premium-qualitaet-fuer-echten-fruchtgenuss\/#primaryimage\",\"url\":\"https:\/\/vapingnet.de\/wp-content\/uploads\/2025\/03\/Mixed-Fruits-1.png\",\"contentUrl\":\"https:\/\/vapingnet.de\/wp-content\/uploads\/2025\/03\/Mixed-Fruits-1.png\",\"width\":1000,\"height\":1000,\"caption\":\"Mixed Fruits\"},{\"@type\":\"BreadcrumbList\",\"@id\":\"https:\/\/vapingnet.de\/vape\/mixed-fruits-bang-20000puff-premium-qualitaet-fuer-echten-fruchtgenuss\/#breadcrumb\",\"itemListElement\":[{\"@type\":\"ListItem\",\"position\":1,\"name\":\"Home\",\"item\":\"https:\/\/vapingnet.de\/\"},{\"@type\":\"ListItem\",\"position\":2,\"name\":\"Shop\",\"item\":\"https:\/\/vapingnet.de\/vape\/\"},{\"@type\":\"ListItem\",\"position\":3,\"name\":\"Mixed Fruits Bang 20000Puff Premium Qualit\u00e4t f\u00fcr echten Fruchtgenuss\"}]},{\"@type\":\"WebSite\",\"@id\":\"https:\/\/vapingnet.de\/#website\",\"url\":\"https:\/\/vapingnet.de\/\",\"name\":\"Vapingnet.de\",\"description\":\"\",\"publisher\":{\"@id\":\"https:\/\/vapingnet.de\/#organization\"},\"potentialAction\":[{\"@type\":\"SearchAction\",\"target\":{\"@type\":\"EntryPoint\",\"urlTemplate\":\"https:\/\/vapingnet.de\/?s={search_term_string}\"},\"query-input\":{\"@type\":\"PropertyValueSpecification\",\"valueRequired\":true,\"valueName\":\"search_term_string\"}}],\"inLanguage\":\"sk-SK\"},{\"@type\":\"Organization\",\"@id\":\"https:\/\/vapingnet.de\/#organization\",\"name\":\"Vapingnet.de\",\"url\":\"https:\/\/vapingnet.de\/\",\"logo\":{\"@type\":\"ImageObject\",\"inLanguage\":\"sk-SK\",\"@id\":\"https:\/\/vapingnet.de\/#\/schema\/logo\/image\/\",\"url\":\"https:\/\/vapingnet.de\/wp-content\/uploads\/2025\/03\/cropped-vapingnet.de_.jpg\",\"contentUrl\":\"https:\/\/vapingnet.de\/wp-content\/uploads\/2025\/03\/cropped-vapingnet.de_.jpg\",\"width\":512,\"height\":512,\"caption\":\"Vapingnet.de\"},\"image\":{\"@id\":\"https:\/\/vapingnet.de\/#\/schema\/logo\/image\/\"},\"sameAs\":[\"https:\/\/www.facebook.com\/vapingnetde\/\"]}]}<\/script>\n<!-- \/ Yoast SEO plugin. -->","yoast_head_json":{"title":"Entdecke Bang 20000Puff Mixed Fruits auf vapingnet.de","description":"Erlebe den fruchtigen Mixed Fruits Geschmack des Bang 20000Puff. Langanhaltender Genuss, jetzt auf vapingnet.de entdecken!","robots":{"index":"index","follow":"follow","max-snippet":"max-snippet:-1","max-image-preview":"max-image-preview:large","max-video-preview":"max-video-preview:-1"},"canonical":"https:\/\/vapingnet.de\/sk\/vape\/mixed-fruits-bang-20000puff-premium-qualitaet-fuer-echten-fruchtgenuss\/","og_locale":"sk_SK","og_type":"article","og_title":"Entdecke Bang 20000Puff Mixed Fruits auf vapingnet.de","og_description":"Erlebe den fruchtigen Mixed Fruits Geschmack des Bang 20000Puff. Langanhaltender Genuss, jetzt auf vapingnet.de entdecken!","og_url":"https:\/\/vapingnet.de\/sk\/vape\/mixed-fruits-bang-20000puff-premium-qualitaet-fuer-echten-fruchtgenuss\/","og_site_name":"Vapingnet.de","article_publisher":"https:\/\/www.facebook.com\/vapingnetde\/","article_modified_time":"2025-06-19T03:40:51+00:00","og_image":[{"width":1000,"height":1000,"url":"https:\/\/vapingnet.de\/wp-content\/uploads\/2025\/03\/Mixed-Fruits-1.png","type":"image\/png"}],"twitter_card":"summary_large_image","twitter_misc":{"Est. reading time":"3 minutes"},"schema":{"@context":"https:\/\/schema.org","@graph":[{"@type":"WebPage","@id":"https:\/\/vapingnet.de\/vape\/mixed-fruits-bang-20000puff-premium-qualitaet-fuer-echten-fruchtgenuss\/","url":"https:\/\/vapingnet.de\/vape\/mixed-fruits-bang-20000puff-premium-qualitaet-fuer-echten-fruchtgenuss\/","name":"Entdecke Bang 20000Puff Mixed Fruits auf vapingnet.de","isPartOf":{"@id":"https:\/\/vapingnet.de\/#website"},"primaryImageOfPage":{"@id":"https:\/\/vapingnet.de\/vape\/mixed-fruits-bang-20000puff-premium-qualitaet-fuer-echten-fruchtgenuss\/#primaryimage"},"image":{"@id":"https:\/\/vapingnet.de\/vape\/mixed-fruits-bang-20000puff-premium-qualitaet-fuer-echten-fruchtgenuss\/#primaryimage"},"thumbnailUrl":"https:\/\/vapingnet.de\/wp-content\/uploads\/2025\/03\/Mixed-Fruits-1.png","datePublished":"2025-03-15T09:03:51+00:00","dateModified":"2025-06-19T03:40:51+00:00","description":"Erlebe den fruchtigen Mixed Fruits Geschmack des Bang 20000Puff. Langanhaltender Genuss, jetzt auf vapingnet.de entdecken!","breadcrumb":{"@id":"https:\/\/vapingnet.de\/vape\/mixed-fruits-bang-20000puff-premium-qualitaet-fuer-echten-fruchtgenuss\/#breadcrumb"},"inLanguage":"sk-SK","potentialAction":[{"@type":"ReadAction","target":["https:\/\/vapingnet.de\/vape\/mixed-fruits-bang-20000puff-premium-qualitaet-fuer-echten-fruchtgenuss\/"]}]},{"@type":"ImageObject","inLanguage":"sk-SK","@id":"https:\/\/vapingnet.de\/vape\/mixed-fruits-bang-20000puff-premium-qualitaet-fuer-echten-fruchtgenuss\/#primaryimage","url":"https:\/\/vapingnet.de\/wp-content\/uploads\/2025\/03\/Mixed-Fruits-1.png","contentUrl":"https:\/\/vapingnet.de\/wp-content\/uploads\/2025\/03\/Mixed-Fruits-1.png","width":1000,"height":1000,"caption":"Mixed Fruits"},{"@type":"BreadcrumbList","@id":"https:\/\/vapingnet.de\/vape\/mixed-fruits-bang-20000puff-premium-qualitaet-fuer-echten-fruchtgenuss\/#breadcrumb","itemListElement":[{"@type":"ListItem","position":1,"name":"Home","item":"https:\/\/vapingnet.de\/"},{"@type":"ListItem","position":2,"name":"Shop","item":"https:\/\/vapingnet.de\/vape\/"},{"@type":"ListItem","position":3,"name":"Mixed Fruits Bang 20000Puff Premium Qualit\u00e4t f\u00fcr echten Fruchtgenuss"}]},{"@type":"WebSite","@id":"https:\/\/vapingnet.de\/#website","url":"https:\/\/vapingnet.de\/","name":"Vapingnet.de","description":"","publisher":{"@id":"https:\/\/vapingnet.de\/#organization"},"potentialAction":[{"@type":"SearchAction","target":{"@type":"EntryPoint","urlTemplate":"https:\/\/vapingnet.de\/?s={search_term_string}"},"query-input":{"@type":"PropertyValueSpecification","valueRequired":true,"valueName":"search_term_string"}}],"inLanguage":"sk-SK"},{"@type":"Organization","@id":"https:\/\/vapingnet.de\/#organization","name":"Vapingnet.de","url":"https:\/\/vapingnet.de\/","logo":{"@type":"ImageObject","inLanguage":"sk-SK","@id":"https:\/\/vapingnet.de\/#\/schema\/logo\/image\/","url":"https:\/\/vapingnet.de\/wp-content\/uploads\/2025\/03\/cropped-vapingnet.de_.jpg","contentUrl":"https:\/\/vapingnet.de\/wp-content\/uploads\/2025\/03\/cropped-vapingnet.de_.jpg","width":512,"height":512,"caption":"Vapingnet.de"},"image":{"@id":"https:\/\/vapingnet.de\/#\/schema\/logo\/image\/"},"sameAs":["https:\/\/www.facebook.com\/vapingnetde\/"]}]}},"tiered_pricing_type":"fixed","tiered_pricing_fixed_rules":{"10":"8.92","60":"8.03","110":"7.14","200":"6.24"},"tiered_pricing_product_settings":{"layout":"default","base_unit_name":{"singular":null,"plural":null},"default_variation":null},"tiered_pricing_minimum_quantity":null,"tiered_pricing_roles_data":[],"tiered_pricing_percentage_rules":[],"_links":{"self":[{"href":"https:\/\/vapingnet.de\/sk\/wp-json\/wp\/v2\/product\/5459","targetHints":{"allow":["GET"]}}],"collection":[{"href":"https:\/\/vapingnet.de\/sk\/wp-json\/wp\/v2\/product"}],"about":[{"href":"https:\/\/vapingnet.de\/sk\/wp-json\/wp\/v2\/types\/product"}],"version-history":[{"count":1,"href":"https:\/\/vapingnet.de\/sk\/wp-json\/wp\/v2\/product\/5459\/revisions"}],"predecessor-version":[{"id":5461,"href":"https:\/\/vapingnet.de\/sk\/wp-json\/wp\/v2\/product\/5459\/revisions\/5461"}],"wp:featuredmedia":[{"embeddable":true,"href":"https:\/\/vapingnet.de\/sk\/wp-json\/wp\/v2\/media\/5460"}],"wp:attachment":[{"href":"https:\/\/vapingnet.de\/sk\/wp-json\/wp\/v2\/media?parent=5459"}],"wp:term":[{"taxonomy":"brand","embeddable":true,"href":"https:\/\/vapingnet.de\/sk\/wp-json\/wp\/v2\/etheme_brands?post=5459"},{"taxonomy":"product_brand","embeddable":true,"href":"https:\/\/vapingnet.de\/sk\/wp-json\/wp\/v2\/product_brand?post=5459"},{"taxonomy":"product_cat","embeddable":true,"href":"https:\/\/vapingnet.de\/sk\/wp-json\/wp\/v2\/product_cat?post=5459"},{"taxonomy":"product_tag","embeddable":true,"href":"https:\/\/vapingnet.de\/sk\/wp-json\/wp\/v2\/product_tag?post=5459"}],"curies":[{"name":"wp","href":"https:\/\/api.w.org\/{rel}","templated":true}]}}