{"id":5462,"date":"2025-03-15T09:11:03","date_gmt":"2025-03-15T09:11:03","guid":{"rendered":"https:\/\/vapingnet.de\/?post_type=product&#038;p=5462"},"modified":"2025-06-19T03:40:50","modified_gmt":"2025-06-19T03:40:50","slug":"red-bull-bang-20000puff-langanhaltender-genuss-premium-qualitaet-garantiert","status":"publish","type":"product","link":"https:\/\/vapingnet.de\/sk\/vape\/red-bull-bang-20000puff-langanhaltender-genuss-premium-qualitaet-garantiert\/","title":{"rendered":"Red Bull Bang 20000Puff dlhotrvaj\u00faca chu\u0165, zaru\u010den\u00e1 pr\u00e9miov\u00e1 kvalita"},"content":{"rendered":"<h2 data-start=\"0\" data-end=\"106\">Bang 20000Puff Dual Mesh E-Cigareta \u2013 Pr\u00edchu\u0165 Red Bull, vychutnajte si energizuj\u00faci z\u00e1\u017eitok<\/h2>\n<p data-start=\"108\" data-end=\"480\">Bang 20000Puff Dual Mesh E-Cigareta s jej v\u00fdnimo\u010dn\u00fdm dizajnom a vzru\u0161uj\u00facou pr\u00edchu\u0165ou Red Bull zabezpe\u010duje jedine\u010dn\u00fd z\u00e1\u017eitok z vapovania. Ak h\u013ead\u00e1te dlhodob\u00fa a intenz\u00edvnu sk\u00fasenos\u0165 s vapovan\u00edm, t\u00e1to e-cigareta je presne pre v\u00e1s. Od dizajnu a\u017e po ka\u017ed\u00fd \u0165ah v\u00e1m pon\u00faka \u00faplne nov\u00fd a vzru\u0161uj\u00faci z\u00e1\u017eitok z vapovania.<\/p>\n<h4 data-start=\"482\" data-end=\"505\">Produktov\u00e9 vlastnosti<\/h4>\n<p data-start=\"507\" data-end=\"861\"><strong data-start=\"507\" data-end=\"551\">Dlhodob\u00e9 vapovanie, a\u017e 20000 \u0165ahov<\/strong><br data-start=\"551\" data-end=\"554\" \/>S kapacitou 28 ml e-liquidu pon\u00faka Bang 20000Puff Dual Mesh E-Cigareta a\u017e <a href=\"https:\/\/vapingnet.de\/sk\/k\/vape-20000-zuege\/\" target=\"_blank\" rel=\"noopener\"><strong>20000 \u0165ahov<\/strong><\/a>. Nemus\u00edte sa ob\u00e1va\u0165 \u010dast\u00e9ho dop\u013a\u0148ania alebo v\u00fdmeny zariaden\u00ed. Dlhodob\u00e9 pote\u0161enie je zaru\u010den\u00e9, tak\u017ee si m\u00f4\u017eete plne vychutna\u0165 ka\u017ed\u00fd okamih svojho vapovacieho z\u00e1\u017eitku.<\/p>\n<p data-start=\"863\" data-end=\"1283\"><strong data-start=\"863\" data-end=\"926\">Inovat\u00edvny dual-mesh vykurovac\u00ed syst\u00e9m pre intenz\u00edvnej\u0161iu chu\u0165<\/strong><br data-start=\"926\" data-end=\"929\" \/>S 1,1 Ohmov\u00fdm dual-mesh vykurovac\u00edm syst\u00e9mom zabezpe\u010duje t\u00e1to e-cigareta r\u00fdchle a rovnomern\u00e9 zahrievanie liquidu. To vedie k jemn\u00e9mu, jemn\u00e9mu pare s intenz\u00edvnou a chutnou pr\u00edchu\u0165ou Red Bull pri ka\u017edom \u0165ahu. Technol\u00f3gia vykurovania zv\u00fdraz\u0148uje chu\u0165 a zabezpe\u010duje kon\u0161tantn\u00fd, kvalitn\u00fd z\u00e1\u017eitok z vapovania.<\/p>\n<p data-start=\"1285\" data-end=\"1568\"><strong data-start=\"1285\" data-end=\"1325\">\u0160tyri \u00farovne nikot\u00ednu pre ka\u017ed\u00fd po\u017eiadavok<\/strong><br data-start=\"1325\" data-end=\"1328\" \/>Bang 20000Puff Dual Mesh E-Cigareta pon\u00faka \u0161tyri r\u00f4zne \u00farovne nikot\u00ednu: 0%, 2%, 3% a 5%. \u010ci u\u017e si \u017eel\u00e1te jemnej\u0161\u00ed alebo silnej\u0161\u00ed z\u00e1\u017eitok, m\u00f4\u017eete si vybra\u0165 \u00farove\u0148 nikot\u00ednu pod\u013ea svojho osobn\u00e9ho vkusu.<\/p>\n<p data-start=\"1570\" data-end=\"1827\"><strong data-start=\"1570\" data-end=\"1614\">Bat\u00e9ria 650mAh s r\u00fdchlym nab\u00edjan\u00edm cez Type-C<\/strong><br data-start=\"1614\" data-end=\"1617\" \/>Bat\u00e9ria 650mAh zabezpe\u010duje dlh\u00e9 pou\u017e\u00edvanie a umo\u017e\u0148uje r\u00fdchle nab\u00edjanie v\u010faka rozhraniu Type-C. Tak\u017ee m\u00f4\u017eete kedyko\u013evek r\u00fdchlo pokra\u010dova\u0165 v vapovan\u00ed bez dlh\u00e9ho \u010dakania na nabitie.<\/p>\n<p data-start=\"1829\" data-end=\"2050\"><strong data-start=\"1829\" data-end=\"1851\">\u013dahk\u00e1 a prenosn\u00e1<\/strong><br data-start=\"1851\" data-end=\"1854\" \/>S hmotnos\u0165ou len 90 g na kus je t\u00e1to e-cigareta neuverite\u013ene \u013eahk\u00e1 a \u013eahko prenosn\u00e1. \u010ci u\u017e doma alebo na cest\u00e1ch \u2013 \u013eahko sa zmest\u00ed do ta\u0161ky a m\u00f4\u017eete si ju vychutna\u0165 kedyko\u013evek.<\/p>\n<h4 data-start=\"2052\" data-end=\"2078\">V\u00fdhody pri k\u00fape<\/h4>\n<ul data-start=\"2080\" data-end=\"2439\">\n<li data-start=\"2080\" data-end=\"2230\"><strong data-start=\"2082\" data-end=\"2094\">Colne zdarma<\/strong>: Pri n\u00e1kupe na vapingnet.de neplatia \u017eiadne<a href=\"https:\/\/vapingnet.de\/sk\/k\/f\/\" target=\"_blank\" rel=\"noopener\"><strong> coln\u00fdch poplatkov<\/strong><\/a> poplatky, \u010do rob\u00ed n\u00e1kup jednoduch\u00fdm a transparentn\u00fdm.<\/li>\n<li data-start=\"2231\" data-end=\"2439\"><strong data-start=\"2233\" data-end=\"2285\">R\u00fdchle leteck\u00e9 doru\u010denie, dodanie do 7-15 pracovn\u00fdch dn\u00ed<\/strong>: Zaru\u010dujeme r\u00fdchle doru\u010denie do 7-15 pracovn\u00fdch dn\u00ed, aby ste svoj produkt dostali r\u00fdchlo a mohli okam\u017eite za\u010da\u0165 vapova\u0165.<\/li>\n<\/ul>\n<h3>Pr\u00edchu\u0165 Red Bull pre energiu a svie\u017eos\u0165<\/h3>\n<p data-start=\"2494\" data-end=\"2849\">Pr\u00edchu\u0165 Red Bull v Bang 20000Puff Dual Mesh E-Cigarete zabezpe\u010duje osvie\u017euj\u00faci, energizuj\u00faci z\u00e1\u017eitok z vapovania. Chu\u0165 pripom\u00edna zn\u00e1me osvie\u017euj\u00face n\u00e1poje a pon\u00faka v\u00e1m maxim\u00e1lny pocit svie\u017eosti a vitality. Ka\u017ed\u00e9 vdychnutie v\u00e1s dostane na maximum a umo\u017en\u00ed v\u00e1m za\u017ei\u0165 cel\u00fa energiu pr\u00edchute Red Bull.<\/p>\n<h4 data-start=\"2851\" data-end=\"2894\">K\u00fapte teraz a za\u017eite Red Bull<\/h4>\n<p data-start=\"2895\" data-end=\"3131\" data-is-last-node=\"\" data-is-only-node=\"\">Nav\u0161t\u00edvte <a href=\"https:\/\/vapingnet.de\/sk\/\" target=\"_new\" rel=\"noopener\" data-start=\"2908\" data-end=\"2944\">vapingnet.de<\/a>, aby ste si mohli k\u00fapi\u0165 Bang 20000Puff Dual Mesh E-Zigaretku a vychutna\u0165 si osvie\u017euj\u00facu chu\u0165 Red Bull. Z\u00edskajte svoju e-cigaretu e\u0161te dnes a za\u017eite pln\u00fa energiu!<\/p>","protected":false},"excerpt":{"rendered":"<p>Bang 20000Puff Dual Mesh E-\u017euva\u010dka \u2013 Chu\u0165 Red Bull, vychutnajte si energick\u00fa sk\u00fasenos\u0165 Bang 20000Puff Dual Mesh E-\u017euva\u010dka s jej mimoriadnym dizajnom a...<\/p>","protected":false},"featured_media":5463,"template":"","meta":[],"etheme_brands":[],"product_brand":[101],"product_cat":[54,49,61],"product_tag":[],"class_list":{"0":"post-5462","1":"product","2":"type-product","3":"status-publish","4":"has-post-thumbnail","6":"product_brand-bang-king-vape","7":"product_cat-vape-20000-zuege","8":"product_cat-einweg-e-zigarette","9":"product_cat-f","11":"first","12":"instock","13":"shipping-taxable","14":"purchasable","15":"product-type-simple"},"yoast_head":"<!-- This site is optimized with the Yoast SEO plugin v26.5 - https:\/\/yoast.com\/wordpress\/plugins\/seo\/ -->\n<title>Entdecke Bang 20000Puff Red Bull Geschmack auf vapingnet.de<\/title>\n<meta name=\"description\" content=\"Erlebe den erfrischenden Red Bull Geschmack des Bang 20000Puff. Langanhaltender Genuss, jetzt auf vapingnet.de erh\u00e4ltlich!\" \/>\n<meta name=\"robots\" content=\"index, follow, max-snippet:-1, max-image-preview:large, max-video-preview:-1\" \/>\n<link rel=\"canonical\" href=\"https:\/\/vapingnet.de\/sk\/vape\/red-bull-bang-20000puff-langanhaltender-genuss-premium-qualitaet-garantiert\/\" \/>\n<meta property=\"og:locale\" content=\"sk_SK\" \/>\n<meta property=\"og:type\" content=\"article\" \/>\n<meta property=\"og:title\" content=\"Entdecke Bang 20000Puff Red Bull Geschmack auf vapingnet.de\" \/>\n<meta property=\"og:description\" content=\"Erlebe den erfrischenden Red Bull Geschmack des Bang 20000Puff. Langanhaltender Genuss, jetzt auf vapingnet.de erh\u00e4ltlich!\" \/>\n<meta property=\"og:url\" content=\"https:\/\/vapingnet.de\/sk\/vape\/red-bull-bang-20000puff-langanhaltender-genuss-premium-qualitaet-garantiert\/\" \/>\n<meta property=\"og:site_name\" content=\"Vapingnet.de\" \/>\n<meta property=\"article:publisher\" content=\"https:\/\/www.facebook.com\/vapingnetde\/\" \/>\n<meta property=\"article:modified_time\" content=\"2025-06-19T03:40:50+00:00\" \/>\n<meta property=\"og:image\" content=\"https:\/\/vapingnet.de\/wp-content\/uploads\/2025\/03\/Red-Bull.png\" \/>\n\t<meta property=\"og:image:width\" content=\"1000\" \/>\n\t<meta property=\"og:image:height\" content=\"1000\" \/>\n\t<meta property=\"og:image:type\" content=\"image\/png\" \/>\n<meta name=\"twitter:card\" content=\"summary_large_image\" \/>\n<meta name=\"twitter:label1\" content=\"Est. reading time\" \/>\n\t<meta name=\"twitter:data1\" content=\"3 minutes\" \/>\n<script type=\"application\/ld+json\" class=\"yoast-schema-graph\">{\"@context\":\"https:\/\/schema.org\",\"@graph\":[{\"@type\":\"WebPage\",\"@id\":\"https:\/\/vapingnet.de\/vape\/red-bull-bang-20000puff-langanhaltender-genuss-premium-qualitaet-garantiert\/\",\"url\":\"https:\/\/vapingnet.de\/vape\/red-bull-bang-20000puff-langanhaltender-genuss-premium-qualitaet-garantiert\/\",\"name\":\"Entdecke Bang 20000Puff Red Bull Geschmack auf vapingnet.de\",\"isPartOf\":{\"@id\":\"https:\/\/vapingnet.de\/#website\"},\"primaryImageOfPage\":{\"@id\":\"https:\/\/vapingnet.de\/vape\/red-bull-bang-20000puff-langanhaltender-genuss-premium-qualitaet-garantiert\/#primaryimage\"},\"image\":{\"@id\":\"https:\/\/vapingnet.de\/vape\/red-bull-bang-20000puff-langanhaltender-genuss-premium-qualitaet-garantiert\/#primaryimage\"},\"thumbnailUrl\":\"https:\/\/vapingnet.de\/wp-content\/uploads\/2025\/03\/Red-Bull.png\",\"datePublished\":\"2025-03-15T09:11:03+00:00\",\"dateModified\":\"2025-06-19T03:40:50+00:00\",\"description\":\"Erlebe den erfrischenden Red Bull Geschmack des Bang 20000Puff. Langanhaltender Genuss, jetzt auf vapingnet.de erh\u00e4ltlich!\",\"breadcrumb\":{\"@id\":\"https:\/\/vapingnet.de\/vape\/red-bull-bang-20000puff-langanhaltender-genuss-premium-qualitaet-garantiert\/#breadcrumb\"},\"inLanguage\":\"sk-SK\",\"potentialAction\":[{\"@type\":\"ReadAction\",\"target\":[\"https:\/\/vapingnet.de\/vape\/red-bull-bang-20000puff-langanhaltender-genuss-premium-qualitaet-garantiert\/\"]}]},{\"@type\":\"ImageObject\",\"inLanguage\":\"sk-SK\",\"@id\":\"https:\/\/vapingnet.de\/vape\/red-bull-bang-20000puff-langanhaltender-genuss-premium-qualitaet-garantiert\/#primaryimage\",\"url\":\"https:\/\/vapingnet.de\/wp-content\/uploads\/2025\/03\/Red-Bull.png\",\"contentUrl\":\"https:\/\/vapingnet.de\/wp-content\/uploads\/2025\/03\/Red-Bull.png\",\"width\":1000,\"height\":1000,\"caption\":\"Red Bull\"},{\"@type\":\"BreadcrumbList\",\"@id\":\"https:\/\/vapingnet.de\/vape\/red-bull-bang-20000puff-langanhaltender-genuss-premium-qualitaet-garantiert\/#breadcrumb\",\"itemListElement\":[{\"@type\":\"ListItem\",\"position\":1,\"name\":\"Home\",\"item\":\"https:\/\/vapingnet.de\/\"},{\"@type\":\"ListItem\",\"position\":2,\"name\":\"Shop\",\"item\":\"https:\/\/vapingnet.de\/vape\/\"},{\"@type\":\"ListItem\",\"position\":3,\"name\":\"Red Bull Bang 20000Puff Langanhaltender Genuss Premium Qualit\u00e4t garantiert\"}]},{\"@type\":\"WebSite\",\"@id\":\"https:\/\/vapingnet.de\/#website\",\"url\":\"https:\/\/vapingnet.de\/\",\"name\":\"Vapingnet.de\",\"description\":\"\",\"publisher\":{\"@id\":\"https:\/\/vapingnet.de\/#organization\"},\"potentialAction\":[{\"@type\":\"SearchAction\",\"target\":{\"@type\":\"EntryPoint\",\"urlTemplate\":\"https:\/\/vapingnet.de\/?s={search_term_string}\"},\"query-input\":{\"@type\":\"PropertyValueSpecification\",\"valueRequired\":true,\"valueName\":\"search_term_string\"}}],\"inLanguage\":\"sk-SK\"},{\"@type\":\"Organization\",\"@id\":\"https:\/\/vapingnet.de\/#organization\",\"name\":\"Vapingnet.de\",\"url\":\"https:\/\/vapingnet.de\/\",\"logo\":{\"@type\":\"ImageObject\",\"inLanguage\":\"sk-SK\",\"@id\":\"https:\/\/vapingnet.de\/#\/schema\/logo\/image\/\",\"url\":\"https:\/\/vapingnet.de\/wp-content\/uploads\/2025\/03\/cropped-vapingnet.de_.jpg\",\"contentUrl\":\"https:\/\/vapingnet.de\/wp-content\/uploads\/2025\/03\/cropped-vapingnet.de_.jpg\",\"width\":512,\"height\":512,\"caption\":\"Vapingnet.de\"},\"image\":{\"@id\":\"https:\/\/vapingnet.de\/#\/schema\/logo\/image\/\"},\"sameAs\":[\"https:\/\/www.facebook.com\/vapingnetde\/\"]}]}<\/script>\n<!-- \/ Yoast SEO plugin. -->","yoast_head_json":{"title":"Entdecke Bang 20000Puff Red Bull Geschmack auf vapingnet.de","description":"Erlebe den erfrischenden Red Bull Geschmack des Bang 20000Puff. Langanhaltender Genuss, jetzt auf vapingnet.de erh\u00e4ltlich!","robots":{"index":"index","follow":"follow","max-snippet":"max-snippet:-1","max-image-preview":"max-image-preview:large","max-video-preview":"max-video-preview:-1"},"canonical":"https:\/\/vapingnet.de\/sk\/vape\/red-bull-bang-20000puff-langanhaltender-genuss-premium-qualitaet-garantiert\/","og_locale":"sk_SK","og_type":"article","og_title":"Entdecke Bang 20000Puff Red Bull Geschmack auf vapingnet.de","og_description":"Erlebe den erfrischenden Red Bull Geschmack des Bang 20000Puff. Langanhaltender Genuss, jetzt auf vapingnet.de erh\u00e4ltlich!","og_url":"https:\/\/vapingnet.de\/sk\/vape\/red-bull-bang-20000puff-langanhaltender-genuss-premium-qualitaet-garantiert\/","og_site_name":"Vapingnet.de","article_publisher":"https:\/\/www.facebook.com\/vapingnetde\/","article_modified_time":"2025-06-19T03:40:50+00:00","og_image":[{"width":1000,"height":1000,"url":"https:\/\/vapingnet.de\/wp-content\/uploads\/2025\/03\/Red-Bull.png","type":"image\/png"}],"twitter_card":"summary_large_image","twitter_misc":{"Est. reading time":"3 minutes"},"schema":{"@context":"https:\/\/schema.org","@graph":[{"@type":"WebPage","@id":"https:\/\/vapingnet.de\/vape\/red-bull-bang-20000puff-langanhaltender-genuss-premium-qualitaet-garantiert\/","url":"https:\/\/vapingnet.de\/vape\/red-bull-bang-20000puff-langanhaltender-genuss-premium-qualitaet-garantiert\/","name":"Entdecke Bang 20000Puff Red Bull Geschmack auf vapingnet.de","isPartOf":{"@id":"https:\/\/vapingnet.de\/#website"},"primaryImageOfPage":{"@id":"https:\/\/vapingnet.de\/vape\/red-bull-bang-20000puff-langanhaltender-genuss-premium-qualitaet-garantiert\/#primaryimage"},"image":{"@id":"https:\/\/vapingnet.de\/vape\/red-bull-bang-20000puff-langanhaltender-genuss-premium-qualitaet-garantiert\/#primaryimage"},"thumbnailUrl":"https:\/\/vapingnet.de\/wp-content\/uploads\/2025\/03\/Red-Bull.png","datePublished":"2025-03-15T09:11:03+00:00","dateModified":"2025-06-19T03:40:50+00:00","description":"Erlebe den erfrischenden Red Bull Geschmack des Bang 20000Puff. Langanhaltender Genuss, jetzt auf vapingnet.de erh\u00e4ltlich!","breadcrumb":{"@id":"https:\/\/vapingnet.de\/vape\/red-bull-bang-20000puff-langanhaltender-genuss-premium-qualitaet-garantiert\/#breadcrumb"},"inLanguage":"sk-SK","potentialAction":[{"@type":"ReadAction","target":["https:\/\/vapingnet.de\/vape\/red-bull-bang-20000puff-langanhaltender-genuss-premium-qualitaet-garantiert\/"]}]},{"@type":"ImageObject","inLanguage":"sk-SK","@id":"https:\/\/vapingnet.de\/vape\/red-bull-bang-20000puff-langanhaltender-genuss-premium-qualitaet-garantiert\/#primaryimage","url":"https:\/\/vapingnet.de\/wp-content\/uploads\/2025\/03\/Red-Bull.png","contentUrl":"https:\/\/vapingnet.de\/wp-content\/uploads\/2025\/03\/Red-Bull.png","width":1000,"height":1000,"caption":"Red Bull"},{"@type":"BreadcrumbList","@id":"https:\/\/vapingnet.de\/vape\/red-bull-bang-20000puff-langanhaltender-genuss-premium-qualitaet-garantiert\/#breadcrumb","itemListElement":[{"@type":"ListItem","position":1,"name":"Home","item":"https:\/\/vapingnet.de\/"},{"@type":"ListItem","position":2,"name":"Shop","item":"https:\/\/vapingnet.de\/vape\/"},{"@type":"ListItem","position":3,"name":"Red Bull Bang 20000Puff Langanhaltender Genuss Premium Qualit\u00e4t garantiert"}]},{"@type":"WebSite","@id":"https:\/\/vapingnet.de\/#website","url":"https:\/\/vapingnet.de\/","name":"Vapingnet.de","description":"","publisher":{"@id":"https:\/\/vapingnet.de\/#organization"},"potentialAction":[{"@type":"SearchAction","target":{"@type":"EntryPoint","urlTemplate":"https:\/\/vapingnet.de\/?s={search_term_string}"},"query-input":{"@type":"PropertyValueSpecification","valueRequired":true,"valueName":"search_term_string"}}],"inLanguage":"sk-SK"},{"@type":"Organization","@id":"https:\/\/vapingnet.de\/#organization","name":"Vapingnet.de","url":"https:\/\/vapingnet.de\/","logo":{"@type":"ImageObject","inLanguage":"sk-SK","@id":"https:\/\/vapingnet.de\/#\/schema\/logo\/image\/","url":"https:\/\/vapingnet.de\/wp-content\/uploads\/2025\/03\/cropped-vapingnet.de_.jpg","contentUrl":"https:\/\/vapingnet.de\/wp-content\/uploads\/2025\/03\/cropped-vapingnet.de_.jpg","width":512,"height":512,"caption":"Vapingnet.de"},"image":{"@id":"https:\/\/vapingnet.de\/#\/schema\/logo\/image\/"},"sameAs":["https:\/\/www.facebook.com\/vapingnetde\/"]}]}},"tiered_pricing_type":"fixed","tiered_pricing_fixed_rules":{"10":"8.92","60":"8.03","110":"7.14","200":"6.24"},"tiered_pricing_product_settings":{"layout":"default","base_unit_name":{"singular":null,"plural":null},"default_variation":null},"tiered_pricing_minimum_quantity":null,"tiered_pricing_roles_data":[],"tiered_pricing_percentage_rules":[],"_links":{"self":[{"href":"https:\/\/vapingnet.de\/sk\/wp-json\/wp\/v2\/product\/5462","targetHints":{"allow":["GET"]}}],"collection":[{"href":"https:\/\/vapingnet.de\/sk\/wp-json\/wp\/v2\/product"}],"about":[{"href":"https:\/\/vapingnet.de\/sk\/wp-json\/wp\/v2\/types\/product"}],"version-history":[{"count":1,"href":"https:\/\/vapingnet.de\/sk\/wp-json\/wp\/v2\/product\/5462\/revisions"}],"predecessor-version":[{"id":5464,"href":"https:\/\/vapingnet.de\/sk\/wp-json\/wp\/v2\/product\/5462\/revisions\/5464"}],"wp:featuredmedia":[{"embeddable":true,"href":"https:\/\/vapingnet.de\/sk\/wp-json\/wp\/v2\/media\/5463"}],"wp:attachment":[{"href":"https:\/\/vapingnet.de\/sk\/wp-json\/wp\/v2\/media?parent=5462"}],"wp:term":[{"taxonomy":"brand","embeddable":true,"href":"https:\/\/vapingnet.de\/sk\/wp-json\/wp\/v2\/etheme_brands?post=5462"},{"taxonomy":"product_brand","embeddable":true,"href":"https:\/\/vapingnet.de\/sk\/wp-json\/wp\/v2\/product_brand?post=5462"},{"taxonomy":"product_cat","embeddable":true,"href":"https:\/\/vapingnet.de\/sk\/wp-json\/wp\/v2\/product_cat?post=5462"},{"taxonomy":"product_tag","embeddable":true,"href":"https:\/\/vapingnet.de\/sk\/wp-json\/wp\/v2\/product_tag?post=5462"}],"curies":[{"name":"wp","href":"https:\/\/api.w.org\/{rel}","templated":true}]}}