{"id":5465,"date":"2025-03-15T09:21:05","date_gmt":"2025-03-15T09:21:05","guid":{"rendered":"https:\/\/vapingnet.de\/?post_type=product&#038;p=5465"},"modified":"2025-06-19T03:40:50","modified_gmt":"2025-06-19T03:40:50","slug":"erfrischend-und-hochwertig-bang-20000puff-watermelon-ice-direkt-ab-werk","status":"publish","type":"product","link":"https:\/\/vapingnet.de\/sk\/vape\/erfrischend-und-hochwertig-bang-20000puff-watermelon-ice-direkt-ab-werk\/","title":{"rendered":"Osvie\u017euj\u00face a kvalitn\u00e9 Bang 20000 Pufov Watermelon Ice priamo z v\u00fdrobne"},"content":{"rendered":"<h2 data-start=\"0\" data-end=\"62\">Bang 20000Puff Dual Mesh E-Cigareta \u2013 Ka\u017ed\u00e9 \u0165ahanie je p\u00f4\u017eitok<\/h2>\n<p data-start=\"64\" data-end=\"392\">Bang 20000Puff Dual Mesh E-Cigareta bola navrhnut\u00e1 pre milovn\u00edkov e-cigariet, ktor\u00ed h\u013eadaj\u00fa maxim\u00e1lnu chu\u0165 a dlh\u00fa \u017eivotnos\u0165. S jej inovat\u00edvnou technol\u00f3giou dual-mesh rozpra\u0161ovania, ve\u013ekou kapacitou a efekt\u00edvnou v\u00fddr\u017eou bat\u00e9rie pon\u00faka neporovnate\u013en\u00fd z\u00e1\u017eitok z vapovania.<\/p>\n<h4 data-start=\"394\" data-end=\"413\">Hlavn\u00e9 vlastnosti<\/h4>\n<ul data-start=\"414\" data-end=\"1848\">\n<li data-start=\"414\" data-end=\"660\">\n<p data-start=\"416\" data-end=\"660\"><strong data-start=\"416\" data-end=\"439\">Z\u00e1\u017eitok s 20000 \u0165ahmi<\/strong><br data-start=\"439\" data-end=\"442\" \/>Ka\u017ed\u00e1 Bang 20000Puff e-cigareta pon\u00faka a\u017e <a href=\"https:\/\/vapingnet.de\/sk\/k\/vape-20000-zuege\/\" target=\"_blank\" rel=\"noopener\"><strong>20000 \u0165ahov<\/strong><\/a>, tak\u017ee si m\u00f4\u017eete vychutn\u00e1va\u0165 svoju e-cigaretu pri be\u017enom pou\u017e\u00edvan\u00ed alebo na p\u00e1rty, bez neust\u00e1leho dop\u013a\u0148ania. Dlh\u00e9 pote\u0161enie bez \u010dast\u00e9ho v\u00fdmeny.<\/p>\n<\/li>\n<li data-start=\"662\" data-end=\"920\">\n<p data-start=\"664\" data-end=\"920\"><strong data-start=\"664\" data-end=\"701\">Technol\u00f3gia dual-mesh rozpra\u0161ovania<\/strong><br data-start=\"701\" data-end=\"704\" \/>S 1,1\u03a9 dual-mesh cievkou zabezpe\u010duje e-cigareta ve\u013emi rovnomern\u00e9 parenie. Ka\u017ed\u00e9 \u0165ahanie poskytuje hust\u00fa, hladk\u00fa a chutn\u00fa paru, ktor\u00e1 pos\u00fava z\u00e1\u017eitok z vapovania na vy\u0161\u0161iu \u00farove\u0148.<\/p>\n<\/li>\n<li data-start=\"922\" data-end=\"1128\">\n<p data-start=\"924\" data-end=\"1128\"><strong data-start=\"924\" data-end=\"949\">Kapacita 28 ml<\/strong><br data-start=\"949\" data-end=\"952\" \/>Bang 20000Puff m\u00e1 ve\u013ek\u00fa kapacitu 28 ml e-liquidu, \u010do v\u00e1m umo\u017e\u0148uje dlh\u00e9 vapovanie bez dop\u013a\u0148ania. U\u017e\u00edvajte si svoj z\u00e1\u017eitok bez preru\u0161enia.<\/p>\n<\/li>\n<li data-start=\"1130\" data-end=\"1415\">\n<p data-start=\"1132\" data-end=\"1415\"><strong data-start=\"1132\" data-end=\"1176\">R\u00f4zne koncentr\u00e1cie nikot\u00ednov\u00fdch sol\u00ed<\/strong><br data-start=\"1176\" data-end=\"1179\" \/>Vyberte si medzi 0%, 2%, 3% alebo 5% nikot\u00ednovou silou, v z\u00e1vislosti od toho, ak\u00fd intenz\u00edvny z\u00e1\u017eitok chcete. \u010ci u\u017e preferujete beznikot\u00ednov\u00fa, osvie\u017euj\u00facu chu\u0165 alebo siln\u00fd nikot\u00ednov\u00fd z\u00e1\u017eitok \u2013 pre ka\u017ed\u00e9ho je nie\u010do.<\/p>\n<\/li>\n<li data-start=\"1417\" data-end=\"1652\">\n<p data-start=\"1419\" data-end=\"1652\"><strong data-start=\"1419\" data-end=\"1457\">Bat\u00e9ria 650mAh &amp; r\u00fdchle nab\u00edjanie Type-C<\/strong><br data-start=\"1457\" data-end=\"1460\" \/>Bat\u00e9ria 650mAh zabezpe\u010duje dlh\u00fa v\u00fddr\u017e. S pripojen\u00edm Type-C je nab\u00edjanie e\u0161te r\u00fdchlej\u0161ie a pohodlnej\u0161ie, tak\u017ee m\u00f4\u017eete r\u00fdchlo op\u00e4\u0165 pou\u017e\u00edva\u0165 e-cigaretu.<\/p>\n<\/li>\n<li data-start=\"1654\" data-end=\"1848\">\n<p data-start=\"1656\" data-end=\"1848\"><strong data-start=\"1656\" data-end=\"1675\">\u013dahk\u00fd dizajn<\/strong><br data-start=\"1675\" data-end=\"1678\" \/>S v\u00e1hou len 90 g je Bang 20000Puff mimoriadne \u013eahk\u00e1 a \u013eahko sa zmest\u00ed do ta\u0161ky alebo vrecka. U\u017e\u00edvajte si svoj z\u00e1\u017eitok z vapovania kedyko\u013evek a kdeko\u013evek.<\/p>\n<\/li>\n<\/ul>\n<h4 data-start=\"1850\" data-end=\"2205\">Odpor\u00fa\u010dan\u00e1 chu\u0165: Watermelon Ice<\/h4>\n<p data-start=\"1850\" data-end=\"2205\">Chu\u0165 Watermelon Ice sp\u00e1ja sladk\u00fa chu\u0165 mel\u00f3nu s osvie\u017euj\u00facou, \u013eadovou chladivos\u0165ou. Ka\u017ed\u00e9 \u0165ahanie je ako osvie\u017euj\u00faci letn\u00fd v\u00e1nok. \u010ci u\u017e je leto alebo zima, chu\u0165 Watermelon Ice v\u00e1m v\u017edy prin\u00e1\u0161a osvie\u017euj\u00faci z\u00e1\u017eitok z vapovania.<\/p>\n<h3 data-start=\"2207\" data-end=\"2251\">Pre\u010do si vybra\u0165 Bang 20000Puff Dual Mesh?<\/h3>\n<ul data-start=\"2252\" data-end=\"2716\">\n<li data-start=\"2252\" data-end=\"2356\"><strong data-start=\"2254\" data-end=\"2266\">Colne zdarma<\/strong>: V\u0161etky objedn\u00e1vky s\u00fa bezcoln\u00e9, \u010do v\u00e1m zaru\u010duje bezstarostn\u00fd n\u00e1kup.<\/li>\n<li data-start=\"2357\" data-end=\"2508\"><strong data-start=\"2359\" data-end=\"2381\">R\u00fdchle doru\u010denie<\/strong>: S leteckou dopravou doraz\u00ed va\u0161a objedn\u00e1vka k v\u00e1m za 7-15 pracovn\u00fdch dn\u00ed \u2013 r\u00fdchle doru\u010denie, ktor\u00e9 ocen\u00edte.<\/li>\n<li data-start=\"2509\" data-end=\"2716\"><strong data-start=\"2511\" data-end=\"2535\">Vysok\u00e1 kvalita<\/strong>: Bang 20000Puff je vyroben\u00fd z modern\u00fdch materi\u00e1lov a inovat\u00edvnych dizajnov, aby v\u00e1m poskytol st\u00e1le vysok\u00fa kvalitu a uspokojiv\u00fd z\u00e1\u017eitok z vapovania.<\/li>\n<\/ul>\n<p data-start=\"2718\" data-end=\"2934\" data-is-last-node=\"\" data-is-only-node=\"\">Vyberte si elektronick\u00fa cigaretu Bang 20000Puff Dual Mesh a za\u017eite dlhotrvaj\u00faci p\u00f4\u017eitok. Nav\u0161t\u00edvte teraz vapingnet.de a u\u017eite si bezcoln\u00fd n\u00e1kupn\u00fd z\u00e1\u017eitok a r\u00fdchle doru\u010denie. Za\u010dnite svoje vapovanie e\u0161te dnes!<\/p>","protected":false},"excerpt":{"rendered":"<p>Bang 20000Puff Dual Mesh Elektronick\u00e1 cigareta \u2013 Ka\u017ed\u00fd \u0165ah je p\u00f4\u017eitok, Bang 20000Puff Dual Mesh Elektronick\u00e1 cigareta bola vyvinut\u00e1 pre milovn\u00edkov e-cigariet, ktor\u00ed h\u013eadaj\u00fa maxim\u00e1lnu chu\u0165 a...<\/p>","protected":false},"featured_media":5466,"template":"","meta":[],"etheme_brands":[],"product_brand":[101],"product_cat":[54,49,61],"product_tag":[],"class_list":{"0":"post-5465","1":"product","2":"type-product","3":"status-publish","4":"has-post-thumbnail","6":"product_brand-bang-king-vape","7":"product_cat-vape-20000-zuege","8":"product_cat-einweg-e-zigarette","9":"product_cat-f","11":"first","12":"instock","13":"shipping-taxable","14":"purchasable","15":"product-type-simple"},"yoast_head":"<!-- This site is optimized with the Yoast SEO plugin v26.5 - https:\/\/yoast.com\/wordpress\/plugins\/seo\/ -->\n<title>Bang 20000Puff Watermelon Ice Frischer Genuss auf vapingnet.de<\/title>\n<meta name=\"description\" content=\"Genie\u00dfe den erfrischenden Watermelon Ice Geschmack des Bang 20000Puff. Langanhaltender Vaping-Genuss, jetzt auf vapingnet.de\" \/>\n<meta name=\"robots\" content=\"index, follow, max-snippet:-1, max-image-preview:large, max-video-preview:-1\" \/>\n<link rel=\"canonical\" href=\"https:\/\/vapingnet.de\/sk\/vape\/erfrischend-und-hochwertig-bang-20000puff-watermelon-ice-direkt-ab-werk\/\" \/>\n<meta property=\"og:locale\" content=\"sk_SK\" \/>\n<meta property=\"og:type\" content=\"article\" \/>\n<meta property=\"og:title\" content=\"Bang 20000Puff Watermelon Ice Frischer Genuss auf vapingnet.de\" \/>\n<meta property=\"og:description\" content=\"Genie\u00dfe den erfrischenden Watermelon Ice Geschmack des Bang 20000Puff. Langanhaltender Vaping-Genuss, jetzt auf vapingnet.de\" \/>\n<meta property=\"og:url\" content=\"https:\/\/vapingnet.de\/sk\/vape\/erfrischend-und-hochwertig-bang-20000puff-watermelon-ice-direkt-ab-werk\/\" \/>\n<meta property=\"og:site_name\" content=\"Vapingnet.de\" \/>\n<meta property=\"article:publisher\" content=\"https:\/\/www.facebook.com\/vapingnetde\/\" \/>\n<meta property=\"article:modified_time\" content=\"2025-06-19T03:40:50+00:00\" \/>\n<meta property=\"og:image\" content=\"https:\/\/vapingnet.de\/wp-content\/uploads\/2025\/03\/Watermelon-Ice-1.png\" \/>\n\t<meta property=\"og:image:width\" content=\"1000\" \/>\n\t<meta property=\"og:image:height\" content=\"1000\" \/>\n\t<meta property=\"og:image:type\" content=\"image\/png\" \/>\n<meta name=\"twitter:card\" content=\"summary_large_image\" \/>\n<meta name=\"twitter:label1\" content=\"Est. reading time\" \/>\n\t<meta name=\"twitter:data1\" content=\"3 minutes\" \/>\n<script type=\"application\/ld+json\" class=\"yoast-schema-graph\">{\"@context\":\"https:\/\/schema.org\",\"@graph\":[{\"@type\":\"WebPage\",\"@id\":\"https:\/\/vapingnet.de\/vape\/erfrischend-und-hochwertig-bang-20000puff-watermelon-ice-direkt-ab-werk\/\",\"url\":\"https:\/\/vapingnet.de\/vape\/erfrischend-und-hochwertig-bang-20000puff-watermelon-ice-direkt-ab-werk\/\",\"name\":\"Bang 20000Puff Watermelon Ice Frischer Genuss auf vapingnet.de\",\"isPartOf\":{\"@id\":\"https:\/\/vapingnet.de\/#website\"},\"primaryImageOfPage\":{\"@id\":\"https:\/\/vapingnet.de\/vape\/erfrischend-und-hochwertig-bang-20000puff-watermelon-ice-direkt-ab-werk\/#primaryimage\"},\"image\":{\"@id\":\"https:\/\/vapingnet.de\/vape\/erfrischend-und-hochwertig-bang-20000puff-watermelon-ice-direkt-ab-werk\/#primaryimage\"},\"thumbnailUrl\":\"https:\/\/vapingnet.de\/wp-content\/uploads\/2025\/03\/Watermelon-Ice-1.png\",\"datePublished\":\"2025-03-15T09:21:05+00:00\",\"dateModified\":\"2025-06-19T03:40:50+00:00\",\"description\":\"Genie\u00dfe den erfrischenden Watermelon Ice Geschmack des Bang 20000Puff. Langanhaltender Vaping-Genuss, jetzt auf vapingnet.de\",\"breadcrumb\":{\"@id\":\"https:\/\/vapingnet.de\/vape\/erfrischend-und-hochwertig-bang-20000puff-watermelon-ice-direkt-ab-werk\/#breadcrumb\"},\"inLanguage\":\"sk-SK\",\"potentialAction\":[{\"@type\":\"ReadAction\",\"target\":[\"https:\/\/vapingnet.de\/vape\/erfrischend-und-hochwertig-bang-20000puff-watermelon-ice-direkt-ab-werk\/\"]}]},{\"@type\":\"ImageObject\",\"inLanguage\":\"sk-SK\",\"@id\":\"https:\/\/vapingnet.de\/vape\/erfrischend-und-hochwertig-bang-20000puff-watermelon-ice-direkt-ab-werk\/#primaryimage\",\"url\":\"https:\/\/vapingnet.de\/wp-content\/uploads\/2025\/03\/Watermelon-Ice-1.png\",\"contentUrl\":\"https:\/\/vapingnet.de\/wp-content\/uploads\/2025\/03\/Watermelon-Ice-1.png\",\"width\":1000,\"height\":1000,\"caption\":\"Watermelon Ice\"},{\"@type\":\"BreadcrumbList\",\"@id\":\"https:\/\/vapingnet.de\/vape\/erfrischend-und-hochwertig-bang-20000puff-watermelon-ice-direkt-ab-werk\/#breadcrumb\",\"itemListElement\":[{\"@type\":\"ListItem\",\"position\":1,\"name\":\"Home\",\"item\":\"https:\/\/vapingnet.de\/\"},{\"@type\":\"ListItem\",\"position\":2,\"name\":\"Shop\",\"item\":\"https:\/\/vapingnet.de\/vape\/\"},{\"@type\":\"ListItem\",\"position\":3,\"name\":\"Erfrischend und hochwertig Bang 20000Puff Watermelon Ice direkt ab Werk\"}]},{\"@type\":\"WebSite\",\"@id\":\"https:\/\/vapingnet.de\/#website\",\"url\":\"https:\/\/vapingnet.de\/\",\"name\":\"Vapingnet.de\",\"description\":\"\",\"publisher\":{\"@id\":\"https:\/\/vapingnet.de\/#organization\"},\"potentialAction\":[{\"@type\":\"SearchAction\",\"target\":{\"@type\":\"EntryPoint\",\"urlTemplate\":\"https:\/\/vapingnet.de\/?s={search_term_string}\"},\"query-input\":{\"@type\":\"PropertyValueSpecification\",\"valueRequired\":true,\"valueName\":\"search_term_string\"}}],\"inLanguage\":\"sk-SK\"},{\"@type\":\"Organization\",\"@id\":\"https:\/\/vapingnet.de\/#organization\",\"name\":\"Vapingnet.de\",\"url\":\"https:\/\/vapingnet.de\/\",\"logo\":{\"@type\":\"ImageObject\",\"inLanguage\":\"sk-SK\",\"@id\":\"https:\/\/vapingnet.de\/#\/schema\/logo\/image\/\",\"url\":\"https:\/\/vapingnet.de\/wp-content\/uploads\/2025\/03\/cropped-vapingnet.de_.jpg\",\"contentUrl\":\"https:\/\/vapingnet.de\/wp-content\/uploads\/2025\/03\/cropped-vapingnet.de_.jpg\",\"width\":512,\"height\":512,\"caption\":\"Vapingnet.de\"},\"image\":{\"@id\":\"https:\/\/vapingnet.de\/#\/schema\/logo\/image\/\"},\"sameAs\":[\"https:\/\/www.facebook.com\/vapingnetde\/\"]}]}<\/script>\n<!-- \/ Yoast SEO plugin. -->","yoast_head_json":{"title":"Bang 20000Puff Watermelon Ice Frischer Genuss auf vapingnet.de","description":"Genie\u00dfe den erfrischenden Watermelon Ice Geschmack des Bang 20000Puff. Langanhaltender Vaping-Genuss, jetzt auf vapingnet.de","robots":{"index":"index","follow":"follow","max-snippet":"max-snippet:-1","max-image-preview":"max-image-preview:large","max-video-preview":"max-video-preview:-1"},"canonical":"https:\/\/vapingnet.de\/sk\/vape\/erfrischend-und-hochwertig-bang-20000puff-watermelon-ice-direkt-ab-werk\/","og_locale":"sk_SK","og_type":"article","og_title":"Bang 20000Puff Watermelon Ice Frischer Genuss auf vapingnet.de","og_description":"Genie\u00dfe den erfrischenden Watermelon Ice Geschmack des Bang 20000Puff. Langanhaltender Vaping-Genuss, jetzt auf vapingnet.de","og_url":"https:\/\/vapingnet.de\/sk\/vape\/erfrischend-und-hochwertig-bang-20000puff-watermelon-ice-direkt-ab-werk\/","og_site_name":"Vapingnet.de","article_publisher":"https:\/\/www.facebook.com\/vapingnetde\/","article_modified_time":"2025-06-19T03:40:50+00:00","og_image":[{"width":1000,"height":1000,"url":"https:\/\/vapingnet.de\/wp-content\/uploads\/2025\/03\/Watermelon-Ice-1.png","type":"image\/png"}],"twitter_card":"summary_large_image","twitter_misc":{"Est. reading time":"3 minutes"},"schema":{"@context":"https:\/\/schema.org","@graph":[{"@type":"WebPage","@id":"https:\/\/vapingnet.de\/vape\/erfrischend-und-hochwertig-bang-20000puff-watermelon-ice-direkt-ab-werk\/","url":"https:\/\/vapingnet.de\/vape\/erfrischend-und-hochwertig-bang-20000puff-watermelon-ice-direkt-ab-werk\/","name":"Bang 20000Puff Watermelon Ice Frischer Genuss auf vapingnet.de","isPartOf":{"@id":"https:\/\/vapingnet.de\/#website"},"primaryImageOfPage":{"@id":"https:\/\/vapingnet.de\/vape\/erfrischend-und-hochwertig-bang-20000puff-watermelon-ice-direkt-ab-werk\/#primaryimage"},"image":{"@id":"https:\/\/vapingnet.de\/vape\/erfrischend-und-hochwertig-bang-20000puff-watermelon-ice-direkt-ab-werk\/#primaryimage"},"thumbnailUrl":"https:\/\/vapingnet.de\/wp-content\/uploads\/2025\/03\/Watermelon-Ice-1.png","datePublished":"2025-03-15T09:21:05+00:00","dateModified":"2025-06-19T03:40:50+00:00","description":"Genie\u00dfe den erfrischenden Watermelon Ice Geschmack des Bang 20000Puff. Langanhaltender Vaping-Genuss, jetzt auf vapingnet.de","breadcrumb":{"@id":"https:\/\/vapingnet.de\/vape\/erfrischend-und-hochwertig-bang-20000puff-watermelon-ice-direkt-ab-werk\/#breadcrumb"},"inLanguage":"sk-SK","potentialAction":[{"@type":"ReadAction","target":["https:\/\/vapingnet.de\/vape\/erfrischend-und-hochwertig-bang-20000puff-watermelon-ice-direkt-ab-werk\/"]}]},{"@type":"ImageObject","inLanguage":"sk-SK","@id":"https:\/\/vapingnet.de\/vape\/erfrischend-und-hochwertig-bang-20000puff-watermelon-ice-direkt-ab-werk\/#primaryimage","url":"https:\/\/vapingnet.de\/wp-content\/uploads\/2025\/03\/Watermelon-Ice-1.png","contentUrl":"https:\/\/vapingnet.de\/wp-content\/uploads\/2025\/03\/Watermelon-Ice-1.png","width":1000,"height":1000,"caption":"Watermelon Ice"},{"@type":"BreadcrumbList","@id":"https:\/\/vapingnet.de\/vape\/erfrischend-und-hochwertig-bang-20000puff-watermelon-ice-direkt-ab-werk\/#breadcrumb","itemListElement":[{"@type":"ListItem","position":1,"name":"Home","item":"https:\/\/vapingnet.de\/"},{"@type":"ListItem","position":2,"name":"Shop","item":"https:\/\/vapingnet.de\/vape\/"},{"@type":"ListItem","position":3,"name":"Erfrischend und hochwertig Bang 20000Puff Watermelon Ice direkt ab Werk"}]},{"@type":"WebSite","@id":"https:\/\/vapingnet.de\/#website","url":"https:\/\/vapingnet.de\/","name":"Vapingnet.de","description":"","publisher":{"@id":"https:\/\/vapingnet.de\/#organization"},"potentialAction":[{"@type":"SearchAction","target":{"@type":"EntryPoint","urlTemplate":"https:\/\/vapingnet.de\/?s={search_term_string}"},"query-input":{"@type":"PropertyValueSpecification","valueRequired":true,"valueName":"search_term_string"}}],"inLanguage":"sk-SK"},{"@type":"Organization","@id":"https:\/\/vapingnet.de\/#organization","name":"Vapingnet.de","url":"https:\/\/vapingnet.de\/","logo":{"@type":"ImageObject","inLanguage":"sk-SK","@id":"https:\/\/vapingnet.de\/#\/schema\/logo\/image\/","url":"https:\/\/vapingnet.de\/wp-content\/uploads\/2025\/03\/cropped-vapingnet.de_.jpg","contentUrl":"https:\/\/vapingnet.de\/wp-content\/uploads\/2025\/03\/cropped-vapingnet.de_.jpg","width":512,"height":512,"caption":"Vapingnet.de"},"image":{"@id":"https:\/\/vapingnet.de\/#\/schema\/logo\/image\/"},"sameAs":["https:\/\/www.facebook.com\/vapingnetde\/"]}]}},"tiered_pricing_type":"fixed","tiered_pricing_fixed_rules":{"10":"8.92","60":"8.03","110":"7.14","200":"6.24"},"tiered_pricing_product_settings":{"layout":"default","base_unit_name":{"singular":null,"plural":null},"default_variation":null},"tiered_pricing_minimum_quantity":null,"tiered_pricing_roles_data":[],"tiered_pricing_percentage_rules":[],"_links":{"self":[{"href":"https:\/\/vapingnet.de\/sk\/wp-json\/wp\/v2\/product\/5465","targetHints":{"allow":["GET"]}}],"collection":[{"href":"https:\/\/vapingnet.de\/sk\/wp-json\/wp\/v2\/product"}],"about":[{"href":"https:\/\/vapingnet.de\/sk\/wp-json\/wp\/v2\/types\/product"}],"version-history":[{"count":1,"href":"https:\/\/vapingnet.de\/sk\/wp-json\/wp\/v2\/product\/5465\/revisions"}],"predecessor-version":[{"id":5467,"href":"https:\/\/vapingnet.de\/sk\/wp-json\/wp\/v2\/product\/5465\/revisions\/5467"}],"wp:featuredmedia":[{"embeddable":true,"href":"https:\/\/vapingnet.de\/sk\/wp-json\/wp\/v2\/media\/5466"}],"wp:attachment":[{"href":"https:\/\/vapingnet.de\/sk\/wp-json\/wp\/v2\/media?parent=5465"}],"wp:term":[{"taxonomy":"brand","embeddable":true,"href":"https:\/\/vapingnet.de\/sk\/wp-json\/wp\/v2\/etheme_brands?post=5465"},{"taxonomy":"product_brand","embeddable":true,"href":"https:\/\/vapingnet.de\/sk\/wp-json\/wp\/v2\/product_brand?post=5465"},{"taxonomy":"product_cat","embeddable":true,"href":"https:\/\/vapingnet.de\/sk\/wp-json\/wp\/v2\/product_cat?post=5465"},{"taxonomy":"product_tag","embeddable":true,"href":"https:\/\/vapingnet.de\/sk\/wp-json\/wp\/v2\/product_tag?post=5465"}],"curies":[{"name":"wp","href":"https:\/\/api.w.org\/{rel}","templated":true}]}}