{"id":5471,"date":"2025-03-15T09:34:45","date_gmt":"2025-03-15T09:34:45","guid":{"rendered":"https:\/\/vapingnet.de\/?post_type=product&#038;p=5471"},"modified":"2025-06-19T03:40:49","modified_gmt":"2025-06-19T03:40:49","slug":"bang-20000puff-blueberry-raspberry-fruchtige-vielfalt-jetzt-zum-bestpreis-sichern","status":"publish","type":"product","link":"https:\/\/vapingnet.de\/sk\/vape\/bang-20000puff-blueberry-raspberry-fruchtige-vielfalt-jetzt-zum-bestpreis-sichern\/","title":{"rendered":"Bang 20000Puff Blueberry Raspberry ovocn\u00e1 rozmanitos\u0165 teraz za najlep\u0161iu cenu"},"content":{"rendered":"<h2 data-start=\"56\" data-end=\"103\">Bang 20000Puff Dual Mesh Jednor\u00e1zov\u00e1 E-Cigareta<\/h2>\n<p data-start=\"105\" data-end=\"178\">Vylep\u0161ite svoj z\u00e1\u017eitok z vapovania \u2013 odoln\u00fd a siln\u00fd<\/p>\n<p data-start=\"180\" data-end=\"472\">Bang 20000Puff Dual Mesh jednorazov\u00e1 e-cigareta bola \u0161peci\u00e1lne navrhnut\u00e1 pre vapovanie, ktor\u00e9 h\u013ead\u00e1 dlhodob\u00fd a intenz\u00edvny chu\u0165ov\u00fd z\u00e1\u017eitok. \u010ci ste za\u010diato\u010dn\u00edk alebo sk\u00fasen\u00fd vapova\u010d, pon\u00faka v\u00e1m vynikaj\u00faci v\u00fdkon a zabezpe\u010duje dlhodob\u00fa spokojnos\u0165.<\/p>\n<h4 data-start=\"474\" data-end=\"496\">Hlavn\u00e9 vlastnosti produktu<\/h4>\n<ol data-start=\"498\" data-end=\"2229\">\n<li data-start=\"498\" data-end=\"838\">\n<p data-start=\"501\" data-end=\"838\">Extr\u00e9mne dlh\u00e1 doba pou\u017e\u00edvania \u2013 20000 potiahnut\u00ed<br data-start=\"544\" data-end=\"547\" \/>Ka\u017ed\u00fd Bang 20000Puff poskytuje a\u017e<a href=\"https:\/\/vapingnet.de\/sk\/k\/vape-20000-zuege\/\" target=\"_blank\" rel=\"noopener\"><strong> 20000 \u0165ahov<\/strong><\/a>, \u010do z neho rob\u00ed jeden z m\u00e1la produktov na trhu, ktor\u00fd pon\u00faka tak\u00fa dlh\u00fa dobu pou\u017e\u00edvania. U\u017e sa nemus\u00edte ob\u00e1va\u0165 neust\u00e1leho v\u00fdmeny alebo dop\u013a\u0148ania e-cigarety \u2013 vychutn\u00e1vajte si dlh\u00e9 vapovanie.<\/p>\n<\/li>\n<li data-start=\"840\" data-end=\"1179\">\n<p data-start=\"843\" data-end=\"1179\">Dual-Mesh technol\u00f3gia pre vylep\u0161en\u00fd chu\u0165ov\u00fd z\u00e1\u017eitok<br data-start=\"895\" data-end=\"898\" \/>S technol\u00f3giou Dual-Mesh 1,1\u03a9 poskytuje Bang 20000Puff hustej\u0161ie, rovnomernej\u0161ie vapovanie a intenz\u00edvnej\u0161iu chu\u0165. V porovnan\u00ed s be\u017en\u00fdmi vaporiz\u00e9rmi zabezpe\u010duje hlad\u0161iu a hustej\u0161iu produkciu pary, ktor\u00e1 prevy\u0161uje va\u0161e o\u010dak\u00e1vania v oblasti chuti.<\/p>\n<\/li>\n<li data-start=\"1181\" data-end=\"1454\">\n<p data-start=\"1184\" data-end=\"1454\">Kapacita e-liquidu 28 ml<br data-start=\"1217\" data-end=\"1220\" \/>Kapacita 28 ml e-liquidu zabezpe\u010duje, \u017ee m\u00f4\u017eete Bang 20000Puff pou\u017e\u00edva\u0165 dlh\u0161ie bez nutnosti dop\u013a\u0148ania. Ve\u013ek\u00e1 kapacita ju rob\u00ed ide\u00e1lnou pre ka\u017edodenn\u00e9 pou\u017eitie a dlh\u00e9 vapovacie rel\u00e1cie bez preru\u0161enia.<\/p>\n<\/li>\n<li data-start=\"1456\" data-end=\"1724\">\n<p data-start=\"1459\" data-end=\"1724\">R\u00f4zne \u00farovne nikot\u00ednu na v\u00fdber<br data-start=\"1502\" data-end=\"1505\" \/>S mo\u017enos\u0165ami 0%, 2%, 3% a 5% nikot\u00ednovej soli si m\u00f4\u017eete vybra\u0165 vhodn\u00fa silu nikot\u00ednu. \u010ci u\u017e preferujete jemnej\u0161\u00ed alebo silnej\u0161\u00ed nikot\u00ednov\u00fd z\u00e1\u017eitok, Bang 20000Puff spln\u00ed va\u0161e po\u017eiadavky.<\/p>\n<\/li>\n<li data-start=\"1726\" data-end=\"2017\">\n<p data-start=\"1729\" data-end=\"2017\">Bat\u00e9ria 650mAh a nab\u00edjac\u00ed port Type-C<br data-start=\"1769\" data-end=\"1772\" \/>Bat\u00e9ria 650mAh zabezpe\u010duje dlh\u00fa v\u00fddr\u017e, a nab\u00edjac\u00ed port Type-C umo\u017e\u0148uje r\u00fdchle nab\u00edjanie. Va\u0161a e-cigareta je tak r\u00fdchlo pripraven\u00e1 na \u010fal\u0161ie vapovanie a nemus\u00edte dlho \u010daka\u0165 na \u010fal\u0161\u00ed z\u00e1\u017eitok.<\/p>\n<\/li>\n<li data-start=\"2019\" data-end=\"2229\">\n<p data-start=\"2022\" data-end=\"2229\">\u013dahk\u00e1 a prenosn\u00e1, ide\u00e1lna na cestovanie<br data-start=\"2065\" data-end=\"2068\" \/>S hmotnos\u0165ou len 90 g je Bang 20000Puff \u013eahk\u00e1 a pohodln\u00e1 na pou\u017e\u00edvanie. M\u00f4\u017eete ju \u013eahko vlo\u017ei\u0165 do ta\u0161ky a vychutn\u00e1va\u0165 si ju kdeko\u013evek ste.<\/p>\n<\/li>\n<\/ol>\n<h4 data-start=\"2231\" data-end=\"2563\">Odpor\u00fa\u010dan\u00e1 chu\u0165: Blueberry Raspberry<\/h4>\n<p data-start=\"2231\" data-end=\"2563\">Chu\u0165 Blueberry Raspberry kombinuje sladkos\u0165 borievok s \u010derstvos\u0165ou mal\u00edn. Ka\u017ed\u00e9 potiahnutie prin\u00e1\u0161a pr\u00edjemn\u00fa ovocn\u00fa zmes sladk\u00fdch a kysl\u00fdch t\u00f3nov \u2013 osvie\u017euj\u00faci z\u00e1\u017eitok, ktor\u00fd vydr\u017e\u00ed cel\u00fd de\u0148.<\/p>\n<h3 data-start=\"2565\" data-end=\"2597\">Pre\u010do si vybra\u0165 Bang 20000Puff?<\/h3>\n<ul data-start=\"2599\" data-end=\"3046\">\n<li data-start=\"2599\" data-end=\"2699\">Bez cla: V\u0161etky objedn\u00e1vky s\u00fa doru\u010den\u00e9 bez cla, tak\u017ee m\u00f4\u017eete nakupova\u0165 bez starost\u00ed.<\/li>\n<li data-start=\"2700\" data-end=\"2826\">R\u00fdchle doru\u010denie letecky: Va\u0161a objedn\u00e1vka bude doru\u010den\u00e1 do 7-15 pracovn\u00fdch dn\u00ed r\u00fdchlo a bezpe\u010dne.<\/li>\n<li data-start=\"2827\" data-end=\"3046\">Odoln\u00fd a cenovo v\u00fdhodn\u00fd: S 20000 potiahnutiami a ve\u013ekou kapacitou e-liquidu pon\u00faka Bang 20000Puff vynikaj\u00faci pomer cena\/v\u00fdkon, preto\u017ee budete menej \u010dasto dop\u013a\u0148a\u0165 alebo meni\u0165.<\/li>\n<\/ul>\n<p data-start=\"3048\" data-end=\"3399\">K\u00fapte teraz a vychutnajte si ultim\u00e1tny z\u00e1\u017eitok z vapovania<br data-start=\"3106\" data-end=\"3109\" \/>Nav\u0161t\u00edvte vapingnet.de a zak\u00fapte si e\u0161te dnes svoju Bang 20000Puff Dual Mesh Jednorazov\u00fa E-Cigaretu. Vyu\u017eite bezcoln\u00e9 n\u00e1kupy a r\u00fdchle doru\u010denie. \u010ci u\u017e na ka\u017edodenn\u00e9 pou\u017eitie alebo na \u0161peci\u00e1lne pr\u00edle\u017eitosti \u2013 Bang 20000Puff prekon\u00e1 va\u0161e o\u010dak\u00e1vania od vapingu.<\/p>","protected":false},"excerpt":{"rendered":"<p>Bang 20000Puff Dual Mesh Jednorazov\u00e1 e-cigareta Vylep\u0161ite svoj parn\u00fd z\u00e1\u017eitok \u2013 Odoln\u00e1 a siln\u00e1 Bang 20000Puff Dual Mesh Jednorazov\u00e1 e-cigareta bola \u0161peci\u00e1lne...<\/p>","protected":false},"featured_media":5472,"template":"","meta":[],"etheme_brands":[],"product_brand":[101],"product_cat":[54,49,61],"product_tag":[],"class_list":{"0":"post-5471","1":"product","2":"type-product","3":"status-publish","4":"has-post-thumbnail","6":"product_brand-bang-king-vape","7":"product_cat-vape-20000-zuege","8":"product_cat-einweg-e-zigarette","9":"product_cat-f","11":"first","12":"instock","13":"shipping-taxable","14":"purchasable","15":"product-type-simple"},"yoast_head":"<!-- This site is optimized with the Yoast SEO plugin v26.5 - https:\/\/yoast.com\/wordpress\/plugins\/seo\/ -->\n<title>Erlebe Bang 20000Puff Blueberry Raspberry auf vapingnet.de<\/title>\n<meta name=\"description\" content=\"Lass dich vom intensiven Blueberry Raspberry Geschmack des Bang 20000Puff verf\u00fchren. Langanhaltender Genuss, exklusiv auf vapingnet.de!\" \/>\n<meta name=\"robots\" content=\"index, follow, max-snippet:-1, max-image-preview:large, max-video-preview:-1\" \/>\n<link rel=\"canonical\" href=\"https:\/\/vapingnet.de\/sk\/vape\/bang-20000puff-blueberry-raspberry-fruchtige-vielfalt-jetzt-zum-bestpreis-sichern\/\" \/>\n<meta property=\"og:locale\" content=\"sk_SK\" \/>\n<meta property=\"og:type\" content=\"article\" \/>\n<meta property=\"og:title\" content=\"Erlebe Bang 20000Puff Blueberry Raspberry auf vapingnet.de\" \/>\n<meta property=\"og:description\" content=\"Lass dich vom intensiven Blueberry Raspberry Geschmack des Bang 20000Puff verf\u00fchren. Langanhaltender Genuss, exklusiv auf vapingnet.de!\" \/>\n<meta property=\"og:url\" content=\"https:\/\/vapingnet.de\/sk\/vape\/bang-20000puff-blueberry-raspberry-fruchtige-vielfalt-jetzt-zum-bestpreis-sichern\/\" \/>\n<meta property=\"og:site_name\" content=\"Vapingnet.de\" \/>\n<meta property=\"article:publisher\" content=\"https:\/\/www.facebook.com\/vapingnetde\/\" \/>\n<meta property=\"article:modified_time\" content=\"2025-06-19T03:40:49+00:00\" \/>\n<meta property=\"og:image\" content=\"https:\/\/vapingnet.de\/wp-content\/uploads\/2025\/03\/Blueberry-Raspberry-2.png\" \/>\n\t<meta property=\"og:image:width\" content=\"1000\" \/>\n\t<meta property=\"og:image:height\" content=\"1000\" \/>\n\t<meta property=\"og:image:type\" content=\"image\/png\" \/>\n<meta name=\"twitter:card\" content=\"summary_large_image\" \/>\n<meta name=\"twitter:label1\" content=\"Est. reading time\" \/>\n\t<meta name=\"twitter:data1\" content=\"3 minutes\" \/>\n<script type=\"application\/ld+json\" class=\"yoast-schema-graph\">{\"@context\":\"https:\/\/schema.org\",\"@graph\":[{\"@type\":\"WebPage\",\"@id\":\"https:\/\/vapingnet.de\/vape\/bang-20000puff-blueberry-raspberry-fruchtige-vielfalt-jetzt-zum-bestpreis-sichern\/\",\"url\":\"https:\/\/vapingnet.de\/vape\/bang-20000puff-blueberry-raspberry-fruchtige-vielfalt-jetzt-zum-bestpreis-sichern\/\",\"name\":\"Erlebe Bang 20000Puff Blueberry Raspberry auf vapingnet.de\",\"isPartOf\":{\"@id\":\"https:\/\/vapingnet.de\/#website\"},\"primaryImageOfPage\":{\"@id\":\"https:\/\/vapingnet.de\/vape\/bang-20000puff-blueberry-raspberry-fruchtige-vielfalt-jetzt-zum-bestpreis-sichern\/#primaryimage\"},\"image\":{\"@id\":\"https:\/\/vapingnet.de\/vape\/bang-20000puff-blueberry-raspberry-fruchtige-vielfalt-jetzt-zum-bestpreis-sichern\/#primaryimage\"},\"thumbnailUrl\":\"https:\/\/vapingnet.de\/wp-content\/uploads\/2025\/03\/Blueberry-Raspberry-2.png\",\"datePublished\":\"2025-03-15T09:34:45+00:00\",\"dateModified\":\"2025-06-19T03:40:49+00:00\",\"description\":\"Lass dich vom intensiven Blueberry Raspberry Geschmack des Bang 20000Puff verf\u00fchren. Langanhaltender Genuss, exklusiv auf vapingnet.de!\",\"breadcrumb\":{\"@id\":\"https:\/\/vapingnet.de\/vape\/bang-20000puff-blueberry-raspberry-fruchtige-vielfalt-jetzt-zum-bestpreis-sichern\/#breadcrumb\"},\"inLanguage\":\"sk-SK\",\"potentialAction\":[{\"@type\":\"ReadAction\",\"target\":[\"https:\/\/vapingnet.de\/vape\/bang-20000puff-blueberry-raspberry-fruchtige-vielfalt-jetzt-zum-bestpreis-sichern\/\"]}]},{\"@type\":\"ImageObject\",\"inLanguage\":\"sk-SK\",\"@id\":\"https:\/\/vapingnet.de\/vape\/bang-20000puff-blueberry-raspberry-fruchtige-vielfalt-jetzt-zum-bestpreis-sichern\/#primaryimage\",\"url\":\"https:\/\/vapingnet.de\/wp-content\/uploads\/2025\/03\/Blueberry-Raspberry-2.png\",\"contentUrl\":\"https:\/\/vapingnet.de\/wp-content\/uploads\/2025\/03\/Blueberry-Raspberry-2.png\",\"width\":1000,\"height\":1000,\"caption\":\"Blueberry Raspberry\"},{\"@type\":\"BreadcrumbList\",\"@id\":\"https:\/\/vapingnet.de\/vape\/bang-20000puff-blueberry-raspberry-fruchtige-vielfalt-jetzt-zum-bestpreis-sichern\/#breadcrumb\",\"itemListElement\":[{\"@type\":\"ListItem\",\"position\":1,\"name\":\"Home\",\"item\":\"https:\/\/vapingnet.de\/\"},{\"@type\":\"ListItem\",\"position\":2,\"name\":\"Shop\",\"item\":\"https:\/\/vapingnet.de\/vape\/\"},{\"@type\":\"ListItem\",\"position\":3,\"name\":\"Bang 20000Puff Blueberry Raspberry Fruchtige Vielfalt jetzt zum Bestpreis sichern\"}]},{\"@type\":\"WebSite\",\"@id\":\"https:\/\/vapingnet.de\/#website\",\"url\":\"https:\/\/vapingnet.de\/\",\"name\":\"Vapingnet.de\",\"description\":\"\",\"publisher\":{\"@id\":\"https:\/\/vapingnet.de\/#organization\"},\"potentialAction\":[{\"@type\":\"SearchAction\",\"target\":{\"@type\":\"EntryPoint\",\"urlTemplate\":\"https:\/\/vapingnet.de\/?s={search_term_string}\"},\"query-input\":{\"@type\":\"PropertyValueSpecification\",\"valueRequired\":true,\"valueName\":\"search_term_string\"}}],\"inLanguage\":\"sk-SK\"},{\"@type\":\"Organization\",\"@id\":\"https:\/\/vapingnet.de\/#organization\",\"name\":\"Vapingnet.de\",\"url\":\"https:\/\/vapingnet.de\/\",\"logo\":{\"@type\":\"ImageObject\",\"inLanguage\":\"sk-SK\",\"@id\":\"https:\/\/vapingnet.de\/#\/schema\/logo\/image\/\",\"url\":\"https:\/\/vapingnet.de\/wp-content\/uploads\/2025\/03\/cropped-vapingnet.de_.jpg\",\"contentUrl\":\"https:\/\/vapingnet.de\/wp-content\/uploads\/2025\/03\/cropped-vapingnet.de_.jpg\",\"width\":512,\"height\":512,\"caption\":\"Vapingnet.de\"},\"image\":{\"@id\":\"https:\/\/vapingnet.de\/#\/schema\/logo\/image\/\"},\"sameAs\":[\"https:\/\/www.facebook.com\/vapingnetde\/\"]}]}<\/script>\n<!-- \/ Yoast SEO plugin. -->","yoast_head_json":{"title":"Erlebe Bang 20000Puff Blueberry Raspberry auf vapingnet.de","description":"Lass dich vom intensiven Blueberry Raspberry Geschmack des Bang 20000Puff verf\u00fchren. Langanhaltender Genuss, exklusiv auf vapingnet.de!","robots":{"index":"index","follow":"follow","max-snippet":"max-snippet:-1","max-image-preview":"max-image-preview:large","max-video-preview":"max-video-preview:-1"},"canonical":"https:\/\/vapingnet.de\/sk\/vape\/bang-20000puff-blueberry-raspberry-fruchtige-vielfalt-jetzt-zum-bestpreis-sichern\/","og_locale":"sk_SK","og_type":"article","og_title":"Erlebe Bang 20000Puff Blueberry Raspberry auf vapingnet.de","og_description":"Lass dich vom intensiven Blueberry Raspberry Geschmack des Bang 20000Puff verf\u00fchren. Langanhaltender Genuss, exklusiv auf vapingnet.de!","og_url":"https:\/\/vapingnet.de\/sk\/vape\/bang-20000puff-blueberry-raspberry-fruchtige-vielfalt-jetzt-zum-bestpreis-sichern\/","og_site_name":"Vapingnet.de","article_publisher":"https:\/\/www.facebook.com\/vapingnetde\/","article_modified_time":"2025-06-19T03:40:49+00:00","og_image":[{"width":1000,"height":1000,"url":"https:\/\/vapingnet.de\/wp-content\/uploads\/2025\/03\/Blueberry-Raspberry-2.png","type":"image\/png"}],"twitter_card":"summary_large_image","twitter_misc":{"Est. reading time":"3 minutes"},"schema":{"@context":"https:\/\/schema.org","@graph":[{"@type":"WebPage","@id":"https:\/\/vapingnet.de\/vape\/bang-20000puff-blueberry-raspberry-fruchtige-vielfalt-jetzt-zum-bestpreis-sichern\/","url":"https:\/\/vapingnet.de\/vape\/bang-20000puff-blueberry-raspberry-fruchtige-vielfalt-jetzt-zum-bestpreis-sichern\/","name":"Erlebe Bang 20000Puff Blueberry Raspberry auf vapingnet.de","isPartOf":{"@id":"https:\/\/vapingnet.de\/#website"},"primaryImageOfPage":{"@id":"https:\/\/vapingnet.de\/vape\/bang-20000puff-blueberry-raspberry-fruchtige-vielfalt-jetzt-zum-bestpreis-sichern\/#primaryimage"},"image":{"@id":"https:\/\/vapingnet.de\/vape\/bang-20000puff-blueberry-raspberry-fruchtige-vielfalt-jetzt-zum-bestpreis-sichern\/#primaryimage"},"thumbnailUrl":"https:\/\/vapingnet.de\/wp-content\/uploads\/2025\/03\/Blueberry-Raspberry-2.png","datePublished":"2025-03-15T09:34:45+00:00","dateModified":"2025-06-19T03:40:49+00:00","description":"Lass dich vom intensiven Blueberry Raspberry Geschmack des Bang 20000Puff verf\u00fchren. Langanhaltender Genuss, exklusiv auf vapingnet.de!","breadcrumb":{"@id":"https:\/\/vapingnet.de\/vape\/bang-20000puff-blueberry-raspberry-fruchtige-vielfalt-jetzt-zum-bestpreis-sichern\/#breadcrumb"},"inLanguage":"sk-SK","potentialAction":[{"@type":"ReadAction","target":["https:\/\/vapingnet.de\/vape\/bang-20000puff-blueberry-raspberry-fruchtige-vielfalt-jetzt-zum-bestpreis-sichern\/"]}]},{"@type":"ImageObject","inLanguage":"sk-SK","@id":"https:\/\/vapingnet.de\/vape\/bang-20000puff-blueberry-raspberry-fruchtige-vielfalt-jetzt-zum-bestpreis-sichern\/#primaryimage","url":"https:\/\/vapingnet.de\/wp-content\/uploads\/2025\/03\/Blueberry-Raspberry-2.png","contentUrl":"https:\/\/vapingnet.de\/wp-content\/uploads\/2025\/03\/Blueberry-Raspberry-2.png","width":1000,"height":1000,"caption":"Blueberry Raspberry"},{"@type":"BreadcrumbList","@id":"https:\/\/vapingnet.de\/vape\/bang-20000puff-blueberry-raspberry-fruchtige-vielfalt-jetzt-zum-bestpreis-sichern\/#breadcrumb","itemListElement":[{"@type":"ListItem","position":1,"name":"Home","item":"https:\/\/vapingnet.de\/"},{"@type":"ListItem","position":2,"name":"Shop","item":"https:\/\/vapingnet.de\/vape\/"},{"@type":"ListItem","position":3,"name":"Bang 20000Puff Blueberry Raspberry Fruchtige Vielfalt jetzt zum Bestpreis sichern"}]},{"@type":"WebSite","@id":"https:\/\/vapingnet.de\/#website","url":"https:\/\/vapingnet.de\/","name":"Vapingnet.de","description":"","publisher":{"@id":"https:\/\/vapingnet.de\/#organization"},"potentialAction":[{"@type":"SearchAction","target":{"@type":"EntryPoint","urlTemplate":"https:\/\/vapingnet.de\/?s={search_term_string}"},"query-input":{"@type":"PropertyValueSpecification","valueRequired":true,"valueName":"search_term_string"}}],"inLanguage":"sk-SK"},{"@type":"Organization","@id":"https:\/\/vapingnet.de\/#organization","name":"Vapingnet.de","url":"https:\/\/vapingnet.de\/","logo":{"@type":"ImageObject","inLanguage":"sk-SK","@id":"https:\/\/vapingnet.de\/#\/schema\/logo\/image\/","url":"https:\/\/vapingnet.de\/wp-content\/uploads\/2025\/03\/cropped-vapingnet.de_.jpg","contentUrl":"https:\/\/vapingnet.de\/wp-content\/uploads\/2025\/03\/cropped-vapingnet.de_.jpg","width":512,"height":512,"caption":"Vapingnet.de"},"image":{"@id":"https:\/\/vapingnet.de\/#\/schema\/logo\/image\/"},"sameAs":["https:\/\/www.facebook.com\/vapingnetde\/"]}]}},"tiered_pricing_type":"fixed","tiered_pricing_fixed_rules":{"10":"8.92","60":"8.03","110":"7.14","200":"6.24"},"tiered_pricing_product_settings":{"layout":"default","base_unit_name":{"singular":null,"plural":null},"default_variation":null},"tiered_pricing_minimum_quantity":null,"tiered_pricing_roles_data":[],"tiered_pricing_percentage_rules":[],"_links":{"self":[{"href":"https:\/\/vapingnet.de\/sk\/wp-json\/wp\/v2\/product\/5471","targetHints":{"allow":["GET"]}}],"collection":[{"href":"https:\/\/vapingnet.de\/sk\/wp-json\/wp\/v2\/product"}],"about":[{"href":"https:\/\/vapingnet.de\/sk\/wp-json\/wp\/v2\/types\/product"}],"version-history":[{"count":1,"href":"https:\/\/vapingnet.de\/sk\/wp-json\/wp\/v2\/product\/5471\/revisions"}],"predecessor-version":[{"id":5473,"href":"https:\/\/vapingnet.de\/sk\/wp-json\/wp\/v2\/product\/5471\/revisions\/5473"}],"wp:featuredmedia":[{"embeddable":true,"href":"https:\/\/vapingnet.de\/sk\/wp-json\/wp\/v2\/media\/5472"}],"wp:attachment":[{"href":"https:\/\/vapingnet.de\/sk\/wp-json\/wp\/v2\/media?parent=5471"}],"wp:term":[{"taxonomy":"brand","embeddable":true,"href":"https:\/\/vapingnet.de\/sk\/wp-json\/wp\/v2\/etheme_brands?post=5471"},{"taxonomy":"product_brand","embeddable":true,"href":"https:\/\/vapingnet.de\/sk\/wp-json\/wp\/v2\/product_brand?post=5471"},{"taxonomy":"product_cat","embeddable":true,"href":"https:\/\/vapingnet.de\/sk\/wp-json\/wp\/v2\/product_cat?post=5471"},{"taxonomy":"product_tag","embeddable":true,"href":"https:\/\/vapingnet.de\/sk\/wp-json\/wp\/v2\/product_tag?post=5471"}],"curies":[{"name":"wp","href":"https:\/\/api.w.org\/{rel}","templated":true}]}}