{"id":5477,"date":"2025-03-15T09:47:27","date_gmt":"2025-03-15T09:47:27","guid":{"rendered":"https:\/\/vapingnet.de\/?post_type=product&#038;p=5477"},"modified":"2025-06-19T03:40:48","modified_gmt":"2025-06-19T03:40:48","slug":"sparen-mit-bang-20000puff-jetzt-zum-sonderpreis-und-in-bester-qualitaet","status":"publish","type":"product","link":"https:\/\/vapingnet.de\/sk\/vape\/sparen-mit-bang-20000puff-jetzt-zum-sonderpreis-und-in-bester-qualitaet\/","title":{"rendered":"U\u0161etrite s Bang 20000Puff teraz za \u0161peci\u00e1lnu cenu a v najlep\u0161ej kvalite"},"content":{"rendered":"<h2 data-start=\"0\" data-end=\"108\">Bang 20000Puff Dual Mesh Jednorazov\u00e1 E-Cigareta \u2013 Nekone\u010dn\u00fd z\u00e1\u017eitok z parenia, jemn\u00e1 chu\u0165, dlhodob\u00e9 pou\u017e\u00edvanie<\/h2>\n<p data-start=\"110\" data-end=\"503\">Bang 20000Puff Dual Mesh Jednorazov\u00e1 E-Cigareta v\u00e1m poskytne nezabudnute\u013en\u00fd z\u00e1\u017eitok s 20 000 potiahnutiami. Vybaven\u00e1 inovat\u00edvnou technol\u00f3giou Dual Mesh Coil zabezpe\u010duje rovnomern\u00e9 a intenz\u00edvne parenie, tak\u017ee ka\u017ed\u00fd potiahnutie je p\u00f4\u017eitkom. \u010ci u\u017e v ka\u017edodennom \u017eivote alebo na cest\u00e1ch, zaru\u010duje vynikaj\u00face mno\u017estvo pary a v\u00fdnimo\u010dn\u00fd chu\u0165ov\u00fd z\u00e1\u017eitok.<\/p>\n<h2 data-start=\"505\" data-end=\"525\">Detaily produktu<\/h2>\n<ul data-start=\"526\" data-end=\"779\">\n<li data-start=\"526\" data-end=\"551\"><strong data-start=\"528\" data-end=\"536\">Z\u00e1\u017eitky<\/strong>: 20 000 potiahnut\u00ed<\/li>\n<li data-start=\"552\" data-end=\"590\"><strong data-start=\"554\" data-end=\"567\">Mesh Coil<\/strong>: 1,1\u03a9 Dual Mesh Coil<\/li>\n<li data-start=\"591\" data-end=\"623\"><strong data-start=\"593\" data-end=\"615\">Kapacita e-liquidu<\/strong>: 28ml<\/li>\n<li data-start=\"624\" data-end=\"661\"><strong data-start=\"626\" data-end=\"643\">Obsah nikot\u00ednu<\/strong>: 0%, 2%, 3%, 5%<\/li>\n<li data-start=\"662\" data-end=\"695\"><strong data-start=\"664\" data-end=\"685\">Kapacita bat\u00e9rie<\/strong>: 650mAh<\/li>\n<li data-start=\"696\" data-end=\"725\"><strong data-start=\"698\" data-end=\"715\">Pripojenie na nab\u00edjanie<\/strong>: Type-C<\/li>\n<li data-start=\"726\" data-end=\"752\"><strong data-start=\"728\" data-end=\"739\">Hmotnos\u0165<\/strong>: 90g\/kus<\/li>\n<li data-start=\"753\" data-end=\"779\"><strong data-start=\"755\" data-end=\"766\">Displej<\/strong>LED displej<\/li>\n<\/ul>\n<p data-start=\"781\" data-end=\"1067\"><strong data-start=\"781\" data-end=\"808\">Dlhodob\u00e9 pou\u017e\u00edvanie<\/strong><br data-start=\"808\" data-end=\"811\" \/>S objemom n\u00e1plne 28ml e-liquid poskytuje Bang 20000Puff <a href=\"https:\/\/vapingnet.de\/sk\/k\/einweg-e-zigarette\/\" target=\"_blank\" rel=\"noopener\"><strong>Jednorazov\u00e1 e-cigareta<\/strong><\/a> a\u017e 20 000 potiahnut\u00ed a umo\u017e\u0148uje dlhodob\u00e9 pou\u017e\u00edvanie bez neust\u00e1leho dop\u013a\u0148ania alebo v\u00fdmeny e-cigarety. Ide\u00e1lne pre ka\u017edodenn\u00e9 pou\u017eitie alebo na cest\u00e1ch.<\/p>\n<p data-start=\"1069\" data-end=\"1356\"><strong data-start=\"1069\" data-end=\"1094\">mesh-\u017ehaviacu technol\u00f3giu<\/strong><br data-start=\"1094\" data-end=\"1097\" \/>V porovnan\u00ed s be\u017en\u00fdmi jednorazov\u00fdmi e-cigaretami vyu\u017e\u00edva Bang 20000Puff Dual Mesh Coils, ktor\u00e9 zabezpe\u010duj\u00fa rovnomern\u00e9 zahrievanie. To vedie k intenz\u00edvnej\u0161iemu mno\u017estvu pary a hlad\u0161ej chuti. Ka\u017ed\u00e9 potiahnutie je rovnomern\u00e9, pln\u00e9 p\u00f4\u017eitku.<\/p>\n<p data-start=\"1358\" data-end=\"1704\"><strong data-start=\"1358\" data-end=\"1392\">Rozmanit\u00e9 mo\u017enosti chut\u00ed<\/strong><br data-start=\"1392\" data-end=\"1395\" \/>Bang 20000Puff pon\u00faka \u0161irok\u00fa \u0161k\u00e1lu pr\u00edchut\u00ed, pri\u010dom ob\u013e\u00faben\u00e1 je pr\u00edchu\u0165 \u201eStrawberry Mango\u201c. \u010cerstv\u00e1 chu\u0165 jah\u00f4d a tropick\u00e1 sladkos\u0165 manga poskytuj\u00fa dokonale vyv\u00e1\u017een\u00fd a osvie\u017euj\u00faci z\u00e1\u017eitok z parenia \u2013 ide\u00e1lny pre relaxa\u010dn\u00e9 chv\u00edle.<\/p>\n<p data-start=\"1706\" data-end=\"1994\"><strong data-start=\"1706\" data-end=\"1753\">R\u00fdchle nab\u00edjanie a dlh\u00e1 v\u00fddr\u017e<\/strong><br data-start=\"1753\" data-end=\"1756\" \/>Bang 20000Puff je vybaven\u00e1 bat\u00e9riou s kapacitou 650mAh a podporuje r\u00fdchle nab\u00edjanie cez Type-C port. S touto technol\u00f3giou ste v\u017edy r\u00fdchlo pripraven\u00ed na \u010fal\u0161ie pou\u017eitie bez dlh\u00e9ho \u010dakania na nabitie.<\/p>\n<p data-start=\"1996\" data-end=\"2275\"><strong data-start=\"1996\" data-end=\"2031\">Bez cla a r\u00fdchle doru\u010denie<\/strong><br data-start=\"2031\" data-end=\"2034\" \/>Nakupujte pohodlne na vapingnet.de a vyu\u017e\u00edvajte bezcoln\u00e9 objedn\u00e1vky. U\u0161etr\u00edte tak \u010fal\u0161ie n\u00e1klady. Pon\u00fakame tie\u017e r\u00fdchle doru\u010denie do 7-15 pracovn\u00fdch dn\u00ed, tak\u017ee v\u00e1\u0161 produkt bude r\u00fdchlo u v\u00e1s.<\/p>\n<p data-start=\"2277\" data-end=\"2557\" data-is-last-node=\"\" data-is-only-node=\"\"><strong data-start=\"2277\" data-end=\"2293\">K\u00fapi\u0165 teraz<\/strong><br data-start=\"2293\" data-end=\"2296\" \/>Bang 20000Puff Dual Mesh Jednorazov\u00e1 E-Cigareta je so svojou dlhodobou v\u00fddr\u017eou, vynikaj\u00facou chu\u0165ou a praktick\u00fdmi funkciami nab\u00edjania ob\u013e\u00fabenou vo\u013ebou na trhu s e-cigaretami. Nav\u0161t\u00edvte teraz vapingnet.de a za\u017eite tento inovat\u00edvny produkt!<\/p>","protected":false},"excerpt":{"rendered":"<p>Bang 20000Puff Dual Mesh Jednorazov\u00e1 e-\u017euva\u010dka \u2013 Nekone\u010dn\u00fd z\u00e1\u017eitok z parenia, jemn\u00e1 chu\u0165, dlhodob\u00e9 pou\u017e\u00edvanie Bang 20000Puff Dual Mesh Jednorazov\u00e1 e-\u017euva\u010dka v\u00e1m pon\u00faka nezabudnute\u013en\u00fd z\u00e1\u017eitok...<\/p>","protected":false},"featured_media":5478,"template":"","meta":[],"etheme_brands":[],"product_brand":[101],"product_cat":[54,49,61],"product_tag":[],"class_list":{"0":"post-5477","1":"product","2":"type-product","3":"status-publish","4":"has-post-thumbnail","6":"product_brand-bang-king-vape","7":"product_cat-vape-20000-zuege","8":"product_cat-einweg-e-zigarette","9":"product_cat-f","11":"first","12":"instock","13":"shipping-taxable","14":"purchasable","15":"product-type-simple"},"yoast_head":"<!-- This site is optimized with the Yoast SEO plugin v26.5 - https:\/\/yoast.com\/wordpress\/plugins\/seo\/ -->\n<title>Bang 20000Puff \u2013 Strawberry Mango E-Zigaretten auf vapingnet.de<\/title>\n<meta name=\"description\" content=\"Entdecken Sie die Bang 20000Puff Strawberry Mango E-Zigarette bei vapingnet.de \u2013 Perfekte Mischung aus fruchtigem Genuss und langer Haltbarkeit!\" \/>\n<meta name=\"robots\" content=\"index, follow, max-snippet:-1, max-image-preview:large, max-video-preview:-1\" \/>\n<link rel=\"canonical\" href=\"https:\/\/vapingnet.de\/sk\/vape\/sparen-mit-bang-20000puff-jetzt-zum-sonderpreis-und-in-bester-qualitaet\/\" \/>\n<meta property=\"og:locale\" content=\"sk_SK\" \/>\n<meta property=\"og:type\" content=\"article\" \/>\n<meta property=\"og:title\" content=\"Bang 20000Puff \u2013 Strawberry Mango E-Zigaretten auf vapingnet.de\" \/>\n<meta property=\"og:description\" content=\"Entdecken Sie die Bang 20000Puff Strawberry Mango E-Zigarette bei vapingnet.de \u2013 Perfekte Mischung aus fruchtigem Genuss und langer Haltbarkeit!\" \/>\n<meta property=\"og:url\" content=\"https:\/\/vapingnet.de\/sk\/vape\/sparen-mit-bang-20000puff-jetzt-zum-sonderpreis-und-in-bester-qualitaet\/\" \/>\n<meta property=\"og:site_name\" content=\"Vapingnet.de\" \/>\n<meta property=\"article:publisher\" content=\"https:\/\/www.facebook.com\/vapingnetde\/\" \/>\n<meta property=\"article:modified_time\" content=\"2025-06-19T03:40:48+00:00\" \/>\n<meta property=\"og:image\" content=\"https:\/\/vapingnet.de\/wp-content\/uploads\/2025\/03\/Strawberry-Mango-2.png\" \/>\n\t<meta property=\"og:image:width\" content=\"1000\" \/>\n\t<meta property=\"og:image:height\" content=\"1000\" \/>\n\t<meta property=\"og:image:type\" content=\"image\/png\" \/>\n<meta name=\"twitter:card\" content=\"summary_large_image\" \/>\n<meta name=\"twitter:label1\" content=\"Est. reading time\" \/>\n\t<meta name=\"twitter:data1\" content=\"2 minutes\" \/>\n<script type=\"application\/ld+json\" class=\"yoast-schema-graph\">{\"@context\":\"https:\/\/schema.org\",\"@graph\":[{\"@type\":\"WebPage\",\"@id\":\"https:\/\/vapingnet.de\/vape\/sparen-mit-bang-20000puff-jetzt-zum-sonderpreis-und-in-bester-qualitaet\/\",\"url\":\"https:\/\/vapingnet.de\/vape\/sparen-mit-bang-20000puff-jetzt-zum-sonderpreis-und-in-bester-qualitaet\/\",\"name\":\"Bang 20000Puff \u2013 Strawberry Mango E-Zigaretten auf vapingnet.de\",\"isPartOf\":{\"@id\":\"https:\/\/vapingnet.de\/#website\"},\"primaryImageOfPage\":{\"@id\":\"https:\/\/vapingnet.de\/vape\/sparen-mit-bang-20000puff-jetzt-zum-sonderpreis-und-in-bester-qualitaet\/#primaryimage\"},\"image\":{\"@id\":\"https:\/\/vapingnet.de\/vape\/sparen-mit-bang-20000puff-jetzt-zum-sonderpreis-und-in-bester-qualitaet\/#primaryimage\"},\"thumbnailUrl\":\"https:\/\/vapingnet.de\/wp-content\/uploads\/2025\/03\/Strawberry-Mango-2.png\",\"datePublished\":\"2025-03-15T09:47:27+00:00\",\"dateModified\":\"2025-06-19T03:40:48+00:00\",\"description\":\"Entdecken Sie die Bang 20000Puff Strawberry Mango E-Zigarette bei vapingnet.de \u2013 Perfekte Mischung aus fruchtigem Genuss und langer Haltbarkeit!\",\"breadcrumb\":{\"@id\":\"https:\/\/vapingnet.de\/vape\/sparen-mit-bang-20000puff-jetzt-zum-sonderpreis-und-in-bester-qualitaet\/#breadcrumb\"},\"inLanguage\":\"sk-SK\",\"potentialAction\":[{\"@type\":\"ReadAction\",\"target\":[\"https:\/\/vapingnet.de\/vape\/sparen-mit-bang-20000puff-jetzt-zum-sonderpreis-und-in-bester-qualitaet\/\"]}]},{\"@type\":\"ImageObject\",\"inLanguage\":\"sk-SK\",\"@id\":\"https:\/\/vapingnet.de\/vape\/sparen-mit-bang-20000puff-jetzt-zum-sonderpreis-und-in-bester-qualitaet\/#primaryimage\",\"url\":\"https:\/\/vapingnet.de\/wp-content\/uploads\/2025\/03\/Strawberry-Mango-2.png\",\"contentUrl\":\"https:\/\/vapingnet.de\/wp-content\/uploads\/2025\/03\/Strawberry-Mango-2.png\",\"width\":1000,\"height\":1000,\"caption\":\"Strawberry Mango\"},{\"@type\":\"BreadcrumbList\",\"@id\":\"https:\/\/vapingnet.de\/vape\/sparen-mit-bang-20000puff-jetzt-zum-sonderpreis-und-in-bester-qualitaet\/#breadcrumb\",\"itemListElement\":[{\"@type\":\"ListItem\",\"position\":1,\"name\":\"Home\",\"item\":\"https:\/\/vapingnet.de\/\"},{\"@type\":\"ListItem\",\"position\":2,\"name\":\"Shop\",\"item\":\"https:\/\/vapingnet.de\/vape\/\"},{\"@type\":\"ListItem\",\"position\":3,\"name\":\"Sparen mit Bang 20000Puff Jetzt zum Sonderpreis und in bester Qualit\u00e4t\"}]},{\"@type\":\"WebSite\",\"@id\":\"https:\/\/vapingnet.de\/#website\",\"url\":\"https:\/\/vapingnet.de\/\",\"name\":\"Vapingnet.de\",\"description\":\"\",\"publisher\":{\"@id\":\"https:\/\/vapingnet.de\/#organization\"},\"potentialAction\":[{\"@type\":\"SearchAction\",\"target\":{\"@type\":\"EntryPoint\",\"urlTemplate\":\"https:\/\/vapingnet.de\/?s={search_term_string}\"},\"query-input\":{\"@type\":\"PropertyValueSpecification\",\"valueRequired\":true,\"valueName\":\"search_term_string\"}}],\"inLanguage\":\"sk-SK\"},{\"@type\":\"Organization\",\"@id\":\"https:\/\/vapingnet.de\/#organization\",\"name\":\"Vapingnet.de\",\"url\":\"https:\/\/vapingnet.de\/\",\"logo\":{\"@type\":\"ImageObject\",\"inLanguage\":\"sk-SK\",\"@id\":\"https:\/\/vapingnet.de\/#\/schema\/logo\/image\/\",\"url\":\"https:\/\/vapingnet.de\/wp-content\/uploads\/2025\/03\/cropped-vapingnet.de_.jpg\",\"contentUrl\":\"https:\/\/vapingnet.de\/wp-content\/uploads\/2025\/03\/cropped-vapingnet.de_.jpg\",\"width\":512,\"height\":512,\"caption\":\"Vapingnet.de\"},\"image\":{\"@id\":\"https:\/\/vapingnet.de\/#\/schema\/logo\/image\/\"},\"sameAs\":[\"https:\/\/www.facebook.com\/vapingnetde\/\"]}]}<\/script>\n<!-- \/ Yoast SEO plugin. -->","yoast_head_json":{"title":"Bang 20000Puff \u2013 Strawberry Mango E-Zigaretten auf vapingnet.de","description":"Entdecken Sie die Bang 20000Puff Strawberry Mango E-Zigarette bei vapingnet.de \u2013 Perfekte Mischung aus fruchtigem Genuss und langer Haltbarkeit!","robots":{"index":"index","follow":"follow","max-snippet":"max-snippet:-1","max-image-preview":"max-image-preview:large","max-video-preview":"max-video-preview:-1"},"canonical":"https:\/\/vapingnet.de\/sk\/vape\/sparen-mit-bang-20000puff-jetzt-zum-sonderpreis-und-in-bester-qualitaet\/","og_locale":"sk_SK","og_type":"article","og_title":"Bang 20000Puff \u2013 Strawberry Mango E-Zigaretten auf vapingnet.de","og_description":"Entdecken Sie die Bang 20000Puff Strawberry Mango E-Zigarette bei vapingnet.de \u2013 Perfekte Mischung aus fruchtigem Genuss und langer Haltbarkeit!","og_url":"https:\/\/vapingnet.de\/sk\/vape\/sparen-mit-bang-20000puff-jetzt-zum-sonderpreis-und-in-bester-qualitaet\/","og_site_name":"Vapingnet.de","article_publisher":"https:\/\/www.facebook.com\/vapingnetde\/","article_modified_time":"2025-06-19T03:40:48+00:00","og_image":[{"width":1000,"height":1000,"url":"https:\/\/vapingnet.de\/wp-content\/uploads\/2025\/03\/Strawberry-Mango-2.png","type":"image\/png"}],"twitter_card":"summary_large_image","twitter_misc":{"Est. reading time":"2 minutes"},"schema":{"@context":"https:\/\/schema.org","@graph":[{"@type":"WebPage","@id":"https:\/\/vapingnet.de\/vape\/sparen-mit-bang-20000puff-jetzt-zum-sonderpreis-und-in-bester-qualitaet\/","url":"https:\/\/vapingnet.de\/vape\/sparen-mit-bang-20000puff-jetzt-zum-sonderpreis-und-in-bester-qualitaet\/","name":"Bang 20000Puff \u2013 Strawberry Mango E-Zigaretten auf vapingnet.de","isPartOf":{"@id":"https:\/\/vapingnet.de\/#website"},"primaryImageOfPage":{"@id":"https:\/\/vapingnet.de\/vape\/sparen-mit-bang-20000puff-jetzt-zum-sonderpreis-und-in-bester-qualitaet\/#primaryimage"},"image":{"@id":"https:\/\/vapingnet.de\/vape\/sparen-mit-bang-20000puff-jetzt-zum-sonderpreis-und-in-bester-qualitaet\/#primaryimage"},"thumbnailUrl":"https:\/\/vapingnet.de\/wp-content\/uploads\/2025\/03\/Strawberry-Mango-2.png","datePublished":"2025-03-15T09:47:27+00:00","dateModified":"2025-06-19T03:40:48+00:00","description":"Entdecken Sie die Bang 20000Puff Strawberry Mango E-Zigarette bei vapingnet.de \u2013 Perfekte Mischung aus fruchtigem Genuss und langer Haltbarkeit!","breadcrumb":{"@id":"https:\/\/vapingnet.de\/vape\/sparen-mit-bang-20000puff-jetzt-zum-sonderpreis-und-in-bester-qualitaet\/#breadcrumb"},"inLanguage":"sk-SK","potentialAction":[{"@type":"ReadAction","target":["https:\/\/vapingnet.de\/vape\/sparen-mit-bang-20000puff-jetzt-zum-sonderpreis-und-in-bester-qualitaet\/"]}]},{"@type":"ImageObject","inLanguage":"sk-SK","@id":"https:\/\/vapingnet.de\/vape\/sparen-mit-bang-20000puff-jetzt-zum-sonderpreis-und-in-bester-qualitaet\/#primaryimage","url":"https:\/\/vapingnet.de\/wp-content\/uploads\/2025\/03\/Strawberry-Mango-2.png","contentUrl":"https:\/\/vapingnet.de\/wp-content\/uploads\/2025\/03\/Strawberry-Mango-2.png","width":1000,"height":1000,"caption":"Strawberry Mango"},{"@type":"BreadcrumbList","@id":"https:\/\/vapingnet.de\/vape\/sparen-mit-bang-20000puff-jetzt-zum-sonderpreis-und-in-bester-qualitaet\/#breadcrumb","itemListElement":[{"@type":"ListItem","position":1,"name":"Home","item":"https:\/\/vapingnet.de\/"},{"@type":"ListItem","position":2,"name":"Shop","item":"https:\/\/vapingnet.de\/vape\/"},{"@type":"ListItem","position":3,"name":"Sparen mit Bang 20000Puff Jetzt zum Sonderpreis und in bester Qualit\u00e4t"}]},{"@type":"WebSite","@id":"https:\/\/vapingnet.de\/#website","url":"https:\/\/vapingnet.de\/","name":"Vapingnet.de","description":"","publisher":{"@id":"https:\/\/vapingnet.de\/#organization"},"potentialAction":[{"@type":"SearchAction","target":{"@type":"EntryPoint","urlTemplate":"https:\/\/vapingnet.de\/?s={search_term_string}"},"query-input":{"@type":"PropertyValueSpecification","valueRequired":true,"valueName":"search_term_string"}}],"inLanguage":"sk-SK"},{"@type":"Organization","@id":"https:\/\/vapingnet.de\/#organization","name":"Vapingnet.de","url":"https:\/\/vapingnet.de\/","logo":{"@type":"ImageObject","inLanguage":"sk-SK","@id":"https:\/\/vapingnet.de\/#\/schema\/logo\/image\/","url":"https:\/\/vapingnet.de\/wp-content\/uploads\/2025\/03\/cropped-vapingnet.de_.jpg","contentUrl":"https:\/\/vapingnet.de\/wp-content\/uploads\/2025\/03\/cropped-vapingnet.de_.jpg","width":512,"height":512,"caption":"Vapingnet.de"},"image":{"@id":"https:\/\/vapingnet.de\/#\/schema\/logo\/image\/"},"sameAs":["https:\/\/www.facebook.com\/vapingnetde\/"]}]}},"tiered_pricing_type":"fixed","tiered_pricing_fixed_rules":{"10":"8.92","60":"8.03","110":"7.14","200":"6.24"},"tiered_pricing_product_settings":{"layout":"default","base_unit_name":{"singular":null,"plural":null},"default_variation":null},"tiered_pricing_minimum_quantity":null,"tiered_pricing_roles_data":[],"tiered_pricing_percentage_rules":[],"_links":{"self":[{"href":"https:\/\/vapingnet.de\/sk\/wp-json\/wp\/v2\/product\/5477","targetHints":{"allow":["GET"]}}],"collection":[{"href":"https:\/\/vapingnet.de\/sk\/wp-json\/wp\/v2\/product"}],"about":[{"href":"https:\/\/vapingnet.de\/sk\/wp-json\/wp\/v2\/types\/product"}],"version-history":[{"count":1,"href":"https:\/\/vapingnet.de\/sk\/wp-json\/wp\/v2\/product\/5477\/revisions"}],"predecessor-version":[{"id":5479,"href":"https:\/\/vapingnet.de\/sk\/wp-json\/wp\/v2\/product\/5477\/revisions\/5479"}],"wp:featuredmedia":[{"embeddable":true,"href":"https:\/\/vapingnet.de\/sk\/wp-json\/wp\/v2\/media\/5478"}],"wp:attachment":[{"href":"https:\/\/vapingnet.de\/sk\/wp-json\/wp\/v2\/media?parent=5477"}],"wp:term":[{"taxonomy":"brand","embeddable":true,"href":"https:\/\/vapingnet.de\/sk\/wp-json\/wp\/v2\/etheme_brands?post=5477"},{"taxonomy":"product_brand","embeddable":true,"href":"https:\/\/vapingnet.de\/sk\/wp-json\/wp\/v2\/product_brand?post=5477"},{"taxonomy":"product_cat","embeddable":true,"href":"https:\/\/vapingnet.de\/sk\/wp-json\/wp\/v2\/product_cat?post=5477"},{"taxonomy":"product_tag","embeddable":true,"href":"https:\/\/vapingnet.de\/sk\/wp-json\/wp\/v2\/product_tag?post=5477"}],"curies":[{"name":"wp","href":"https:\/\/api.w.org\/{rel}","templated":true}]}}