{"id":5480,"date":"2025-03-15T09:54:43","date_gmt":"2025-03-15T09:54:43","guid":{"rendered":"https:\/\/vapingnet.de\/?post_type=product&#038;p=5480"},"modified":"2025-06-19T03:40:48","modified_gmt":"2025-06-19T03:40:48","slug":"bang-20000puff-zu-unschlagbaren-grosshandelspreisen-jetzt-zugreifen","status":"publish","type":"product","link":"https:\/\/vapingnet.de\/sk\/vape\/bang-20000puff-zu-unschlagbaren-grosshandelspreisen-jetzt-zugreifen\/","title":{"rendered":"Bang 20000 potiahnut\u00ed za neporazite\u013en\u00e9 ve\u013ekoobchodn\u00e9 ceny \u2013 Teraz na to sko\u010dte"},"content":{"rendered":"<h2 data-start=\"0\" data-end=\"108\">Bang 20000Puff Dual Mesh Jednorazov\u00e1 E-Cigareta \u2013 Vychutnajte si dlhotrvaj\u00facu chu\u0165 a bohat\u00fd dym<\/h2>\n<p data-start=\"110\" data-end=\"578\">Bang 20000Puff Dual Mesh <a href=\"https:\/\/vapingnet.de\/sk\/k\/einweg-e-zigarette\/\" target=\"_blank\" rel=\"noopener\"><strong>Jednorazov\u00e1 e-cigareta<\/strong><\/a> je v\u00fdkonn\u00fd a odoln\u00fd produkt, ktor\u00fd bol \u0161peci\u00e1lne navrhnut\u00fd pre pou\u017e\u00edvate\u013eov, ktor\u00ed klad\u00fa d\u00f4raz na kvalitu a pohodlie. S inovat\u00edvnou technol\u00f3giou Dual Mesh Cievky a ve\u013ek\u00fdm objemom E-Liquidu pon\u00faka mimoriadne dlh\u00fa dobu pou\u017e\u00edvania a neporovnate\u013en\u00fd z\u00e1\u017eitok z vapovania. \u010ci u\u017e na ka\u017edodenn\u00e9 pou\u017eitie alebo na cest\u00e1ch, Bang 20000Puff spln\u00ed v\u0161etky va\u0161e potreby.<\/p>\n<p data-start=\"580\" data-end=\"599\"><strong data-start=\"580\" data-end=\"599\">Produktov\u00e9 vlastnosti<\/strong><\/p>\n<div class=\"overflow-x-auto contain-inline-size\">\n<table style=\"height: 321px;\" width=\"639\" data-start=\"601\" data-end=\"1107\">\n<thead data-start=\"601\" data-end=\"650\">\n<tr data-start=\"601\" data-end=\"650\">\n<th data-start=\"601\" data-end=\"622\"><strong data-start=\"603\" data-end=\"616\">Parametre<\/strong><\/th>\n<th data-start=\"622\" data-end=\"650\"><strong data-start=\"624\" data-end=\"640\">Popis<\/strong><\/th>\n<\/tr>\n<\/thead>\n<tbody data-start=\"701\" data-end=\"1107\">\n<tr data-start=\"701\" data-end=\"750\">\n<td><strong data-start=\"703\" data-end=\"711\">Z\u00e1\u017eitky<\/strong><\/td>\n<td>20 000 \u0165ahov<\/td>\n<\/tr>\n<tr data-start=\"751\" data-end=\"800\">\n<td><strong data-start=\"753\" data-end=\"766\">Mesh Coil<\/strong><\/td>\n<td>1,1\u03a9 Dual Mesh Cievka<\/td>\n<\/tr>\n<tr data-start=\"801\" data-end=\"851\">\n<td><strong data-start=\"803\" data-end=\"825\">Kapacita e-liquidu<\/strong><\/td>\n<td>28ml<\/td>\n<\/tr>\n<tr data-start=\"852\" data-end=\"902\">\n<td><strong data-start=\"854\" data-end=\"871\">Obsah nikot\u00ednu<\/strong><\/td>\n<td>0%, 2%, 3%, 5%<\/td>\n<\/tr>\n<tr data-start=\"903\" data-end=\"954\">\n<td><strong data-start=\"905\" data-end=\"926\">Kapacita bat\u00e9rie<\/strong><\/td>\n<td>650mAh<\/td>\n<\/tr>\n<tr data-start=\"955\" data-end=\"1005\">\n<td><strong data-start=\"957\" data-end=\"974\">Pripojenie na nab\u00edjanie<\/strong><\/td>\n<td>Type-C<\/td>\n<\/tr>\n<tr data-start=\"1006\" data-end=\"1056\">\n<td><strong data-start=\"1008\" data-end=\"1019\">Hmotnos\u0165<\/strong><\/td>\n<td>90g\/kus<\/td>\n<\/tr>\n<tr data-start=\"1057\" data-end=\"1107\">\n<td><strong data-start=\"1059\" data-end=\"1070\">Displej<\/strong><\/td>\n<td>LED Displej<\/td>\n<\/tr>\n<\/tbody>\n<\/table>\n<\/div>\n<p data-start=\"1109\" data-end=\"1433\"><strong data-start=\"1109\" data-end=\"1126\">Dlh\u00e1 \u017eivotnos\u0165<\/strong><br data-start=\"1126\" data-end=\"1129\" \/>Ka\u017ed\u00e1 jednorazov\u00e1 E-Cigareta Bang 20000Puff je naplnen\u00e1 28 ml E-Liquidu a pon\u00faka dobu pou\u017e\u00edvania a\u017e do <a href=\"https:\/\/vapingnet.de\/sk\/k\/vape-20000-zuege\/\" target=\"_blank\" rel=\"noopener\"><strong>20 000 \u0165ahov<\/strong><\/a>. To znamen\u00e1, \u017ee sa nemus\u00edte ob\u00e1va\u0165 \u010dast\u00e9ho dop\u013a\u0148ania alebo v\u00fdmeny E-Cigarety \u2013 ide\u00e1lne pre dlhodob\u00e9 pou\u017e\u00edvanie, napr\u00edklad na cest\u00e1ch alebo v be\u017enom \u017eivote.<\/p>\n<p data-start=\"1435\" data-end=\"1750\"><strong data-start=\"1435\" data-end=\"1476\">Inovat\u00edvna technol\u00f3gia Dual Mesh Cievky<\/strong><br data-start=\"1476\" data-end=\"1479\" \/>Bang 20000Puff pou\u017e\u00edva technol\u00f3giu 1,1\u03a9 Dual Mesh Cievky, ktor\u00e1 zabezpe\u010duje rovnomern\u00e9 zahrievanie. To vedie k hustej\u0161iemu dymu a hlad\u0161ej\u0161ej, intenz\u00edvnej\u0161ej chuti pri ka\u017edom \u0165ahu. Ka\u017ed\u00e9 inhalovanie sa st\u00e1va plnohodnotn\u00fdm a pr\u00edjemn\u00fdm z\u00e1\u017eitkom.<\/p>\n<p data-start=\"1752\" data-end=\"2109\"><strong data-start=\"1752\" data-end=\"1793\">Odpor\u00fa\u010dan\u00fd chu\u0165 \u2013 Double Apple<\/strong><br data-start=\"1793\" data-end=\"1796\" \/>Chu\u0165 \u201eDouble Apple\u201c Bang 20000Puff je harmonick\u00e1 zmes zelen\u00e9ho a \u010derven\u00e9ho jablka. \u010cerstv\u00e1, sladko-s\u00fdrov\u00e1 chu\u0165 jab\u013ak pon\u00faka osvie\u017euj\u00faci z\u00e1\u017eitok z vapovania, ktor\u00fd si m\u00f4\u017eete vychutn\u00e1va\u0165 cel\u00fd de\u0148. Ka\u017ed\u00fd \u0165ah pripom\u00edna p\u00f4\u017eitok z \u010derstv\u00e9ho jablka.<\/p>\n<p data-start=\"2111\" data-end=\"2432\"><strong data-start=\"2111\" data-end=\"2141\">R\u00fdchle nab\u00edjanie Type-C<\/strong><br data-start=\"2141\" data-end=\"2144\" \/>Vybaven\u00e1 bat\u00e9riou s kapacitou 650mAh, Bang 20000Puff podporuje r\u00fdchle nab\u00edjanie Type-C. To znamen\u00e1, \u017ee sa r\u00fdchlo \u00faplne nabije a m\u00f4\u017eete pokra\u010dova\u0165 vo vapovan\u00ed kedyko\u013evek. \u017diadne dlh\u00e9 \u010dakanie \u2013 Bang 20000Puff je v\u017edy pripraven\u00e1 na pou\u017eitie.<\/p>\n<p data-start=\"2434\" data-end=\"2718\"><strong data-start=\"2434\" data-end=\"2469\">Bez cla a r\u00fdchle doru\u010denie<\/strong><br data-start=\"2469\" data-end=\"2472\" \/>Pri n\u00e1kupe nad vapingnet.de z\u00edskavate bezcoln\u00e9 objedn\u00e1vky, \u010d\u00edm sa vyhnete dodato\u010dn\u00fdm n\u00e1kladom. Okrem toho pon\u00fakame r\u00fdchle doru\u010denie do 7-15 pracovn\u00fdch dn\u00ed, tak\u017ee v\u00e1\u0161 produkt r\u00fdchlo doraz\u00ed k v\u00e1m.<\/p>\n<h3 data-start=\"2720\" data-end=\"2764\">Pre\u010do si vybra\u0165 Bang 20000Puff Dual Mesh?<\/h3>\n<ul data-start=\"2765\" data-end=\"3354\">\n<li data-start=\"2765\" data-end=\"2908\"><strong data-start=\"2767\" data-end=\"2794\">Dlhodob\u00e9 pou\u017e\u00edvanie<\/strong>: Pon\u00faka 20 000 \u0165ahov, tak\u017ee m\u00f4\u017eete E-Cigaretu pou\u017e\u00edva\u0165 dlh\u0161\u00ed \u010das bez \u010dastej v\u00fdmeny.<\/li>\n<li data-start=\"2909\" data-end=\"3044\"><strong data-start=\"2911\" data-end=\"2937\">Inovat\u00edvna technol\u00f3gia<\/strong>: Dual Mesh Cievky zabezpe\u010duj\u00fa rovnomern\u00e9 zahrievanie a intenz\u00edvny dym s najjemnej\u0161ou chu\u0165ou.<\/li>\n<li data-start=\"3045\" data-end=\"3157\"><strong data-start=\"3047\" data-end=\"3073\">V\u0161estrann\u00e1 chu\u0165<\/strong>: Chu\u0165 \u201eDouble Apple\u201c pon\u00faka osvie\u017euj\u00faci, sladko-s\u00fdrov\u00fd z\u00e1\u017eitok z vapovania.<\/li>\n<li data-start=\"3158\" data-end=\"3243\"><strong data-start=\"3160\" data-end=\"3179\">R\u00fdchle nab\u00edjanie<\/strong>: Podporuje r\u00fdchle nab\u00edjanie Type-C pre r\u00fdchle nab\u00edjanie.<\/li>\n<li data-start=\"3244\" data-end=\"3354\"><strong data-start=\"3246\" data-end=\"3269\">Doru\u010denie bez cla<\/strong>: U\u017eite si bezcoln\u00e9 objedn\u00e1vky a r\u00fdchle doru\u010denie bez \u010fal\u0161\u00edch n\u00e1kladov.<\/li>\n<\/ul>\n<p data-start=\"3356\" data-end=\"3487\" data-is-last-node=\"\" data-is-only-node=\"\">Nav\u0161t\u00edvte teraz vapingnet.de a za\u017eite Bang 20000Puff Dual Mesh jednorazov\u00fa e-cigaretu pre \u00faplne nov\u00fd z\u00e1\u017eitok z vapovania!<\/p>","protected":false},"excerpt":{"rendered":"<p>Bang 20000Puff Dual Mesh Einweg E-Zigarette \u2013 Genie\u00dfen Sie langanhaltenden Geschmack und reichhaltigen Dampf Die Bang 20000Puff Dual Mesh Einweg E-Zigarette ist ein leistungsstarkes und&#8230;<\/p>","protected":false},"featured_media":5481,"template":"","meta":[],"etheme_brands":[],"product_brand":[101],"product_cat":[54,49,61],"product_tag":[],"class_list":{"0":"post-5480","1":"product","2":"type-product","3":"status-publish","4":"has-post-thumbnail","6":"product_brand-bang-king-vape","7":"product_cat-vape-20000-zuege","8":"product_cat-einweg-e-zigarette","9":"product_cat-f","11":"first","12":"instock","13":"shipping-taxable","14":"purchasable","15":"product-type-simple"},"yoast_head":"<!-- This site is optimized with the Yoast SEO plugin v26.5 - https:\/\/yoast.com\/wordpress\/plugins\/seo\/ -->\n<title>Bang 20000Puff Double Apple \u2013 E-Zigarette auf vapingnet.de<\/title>\n<meta name=\"description\" content=\"Entdecken Sie die Bang 20000Puff Double Apple E-Zigarette auf vapingnet.de \u2013 Erleben Sie den einzigartigen Apfelgeschmack mit langer Haltbarkeit!\" \/>\n<meta name=\"robots\" content=\"index, follow, max-snippet:-1, max-image-preview:large, max-video-preview:-1\" \/>\n<link rel=\"canonical\" href=\"https:\/\/vapingnet.de\/sk\/vape\/bang-20000puff-zu-unschlagbaren-grosshandelspreisen-jetzt-zugreifen\/\" \/>\n<meta property=\"og:locale\" content=\"sk_SK\" \/>\n<meta property=\"og:type\" content=\"article\" \/>\n<meta property=\"og:title\" content=\"Bang 20000Puff Double Apple \u2013 E-Zigarette auf vapingnet.de\" \/>\n<meta property=\"og:description\" content=\"Entdecken Sie die Bang 20000Puff Double Apple E-Zigarette auf vapingnet.de \u2013 Erleben Sie den einzigartigen Apfelgeschmack mit langer Haltbarkeit!\" \/>\n<meta property=\"og:url\" content=\"https:\/\/vapingnet.de\/sk\/vape\/bang-20000puff-zu-unschlagbaren-grosshandelspreisen-jetzt-zugreifen\/\" \/>\n<meta property=\"og:site_name\" content=\"Vapingnet.de\" \/>\n<meta property=\"article:publisher\" content=\"https:\/\/www.facebook.com\/vapingnetde\/\" \/>\n<meta property=\"article:modified_time\" content=\"2025-06-19T03:40:48+00:00\" \/>\n<meta property=\"og:image\" content=\"https:\/\/vapingnet.de\/wp-content\/uploads\/2025\/03\/Double-Apple-2.png\" \/>\n\t<meta property=\"og:image:width\" content=\"1000\" \/>\n\t<meta property=\"og:image:height\" content=\"1000\" \/>\n\t<meta property=\"og:image:type\" content=\"image\/png\" \/>\n<meta name=\"twitter:card\" content=\"summary_large_image\" \/>\n<meta name=\"twitter:label1\" content=\"Est. reading time\" \/>\n\t<meta name=\"twitter:data1\" content=\"3 minutes\" \/>\n<script type=\"application\/ld+json\" class=\"yoast-schema-graph\">{\"@context\":\"https:\/\/schema.org\",\"@graph\":[{\"@type\":\"WebPage\",\"@id\":\"https:\/\/vapingnet.de\/vape\/bang-20000puff-zu-unschlagbaren-grosshandelspreisen-jetzt-zugreifen\/\",\"url\":\"https:\/\/vapingnet.de\/vape\/bang-20000puff-zu-unschlagbaren-grosshandelspreisen-jetzt-zugreifen\/\",\"name\":\"Bang 20000Puff Double Apple \u2013 E-Zigarette auf vapingnet.de\",\"isPartOf\":{\"@id\":\"https:\/\/vapingnet.de\/#website\"},\"primaryImageOfPage\":{\"@id\":\"https:\/\/vapingnet.de\/vape\/bang-20000puff-zu-unschlagbaren-grosshandelspreisen-jetzt-zugreifen\/#primaryimage\"},\"image\":{\"@id\":\"https:\/\/vapingnet.de\/vape\/bang-20000puff-zu-unschlagbaren-grosshandelspreisen-jetzt-zugreifen\/#primaryimage\"},\"thumbnailUrl\":\"https:\/\/vapingnet.de\/wp-content\/uploads\/2025\/03\/Double-Apple-2.png\",\"datePublished\":\"2025-03-15T09:54:43+00:00\",\"dateModified\":\"2025-06-19T03:40:48+00:00\",\"description\":\"Entdecken Sie die Bang 20000Puff Double Apple E-Zigarette auf vapingnet.de \u2013 Erleben Sie den einzigartigen Apfelgeschmack mit langer Haltbarkeit!\",\"breadcrumb\":{\"@id\":\"https:\/\/vapingnet.de\/vape\/bang-20000puff-zu-unschlagbaren-grosshandelspreisen-jetzt-zugreifen\/#breadcrumb\"},\"inLanguage\":\"sk-SK\",\"potentialAction\":[{\"@type\":\"ReadAction\",\"target\":[\"https:\/\/vapingnet.de\/vape\/bang-20000puff-zu-unschlagbaren-grosshandelspreisen-jetzt-zugreifen\/\"]}]},{\"@type\":\"ImageObject\",\"inLanguage\":\"sk-SK\",\"@id\":\"https:\/\/vapingnet.de\/vape\/bang-20000puff-zu-unschlagbaren-grosshandelspreisen-jetzt-zugreifen\/#primaryimage\",\"url\":\"https:\/\/vapingnet.de\/wp-content\/uploads\/2025\/03\/Double-Apple-2.png\",\"contentUrl\":\"https:\/\/vapingnet.de\/wp-content\/uploads\/2025\/03\/Double-Apple-2.png\",\"width\":1000,\"height\":1000,\"caption\":\"Double Apple\"},{\"@type\":\"BreadcrumbList\",\"@id\":\"https:\/\/vapingnet.de\/vape\/bang-20000puff-zu-unschlagbaren-grosshandelspreisen-jetzt-zugreifen\/#breadcrumb\",\"itemListElement\":[{\"@type\":\"ListItem\",\"position\":1,\"name\":\"Home\",\"item\":\"https:\/\/vapingnet.de\/\"},{\"@type\":\"ListItem\",\"position\":2,\"name\":\"Shop\",\"item\":\"https:\/\/vapingnet.de\/vape\/\"},{\"@type\":\"ListItem\",\"position\":3,\"name\":\"Bang 20000Puff zu unschlagbaren Gro\u00dfhandelspreisen Jetzt zugreifen\"}]},{\"@type\":\"WebSite\",\"@id\":\"https:\/\/vapingnet.de\/#website\",\"url\":\"https:\/\/vapingnet.de\/\",\"name\":\"Vapingnet.de\",\"description\":\"\",\"publisher\":{\"@id\":\"https:\/\/vapingnet.de\/#organization\"},\"potentialAction\":[{\"@type\":\"SearchAction\",\"target\":{\"@type\":\"EntryPoint\",\"urlTemplate\":\"https:\/\/vapingnet.de\/?s={search_term_string}\"},\"query-input\":{\"@type\":\"PropertyValueSpecification\",\"valueRequired\":true,\"valueName\":\"search_term_string\"}}],\"inLanguage\":\"sk-SK\"},{\"@type\":\"Organization\",\"@id\":\"https:\/\/vapingnet.de\/#organization\",\"name\":\"Vapingnet.de\",\"url\":\"https:\/\/vapingnet.de\/\",\"logo\":{\"@type\":\"ImageObject\",\"inLanguage\":\"sk-SK\",\"@id\":\"https:\/\/vapingnet.de\/#\/schema\/logo\/image\/\",\"url\":\"https:\/\/vapingnet.de\/wp-content\/uploads\/2025\/03\/cropped-vapingnet.de_.jpg\",\"contentUrl\":\"https:\/\/vapingnet.de\/wp-content\/uploads\/2025\/03\/cropped-vapingnet.de_.jpg\",\"width\":512,\"height\":512,\"caption\":\"Vapingnet.de\"},\"image\":{\"@id\":\"https:\/\/vapingnet.de\/#\/schema\/logo\/image\/\"},\"sameAs\":[\"https:\/\/www.facebook.com\/vapingnetde\/\"]}]}<\/script>\n<!-- \/ Yoast SEO plugin. -->","yoast_head_json":{"title":"Bang 20000Puff Double Apple \u2013 E-Zigarette auf vapingnet.de","description":"Entdecken Sie die Bang 20000Puff Double Apple E-Zigarette auf vapingnet.de \u2013 Erleben Sie den einzigartigen Apfelgeschmack mit langer Haltbarkeit!","robots":{"index":"index","follow":"follow","max-snippet":"max-snippet:-1","max-image-preview":"max-image-preview:large","max-video-preview":"max-video-preview:-1"},"canonical":"https:\/\/vapingnet.de\/sk\/vape\/bang-20000puff-zu-unschlagbaren-grosshandelspreisen-jetzt-zugreifen\/","og_locale":"sk_SK","og_type":"article","og_title":"Bang 20000Puff Double Apple \u2013 E-Zigarette auf vapingnet.de","og_description":"Entdecken Sie die Bang 20000Puff Double Apple E-Zigarette auf vapingnet.de \u2013 Erleben Sie den einzigartigen Apfelgeschmack mit langer Haltbarkeit!","og_url":"https:\/\/vapingnet.de\/sk\/vape\/bang-20000puff-zu-unschlagbaren-grosshandelspreisen-jetzt-zugreifen\/","og_site_name":"Vapingnet.de","article_publisher":"https:\/\/www.facebook.com\/vapingnetde\/","article_modified_time":"2025-06-19T03:40:48+00:00","og_image":[{"width":1000,"height":1000,"url":"https:\/\/vapingnet.de\/wp-content\/uploads\/2025\/03\/Double-Apple-2.png","type":"image\/png"}],"twitter_card":"summary_large_image","twitter_misc":{"Est. reading time":"3 minutes"},"schema":{"@context":"https:\/\/schema.org","@graph":[{"@type":"WebPage","@id":"https:\/\/vapingnet.de\/vape\/bang-20000puff-zu-unschlagbaren-grosshandelspreisen-jetzt-zugreifen\/","url":"https:\/\/vapingnet.de\/vape\/bang-20000puff-zu-unschlagbaren-grosshandelspreisen-jetzt-zugreifen\/","name":"Bang 20000Puff Double Apple \u2013 E-Zigarette auf vapingnet.de","isPartOf":{"@id":"https:\/\/vapingnet.de\/#website"},"primaryImageOfPage":{"@id":"https:\/\/vapingnet.de\/vape\/bang-20000puff-zu-unschlagbaren-grosshandelspreisen-jetzt-zugreifen\/#primaryimage"},"image":{"@id":"https:\/\/vapingnet.de\/vape\/bang-20000puff-zu-unschlagbaren-grosshandelspreisen-jetzt-zugreifen\/#primaryimage"},"thumbnailUrl":"https:\/\/vapingnet.de\/wp-content\/uploads\/2025\/03\/Double-Apple-2.png","datePublished":"2025-03-15T09:54:43+00:00","dateModified":"2025-06-19T03:40:48+00:00","description":"Entdecken Sie die Bang 20000Puff Double Apple E-Zigarette auf vapingnet.de \u2013 Erleben Sie den einzigartigen Apfelgeschmack mit langer Haltbarkeit!","breadcrumb":{"@id":"https:\/\/vapingnet.de\/vape\/bang-20000puff-zu-unschlagbaren-grosshandelspreisen-jetzt-zugreifen\/#breadcrumb"},"inLanguage":"sk-SK","potentialAction":[{"@type":"ReadAction","target":["https:\/\/vapingnet.de\/vape\/bang-20000puff-zu-unschlagbaren-grosshandelspreisen-jetzt-zugreifen\/"]}]},{"@type":"ImageObject","inLanguage":"sk-SK","@id":"https:\/\/vapingnet.de\/vape\/bang-20000puff-zu-unschlagbaren-grosshandelspreisen-jetzt-zugreifen\/#primaryimage","url":"https:\/\/vapingnet.de\/wp-content\/uploads\/2025\/03\/Double-Apple-2.png","contentUrl":"https:\/\/vapingnet.de\/wp-content\/uploads\/2025\/03\/Double-Apple-2.png","width":1000,"height":1000,"caption":"Double Apple"},{"@type":"BreadcrumbList","@id":"https:\/\/vapingnet.de\/vape\/bang-20000puff-zu-unschlagbaren-grosshandelspreisen-jetzt-zugreifen\/#breadcrumb","itemListElement":[{"@type":"ListItem","position":1,"name":"Home","item":"https:\/\/vapingnet.de\/"},{"@type":"ListItem","position":2,"name":"Shop","item":"https:\/\/vapingnet.de\/vape\/"},{"@type":"ListItem","position":3,"name":"Bang 20000Puff zu unschlagbaren Gro\u00dfhandelspreisen Jetzt zugreifen"}]},{"@type":"WebSite","@id":"https:\/\/vapingnet.de\/#website","url":"https:\/\/vapingnet.de\/","name":"Vapingnet.de","description":"","publisher":{"@id":"https:\/\/vapingnet.de\/#organization"},"potentialAction":[{"@type":"SearchAction","target":{"@type":"EntryPoint","urlTemplate":"https:\/\/vapingnet.de\/?s={search_term_string}"},"query-input":{"@type":"PropertyValueSpecification","valueRequired":true,"valueName":"search_term_string"}}],"inLanguage":"sk-SK"},{"@type":"Organization","@id":"https:\/\/vapingnet.de\/#organization","name":"Vapingnet.de","url":"https:\/\/vapingnet.de\/","logo":{"@type":"ImageObject","inLanguage":"sk-SK","@id":"https:\/\/vapingnet.de\/#\/schema\/logo\/image\/","url":"https:\/\/vapingnet.de\/wp-content\/uploads\/2025\/03\/cropped-vapingnet.de_.jpg","contentUrl":"https:\/\/vapingnet.de\/wp-content\/uploads\/2025\/03\/cropped-vapingnet.de_.jpg","width":512,"height":512,"caption":"Vapingnet.de"},"image":{"@id":"https:\/\/vapingnet.de\/#\/schema\/logo\/image\/"},"sameAs":["https:\/\/www.facebook.com\/vapingnetde\/"]}]}},"tiered_pricing_type":"fixed","tiered_pricing_fixed_rules":{"10":"8.92","60":"8.03","110":"7.14","200":"6.24"},"tiered_pricing_product_settings":{"layout":"default","base_unit_name":{"singular":null,"plural":null},"default_variation":null},"tiered_pricing_minimum_quantity":null,"tiered_pricing_roles_data":[],"tiered_pricing_percentage_rules":[],"_links":{"self":[{"href":"https:\/\/vapingnet.de\/sk\/wp-json\/wp\/v2\/product\/5480","targetHints":{"allow":["GET"]}}],"collection":[{"href":"https:\/\/vapingnet.de\/sk\/wp-json\/wp\/v2\/product"}],"about":[{"href":"https:\/\/vapingnet.de\/sk\/wp-json\/wp\/v2\/types\/product"}],"version-history":[{"count":2,"href":"https:\/\/vapingnet.de\/sk\/wp-json\/wp\/v2\/product\/5480\/revisions"}],"predecessor-version":[{"id":5483,"href":"https:\/\/vapingnet.de\/sk\/wp-json\/wp\/v2\/product\/5480\/revisions\/5483"}],"wp:featuredmedia":[{"embeddable":true,"href":"https:\/\/vapingnet.de\/sk\/wp-json\/wp\/v2\/media\/5481"}],"wp:attachment":[{"href":"https:\/\/vapingnet.de\/sk\/wp-json\/wp\/v2\/media?parent=5480"}],"wp:term":[{"taxonomy":"brand","embeddable":true,"href":"https:\/\/vapingnet.de\/sk\/wp-json\/wp\/v2\/etheme_brands?post=5480"},{"taxonomy":"product_brand","embeddable":true,"href":"https:\/\/vapingnet.de\/sk\/wp-json\/wp\/v2\/product_brand?post=5480"},{"taxonomy":"product_cat","embeddable":true,"href":"https:\/\/vapingnet.de\/sk\/wp-json\/wp\/v2\/product_cat?post=5480"},{"taxonomy":"product_tag","embeddable":true,"href":"https:\/\/vapingnet.de\/sk\/wp-json\/wp\/v2\/product_tag?post=5480"}],"curies":[{"name":"wp","href":"https:\/\/api.w.org\/{rel}","templated":true}]}}