{"id":5484,"date":"2025-03-15T09:59:04","date_gmt":"2025-03-15T09:59:04","guid":{"rendered":"https:\/\/vapingnet.de\/?post_type=product&#038;p=5484"},"modified":"2025-06-19T03:40:48","modified_gmt":"2025-06-19T03:40:48","slug":"raspberry-watermelon-bang-20000puff-e-zigarette-jetzt-im-angebot-ohne-steuer","status":"publish","type":"product","link":"https:\/\/vapingnet.de\/sk\/vape\/raspberry-watermelon-bang-20000puff-e-zigarette-jetzt-im-angebot-ohne-steuer\/","title":{"rendered":"Raspberry Watermelon Bang 20000Puff e-cigareta teraz v akcii bez dane"},"content":{"rendered":"<h2 data-start=\"0\" data-end=\"96\">Bang 20000Puff Dual Mesh Jednorazov\u00e1 E-Cigareta \u2013 Vychutnajte si nekone\u010dn\u00fd dym a \u010derstv\u00fa chu\u0165<\/h2>\n<p data-start=\"98\" data-end=\"494\">Bang 20000Puff Dual Mesh Jednorazov\u00e1 E-Cigareta je vysoko kvalitn\u00e1 e-cigareta, ktor\u00e1 kombinuje pokro\u010dil\u00fa technol\u00f3giu a vynikaj\u00faci v\u00fdkon. Pon\u00faka nielen dlh\u00fa dobu pou\u017e\u00edvania, ale aj jedine\u010dn\u00fd z\u00e1\u017eitok z vapovania v\u010faka technol\u00f3gii Dual Mesh Coil. Ka\u017ed\u00fd \u0165ah je p\u00f4\u017eitkom s \u010derstvou ovocnou chu\u0165ou, ktor\u00e1 rob\u00ed vapovanie v\u00fdnimo\u010dn\u00fdm z\u00e1\u017eitkom.<\/p>\n<h4 data-start=\"496\" data-end=\"515\">Produktov\u00e9 vlastnosti<\/h4>\n<ul data-start=\"517\" data-end=\"1699\">\n<li data-start=\"517\" data-end=\"765\"><strong data-start=\"519\" data-end=\"542\">Dlh\u00e1 doba pou\u017e\u00edvania<\/strong>: Bang 20000Puff Jednorazov\u00e1 E-Cigareta m\u00e1 ve\u013ek\u00e9 objemov\u00e9 mno\u017estvo E-Liquidu 28 ml, ktor\u00e9 vydr\u017e\u00ed a\u017e <a href=\"https:\/\/vapingnet.de\/sk\/k\/vape-20000-zuege\/\" target=\"_blank\" rel=\"noopener\"><strong>20 000 \u0165ahov<\/strong> <\/a>pon\u00faka. U\u017e sa nemus\u00edte ob\u00e1va\u0165 \u010dast\u00fdch v\u00fdmen \u2013 ide\u00e1lne na dlhodob\u00e9 pou\u017e\u00edvanie.<\/li>\n<li data-start=\"766\" data-end=\"954\"><strong data-start=\"768\" data-end=\"798\">Technol\u00f3gia Dual Mesh Coil<\/strong>: Vybaven\u00e1 1,1\u03a9 Dual Mesh Coil, t\u00e1to e-cigareta zabezpe\u010duje rovnomern\u00e9 zahrievanie a bohat\u00fd dym s intenz\u00edvnou chu\u0165ou.<\/li>\n<li data-start=\"955\" data-end=\"1153\"><strong data-start=\"957\" data-end=\"985\">Ve\u013ek\u00e1 kapacita e-liquidu<\/strong>: S 28 ml E-Liquidu poskytuje ka\u017ed\u00e1 e-cigareta dostatok tekutiny na dlh\u00e9 pou\u017e\u00edvanie, tak\u017ee sa nemus\u00edte ob\u00e1va\u0165 \u010dast\u00e9ho dop\u013a\u0148ania.<\/li>\n<li data-start=\"1154\" data-end=\"1313\"><strong data-start=\"1156\" data-end=\"1186\">R\u00f4zne \u00farovne nikot\u00ednu<\/strong>: Dostupn\u00e1 v nikot\u00ednov\u00fdch sil\u00e1ch 0%, 2%, 3% a 5%, tak\u017ee si m\u00f4\u017eete vybra\u0165 vhodn\u00fa silu pod\u013ea potreby a preferenci\u00ed.<\/li>\n<li data-start=\"1314\" data-end=\"1533\"><strong data-start=\"1316\" data-end=\"1340\">R\u00fdchle nab\u00edjanie Type-C<\/strong>: Bang 20000Puff je vybaven\u00e1 bat\u00e9riou 650mAh a podporuje r\u00fdchle nab\u00edjanie Type-C, aby ste boli v\u017edy pripraven\u00ed na pou\u017eitie bez dlh\u00e9ho \u010dakania na nab\u00edjanie.<\/li>\n<li data-start=\"1534\" data-end=\"1699\"><strong data-start=\"1536\" data-end=\"1551\">LED Displej<\/strong>: S integrovan\u00fdm LED displejom m\u00e1te v\u017edy preh\u013ead o stave bat\u00e9rie, aby ste vedeli, kedy je \u010das nabi\u0165 e-cigaretu.<\/li>\n<\/ul>\n<h4 data-start=\"1701\" data-end=\"1748\">Odpor\u00fa\u010dan\u00e1 chu\u0165 \u2013 Raspberry Watermelon<\/h4>\n<p data-start=\"1750\" data-end=\"2078\">Chu\u0165 \u201eRaspberry Watermelon\u201c od Bang 20000Puff sp\u00e1ja sladkos\u0165 vodn\u00e9ho mel\u00f3nu a ovocn\u00fa svie\u017eos\u0165 mal\u00edn. Chu\u0165 je osvie\u017euj\u00faca a dokonale vyv\u00e1\u017een\u00e1 \u2013 ka\u017ed\u00fd \u0165ah prin\u00e1\u0161a svie\u017eu, sladk\u00fa ovocn\u00fa chu\u0165 leta. Ide\u00e1lne pre t\u00fdch, ktor\u00ed miluj\u00fa ovocn\u00e9 a \u013eahk\u00e9 ar\u00f3my.<\/p>\n<h3 data-start=\"2080\" data-end=\"2104\">V\u00fdhody a doprava<\/h3>\n<ul data-start=\"2106\" data-end=\"2542\">\n<li data-start=\"2106\" data-end=\"2251\"><strong data-start=\"2108\" data-end=\"2120\">Colne zdarma<\/strong>: Pri n\u00e1kupe nad vapingnet.de profitujete z coln\u00fdch objedn\u00e1vok, \u010do znamen\u00e1, \u017ee nebud\u00fa \u017eiadne \u010fal\u0161ie poplatky.<\/li>\n<li data-start=\"2252\" data-end=\"2406\"><strong data-start=\"2254\" data-end=\"2285\">R\u00fdchla leteck\u00e1 doprava<\/strong>: Pon\u00fakame r\u00fdchle doru\u010denie do 7-15 pracovn\u00fdch dn\u00ed, tak\u017ee va\u0161a objedn\u00e1vka doraz\u00ed r\u00fdchlo a bezpe\u010dne k v\u00e1m.<\/li>\n<li data-start=\"2407\" data-end=\"2542\"><strong data-start=\"2409\" data-end=\"2438\">Pohodln\u00fd n\u00e1kupn\u00fd z\u00e1\u017eitok<\/strong>: Sta\u010d\u00ed nav\u0161t\u00edvi\u0165 vapingnet.de, vybra\u0165 si svoju ob\u013e\u00faben\u00fa e-cigaretu a pohodlne objedna\u0165.<\/li>\n<\/ul>\n<p data-start=\"2555\" data-end=\"3010\" data-is-last-node=\"\" data-is-only-node=\"\">Bang 20000Puff Dual Mesh Jednorazov\u00e1 E-Cigareta je v\u010faka svojej dlhej \u017eivotnosti, intenz\u00edvnym ar\u00f3mam a inovat\u00edvnej technol\u00f3gii vynikaj\u00facou vo\u013ebou pre vapera v\u0161etk\u00fdch \u00farovn\u00ed sk\u00fasenost\u00ed. \u010ci ste za\u010diato\u010dn\u00edk alebo sk\u00fasen\u00fd vap\u00e9r, t\u00e1to e-cigareta v\u00e1s presved\u010d\u00ed svojou \u010derstvou chu\u0165ou a jednoduchou obsluhou. Nav\u0161t\u00edvte teraz <a href=\"https:\/\/vapingnet.de\/sk\/\" target=\"_new\" rel=\"noopener\" data-start=\"2921\" data-end=\"2958\">vapingnet.de<\/a> a za\u017eite v\u00fdnimo\u010dn\u00fd z\u00e1\u017eitok z vapovania!<\/p>","protected":false},"excerpt":{"rendered":"<p>Bang 20000Puff Dual Mesh Jednorazov\u00e1 e-cigareta \u2013 Vychutnajte si nekone\u010dn\u00fd dym a \u010derstv\u00fa chu\u0165 Bang 20000Puff Dual Mesh je kvalitn\u00e1 e-cigareta,...<\/p>","protected":false},"featured_media":5485,"template":"","meta":[],"etheme_brands":[],"product_brand":[101],"product_cat":[54,49,61],"product_tag":[],"class_list":{"0":"post-5484","1":"product","2":"type-product","3":"status-publish","4":"has-post-thumbnail","6":"product_brand-bang-king-vape","7":"product_cat-vape-20000-zuege","8":"product_cat-einweg-e-zigarette","9":"product_cat-f","11":"first","12":"instock","13":"shipping-taxable","14":"purchasable","15":"product-type-simple"},"yoast_head":"<!-- This site is optimized with the Yoast SEO plugin v26.5 - https:\/\/yoast.com\/wordpress\/plugins\/seo\/ -->\n<title>Bang 20000Puff Raspberry Watermelon E-Zigarette auf vapingnet.de<\/title>\n<meta name=\"description\" content=\"Genie\u00dfen Sie die Bang 20000Puff Raspberry Watermelon E-Zigarette bei vapingnet.de \u2013 Fruchtig, frisch und ideal f\u00fcr langanhaltenden Genuss!\" \/>\n<meta name=\"robots\" content=\"index, follow, max-snippet:-1, max-image-preview:large, max-video-preview:-1\" \/>\n<link rel=\"canonical\" href=\"https:\/\/vapingnet.de\/sk\/vape\/raspberry-watermelon-bang-20000puff-e-zigarette-jetzt-im-angebot-ohne-steuer\/\" \/>\n<meta property=\"og:locale\" content=\"sk_SK\" \/>\n<meta property=\"og:type\" content=\"article\" \/>\n<meta property=\"og:title\" content=\"Bang 20000Puff Raspberry Watermelon E-Zigarette auf vapingnet.de\" \/>\n<meta property=\"og:description\" content=\"Genie\u00dfen Sie die Bang 20000Puff Raspberry Watermelon E-Zigarette bei vapingnet.de \u2013 Fruchtig, frisch und ideal f\u00fcr langanhaltenden Genuss!\" \/>\n<meta property=\"og:url\" content=\"https:\/\/vapingnet.de\/sk\/vape\/raspberry-watermelon-bang-20000puff-e-zigarette-jetzt-im-angebot-ohne-steuer\/\" \/>\n<meta property=\"og:site_name\" content=\"Vapingnet.de\" \/>\n<meta property=\"article:publisher\" content=\"https:\/\/www.facebook.com\/vapingnetde\/\" \/>\n<meta property=\"article:modified_time\" content=\"2025-06-19T03:40:48+00:00\" \/>\n<meta property=\"og:image\" content=\"https:\/\/vapingnet.de\/wp-content\/uploads\/2025\/03\/Raspberry-Watermelon.png\" \/>\n\t<meta property=\"og:image:width\" content=\"1000\" \/>\n\t<meta property=\"og:image:height\" content=\"1000\" \/>\n\t<meta property=\"og:image:type\" content=\"image\/png\" \/>\n<meta name=\"twitter:card\" content=\"summary_large_image\" \/>\n<meta name=\"twitter:label1\" content=\"Est. reading time\" \/>\n\t<meta name=\"twitter:data1\" content=\"3 minutes\" \/>\n<script type=\"application\/ld+json\" class=\"yoast-schema-graph\">{\"@context\":\"https:\/\/schema.org\",\"@graph\":[{\"@type\":\"WebPage\",\"@id\":\"https:\/\/vapingnet.de\/vape\/raspberry-watermelon-bang-20000puff-e-zigarette-jetzt-im-angebot-ohne-steuer\/\",\"url\":\"https:\/\/vapingnet.de\/vape\/raspberry-watermelon-bang-20000puff-e-zigarette-jetzt-im-angebot-ohne-steuer\/\",\"name\":\"Bang 20000Puff Raspberry Watermelon E-Zigarette auf vapingnet.de\",\"isPartOf\":{\"@id\":\"https:\/\/vapingnet.de\/#website\"},\"primaryImageOfPage\":{\"@id\":\"https:\/\/vapingnet.de\/vape\/raspberry-watermelon-bang-20000puff-e-zigarette-jetzt-im-angebot-ohne-steuer\/#primaryimage\"},\"image\":{\"@id\":\"https:\/\/vapingnet.de\/vape\/raspberry-watermelon-bang-20000puff-e-zigarette-jetzt-im-angebot-ohne-steuer\/#primaryimage\"},\"thumbnailUrl\":\"https:\/\/vapingnet.de\/wp-content\/uploads\/2025\/03\/Raspberry-Watermelon.png\",\"datePublished\":\"2025-03-15T09:59:04+00:00\",\"dateModified\":\"2025-06-19T03:40:48+00:00\",\"description\":\"Genie\u00dfen Sie die Bang 20000Puff Raspberry Watermelon E-Zigarette bei vapingnet.de \u2013 Fruchtig, frisch und ideal f\u00fcr langanhaltenden Genuss!\",\"breadcrumb\":{\"@id\":\"https:\/\/vapingnet.de\/vape\/raspberry-watermelon-bang-20000puff-e-zigarette-jetzt-im-angebot-ohne-steuer\/#breadcrumb\"},\"inLanguage\":\"sk-SK\",\"potentialAction\":[{\"@type\":\"ReadAction\",\"target\":[\"https:\/\/vapingnet.de\/vape\/raspberry-watermelon-bang-20000puff-e-zigarette-jetzt-im-angebot-ohne-steuer\/\"]}]},{\"@type\":\"ImageObject\",\"inLanguage\":\"sk-SK\",\"@id\":\"https:\/\/vapingnet.de\/vape\/raspberry-watermelon-bang-20000puff-e-zigarette-jetzt-im-angebot-ohne-steuer\/#primaryimage\",\"url\":\"https:\/\/vapingnet.de\/wp-content\/uploads\/2025\/03\/Raspberry-Watermelon.png\",\"contentUrl\":\"https:\/\/vapingnet.de\/wp-content\/uploads\/2025\/03\/Raspberry-Watermelon.png\",\"width\":1000,\"height\":1000,\"caption\":\"Raspberry Watermelon\"},{\"@type\":\"BreadcrumbList\",\"@id\":\"https:\/\/vapingnet.de\/vape\/raspberry-watermelon-bang-20000puff-e-zigarette-jetzt-im-angebot-ohne-steuer\/#breadcrumb\",\"itemListElement\":[{\"@type\":\"ListItem\",\"position\":1,\"name\":\"Home\",\"item\":\"https:\/\/vapingnet.de\/\"},{\"@type\":\"ListItem\",\"position\":2,\"name\":\"Shop\",\"item\":\"https:\/\/vapingnet.de\/vape\/\"},{\"@type\":\"ListItem\",\"position\":3,\"name\":\"Raspberry Watermelon Bang 20000Puff E-Zigarette Jetzt im Angebot ohne Steuer\"}]},{\"@type\":\"WebSite\",\"@id\":\"https:\/\/vapingnet.de\/#website\",\"url\":\"https:\/\/vapingnet.de\/\",\"name\":\"Vapingnet.de\",\"description\":\"\",\"publisher\":{\"@id\":\"https:\/\/vapingnet.de\/#organization\"},\"potentialAction\":[{\"@type\":\"SearchAction\",\"target\":{\"@type\":\"EntryPoint\",\"urlTemplate\":\"https:\/\/vapingnet.de\/?s={search_term_string}\"},\"query-input\":{\"@type\":\"PropertyValueSpecification\",\"valueRequired\":true,\"valueName\":\"search_term_string\"}}],\"inLanguage\":\"sk-SK\"},{\"@type\":\"Organization\",\"@id\":\"https:\/\/vapingnet.de\/#organization\",\"name\":\"Vapingnet.de\",\"url\":\"https:\/\/vapingnet.de\/\",\"logo\":{\"@type\":\"ImageObject\",\"inLanguage\":\"sk-SK\",\"@id\":\"https:\/\/vapingnet.de\/#\/schema\/logo\/image\/\",\"url\":\"https:\/\/vapingnet.de\/wp-content\/uploads\/2025\/03\/cropped-vapingnet.de_.jpg\",\"contentUrl\":\"https:\/\/vapingnet.de\/wp-content\/uploads\/2025\/03\/cropped-vapingnet.de_.jpg\",\"width\":512,\"height\":512,\"caption\":\"Vapingnet.de\"},\"image\":{\"@id\":\"https:\/\/vapingnet.de\/#\/schema\/logo\/image\/\"},\"sameAs\":[\"https:\/\/www.facebook.com\/vapingnetde\/\"]}]}<\/script>\n<!-- \/ Yoast SEO plugin. -->","yoast_head_json":{"title":"Bang 20000Puff Raspberry Watermelon E-Zigarette auf vapingnet.de","description":"Genie\u00dfen Sie die Bang 20000Puff Raspberry Watermelon E-Zigarette bei vapingnet.de \u2013 Fruchtig, frisch und ideal f\u00fcr langanhaltenden Genuss!","robots":{"index":"index","follow":"follow","max-snippet":"max-snippet:-1","max-image-preview":"max-image-preview:large","max-video-preview":"max-video-preview:-1"},"canonical":"https:\/\/vapingnet.de\/sk\/vape\/raspberry-watermelon-bang-20000puff-e-zigarette-jetzt-im-angebot-ohne-steuer\/","og_locale":"sk_SK","og_type":"article","og_title":"Bang 20000Puff Raspberry Watermelon E-Zigarette auf vapingnet.de","og_description":"Genie\u00dfen Sie die Bang 20000Puff Raspberry Watermelon E-Zigarette bei vapingnet.de \u2013 Fruchtig, frisch und ideal f\u00fcr langanhaltenden Genuss!","og_url":"https:\/\/vapingnet.de\/sk\/vape\/raspberry-watermelon-bang-20000puff-e-zigarette-jetzt-im-angebot-ohne-steuer\/","og_site_name":"Vapingnet.de","article_publisher":"https:\/\/www.facebook.com\/vapingnetde\/","article_modified_time":"2025-06-19T03:40:48+00:00","og_image":[{"width":1000,"height":1000,"url":"https:\/\/vapingnet.de\/wp-content\/uploads\/2025\/03\/Raspberry-Watermelon.png","type":"image\/png"}],"twitter_card":"summary_large_image","twitter_misc":{"Est. reading time":"3 minutes"},"schema":{"@context":"https:\/\/schema.org","@graph":[{"@type":"WebPage","@id":"https:\/\/vapingnet.de\/vape\/raspberry-watermelon-bang-20000puff-e-zigarette-jetzt-im-angebot-ohne-steuer\/","url":"https:\/\/vapingnet.de\/vape\/raspberry-watermelon-bang-20000puff-e-zigarette-jetzt-im-angebot-ohne-steuer\/","name":"Bang 20000Puff Raspberry Watermelon E-Zigarette auf vapingnet.de","isPartOf":{"@id":"https:\/\/vapingnet.de\/#website"},"primaryImageOfPage":{"@id":"https:\/\/vapingnet.de\/vape\/raspberry-watermelon-bang-20000puff-e-zigarette-jetzt-im-angebot-ohne-steuer\/#primaryimage"},"image":{"@id":"https:\/\/vapingnet.de\/vape\/raspberry-watermelon-bang-20000puff-e-zigarette-jetzt-im-angebot-ohne-steuer\/#primaryimage"},"thumbnailUrl":"https:\/\/vapingnet.de\/wp-content\/uploads\/2025\/03\/Raspberry-Watermelon.png","datePublished":"2025-03-15T09:59:04+00:00","dateModified":"2025-06-19T03:40:48+00:00","description":"Genie\u00dfen Sie die Bang 20000Puff Raspberry Watermelon E-Zigarette bei vapingnet.de \u2013 Fruchtig, frisch und ideal f\u00fcr langanhaltenden Genuss!","breadcrumb":{"@id":"https:\/\/vapingnet.de\/vape\/raspberry-watermelon-bang-20000puff-e-zigarette-jetzt-im-angebot-ohne-steuer\/#breadcrumb"},"inLanguage":"sk-SK","potentialAction":[{"@type":"ReadAction","target":["https:\/\/vapingnet.de\/vape\/raspberry-watermelon-bang-20000puff-e-zigarette-jetzt-im-angebot-ohne-steuer\/"]}]},{"@type":"ImageObject","inLanguage":"sk-SK","@id":"https:\/\/vapingnet.de\/vape\/raspberry-watermelon-bang-20000puff-e-zigarette-jetzt-im-angebot-ohne-steuer\/#primaryimage","url":"https:\/\/vapingnet.de\/wp-content\/uploads\/2025\/03\/Raspberry-Watermelon.png","contentUrl":"https:\/\/vapingnet.de\/wp-content\/uploads\/2025\/03\/Raspberry-Watermelon.png","width":1000,"height":1000,"caption":"Raspberry Watermelon"},{"@type":"BreadcrumbList","@id":"https:\/\/vapingnet.de\/vape\/raspberry-watermelon-bang-20000puff-e-zigarette-jetzt-im-angebot-ohne-steuer\/#breadcrumb","itemListElement":[{"@type":"ListItem","position":1,"name":"Home","item":"https:\/\/vapingnet.de\/"},{"@type":"ListItem","position":2,"name":"Shop","item":"https:\/\/vapingnet.de\/vape\/"},{"@type":"ListItem","position":3,"name":"Raspberry Watermelon Bang 20000Puff E-Zigarette Jetzt im Angebot ohne Steuer"}]},{"@type":"WebSite","@id":"https:\/\/vapingnet.de\/#website","url":"https:\/\/vapingnet.de\/","name":"Vapingnet.de","description":"","publisher":{"@id":"https:\/\/vapingnet.de\/#organization"},"potentialAction":[{"@type":"SearchAction","target":{"@type":"EntryPoint","urlTemplate":"https:\/\/vapingnet.de\/?s={search_term_string}"},"query-input":{"@type":"PropertyValueSpecification","valueRequired":true,"valueName":"search_term_string"}}],"inLanguage":"sk-SK"},{"@type":"Organization","@id":"https:\/\/vapingnet.de\/#organization","name":"Vapingnet.de","url":"https:\/\/vapingnet.de\/","logo":{"@type":"ImageObject","inLanguage":"sk-SK","@id":"https:\/\/vapingnet.de\/#\/schema\/logo\/image\/","url":"https:\/\/vapingnet.de\/wp-content\/uploads\/2025\/03\/cropped-vapingnet.de_.jpg","contentUrl":"https:\/\/vapingnet.de\/wp-content\/uploads\/2025\/03\/cropped-vapingnet.de_.jpg","width":512,"height":512,"caption":"Vapingnet.de"},"image":{"@id":"https:\/\/vapingnet.de\/#\/schema\/logo\/image\/"},"sameAs":["https:\/\/www.facebook.com\/vapingnetde\/"]}]}},"tiered_pricing_type":"fixed","tiered_pricing_fixed_rules":{"10":"8.92","60":"8.03","110":"7.14","200":"6.24"},"tiered_pricing_product_settings":{"layout":"default","base_unit_name":{"singular":null,"plural":null},"default_variation":null},"tiered_pricing_minimum_quantity":null,"tiered_pricing_roles_data":[],"tiered_pricing_percentage_rules":[],"_links":{"self":[{"href":"https:\/\/vapingnet.de\/sk\/wp-json\/wp\/v2\/product\/5484","targetHints":{"allow":["GET"]}}],"collection":[{"href":"https:\/\/vapingnet.de\/sk\/wp-json\/wp\/v2\/product"}],"about":[{"href":"https:\/\/vapingnet.de\/sk\/wp-json\/wp\/v2\/types\/product"}],"version-history":[{"count":1,"href":"https:\/\/vapingnet.de\/sk\/wp-json\/wp\/v2\/product\/5484\/revisions"}],"predecessor-version":[{"id":5486,"href":"https:\/\/vapingnet.de\/sk\/wp-json\/wp\/v2\/product\/5484\/revisions\/5486"}],"wp:featuredmedia":[{"embeddable":true,"href":"https:\/\/vapingnet.de\/sk\/wp-json\/wp\/v2\/media\/5485"}],"wp:attachment":[{"href":"https:\/\/vapingnet.de\/sk\/wp-json\/wp\/v2\/media?parent=5484"}],"wp:term":[{"taxonomy":"brand","embeddable":true,"href":"https:\/\/vapingnet.de\/sk\/wp-json\/wp\/v2\/etheme_brands?post=5484"},{"taxonomy":"product_brand","embeddable":true,"href":"https:\/\/vapingnet.de\/sk\/wp-json\/wp\/v2\/product_brand?post=5484"},{"taxonomy":"product_cat","embeddable":true,"href":"https:\/\/vapingnet.de\/sk\/wp-json\/wp\/v2\/product_cat?post=5484"},{"taxonomy":"product_tag","embeddable":true,"href":"https:\/\/vapingnet.de\/sk\/wp-json\/wp\/v2\/product_tag?post=5484"}],"curies":[{"name":"wp","href":"https:\/\/api.w.org\/{rel}","templated":true}]}}