{"id":5535,"date":"2025-03-17T09:48:14","date_gmt":"2025-03-17T09:48:14","guid":{"rendered":"https:\/\/vapingnet.de\/?post_type=product&#038;p=5535"},"modified":"2025-06-19T03:40:46","modified_gmt":"2025-06-19T03:40:46","slug":"bang-blaze-20000-puffs-strawberry-ice-genuss-in-einem","status":"publish","type":"product","link":"https:\/\/vapingnet.de\/sk\/vape\/bang-blaze-20000-puffs-strawberry-ice-genuss-in-einem\/","title":{"rendered":"Bang Blaze 20000 Pufov Jahodov\u00e1 Ice, z\u00e1\u017eitok v jednom"},"content":{"rendered":"<h2 data-start=\"0\" data-end=\"80\">Bang Blaze 20000 Puffs \u2013 Ka\u017ed\u00fd \u0165ah pln\u00fd osvie\u017euj\u00facej jahodovej chuti!<\/h2>\n<p data-start=\"82\" data-end=\"428\">Ten <a href=\"https:\/\/vapingnet.de\/sk\/bang-blaze-20000-puffs\/\" target=\"_blank\" rel=\"noopener\"><strong>Bang Blaze 20000 Pufov<\/strong><\/a> je ide\u00e1lnou vo\u013ebou pre va\u0161e ultim\u00e1tne z\u00e1\u017eitky s vapovan\u00edm! S kombin\u00e1ciou mimoriadne dlh\u00e9ho pou\u017e\u00edvania a v\u00fdkonn\u00e9ho v\u00fdkonu, ako aj osvie\u017euj\u00facej jahodovej \u013eadovej chuti, pon\u00faka nezabudnute\u013en\u00fd z\u00e1\u017eitok z vapovania. Ka\u017ed\u00fd \u0165ah sa c\u00edti, akoby ste boli v chladnom jahodovom \u013eadovom n\u00e1poji.<\/p>\n<h4 data-start=\"435\" data-end=\"467\">\u0160pecifik\u00e1cie produktu:<\/h4>\n<ul data-start=\"469\" data-end=\"1017\">\n<li data-start=\"469\" data-end=\"507\">Model: Bang Blaze 20000 Puffs<\/li>\n<li data-start=\"508\" data-end=\"535\">Cievka: Dul Mesh 1.0\u03a9<\/li>\n<li data-start=\"536\" data-end=\"588\">Kapacita bat\u00e9rie: 1000mAh (opakovane nab\u00edjate\u013en\u00e1)<\/li>\n<li data-start=\"589\" data-end=\"635\">Pripojenie: Type-C (r\u00fdchle nab\u00edjanie)<\/li>\n<li data-start=\"636\" data-end=\"675\">Doba pou\u017e\u00edvania: 20 000 \u0165ahov<\/li>\n<li data-start=\"676\" data-end=\"723\">Chute: Jahodov\u00fd \u013ead<\/li>\n<li data-start=\"724\" data-end=\"753\">Kapacita tekutiny: 26ml<\/li>\n<li data-start=\"754\" data-end=\"844\">Obsah nikot\u00ednu: 0%, 2%, 3%, 5% (0% a 3% je potrebn\u00e9 objedna\u0165 vo ve\u013ekom mno\u017estve)<\/li>\n<li data-start=\"845\" data-end=\"865\">Hmotnos\u0165: 85g<\/li>\n<li data-start=\"866\" data-end=\"926\">Doprava: Bez cla, dodacia lehota 7-15 pracovn\u00fdch dn\u00ed<\/li>\n<li data-start=\"927\" data-end=\"965\">Typ produktu:<a href=\"https:\/\/vapingnet.de\/sk\/k\/einweg-e-zigarette\/\" target=\"_blank\" rel=\"noopener\"><strong> Jednorazov\u00e1 elektronick\u00e1 cigareta<\/strong><\/a><\/li>\n<\/ul>\n<h3 data-start=\"1024\" data-end=\"1069\">Pre\u010do si vybra\u0165 Bang Blaze 20000 Puffs?<\/h3>\n<ol data-start=\"1071\" data-end=\"2119\">\n<li data-start=\"1071\" data-end=\"1244\">\n<p data-start=\"1074\" data-end=\"1244\">Extr\u00e9mne dlhotrvaj\u00faci: S 20 000 \u0165ahmi si m\u00f4\u017eete vychutna\u0165 vapovanie bez nutnosti \u010dast\u00e9ho v\u00fdmeny zariadenia \u2013 pre dlhodob\u00fd p\u00f4\u017eitok bez preru\u0161enia.<\/p>\n<\/li>\n<li data-start=\"1246\" data-end=\"1447\">\n<p data-start=\"1249\" data-end=\"1447\">Osvie\u017euj\u00faca chu\u0165: Jahodov\u00fd \u013ead kombinuje sladkos\u0165 jah\u00f4d s chladivou svie\u017eos\u0165ou, ktor\u00e1 rob\u00ed ka\u017ed\u00fd \u0165ah pr\u00edjemn\u00fdm z\u00e1\u017eitkom. \u010cerstv\u00e9 a osvie\u017euj\u00face z\u00e1rove\u0148!<\/p>\n<\/li>\n<li data-start=\"1449\" data-end=\"1651\">\n<p data-start=\"1452\" data-end=\"1651\">V\u00fdkonn\u00e1 bat\u00e9ria, r\u00fdchle nab\u00edjanie: Bat\u00e9ria s kapacitou 1000mAh zabezpe\u010duje dlh\u00e9 pou\u017e\u00edvanie, zatia\u013e \u010do pripojenie Type-C umo\u017e\u0148uje r\u00fdchle nab\u00edjanie, aby ste mohli pokra\u010dova\u0165 r\u00fdchlo \u010falej.<\/p>\n<\/li>\n<li data-start=\"1653\" data-end=\"1776\">\n<p data-start=\"1656\" data-end=\"1776\">Ve\u013ek\u00e1 kapacita tekutiny: S 26ml e-liquidu nebudete musie\u0165 \u010dasto dop\u013a\u0148a\u0165 \u2013 ide\u00e1lne pre dlh\u0161ie vapovacie rel\u00e1cie.<\/p>\n<\/li>\n<li data-start=\"1778\" data-end=\"1982\">\n<p data-start=\"1781\" data-end=\"1982\">Inteligentn\u00fd displej: Zariadenie m\u00e1 displej, ktor\u00fd v\u00e1m kedyko\u013evek uk\u00e1\u017ee stav bat\u00e9rie a tekutiny, aby ste boli v\u017edy informovan\u00ed a mohli si vychutna\u0165 najlep\u0161\u00ed z\u00e1\u017eitok z vapovania.<\/p>\n<\/li>\n<li data-start=\"1984\" data-end=\"2119\">\n<p data-start=\"1987\" data-end=\"2119\">\u013dahk\u00e9 a prenosn\u00e9: S v\u00e1hou len 85g je e-cigareta \u013eahk\u00e1 a kompaktn\u00e1, tak\u017ee si ju m\u00f4\u017eete vychutna\u0165 kdeko\u013evek a kedyko\u013evek.<\/p>\n<\/li>\n<\/ol>\n<h4 data-start=\"2126\" data-end=\"2149\">N\u00e1vod na k\u00fapu:<\/h4>\n<p data-start=\"2151\" data-end=\"2476\">Nav\u0161t\u00edv teraz <a href=\"https:\/\/vapingnet.de\/sk\/\" target=\"_new\" rel=\"noopener\" data-start=\"2167\" data-end=\"2203\">vapingnet.de<\/a> a objednajte si svoj Bang Blaze 20000 potiahnut\u00ed. Vychutnajte si \u010derstv\u00fa chu\u0165 jahodov\u00e9ho \u013eadu a za\u017eite dlhotrvaj\u00faci p\u00f4\u017eitok z parenia. Pon\u00fakame v\u00e1m bezcoln\u00fa dopravu a garantujeme dodanie do 7-15 pracovn\u00fdch dn\u00ed, tak\u017ee m\u00f4\u017eete nakupova\u0165 bez starost\u00ed!<\/p>\n<p data-start=\"2478\" data-end=\"2598\" data-is-last-node=\"\" data-is-only-node=\"\">Vyberte si Bang Blaze \u2013 dokonal\u00fa kombin\u00e1ciu dlhodobej v\u00fddr\u017ee, osvie\u017euj\u00facej chuti a inteligentnej technol\u00f3gie!<\/p>","protected":false},"excerpt":{"rendered":"<p>Bang Blaze 20000 Puffs \u2013 Jeder Zug voll erfrischendem Erdbeer-Geschmack! Der Bang Blaze 20000 Puffs ist die perfekte Wahl f\u00fcr dein ultimatives Dampferlebnis! Mit einer&#8230;<\/p>","protected":false},"featured_media":6845,"template":"","meta":[],"etheme_brands":[],"product_brand":[101],"product_cat":[54,49,61],"product_tag":[],"class_list":{"0":"post-5535","1":"product","2":"type-product","3":"status-publish","4":"has-post-thumbnail","6":"product_brand-bang-king-vape","7":"product_cat-vape-20000-zuege","8":"product_cat-einweg-e-zigarette","9":"product_cat-f","11":"first","12":"instock","13":"shipping-taxable","14":"purchasable","15":"product-type-simple"},"yoast_head":"<!-- This site is optimized with the Yoast SEO plugin v26.5 - https:\/\/yoast.com\/wordpress\/plugins\/seo\/ -->\n<title>Bang Blaze 20000 Puffs Strawberry Ice Genuss in einem | Vapingnet.de<\/title>\n<meta name=\"description\" content=\"Entdecke Bang Blaze 20000 Puffs Strawberry Ice Genuss in einem bei vapingnet.de, \u25ba Gro\u00dfe Auswahl an Geschmacksrichtungen &amp; super g\u00fcnstig!\" \/>\n<meta name=\"robots\" content=\"index, follow, max-snippet:-1, max-image-preview:large, max-video-preview:-1\" \/>\n<link rel=\"canonical\" href=\"https:\/\/vapingnet.de\/sk\/vape\/bang-blaze-20000-puffs-strawberry-ice-genuss-in-einem\/\" \/>\n<meta property=\"og:locale\" content=\"sk_SK\" \/>\n<meta property=\"og:type\" content=\"article\" \/>\n<meta property=\"og:title\" content=\"Bang Blaze 20000 Puffs Strawberry Ice Genuss in einem | Vapingnet.de\" \/>\n<meta property=\"og:description\" content=\"Entdecke Bang Blaze 20000 Puffs Strawberry Ice Genuss in einem bei vapingnet.de, \u25ba Gro\u00dfe Auswahl an Geschmacksrichtungen &amp; super g\u00fcnstig!\" \/>\n<meta property=\"og:url\" content=\"https:\/\/vapingnet.de\/sk\/vape\/bang-blaze-20000-puffs-strawberry-ice-genuss-in-einem\/\" \/>\n<meta property=\"og:site_name\" content=\"Vapingnet.de\" \/>\n<meta property=\"article:publisher\" content=\"https:\/\/www.facebook.com\/vapingnetde\/\" \/>\n<meta property=\"article:modified_time\" content=\"2025-06-19T03:40:46+00:00\" \/>\n<meta property=\"og:image\" content=\"https:\/\/vapingnet.de\/wp-content\/uploads\/2025\/03\/bang-strawberry-ice.png\" \/>\n\t<meta property=\"og:image:width\" content=\"1000\" \/>\n\t<meta property=\"og:image:height\" content=\"1000\" \/>\n\t<meta property=\"og:image:type\" content=\"image\/png\" \/>\n<meta name=\"twitter:card\" content=\"summary_large_image\" \/>\n<meta name=\"twitter:label1\" content=\"Est. reading time\" \/>\n\t<meta name=\"twitter:data1\" content=\"2 minutes\" \/>\n<script type=\"application\/ld+json\" class=\"yoast-schema-graph\">{\"@context\":\"https:\/\/schema.org\",\"@graph\":[{\"@type\":\"WebPage\",\"@id\":\"https:\/\/vapingnet.de\/vape\/bang-blaze-20000-puffs-strawberry-ice-genuss-in-einem\/\",\"url\":\"https:\/\/vapingnet.de\/vape\/bang-blaze-20000-puffs-strawberry-ice-genuss-in-einem\/\",\"name\":\"Bang Blaze 20000 Puffs Strawberry Ice Genuss in einem | Vapingnet.de\",\"isPartOf\":{\"@id\":\"https:\/\/vapingnet.de\/#website\"},\"primaryImageOfPage\":{\"@id\":\"https:\/\/vapingnet.de\/vape\/bang-blaze-20000-puffs-strawberry-ice-genuss-in-einem\/#primaryimage\"},\"image\":{\"@id\":\"https:\/\/vapingnet.de\/vape\/bang-blaze-20000-puffs-strawberry-ice-genuss-in-einem\/#primaryimage\"},\"thumbnailUrl\":\"https:\/\/vapingnet.de\/wp-content\/uploads\/2025\/03\/bang-strawberry-ice.png\",\"datePublished\":\"2025-03-17T09:48:14+00:00\",\"dateModified\":\"2025-06-19T03:40:46+00:00\",\"description\":\"Entdecke Bang Blaze 20000 Puffs Strawberry Ice Genuss in einem bei vapingnet.de, \u25ba Gro\u00dfe Auswahl an Geschmacksrichtungen & super g\u00fcnstig!\",\"breadcrumb\":{\"@id\":\"https:\/\/vapingnet.de\/vape\/bang-blaze-20000-puffs-strawberry-ice-genuss-in-einem\/#breadcrumb\"},\"inLanguage\":\"sk-SK\",\"potentialAction\":[{\"@type\":\"ReadAction\",\"target\":[\"https:\/\/vapingnet.de\/vape\/bang-blaze-20000-puffs-strawberry-ice-genuss-in-einem\/\"]}]},{\"@type\":\"ImageObject\",\"inLanguage\":\"sk-SK\",\"@id\":\"https:\/\/vapingnet.de\/vape\/bang-blaze-20000-puffs-strawberry-ice-genuss-in-einem\/#primaryimage\",\"url\":\"https:\/\/vapingnet.de\/wp-content\/uploads\/2025\/03\/bang-strawberry-ice.png\",\"contentUrl\":\"https:\/\/vapingnet.de\/wp-content\/uploads\/2025\/03\/bang-strawberry-ice.png\",\"width\":1000,\"height\":1000},{\"@type\":\"BreadcrumbList\",\"@id\":\"https:\/\/vapingnet.de\/vape\/bang-blaze-20000-puffs-strawberry-ice-genuss-in-einem\/#breadcrumb\",\"itemListElement\":[{\"@type\":\"ListItem\",\"position\":1,\"name\":\"Home\",\"item\":\"https:\/\/vapingnet.de\/\"},{\"@type\":\"ListItem\",\"position\":2,\"name\":\"Shop\",\"item\":\"https:\/\/vapingnet.de\/vape\/\"},{\"@type\":\"ListItem\",\"position\":3,\"name\":\"Bang Blaze 20000 Puffs Strawberry Ice Genuss in einem\"}]},{\"@type\":\"WebSite\",\"@id\":\"https:\/\/vapingnet.de\/#website\",\"url\":\"https:\/\/vapingnet.de\/\",\"name\":\"Vapingnet.de\",\"description\":\"\",\"publisher\":{\"@id\":\"https:\/\/vapingnet.de\/#organization\"},\"potentialAction\":[{\"@type\":\"SearchAction\",\"target\":{\"@type\":\"EntryPoint\",\"urlTemplate\":\"https:\/\/vapingnet.de\/?s={search_term_string}\"},\"query-input\":{\"@type\":\"PropertyValueSpecification\",\"valueRequired\":true,\"valueName\":\"search_term_string\"}}],\"inLanguage\":\"sk-SK\"},{\"@type\":\"Organization\",\"@id\":\"https:\/\/vapingnet.de\/#organization\",\"name\":\"Vapingnet.de\",\"url\":\"https:\/\/vapingnet.de\/\",\"logo\":{\"@type\":\"ImageObject\",\"inLanguage\":\"sk-SK\",\"@id\":\"https:\/\/vapingnet.de\/#\/schema\/logo\/image\/\",\"url\":\"https:\/\/vapingnet.de\/wp-content\/uploads\/2025\/03\/cropped-vapingnet.de_.jpg\",\"contentUrl\":\"https:\/\/vapingnet.de\/wp-content\/uploads\/2025\/03\/cropped-vapingnet.de_.jpg\",\"width\":512,\"height\":512,\"caption\":\"Vapingnet.de\"},\"image\":{\"@id\":\"https:\/\/vapingnet.de\/#\/schema\/logo\/image\/\"},\"sameAs\":[\"https:\/\/www.facebook.com\/vapingnetde\/\"]}]}<\/script>\n<!-- \/ Yoast SEO plugin. -->","yoast_head_json":{"title":"Bang Blaze 20000 Puffs Strawberry Ice Genuss in einem | Vapingnet.de","description":"Entdecke Bang Blaze 20000 Puffs Strawberry Ice Genuss in einem bei vapingnet.de, \u25ba Gro\u00dfe Auswahl an Geschmacksrichtungen & super g\u00fcnstig!","robots":{"index":"index","follow":"follow","max-snippet":"max-snippet:-1","max-image-preview":"max-image-preview:large","max-video-preview":"max-video-preview:-1"},"canonical":"https:\/\/vapingnet.de\/sk\/vape\/bang-blaze-20000-puffs-strawberry-ice-genuss-in-einem\/","og_locale":"sk_SK","og_type":"article","og_title":"Bang Blaze 20000 Puffs Strawberry Ice Genuss in einem | Vapingnet.de","og_description":"Entdecke Bang Blaze 20000 Puffs Strawberry Ice Genuss in einem bei vapingnet.de, \u25ba Gro\u00dfe Auswahl an Geschmacksrichtungen & super g\u00fcnstig!","og_url":"https:\/\/vapingnet.de\/sk\/vape\/bang-blaze-20000-puffs-strawberry-ice-genuss-in-einem\/","og_site_name":"Vapingnet.de","article_publisher":"https:\/\/www.facebook.com\/vapingnetde\/","article_modified_time":"2025-06-19T03:40:46+00:00","og_image":[{"width":1000,"height":1000,"url":"https:\/\/vapingnet.de\/wp-content\/uploads\/2025\/03\/bang-strawberry-ice.png","type":"image\/png"}],"twitter_card":"summary_large_image","twitter_misc":{"Est. reading time":"2 minutes"},"schema":{"@context":"https:\/\/schema.org","@graph":[{"@type":"WebPage","@id":"https:\/\/vapingnet.de\/vape\/bang-blaze-20000-puffs-strawberry-ice-genuss-in-einem\/","url":"https:\/\/vapingnet.de\/vape\/bang-blaze-20000-puffs-strawberry-ice-genuss-in-einem\/","name":"Bang Blaze 20000 Puffs Strawberry Ice Genuss in einem | Vapingnet.de","isPartOf":{"@id":"https:\/\/vapingnet.de\/#website"},"primaryImageOfPage":{"@id":"https:\/\/vapingnet.de\/vape\/bang-blaze-20000-puffs-strawberry-ice-genuss-in-einem\/#primaryimage"},"image":{"@id":"https:\/\/vapingnet.de\/vape\/bang-blaze-20000-puffs-strawberry-ice-genuss-in-einem\/#primaryimage"},"thumbnailUrl":"https:\/\/vapingnet.de\/wp-content\/uploads\/2025\/03\/bang-strawberry-ice.png","datePublished":"2025-03-17T09:48:14+00:00","dateModified":"2025-06-19T03:40:46+00:00","description":"Entdecke Bang Blaze 20000 Puffs Strawberry Ice Genuss in einem bei vapingnet.de, \u25ba Gro\u00dfe Auswahl an Geschmacksrichtungen & super g\u00fcnstig!","breadcrumb":{"@id":"https:\/\/vapingnet.de\/vape\/bang-blaze-20000-puffs-strawberry-ice-genuss-in-einem\/#breadcrumb"},"inLanguage":"sk-SK","potentialAction":[{"@type":"ReadAction","target":["https:\/\/vapingnet.de\/vape\/bang-blaze-20000-puffs-strawberry-ice-genuss-in-einem\/"]}]},{"@type":"ImageObject","inLanguage":"sk-SK","@id":"https:\/\/vapingnet.de\/vape\/bang-blaze-20000-puffs-strawberry-ice-genuss-in-einem\/#primaryimage","url":"https:\/\/vapingnet.de\/wp-content\/uploads\/2025\/03\/bang-strawberry-ice.png","contentUrl":"https:\/\/vapingnet.de\/wp-content\/uploads\/2025\/03\/bang-strawberry-ice.png","width":1000,"height":1000},{"@type":"BreadcrumbList","@id":"https:\/\/vapingnet.de\/vape\/bang-blaze-20000-puffs-strawberry-ice-genuss-in-einem\/#breadcrumb","itemListElement":[{"@type":"ListItem","position":1,"name":"Home","item":"https:\/\/vapingnet.de\/"},{"@type":"ListItem","position":2,"name":"Shop","item":"https:\/\/vapingnet.de\/vape\/"},{"@type":"ListItem","position":3,"name":"Bang Blaze 20000 Puffs Strawberry Ice Genuss in einem"}]},{"@type":"WebSite","@id":"https:\/\/vapingnet.de\/#website","url":"https:\/\/vapingnet.de\/","name":"Vapingnet.de","description":"","publisher":{"@id":"https:\/\/vapingnet.de\/#organization"},"potentialAction":[{"@type":"SearchAction","target":{"@type":"EntryPoint","urlTemplate":"https:\/\/vapingnet.de\/?s={search_term_string}"},"query-input":{"@type":"PropertyValueSpecification","valueRequired":true,"valueName":"search_term_string"}}],"inLanguage":"sk-SK"},{"@type":"Organization","@id":"https:\/\/vapingnet.de\/#organization","name":"Vapingnet.de","url":"https:\/\/vapingnet.de\/","logo":{"@type":"ImageObject","inLanguage":"sk-SK","@id":"https:\/\/vapingnet.de\/#\/schema\/logo\/image\/","url":"https:\/\/vapingnet.de\/wp-content\/uploads\/2025\/03\/cropped-vapingnet.de_.jpg","contentUrl":"https:\/\/vapingnet.de\/wp-content\/uploads\/2025\/03\/cropped-vapingnet.de_.jpg","width":512,"height":512,"caption":"Vapingnet.de"},"image":{"@id":"https:\/\/vapingnet.de\/#\/schema\/logo\/image\/"},"sameAs":["https:\/\/www.facebook.com\/vapingnetde\/"]}]}},"tiered_pricing_type":"fixed","tiered_pricing_fixed_rules":{"10":"7.59","60":"6.83","110":"6.07","200":"5.31"},"tiered_pricing_product_settings":{"layout":"default","base_unit_name":{"singular":null,"plural":null},"default_variation":null},"tiered_pricing_minimum_quantity":null,"tiered_pricing_roles_data":[],"tiered_pricing_percentage_rules":[],"_links":{"self":[{"href":"https:\/\/vapingnet.de\/sk\/wp-json\/wp\/v2\/product\/5535","targetHints":{"allow":["GET"]}}],"collection":[{"href":"https:\/\/vapingnet.de\/sk\/wp-json\/wp\/v2\/product"}],"about":[{"href":"https:\/\/vapingnet.de\/sk\/wp-json\/wp\/v2\/types\/product"}],"version-history":[{"count":1,"href":"https:\/\/vapingnet.de\/sk\/wp-json\/wp\/v2\/product\/5535\/revisions"}],"predecessor-version":[{"id":5537,"href":"https:\/\/vapingnet.de\/sk\/wp-json\/wp\/v2\/product\/5535\/revisions\/5537"}],"wp:featuredmedia":[{"embeddable":true,"href":"https:\/\/vapingnet.de\/sk\/wp-json\/wp\/v2\/media\/6845"}],"wp:attachment":[{"href":"https:\/\/vapingnet.de\/sk\/wp-json\/wp\/v2\/media?parent=5535"}],"wp:term":[{"taxonomy":"brand","embeddable":true,"href":"https:\/\/vapingnet.de\/sk\/wp-json\/wp\/v2\/etheme_brands?post=5535"},{"taxonomy":"product_brand","embeddable":true,"href":"https:\/\/vapingnet.de\/sk\/wp-json\/wp\/v2\/product_brand?post=5535"},{"taxonomy":"product_cat","embeddable":true,"href":"https:\/\/vapingnet.de\/sk\/wp-json\/wp\/v2\/product_cat?post=5535"},{"taxonomy":"product_tag","embeddable":true,"href":"https:\/\/vapingnet.de\/sk\/wp-json\/wp\/v2\/product_tag?post=5535"}],"curies":[{"name":"wp","href":"https:\/\/api.w.org\/{rel}","templated":true}]}}