{"id":5541,"date":"2025-03-17T10:03:40","date_gmt":"2025-03-17T10:03:40","guid":{"rendered":"https:\/\/vapingnet.de\/?post_type=product&#038;p=5541"},"modified":"2025-06-19T03:40:45","modified_gmt":"2025-06-19T03:40:45","slug":"zwei-fruechte-ein-geschmackserlebnis-bang-blaze-20000-puffs-blueberry-grape","status":"publish","type":"product","link":"https:\/\/vapingnet.de\/sk\/vape\/zwei-fruechte-ein-geschmackserlebnis-bang-blaze-20000-puffs-blueberry-grape\/","title":{"rendered":"Dve ovocn\u00e9 chute, jedno z\u00e1\u017eitok z chuti Bang Blaze 20000 Puffs Blueberry Grape"},"content":{"rendered":"<h2 data-start=\"0\" data-end=\"88\">Za\u017eite jedine\u010dn\u00fd z\u00e1\u017eitok s paren\u00edm \u2013 Bang Blaze 20000 Puffs Blueberry Grape<\/h2>\n<p data-start=\"90\" data-end=\"500\">Ak h\u013ead\u00e1te vape zariadenie, ktor\u00e9 v\u00e1m poskytne dlhodob\u00fd p\u00f4\u017eitok bez kompromisov v chuti, potom je <a href=\"https:\/\/vapingnet.de\/sk\/bang-blaze-20000-puffs\/\" target=\"_blank\" rel=\"noopener\"><strong>Bang Blaze 20000 Pufov <\/strong><\/a>dokonalou vo\u013ebou. S p\u00f4sobiv\u00fdm v\u00fdkonom a neodolate\u013enou chu\u0165ou Blueberry Grape v\u00e1s zavedie do \u00faplne nov\u00e9ho z\u00e1\u017eitku z chuti! Po\u010fme spolo\u010dne objavi\u0165 jedine\u010dn\u00e9 v\u00fdhody tohto zariadenia!<\/p>\n<ul>\n<li data-start=\"502\" data-end=\"545\">Dlh\u00e1 \u017eivotnos\u0165 a p\u00f4\u017eitok pri ka\u017edom \u0165ahu<br \/>\nBang Blaze 20000 Puffs je vybaven\u00fd Dul Mesh Coil a m\u00e1 odpor 1.0\u03a9, \u010do zabezpe\u010duje jemn\u00e9 a hladk\u00e9 parenie. \u010ci ste za\u010diato\u010dn\u00edk alebo sk\u00fasen\u00fd vapera, u\u017eijete si dokonal\u00fd z\u00e1\u017eitok z parenia. S kapacitou a\u017e <a href=\"https:\/\/vapingnet.de\/sk\/k\/vape-20000-zuege\/\" target=\"_blank\" rel=\"noopener\"><strong>20000 \u0165ahov<\/strong><\/a> pon\u00faka toto zariadenie mimoriadne dlh\u00fa dobu pou\u017e\u00edvania, tak\u017ee sa nemus\u00edte ob\u00e1va\u0165 \u010dast\u00fdch v\u00fdmen zariaden\u00ed. Ka\u017ed\u00fd \u0165ah je stabiln\u00fd a bohat\u00fd na chu\u0165, tak\u017ee si m\u00f4\u017eete plne vychutna\u0165 parenie.<\/li>\n<li data-start=\"1084\" data-end=\"1129\">Praktick\u00e9 nab\u00edjanie pre v\u00e1\u0161 komfort<br \/>\nBang Blaze 20000 Puffs je vybaven\u00fd 1000mAh bat\u00e9riou, ktor\u00fa je mo\u017en\u00e9 r\u00fdchlo nabi\u0165 cez typ-c port. R\u00fdchle nab\u00edjanie zabezpe\u010duje, \u017ee budete ma\u0165 v\u017edy dostatok energie na \u010fal\u0161\u00ed \u0165ah. Nemus\u00edte sa teda ob\u00e1va\u0165 vybit\u00fdch bat\u00e9ri\u00ed, \u010di u\u017e ste na cest\u00e1ch alebo v be\u017enom dni. R\u00fdchla funkcia nab\u00edjania v\u00e1s r\u00fdchlo vr\u00e1ti k pareniu a zabezpe\u010d\u00ed plynul\u00e9 pou\u017e\u00edvanie.<\/li>\n<li data-start=\"1560\" data-end=\"1614\">Chu\u0165 Blueberry Grape, ktor\u00e1 v\u00e1s zv\u00e1dza<br \/>\n\u010eal\u0161\u00edm vrcholom je jedine\u010dn\u00e1 chu\u0165. Chu\u0165 Blueberry Grape kombinuje prirodzen\u00fa sladkos\u0165 a jemn\u00fa kyslos\u0165 borievok a hrozienok do svie\u017eeho, ovocn\u00e9ho z\u00e1\u017eitku z parenia. Ka\u017ed\u00fd \u0165ah je ako vychutn\u00e1vanie si \u010derstv\u00e9ho ovocia, \u010do rob\u00ed parenie skuto\u010dn\u00fdm p\u00f4\u017eitkom.<\/li>\n<li data-start=\"1940\" data-end=\"1979\">Obsah nikot\u00ednu pre ka\u017ed\u00e9 potreby<br \/>\nPre ka\u017ed\u00fd vkus a preferenciu pon\u00faka Bang Blaze 20000 Puffs v\u00fdber nikot\u00ednov\u00fdch s\u00edl: 0%, 2%, 3% a 5%. \u010ci u\u017e preferujete jemn\u00fd p\u00f4\u017eitok bez nikot\u00ednu alebo intenz\u00edvnej\u0161ie parenie, tu n\u00e1jdete to spr\u00e1vne. Upozor\u0148ujeme, \u017ee 0% a 3% nikot\u00edn je mo\u017en\u00e9 objedna\u0165 iba vo v\u00e4\u010d\u0161\u00edch mno\u017estv\u00e1ch, aby sme v\u00e1m mohli zabezpe\u010di\u0165 doru\u010denie.<\/li>\n<li data-start=\"2379\" data-end=\"2420\">\u013dahk\u00e9 a kompaktn\u00e9 na cestovanie<br \/>\nDizajn Bang Blaze v\u00e1s presved\u010d\u00ed nielen v\u00fdkonom, ale aj vzh\u013eadom. S hmotnos\u0165ou iba 85g je ve\u013emi \u013eahk\u00e9 a \u013eahko sa d\u00e1 vzia\u0165 kamko\u013evek. Elegantn\u00fd dizajn zodpoved\u00e1 modern\u00fdm estetick\u00fdm po\u017eiadavk\u00e1m a umo\u017e\u0148uje v\u00e1m prejavi\u0165 svoj \u0161t\u00fdl aj pri paren\u00ed.<\/li>\n<li data-start=\"2767\" data-end=\"2814\">\u017diadne clo, r\u00fdchle doru\u010denie<br \/>\nAk si k\u00fapite Bang Blaze 20000 Puffs, m\u00f4\u017eete si by\u0165 ist\u00ed,<strong><a href=\"https:\/\/vapingnet.de\/sk\/k\/f\/\" target=\"_blank\" rel=\"noopener\"> \u017ee nebud\u00fa \u00fa\u010dtovan\u00e9 \u017eiadne dodato\u010dn\u00e9<\/a> clo poplatky<\/strong>. Doru\u010denie trv\u00e1 iba 7-15 pracovn\u00fdch dn\u00ed, tak\u017ee si m\u00f4\u017eete r\u00fdchlo vychutna\u0165 tento kvalitn\u00fd vape.<\/li>\n<\/ul>\n<h4 data-start=\"3052\" data-end=\"3103\">Neporovnate\u013en\u00e9 vapovanie na vapingnet.de<\/h4>\n<p data-start=\"3105\" data-end=\"3464\">Ak v\u00e1h\u00e1\u0161 e\u0161te st\u00e1le, nav\u0161t\u00edv n\u00e1s na vapingnet.de! Pon\u00fakame ti len tie najlep\u0161ie vape zariadenia a Bang Blaze 20000 Puffs patr\u00ed medzi starostlivo vybran\u00e9 \u0161pi\u010dkov\u00e9 produkty. \u010ci u\u017e chce\u0161 vysk\u00fa\u0161a\u0165 nov\u00e9 pr\u00edchute alebo h\u013ead\u00e1\u0161 v\u00fdkonn\u00fd, odoln\u00fd z\u00e1\u017eitok z vapovania, Bang Blaze spln\u00ed tvoje po\u017eiadavky.<\/p>\n<p data-start=\"3466\" data-end=\"3558\" data-is-last-node=\"\" data-is-only-node=\"\">Za\u017ei teraz ultim\u00e1tnu chu\u0165 a vychutnaj si ka\u017ed\u00fd \u0165ah tohto v\u00fdnimo\u010dn\u00e9ho vapovacieho zariadenia!<\/p>","protected":false},"excerpt":{"rendered":"<p>Erlebe ein unvergleichliches Dampferlebnis \u2013 Bang Blaze 20000 Puffs Blueberry Grape Wenn du auf der Suche nach einem Vape-Ger\u00e4t bist, das dir langanhaltenden Genuss bietet,&#8230;<\/p>","protected":false},"featured_media":6843,"template":"","meta":[],"etheme_brands":[],"product_brand":[101],"product_cat":[54,49,61],"product_tag":[],"class_list":{"0":"post-5541","1":"product","2":"type-product","3":"status-publish","4":"has-post-thumbnail","6":"product_brand-bang-king-vape","7":"product_cat-vape-20000-zuege","8":"product_cat-einweg-e-zigarette","9":"product_cat-f","11":"first","12":"instock","13":"shipping-taxable","14":"purchasable","15":"product-type-simple"},"yoast_head":"<!-- This site is optimized with the Yoast SEO plugin v26.5 - https:\/\/yoast.com\/wordpress\/plugins\/seo\/ -->\n<title>Zwei Fr\u00fcchte ein Geschmackserlebnis Bang Blaze 20000 Puffs Blueberry Grape | Vapingnet.de<\/title>\n<meta name=\"description\" content=\"Entdecke Zwei Fr\u00fcchte ein Geschmackserlebnis Bang Blaze 20000 Puffs Blueberry Grape bei vapingnet.de, \u25ba Gro\u00dfe Auswahl an Geschmacksrichtungen &amp; super g\u00fcnstig!\" \/>\n<meta name=\"robots\" content=\"index, follow, max-snippet:-1, max-image-preview:large, max-video-preview:-1\" \/>\n<link rel=\"canonical\" href=\"https:\/\/vapingnet.de\/sk\/vape\/zwei-fruechte-ein-geschmackserlebnis-bang-blaze-20000-puffs-blueberry-grape\/\" \/>\n<meta property=\"og:locale\" content=\"sk_SK\" \/>\n<meta property=\"og:type\" content=\"article\" \/>\n<meta property=\"og:title\" content=\"Zwei Fr\u00fcchte ein Geschmackserlebnis Bang Blaze 20000 Puffs Blueberry Grape | Vapingnet.de\" \/>\n<meta property=\"og:description\" content=\"Entdecke Zwei Fr\u00fcchte ein Geschmackserlebnis Bang Blaze 20000 Puffs Blueberry Grape bei vapingnet.de, \u25ba Gro\u00dfe Auswahl an Geschmacksrichtungen &amp; super g\u00fcnstig!\" \/>\n<meta property=\"og:url\" content=\"https:\/\/vapingnet.de\/sk\/vape\/zwei-fruechte-ein-geschmackserlebnis-bang-blaze-20000-puffs-blueberry-grape\/\" \/>\n<meta property=\"og:site_name\" content=\"Vapingnet.de\" \/>\n<meta property=\"article:publisher\" content=\"https:\/\/www.facebook.com\/vapingnetde\/\" \/>\n<meta property=\"article:modified_time\" content=\"2025-06-19T03:40:45+00:00\" \/>\n<meta property=\"og:image\" content=\"https:\/\/vapingnet.de\/wp-content\/uploads\/2025\/03\/bang-blueberry-grape.png\" \/>\n\t<meta property=\"og:image:width\" content=\"1000\" \/>\n\t<meta property=\"og:image:height\" content=\"1000\" \/>\n\t<meta property=\"og:image:type\" content=\"image\/png\" \/>\n<meta name=\"twitter:card\" content=\"summary_large_image\" \/>\n<meta name=\"twitter:label1\" content=\"Est. reading time\" \/>\n\t<meta name=\"twitter:data1\" content=\"4 minutes\" \/>\n<script type=\"application\/ld+json\" class=\"yoast-schema-graph\">{\"@context\":\"https:\/\/schema.org\",\"@graph\":[{\"@type\":\"WebPage\",\"@id\":\"https:\/\/vapingnet.de\/vape\/zwei-fruechte-ein-geschmackserlebnis-bang-blaze-20000-puffs-blueberry-grape\/\",\"url\":\"https:\/\/vapingnet.de\/vape\/zwei-fruechte-ein-geschmackserlebnis-bang-blaze-20000-puffs-blueberry-grape\/\",\"name\":\"Zwei Fr\u00fcchte ein Geschmackserlebnis Bang Blaze 20000 Puffs Blueberry Grape | Vapingnet.de\",\"isPartOf\":{\"@id\":\"https:\/\/vapingnet.de\/#website\"},\"primaryImageOfPage\":{\"@id\":\"https:\/\/vapingnet.de\/vape\/zwei-fruechte-ein-geschmackserlebnis-bang-blaze-20000-puffs-blueberry-grape\/#primaryimage\"},\"image\":{\"@id\":\"https:\/\/vapingnet.de\/vape\/zwei-fruechte-ein-geschmackserlebnis-bang-blaze-20000-puffs-blueberry-grape\/#primaryimage\"},\"thumbnailUrl\":\"https:\/\/vapingnet.de\/wp-content\/uploads\/2025\/03\/bang-blueberry-grape.png\",\"datePublished\":\"2025-03-17T10:03:40+00:00\",\"dateModified\":\"2025-06-19T03:40:45+00:00\",\"description\":\"Entdecke Zwei Fr\u00fcchte ein Geschmackserlebnis Bang Blaze 20000 Puffs Blueberry Grape bei vapingnet.de, \u25ba Gro\u00dfe Auswahl an Geschmacksrichtungen & super g\u00fcnstig!\",\"breadcrumb\":{\"@id\":\"https:\/\/vapingnet.de\/vape\/zwei-fruechte-ein-geschmackserlebnis-bang-blaze-20000-puffs-blueberry-grape\/#breadcrumb\"},\"inLanguage\":\"sk-SK\",\"potentialAction\":[{\"@type\":\"ReadAction\",\"target\":[\"https:\/\/vapingnet.de\/vape\/zwei-fruechte-ein-geschmackserlebnis-bang-blaze-20000-puffs-blueberry-grape\/\"]}]},{\"@type\":\"ImageObject\",\"inLanguage\":\"sk-SK\",\"@id\":\"https:\/\/vapingnet.de\/vape\/zwei-fruechte-ein-geschmackserlebnis-bang-blaze-20000-puffs-blueberry-grape\/#primaryimage\",\"url\":\"https:\/\/vapingnet.de\/wp-content\/uploads\/2025\/03\/bang-blueberry-grape.png\",\"contentUrl\":\"https:\/\/vapingnet.de\/wp-content\/uploads\/2025\/03\/bang-blueberry-grape.png\",\"width\":1000,\"height\":1000},{\"@type\":\"BreadcrumbList\",\"@id\":\"https:\/\/vapingnet.de\/vape\/zwei-fruechte-ein-geschmackserlebnis-bang-blaze-20000-puffs-blueberry-grape\/#breadcrumb\",\"itemListElement\":[{\"@type\":\"ListItem\",\"position\":1,\"name\":\"Home\",\"item\":\"https:\/\/vapingnet.de\/\"},{\"@type\":\"ListItem\",\"position\":2,\"name\":\"Shop\",\"item\":\"https:\/\/vapingnet.de\/vape\/\"},{\"@type\":\"ListItem\",\"position\":3,\"name\":\"Zwei Fr\u00fcchte ein Geschmackserlebnis Bang Blaze 20000 Puffs Blueberry Grape\"}]},{\"@type\":\"WebSite\",\"@id\":\"https:\/\/vapingnet.de\/#website\",\"url\":\"https:\/\/vapingnet.de\/\",\"name\":\"Vapingnet.de\",\"description\":\"\",\"publisher\":{\"@id\":\"https:\/\/vapingnet.de\/#organization\"},\"potentialAction\":[{\"@type\":\"SearchAction\",\"target\":{\"@type\":\"EntryPoint\",\"urlTemplate\":\"https:\/\/vapingnet.de\/?s={search_term_string}\"},\"query-input\":{\"@type\":\"PropertyValueSpecification\",\"valueRequired\":true,\"valueName\":\"search_term_string\"}}],\"inLanguage\":\"sk-SK\"},{\"@type\":\"Organization\",\"@id\":\"https:\/\/vapingnet.de\/#organization\",\"name\":\"Vapingnet.de\",\"url\":\"https:\/\/vapingnet.de\/\",\"logo\":{\"@type\":\"ImageObject\",\"inLanguage\":\"sk-SK\",\"@id\":\"https:\/\/vapingnet.de\/#\/schema\/logo\/image\/\",\"url\":\"https:\/\/vapingnet.de\/wp-content\/uploads\/2025\/03\/cropped-vapingnet.de_.jpg\",\"contentUrl\":\"https:\/\/vapingnet.de\/wp-content\/uploads\/2025\/03\/cropped-vapingnet.de_.jpg\",\"width\":512,\"height\":512,\"caption\":\"Vapingnet.de\"},\"image\":{\"@id\":\"https:\/\/vapingnet.de\/#\/schema\/logo\/image\/\"},\"sameAs\":[\"https:\/\/www.facebook.com\/vapingnetde\/\"]}]}<\/script>\n<!-- \/ Yoast SEO plugin. -->","yoast_head_json":{"title":"Zwei Fr\u00fcchte ein Geschmackserlebnis Bang Blaze 20000 Puffs Blueberry Grape | Vapingnet.de","description":"Entdecke Zwei Fr\u00fcchte ein Geschmackserlebnis Bang Blaze 20000 Puffs Blueberry Grape bei vapingnet.de, \u25ba Gro\u00dfe Auswahl an Geschmacksrichtungen & super g\u00fcnstig!","robots":{"index":"index","follow":"follow","max-snippet":"max-snippet:-1","max-image-preview":"max-image-preview:large","max-video-preview":"max-video-preview:-1"},"canonical":"https:\/\/vapingnet.de\/sk\/vape\/zwei-fruechte-ein-geschmackserlebnis-bang-blaze-20000-puffs-blueberry-grape\/","og_locale":"sk_SK","og_type":"article","og_title":"Zwei Fr\u00fcchte ein Geschmackserlebnis Bang Blaze 20000 Puffs Blueberry Grape | Vapingnet.de","og_description":"Entdecke Zwei Fr\u00fcchte ein Geschmackserlebnis Bang Blaze 20000 Puffs Blueberry Grape bei vapingnet.de, \u25ba Gro\u00dfe Auswahl an Geschmacksrichtungen & super g\u00fcnstig!","og_url":"https:\/\/vapingnet.de\/sk\/vape\/zwei-fruechte-ein-geschmackserlebnis-bang-blaze-20000-puffs-blueberry-grape\/","og_site_name":"Vapingnet.de","article_publisher":"https:\/\/www.facebook.com\/vapingnetde\/","article_modified_time":"2025-06-19T03:40:45+00:00","og_image":[{"width":1000,"height":1000,"url":"https:\/\/vapingnet.de\/wp-content\/uploads\/2025\/03\/bang-blueberry-grape.png","type":"image\/png"}],"twitter_card":"summary_large_image","twitter_misc":{"Est. reading time":"4 minutes"},"schema":{"@context":"https:\/\/schema.org","@graph":[{"@type":"WebPage","@id":"https:\/\/vapingnet.de\/vape\/zwei-fruechte-ein-geschmackserlebnis-bang-blaze-20000-puffs-blueberry-grape\/","url":"https:\/\/vapingnet.de\/vape\/zwei-fruechte-ein-geschmackserlebnis-bang-blaze-20000-puffs-blueberry-grape\/","name":"Zwei Fr\u00fcchte ein Geschmackserlebnis Bang Blaze 20000 Puffs Blueberry Grape | Vapingnet.de","isPartOf":{"@id":"https:\/\/vapingnet.de\/#website"},"primaryImageOfPage":{"@id":"https:\/\/vapingnet.de\/vape\/zwei-fruechte-ein-geschmackserlebnis-bang-blaze-20000-puffs-blueberry-grape\/#primaryimage"},"image":{"@id":"https:\/\/vapingnet.de\/vape\/zwei-fruechte-ein-geschmackserlebnis-bang-blaze-20000-puffs-blueberry-grape\/#primaryimage"},"thumbnailUrl":"https:\/\/vapingnet.de\/wp-content\/uploads\/2025\/03\/bang-blueberry-grape.png","datePublished":"2025-03-17T10:03:40+00:00","dateModified":"2025-06-19T03:40:45+00:00","description":"Entdecke Zwei Fr\u00fcchte ein Geschmackserlebnis Bang Blaze 20000 Puffs Blueberry Grape bei vapingnet.de, \u25ba Gro\u00dfe Auswahl an Geschmacksrichtungen & super g\u00fcnstig!","breadcrumb":{"@id":"https:\/\/vapingnet.de\/vape\/zwei-fruechte-ein-geschmackserlebnis-bang-blaze-20000-puffs-blueberry-grape\/#breadcrumb"},"inLanguage":"sk-SK","potentialAction":[{"@type":"ReadAction","target":["https:\/\/vapingnet.de\/vape\/zwei-fruechte-ein-geschmackserlebnis-bang-blaze-20000-puffs-blueberry-grape\/"]}]},{"@type":"ImageObject","inLanguage":"sk-SK","@id":"https:\/\/vapingnet.de\/vape\/zwei-fruechte-ein-geschmackserlebnis-bang-blaze-20000-puffs-blueberry-grape\/#primaryimage","url":"https:\/\/vapingnet.de\/wp-content\/uploads\/2025\/03\/bang-blueberry-grape.png","contentUrl":"https:\/\/vapingnet.de\/wp-content\/uploads\/2025\/03\/bang-blueberry-grape.png","width":1000,"height":1000},{"@type":"BreadcrumbList","@id":"https:\/\/vapingnet.de\/vape\/zwei-fruechte-ein-geschmackserlebnis-bang-blaze-20000-puffs-blueberry-grape\/#breadcrumb","itemListElement":[{"@type":"ListItem","position":1,"name":"Home","item":"https:\/\/vapingnet.de\/"},{"@type":"ListItem","position":2,"name":"Shop","item":"https:\/\/vapingnet.de\/vape\/"},{"@type":"ListItem","position":3,"name":"Zwei Fr\u00fcchte ein Geschmackserlebnis Bang Blaze 20000 Puffs Blueberry Grape"}]},{"@type":"WebSite","@id":"https:\/\/vapingnet.de\/#website","url":"https:\/\/vapingnet.de\/","name":"Vapingnet.de","description":"","publisher":{"@id":"https:\/\/vapingnet.de\/#organization"},"potentialAction":[{"@type":"SearchAction","target":{"@type":"EntryPoint","urlTemplate":"https:\/\/vapingnet.de\/?s={search_term_string}"},"query-input":{"@type":"PropertyValueSpecification","valueRequired":true,"valueName":"search_term_string"}}],"inLanguage":"sk-SK"},{"@type":"Organization","@id":"https:\/\/vapingnet.de\/#organization","name":"Vapingnet.de","url":"https:\/\/vapingnet.de\/","logo":{"@type":"ImageObject","inLanguage":"sk-SK","@id":"https:\/\/vapingnet.de\/#\/schema\/logo\/image\/","url":"https:\/\/vapingnet.de\/wp-content\/uploads\/2025\/03\/cropped-vapingnet.de_.jpg","contentUrl":"https:\/\/vapingnet.de\/wp-content\/uploads\/2025\/03\/cropped-vapingnet.de_.jpg","width":512,"height":512,"caption":"Vapingnet.de"},"image":{"@id":"https:\/\/vapingnet.de\/#\/schema\/logo\/image\/"},"sameAs":["https:\/\/www.facebook.com\/vapingnetde\/"]}]}},"tiered_pricing_type":"fixed","tiered_pricing_fixed_rules":{"10":"7.59","60":"6.83","110":"6.07","200":"5.31"},"tiered_pricing_product_settings":{"layout":"default","base_unit_name":{"singular":null,"plural":null},"default_variation":null},"tiered_pricing_minimum_quantity":null,"tiered_pricing_roles_data":[],"tiered_pricing_percentage_rules":[],"_links":{"self":[{"href":"https:\/\/vapingnet.de\/sk\/wp-json\/wp\/v2\/product\/5541","targetHints":{"allow":["GET"]}}],"collection":[{"href":"https:\/\/vapingnet.de\/sk\/wp-json\/wp\/v2\/product"}],"about":[{"href":"https:\/\/vapingnet.de\/sk\/wp-json\/wp\/v2\/types\/product"}],"version-history":[{"count":1,"href":"https:\/\/vapingnet.de\/sk\/wp-json\/wp\/v2\/product\/5541\/revisions"}],"predecessor-version":[{"id":5543,"href":"https:\/\/vapingnet.de\/sk\/wp-json\/wp\/v2\/product\/5541\/revisions\/5543"}],"wp:featuredmedia":[{"embeddable":true,"href":"https:\/\/vapingnet.de\/sk\/wp-json\/wp\/v2\/media\/6843"}],"wp:attachment":[{"href":"https:\/\/vapingnet.de\/sk\/wp-json\/wp\/v2\/media?parent=5541"}],"wp:term":[{"taxonomy":"brand","embeddable":true,"href":"https:\/\/vapingnet.de\/sk\/wp-json\/wp\/v2\/etheme_brands?post=5541"},{"taxonomy":"product_brand","embeddable":true,"href":"https:\/\/vapingnet.de\/sk\/wp-json\/wp\/v2\/product_brand?post=5541"},{"taxonomy":"product_cat","embeddable":true,"href":"https:\/\/vapingnet.de\/sk\/wp-json\/wp\/v2\/product_cat?post=5541"},{"taxonomy":"product_tag","embeddable":true,"href":"https:\/\/vapingnet.de\/sk\/wp-json\/wp\/v2\/product_tag?post=5541"}],"curies":[{"name":"wp","href":"https:\/\/api.w.org\/{rel}","templated":true}]}}