{"id":5566,"date":"2025-03-18T02:11:10","date_gmt":"2025-03-18T02:11:10","guid":{"rendered":"https:\/\/vapingnet.de\/?post_type=product&#038;p=5566"},"modified":"2026-01-24T07:14:30","modified_gmt":"2026-01-24T07:14:30","slug":"bang-tornado-40000-puffs-triple-berry-fruchtiger-genuss-der-nie-endet","status":"publish","type":"product","link":"https:\/\/vapingnet.de\/sk\/vape\/bang-tornado-40000-puffs-triple-berry-fruchtiger-genuss-der-nie-endet\/","title":{"rendered":"Bang Tornado 40000 Puffs Triple Berry Ovocn\u00fd p\u00f4\u017eitok, ktor\u00fd nikdy nekon\u010d\u00ed"},"content":{"rendered":"<h2 data-path-to-node=\"5\">Bang Tornado 40.000 potiahnut\u00ed: Tvoja aktualiz\u00e1cia pre neobmedzen\u00e9 pote\u0161enie<\/h2>\n<p data-path-to-node=\"6\">Rozl\u00fa\u010d sa s kompromismi a za\u017ei Bang Tornado 40.000. Tento pr\u00edstroj je viac ne\u017e len jednorazov\u00e1 e-cigareta \u2013 je to vyhl\u00e1senie pre v\u0161etk\u00fdch, ktor\u00ed h\u013eadaj\u00fa vytrvalos\u0165, chu\u0165 a \u00fapln\u00fa kontrolu v kompaktnom dizajne. \u010ci si profesion\u00e1lny vap\u00e9r alebo za\u010d\u00ednaj\u00faci, Tornado \u00faplne redefinuje tvoje o\u010dak\u00e1vania od \u017eivotnosti.<\/p>\n<ul>\n<li data-path-to-node=\"7\">Marat\u00f3nsky z\u00e1\u017eitok: 40.000 \u0165ahov bez prest\u00e1vky<br \/>\nNajv\u00e4\u010d\u0161ou silou Bang Tornado je jej neporazite\u013en\u00fd dosah. K\u00fdm in\u00e9 vaporiz\u00e9ry s\u00fa d\u00e1vno vypr\u00e1zdnen\u00e9, tento model ti pon\u00faka a\u017e <a href=\"https:\/\/vapingnet.de\/sk\/k\/vape-40000-zuege\/\" target=\"_blank\" rel=\"noopener\"><strong>40 000 \u0165ahov<\/strong><\/a>. V kombin\u00e1cii s obrovsk\u00fdm 40 ml z\u00e1sobn\u00edkom na e-liquid znamen\u00e1 pre teba: menej stresu pri n\u00e1kupe, \u017eiadna neust\u00e1la v\u00fdmena zariaden\u00ed a neporovnate\u013ene konzistentn\u00fd z\u00e1\u017eitok na t\u00fd\u017edne.<\/li>\n<li data-path-to-node=\"9\">Veda chuti: Trojit\u00e9 Mesh a nastavite\u013en\u00fd v\u00fdkon<br \/>\nPre\u010do sa uspokoji\u0165 s priemerom? Bang Tornado vyu\u017e\u00edva trojit\u00e9 mesh cievky, ktor\u00e1 maximalizuje povrch na odparovanie. To zabezpe\u010duje exploz\u00edvne rozv\u00edjanie ar\u00f3my a hust\u00e9, hodv\u00e1bne oblaky.<br \/>\nNajlep\u0161ie na tom je: ty si \u0161\u00e9f. Prostredn\u00edctvom nastavite\u013en\u00e9ho v\u00fdkonu si s\u00e1m ur\u010duje\u0161, ak\u00e1 intenz\u00edvna m\u00e1 by\u0165 tvoja \u0165ah. Od jemn\u00fdch nu\u00e1ns po siln\u00fd, tepl\u00fd dym \u2013 sta\u010d\u00ed jeden pohyb, aby si presne prisp\u00f4sobil intenzitu svojmu momentu.<\/li>\n<li data-path-to-node=\"12\">Energie, ktor\u00e1 \u0165a dr\u017e\u00ed krok<br \/>\nAby sa ve\u013ek\u00fd z\u00e1sobn\u00edk dal vyu\u017ei\u0165 a\u017e do poslednej kvapky, je zabudovan\u00fd v\u00fdkonn\u00fd 850mAh bat\u00e9ria. Dod\u00e1va potrebn\u00fa silu na spo\u013eahliv\u00e9 poh\u00e1\u0148anie trojitej mesh cievky a nenech\u00e1 \u0165a v \u0161tichu po\u010das cel\u00e9ho d\u0148a. N\u00e1padit\u00fd mini-olivov\u00fd dizajn vyzer\u00e1 nielen skvele, ale aj ergonomicky dokonale padne do ruky \u2013 ide\u00e1lny na cestovanie.<\/li>\n<\/ul>\n<h3 data-path-to-node=\"14\">Aroma-hlavi\u010dka: Trojit\u00e9 bobule \u2013 V\u00fdbuch bob\u00fa\u013e<\/h3>\n<p data-path-to-node=\"15\">Ak m\u00e1\u0161 r\u00e1d ovocn\u00fa h\u013abku, zamiluje\u0161 si Trojit\u00e9 Bobule. Tento druh nie je plochou ar\u00f3mou, ale starostlivo kur\u00e1torovanou zmesou:<\/p>\n<ul data-path-to-node=\"16\">\n<li>\n<p data-path-to-node=\"16,0,0\"><b data-path-to-node=\"16,0,0\" data-index-in-node=\"0\">Sladk\u00fdch jah\u00f4d:<\/b> Z\u00e1klad pre pr\u00edjemn\u00fa z\u00e1kladn\u00fa sladkos\u0165.<\/p>\n<\/li>\n<li>\n<p data-path-to-node=\"16,1,0\"><b data-path-to-node=\"16,1,0\" data-index-in-node=\"0\">Aromatick\u00fdch \u010du\u010doriedok:<\/b> Pre hlbok\u00fa, mierne hork\u00fa nuansu.<\/p>\n<\/li>\n<li>\n<p data-path-to-node=\"16,2,0\"><b data-path-to-node=\"16,2,0\" data-index-in-node=\"0\">\u0160\u0165avnat\u00fdch mal\u00edn:<\/b> Perfektn\u00fd n\u00e1dych svie\u017eosti na konci. Ka\u017ed\u00e9 vdychnutie je ako v\u00fdlet divokou bobu\u013eovou z\u00e1hradou \u2013 intenz\u00edvne, autentick\u00e9 a uspokojiv\u00e9.<\/p>\n<\/li>\n<\/ul>\n<h3>Pre\u010do by mal by\u0165 Bang Tornado tvoj\u00edm \u010fal\u0161\u00edm zariaden\u00edm:<\/h3>\n<ul data-path-to-node=\"19\">\n<li>\n<p data-path-to-node=\"19,0,0\"><b data-path-to-node=\"19,0,0\" data-index-in-node=\"0\">Maxim\u00e1lna efektivita:<\/b> 40ml tekutiny pre extr\u00e9mne dlh\u00e9 cykly pou\u017e\u00edvania.<\/p>\n<\/li>\n<li>\n<p data-path-to-node=\"19,1,0\"><b data-path-to-node=\"19,1,0\" data-index-in-node=\"0\">Na mieru:<\/b> Vyberte si svoju \u00farove\u0148 nikot\u00ednu (0%, 2%, 3% alebo 5%) a prisp\u00f4sobte v\u00fdkon individu\u00e1lne.<\/p>\n<\/li>\n<li>\n<p data-path-to-node=\"19,2,0\"><b data-path-to-node=\"19,2,0\" data-index-in-node=\"0\">Najmodernej\u0161ia technol\u00f3gia:<\/b> Syst\u00e9m Triple-Mesh 1,2\u03a9 zaru\u010duje \u0161pi\u010dkov\u00fd v\u00fdkon bez koktania.<\/p>\n<\/li>\n<li>\n<p data-path-to-node=\"19,3,0\"><b data-path-to-node=\"19,3,0\" data-index-in-node=\"0\">\u0160t\u00fdlov\u00fd faktor:<\/b> Jedine\u010dn\u00fd vzh\u013ead, ktor\u00fd sa odli\u0161uje od davu.<\/p>\n<\/li>\n<\/ul>\n<p data-path-to-node=\"20\">Ste pripraven\u00ed revolu\u010dne zmeni\u0165 svoj svet vapingu? Ne\u010dakajte na \u010fal\u0161\u00ed pr\u00e1zdny tank. Z\u00edskajte legendu v\u00fddr\u017ee s chu\u0165ou \u0161pi\u010dkovej kvality.<\/p>\n<p data-path-to-node=\"21\">Nav\u0161t\u00edvte teraz vapingnet.de a zabezpe\u010dte si Bang Tornado 40 000 pufov v Triple Berry!<\/p>","protected":false},"excerpt":{"rendered":"<p>Bang Tornado 40.000 Puffs: V\u00e1\u0161 upgrade pre neobmedzen\u00e9 pote\u0161enie Rozl\u00fa\u010dte sa s kompromismi a za\u017eite Bang Tornado 40.000. Toto zariadenie je viac ne\u017e len...<\/p>","protected":false},"featured_media":5347,"template":"","meta":[],"etheme_brands":[],"product_brand":[101],"product_cat":[65,49,61],"product_tag":[],"class_list":{"0":"post-5566","1":"product","2":"type-product","3":"status-publish","4":"has-post-thumbnail","6":"product_brand-bang-king-vape","7":"product_cat-vape-40000-zuege","8":"product_cat-einweg-e-zigarette","9":"product_cat-f","11":"first","12":"instock","13":"shipping-taxable","14":"purchasable","15":"product-type-simple"},"yoast_head":"<!-- This site is optimized with the Yoast SEO plugin v26.5 - https:\/\/yoast.com\/wordpress\/plugins\/seo\/ -->\n<title>Bang Tornado 40000 Puffs Triple Berry Fruchtiger Genuss der nie endet | Vapingnet.de<\/title>\n<meta name=\"description\" content=\"Entdecke Bang Tornado 40000 Puffs Triple Berry Fruchtiger Genuss der nie endet bei vapingnet.de, \u25ba Gro\u00dfe Auswahl an Geschmacksrichtungen &amp; super g\u00fcnstig!\" \/>\n<meta name=\"robots\" content=\"index, follow, max-snippet:-1, max-image-preview:large, max-video-preview:-1\" \/>\n<link rel=\"canonical\" href=\"https:\/\/vapingnet.de\/sk\/vape\/bang-tornado-40000-puffs-triple-berry-fruchtiger-genuss-der-nie-endet\/\" \/>\n<meta property=\"og:locale\" content=\"sk_SK\" \/>\n<meta property=\"og:type\" content=\"article\" \/>\n<meta property=\"og:title\" content=\"Bang Tornado 40000 Puffs Triple Berry Fruchtiger Genuss der nie endet | Vapingnet.de\" \/>\n<meta property=\"og:description\" content=\"Entdecke Bang Tornado 40000 Puffs Triple Berry Fruchtiger Genuss der nie endet bei vapingnet.de, \u25ba Gro\u00dfe Auswahl an Geschmacksrichtungen &amp; super g\u00fcnstig!\" \/>\n<meta property=\"og:url\" content=\"https:\/\/vapingnet.de\/sk\/vape\/bang-tornado-40000-puffs-triple-berry-fruchtiger-genuss-der-nie-endet\/\" \/>\n<meta property=\"og:site_name\" content=\"Vapingnet.de\" \/>\n<meta property=\"article:publisher\" content=\"https:\/\/www.facebook.com\/vapingnetde\/\" \/>\n<meta property=\"article:modified_time\" content=\"2026-01-24T07:14:30+00:00\" \/>\n<meta property=\"og:image\" content=\"https:\/\/vapingnet.de\/wp-content\/uploads\/2025\/03\/bang-40k-puffs-triple-berry.png\" \/>\n\t<meta property=\"og:image:width\" content=\"1000\" \/>\n\t<meta property=\"og:image:height\" content=\"1000\" \/>\n\t<meta property=\"og:image:type\" content=\"image\/png\" \/>\n<meta name=\"twitter:card\" content=\"summary_large_image\" \/>\n<meta name=\"twitter:label1\" content=\"Est. reading time\" \/>\n\t<meta name=\"twitter:data1\" content=\"3 minutes\" \/>\n<script type=\"application\/ld+json\" class=\"yoast-schema-graph\">{\"@context\":\"https:\/\/schema.org\",\"@graph\":[{\"@type\":\"WebPage\",\"@id\":\"https:\/\/vapingnet.de\/vape\/bang-tornado-40000-puffs-triple-berry-fruchtiger-genuss-der-nie-endet\/\",\"url\":\"https:\/\/vapingnet.de\/vape\/bang-tornado-40000-puffs-triple-berry-fruchtiger-genuss-der-nie-endet\/\",\"name\":\"Bang Tornado 40000 Puffs Triple Berry Fruchtiger Genuss der nie endet | Vapingnet.de\",\"isPartOf\":{\"@id\":\"https:\/\/vapingnet.de\/#website\"},\"primaryImageOfPage\":{\"@id\":\"https:\/\/vapingnet.de\/vape\/bang-tornado-40000-puffs-triple-berry-fruchtiger-genuss-der-nie-endet\/#primaryimage\"},\"image\":{\"@id\":\"https:\/\/vapingnet.de\/vape\/bang-tornado-40000-puffs-triple-berry-fruchtiger-genuss-der-nie-endet\/#primaryimage\"},\"thumbnailUrl\":\"https:\/\/vapingnet.de\/wp-content\/uploads\/2025\/03\/bang-40k-puffs-triple-berry.png\",\"datePublished\":\"2025-03-18T02:11:10+00:00\",\"dateModified\":\"2026-01-24T07:14:30+00:00\",\"description\":\"Entdecke Bang Tornado 40000 Puffs Triple Berry Fruchtiger Genuss der nie endet bei vapingnet.de, \u25ba Gro\u00dfe Auswahl an Geschmacksrichtungen & super g\u00fcnstig!\",\"breadcrumb\":{\"@id\":\"https:\/\/vapingnet.de\/vape\/bang-tornado-40000-puffs-triple-berry-fruchtiger-genuss-der-nie-endet\/#breadcrumb\"},\"inLanguage\":\"sk-SK\",\"potentialAction\":[{\"@type\":\"ReadAction\",\"target\":[\"https:\/\/vapingnet.de\/vape\/bang-tornado-40000-puffs-triple-berry-fruchtiger-genuss-der-nie-endet\/\"]}]},{\"@type\":\"ImageObject\",\"inLanguage\":\"sk-SK\",\"@id\":\"https:\/\/vapingnet.de\/vape\/bang-tornado-40000-puffs-triple-berry-fruchtiger-genuss-der-nie-endet\/#primaryimage\",\"url\":\"https:\/\/vapingnet.de\/wp-content\/uploads\/2025\/03\/bang-40k-puffs-triple-berry.png\",\"contentUrl\":\"https:\/\/vapingnet.de\/wp-content\/uploads\/2025\/03\/bang-40k-puffs-triple-berry.png\",\"width\":1000,\"height\":1000,\"caption\":\"bang 40k puffs-triple-berry\"},{\"@type\":\"BreadcrumbList\",\"@id\":\"https:\/\/vapingnet.de\/vape\/bang-tornado-40000-puffs-triple-berry-fruchtiger-genuss-der-nie-endet\/#breadcrumb\",\"itemListElement\":[{\"@type\":\"ListItem\",\"position\":1,\"name\":\"Home\",\"item\":\"https:\/\/vapingnet.de\/\"},{\"@type\":\"ListItem\",\"position\":2,\"name\":\"Shop\",\"item\":\"https:\/\/vapingnet.de\/vape\/\"},{\"@type\":\"ListItem\",\"position\":3,\"name\":\"Bang Tornado 40000 Puffs Triple Berry Fruchtiger Genuss der nie endet\"}]},{\"@type\":\"WebSite\",\"@id\":\"https:\/\/vapingnet.de\/#website\",\"url\":\"https:\/\/vapingnet.de\/\",\"name\":\"Vapingnet.de\",\"description\":\"\",\"publisher\":{\"@id\":\"https:\/\/vapingnet.de\/#organization\"},\"potentialAction\":[{\"@type\":\"SearchAction\",\"target\":{\"@type\":\"EntryPoint\",\"urlTemplate\":\"https:\/\/vapingnet.de\/?s={search_term_string}\"},\"query-input\":{\"@type\":\"PropertyValueSpecification\",\"valueRequired\":true,\"valueName\":\"search_term_string\"}}],\"inLanguage\":\"sk-SK\"},{\"@type\":\"Organization\",\"@id\":\"https:\/\/vapingnet.de\/#organization\",\"name\":\"Vapingnet.de\",\"url\":\"https:\/\/vapingnet.de\/\",\"logo\":{\"@type\":\"ImageObject\",\"inLanguage\":\"sk-SK\",\"@id\":\"https:\/\/vapingnet.de\/#\/schema\/logo\/image\/\",\"url\":\"https:\/\/vapingnet.de\/wp-content\/uploads\/2025\/03\/cropped-vapingnet.de_.jpg\",\"contentUrl\":\"https:\/\/vapingnet.de\/wp-content\/uploads\/2025\/03\/cropped-vapingnet.de_.jpg\",\"width\":512,\"height\":512,\"caption\":\"Vapingnet.de\"},\"image\":{\"@id\":\"https:\/\/vapingnet.de\/#\/schema\/logo\/image\/\"},\"sameAs\":[\"https:\/\/www.facebook.com\/vapingnetde\/\"]}]}<\/script>\n<!-- \/ Yoast SEO plugin. -->","yoast_head_json":{"title":"Bang Tornado 40000 Puffs Triple Berry Fruchtiger Genuss der nie endet | Vapingnet.de","description":"Entdecke Bang Tornado 40000 Puffs Triple Berry Fruchtiger Genuss der nie endet bei vapingnet.de, \u25ba Gro\u00dfe Auswahl an Geschmacksrichtungen & super g\u00fcnstig!","robots":{"index":"index","follow":"follow","max-snippet":"max-snippet:-1","max-image-preview":"max-image-preview:large","max-video-preview":"max-video-preview:-1"},"canonical":"https:\/\/vapingnet.de\/sk\/vape\/bang-tornado-40000-puffs-triple-berry-fruchtiger-genuss-der-nie-endet\/","og_locale":"sk_SK","og_type":"article","og_title":"Bang Tornado 40000 Puffs Triple Berry Fruchtiger Genuss der nie endet | Vapingnet.de","og_description":"Entdecke Bang Tornado 40000 Puffs Triple Berry Fruchtiger Genuss der nie endet bei vapingnet.de, \u25ba Gro\u00dfe Auswahl an Geschmacksrichtungen & super g\u00fcnstig!","og_url":"https:\/\/vapingnet.de\/sk\/vape\/bang-tornado-40000-puffs-triple-berry-fruchtiger-genuss-der-nie-endet\/","og_site_name":"Vapingnet.de","article_publisher":"https:\/\/www.facebook.com\/vapingnetde\/","article_modified_time":"2026-01-24T07:14:30+00:00","og_image":[{"width":1000,"height":1000,"url":"https:\/\/vapingnet.de\/wp-content\/uploads\/2025\/03\/bang-40k-puffs-triple-berry.png","type":"image\/png"}],"twitter_card":"summary_large_image","twitter_misc":{"Est. reading time":"3 minutes"},"schema":{"@context":"https:\/\/schema.org","@graph":[{"@type":"WebPage","@id":"https:\/\/vapingnet.de\/vape\/bang-tornado-40000-puffs-triple-berry-fruchtiger-genuss-der-nie-endet\/","url":"https:\/\/vapingnet.de\/vape\/bang-tornado-40000-puffs-triple-berry-fruchtiger-genuss-der-nie-endet\/","name":"Bang Tornado 40000 Puffs Triple Berry Fruchtiger Genuss der nie endet | Vapingnet.de","isPartOf":{"@id":"https:\/\/vapingnet.de\/#website"},"primaryImageOfPage":{"@id":"https:\/\/vapingnet.de\/vape\/bang-tornado-40000-puffs-triple-berry-fruchtiger-genuss-der-nie-endet\/#primaryimage"},"image":{"@id":"https:\/\/vapingnet.de\/vape\/bang-tornado-40000-puffs-triple-berry-fruchtiger-genuss-der-nie-endet\/#primaryimage"},"thumbnailUrl":"https:\/\/vapingnet.de\/wp-content\/uploads\/2025\/03\/bang-40k-puffs-triple-berry.png","datePublished":"2025-03-18T02:11:10+00:00","dateModified":"2026-01-24T07:14:30+00:00","description":"Entdecke Bang Tornado 40000 Puffs Triple Berry Fruchtiger Genuss der nie endet bei vapingnet.de, \u25ba Gro\u00dfe Auswahl an Geschmacksrichtungen & super g\u00fcnstig!","breadcrumb":{"@id":"https:\/\/vapingnet.de\/vape\/bang-tornado-40000-puffs-triple-berry-fruchtiger-genuss-der-nie-endet\/#breadcrumb"},"inLanguage":"sk-SK","potentialAction":[{"@type":"ReadAction","target":["https:\/\/vapingnet.de\/vape\/bang-tornado-40000-puffs-triple-berry-fruchtiger-genuss-der-nie-endet\/"]}]},{"@type":"ImageObject","inLanguage":"sk-SK","@id":"https:\/\/vapingnet.de\/vape\/bang-tornado-40000-puffs-triple-berry-fruchtiger-genuss-der-nie-endet\/#primaryimage","url":"https:\/\/vapingnet.de\/wp-content\/uploads\/2025\/03\/bang-40k-puffs-triple-berry.png","contentUrl":"https:\/\/vapingnet.de\/wp-content\/uploads\/2025\/03\/bang-40k-puffs-triple-berry.png","width":1000,"height":1000,"caption":"bang 40k puffs-triple-berry"},{"@type":"BreadcrumbList","@id":"https:\/\/vapingnet.de\/vape\/bang-tornado-40000-puffs-triple-berry-fruchtiger-genuss-der-nie-endet\/#breadcrumb","itemListElement":[{"@type":"ListItem","position":1,"name":"Home","item":"https:\/\/vapingnet.de\/"},{"@type":"ListItem","position":2,"name":"Shop","item":"https:\/\/vapingnet.de\/vape\/"},{"@type":"ListItem","position":3,"name":"Bang Tornado 40000 Puffs Triple Berry Fruchtiger Genuss der nie endet"}]},{"@type":"WebSite","@id":"https:\/\/vapingnet.de\/#website","url":"https:\/\/vapingnet.de\/","name":"Vapingnet.de","description":"","publisher":{"@id":"https:\/\/vapingnet.de\/#organization"},"potentialAction":[{"@type":"SearchAction","target":{"@type":"EntryPoint","urlTemplate":"https:\/\/vapingnet.de\/?s={search_term_string}"},"query-input":{"@type":"PropertyValueSpecification","valueRequired":true,"valueName":"search_term_string"}}],"inLanguage":"sk-SK"},{"@type":"Organization","@id":"https:\/\/vapingnet.de\/#organization","name":"Vapingnet.de","url":"https:\/\/vapingnet.de\/","logo":{"@type":"ImageObject","inLanguage":"sk-SK","@id":"https:\/\/vapingnet.de\/#\/schema\/logo\/image\/","url":"https:\/\/vapingnet.de\/wp-content\/uploads\/2025\/03\/cropped-vapingnet.de_.jpg","contentUrl":"https:\/\/vapingnet.de\/wp-content\/uploads\/2025\/03\/cropped-vapingnet.de_.jpg","width":512,"height":512,"caption":"Vapingnet.de"},"image":{"@id":"https:\/\/vapingnet.de\/#\/schema\/logo\/image\/"},"sameAs":["https:\/\/www.facebook.com\/vapingnetde\/"]}]}},"tiered_pricing_type":"fixed","tiered_pricing_fixed_rules":{"10":"12.91","60":"11.62","110":"10.33","200":"9.04"},"tiered_pricing_product_settings":{"layout":"default","base_unit_name":{"singular":null,"plural":null},"default_variation":null},"tiered_pricing_minimum_quantity":null,"tiered_pricing_roles_data":[],"tiered_pricing_percentage_rules":[],"_links":{"self":[{"href":"https:\/\/vapingnet.de\/sk\/wp-json\/wp\/v2\/product\/5566","targetHints":{"allow":["GET"]}}],"collection":[{"href":"https:\/\/vapingnet.de\/sk\/wp-json\/wp\/v2\/product"}],"about":[{"href":"https:\/\/vapingnet.de\/sk\/wp-json\/wp\/v2\/types\/product"}],"version-history":[{"count":5,"href":"https:\/\/vapingnet.de\/sk\/wp-json\/wp\/v2\/product\/5566\/revisions"}],"predecessor-version":[{"id":7500,"href":"https:\/\/vapingnet.de\/sk\/wp-json\/wp\/v2\/product\/5566\/revisions\/7500"}],"wp:featuredmedia":[{"embeddable":true,"href":"https:\/\/vapingnet.de\/sk\/wp-json\/wp\/v2\/media\/5347"}],"wp:attachment":[{"href":"https:\/\/vapingnet.de\/sk\/wp-json\/wp\/v2\/media?parent=5566"}],"wp:term":[{"taxonomy":"brand","embeddable":true,"href":"https:\/\/vapingnet.de\/sk\/wp-json\/wp\/v2\/etheme_brands?post=5566"},{"taxonomy":"product_brand","embeddable":true,"href":"https:\/\/vapingnet.de\/sk\/wp-json\/wp\/v2\/product_brand?post=5566"},{"taxonomy":"product_cat","embeddable":true,"href":"https:\/\/vapingnet.de\/sk\/wp-json\/wp\/v2\/product_cat?post=5566"},{"taxonomy":"product_tag","embeddable":true,"href":"https:\/\/vapingnet.de\/sk\/wp-json\/wp\/v2\/product_tag?post=5566"}],"curies":[{"name":"wp","href":"https:\/\/api.w.org\/{rel}","templated":true}]}}