{"id":5572,"date":"2025-12-12T02:27:13","date_gmt":"2025-12-12T02:27:13","guid":{"rendered":"https:\/\/vapingnet.de\/?post_type=product&#038;p=5572"},"modified":"2026-01-24T07:13:53","modified_gmt":"2026-01-24T07:13:53","slug":"bang-tornado-40000-puffs-blueberry-grapes-langanhaltender-fruchtgenuss-fuer-vaper","status":"publish","type":"product","link":"https:\/\/vapingnet.de\/sk\/vape\/bang-tornado-40000-puffs-blueberry-grapes-langanhaltender-fruchtgenuss-fuer-vaper\/","title":{"rendered":"Bang Tornado 40000 Puffs Blueberry Grapes dlhodob\u00e1 ovocn\u00e1 chu\u0165 pre vap\u00e9rov"},"content":{"rendered":"<h2 data-start=\"71\" data-end=\"162\">Bang Tornado 40000 potiahnut\u00ed jednorazov\u00e1 e-cigareta<\/h2>\n<p data-start=\"164\" data-end=\"452\">Ak h\u013ead\u00e1te v\u00fdkonn\u00fa, odoln\u00fa e-cigaretu, Bang Tornado 40000 potiahnut\u00ed je ide\u00e1lnou vo\u013ebou! T\u00e1to <a href=\"https:\/\/vapingnet.de\/sk\/k\/einweg-e-zigarette\/\" target=\"_blank\" rel=\"noopener\"><strong>Jednorazov\u00e1 elektronick\u00e1 cigareta<\/strong><\/a> kombinuje vysok\u00fa kapacitu n\u00e1plne, nastavite\u013en\u00fd v\u00fdkon a inovat\u00edvny dizajn pre intenz\u00edvny a individu\u00e1lne prisp\u00f4sobite\u013en\u00fd z\u00e1\u017eitok z vapovania.<\/p>\n<h3 data-start=\"459\" data-end=\"476\">Hlavn\u00e9 v\u00fdhody<\/h3>\n<p data-start=\"478\" data-end=\"727\">Ultra dlh\u00e1 doba pou\u017e\u00edvania<br data-start=\"507\" data-end=\"510\" \/>S a\u017e 40 000 potiahnutiami poskytuje Bang Tornado mimoriadne dlh\u00fa dobu pou\u017e\u00edvania. \u010ci u\u017e v be\u017enom dni alebo na cest\u00e1ch, profitujete zo stabiln\u00e9ho a spo\u013eahliv\u00e9ho vapovania bez \u010dast\u00e9ho v\u00fdmeny.<\/p>\n<p data-start=\"729\" data-end=\"894\">Ve\u013ek\u00e9 objem n\u00e1plne<br data-start=\"754\" data-end=\"757\" \/>40ML n\u00e1dr\u017e na n\u00e1pl\u0148 zabezpe\u010duje, \u017ee m\u00f4\u017eete vapova\u0165 dlho bez neust\u00e1leho dop\u013a\u0148ania \u2013 ide\u00e1lne pre dlhodob\u00fd p\u00f4\u017eitok.<\/p>\n<p data-start=\"896\" data-end=\"1088\">Prisp\u00f4sobite\u013en\u00fd v\u00fdkon<br data-start=\"919\" data-end=\"922\" \/>V\u010faka nastavite\u013en\u00e9mu v\u00fdkonu m\u00f4\u017eete regulova\u0165 mno\u017estvo pary a intenzitu chuti pod\u013ea svojich preferenci\u00ed \u2013 pre skuto\u010dne osobn\u00fd z\u00e1\u017eitok z vapovania.<\/p>\n<p data-start=\"1090\" data-end=\"1272\">Trojn\u00e1sobn\u00fd syst\u00e9m mesh cievky<br data-start=\"1121\" data-end=\"1124\" \/>Syst\u00e9m trojit\u00e9ho mesh-\u0161pir\u00e1lov\u00e9ho odporu poskytuje intenz\u00edvnej\u0161iu chu\u0165 a v\u00e4\u010d\u0161ie mno\u017estvo pary, \u010d\u00edm je ka\u017ed\u00fd potiahnutie obzvl\u00e1\u0161\u0165 pln\u00e9 a uspokojiv\u00e9.<\/p>\n<p data-start=\"1274\" data-end=\"1452\">Siln\u00fd akumul\u00e1tor na celodenn\u00e9 pou\u017e\u00edvanie<br data-start=\"1313\" data-end=\"1316\" \/>Akumul\u00e1tor 850mAh zabezpe\u010duje stabiln\u00fd v\u00fdkon po\u010das cel\u00e9ho d\u0148a. Bez oh\u013eadu na to, kde ste, va\u0161a Bang Tornado je v\u017edy pripraven\u00e1 na pou\u017eitie.<\/p>\n<p data-start=\"1454\" data-end=\"1661\">Jedine\u010dn\u00fd dizajn<br data-start=\"1478\" data-end=\"1481\" \/>Kompaktn\u00fd dizajn mini-olejovej n\u00e1dr\u017ee rob\u00ed e-cigaretu nielen v\u00fdkonnou, ale aj \u0161t\u00fdlovou \u2013 skuto\u010dn\u00e1 p\u00fatav\u00e1 vec, ktor\u00e1 sp\u00e1ja funk\u010dnos\u0165 s modern\u00fdm dizajnom.<\/p>\n<h3 data-start=\"1668\" data-end=\"1694\">\u0160pecifik\u00e1cie produktu<\/h3>\n<ul data-start=\"1696\" data-end=\"2045\">\n<li data-start=\"1696\" data-end=\"1735\">\n<p data-start=\"1698\" data-end=\"1735\">Zna\u010dka: Bang Tornado 40000 Puffs<\/p>\n<\/li>\n<li data-start=\"1736\" data-end=\"1757\">\n<p data-start=\"1738\" data-end=\"1757\">Bat\u00e9ria: 850 mAh<\/p>\n<\/li>\n<li data-start=\"1758\" data-end=\"1788\">\n<p data-start=\"1760\" data-end=\"1788\">Kapacita n\u00e1plne: 40ML<\/p>\n<\/li>\n<li data-start=\"1789\" data-end=\"1813\">\n<p data-start=\"1791\" data-end=\"1813\">Odpor: 1.2\u03a9<\/p>\n<\/li>\n<li data-start=\"1814\" data-end=\"1834\">\n<p data-start=\"1816\" data-end=\"1834\">Potiahnutia: 40 000<\/p>\n<\/li>\n<li data-start=\"1835\" data-end=\"1867\">\n<p data-start=\"1837\" data-end=\"1867\">Mesh-\u0161pir\u00e1lky: 3 Mesh-\u0161pir\u00e1lky<\/p>\n<\/li>\n<li data-start=\"1868\" data-end=\"1897\">\n<p data-start=\"1870\" data-end=\"1897\">V\u00fdkon: Nastavite\u013en\u00fd<\/p>\n<\/li>\n<li data-start=\"1898\" data-end=\"1937\">\n<p data-start=\"1900\" data-end=\"1937\">Obsah balenia: 8 kusov v krabici<\/p>\n<\/li>\n<li data-start=\"1938\" data-end=\"1960\">\n<p data-start=\"1940\" data-end=\"1960\">Hmotnos\u0165: 130 g<\/p>\n<\/li>\n<li data-start=\"1961\" data-end=\"2009\">\n<p data-start=\"1963\" data-end=\"2009\">Koncentr\u00e1cia nikot\u00ednu: 0% \/ 2% \/ 3% \/ 5%<\/p>\n<\/li>\n<li data-start=\"2010\" data-end=\"2045\">\n<p data-start=\"2012\" data-end=\"2045\">Chute: Blueberry Grapes<\/p>\n<\/li>\n<\/ul>\n<h3>Pre\u010do si vybra\u0165 Bang Tornado 40000 Puffs?<\/h3>\n<ul data-start=\"2100\" data-end=\"2466\">\n<li data-start=\"2100\" data-end=\"2180\">\n<p data-start=\"2102\" data-end=\"2180\">Dlhodob\u00e9 vapovanie: A\u017e 40 000 potiahnut\u00ed pre mimoriadne dlh\u00e9 pou\u017e\u00edvanie.<\/p>\n<\/li>\n<li data-start=\"2181\" data-end=\"2267\">\n<p data-start=\"2183\" data-end=\"2267\">Ve\u013ek\u00fd kvapaln\u00fd z\u00e1sobn\u00edk: 40ML pre dlhodob\u00e9 pote\u0161enie bez neust\u00e1leho dop\u013a\u0148ania.<\/p>\n<\/li>\n<li data-start=\"2268\" data-end=\"2368\">\n<p data-start=\"2270\" data-end=\"2368\">Individu\u00e1lne nastavite\u013en\u00e9: nastavite\u013en\u00fd v\u00fdkon pre osobn\u00fa chu\u0165 a intenzitu pary.<\/p>\n<\/li>\n<li data-start=\"2369\" data-end=\"2466\">\n<p data-start=\"2371\" data-end=\"2466\">\u0160t\u00fdlov\u00fd dizajn: tvar mini-olejov\u00e9ho z\u00e1sobn\u00edka pre modern\u00e9, kompaktn\u00e9 a m\u00f3dne vyhl\u00e1senie.<\/p>\n<\/li>\n<\/ul>\n<p data-start=\"2468\" data-end=\"2618\">Objavte Bang Tornado 40000 Pufov a za\u017eite v\u00fdkonn\u00e9 vapovanie v kombin\u00e1cii s elegantn\u00fdm dizajnom \u2013 dostupn\u00e9 teraz na na\u0161ej webovej str\u00e1nke!<\/p>","protected":false},"excerpt":{"rendered":"<p>Bang Tornado 40000 Puffs Einweg E-Zigarette Wenn du nach einer leistungsstarken, langlebigen E-Zigarette suchst, ist der Bang Tornado 40000 Puffs die ideale Wahl! Diese Einweg-E-Zigarette&#8230;<\/p>","protected":false},"featured_media":5350,"template":"","meta":[],"etheme_brands":[],"product_brand":[101],"product_cat":[65,49,61],"product_tag":[],"class_list":{"0":"post-5572","1":"product","2":"type-product","3":"status-publish","4":"has-post-thumbnail","6":"product_brand-bang-king-vape","7":"product_cat-vape-40000-zuege","8":"product_cat-einweg-e-zigarette","9":"product_cat-f","11":"first","12":"instock","13":"shipping-taxable","14":"purchasable","15":"product-type-simple"},"yoast_head":"<!-- This site is optimized with the Yoast SEO plugin v26.5 - https:\/\/yoast.com\/wordpress\/plugins\/seo\/ -->\n<title>Bang Tornado 40000 Puffs Blueberry Grapes Langanhaltender Fruchtgenuss f\u00fcr Vaper | Vapingnet.de<\/title>\n<meta name=\"description\" content=\"Entdecke Bang Tornado 40000 Puffs Blueberry Grapes Langanhaltender Fruchtgenuss f\u00fcr Vaper bei vapingnet.de, \u25ba Gro\u00dfe Auswahl an Geschmacksrichtungen &amp; super g\u00fcnstig!\" \/>\n<meta name=\"robots\" content=\"index, follow, max-snippet:-1, max-image-preview:large, max-video-preview:-1\" \/>\n<link rel=\"canonical\" href=\"https:\/\/vapingnet.de\/sk\/vape\/bang-tornado-40000-puffs-blueberry-grapes-langanhaltender-fruchtgenuss-fuer-vaper\/\" \/>\n<meta property=\"og:locale\" content=\"sk_SK\" \/>\n<meta property=\"og:type\" content=\"article\" \/>\n<meta property=\"og:title\" content=\"Bang Tornado 40000 Puffs Blueberry Grapes Langanhaltender Fruchtgenuss f\u00fcr Vaper | Vapingnet.de\" \/>\n<meta property=\"og:description\" content=\"Entdecke Bang Tornado 40000 Puffs Blueberry Grapes Langanhaltender Fruchtgenuss f\u00fcr Vaper bei vapingnet.de, \u25ba Gro\u00dfe Auswahl an Geschmacksrichtungen &amp; super g\u00fcnstig!\" \/>\n<meta property=\"og:url\" content=\"https:\/\/vapingnet.de\/sk\/vape\/bang-tornado-40000-puffs-blueberry-grapes-langanhaltender-fruchtgenuss-fuer-vaper\/\" \/>\n<meta property=\"og:site_name\" content=\"Vapingnet.de\" \/>\n<meta property=\"article:publisher\" content=\"https:\/\/www.facebook.com\/vapingnetde\/\" \/>\n<meta property=\"article:modified_time\" content=\"2026-01-24T07:13:53+00:00\" \/>\n<meta property=\"og:image\" content=\"https:\/\/vapingnet.de\/wp-content\/uploads\/2025\/03\/bang-40k-puffs-blueberry-grapes.png\" \/>\n\t<meta property=\"og:image:width\" content=\"1000\" \/>\n\t<meta property=\"og:image:height\" content=\"1000\" \/>\n\t<meta property=\"og:image:type\" content=\"image\/png\" \/>\n<meta name=\"twitter:card\" content=\"summary_large_image\" \/>\n<meta name=\"twitter:label1\" content=\"Est. reading time\" \/>\n\t<meta name=\"twitter:data1\" content=\"2 minutes\" \/>\n<script type=\"application\/ld+json\" class=\"yoast-schema-graph\">{\"@context\":\"https:\/\/schema.org\",\"@graph\":[{\"@type\":\"WebPage\",\"@id\":\"https:\/\/vapingnet.de\/vape\/bang-tornado-40000-puffs-blueberry-grapes-langanhaltender-fruchtgenuss-fuer-vaper\/\",\"url\":\"https:\/\/vapingnet.de\/vape\/bang-tornado-40000-puffs-blueberry-grapes-langanhaltender-fruchtgenuss-fuer-vaper\/\",\"name\":\"Bang Tornado 40000 Puffs Blueberry Grapes Langanhaltender Fruchtgenuss f\u00fcr Vaper | Vapingnet.de\",\"isPartOf\":{\"@id\":\"https:\/\/vapingnet.de\/#website\"},\"primaryImageOfPage\":{\"@id\":\"https:\/\/vapingnet.de\/vape\/bang-tornado-40000-puffs-blueberry-grapes-langanhaltender-fruchtgenuss-fuer-vaper\/#primaryimage\"},\"image\":{\"@id\":\"https:\/\/vapingnet.de\/vape\/bang-tornado-40000-puffs-blueberry-grapes-langanhaltender-fruchtgenuss-fuer-vaper\/#primaryimage\"},\"thumbnailUrl\":\"https:\/\/vapingnet.de\/wp-content\/uploads\/2025\/03\/bang-40k-puffs-blueberry-grapes.png\",\"datePublished\":\"2025-12-12T02:27:13+00:00\",\"dateModified\":\"2026-01-24T07:13:53+00:00\",\"description\":\"Entdecke Bang Tornado 40000 Puffs Blueberry Grapes Langanhaltender Fruchtgenuss f\u00fcr Vaper bei vapingnet.de, \u25ba Gro\u00dfe Auswahl an Geschmacksrichtungen & super g\u00fcnstig!\",\"breadcrumb\":{\"@id\":\"https:\/\/vapingnet.de\/vape\/bang-tornado-40000-puffs-blueberry-grapes-langanhaltender-fruchtgenuss-fuer-vaper\/#breadcrumb\"},\"inLanguage\":\"sk-SK\",\"potentialAction\":[{\"@type\":\"ReadAction\",\"target\":[\"https:\/\/vapingnet.de\/vape\/bang-tornado-40000-puffs-blueberry-grapes-langanhaltender-fruchtgenuss-fuer-vaper\/\"]}]},{\"@type\":\"ImageObject\",\"inLanguage\":\"sk-SK\",\"@id\":\"https:\/\/vapingnet.de\/vape\/bang-tornado-40000-puffs-blueberry-grapes-langanhaltender-fruchtgenuss-fuer-vaper\/#primaryimage\",\"url\":\"https:\/\/vapingnet.de\/wp-content\/uploads\/2025\/03\/bang-40k-puffs-blueberry-grapes.png\",\"contentUrl\":\"https:\/\/vapingnet.de\/wp-content\/uploads\/2025\/03\/bang-40k-puffs-blueberry-grapes.png\",\"width\":1000,\"height\":1000,\"caption\":\"bang 40k puffs-blueberry-grapes\"},{\"@type\":\"BreadcrumbList\",\"@id\":\"https:\/\/vapingnet.de\/vape\/bang-tornado-40000-puffs-blueberry-grapes-langanhaltender-fruchtgenuss-fuer-vaper\/#breadcrumb\",\"itemListElement\":[{\"@type\":\"ListItem\",\"position\":1,\"name\":\"Home\",\"item\":\"https:\/\/vapingnet.de\/\"},{\"@type\":\"ListItem\",\"position\":2,\"name\":\"Shop\",\"item\":\"https:\/\/vapingnet.de\/vape\/\"},{\"@type\":\"ListItem\",\"position\":3,\"name\":\"Bang Tornado 40000 Puffs Blueberry Grapes Langanhaltender Fruchtgenuss f\u00fcr Vaper\"}]},{\"@type\":\"WebSite\",\"@id\":\"https:\/\/vapingnet.de\/#website\",\"url\":\"https:\/\/vapingnet.de\/\",\"name\":\"Vapingnet.de\",\"description\":\"\",\"publisher\":{\"@id\":\"https:\/\/vapingnet.de\/#organization\"},\"potentialAction\":[{\"@type\":\"SearchAction\",\"target\":{\"@type\":\"EntryPoint\",\"urlTemplate\":\"https:\/\/vapingnet.de\/?s={search_term_string}\"},\"query-input\":{\"@type\":\"PropertyValueSpecification\",\"valueRequired\":true,\"valueName\":\"search_term_string\"}}],\"inLanguage\":\"sk-SK\"},{\"@type\":\"Organization\",\"@id\":\"https:\/\/vapingnet.de\/#organization\",\"name\":\"Vapingnet.de\",\"url\":\"https:\/\/vapingnet.de\/\",\"logo\":{\"@type\":\"ImageObject\",\"inLanguage\":\"sk-SK\",\"@id\":\"https:\/\/vapingnet.de\/#\/schema\/logo\/image\/\",\"url\":\"https:\/\/vapingnet.de\/wp-content\/uploads\/2025\/03\/cropped-vapingnet.de_.jpg\",\"contentUrl\":\"https:\/\/vapingnet.de\/wp-content\/uploads\/2025\/03\/cropped-vapingnet.de_.jpg\",\"width\":512,\"height\":512,\"caption\":\"Vapingnet.de\"},\"image\":{\"@id\":\"https:\/\/vapingnet.de\/#\/schema\/logo\/image\/\"},\"sameAs\":[\"https:\/\/www.facebook.com\/vapingnetde\/\"]}]}<\/script>\n<!-- \/ Yoast SEO plugin. -->","yoast_head_json":{"title":"Bang Tornado 40000 Puffs Blueberry Grapes Langanhaltender Fruchtgenuss f\u00fcr Vaper | Vapingnet.de","description":"Entdecke Bang Tornado 40000 Puffs Blueberry Grapes Langanhaltender Fruchtgenuss f\u00fcr Vaper bei vapingnet.de, \u25ba Gro\u00dfe Auswahl an Geschmacksrichtungen & super g\u00fcnstig!","robots":{"index":"index","follow":"follow","max-snippet":"max-snippet:-1","max-image-preview":"max-image-preview:large","max-video-preview":"max-video-preview:-1"},"canonical":"https:\/\/vapingnet.de\/sk\/vape\/bang-tornado-40000-puffs-blueberry-grapes-langanhaltender-fruchtgenuss-fuer-vaper\/","og_locale":"sk_SK","og_type":"article","og_title":"Bang Tornado 40000 Puffs Blueberry Grapes Langanhaltender Fruchtgenuss f\u00fcr Vaper | Vapingnet.de","og_description":"Entdecke Bang Tornado 40000 Puffs Blueberry Grapes Langanhaltender Fruchtgenuss f\u00fcr Vaper bei vapingnet.de, \u25ba Gro\u00dfe Auswahl an Geschmacksrichtungen & super g\u00fcnstig!","og_url":"https:\/\/vapingnet.de\/sk\/vape\/bang-tornado-40000-puffs-blueberry-grapes-langanhaltender-fruchtgenuss-fuer-vaper\/","og_site_name":"Vapingnet.de","article_publisher":"https:\/\/www.facebook.com\/vapingnetde\/","article_modified_time":"2026-01-24T07:13:53+00:00","og_image":[{"width":1000,"height":1000,"url":"https:\/\/vapingnet.de\/wp-content\/uploads\/2025\/03\/bang-40k-puffs-blueberry-grapes.png","type":"image\/png"}],"twitter_card":"summary_large_image","twitter_misc":{"Est. reading time":"2 minutes"},"schema":{"@context":"https:\/\/schema.org","@graph":[{"@type":"WebPage","@id":"https:\/\/vapingnet.de\/vape\/bang-tornado-40000-puffs-blueberry-grapes-langanhaltender-fruchtgenuss-fuer-vaper\/","url":"https:\/\/vapingnet.de\/vape\/bang-tornado-40000-puffs-blueberry-grapes-langanhaltender-fruchtgenuss-fuer-vaper\/","name":"Bang Tornado 40000 Puffs Blueberry Grapes Langanhaltender Fruchtgenuss f\u00fcr Vaper | Vapingnet.de","isPartOf":{"@id":"https:\/\/vapingnet.de\/#website"},"primaryImageOfPage":{"@id":"https:\/\/vapingnet.de\/vape\/bang-tornado-40000-puffs-blueberry-grapes-langanhaltender-fruchtgenuss-fuer-vaper\/#primaryimage"},"image":{"@id":"https:\/\/vapingnet.de\/vape\/bang-tornado-40000-puffs-blueberry-grapes-langanhaltender-fruchtgenuss-fuer-vaper\/#primaryimage"},"thumbnailUrl":"https:\/\/vapingnet.de\/wp-content\/uploads\/2025\/03\/bang-40k-puffs-blueberry-grapes.png","datePublished":"2025-12-12T02:27:13+00:00","dateModified":"2026-01-24T07:13:53+00:00","description":"Entdecke Bang Tornado 40000 Puffs Blueberry Grapes Langanhaltender Fruchtgenuss f\u00fcr Vaper bei vapingnet.de, \u25ba Gro\u00dfe Auswahl an Geschmacksrichtungen & super g\u00fcnstig!","breadcrumb":{"@id":"https:\/\/vapingnet.de\/vape\/bang-tornado-40000-puffs-blueberry-grapes-langanhaltender-fruchtgenuss-fuer-vaper\/#breadcrumb"},"inLanguage":"sk-SK","potentialAction":[{"@type":"ReadAction","target":["https:\/\/vapingnet.de\/vape\/bang-tornado-40000-puffs-blueberry-grapes-langanhaltender-fruchtgenuss-fuer-vaper\/"]}]},{"@type":"ImageObject","inLanguage":"sk-SK","@id":"https:\/\/vapingnet.de\/vape\/bang-tornado-40000-puffs-blueberry-grapes-langanhaltender-fruchtgenuss-fuer-vaper\/#primaryimage","url":"https:\/\/vapingnet.de\/wp-content\/uploads\/2025\/03\/bang-40k-puffs-blueberry-grapes.png","contentUrl":"https:\/\/vapingnet.de\/wp-content\/uploads\/2025\/03\/bang-40k-puffs-blueberry-grapes.png","width":1000,"height":1000,"caption":"bang 40k puffs-blueberry-grapes"},{"@type":"BreadcrumbList","@id":"https:\/\/vapingnet.de\/vape\/bang-tornado-40000-puffs-blueberry-grapes-langanhaltender-fruchtgenuss-fuer-vaper\/#breadcrumb","itemListElement":[{"@type":"ListItem","position":1,"name":"Home","item":"https:\/\/vapingnet.de\/"},{"@type":"ListItem","position":2,"name":"Shop","item":"https:\/\/vapingnet.de\/vape\/"},{"@type":"ListItem","position":3,"name":"Bang Tornado 40000 Puffs Blueberry Grapes Langanhaltender Fruchtgenuss f\u00fcr Vaper"}]},{"@type":"WebSite","@id":"https:\/\/vapingnet.de\/#website","url":"https:\/\/vapingnet.de\/","name":"Vapingnet.de","description":"","publisher":{"@id":"https:\/\/vapingnet.de\/#organization"},"potentialAction":[{"@type":"SearchAction","target":{"@type":"EntryPoint","urlTemplate":"https:\/\/vapingnet.de\/?s={search_term_string}"},"query-input":{"@type":"PropertyValueSpecification","valueRequired":true,"valueName":"search_term_string"}}],"inLanguage":"sk-SK"},{"@type":"Organization","@id":"https:\/\/vapingnet.de\/#organization","name":"Vapingnet.de","url":"https:\/\/vapingnet.de\/","logo":{"@type":"ImageObject","inLanguage":"sk-SK","@id":"https:\/\/vapingnet.de\/#\/schema\/logo\/image\/","url":"https:\/\/vapingnet.de\/wp-content\/uploads\/2025\/03\/cropped-vapingnet.de_.jpg","contentUrl":"https:\/\/vapingnet.de\/wp-content\/uploads\/2025\/03\/cropped-vapingnet.de_.jpg","width":512,"height":512,"caption":"Vapingnet.de"},"image":{"@id":"https:\/\/vapingnet.de\/#\/schema\/logo\/image\/"},"sameAs":["https:\/\/www.facebook.com\/vapingnetde\/"]}]}},"tiered_pricing_type":"fixed","tiered_pricing_fixed_rules":{"10":"12.91","60":"11.62","110":"10.33","200":"9.04"},"tiered_pricing_product_settings":{"layout":"default","base_unit_name":{"singular":null,"plural":null},"default_variation":null},"tiered_pricing_minimum_quantity":null,"tiered_pricing_roles_data":[],"tiered_pricing_percentage_rules":[],"_links":{"self":[{"href":"https:\/\/vapingnet.de\/sk\/wp-json\/wp\/v2\/product\/5572","targetHints":{"allow":["GET"]}}],"collection":[{"href":"https:\/\/vapingnet.de\/sk\/wp-json\/wp\/v2\/product"}],"about":[{"href":"https:\/\/vapingnet.de\/sk\/wp-json\/wp\/v2\/types\/product"}],"version-history":[{"count":6,"href":"https:\/\/vapingnet.de\/sk\/wp-json\/wp\/v2\/product\/5572\/revisions"}],"predecessor-version":[{"id":7496,"href":"https:\/\/vapingnet.de\/sk\/wp-json\/wp\/v2\/product\/5572\/revisions\/7496"}],"wp:featuredmedia":[{"embeddable":true,"href":"https:\/\/vapingnet.de\/sk\/wp-json\/wp\/v2\/media\/5350"}],"wp:attachment":[{"href":"https:\/\/vapingnet.de\/sk\/wp-json\/wp\/v2\/media?parent=5572"}],"wp:term":[{"taxonomy":"brand","embeddable":true,"href":"https:\/\/vapingnet.de\/sk\/wp-json\/wp\/v2\/etheme_brands?post=5572"},{"taxonomy":"product_brand","embeddable":true,"href":"https:\/\/vapingnet.de\/sk\/wp-json\/wp\/v2\/product_brand?post=5572"},{"taxonomy":"product_cat","embeddable":true,"href":"https:\/\/vapingnet.de\/sk\/wp-json\/wp\/v2\/product_cat?post=5572"},{"taxonomy":"product_tag","embeddable":true,"href":"https:\/\/vapingnet.de\/sk\/wp-json\/wp\/v2\/product_tag?post=5572"}],"curies":[{"name":"wp","href":"https:\/\/api.w.org\/{rel}","templated":true}]}}