{"id":5574,"date":"2025-12-13T02:34:37","date_gmt":"2025-12-13T02:34:37","guid":{"rendered":"https:\/\/vapingnet.de\/?post_type=product&#038;p=5574"},"modified":"2026-01-28T08:37:47","modified_gmt":"2026-01-28T08:37:47","slug":"maximaler-dampfspass-bang-tornado-40000-puffs-blueberry-raspberry","status":"publish","type":"product","link":"https:\/\/vapingnet.de\/sk\/vape\/maximaler-dampfspass-bang-tornado-40000-puffs-blueberry-raspberry\/","title":{"rendered":"Maxim\u00e1lny vaporiza\u010dn\u00fd z\u00e1\u017eitok Bang Tornado 40000 Puffs Blueberry Raspberry"},"content":{"rendered":"<h2 data-path-to-node=\"3\">Bang Tornado 40000 Pufov: Nov\u00e1 dimenzia vapovania<\/h2>\n<p data-path-to-node=\"4\">Bang Tornado 40000 Pufov nastavuje nov\u00e9 \u0161tandardy v oblasti jednorazov\u00fdch e-cigariet. Ak h\u013ead\u00e1te zariadenie, ktor\u00e9 sp\u00e1ja extr\u00e9mnu odolnos\u0165 s intenz\u00edvnym rozvojom chuti, n\u00e1jdete tu optim\u00e1lne rie\u0161enie. Tento model bol \u0161peci\u00e1lne vyvinut\u00fd pre vapovanie, ktor\u00e9 kladie d\u00f4raz na kvalitu, komfort a technick\u00e9 inov\u00e1cie, pri\u010dom nerob\u00ed kompromisy v jednoduchosti pou\u017e\u00edvania.<\/p>\n<h3 data-path-to-node=\"5\">Pre\u010do presved\u010d\u00ed Bang Tornado 40000 Pufov<\/h3>\n<p data-path-to-node=\"6\">T\u00e1to e-cigareta sa v\u00fdrazne odli\u0161uje od be\u017en\u00fdch modelov. Kombinuje mimoriadnu kapacitu s najmodernej\u0161ou technol\u00f3giou cievok pre kon\u0161tantn\u00fd vysokokvalitn\u00fd z\u00e1\u017eitok z vapovania.<\/p>\n<ul>\n<li data-path-to-node=\"7\">Maxim\u00e1lna v\u00fddr\u017e: 40 000 \u0165ahov<br \/>\nBang Tornado redefinuje odolnos\u0165. S kapacitou a\u017e 40 000 \u0165ahov je toto zariadenie ur\u010den\u00e9 na dlhodob\u00e9 pou\u017e\u00edvanie. To z neho rob\u00ed ide\u00e1lneho spolo\u010dn\u00edka na ka\u017edodenn\u00e9 pou\u017eitie alebo dlh\u00e9 cesty, pri\u010dom odpad\u00e1 potreba neust\u00e1leho n\u00e1kupu nov\u00fdch zariaden\u00ed. Vyu\u017e\u00edvate spo\u013eahliv\u00fd v\u00fdkon po ve\u013emi dlh\u00fa dobu.<\/li>\n<li data-path-to-node=\"9\">40ML objem n\u00e1dr\u017ee pre nep\u0159eru\u0161en\u00e9 pote\u0161enie<br \/>\n\u010cast\u00fdm probl\u00e9mom pri \u0161tandardn\u00fdch vaporiz\u00e9roch je r\u00fdchle vy\u010derpanie tekutiny. Bang Tornado tento probl\u00e9m rie\u0161i mas\u00edvnou 40ML n\u00e1dr\u017eou. Tento ve\u013ek\u00fd objem v\u00fdrazne zni\u017euje potrebu preru\u0161en\u00ed a zaru\u010duje, \u017ee v\u00e1\u0161 z\u00e1\u017eitok z vapovania bude trva\u0165 tak dlho, ako si prajete.<\/li>\n<li data-path-to-node=\"11\">Trojit\u00e1 mesh cievka pre intenz\u00edvnu ar\u00f3mu<br \/>\nPre chu\u0165 je rozhoduj\u00faca pou\u017eit\u00e1 technol\u00f3gia. Bang Tornado vyu\u017e\u00edva inovat\u00edvny trojit\u00fd mesh-cievkov\u00fd syst\u00e9m. Zv\u00fd\u0161en\u00e1 povrchov\u00e1 plocha ohrevu zabezpe\u010duje rovnomernej\u0161ie a efekt\u00edvnej\u0161ie odparovanie e-liquidu. V\u00fdsledkom je hustej\u0161\u00ed dym a v\u00fdraznej\u0161\u00ed, rozmanitej\u0161\u00ed a intenz\u00edvnej\u0161\u00ed profil chuti pri ka\u017edom \u0165ahu \u2013 \u010di u\u017e pri ovocn\u00fdch alebo klasick\u00fdch ar\u00f3mach.<\/li>\n<li data-path-to-node=\"13\">Individu\u00e1lna kontrola pomocou nastavite\u013en\u00e9ho v\u00fdkonu<br \/>\nChute s\u00fa r\u00f4zne a Bang Tornado to zoh\u013ead\u0148uje. V\u010faka nastavite\u013en\u00e9mu v\u00fdkonu m\u00f4\u017eete presne prisp\u00f4sobi\u0165 mno\u017estvo dymu a jeho intenzitu pod\u013ea svojich osobn\u00fdch preferenci\u00ed. \u010ci u\u017e preferujete jemn\u00fd \u0165ah alebo siln\u00e9 vytv\u00e1ranie dymu \u2013 m\u00e1te kontrolu nad svoj\u00edm z\u00e1\u017eitkom z vapovania.<\/li>\n<li data-path-to-node=\"15\">V\u00fdkonn\u00e1 bat\u00e9ria 850mAh a odoln\u00fd dizajn<br \/>\nAby sa ve\u013ek\u00e9 mno\u017estvo tekutiny mohlo vyu\u017ei\u0165, je zabudovan\u00e1 vytrval\u00e1 bat\u00e9ria s kapacitou 850mAh, ktor\u00e1 v\u00e1s spo\u013eahlivo prevedie cel\u00fdm d\u0148om. Telo v \u201eMini-Oil Barrel\u201c dizajne je nielen vizu\u00e1lnym prvkom, ale aj ergonomicky dobre padne do ruky. Kombinuje \u0161t\u00fdlov\u00fa estetiku s praktickou odolnos\u0165ou.<\/li>\n<\/ul>\n<h4 data-path-to-node=\"19\">\u00a0Efekt\u00edvnos\u0165 a chu\u0165 v jednom<\/h4>\n<p data-path-to-node=\"20\">Bang Tornado 40000 Pufov je spr\u00e1vnou vo\u013ebou pre v\u0161etk\u00fdch, ktor\u00ed maj\u00fa dos\u0165 kr\u00e1tkodob\u00fdch jednorazov\u00fdch produktov. V\u010faka kombin\u00e1cii obrovskej 40ML n\u00e1dr\u017ee, presnej technol\u00f3gie trojitej mesh a odolnej kon\u0161trukcie pon\u00faka prvotriedny pomer cena\/v\u00fdkon a z\u00e1\u017eitok z vapovania na najvy\u0161\u0161ej \u00farovni.<\/p>\n<p data-path-to-node=\"21\">Za\u017eite rozdiel. Nav\u0161t\u00edvte n\u00e1\u0161 obchod a objednajte si Bang Tornado 40000 Pufov, aby ste posunuli svoje vapovanie na vy\u0161\u0161iu \u00farove\u0148.<\/p>","protected":false},"excerpt":{"rendered":"<p>Bang Tornado 40000 Puffs: Eine neue Dimension des Dampfens Der Bang Tornado 40000 Puffs setzt neue Ma\u00dfst\u00e4be im Bereich der Einweg-E-Zigaretten. Wer auf der Suche&#8230;<\/p>","protected":false},"featured_media":5351,"template":"","meta":[],"etheme_brands":[],"product_brand":[101],"product_cat":[65,49,61],"product_tag":[],"class_list":{"0":"post-5574","1":"product","2":"type-product","3":"status-publish","4":"has-post-thumbnail","6":"product_brand-bang-king-vape","7":"product_cat-vape-40000-zuege","8":"product_cat-einweg-e-zigarette","9":"product_cat-f","11":"first","12":"instock","13":"shipping-taxable","14":"purchasable","15":"product-type-simple"},"yoast_head":"<!-- This site is optimized with the Yoast SEO plugin v26.5 - https:\/\/yoast.com\/wordpress\/plugins\/seo\/ -->\n<title>Maximaler Dampfspa\u00df Bang Tornado 40000 Puffs Blueberry Raspberry | Vapingnet.de<\/title>\n<meta name=\"description\" content=\"Entdecke Maximaler Dampfspa\u00df Bang Tornado 40000 Puffs Blueberry Raspberry bei vapingnet.de, \u25ba Gro\u00dfe Auswahl an Geschmacksrichtungen &amp; super g\u00fcnstig!\" \/>\n<meta name=\"robots\" content=\"index, follow, max-snippet:-1, max-image-preview:large, max-video-preview:-1\" \/>\n<link rel=\"canonical\" href=\"https:\/\/vapingnet.de\/sk\/vape\/maximaler-dampfspass-bang-tornado-40000-puffs-blueberry-raspberry\/\" \/>\n<meta property=\"og:locale\" content=\"sk_SK\" \/>\n<meta property=\"og:type\" content=\"article\" \/>\n<meta property=\"og:title\" content=\"Maximaler Dampfspa\u00df Bang Tornado 40000 Puffs Blueberry Raspberry | Vapingnet.de\" \/>\n<meta property=\"og:description\" content=\"Entdecke Maximaler Dampfspa\u00df Bang Tornado 40000 Puffs Blueberry Raspberry bei vapingnet.de, \u25ba Gro\u00dfe Auswahl an Geschmacksrichtungen &amp; super g\u00fcnstig!\" \/>\n<meta property=\"og:url\" content=\"https:\/\/vapingnet.de\/sk\/vape\/maximaler-dampfspass-bang-tornado-40000-puffs-blueberry-raspberry\/\" \/>\n<meta property=\"og:site_name\" content=\"Vapingnet.de\" \/>\n<meta property=\"article:publisher\" content=\"https:\/\/www.facebook.com\/vapingnetde\/\" \/>\n<meta property=\"article:modified_time\" content=\"2026-01-28T08:37:47+00:00\" \/>\n<meta property=\"og:image\" content=\"https:\/\/vapingnet.de\/wp-content\/uploads\/2025\/03\/bang-40k-puffs-blueberry-raspberry.png\" \/>\n\t<meta property=\"og:image:width\" content=\"1000\" \/>\n\t<meta property=\"og:image:height\" content=\"1000\" \/>\n\t<meta property=\"og:image:type\" content=\"image\/png\" \/>\n<meta name=\"twitter:card\" content=\"summary_large_image\" \/>\n<meta name=\"twitter:label1\" content=\"Est. reading time\" \/>\n\t<meta name=\"twitter:data1\" content=\"3 minutes\" \/>\n<script type=\"application\/ld+json\" class=\"yoast-schema-graph\">{\"@context\":\"https:\/\/schema.org\",\"@graph\":[{\"@type\":\"WebPage\",\"@id\":\"https:\/\/vapingnet.de\/vape\/maximaler-dampfspass-bang-tornado-40000-puffs-blueberry-raspberry\/\",\"url\":\"https:\/\/vapingnet.de\/vape\/maximaler-dampfspass-bang-tornado-40000-puffs-blueberry-raspberry\/\",\"name\":\"Maximaler Dampfspa\u00df Bang Tornado 40000 Puffs Blueberry Raspberry | Vapingnet.de\",\"isPartOf\":{\"@id\":\"https:\/\/vapingnet.de\/#website\"},\"primaryImageOfPage\":{\"@id\":\"https:\/\/vapingnet.de\/vape\/maximaler-dampfspass-bang-tornado-40000-puffs-blueberry-raspberry\/#primaryimage\"},\"image\":{\"@id\":\"https:\/\/vapingnet.de\/vape\/maximaler-dampfspass-bang-tornado-40000-puffs-blueberry-raspberry\/#primaryimage\"},\"thumbnailUrl\":\"https:\/\/vapingnet.de\/wp-content\/uploads\/2025\/03\/bang-40k-puffs-blueberry-raspberry.png\",\"datePublished\":\"2025-12-13T02:34:37+00:00\",\"dateModified\":\"2026-01-28T08:37:47+00:00\",\"description\":\"Entdecke Maximaler Dampfspa\u00df Bang Tornado 40000 Puffs Blueberry Raspberry bei vapingnet.de, \u25ba Gro\u00dfe Auswahl an Geschmacksrichtungen & super g\u00fcnstig!\",\"breadcrumb\":{\"@id\":\"https:\/\/vapingnet.de\/vape\/maximaler-dampfspass-bang-tornado-40000-puffs-blueberry-raspberry\/#breadcrumb\"},\"inLanguage\":\"sk-SK\",\"potentialAction\":[{\"@type\":\"ReadAction\",\"target\":[\"https:\/\/vapingnet.de\/vape\/maximaler-dampfspass-bang-tornado-40000-puffs-blueberry-raspberry\/\"]}]},{\"@type\":\"ImageObject\",\"inLanguage\":\"sk-SK\",\"@id\":\"https:\/\/vapingnet.de\/vape\/maximaler-dampfspass-bang-tornado-40000-puffs-blueberry-raspberry\/#primaryimage\",\"url\":\"https:\/\/vapingnet.de\/wp-content\/uploads\/2025\/03\/bang-40k-puffs-blueberry-raspberry.png\",\"contentUrl\":\"https:\/\/vapingnet.de\/wp-content\/uploads\/2025\/03\/bang-40k-puffs-blueberry-raspberry.png\",\"width\":1000,\"height\":1000,\"caption\":\"bang 40k puffs-blueberry-raspberry\"},{\"@type\":\"BreadcrumbList\",\"@id\":\"https:\/\/vapingnet.de\/vape\/maximaler-dampfspass-bang-tornado-40000-puffs-blueberry-raspberry\/#breadcrumb\",\"itemListElement\":[{\"@type\":\"ListItem\",\"position\":1,\"name\":\"Home\",\"item\":\"https:\/\/vapingnet.de\/\"},{\"@type\":\"ListItem\",\"position\":2,\"name\":\"Shop\",\"item\":\"https:\/\/vapingnet.de\/vape\/\"},{\"@type\":\"ListItem\",\"position\":3,\"name\":\"Maximaler Dampfspa\u00df Bang Tornado 40000 Puffs Blueberry Raspberry\"}]},{\"@type\":\"WebSite\",\"@id\":\"https:\/\/vapingnet.de\/#website\",\"url\":\"https:\/\/vapingnet.de\/\",\"name\":\"Vapingnet.de\",\"description\":\"\",\"publisher\":{\"@id\":\"https:\/\/vapingnet.de\/#organization\"},\"potentialAction\":[{\"@type\":\"SearchAction\",\"target\":{\"@type\":\"EntryPoint\",\"urlTemplate\":\"https:\/\/vapingnet.de\/?s={search_term_string}\"},\"query-input\":{\"@type\":\"PropertyValueSpecification\",\"valueRequired\":true,\"valueName\":\"search_term_string\"}}],\"inLanguage\":\"sk-SK\"},{\"@type\":\"Organization\",\"@id\":\"https:\/\/vapingnet.de\/#organization\",\"name\":\"Vapingnet.de\",\"url\":\"https:\/\/vapingnet.de\/\",\"logo\":{\"@type\":\"ImageObject\",\"inLanguage\":\"sk-SK\",\"@id\":\"https:\/\/vapingnet.de\/#\/schema\/logo\/image\/\",\"url\":\"https:\/\/vapingnet.de\/wp-content\/uploads\/2025\/03\/cropped-vapingnet.de_.jpg\",\"contentUrl\":\"https:\/\/vapingnet.de\/wp-content\/uploads\/2025\/03\/cropped-vapingnet.de_.jpg\",\"width\":512,\"height\":512,\"caption\":\"Vapingnet.de\"},\"image\":{\"@id\":\"https:\/\/vapingnet.de\/#\/schema\/logo\/image\/\"},\"sameAs\":[\"https:\/\/www.facebook.com\/vapingnetde\/\"]}]}<\/script>\n<!-- \/ Yoast SEO plugin. -->","yoast_head_json":{"title":"Maximaler Dampfspa\u00df Bang Tornado 40000 Puffs Blueberry Raspberry | Vapingnet.de","description":"Entdecke Maximaler Dampfspa\u00df Bang Tornado 40000 Puffs Blueberry Raspberry bei vapingnet.de, \u25ba Gro\u00dfe Auswahl an Geschmacksrichtungen & super g\u00fcnstig!","robots":{"index":"index","follow":"follow","max-snippet":"max-snippet:-1","max-image-preview":"max-image-preview:large","max-video-preview":"max-video-preview:-1"},"canonical":"https:\/\/vapingnet.de\/sk\/vape\/maximaler-dampfspass-bang-tornado-40000-puffs-blueberry-raspberry\/","og_locale":"sk_SK","og_type":"article","og_title":"Maximaler Dampfspa\u00df Bang Tornado 40000 Puffs Blueberry Raspberry | Vapingnet.de","og_description":"Entdecke Maximaler Dampfspa\u00df Bang Tornado 40000 Puffs Blueberry Raspberry bei vapingnet.de, \u25ba Gro\u00dfe Auswahl an Geschmacksrichtungen & super g\u00fcnstig!","og_url":"https:\/\/vapingnet.de\/sk\/vape\/maximaler-dampfspass-bang-tornado-40000-puffs-blueberry-raspberry\/","og_site_name":"Vapingnet.de","article_publisher":"https:\/\/www.facebook.com\/vapingnetde\/","article_modified_time":"2026-01-28T08:37:47+00:00","og_image":[{"width":1000,"height":1000,"url":"https:\/\/vapingnet.de\/wp-content\/uploads\/2025\/03\/bang-40k-puffs-blueberry-raspberry.png","type":"image\/png"}],"twitter_card":"summary_large_image","twitter_misc":{"Est. reading time":"3 minutes"},"schema":{"@context":"https:\/\/schema.org","@graph":[{"@type":"WebPage","@id":"https:\/\/vapingnet.de\/vape\/maximaler-dampfspass-bang-tornado-40000-puffs-blueberry-raspberry\/","url":"https:\/\/vapingnet.de\/vape\/maximaler-dampfspass-bang-tornado-40000-puffs-blueberry-raspberry\/","name":"Maximaler Dampfspa\u00df Bang Tornado 40000 Puffs Blueberry Raspberry | Vapingnet.de","isPartOf":{"@id":"https:\/\/vapingnet.de\/#website"},"primaryImageOfPage":{"@id":"https:\/\/vapingnet.de\/vape\/maximaler-dampfspass-bang-tornado-40000-puffs-blueberry-raspberry\/#primaryimage"},"image":{"@id":"https:\/\/vapingnet.de\/vape\/maximaler-dampfspass-bang-tornado-40000-puffs-blueberry-raspberry\/#primaryimage"},"thumbnailUrl":"https:\/\/vapingnet.de\/wp-content\/uploads\/2025\/03\/bang-40k-puffs-blueberry-raspberry.png","datePublished":"2025-12-13T02:34:37+00:00","dateModified":"2026-01-28T08:37:47+00:00","description":"Entdecke Maximaler Dampfspa\u00df Bang Tornado 40000 Puffs Blueberry Raspberry bei vapingnet.de, \u25ba Gro\u00dfe Auswahl an Geschmacksrichtungen & super g\u00fcnstig!","breadcrumb":{"@id":"https:\/\/vapingnet.de\/vape\/maximaler-dampfspass-bang-tornado-40000-puffs-blueberry-raspberry\/#breadcrumb"},"inLanguage":"sk-SK","potentialAction":[{"@type":"ReadAction","target":["https:\/\/vapingnet.de\/vape\/maximaler-dampfspass-bang-tornado-40000-puffs-blueberry-raspberry\/"]}]},{"@type":"ImageObject","inLanguage":"sk-SK","@id":"https:\/\/vapingnet.de\/vape\/maximaler-dampfspass-bang-tornado-40000-puffs-blueberry-raspberry\/#primaryimage","url":"https:\/\/vapingnet.de\/wp-content\/uploads\/2025\/03\/bang-40k-puffs-blueberry-raspberry.png","contentUrl":"https:\/\/vapingnet.de\/wp-content\/uploads\/2025\/03\/bang-40k-puffs-blueberry-raspberry.png","width":1000,"height":1000,"caption":"bang 40k puffs-blueberry-raspberry"},{"@type":"BreadcrumbList","@id":"https:\/\/vapingnet.de\/vape\/maximaler-dampfspass-bang-tornado-40000-puffs-blueberry-raspberry\/#breadcrumb","itemListElement":[{"@type":"ListItem","position":1,"name":"Home","item":"https:\/\/vapingnet.de\/"},{"@type":"ListItem","position":2,"name":"Shop","item":"https:\/\/vapingnet.de\/vape\/"},{"@type":"ListItem","position":3,"name":"Maximaler Dampfspa\u00df Bang Tornado 40000 Puffs Blueberry Raspberry"}]},{"@type":"WebSite","@id":"https:\/\/vapingnet.de\/#website","url":"https:\/\/vapingnet.de\/","name":"Vapingnet.de","description":"","publisher":{"@id":"https:\/\/vapingnet.de\/#organization"},"potentialAction":[{"@type":"SearchAction","target":{"@type":"EntryPoint","urlTemplate":"https:\/\/vapingnet.de\/?s={search_term_string}"},"query-input":{"@type":"PropertyValueSpecification","valueRequired":true,"valueName":"search_term_string"}}],"inLanguage":"sk-SK"},{"@type":"Organization","@id":"https:\/\/vapingnet.de\/#organization","name":"Vapingnet.de","url":"https:\/\/vapingnet.de\/","logo":{"@type":"ImageObject","inLanguage":"sk-SK","@id":"https:\/\/vapingnet.de\/#\/schema\/logo\/image\/","url":"https:\/\/vapingnet.de\/wp-content\/uploads\/2025\/03\/cropped-vapingnet.de_.jpg","contentUrl":"https:\/\/vapingnet.de\/wp-content\/uploads\/2025\/03\/cropped-vapingnet.de_.jpg","width":512,"height":512,"caption":"Vapingnet.de"},"image":{"@id":"https:\/\/vapingnet.de\/#\/schema\/logo\/image\/"},"sameAs":["https:\/\/www.facebook.com\/vapingnetde\/"]}]}},"tiered_pricing_type":"fixed","tiered_pricing_fixed_rules":{"10":"12.91","60":"11.62","110":"10.33","200":"9.04"},"tiered_pricing_product_settings":{"layout":"default","base_unit_name":{"singular":null,"plural":null},"default_variation":null},"tiered_pricing_minimum_quantity":null,"tiered_pricing_roles_data":[],"tiered_pricing_percentage_rules":[],"_links":{"self":[{"href":"https:\/\/vapingnet.de\/sk\/wp-json\/wp\/v2\/product\/5574","targetHints":{"allow":["GET"]}}],"collection":[{"href":"https:\/\/vapingnet.de\/sk\/wp-json\/wp\/v2\/product"}],"about":[{"href":"https:\/\/vapingnet.de\/sk\/wp-json\/wp\/v2\/types\/product"}],"version-history":[{"count":5,"href":"https:\/\/vapingnet.de\/sk\/wp-json\/wp\/v2\/product\/5574\/revisions"}],"predecessor-version":[{"id":7493,"href":"https:\/\/vapingnet.de\/sk\/wp-json\/wp\/v2\/product\/5574\/revisions\/7493"}],"wp:featuredmedia":[{"embeddable":true,"href":"https:\/\/vapingnet.de\/sk\/wp-json\/wp\/v2\/media\/5351"}],"wp:attachment":[{"href":"https:\/\/vapingnet.de\/sk\/wp-json\/wp\/v2\/media?parent=5574"}],"wp:term":[{"taxonomy":"brand","embeddable":true,"href":"https:\/\/vapingnet.de\/sk\/wp-json\/wp\/v2\/etheme_brands?post=5574"},{"taxonomy":"product_brand","embeddable":true,"href":"https:\/\/vapingnet.de\/sk\/wp-json\/wp\/v2\/product_brand?post=5574"},{"taxonomy":"product_cat","embeddable":true,"href":"https:\/\/vapingnet.de\/sk\/wp-json\/wp\/v2\/product_cat?post=5574"},{"taxonomy":"product_tag","embeddable":true,"href":"https:\/\/vapingnet.de\/sk\/wp-json\/wp\/v2\/product_tag?post=5574"}],"curies":[{"name":"wp","href":"https:\/\/api.w.org\/{rel}","templated":true}]}}