{"id":5585,"date":"2025-03-18T03:12:45","date_gmt":"2025-03-18T03:12:45","guid":{"rendered":"https:\/\/vapingnet.de\/?post_type=product&#038;p=5585"},"modified":"2026-01-24T07:14:00","modified_gmt":"2026-01-24T07:14:00","slug":"bang-tornado-40000-puffs-wassermelone-der-perfekte-dampfgenuss","status":"publish","type":"product","link":"https:\/\/vapingnet.de\/sk\/vape\/bang-tornado-40000-puffs-wassermelone-der-perfekte-dampfgenuss\/","title":{"rendered":"Bang Tornado 40000 Puffs Mel\u00f3n, dokonal\u00fd vaporiza\u010dn\u00fd p\u00f4\u017eitok"},"content":{"rendered":"<h2 data-path-to-node=\"5\">Bang Tornado 40.000: Siln\u00fd stroj, ktor\u00fd poru\u0161uje pravidl\u00e1 vapingu<\/h2>\n<p data-path-to-node=\"6\">Zabudni v\u0161etko, \u010do vie\u0161 o kr\u00e1tkej \u017eivotnosti jednorazov\u00fdch zariaden\u00ed. S Bang Tornado 40.000 potiahnut\u00ed vstupuje\u0161 do novej \u00e9ry. Toto zariadenie bolo navrhnut\u00e9 pre vapovanie, ktor\u00e9 u\u017e nechce robi\u0165 kompromisy. Tu sa stret\u00e1va obrovsk\u00e1 v\u00fddr\u017e s najmodernej\u0161ou technol\u00f3giou, zabalen\u00e9 do dizajnu, ktor\u00fd vynik\u00e1 z radu.<\/p>\n<ul>\n<li data-path-to-node=\"7\">Meilenstein efekt\u00edvnosti<br \/>\nPre\u010do sa uspokoji\u0165 s menej, ke\u010f m\u00f4\u017ee\u0161 dr\u017ea\u0165 v ruke? <a href=\"https:\/\/vapingnet.de\/sk\/k\/vape-40000-zuege\/\" target=\"_blank\" rel=\"noopener\"><strong>40 000 \u0165ahov<\/strong><\/a> Bang Tornado je skuto\u010dn\u00fd dlh\u00fd beh. V\u010faka mas\u00edvnemu 40 ml z\u00e1sobn\u00edku na e-liquid \u0165a toto zariadenie sprev\u00e1dza t\u00fd\u017edne, nie len dni. To ho rob\u00ed nielen extr\u00e9mne pohodln\u00fdm v ka\u017edodennom \u017eivote, ale aj \u0161etr\u00ed tvoj \u010das \u2013 \u017eiadne neust\u00e1le h\u013eadanie nov\u00e9ho zariadenia, len \u010dist\u00e9 pote\u0161enie.<\/li>\n<li data-path-to-node=\"9\">Technol\u00f3gia, ktor\u00fa c\u00edti\u0161<br \/>\nSrdcom Tornada je trojvrstvov\u00e1 mesh cievka technol\u00f3gia. K\u00fdm \u0161tandardn\u00e9 vaporiz\u00e9ry \u010dasto chutia ploch\u00e9, trojvrstvov\u00fd syst\u00e9m zabezpe\u010duje trojn\u00e1sobn\u00e9 rozvinutie ar\u00f3my. Odpor 1,2\u03a9 je dokonale prisp\u00f4soben\u00fd pr\u00fadeniu vzduchu, tak\u017ee ka\u017ed\u00fd \u0165ah je hodv\u00e1bne hladk\u00fd a z\u00e1rove\u0148 intenz\u00edvny. Prid\u00e1va sa \u00fapln\u00e1 sloboda: nastavite\u013en\u00fd v\u00fdkon ur\u010duje intenzitu tvojich oblakov s\u00e1m. \u010ci u\u017e preferuje\u0161 jemn\u00fd Throat Hit alebo maxim\u00e1lnu tvorbu pary \u2013 Bang Tornado sa prisp\u00f4sob\u00ed tvojmu momentu.<\/li>\n<li data-path-to-node=\"12\">Perfektne spojen\u00e1 sila a \u0161t\u00fdl<br \/>\nV\u00fdkonn\u00e1 bat\u00e9ria s kapacitou 850mAh tvor\u00ed energetick\u00fa oporu. Dod\u00e1va potrebn\u00e9 nap\u00e4tie, aby trojvrstvov\u00e1 mesh cievka mohla naplno rozvin\u00fa\u0165 svoju brilantnos\u0165 a\u017e do poslednej kvapky. Vizu\u00e1lne Tornado s dizajnom mal\u00e9ho olejov\u00e9ho sudu jasne vyjadruje svoj \u0161t\u00fdl. Je pevn\u00e1, s hmotnos\u0165ou 130g p\u00f4sob\u00ed hodnotne v ruke a je zaru\u010den\u00fdm p\u00fata\u010dom pozornosti v ka\u017edej situ\u00e1cii.<\/li>\n<\/ul>\n<h3>Profil chuti: \u010cist\u00e1 vodn\u00e1 mel\u00f3nov\u00e1 euf\u00f3ria<\/h3>\n<p data-path-to-node=\"15\">Pr\u00edchu\u0165 vodn\u00e9ho mel\u00f3nu pri Bang Tornado je poctou letu. Nie je len sladk\u00e1 \u2013 je osvie\u017euj\u00faca, \u0161\u0165avnat\u00e1 a autentick\u00e1.<\/p>\n<ul data-path-to-node=\"16\">\n<li>\n<p data-path-to-node=\"16,0,0\">Prv\u00fd \u0165ah: Chladiv\u00e1, ovocn\u00e1 expl\u00f3zia, ktor\u00e1 okam\u017eite osvie\u017ei.<\/p>\n<\/li>\n<li>\n<p data-path-to-node=\"16,1,0\">Z\u00e1ver: Dlhodob\u00e1, prirodzen\u00e1 sladkos\u0165, ktor\u00e1 vyvol\u00e1va t\u00fa\u017ebu po \u010fal\u0161om. V kombin\u00e1cii s nastavite\u013en\u00fdm v\u00fdkonom si m\u00f4\u017ee\u0161 presne regulova\u0165 \u201echladivos\u0165\u201c a intenzitu vodn\u00e9ho mel\u00f3nu pod\u013ea svojich predst\u00e1v.<\/p>\n<\/li>\n<\/ul>\n<h4 data-path-to-node=\"17\">Tvoja vo\u013eba, tvoja nikot\u00edn<\/h4>\n<p data-path-to-node=\"18\">Flexibilita je na prvom mieste. Vyber si medzi nikot\u00ednmi 0%, 2%, 3% alebo 5%, aby si si svoje z\u00e1\u017eitky dokonale prisp\u00f4sobil. Ka\u017ed\u00e1 krabi\u010dka obsahuje 8 samostatne balen\u00fdch zariaden\u00ed \u2013 ide\u00e1lne na z\u00e1sobu alebo na zdie\u013eanie s priate\u013emi.<\/p>\n<h3 data-path-to-node=\"20\">Bang Tornado 40k v skratke:<\/h3>\n<ul data-path-to-node=\"21\">\n<li>\n<p data-path-to-node=\"21,0,0\">Zna\u010dka: Bang Tornado 40000 Ultra Series<\/p>\n<\/li>\n<li>\n<p data-path-to-node=\"21,1,0\">Kapacita: Obrovsk\u00fdch 40 ml pre a\u017e 40 000 potiahnut\u00ed<\/p>\n<\/li>\n<li>\n<p data-path-to-node=\"21,2,0\">Bat\u00e9ria: Opakovane nab\u00edjate\u013en\u00e1 850mAh bunka<\/p>\n<\/li>\n<li>\n<p data-path-to-node=\"21,3,0\">Cievka: Trojvrstvov\u00e1 mesh (1.2\u03a9) pre profi chu\u0165<\/p>\n<\/li>\n<li>\n<p data-path-to-node=\"21,4,0\">\u0160peci\u00e1l: Variabiln\u00e9 \u00farovne v\u00fdkonu &amp; jedine\u010dn\u00fd r\u00e1m z olejovej sudy<\/p>\n<\/li>\n<\/ul>\n<p data-path-to-node=\"22\">Si pripraven\u00fd redefinova\u0165 svoje \u0161tandardy? Za\u017ei symbi\u00f3zu technol\u00f3gie a chuti. Bang Tornado 40.000 \u010dak\u00e1, aby sa stalo tvoj\u00edm nov\u00fdm ob\u013e\u00faben\u00fdm zariaden\u00edm.<\/p>\n<p data-path-to-node=\"23\">Teraz z\u00edskaj pr\u00edstup k vapingnet.de a privies\u0165 revol\u00faciu vodn\u00fdch mel\u00f3nov priamo domov!<\/p>","protected":false},"excerpt":{"rendered":"<p>Bang Tornado 40.000: V\u00fdkonn\u00fd stroj, ktor\u00fd poru\u0161uje pravidl\u00e1 vapovania Zabudnite na v\u0161etko, \u010do viete o kr\u00e1tkej \u017eivotnosti jednorazov\u00fdch zariaden\u00ed. S Bang Tornado 40.000 z\u00e1bermi vstupujete...<\/p>","protected":false},"featured_media":5356,"template":"","meta":[],"etheme_brands":[],"product_brand":[101],"product_cat":[65,49,61],"product_tag":[],"class_list":{"0":"post-5585","1":"product","2":"type-product","3":"status-publish","4":"has-post-thumbnail","6":"product_brand-bang-king-vape","7":"product_cat-vape-40000-zuege","8":"product_cat-einweg-e-zigarette","9":"product_cat-f","11":"first","12":"instock","13":"shipping-taxable","14":"purchasable","15":"product-type-simple"},"yoast_head":"<!-- This site is optimized with the Yoast SEO plugin v26.5 - https:\/\/yoast.com\/wordpress\/plugins\/seo\/ -->\n<title>Bang Tornado 40000 Puffs Wassermelone der perfekte Dampfgenuss | Vapingnet.de<\/title>\n<meta name=\"description\" content=\"Entdecke Bang Tornado 40000 Puffs Wassermelone der perfekte Dampfgenuss bei vapingnet.de, \u25ba Gro\u00dfe Auswahl an Geschmacksrichtungen &amp; super g\u00fcnstig!\" \/>\n<meta name=\"robots\" content=\"index, follow, max-snippet:-1, max-image-preview:large, max-video-preview:-1\" \/>\n<link rel=\"canonical\" href=\"https:\/\/vapingnet.de\/sk\/vape\/bang-tornado-40000-puffs-wassermelone-der-perfekte-dampfgenuss\/\" \/>\n<meta property=\"og:locale\" content=\"sk_SK\" \/>\n<meta property=\"og:type\" content=\"article\" \/>\n<meta property=\"og:title\" content=\"Bang Tornado 40000 Puffs Wassermelone der perfekte Dampfgenuss | Vapingnet.de\" \/>\n<meta property=\"og:description\" content=\"Entdecke Bang Tornado 40000 Puffs Wassermelone der perfekte Dampfgenuss bei vapingnet.de, \u25ba Gro\u00dfe Auswahl an Geschmacksrichtungen &amp; super g\u00fcnstig!\" \/>\n<meta property=\"og:url\" content=\"https:\/\/vapingnet.de\/sk\/vape\/bang-tornado-40000-puffs-wassermelone-der-perfekte-dampfgenuss\/\" \/>\n<meta property=\"og:site_name\" content=\"Vapingnet.de\" \/>\n<meta property=\"article:publisher\" content=\"https:\/\/www.facebook.com\/vapingnetde\/\" \/>\n<meta property=\"article:modified_time\" content=\"2026-01-24T07:14:00+00:00\" \/>\n<meta property=\"og:image\" content=\"https:\/\/vapingnet.de\/wp-content\/uploads\/2025\/03\/bang-40k-puffs-watermelon.png\" \/>\n\t<meta property=\"og:image:width\" content=\"1000\" \/>\n\t<meta property=\"og:image:height\" content=\"1000\" \/>\n\t<meta property=\"og:image:type\" content=\"image\/png\" \/>\n<meta name=\"twitter:card\" content=\"summary_large_image\" \/>\n<meta name=\"twitter:label1\" content=\"Est. reading time\" \/>\n\t<meta name=\"twitter:data1\" content=\"3 minutes\" \/>\n<script type=\"application\/ld+json\" class=\"yoast-schema-graph\">{\"@context\":\"https:\/\/schema.org\",\"@graph\":[{\"@type\":\"WebPage\",\"@id\":\"https:\/\/vapingnet.de\/vape\/bang-tornado-40000-puffs-wassermelone-der-perfekte-dampfgenuss\/\",\"url\":\"https:\/\/vapingnet.de\/vape\/bang-tornado-40000-puffs-wassermelone-der-perfekte-dampfgenuss\/\",\"name\":\"Bang Tornado 40000 Puffs Wassermelone der perfekte Dampfgenuss | Vapingnet.de\",\"isPartOf\":{\"@id\":\"https:\/\/vapingnet.de\/#website\"},\"primaryImageOfPage\":{\"@id\":\"https:\/\/vapingnet.de\/vape\/bang-tornado-40000-puffs-wassermelone-der-perfekte-dampfgenuss\/#primaryimage\"},\"image\":{\"@id\":\"https:\/\/vapingnet.de\/vape\/bang-tornado-40000-puffs-wassermelone-der-perfekte-dampfgenuss\/#primaryimage\"},\"thumbnailUrl\":\"https:\/\/vapingnet.de\/wp-content\/uploads\/2025\/03\/bang-40k-puffs-watermelon.png\",\"datePublished\":\"2025-03-18T03:12:45+00:00\",\"dateModified\":\"2026-01-24T07:14:00+00:00\",\"description\":\"Entdecke Bang Tornado 40000 Puffs Wassermelone der perfekte Dampfgenuss bei vapingnet.de, \u25ba Gro\u00dfe Auswahl an Geschmacksrichtungen & super g\u00fcnstig!\",\"breadcrumb\":{\"@id\":\"https:\/\/vapingnet.de\/vape\/bang-tornado-40000-puffs-wassermelone-der-perfekte-dampfgenuss\/#breadcrumb\"},\"inLanguage\":\"sk-SK\",\"potentialAction\":[{\"@type\":\"ReadAction\",\"target\":[\"https:\/\/vapingnet.de\/vape\/bang-tornado-40000-puffs-wassermelone-der-perfekte-dampfgenuss\/\"]}]},{\"@type\":\"ImageObject\",\"inLanguage\":\"sk-SK\",\"@id\":\"https:\/\/vapingnet.de\/vape\/bang-tornado-40000-puffs-wassermelone-der-perfekte-dampfgenuss\/#primaryimage\",\"url\":\"https:\/\/vapingnet.de\/wp-content\/uploads\/2025\/03\/bang-40k-puffs-watermelon.png\",\"contentUrl\":\"https:\/\/vapingnet.de\/wp-content\/uploads\/2025\/03\/bang-40k-puffs-watermelon.png\",\"width\":1000,\"height\":1000,\"caption\":\"bang 40k puffs-watermelon\"},{\"@type\":\"BreadcrumbList\",\"@id\":\"https:\/\/vapingnet.de\/vape\/bang-tornado-40000-puffs-wassermelone-der-perfekte-dampfgenuss\/#breadcrumb\",\"itemListElement\":[{\"@type\":\"ListItem\",\"position\":1,\"name\":\"Home\",\"item\":\"https:\/\/vapingnet.de\/\"},{\"@type\":\"ListItem\",\"position\":2,\"name\":\"Shop\",\"item\":\"https:\/\/vapingnet.de\/vape\/\"},{\"@type\":\"ListItem\",\"position\":3,\"name\":\"Bang Tornado 40000 Puffs Wassermelone der perfekte Dampfgenuss\"}]},{\"@type\":\"WebSite\",\"@id\":\"https:\/\/vapingnet.de\/#website\",\"url\":\"https:\/\/vapingnet.de\/\",\"name\":\"Vapingnet.de\",\"description\":\"\",\"publisher\":{\"@id\":\"https:\/\/vapingnet.de\/#organization\"},\"potentialAction\":[{\"@type\":\"SearchAction\",\"target\":{\"@type\":\"EntryPoint\",\"urlTemplate\":\"https:\/\/vapingnet.de\/?s={search_term_string}\"},\"query-input\":{\"@type\":\"PropertyValueSpecification\",\"valueRequired\":true,\"valueName\":\"search_term_string\"}}],\"inLanguage\":\"sk-SK\"},{\"@type\":\"Organization\",\"@id\":\"https:\/\/vapingnet.de\/#organization\",\"name\":\"Vapingnet.de\",\"url\":\"https:\/\/vapingnet.de\/\",\"logo\":{\"@type\":\"ImageObject\",\"inLanguage\":\"sk-SK\",\"@id\":\"https:\/\/vapingnet.de\/#\/schema\/logo\/image\/\",\"url\":\"https:\/\/vapingnet.de\/wp-content\/uploads\/2025\/03\/cropped-vapingnet.de_.jpg\",\"contentUrl\":\"https:\/\/vapingnet.de\/wp-content\/uploads\/2025\/03\/cropped-vapingnet.de_.jpg\",\"width\":512,\"height\":512,\"caption\":\"Vapingnet.de\"},\"image\":{\"@id\":\"https:\/\/vapingnet.de\/#\/schema\/logo\/image\/\"},\"sameAs\":[\"https:\/\/www.facebook.com\/vapingnetde\/\"]}]}<\/script>\n<!-- \/ Yoast SEO plugin. -->","yoast_head_json":{"title":"Bang Tornado 40000 Puffs Wassermelone der perfekte Dampfgenuss | Vapingnet.de","description":"Entdecke Bang Tornado 40000 Puffs Wassermelone der perfekte Dampfgenuss bei vapingnet.de, \u25ba Gro\u00dfe Auswahl an Geschmacksrichtungen & super g\u00fcnstig!","robots":{"index":"index","follow":"follow","max-snippet":"max-snippet:-1","max-image-preview":"max-image-preview:large","max-video-preview":"max-video-preview:-1"},"canonical":"https:\/\/vapingnet.de\/sk\/vape\/bang-tornado-40000-puffs-wassermelone-der-perfekte-dampfgenuss\/","og_locale":"sk_SK","og_type":"article","og_title":"Bang Tornado 40000 Puffs Wassermelone der perfekte Dampfgenuss | Vapingnet.de","og_description":"Entdecke Bang Tornado 40000 Puffs Wassermelone der perfekte Dampfgenuss bei vapingnet.de, \u25ba Gro\u00dfe Auswahl an Geschmacksrichtungen & super g\u00fcnstig!","og_url":"https:\/\/vapingnet.de\/sk\/vape\/bang-tornado-40000-puffs-wassermelone-der-perfekte-dampfgenuss\/","og_site_name":"Vapingnet.de","article_publisher":"https:\/\/www.facebook.com\/vapingnetde\/","article_modified_time":"2026-01-24T07:14:00+00:00","og_image":[{"width":1000,"height":1000,"url":"https:\/\/vapingnet.de\/wp-content\/uploads\/2025\/03\/bang-40k-puffs-watermelon.png","type":"image\/png"}],"twitter_card":"summary_large_image","twitter_misc":{"Est. reading time":"3 minutes"},"schema":{"@context":"https:\/\/schema.org","@graph":[{"@type":"WebPage","@id":"https:\/\/vapingnet.de\/vape\/bang-tornado-40000-puffs-wassermelone-der-perfekte-dampfgenuss\/","url":"https:\/\/vapingnet.de\/vape\/bang-tornado-40000-puffs-wassermelone-der-perfekte-dampfgenuss\/","name":"Bang Tornado 40000 Puffs Wassermelone der perfekte Dampfgenuss | Vapingnet.de","isPartOf":{"@id":"https:\/\/vapingnet.de\/#website"},"primaryImageOfPage":{"@id":"https:\/\/vapingnet.de\/vape\/bang-tornado-40000-puffs-wassermelone-der-perfekte-dampfgenuss\/#primaryimage"},"image":{"@id":"https:\/\/vapingnet.de\/vape\/bang-tornado-40000-puffs-wassermelone-der-perfekte-dampfgenuss\/#primaryimage"},"thumbnailUrl":"https:\/\/vapingnet.de\/wp-content\/uploads\/2025\/03\/bang-40k-puffs-watermelon.png","datePublished":"2025-03-18T03:12:45+00:00","dateModified":"2026-01-24T07:14:00+00:00","description":"Entdecke Bang Tornado 40000 Puffs Wassermelone der perfekte Dampfgenuss bei vapingnet.de, \u25ba Gro\u00dfe Auswahl an Geschmacksrichtungen & super g\u00fcnstig!","breadcrumb":{"@id":"https:\/\/vapingnet.de\/vape\/bang-tornado-40000-puffs-wassermelone-der-perfekte-dampfgenuss\/#breadcrumb"},"inLanguage":"sk-SK","potentialAction":[{"@type":"ReadAction","target":["https:\/\/vapingnet.de\/vape\/bang-tornado-40000-puffs-wassermelone-der-perfekte-dampfgenuss\/"]}]},{"@type":"ImageObject","inLanguage":"sk-SK","@id":"https:\/\/vapingnet.de\/vape\/bang-tornado-40000-puffs-wassermelone-der-perfekte-dampfgenuss\/#primaryimage","url":"https:\/\/vapingnet.de\/wp-content\/uploads\/2025\/03\/bang-40k-puffs-watermelon.png","contentUrl":"https:\/\/vapingnet.de\/wp-content\/uploads\/2025\/03\/bang-40k-puffs-watermelon.png","width":1000,"height":1000,"caption":"bang 40k puffs-watermelon"},{"@type":"BreadcrumbList","@id":"https:\/\/vapingnet.de\/vape\/bang-tornado-40000-puffs-wassermelone-der-perfekte-dampfgenuss\/#breadcrumb","itemListElement":[{"@type":"ListItem","position":1,"name":"Home","item":"https:\/\/vapingnet.de\/"},{"@type":"ListItem","position":2,"name":"Shop","item":"https:\/\/vapingnet.de\/vape\/"},{"@type":"ListItem","position":3,"name":"Bang Tornado 40000 Puffs Wassermelone der perfekte Dampfgenuss"}]},{"@type":"WebSite","@id":"https:\/\/vapingnet.de\/#website","url":"https:\/\/vapingnet.de\/","name":"Vapingnet.de","description":"","publisher":{"@id":"https:\/\/vapingnet.de\/#organization"},"potentialAction":[{"@type":"SearchAction","target":{"@type":"EntryPoint","urlTemplate":"https:\/\/vapingnet.de\/?s={search_term_string}"},"query-input":{"@type":"PropertyValueSpecification","valueRequired":true,"valueName":"search_term_string"}}],"inLanguage":"sk-SK"},{"@type":"Organization","@id":"https:\/\/vapingnet.de\/#organization","name":"Vapingnet.de","url":"https:\/\/vapingnet.de\/","logo":{"@type":"ImageObject","inLanguage":"sk-SK","@id":"https:\/\/vapingnet.de\/#\/schema\/logo\/image\/","url":"https:\/\/vapingnet.de\/wp-content\/uploads\/2025\/03\/cropped-vapingnet.de_.jpg","contentUrl":"https:\/\/vapingnet.de\/wp-content\/uploads\/2025\/03\/cropped-vapingnet.de_.jpg","width":512,"height":512,"caption":"Vapingnet.de"},"image":{"@id":"https:\/\/vapingnet.de\/#\/schema\/logo\/image\/"},"sameAs":["https:\/\/www.facebook.com\/vapingnetde\/"]}]}},"tiered_pricing_type":"fixed","tiered_pricing_fixed_rules":{"10":"12.91","60":"11.62","110":"10.33","200":"9.04"},"tiered_pricing_product_settings":{"layout":"default","base_unit_name":{"singular":null,"plural":null},"default_variation":null},"tiered_pricing_minimum_quantity":null,"tiered_pricing_roles_data":[],"tiered_pricing_percentage_rules":[],"_links":{"self":[{"href":"https:\/\/vapingnet.de\/sk\/wp-json\/wp\/v2\/product\/5585","targetHints":{"allow":["GET"]}}],"collection":[{"href":"https:\/\/vapingnet.de\/sk\/wp-json\/wp\/v2\/product"}],"about":[{"href":"https:\/\/vapingnet.de\/sk\/wp-json\/wp\/v2\/types\/product"}],"version-history":[{"count":5,"href":"https:\/\/vapingnet.de\/sk\/wp-json\/wp\/v2\/product\/5585\/revisions"}],"predecessor-version":[{"id":7497,"href":"https:\/\/vapingnet.de\/sk\/wp-json\/wp\/v2\/product\/5585\/revisions\/7497"}],"wp:featuredmedia":[{"embeddable":true,"href":"https:\/\/vapingnet.de\/sk\/wp-json\/wp\/v2\/media\/5356"}],"wp:attachment":[{"href":"https:\/\/vapingnet.de\/sk\/wp-json\/wp\/v2\/media?parent=5585"}],"wp:term":[{"taxonomy":"brand","embeddable":true,"href":"https:\/\/vapingnet.de\/sk\/wp-json\/wp\/v2\/etheme_brands?post=5585"},{"taxonomy":"product_brand","embeddable":true,"href":"https:\/\/vapingnet.de\/sk\/wp-json\/wp\/v2\/product_brand?post=5585"},{"taxonomy":"product_cat","embeddable":true,"href":"https:\/\/vapingnet.de\/sk\/wp-json\/wp\/v2\/product_cat?post=5585"},{"taxonomy":"product_tag","embeddable":true,"href":"https:\/\/vapingnet.de\/sk\/wp-json\/wp\/v2\/product_tag?post=5585"}],"curies":[{"name":"wp","href":"https:\/\/api.w.org\/{rel}","templated":true}]}}